{"id":1722,"date":"2020-10-19T10:53:00","date_gmt":"2020-10-19T10:53:00","guid":{"rendered":"https:\/\/elfsight.com\/fr\/?page_id=1722"},"modified":"2022-01-20T11:40:38","modified_gmt":"2022-01-20T11:40:38","slug":"examples","status":"publish","type":"page","link":"https:\/\/elfsight.com\/fr\/aliexpress-reviews-widget\/examples\/","title":{"rendered":"AliExpress reviews &#8211; Examples"},"content":{"rendered":"\n<div class=\"application-examples-item application-examples-item-loading\">\n                            <div class=\"col-row\">\n                                <div class=\"col-6 col-m-8 col-s-12\"><h3 class=\"application-examples-item-title\">Example 1. Liste<\/h3><div class=\"application-examples-item-description\">\n<p>Voil\u00e0 le moyen de pr\u00e9senter vos avis sur une page web sous la trac\u00e9 de liste modeste. Et si vous cachez l'en-t\u00eate et utilisez des dimensions automatiques, comme dans cet exemple, l\u2019outil se propage dans l'espace pr\u00e9sent sur la page et aura l'air familier. Utilisez des filtres pour couper le nombre d\u2019\u00e9valuations, n\u2019afficher que ceux qui ont des commentaires positives ou cacher les avis ind\u00e9sirables par des mots cl\u00e9s. \n<\/p><\/div><\/div>\n                <\/div>\n\n                <div class=\"application-examples-item-iframe-container browser-frame\">\n                    <div class=\"application-examples-item-iframe-wrapper\">\n                        <iframe class=\"application-examples-item-iframe application-examples-item-iframe-fixed-height\" data-src=\"https:\/\/elfsight.com\/examples?widget_id=c7b8f6d1-b419-4e67-bf4a-4b4073ba2a51&padding=10\" width=\"100%\" height=\"700\" allow=\"autoplay; fullscreen\"><\/iframe>\n                    <\/div>\n\n                    <div class=\"application-examples-item-loader\"><\/div>\n                <\/div>\n            <\/div>\n\n<div class=\"application-examples-item application-examples-item-loading\">\n                            <div class=\"col-row\">\n                                <div class=\"col-6 col-m-8 col-s-12\"><h3 class=\"application-examples-item-title\">Exemple 2. Ma\u00e7onnerie<\/h3><div class=\"application-examples-item-description\">\n<p>Dans cet exemple, une grille d'avis est 'affich\u00e9e en tant que variante de ma\u00e7onnerie, qui d\u00e9pos\u00e9e les avis de moyen optimale sur \u00e0 base de la valeur de la hauteur. Le assortiment personnalis\u00e9 de la coloration a apport\u00e9 un style unique. La quantit\u00e9 d'\u00e9toiles pr\u00e9sent\u00e9e sur les commentaires est l\u00e0 pour prouver la bonne \u00e9valuation des clients. <\/p><\/div><\/div>\n                <\/div>\n\n                <div class=\"application-examples-item-iframe-container browser-frame\">\n                    <div class=\"application-examples-item-iframe-wrapper\">\n                        <iframe class=\"application-examples-item-iframe application-examples-item-iframe-fixed-height\" data-src=\"https:\/\/elfsight.com\/examples?widget_id=9a9119cb-549a-41c4-9b14-cb51faa40eb6&padding=10\" width=\"100%\" height=\"700\" allow=\"autoplay; fullscreen\"><\/iframe>\n                    <\/div>\n\n                    <div class=\"application-examples-item-loader\"><\/div>\n                <\/div>\n            <\/div>\n\n<div class=\"application-examples-item application-examples-item-loading\">\n                            <div class=\"col-row\">\n                                <div class=\"col-6 col-m-8 col-s-12\"><h3 class=\"application-examples-item-title\">Exemple 3. R\u00e9seau<\/h3><div class=\"application-examples-item-description\">\n<p>La combinaison de la maquette de la grille combin\u00e9e au mod\u00e8le de de revues Spotlight cr\u00e9\u00e9 un aspect clair et raffin\u00e9 du instrument. Les lignes directes et les textes des commentaires align\u00e9s au centre attirent une l\u2019int\u00e9r\u00eat des usagers maximale.  <\/p><\/div><\/div>\n                <\/div>\n\n                <div class=\"application-examples-item-iframe-container browser-frame\">\n                    <div class=\"application-examples-item-iframe-wrapper\">\n                        <iframe class=\"application-examples-item-iframe application-examples-item-iframe-fixed-height\" data-src=\"https:\/\/elfsight.com\/examples?widget_id=fbed392f-f6d3-46f9-8499-696024f7f46a&padding=20\" width=\"100%\" height=\"700\" allow=\"autoplay; fullscreen\"><\/iframe>\n                    <\/div>\n\n                    <div class=\"application-examples-item-loader\"><\/div>\n                <\/div>\n            <\/div>\n\n<div class=\"application-cta-create\">\n                    <div class=\"application-cta-create-bg\">\n                        <div class=\"application-cta-create-bg-left\"><\/div>\n\n                        <div class=\"application-cta-create-bg-right\">\n                            <img decoding=\"async\" src=\"https:\/\/elfsight.com\/fr\/wp-content\/themes\/elfsight\/frontend\/assets\/img\/application-cta-create.jpg\" alt=\"Commencez par cr\u00e9er votre widget\">\n                        <\/div>\n                    <\/div>\n\n                    <div class=\"application-cta-create-content inner\">\n                        <div class=\"application-cta-create-content-inner\">\n                            <div class=\"application-cta-create-content-icon\">\n                                <svg viewBox=\"0 0 25 25\" width=\"100%\" height=\"100%\">\n                                    <use xlink:href=\"#icon-settings\"><\/use>\n                                <\/svg>\n                            <\/div>\n\n                            <div class=\"application-cta-create-content-title\">Commencez par cr\u00e9er votre widget<\/div>\n\n                            <div class=\"application-cta-create-content-text\">Vite. Facile. Pas de codage.<\/div>\n\n                            <a class=\"application-cta-create-content-button button-48 button-has-right-icon button-black button\" href=\"\">\n                                <span class=\"button-label\">Cr\u00e9er un widget<\/span>\n\n                                <svg class=\"button-icon\">\n                                    <use xlink:href=\"#icon-arrow-link\"><\/use>\n                                <\/svg>\n                            <\/a>\n                        <\/div>\n                    <\/div>\n                <\/div>\n\n<div class=\"application-examples-item application-examples-item-loading\">\n                            <div class=\"col-row\">\n                                <div class=\"col-6 col-m-8 col-s-12\"><h3 class=\"application-examples-item-title\">Exemple 4. Carrousel<\/h3><div class=\"application-examples-item-description\">\n<p>Ici, l\u2019instrument avec la disposition Slider montre les r\u00e9visions \u00e0 travers un carrousel anim\u00e9 ensemble avec lecture de plein droit. C'est un bon cas, tel que pour votre page principale d'un site web. Il est probable de d\u00e9signer le nombre de revues \u00e0 d\u00e9montrer par diapositive. <\/p><\/div><\/div>\n                <\/div>\n\n                <div class=\"application-examples-item-iframe-container browser-frame\">\n                    <div class=\"application-examples-item-iframe-wrapper\">\n                        <iframe class=\"application-examples-item-iframe application-examples-item-iframe-fixed-height\" data-src=\"https:\/\/elfsight.com\/examples?widget_id=f0e2cd69-492d-4601-9eda-62aa97dfa694&padding=10\" width=\"100%\" height=\"400\" allow=\"autoplay; fullscreen\"><\/iframe>\n                    <\/div>\n\n                    <div class=\"application-examples-item-loader\"><\/div>\n                <\/div>\n            <\/div>\n\n<div class=\"application-examples-item application-examples-item-loading\">\n                            <div class=\"col-row\">\n                                <div class=\"col-6 col-m-8 col-s-12\"><h3 class=\"application-examples-item-title\">Exemple 5. Glissi\u00e8re<\/h3><div class=\"application-examples-item-description\">\n<p> Si vous d\u00e9signez afficher des commentaires par un, vous pouvez obtenir un au plus de l\u2019int\u00e9r\u00eat des usagers. Dans ce option d\u2019utilisation, la mise en page Spotlight dicte la hi\u00e9rarchie des d\u00e9tails: la photo et l\u2019ordonnance de l'auteur sont plac\u00e9es au-dessus du donn\u00e9es de texte d\u2019\u00e9valuation et tous les \u00e9l\u00e9ments sont \u00e9galis\u00e9s au centre. D'autres commentaires peuvent \u00eatre assist\u00e9s par glisser-d\u00e9poser ou en utilisant des fl\u00e8ches. <\/p><\/div><\/div>\n                <\/div>\n\n                <div class=\"application-examples-item-iframe-container browser-frame\">\n                    <div class=\"application-examples-item-iframe-wrapper\">\n                        <iframe class=\"application-examples-item-iframe application-examples-item-iframe-fixed-height\" data-src=\"https:\/\/elfsight.com\/examples?widget_id=7319d64f-817e-4fd3-90a3-cfeb5904f564&padding=10\" width=\"100%\" height=\"400\" allow=\"autoplay; fullscreen\"><\/iframe>\n                    <\/div>\n\n                    <div class=\"application-examples-item-loader\"><\/div>\n                <\/div>\n            <\/div>\n\n<div class=\"application-examples-item application-examples-item-loading\">\n                            <div class=\"col-row\">\n                                <div class=\"col-6 col-m-8 col-s-12\"><h3 class=\"application-examples-item-title\">Exemple 6. Barre lat\u00e9rale<\/h3><div class=\"application-examples-item-description\">\n<p>Ici un exemple admirable de la mani\u00e8re d'int\u00e9grer un plugin de revues dans votre page web avec un petit espace. D\u00e9fini comme une barre lat\u00e9rale, l\u2019outil d\u00e9montr\u00e9e uniquement les d\u00e9tails essentiels et la taille ad\u00e9quat en raison de la taille adapt\u00e9, il est de la taille moyenne mais enregistrer toutes les capacit\u00e9s fonctionnelles.<\/p><\/div><\/div>\n                <\/div>\n\n                <div class=\"application-examples-item-iframe-container browser-frame\">\n                    <div class=\"application-examples-item-iframe-wrapper\">\n                        <iframe class=\"application-examples-item-iframe application-examples-item-iframe-fixed-height\" data-src=\"https:\/\/elfsight.com\/examples?widget_id=047a9d9f-609e-46c2-be89-73f8fb0cc3ab&padding=10\" width=\"100%\" height=\"400\" allow=\"autoplay; fullscreen\"><\/iframe>\n                    <\/div>\n\n                    <div class=\"application-examples-item-loader\"><\/div>\n                <\/div>\n            <\/div>\n","protected":false},"excerpt":{"rendered":"","protected":false},"author":9,"featured_media":0,"parent":1701,"menu_order":0,"comment_status":"closed","ping_status":"closed","template":"templates\/template-application-examples.php","meta":{"publish_to_discourse":"","publish_post_category":"","wpdc_auto_publish_overridden":"","wpdc_topic_tags":"","wpdc_pin_topic":"","wpdc_pin_until":"","discourse_post_id":"","discourse_permalink":"","wpdc_publishing_response":"","wpdc_publishing_error":"","footnotes":""},"class_list":["post-1722","page","type-page","status-publish","hentry"],"yoast_head":"<!-- This site is optimized with the Yoast SEO plugin v25.3.1 - https:\/\/yoast.com\/wordpress\/plugins\/seo\/ -->\n<title>Voir tous les exemples d&#039;utilisation d&#039;un Avis AliExpress sur le site Web<\/title>\n<meta name=\"description\" content=\"TOP 7 variantes de Avis AliExpress pour votre site Web: Ma\u00e7onnerie, Grille, Liste, Barre lat\u00e9rale, etc. Exemple de widget d&#039;examen pour votre site Web.\" \/>\n<meta name=\"robots\" content=\"index, follow, max-snippet:-1, max-image-preview:large, max-video-preview:-1\" \/>\n<link rel=\"canonical\" href=\"https:\/\/elfsight.com\/fr\/aliexpress-reviews-widget\/examples\/\" \/>\n<meta property=\"og:locale\" content=\"fr_FR\" \/>\n<meta property=\"og:type\" content=\"article\" \/>\n<meta property=\"og:title\" content=\"Voir tous les exemples d&#039;utilisation d&#039;un Avis AliExpress sur le site Web\" \/>\n<meta property=\"og:description\" content=\"TOP 7 variantes de Avis AliExpress pour votre site Web: Ma\u00e7onnerie, Grille, Liste, Barre lat\u00e9rale, etc. Exemple de widget d&#039;examen pour votre site Web.\" \/>\n<meta property=\"og:url\" content=\"https:\/\/elfsight.com\/fr\/aliexpress-reviews-widget\/examples\/\" \/>\n<meta property=\"og:site_name\" content=\"Elfsight FR\" \/>\n<meta property=\"article:modified_time\" content=\"2022-01-20T11:40:38+00:00\" \/>\n<meta name=\"twitter:card\" content=\"summary_large_image\" \/>\n<meta name=\"twitter:label1\" content=\"Dur\u00e9e de lecture estim\u00e9e\" \/>\n\t<meta name=\"twitter:data1\" content=\"2 minutes\" \/>\n<!-- \/ Yoast SEO plugin. -->","yoast_head_json":{"title":"Voir tous les exemples d'utilisation d'un Avis AliExpress sur le site Web","description":"TOP 7 variantes de Avis AliExpress pour votre site Web: Ma\u00e7onnerie, Grille, Liste, Barre lat\u00e9rale, etc. Exemple de widget d'examen pour votre site Web.","robots":{"index":"index","follow":"follow","max-snippet":"max-snippet:-1","max-image-preview":"max-image-preview:large","max-video-preview":"max-video-preview:-1"},"canonical":"https:\/\/elfsight.com\/fr\/aliexpress-reviews-widget\/examples\/","og_locale":"fr_FR","og_type":"article","og_title":"Voir tous les exemples d'utilisation d'un Avis AliExpress sur le site Web","og_description":"TOP 7 variantes de Avis AliExpress pour votre site Web: Ma\u00e7onnerie, Grille, Liste, Barre lat\u00e9rale, etc. Exemple de widget d'examen pour votre site Web.","og_url":"https:\/\/elfsight.com\/fr\/aliexpress-reviews-widget\/examples\/","og_site_name":"Elfsight FR","article_modified_time":"2022-01-20T11:40:38+00:00","twitter_card":"summary_large_image","twitter_misc":{"Dur\u00e9e de lecture estim\u00e9e":"2 minutes"},"schema":{"@context":"https:\/\/schema.org","@graph":[{"@type":"WebPage","@id":"https:\/\/elfsight.com\/fr\/aliexpress-reviews-widget\/examples\/","url":"https:\/\/elfsight.com\/fr\/aliexpress-reviews-widget\/examples\/","name":"Voir tous les exemples d'utilisation d'un Avis AliExpress sur le site Web","isPartOf":{"@id":"https:\/\/elfsight.com\/fr\/#website"},"datePublished":"2020-10-19T10:53:00+00:00","dateModified":"2022-01-20T11:40:38+00:00","description":"TOP 7 variantes de Avis AliExpress pour votre site Web: Ma\u00e7onnerie, Grille, Liste, Barre lat\u00e9rale, etc. Exemple de widget d'examen pour votre site Web.","breadcrumb":{"@id":"https:\/\/elfsight.com\/fr\/aliexpress-reviews-widget\/examples\/#breadcrumb"},"inLanguage":"fr-FR","potentialAction":[{"@type":"ReadAction","target":["https:\/\/elfsight.com\/fr\/aliexpress-reviews-widget\/examples\/"]}]},{"@type":"BreadcrumbList","@id":"https:\/\/elfsight.com\/fr\/aliexpress-reviews-widget\/examples\/#breadcrumb","itemListElement":[{"@type":"ListItem","position":1,"name":"Home","item":"https:\/\/elfsight.com\/fr\/"},{"@type":"ListItem","position":2,"name":"AliExpress Reviews","item":"https:\/\/elfsight.com\/fr\/aliexpress-reviews-widget\/"},{"@type":"ListItem","position":3,"name":"AliExpress reviews &#8211; Examples"}]},{"@type":"WebSite","@id":"https:\/\/elfsight.com\/fr\/#website","url":"https:\/\/elfsight.com\/fr\/","name":"Elfsight FR","description":"","potentialAction":[{"@type":"SearchAction","target":{"@type":"EntryPoint","urlTemplate":"https:\/\/elfsight.com\/fr\/?s={search_term_string}"},"query-input":{"@type":"PropertyValueSpecification","valueRequired":true,"valueName":"search_term_string"}}],"inLanguage":"fr-FR"}]}},"meta_box":{"industry":"","seo_heading":"","heading":"","description":"","cta_heading":"","cta_description":"","application":"1687","h1":"","h1_caption":"","application_category":[],"applications_title":"","applications_request_title":"","applications_request_button_text":"","hero_text":"","hero_video":"","hero_video_schema_markup":"","selling_points_title":"","selling_points_caption":"","selling_points":[],"selling_points_cta_text":"","features_title":"","features":"","ed_cta_examples_text":"","ed_cta_examples_hidden":"","ed_cta_demo_text":"","ed_cta_demo_hidden":"","why_caption":"","why_editor_title":"","why_editor_text":"","why_team_title":"","why_team_text":"","why_service_title":"","why_service_text":"","template_catalog_visible":"","template_catalog_title":"","template_catalog_text":"","template_catalog_categories_visible":"","demo_title":"","demo_caption":"","default_faq_hidden":"","app_template_category":[],"platform":"","template_public_id":"","codecanyon_url":"","codecanyon_item_id":"","codecanyon_price":"","pricing_caption":"","pricing_elfsight_apps_hide_column":"","pricing_elfsight_apps_url":"","pricing_codecanyon_price_caption":"","integration_category":[],"integration_request_title":"","integration_request_cta":"","integration_platform":"","integrations":[],"platform_category":[],"video_schema_markup":"","price":"","trial":"","benefits":[],"button_url":"","button_target_blank":"","button_nofollow":"","attributes":[],"tags":[],"tags_disable_links":"","hide_more_platforms":"","video_object":"","demo_hide_cta":"","demo_hide_cloud_options":"","pricing_title":"","pricing":[],"related_apps_title":"","related_apps_hidden":"","author":"","image":[],"title":"","job":"","social_networks":[]},"_links":{"self":[{"href":"https:\/\/elfsight.com\/fr\/wp-json\/wp\/v2\/pages\/1722","targetHints":{"allow":["GET"]}}],"collection":[{"href":"https:\/\/elfsight.com\/fr\/wp-json\/wp\/v2\/pages"}],"about":[{"href":"https:\/\/elfsight.com\/fr\/wp-json\/wp\/v2\/types\/page"}],"author":[{"embeddable":true,"href":"https:\/\/elfsight.com\/fr\/wp-json\/wp\/v2\/users\/9"}],"replies":[{"embeddable":true,"href":"https:\/\/elfsight.com\/fr\/wp-json\/wp\/v2\/comments?post=1722"}],"version-history":[{"count":15,"href":"https:\/\/elfsight.com\/fr\/wp-json\/wp\/v2\/pages\/1722\/revisions"}],"predecessor-version":[{"id":6863,"href":"https:\/\/elfsight.com\/fr\/wp-json\/wp\/v2\/pages\/1722\/revisions\/6863"}],"up":[{"embeddable":true,"href":"https:\/\/elfsight.com\/fr\/wp-json\/wp\/v2\/pages\/1701"}],"wp:attachment":[{"href":"https:\/\/elfsight.com\/fr\/wp-json\/wp\/v2\/media?parent=1722"}],"curies":[{"name":"wp","href":"https:\/\/api.w.org\/{rel}","templated":true}]}}