{"id":1689,"date":"2020-08-12T08:45:03","date_gmt":"2020-08-12T08:45:03","guid":{"rendered":"https:\/\/elfsight.com\/fr\/?page_id=1689"},"modified":"2020-10-14T15:29:32","modified_gmt":"2020-10-14T15:29:32","slug":"examples","status":"publish","type":"page","link":"https:\/\/elfsight.com\/fr\/paypal-button-widget-generator\/examples\/","title":{"rendered":"PayPal Button &#8211; Examples"},"content":{"rendered":"\n<div class=\"application-examples-item application-examples-item-loading\">\n                            <div class=\"col-row\">\n                                <div class=\"col-6 col-m-8 col-s-12\"><h3 class=\"application-examples-item-title\">Exemple 1. Bouton de paiement PayPal<\/h3><div class=\"application-examples-item-description\">Cet exemple montre comment vous pouvez cr\u00e9er un bouton PayPal de paiement dans des couleurs originales qui seront famili\u00e8res aux utilisateurs. L'\u00e9tiquette du bouton associe une incitation \u00e0 l'action personnalis\u00e9e et un nom PayPal. Il y a des ic\u00f4nes des syst\u00e8mes de paiement les plus populaires, tels que Visa et Mastercard sous le bouton. Chaque bouton de paiement peut \u00eatre configur\u00e9 pour inclure les taxes et les frais d'exp\u00e9dition.<\/div><\/div>\n                <\/div>\n\n                <div class=\"application-examples-item-iframe-container browser-frame\">\n                    <div class=\"application-examples-item-iframe-wrapper\">\n                        <iframe class=\"application-examples-item-iframe\" data-src=\"https:\/\/elfsight.com\/examples?widget_id=e02c16d0-e47d-468c-a533-b8b959d603c6&padding=100px+0+0+0\" width=\"100%\" allow=\"autoplay; fullscreen\"><\/iframe>\n                    <\/div>\n\n                    <div class=\"application-examples-item-loader\"><\/div>\n                <\/div>\n            <\/div>\n\n<div class=\"application-examples-item application-examples-item-loading\">\n                            <div class=\"col-row\">\n                                <div class=\"col-6 col-m-8 col-s-12\"><h3 class=\"application-examples-item-title\">Exemple 2. Bouton de don PayPal<\/h3><div class=\"application-examples-item-description\">Un joli bouton de don est un bon moyen d'attirer des dons sur votre site. Cet exemple montre un bouton avec le logo PayPal et une br\u00e8ve \u00e9tiquette personnalis\u00e9e. Il y a aussi un titre avec des \u00e9motic\u00f4nes sur le bouton, qui sert d'incitation \u00e0 l'action \u00e9motionnelle pour les utilisateurs. Pour les boutons de don, vous pouvez choisir une somme fixe ou gratuite, pour permettre aux donateurs de choisir combien ils souhaitent partager.<\/div><\/div>\n                <\/div>\n\n                <div class=\"application-examples-item-iframe-container browser-frame\">\n                    <div class=\"application-examples-item-iframe-wrapper\">\n                        <iframe class=\"application-examples-item-iframe\" data-src=\"https:\/\/elfsight.com\/examples?widget_id=93d1d016-c6ed-47b3-8da6-5ae3ccbf585e&padding=100px+0+0+0\" width=\"100%\" allow=\"autoplay; fullscreen\"><\/iframe>\n                    <\/div>\n\n                    <div class=\"application-examples-item-loader\"><\/div>\n                <\/div>\n            <\/div>\n\n<div class=\"application-cta-create\">\n                    <div class=\"application-cta-create-bg\">\n                        <div class=\"application-cta-create-bg-left\"><\/div>\n\n                        <div class=\"application-cta-create-bg-right\">\n                            <img decoding=\"async\" src=\"https:\/\/elfsight.com\/fr\/wp-content\/themes\/elfsight\/frontend\/assets\/img\/application-cta-create.jpg\" alt=\"Commencez par cr\u00e9er votre widget\">\n                        <\/div>\n                    <\/div>\n\n                    <div class=\"application-cta-create-content inner\">\n                        <div class=\"application-cta-create-content-inner\">\n                            <div class=\"application-cta-create-content-icon\">\n                                <svg viewBox=\"0 0 25 25\" width=\"100%\" height=\"100%\">\n                                    <use xlink:href=\"#icon-settings\"><\/use>\n                                <\/svg>\n                            <\/div>\n\n                            <div class=\"application-cta-create-content-title\">Commencez par cr\u00e9er votre widget<\/div>\n\n                            <div class=\"application-cta-create-content-text\">Vite. Facile. Pas de codage.<\/div>\n\n                            <a class=\"application-cta-create-content-button button-48 button-has-right-icon button-black button\" href=\"\">\n                                <span class=\"button-label\">Cr\u00e9er un widget<\/span>\n\n                                <svg class=\"button-icon\">\n                                    <use xlink:href=\"#icon-arrow-link\"><\/use>\n                                <\/svg>\n                            <\/a>\n                        <\/div>\n                    <\/div>\n                <\/div>\n\n<div class=\"application-examples-item application-examples-item-loading\">\n                            <div class=\"col-row\">\n                                <div class=\"col-6 col-m-8 col-s-12\"><h3 class=\"application-examples-item-title\">Exemple 3. Bouton d'abonnement PayPal<\/h3><div class=\"application-examples-item-description\">Cr\u00e9ez un bouton personnalis\u00e9 pour les abonnements via PayPal, qui conviendra au style et aux couleurs de votre site Web. Ici vous pouvez voir un bouton de forme rectangulaire avec des coins arrondis. Les couleurs du bouton et de l'\u00e9tiquette sont chang\u00e9es en bleu et blanc. Les boutons d'abonnement comportent une p\u00e9riode flexible et une option r\u00e9currente pour continuer automatiquement apr\u00e8s la fin de la p\u00e9riode.<\/div><\/div>\n                <\/div>\n\n                <div class=\"application-examples-item-iframe-container browser-frame\">\n                    <div class=\"application-examples-item-iframe-wrapper\">\n                        <iframe class=\"application-examples-item-iframe\" data-src=\"https:\/\/elfsight.com\/examples?widget_id=996236c5-fc5c-4386-be14-94f713cb4de3&padding=100px+0+0+0\" width=\"100%\" allow=\"autoplay; fullscreen\"><\/iframe>\n                    <\/div>\n\n                    <div class=\"application-examples-item-loader\"><\/div>\n                <\/div>\n            <\/div>\n","protected":false},"excerpt":{"rendered":"","protected":false},"author":12,"featured_media":0,"parent":1677,"menu_order":0,"comment_status":"closed","ping_status":"closed","template":"templates\/template-application-examples.php","meta":{"publish_to_discourse":"","publish_post_category":"","wpdc_auto_publish_overridden":"","wpdc_topic_tags":"","wpdc_pin_topic":"","wpdc_pin_until":"","discourse_post_id":"","discourse_permalink":"","wpdc_publishing_response":"","wpdc_publishing_error":"","footnotes":""},"class_list":["post-1689","page","type-page","status-publish","hentry"],"yoast_head":"<!-- This site is optimized with the Yoast SEO plugin v25.3.1 - https:\/\/yoast.com\/wordpress\/plugins\/seo\/ -->\n<title>TOP 3 des exemples d&#039;int\u00e9gration du bouton PayPal sur le site (en 2025)<\/title>\n<meta name=\"description\" content=\"TOP 3 Exemples d&#039;int\u00e9gration de widget de paiement PayPal: bouton de paiement, bouton de don ou bouton d&#039;abonnement et autres mod\u00e8les pour votre site Web.\" \/>\n<meta name=\"robots\" content=\"index, follow, max-snippet:-1, max-image-preview:large, max-video-preview:-1\" \/>\n<link rel=\"canonical\" href=\"https:\/\/elfsight.com\/fr\/paypal-button-widget-generator\/examples\/\" \/>\n<meta property=\"og:locale\" content=\"fr_FR\" \/>\n<meta property=\"og:type\" content=\"article\" \/>\n<meta property=\"og:title\" content=\"TOP 3 des exemples d&#039;int\u00e9gration du bouton PayPal sur le site (en 2025)\" \/>\n<meta property=\"og:description\" content=\"TOP 3 Exemples d&#039;int\u00e9gration de widget de paiement PayPal: bouton de paiement, bouton de don ou bouton d&#039;abonnement et autres mod\u00e8les pour votre site Web.\" \/>\n<meta property=\"og:url\" content=\"https:\/\/elfsight.com\/fr\/paypal-button-widget-generator\/examples\/\" \/>\n<meta property=\"og:site_name\" content=\"Elfsight FR\" \/>\n<meta property=\"article:modified_time\" content=\"2020-10-14T15:29:32+00:00\" \/>\n<meta name=\"twitter:card\" content=\"summary_large_image\" \/>\n<meta name=\"twitter:label1\" content=\"Dur\u00e9e de lecture estim\u00e9e\" \/>\n\t<meta name=\"twitter:data1\" content=\"2 minutes\" \/>\n<!-- \/ Yoast SEO plugin. -->","yoast_head_json":{"title":"TOP 3 des exemples d'int\u00e9gration du bouton PayPal sur le site (en 2025)","description":"TOP 3 Exemples d'int\u00e9gration de widget de paiement PayPal: bouton de paiement, bouton de don ou bouton d'abonnement et autres mod\u00e8les pour votre site Web.","robots":{"index":"index","follow":"follow","max-snippet":"max-snippet:-1","max-image-preview":"max-image-preview:large","max-video-preview":"max-video-preview:-1"},"canonical":"https:\/\/elfsight.com\/fr\/paypal-button-widget-generator\/examples\/","og_locale":"fr_FR","og_type":"article","og_title":"TOP 3 des exemples d'int\u00e9gration du bouton PayPal sur le site (en 2025)","og_description":"TOP 3 Exemples d'int\u00e9gration de widget de paiement PayPal: bouton de paiement, bouton de don ou bouton d'abonnement et autres mod\u00e8les pour votre site Web.","og_url":"https:\/\/elfsight.com\/fr\/paypal-button-widget-generator\/examples\/","og_site_name":"Elfsight FR","article_modified_time":"2020-10-14T15:29:32+00:00","twitter_card":"summary_large_image","twitter_misc":{"Dur\u00e9e de lecture estim\u00e9e":"2 minutes"},"schema":{"@context":"https:\/\/schema.org","@graph":[{"@type":"WebPage","@id":"https:\/\/elfsight.com\/fr\/paypal-button-widget-generator\/examples\/","url":"https:\/\/elfsight.com\/fr\/paypal-button-widget-generator\/examples\/","name":"TOP 3 des exemples d'int\u00e9gration du bouton PayPal sur le site (en 2025)","isPartOf":{"@id":"https:\/\/elfsight.com\/fr\/#website"},"datePublished":"2020-08-12T08:45:03+00:00","dateModified":"2020-10-14T15:29:32+00:00","description":"TOP 3 Exemples d'int\u00e9gration de widget de paiement PayPal: bouton de paiement, bouton de don ou bouton d'abonnement et autres mod\u00e8les pour votre site Web.","breadcrumb":{"@id":"https:\/\/elfsight.com\/fr\/paypal-button-widget-generator\/examples\/#breadcrumb"},"inLanguage":"fr-FR","potentialAction":[{"@type":"ReadAction","target":["https:\/\/elfsight.com\/fr\/paypal-button-widget-generator\/examples\/"]}]},{"@type":"BreadcrumbList","@id":"https:\/\/elfsight.com\/fr\/paypal-button-widget-generator\/examples\/#breadcrumb","itemListElement":[{"@type":"ListItem","position":1,"name":"Home","item":"https:\/\/elfsight.com\/fr\/"},{"@type":"ListItem","position":2,"name":"PayPal Button","item":"https:\/\/elfsight.com\/fr\/paypal-button-widget-generator\/"},{"@type":"ListItem","position":3,"name":"PayPal Button &#8211; Examples"}]},{"@type":"WebSite","@id":"https:\/\/elfsight.com\/fr\/#website","url":"https:\/\/elfsight.com\/fr\/","name":"Elfsight FR","description":"","potentialAction":[{"@type":"SearchAction","target":{"@type":"EntryPoint","urlTemplate":"https:\/\/elfsight.com\/fr\/?s={search_term_string}"},"query-input":{"@type":"PropertyValueSpecification","valueRequired":true,"valueName":"search_term_string"}}],"inLanguage":"fr-FR"}]}},"meta_box":{"industry":"","seo_heading":"","heading":"","description":"","cta_heading":"","cta_description":"","application":"1670","h1":"","h1_caption":"","application_category":[],"applications_title":"","applications_request_title":"","applications_request_button_text":"","hero_text":"","hero_video":"","hero_video_schema_markup":"","selling_points_title":"","selling_points_caption":"","selling_points":[],"selling_points_cta_text":"","features_title":"","features":"","ed_cta_examples_text":"","ed_cta_examples_hidden":"","ed_cta_demo_text":"","ed_cta_demo_hidden":"","why_caption":"","why_editor_title":"","why_editor_text":"","why_team_title":"","why_team_text":"","why_service_title":"","why_service_text":"","template_catalog_visible":"","template_catalog_title":"","template_catalog_text":"","template_catalog_categories_visible":"","demo_title":"","demo_caption":"","default_faq_hidden":"","app_template_category":[],"platform":"","template_public_id":"","codecanyon_url":"","codecanyon_item_id":"","codecanyon_price":"","pricing_caption":"","pricing_elfsight_apps_hide_column":"","pricing_elfsight_apps_url":"","pricing_codecanyon_price_caption":"","integration_category":[],"integration_request_title":"","integration_request_cta":"","integration_platform":"","integrations":[],"platform_category":[],"video_schema_markup":"","price":"","trial":"","benefits":[],"button_url":"","button_target_blank":"","button_nofollow":"","attributes":[],"tags":[],"tags_disable_links":"","hide_more_platforms":"","video_object":"","demo_hide_cta":"","demo_hide_cloud_options":"","pricing_title":"","pricing":[],"related_apps_title":"","related_apps_hidden":"","author":"","image":[],"title":"","job":"","social_networks":[]},"_links":{"self":[{"href":"https:\/\/elfsight.com\/fr\/wp-json\/wp\/v2\/pages\/1689","targetHints":{"allow":["GET"]}}],"collection":[{"href":"https:\/\/elfsight.com\/fr\/wp-json\/wp\/v2\/pages"}],"about":[{"href":"https:\/\/elfsight.com\/fr\/wp-json\/wp\/v2\/types\/page"}],"author":[{"embeddable":true,"href":"https:\/\/elfsight.com\/fr\/wp-json\/wp\/v2\/users\/12"}],"replies":[{"embeddable":true,"href":"https:\/\/elfsight.com\/fr\/wp-json\/wp\/v2\/comments?post=1689"}],"version-history":[{"count":2,"href":"https:\/\/elfsight.com\/fr\/wp-json\/wp\/v2\/pages\/1689\/revisions"}],"predecessor-version":[{"id":1691,"href":"https:\/\/elfsight.com\/fr\/wp-json\/wp\/v2\/pages\/1689\/revisions\/1691"}],"up":[{"embeddable":true,"href":"https:\/\/elfsight.com\/fr\/wp-json\/wp\/v2\/pages\/1677"}],"wp:attachment":[{"href":"https:\/\/elfsight.com\/fr\/wp-json\/wp\/v2\/media?parent=1689"}],"curies":[{"name":"wp","href":"https:\/\/api.w.org\/{rel}","templated":true}]}}