{"id":16647,"date":"2025-06-17T11:12:23","date_gmt":"2025-06-17T11:12:23","guid":{"rendered":"https:\/\/elfsight.com\/fr\/?page_id=16647"},"modified":"2025-07-09T17:09:12","modified_gmt":"2025-07-09T17:09:12","slug":"weebly","status":"publish","type":"page","link":"https:\/\/elfsight.com\/fr\/comments-widget\/weebly\/","title":{"rendered":"Comments &#8211; Weebly"},"content":{"rendered":"<div class=\"application-platform-content-item-description application-platform-content-item\" id=\"description\" data-nav-section=\"description\"> <h2>Int\u00e9grer les commentaires dans Weebly avec une application Elfsight<\/h2> <p>L&rsquo;application Commentaires ajoute une interaction en temps r\u00e9el \u00e0 votre site web, permettant aux utilisateurs de commenter instantan\u00e9ment en tant qu&rsquo;invit\u00e9s ou via des connexions sociales rapides. Elle est con\u00e7ue pour une communication conviviale avec des r\u00e9ponses imbriqu\u00e9es, des emojis expressifs et des mises \u00e0 jour instantan\u00e9es qui semblent naturelles sur n&rsquo;importe quel appareil. Con\u00e7ue pour s&rsquo;adapter \u00e0 tous les \u00e9crans et parler toutes les langues, l&rsquo;application s&rsquo;int\u00e8gre en douceur \u00e0 n&rsquo;importe quel site web tout en garantissant que chacun peut participer \u00e0 la discussion sans effort.<\/p><p>En plus de sa facilit\u00e9 d&rsquo;utilisation, elle est dot\u00e9e de fonctionnalit\u00e9s intelligentes qui renforcent la cr\u00e9dibilit\u00e9 et augmentent la visibilit\u00e9. Les outils de mod\u00e9ration int\u00e9gr\u00e9s, la protection anti-spam et le partage de commentaires maintiennent vos discussions s\u00e9curis\u00e9es et anim\u00e9es. Le balisage compatible SEO aide votre contenu \u00e0 grimper dans les classements de recherche, tandis que les aper\u00e7us d&rsquo;administration et les options d&rsquo;\u00e9dition par l&rsquo;utilisateur offrent \u00e0 la fois contr\u00f4le et flexibilit\u00e9. Que vous construisiez un forum dynamique ou que vous augmentiez l&rsquo;engagement de votre blog, cette application vous permet d&rsquo;\u00e9largir votre port\u00e9e en encourageant des conversations significatives.<\/p><p><strong>Donnez vie \u00e0 votre site web Weebly en activant les discussions des utilisateurs avec notre application Commentaires.<\/strong><\/p><\/div> <div class=\"application-platform-content-item-features application-platform-content-item\" id=\"features\" data-nav-section=\"features\"> <h2>D\u00e9couvrez la liste des fonctionnalit\u00e9s les plus utiles :<\/h2><ul><li><b>Moyen le plus simple de commenter sans inscription.<\/b> Les visiteurs peuvent participer \u00e0 la conversation sans soumettre d&rsquo;informations priv\u00e9es, mais il est simple de se connecter avec Google ou Facebook s&rsquo;ils le souhaitent.<\/li><li><b>Outils d&rsquo;administration pour la mod\u00e9ration des commentaires.<\/b> Vous avez un contr\u00f4le total sur chaque commentaire gr\u00e2ce aux t\u00e2ches de mod\u00e9ration partag\u00e9es entre les membres de l&rsquo;\u00e9quipe que vous avez choisis.<\/li><li><b>Boutons et r\u00e9actions classiques pour les discussions.<\/b> Il est possible d&rsquo;aimer ou de ne pas aimer, de mentionner des utilisateurs et de partager n&rsquo;importe quel commentaire individuel.<\/li><li><b>Discussions ouvertes sans limites.<\/b> Permettez une communication illimit\u00e9e sur l&rsquo;ensemble de votre site web \u2013 sans limites d&rsquo;utilisateurs ou d&rsquo;activit\u00e9.<\/li><li><b>Balisage compatible SEO pour les discussions.<\/b> Les commentaires incluent le balisage schema.org, ce qui facilite l&rsquo;exploration et le classement de votre contenu par les moteurs de recherche.<\/li><\/ul><p><a href=\"#demo\">D\u00e9couvrez toutes les options de l&rsquo;application dans l&rsquo;\u00e9diteur directement sur cette page<\/a><\/p><\/div> <div class=\"application-platform-content-item-installation application-platform-content-item\" id=\"installation\" data-nav-section=\"installation\"> <h2>Comment int\u00e9grer les commentaires \u00e0 mon site web Weebly ?<\/h2><p>Nous vous proposons un moyen simple d&rsquo;installer l&rsquo;application sur votre site web Weebly. Cela ne prendra que quelques minutes et ne n\u00e9cessite aucune programmation.<\/p><ol><li><strong>Cr\u00e9ez votre application Commentaires personnelle<\/strong><br> Commencez par n&rsquo;importe quel mod\u00e8le dans l&rsquo;\u00e9diteur, travaillez avec les \u00e9l\u00e9ments pratiques qu&rsquo;il contient et personnalisez l&rsquo;application selon votre design et vos param\u00e8tres souhait\u00e9s.<\/li><li><strong>Recevez le code personnel pour int\u00e9grer l&rsquo;application<\/strong><br> D\u00e8s que vous avez termin\u00e9 de cr\u00e9er l&rsquo;application, vous recevrez un code HTML individuel dans votre tableau de bord. Copiez ce code qui contient tous les d\u00e9tails concernant vos param\u00e8tres.<\/li><li><strong>Affichez l&rsquo;application sur votre site web Weebly<\/strong><br> D\u00e9finissez les sections de votre site web o\u00f9 vous souhaitez pr\u00e9senter les commentaires et collez le code \u00e0 cet endroit. Enregistrez les modifications.<\/li><\/ol><p>C&rsquo;est fait ! Maintenant, v\u00e9rifiez comment l&rsquo;application fonctionne sur votre site web.<\/p><p>Si vous rencontrez des probl\u00e8mes lors de l&rsquo;int\u00e9gration de l&rsquo;application dans un site web, contactez simplement nos responsables du support. Nous serons heureux de vous expliquer comment ajouter et ajuster votre bo\u00eete de commentaires avec fil de discussion.<\/p><\/div>","protected":false},"excerpt":{"rendered":"","protected":false},"author":9,"featured_media":0,"parent":16613,"menu_order":0,"comment_status":"closed","ping_status":"closed","template":"templates\/template-application-platform.php","meta":{"publish_to_discourse":"","publish_post_category":"","wpdc_auto_publish_overridden":"","wpdc_topic_tags":"","wpdc_pin_topic":"","wpdc_pin_until":"","discourse_post_id":"","discourse_permalink":"","wpdc_publishing_response":"","wpdc_publishing_error":"","footnotes":""},"class_list":["post-16647","page","type-page","status-publish","hentry"],"yoast_head":"<!-- This site is optimized with the Yoast SEO plugin v25.3.1 - https:\/\/yoast.com\/wordpress\/plugins\/seo\/ -->\n<title>Application de commentaires Weebly - Ajoutez de l&#039;engagement \u00e0 votre site web [GRATUIT]<\/title>\n<meta name=\"description\" content=\"Ajoutez une application Commentaires sans code \u00e0 votre site web Weebly. D\u00e9couvrez l&#039;\u00e9diteur rapide d&#039;Elfsight pour cr\u00e9er sans effort votre solution individuelle.\" \/>\n<meta name=\"robots\" content=\"index, follow, max-snippet:-1, max-image-preview:large, max-video-preview:-1\" \/>\n<link rel=\"canonical\" href=\"https:\/\/elfsight.com\/fr\/comments-widget\/weebly\/\" \/>\n<meta property=\"og:locale\" content=\"fr_FR\" \/>\n<meta property=\"og:type\" content=\"article\" \/>\n<meta property=\"og:title\" content=\"Application de commentaires Weebly - Ajoutez de l&#039;engagement \u00e0 votre site web [GRATUIT]\" \/>\n<meta property=\"og:description\" content=\"Ajoutez une application Commentaires sans code \u00e0 votre site web Weebly. D\u00e9couvrez l&#039;\u00e9diteur rapide d&#039;Elfsight pour cr\u00e9er sans effort votre solution individuelle.\" \/>\n<meta property=\"og:url\" content=\"https:\/\/elfsight.com\/fr\/comments-widget\/weebly\/\" \/>\n<meta property=\"og:site_name\" content=\"Elfsight FR\" \/>\n<meta property=\"article:modified_time\" content=\"2025-07-09T17:09:12+00:00\" \/>\n<meta name=\"twitter:card\" content=\"summary_large_image\" \/>\n<meta name=\"twitter:label1\" content=\"Dur\u00e9e de lecture estim\u00e9e\" \/>\n\t<meta name=\"twitter:data1\" content=\"3 minutes\" \/>\n<!-- \/ Yoast SEO plugin. -->","yoast_head_json":{"title":"Application de commentaires Weebly - Ajoutez de l'engagement \u00e0 votre site web [GRATUIT]","description":"Ajoutez une application Commentaires sans code \u00e0 votre site web Weebly. D\u00e9couvrez l'\u00e9diteur rapide d'Elfsight pour cr\u00e9er sans effort votre solution individuelle.","robots":{"index":"index","follow":"follow","max-snippet":"max-snippet:-1","max-image-preview":"max-image-preview:large","max-video-preview":"max-video-preview:-1"},"canonical":"https:\/\/elfsight.com\/fr\/comments-widget\/weebly\/","og_locale":"fr_FR","og_type":"article","og_title":"Application de commentaires Weebly - Ajoutez de l'engagement \u00e0 votre site web [GRATUIT]","og_description":"Ajoutez une application Commentaires sans code \u00e0 votre site web Weebly. D\u00e9couvrez l'\u00e9diteur rapide d'Elfsight pour cr\u00e9er sans effort votre solution individuelle.","og_url":"https:\/\/elfsight.com\/fr\/comments-widget\/weebly\/","og_site_name":"Elfsight FR","article_modified_time":"2025-07-09T17:09:12+00:00","twitter_card":"summary_large_image","twitter_misc":{"Dur\u00e9e de lecture estim\u00e9e":"3 minutes"},"schema":{"@context":"https:\/\/schema.org","@graph":[{"@type":"WebPage","@id":"https:\/\/elfsight.com\/fr\/comments-widget\/weebly\/","url":"https:\/\/elfsight.com\/fr\/comments-widget\/weebly\/","name":"Application de commentaires Weebly - Ajoutez de l'engagement \u00e0 votre site web [GRATUIT]","isPartOf":{"@id":"https:\/\/elfsight.com\/fr\/#website"},"datePublished":"2025-06-17T11:12:23+00:00","dateModified":"2025-07-09T17:09:12+00:00","description":"Ajoutez une application Commentaires sans code \u00e0 votre site web Weebly. D\u00e9couvrez l'\u00e9diteur rapide d'Elfsight pour cr\u00e9er sans effort votre solution individuelle.","breadcrumb":{"@id":"https:\/\/elfsight.com\/fr\/comments-widget\/weebly\/#breadcrumb"},"inLanguage":"fr-FR","potentialAction":[{"@type":"ReadAction","target":["https:\/\/elfsight.com\/fr\/comments-widget\/weebly\/"]}]},{"@type":"BreadcrumbList","@id":"https:\/\/elfsight.com\/fr\/comments-widget\/weebly\/#breadcrumb","itemListElement":[{"@type":"ListItem","position":1,"name":"Home","item":"https:\/\/elfsight.com\/fr\/"},{"@type":"ListItem","position":2,"name":"Comments","item":"https:\/\/elfsight.com\/fr\/comments-widget\/"},{"@type":"ListItem","position":3,"name":"Comments &#8211; Weebly"}]},{"@type":"WebSite","@id":"https:\/\/elfsight.com\/fr\/#website","url":"https:\/\/elfsight.com\/fr\/","name":"Elfsight FR","description":"","potentialAction":[{"@type":"SearchAction","target":{"@type":"EntryPoint","urlTemplate":"https:\/\/elfsight.com\/fr\/?s={search_term_string}"},"query-input":{"@type":"PropertyValueSpecification","valueRequired":true,"valueName":"search_term_string"}}],"inLanguage":"fr-FR"}]}},"meta_box":{"industry":"","seo_heading":"","heading":"","description":"","cta_heading":"","cta_description":"","application":"16611","h1":"Application de commentaires Weebly","h1_caption":"Permet aux vrais utilisateurs de discuter et de laisser des commentaires sur votre site web Weebly via une section de commentaires int\u00e9gr\u00e9e avec connexion int\u00e9gr\u00e9e et riches fonctionnalit\u00e9s interactives.","application_category":[],"applications_title":"","applications_request_title":"","applications_request_button_text":"","hero_text":"","hero_video":"","hero_video_schema_markup":"","selling_points_title":"","selling_points_caption":"","selling_points":[],"selling_points_cta_text":"","features_title":"","features":"","ed_cta_examples_text":"","ed_cta_examples_hidden":"","ed_cta_demo_text":"","ed_cta_demo_hidden":"","why_caption":"","why_editor_title":"","why_editor_text":"","why_team_title":"","why_team_text":"","why_service_title":"","why_service_text":"","template_catalog_visible":"","template_catalog_title":"","template_catalog_text":"","template_catalog_categories_visible":"","demo_title":"Cr\u00e9ez votre application Commentaires","demo_caption":"Configurez vos Commentaires et ajoutez-les gratuitement \u00e0 votre site web Weebly !","default_faq_hidden":"","app_template_category":[],"platform":"363","template_public_id":"","codecanyon_url":"","codecanyon_item_id":"","codecanyon_price":"","pricing_caption":"","pricing_elfsight_apps_hide_column":"","pricing_elfsight_apps_url":"","pricing_codecanyon_price_caption":"","integration_category":[],"integration_request_title":"","integration_request_cta":"","integration_platform":"","integrations":[],"platform_category":[],"video_schema_markup":"","price":"\u00c0 partir de 0 $ \/ mois","trial":"","benefits":[],"button_url":"#demo","button_target_blank":"0","button_nofollow":"","attributes":[{"name":"Installations","content":"50,000 - 100,000","_state":"expanded"},{"name":"R\u00e9actif","content":"Yes","_state":"expanded"},{"name":"Navigateurs compatibles","content":"Firefox, Safari, Opera, Chrome, Edge","_state":"expanded"}],"tags":[],"tags_disable_links":"","hide_more_platforms":"","video_object":"","demo_hide_cta":"","demo_hide_cloud_options":"","pricing_title":"","pricing":[{"pricing_icon":"platform","pricing_title":"Elfsight Apps","pricing_title_caption":"Solution num\u00e9rique multiplateforme","":"","pricing_price":"\u00c0 partir de 0 $ \/ mois","pricing_price_caption":"Commencez par un plan gratuit","pricing_benefits":"","pricing_button_text":"Ajouter au site web","pricing_button_url":"#demo"}],"related_apps_title":"","related_apps_hidden":"","author":"","image":[],"title":"","job":"","social_networks":[]},"_links":{"self":[{"href":"https:\/\/elfsight.com\/fr\/wp-json\/wp\/v2\/pages\/16647","targetHints":{"allow":["GET"]}}],"collection":[{"href":"https:\/\/elfsight.com\/fr\/wp-json\/wp\/v2\/pages"}],"about":[{"href":"https:\/\/elfsight.com\/fr\/wp-json\/wp\/v2\/types\/page"}],"author":[{"embeddable":true,"href":"https:\/\/elfsight.com\/fr\/wp-json\/wp\/v2\/users\/9"}],"replies":[{"embeddable":true,"href":"https:\/\/elfsight.com\/fr\/wp-json\/wp\/v2\/comments?post=16647"}],"version-history":[{"count":1,"href":"https:\/\/elfsight.com\/fr\/wp-json\/wp\/v2\/pages\/16647\/revisions"}],"predecessor-version":[{"id":16651,"href":"https:\/\/elfsight.com\/fr\/wp-json\/wp\/v2\/pages\/16647\/revisions\/16651"}],"up":[{"embeddable":true,"href":"https:\/\/elfsight.com\/fr\/wp-json\/wp\/v2\/pages\/16613"}],"wp:attachment":[{"href":"https:\/\/elfsight.com\/fr\/wp-json\/wp\/v2\/media?parent=16647"}],"curies":[{"name":"wp","href":"https:\/\/api.w.org\/{rel}","templated":true}]}}