{"id":16639,"date":"2025-06-17T13:00:51","date_gmt":"2025-06-17T13:00:51","guid":{"rendered":"https:\/\/elfsight.com\/fr\/?page_id=16639"},"modified":"2025-07-09T17:06:33","modified_gmt":"2025-07-09T17:06:33","slug":"blogger","status":"publish","type":"page","link":"https:\/\/elfsight.com\/fr\/comments-widget\/blogger\/","title":{"rendered":"Comments &#8211; Blogger"},"content":{"rendered":"<div class=\"application-platform-content-item-description application-platform-content-item\" id=\"description\" data-nav-section=\"description\"> <h2>Int\u00e9grer les commentaires dans Blogger avec un widget Elfsight<\/h2> <p>Le widget Commentaires ajoute une interaction fluide \u00e0 votre site web, permettant aux utilisateurs de commenter instantan\u00e9ment en tant qu&rsquo;invit\u00e9s ou via des connexions sociales rapides. Il est con\u00e7u pour une communication conviviale avec des r\u00e9ponses imbriqu\u00e9es, des emojis expressifs et des mises \u00e0 jour instantan\u00e9es qui semblent naturelles sur n&rsquo;importe quel appareil. Gr\u00e2ce \u00e0 une mise en page adaptative et un support multilingue, le widget s&rsquo;int\u00e8gre en douceur \u00e0 n&rsquo;importe quel site web tout en r\u00e9duisant les obstacles pour que les utilisateurs puissent s&rsquo;exprimer.<\/p><p>Au-del\u00e0 de l&rsquo;utilisabilit\u00e9, il offre des fonctionnalit\u00e9s intelligentes qui am\u00e9liorent la visibilit\u00e9 et la confiance. Les outils de mod\u00e9ration int\u00e9gr\u00e9s, la protection anti-spam et le partage de commentaires favorisent un espace respectueux et engageant pour chaque utilisateur. Le balisage compatible SEO aide votre contenu \u00e0 grimper dans les classements de recherche, tandis que les aper\u00e7us d&rsquo;administration et les options d&rsquo;\u00e9dition par l&rsquo;utilisateur offrent \u00e0 la fois contr\u00f4le et flexibilit\u00e9. Qu&rsquo;il s&rsquo;agisse d&rsquo;un forum de discussion anim\u00e9 ou d&rsquo;un simple article de blog, ce widget vous offre les solutions pour vous d\u00e9velopper par le dialogue.<\/p><p><strong>Encouragez un dialogue ouvert sur votre site web Blogger avec un seul et simple widget Commentaires.<\/strong><\/p><\/div> <div class=\"application-platform-content-item-features application-platform-content-item\" id=\"features\" data-nav-section=\"features\"> <h2>Voici la liste des fonctionnalit\u00e9s les plus puissantes :<\/h2><ul><li><b>Le moyen le plus simple de commenter sans inscription.<\/b> Les visiteurs peuvent participer \u00e0 la conversation sans soumettre d&rsquo;informations priv\u00e9es, mais il est simple de se connecter avec Google ou Facebook s&rsquo;ils le souhaitent.<\/li><li><b>Outils d&rsquo;administration pour la mod\u00e9ration des commentaires.<\/b> Mod\u00e9rez et supervisez facilement toutes les discussions avec les membres de l&rsquo;\u00e9quipe que vous d\u00e9signez comme administrateurs.<\/li><li><b>Boutons et r\u00e9actions classiques pour les discussions.<\/b> Vous pouvez r\u00e9agir, taguer d&rsquo;autres personnes et partager n&rsquo;importe quel commentaire sp\u00e9cifique.<\/li><li><b>Fils de discussion infinis, id\u00e9es infinies.<\/b> Le widget permet un nombre illimit\u00e9 d&rsquo;utilisateurs, de commentaires, de fils de discussion et de pages pour \u00e9tablir la communication.<\/li><li><b>Balisage compatible SEO pour les discussions.<\/b> Les commentaires incluent le balisage schema.org, ce qui facilite l&rsquo;exploration et le classement de votre contenu par les moteurs de recherche.<\/li><\/ul><p><a href=\"#demo\">D\u00e9couvrez l&rsquo;\u00e9diteur convivial pour voir comment fonctionne le widget<\/a><\/p><\/div> <div class=\"application-platform-content-item-installation application-platform-content-item\" id=\"installation\" data-nav-section=\"installation\"> <h2>Comment int\u00e9grer les commentaires \u00e0 mon site web Blogger ?<\/h2><p>Nous vous proposons un moyen simple d&rsquo;installer le widget sur votre site web Blogger. Cela ne prendra que quelques minutes et ne n\u00e9cessite aucune programmation.<\/p><ol><li><strong>Cr\u00e9ez votre widget Commentaires individuel<\/strong><br> Commencez par n&rsquo;importe quel mod\u00e8le dans l&rsquo;\u00e9diteur, travaillez avec les \u00e9l\u00e9ments pratiques qu&rsquo;il contient et ajustez le widget \u00e0 votre design et \u00e0 vos param\u00e8tres souhait\u00e9s.<\/li><li><strong>Obtenez le code personnel pour int\u00e9grer le widget<\/strong><br> D\u00e8s que vous avez termin\u00e9 de cr\u00e9er le widget, vous recevrez un code HTML individuel dans votre tableau de bord. Copiez ce code qui contient toutes les informations concernant vos ajustements.<\/li><li><strong>Affichez le widget sur votre site web Blogger<\/strong><br> S\u00e9lectionnez les sections de votre site web o\u00f9 vous souhaitez pr\u00e9senter les commentaires et collez le code \u00e0 cet endroit. Enregistrez les modifications.<\/li><\/ol><p>C&rsquo;est fait ! Maintenant, voyez comment le widget fonctionne sur votre site web.<\/p><p>Si vous rencontrez des probl\u00e8mes lors de l&rsquo;int\u00e9gration du widget \u00e0 votre site web, n&rsquo;h\u00e9sitez pas \u00e0 contacter notre service client\u00e8le. Nous serons heureux de vous aider \u00e0 ajouter et \u00e0 g\u00e9rer votre bo\u00eete de commentaires avec fil de discussion.<\/p><\/div>","protected":false},"excerpt":{"rendered":"","protected":false},"author":9,"featured_media":0,"parent":16613,"menu_order":0,"comment_status":"closed","ping_status":"closed","template":"templates\/template-application-platform.php","meta":{"publish_to_discourse":"","publish_post_category":"","wpdc_auto_publish_overridden":"","wpdc_topic_tags":"","wpdc_pin_topic":"","wpdc_pin_until":"","discourse_post_id":"","discourse_permalink":"","wpdc_publishing_response":"","wpdc_publishing_error":"","footnotes":""},"class_list":["post-16639","page","type-page","status-publish","hentry"],"yoast_head":"<!-- This site is optimized with the Yoast SEO plugin v25.3.1 - https:\/\/yoast.com\/wordpress\/plugins\/seo\/ -->\n<title>Widget de commentaires Blogger - Ajoutez de l&#039;engagement \u00e0 votre site web [GRATUIT]<\/title>\n<meta name=\"description\" content=\"Ajoutez un widget Commentaires sans code sur votre site web Blogger. Utilisez l&#039;\u00e9diteur convivial d&#039;Elfsight pour g\u00e9n\u00e9rer facilement votre solution personnalis\u00e9e.\" \/>\n<meta name=\"robots\" content=\"index, follow, max-snippet:-1, max-image-preview:large, max-video-preview:-1\" \/>\n<link rel=\"canonical\" href=\"https:\/\/elfsight.com\/fr\/comments-widget\/blogger\/\" \/>\n<meta property=\"og:locale\" content=\"fr_FR\" \/>\n<meta property=\"og:type\" content=\"article\" \/>\n<meta property=\"og:title\" content=\"Widget de commentaires Blogger - Ajoutez de l&#039;engagement \u00e0 votre site web [GRATUIT]\" \/>\n<meta property=\"og:description\" content=\"Ajoutez un widget Commentaires sans code sur votre site web Blogger. Utilisez l&#039;\u00e9diteur convivial d&#039;Elfsight pour g\u00e9n\u00e9rer facilement votre solution personnalis\u00e9e.\" \/>\n<meta property=\"og:url\" content=\"https:\/\/elfsight.com\/fr\/comments-widget\/blogger\/\" \/>\n<meta property=\"og:site_name\" content=\"Elfsight FR\" \/>\n<meta property=\"article:modified_time\" content=\"2025-07-09T17:06:33+00:00\" \/>\n<meta name=\"twitter:card\" content=\"summary_large_image\" \/>\n<meta name=\"twitter:label1\" content=\"Dur\u00e9e de lecture estim\u00e9e\" \/>\n\t<meta name=\"twitter:data1\" content=\"3 minutes\" \/>\n<!-- \/ Yoast SEO plugin. -->","yoast_head_json":{"title":"Widget de commentaires Blogger - Ajoutez de l'engagement \u00e0 votre site web [GRATUIT]","description":"Ajoutez un widget Commentaires sans code sur votre site web Blogger. Utilisez l'\u00e9diteur convivial d'Elfsight pour g\u00e9n\u00e9rer facilement votre solution personnalis\u00e9e.","robots":{"index":"index","follow":"follow","max-snippet":"max-snippet:-1","max-image-preview":"max-image-preview:large","max-video-preview":"max-video-preview:-1"},"canonical":"https:\/\/elfsight.com\/fr\/comments-widget\/blogger\/","og_locale":"fr_FR","og_type":"article","og_title":"Widget de commentaires Blogger - Ajoutez de l'engagement \u00e0 votre site web [GRATUIT]","og_description":"Ajoutez un widget Commentaires sans code sur votre site web Blogger. Utilisez l'\u00e9diteur convivial d'Elfsight pour g\u00e9n\u00e9rer facilement votre solution personnalis\u00e9e.","og_url":"https:\/\/elfsight.com\/fr\/comments-widget\/blogger\/","og_site_name":"Elfsight FR","article_modified_time":"2025-07-09T17:06:33+00:00","twitter_card":"summary_large_image","twitter_misc":{"Dur\u00e9e de lecture estim\u00e9e":"3 minutes"},"schema":{"@context":"https:\/\/schema.org","@graph":[{"@type":"WebPage","@id":"https:\/\/elfsight.com\/fr\/comments-widget\/blogger\/","url":"https:\/\/elfsight.com\/fr\/comments-widget\/blogger\/","name":"Widget de commentaires Blogger - Ajoutez de l'engagement \u00e0 votre site web [GRATUIT]","isPartOf":{"@id":"https:\/\/elfsight.com\/fr\/#website"},"datePublished":"2025-06-17T13:00:51+00:00","dateModified":"2025-07-09T17:06:33+00:00","description":"Ajoutez un widget Commentaires sans code sur votre site web Blogger. Utilisez l'\u00e9diteur convivial d'Elfsight pour g\u00e9n\u00e9rer facilement votre solution personnalis\u00e9e.","breadcrumb":{"@id":"https:\/\/elfsight.com\/fr\/comments-widget\/blogger\/#breadcrumb"},"inLanguage":"fr-FR","potentialAction":[{"@type":"ReadAction","target":["https:\/\/elfsight.com\/fr\/comments-widget\/blogger\/"]}]},{"@type":"BreadcrumbList","@id":"https:\/\/elfsight.com\/fr\/comments-widget\/blogger\/#breadcrumb","itemListElement":[{"@type":"ListItem","position":1,"name":"Home","item":"https:\/\/elfsight.com\/fr\/"},{"@type":"ListItem","position":2,"name":"Comments","item":"https:\/\/elfsight.com\/fr\/comments-widget\/"},{"@type":"ListItem","position":3,"name":"Comments &#8211; Blogger"}]},{"@type":"WebSite","@id":"https:\/\/elfsight.com\/fr\/#website","url":"https:\/\/elfsight.com\/fr\/","name":"Elfsight FR","description":"","potentialAction":[{"@type":"SearchAction","target":{"@type":"EntryPoint","urlTemplate":"https:\/\/elfsight.com\/fr\/?s={search_term_string}"},"query-input":{"@type":"PropertyValueSpecification","valueRequired":true,"valueName":"search_term_string"}}],"inLanguage":"fr-FR"}]}},"meta_box":{"industry":"","seo_heading":"","heading":"","description":"","cta_heading":"","cta_description":"","application":"16611","h1":"Widget de commentaires Blogger","h1_caption":"Permet aux vrais utilisateurs de discuter et de laisser des commentaires sur votre site web Blogger via une section de commentaires int\u00e9gr\u00e9e avec connexion int\u00e9gr\u00e9e et riches fonctionnalit\u00e9s interactives.","application_category":[],"applications_title":"","applications_request_title":"","applications_request_button_text":"","hero_text":"","hero_video":"","hero_video_schema_markup":"","selling_points_title":"","selling_points_caption":"","selling_points":[],"selling_points_cta_text":"","features_title":"","features":"","ed_cta_examples_text":"","ed_cta_examples_hidden":"","ed_cta_demo_text":"","ed_cta_demo_hidden":"","why_caption":"","why_editor_title":"","why_editor_text":"","why_team_title":"","why_team_text":"","why_service_title":"","why_service_text":"","template_catalog_visible":"","template_catalog_title":"","template_catalog_text":"","template_catalog_categories_visible":"","demo_title":"Cr\u00e9ez votre widget Commentaires","demo_caption":"Configurez vos Commentaires et ajoutez-les gratuitement \u00e0 votre site web Blogger !","default_faq_hidden":"","app_template_category":[],"platform":"348","template_public_id":"","codecanyon_url":"","codecanyon_item_id":"","codecanyon_price":"","pricing_caption":"","pricing_elfsight_apps_hide_column":"","pricing_elfsight_apps_url":"","pricing_codecanyon_price_caption":"","integration_category":[],"integration_request_title":"","integration_request_cta":"","integration_platform":"","integrations":[],"platform_category":[],"video_schema_markup":"","price":"\u00c0 partir de 0 $ \/ mois","trial":"","benefits":[],"button_url":"#demo","button_target_blank":"0","button_nofollow":"","attributes":[{"name":"Installations","content":"50,000 - 100,000","_state":"expanded"},{"name":"R\u00e9actif","content":"Yes","_state":"expanded"},{"name":"Navigateurs compatibles","content":"Firefox, Safari, Opera, Chrome, Edge","_state":"expanded"}],"tags":[],"tags_disable_links":"","hide_more_platforms":"","video_object":"","demo_hide_cta":"","demo_hide_cloud_options":"","pricing_title":"","pricing":[{"pricing_icon":"platform","pricing_title":"Elfsight Apps","pricing_title_caption":"Solution num\u00e9rique multiplateforme","":"","pricing_price":"\u00c0 partir de 0 $ \/ mois","pricing_price_caption":"Commencez par un plan gratuit","pricing_benefits":"","pricing_button_text":"Ajouter au site web","pricing_button_url":"#demo"}],"related_apps_title":"","related_apps_hidden":"","author":"","image":[],"title":"","job":"","social_networks":[]},"_links":{"self":[{"href":"https:\/\/elfsight.com\/fr\/wp-json\/wp\/v2\/pages\/16639","targetHints":{"allow":["GET"]}}],"collection":[{"href":"https:\/\/elfsight.com\/fr\/wp-json\/wp\/v2\/pages"}],"about":[{"href":"https:\/\/elfsight.com\/fr\/wp-json\/wp\/v2\/types\/page"}],"author":[{"embeddable":true,"href":"https:\/\/elfsight.com\/fr\/wp-json\/wp\/v2\/users\/9"}],"replies":[{"embeddable":true,"href":"https:\/\/elfsight.com\/fr\/wp-json\/wp\/v2\/comments?post=16639"}],"version-history":[{"count":1,"href":"https:\/\/elfsight.com\/fr\/wp-json\/wp\/v2\/pages\/16639\/revisions"}],"predecessor-version":[{"id":16643,"href":"https:\/\/elfsight.com\/fr\/wp-json\/wp\/v2\/pages\/16639\/revisions\/16643"}],"up":[{"embeddable":true,"href":"https:\/\/elfsight.com\/fr\/wp-json\/wp\/v2\/pages\/16613"}],"wp:attachment":[{"href":"https:\/\/elfsight.com\/fr\/wp-json\/wp\/v2\/media?parent=16639"}],"curies":[{"name":"wp","href":"https:\/\/api.w.org\/{rel}","templated":true}]}}