{"id":16596,"date":"2025-06-17T14:32:24","date_gmt":"2025-06-17T14:32:24","guid":{"rendered":"https:\/\/elfsight.com\/fr\/?page_id=16596"},"modified":"2025-07-10T13:54:45","modified_gmt":"2025-07-10T13:54:45","slug":"weebly","status":"publish","type":"page","link":"https:\/\/elfsight.com\/fr\/timeline-widget\/weebly\/","title":{"rendered":"Timeline &#8211; Weebly"},"content":{"rendered":"<div class=\"application-platform-content-item-description application-platform-content-item\" id=\"description\" data-nav-section=\"description\">\n\n<h2>Application de chronologie Weebly<\/h2> <p>Transformez votre site Web Weebly en une exp\u00e9rience dynamique et attrayante avec l&rsquo;application Chronologie d&rsquo;Elfsight. Cet outil interactif et personnalisable vous permet d&rsquo;afficher facilement des jalons, des \u00e9v\u00e9nements ou la progression de projets de mani\u00e8re visuellement attrayante. Aucune comp\u00e9tence en codage n&rsquo;est requise, vous pouvez rapidement concevoir et int\u00e9grer une chronologie unique qui correspond parfaitement au style et aux objectifs de votre site Web.<\/p> <ul> <li><b>Cr\u00e9ez des chronologies interactives sans code<\/b><br> Concevez une chronologie interactive enti\u00e8rement fonctionnelle en quelques minutes, aucune comp\u00e9tence en programmation requise. Engagez instantan\u00e9ment vos visiteurs avec votre histoire ou votre progression.<\/li> <li><b>Options de personnalisation avanc\u00e9es<\/b><br> Personnalisez votre chronologie avec une vari\u00e9t\u00e9 de mod\u00e8les, de couleurs, de polices et de param\u00e8tres. Adaptez-la sans effort \u00e0 la marque et au design de votre site Web.<\/li> <li><b>Processus d&rsquo;int\u00e9gration fluide<\/b><br> Int\u00e9grez votre chronologie personnalis\u00e9e \u00e0 votre site Web Weebly avec un simple code HTML \u2013 aucun souci, aucun d\u00e9fi technique.<\/li> <li><b>Support client r\u00e9actif<\/b><br> Notre \u00e9quipe de support d\u00e9di\u00e9e est toujours disponible pour vous aider avec la configuration, garantissant que votre chronologie fonctionne parfaitement sur votre site.<\/li> <\/ul> <p><b>Testez le widget Chronologie d&rsquo;Elfsight d\u00e8s aujourd&rsquo;hui pour engager les visiteurs et pr\u00e9senter vos jalons de mani\u00e8re cr\u00e9ative et dynamique !<\/b><\/p> <\/div>\n<div class=\"application-platform-content-item-features application-platform-content-item\" id=\"features\" data-nav-section=\"features\">\n\n<h2>Ce que vous pouvez faire avec la chronologie Weebly<\/h2> <ul> <li><strong>Engagez visuellement vos visiteurs<\/strong><br> Pr\u00e9sentez vos jalons, \u00e9v\u00e9nements ou \u00e9tapes de projet dans un format dynamique et interactif qui captive les visiteurs et les encourage \u00e0 en explorer davantage.<\/li> <li><strong>Pr\u00e9sentez les jalons et la progression<\/strong><br> Affichez vos r\u00e9alisations ou suivez les \u00e9tapes de vos projets dans un ordre chronologique facile \u00e0 suivre, en gardant vos visiteurs engag\u00e9s et inform\u00e9s.<\/li> <li><strong>Mettez en \u00e9vidence les moments cl\u00e9s<\/strong><br> Mettez en lumi\u00e8re les jalons importants ou les \u00e9v\u00e9nements cl\u00e9s. Faites ressortir vos r\u00e9ussites dans un format visuellement attrayant et facile \u00e0 dig\u00e9rer.<\/li> <\/ul> <p><a href=\"#demo\">Essayez l&rsquo;\u00e9diteur pour voir toutes les fonctionnalit\u00e9s de l&rsquo;application Chronologie en action.<\/a><\/p> <\/div>\n<div class=\"application-platform-content-item-installation application-platform-content-item\" id=\"installation\" data-nav-section=\"installation\">\n\n<h2>Comment int\u00e9grer une chronologie sur Weebly<\/h2> <p>L&rsquo;ajout de l&rsquo;application Chronologie \u00e0 votre site Weebly est rapide et simple. Suivez simplement ces \u00e9tapes :<\/p> <ol> <li><b>Cr\u00e9ez votre chronologie Weebly personnalis\u00e9e<\/b><br> Choisissez un mod\u00e8le dans notre \u00e9diteur et personnalisez-le en fonction de vos besoins. Modifiez la mise en page, ajoutez des jalons et ajustez le design pour qu&rsquo;il corresponde au style de votre site Web.<\/li> <li><b>Obtenez votre code d&rsquo;int\u00e9gration unique<\/b><br> Une fois votre chronologie pr\u00eate, copiez le code d&rsquo;int\u00e9gration HTML fourni par notre \u00e9diteur.<\/li> <li><b>Int\u00e9grez le code dans votre site Weebly<\/b><br> Collez le code d&rsquo;int\u00e9gration dans la section appropri\u00e9e de votre page Weebly et enregistrez les modifications. Votre chronologie interactive sera en ligne !<\/li> <li><b>Profitez de votre nouvelle chronologie interactive !<\/b><br> Visitez votre site Web pour voir la chronologie en action et engagez vos visiteurs avec une exp\u00e9rience visuellement attrayante et interactive.<\/li> <\/ol> <p>Pour des instructions plus d\u00e9taill\u00e9es, consultez notre guide sur <a href=\"https:\/\/elfsight.com\/blog\/how-to-embed-timeline-to-website\/\" target=\"_blank\" rel=\"noopener\">comment ajouter une chronologie \u00e0 votre site<\/a>.<\/p> <\/div>\n<div class=\"faq\" data-component=\"FAQ\">\n<div class=\"faq-item\">\r\n\t\t\t\t\t<div class=\"faq-item-question\">\r\n\t\t\t\t\t\t<h3 class=\"faq-item-question-text\">L'application Chronologie pour Weebly est-elle gratuite ?<\/h3>\r\n\r\n\t\t\t\t\t\t<div class=\"faq-item-question-icon\"><\/div>\r\n\t\t\t\t\t<\/div>\r\n\r\n\t\t\t\t\t<div class=\"faq-item-answer\">\r\n\t\t\t\t\t\t<div class=\"faq-item-answer-text\">\nOui, Elfsight propose un plan gratuit avec des fonctionnalit\u00e9s de base. Vous pouvez utiliser le widget Chronologie sans frais, et des plans payants sont disponibles pour des options et une personnalisation plus avanc\u00e9es.\n<\/div>\r\n\t\t\t\t\t<\/div>\r\n\t\t\t\t<\/div>\n\n<div class=\"faq-item\">\r\n\t\t\t\t\t<div class=\"faq-item-question\">\r\n\t\t\t\t\t\t<h3 class=\"faq-item-question-text\">Ai-je besoin de comp\u00e9tences en codage pour utiliser l'application Chronologie pour Weebly ?<\/h3>\r\n\r\n\t\t\t\t\t\t<div class=\"faq-item-question-icon\"><\/div>\r\n\t\t\t\t\t<\/div>\r\n\r\n\t\t\t\t\t<div class=\"faq-item-answer\">\r\n\t\t\t\t\t\t<div class=\"faq-item-answer-text\">\nNon, le widget Chronologie d&rsquo;Elfsight pour Weebly ne n\u00e9cessite aucune comp\u00e9tence en codage. Vous pouvez facilement personnaliser et int\u00e9grer la chronologie \u00e0 l&rsquo;aide de notre \u00e9diteur intuitif.\n<\/div>\r\n\t\t\t\t\t<\/div>\r\n\t\t\t\t<\/div>\n\n<div class=\"faq-item\">\r\n\t\t\t\t\t<div class=\"faq-item-question\">\r\n\t\t\t\t\t\t<h3 class=\"faq-item-question-text\">Comment puis-je cr\u00e9er une chronologie interactive pour Weebly ?<\/h3>\r\n\r\n\t\t\t\t\t\t<div class=\"faq-item-question-icon\"><\/div>\r\n\t\t\t\t\t<\/div>\r\n\r\n\t\t\t\t\t<div class=\"faq-item-answer\">\r\n\t\t\t\t\t\t<div class=\"faq-item-answer-text\">\nS\u00e9lectionnez un mod\u00e8le dans l&rsquo;\u00e9diteur, personnalisez-le selon vos besoins et int\u00e9grez le code HTML dans votre site Web Weebly pour ajouter la chronologie \u00e0 votre page.\n<\/div>\r\n\t\t\t\t\t<\/div>\r\n\t\t\t\t<\/div>\n\n<div class=\"faq-item\">\r\n\t\t\t\t\t<div class=\"faq-item-question\">\r\n\t\t\t\t\t\t<h3 class=\"faq-item-question-text\">Quels types de chronologies puis-je cr\u00e9er pour Weebly ?<\/h3>\r\n\r\n\t\t\t\t\t\t<div class=\"faq-item-question-icon\"><\/div>\r\n\t\t\t\t\t<\/div>\r\n\r\n\t\t\t\t\t<div class=\"faq-item-answer\">\r\n\t\t\t\t\t\t<div class=\"faq-item-answer-text\">\nVous pouvez cr\u00e9er diff\u00e9rents types de chronologies avec le widget d&rsquo;Elfsight :\n\n<ul> <li><strong>Historique de l&rsquo;entreprise<\/strong> : Pr\u00e9sentez l&rsquo;\u00e9volution de votre entreprise et mettez en \u00e9vidence les jalons cl\u00e9s.<\/li> <li><strong>D\u00e9veloppement de produits<\/strong> : Suivez le parcours de votre produit, de sa conception \u00e0 son lancement.<\/li> <li><strong>Chronologie de projet<\/strong> : Affichez les \u00e9tapes et la progression de vos projets.<\/li> <li><strong>Chronologie d&rsquo;\u00e9v\u00e9nements<\/strong> : Organisez les dates d&rsquo;\u00e9v\u00e9nements, les lancements de produits ou les jalons \u00e0 venir.<\/li> <\/ul> <\/div>\r\n\t\t\t\t\t<\/div>\r\n\t\t\t\t<\/div> <\/div>","protected":false},"excerpt":{"rendered":"","protected":false},"author":9,"featured_media":0,"parent":16251,"menu_order":0,"comment_status":"closed","ping_status":"closed","template":"templates\/template-application-platform.php","meta":{"publish_to_discourse":"","publish_post_category":"","wpdc_auto_publish_overridden":"","wpdc_topic_tags":"","wpdc_pin_topic":"","wpdc_pin_until":"","discourse_post_id":"","discourse_permalink":"","wpdc_publishing_response":"","wpdc_publishing_error":"","footnotes":""},"class_list":["post-16596","page","type-page","status-publish","hentry"],"yoast_head":"<!-- This site is optimized with the Yoast SEO plugin v25.3.1 - https:\/\/yoast.com\/wordpress\/plugins\/seo\/ -->\n<title>Widget Chronologie - Int\u00e9grer la ligne d&#039;historique au site Web Weebly [GRATUIT]<\/title>\n<meta name=\"description\" content=\"Ajoutez une chronologie personnalis\u00e9e \u00e0 votre Weebly. Pr\u00e9sentez facilement votre historique, vos jalons et la progression des t\u00e2ches avec un widget Chronologie interactif sur Weebly.\" \/>\n<meta name=\"robots\" content=\"index, follow, max-snippet:-1, max-image-preview:large, max-video-preview:-1\" \/>\n<link rel=\"canonical\" href=\"https:\/\/elfsight.com\/fr\/timeline-widget\/weebly\/\" \/>\n<meta property=\"og:locale\" content=\"fr_FR\" \/>\n<meta property=\"og:type\" content=\"article\" \/>\n<meta property=\"og:title\" content=\"Widget Chronologie - Int\u00e9grer la ligne d&#039;historique au site Web Weebly [GRATUIT]\" \/>\n<meta property=\"og:description\" content=\"Ajoutez une chronologie personnalis\u00e9e \u00e0 votre Weebly. Pr\u00e9sentez facilement votre historique, vos jalons et la progression des t\u00e2ches avec un widget Chronologie interactif sur Weebly.\" \/>\n<meta property=\"og:url\" content=\"https:\/\/elfsight.com\/fr\/timeline-widget\/weebly\/\" \/>\n<meta property=\"og:site_name\" content=\"Elfsight FR\" \/>\n<meta property=\"article:modified_time\" content=\"2025-07-10T13:54:45+00:00\" \/>\n<meta name=\"twitter:card\" content=\"summary_large_image\" \/>\n<meta name=\"twitter:label1\" content=\"Dur\u00e9e de lecture estim\u00e9e\" \/>\n\t<meta name=\"twitter:data1\" content=\"4 minutes\" \/>\n<!-- \/ Yoast SEO plugin. -->","yoast_head_json":{"title":"Widget Chronologie - Int\u00e9grer la ligne d'historique au site Web Weebly [GRATUIT]","description":"Ajoutez une chronologie personnalis\u00e9e \u00e0 votre Weebly. Pr\u00e9sentez facilement votre historique, vos jalons et la progression des t\u00e2ches avec un widget Chronologie interactif sur Weebly.","robots":{"index":"index","follow":"follow","max-snippet":"max-snippet:-1","max-image-preview":"max-image-preview:large","max-video-preview":"max-video-preview:-1"},"canonical":"https:\/\/elfsight.com\/fr\/timeline-widget\/weebly\/","og_locale":"fr_FR","og_type":"article","og_title":"Widget Chronologie - Int\u00e9grer la ligne d'historique au site Web Weebly [GRATUIT]","og_description":"Ajoutez une chronologie personnalis\u00e9e \u00e0 votre Weebly. Pr\u00e9sentez facilement votre historique, vos jalons et la progression des t\u00e2ches avec un widget Chronologie interactif sur Weebly.","og_url":"https:\/\/elfsight.com\/fr\/timeline-widget\/weebly\/","og_site_name":"Elfsight FR","article_modified_time":"2025-07-10T13:54:45+00:00","twitter_card":"summary_large_image","twitter_misc":{"Dur\u00e9e de lecture estim\u00e9e":"4 minutes"},"schema":{"@context":"https:\/\/schema.org","@graph":[{"@type":"WebPage","@id":"https:\/\/elfsight.com\/fr\/timeline-widget\/weebly\/","url":"https:\/\/elfsight.com\/fr\/timeline-widget\/weebly\/","name":"Widget Chronologie - Int\u00e9grer la ligne d'historique au site Web Weebly [GRATUIT]","isPartOf":{"@id":"https:\/\/elfsight.com\/fr\/#website"},"datePublished":"2025-06-17T14:32:24+00:00","dateModified":"2025-07-10T13:54:45+00:00","description":"Ajoutez une chronologie personnalis\u00e9e \u00e0 votre Weebly. Pr\u00e9sentez facilement votre historique, vos jalons et la progression des t\u00e2ches avec un widget Chronologie interactif sur Weebly.","breadcrumb":{"@id":"https:\/\/elfsight.com\/fr\/timeline-widget\/weebly\/#breadcrumb"},"inLanguage":"fr-FR","potentialAction":[{"@type":"ReadAction","target":["https:\/\/elfsight.com\/fr\/timeline-widget\/weebly\/"]}]},{"@type":"BreadcrumbList","@id":"https:\/\/elfsight.com\/fr\/timeline-widget\/weebly\/#breadcrumb","itemListElement":[{"@type":"ListItem","position":1,"name":"Home","item":"https:\/\/elfsight.com\/fr\/"},{"@type":"ListItem","position":2,"name":"Timeline","item":"https:\/\/elfsight.com\/fr\/timeline-widget\/"},{"@type":"ListItem","position":3,"name":"Timeline &#8211; Weebly"}]},{"@type":"WebSite","@id":"https:\/\/elfsight.com\/fr\/#website","url":"https:\/\/elfsight.com\/fr\/","name":"Elfsight FR","description":"","potentialAction":[{"@type":"SearchAction","target":{"@type":"EntryPoint","urlTemplate":"https:\/\/elfsight.com\/fr\/?s={search_term_string}"},"query-input":{"@type":"PropertyValueSpecification","valueRequired":true,"valueName":"search_term_string"}}],"inLanguage":"fr-FR"}]}},"meta_box":{"industry":"","seo_heading":"","heading":"","description":"","cta_heading":"","cta_description":"","application":"16250","h1":"Plugin de chronologie pour Weebly","h1_caption":"Affichez une ligne historique attrayante pour pr\u00e9senter votre histoire, les r\u00e9alisations de votre projet ou vos \u00e9tapes avec un plugin Timeline interactif sur Weebly.","application_category":[],"applications_title":"","applications_request_title":"","applications_request_button_text":"","hero_text":"","hero_video":"","hero_video_schema_markup":"","selling_points_title":"","selling_points_caption":"","selling_points":[],"selling_points_cta_text":"","features_title":"","features":"","ed_cta_examples_text":"","ed_cta_examples_hidden":"","ed_cta_demo_text":"","ed_cta_demo_hidden":"","why_caption":"","why_editor_title":"","why_editor_text":"","why_team_title":"","why_team_text":"","why_service_title":"","why_service_text":"","template_catalog_visible":"0","template_catalog_title":"","template_catalog_text":"","template_catalog_categories_visible":"","demo_title":"Cr\u00e9ez votre plugin Weebly Timeline","demo_caption":"Personnalisez votre chronologie et ajoutez-la \u00e0 votre site Web en toute simplicit\u00e9\u00a0!","default_faq_hidden":"","app_template_category":[],"platform":"363","template_public_id":"","codecanyon_url":"","codecanyon_item_id":"","codecanyon_price":"","pricing_caption":"","pricing_elfsight_apps_hide_column":"","pricing_elfsight_apps_url":"","pricing_codecanyon_price_caption":"","integration_category":[],"integration_request_title":"","integration_request_cta":"","integration_platform":"","integrations":[],"platform_category":[],"video_schema_markup":"","price":"\u00e0 partir de 0$ \/ mois","trial":"","benefits":[],"button_url":"#demo","button_target_blank":"0","button_nofollow":"0","attributes":[{"name":"Installations","content":"50,000 - 100,000","_state":"expanded"},{"name":"Sensible","content":"Oui","_state":"expanded"},{"name":"Navigateurs compatibles","content":"Firefox, Safari, Opera, Chrome, Edge","_state":"expanded"}],"tags":[],"tags_disable_links":"0","hide_more_platforms":"0","video_object":"","demo_hide_cta":"0","demo_hide_cloud_options":"0","pricing_title":"","pricing":[{"pricing_icon":"platform","pricing_title":"Elfsight Apps","pricing_title_caption":"Logiciel multiplateforme adapt\u00e9 \u00e0 n'importe quel site","pricing_price":"\u00e0 partir de 0$ \/ mois","pricing_price_caption":"commencez avec un forfait gratuit","pricing_button_text":"Ajouter au site Web","pricing_button_url":"#demo"}],"related_apps_title":"","related_apps_hidden":"0","author":"","image":[],"title":"","job":"","social_networks":[]},"_links":{"self":[{"href":"https:\/\/elfsight.com\/fr\/wp-json\/wp\/v2\/pages\/16596","targetHints":{"allow":["GET"]}}],"collection":[{"href":"https:\/\/elfsight.com\/fr\/wp-json\/wp\/v2\/pages"}],"about":[{"href":"https:\/\/elfsight.com\/fr\/wp-json\/wp\/v2\/types\/page"}],"author":[{"embeddable":true,"href":"https:\/\/elfsight.com\/fr\/wp-json\/wp\/v2\/users\/9"}],"replies":[{"embeddable":true,"href":"https:\/\/elfsight.com\/fr\/wp-json\/wp\/v2\/comments?post=16596"}],"version-history":[{"count":2,"href":"https:\/\/elfsight.com\/fr\/wp-json\/wp\/v2\/pages\/16596\/revisions"}],"predecessor-version":[{"id":16598,"href":"https:\/\/elfsight.com\/fr\/wp-json\/wp\/v2\/pages\/16596\/revisions\/16598"}],"up":[{"embeddable":true,"href":"https:\/\/elfsight.com\/fr\/wp-json\/wp\/v2\/pages\/16251"}],"wp:attachment":[{"href":"https:\/\/elfsight.com\/fr\/wp-json\/wp\/v2\/media?parent=16596"}],"curies":[{"name":"wp","href":"https:\/\/api.w.org\/{rel}","templated":true}]}}