{"id":16592,"date":"2025-03-11T07:21:06","date_gmt":"2025-03-11T07:21:06","guid":{"rendered":"https:\/\/elfsight.com\/fr\/?page_id=16592"},"modified":"2025-07-10T13:54:37","modified_gmt":"2025-07-10T13:54:37","slug":"webnode","status":"publish","type":"page","link":"https:\/\/elfsight.com\/fr\/timeline-widget\/webnode\/","title":{"rendered":"Timeline &#8211; Webnode"},"content":{"rendered":"<div class=\"application-platform-content-item-description application-platform-content-item\" id=\"description\" data-nav-section=\"description\"><h2>Widget Chronologique Webnode<\/h2> <p>Am\u00e9liorez votre site web Webnode avec une frise chronologique interactive et visuellement captivante. Gr\u00e2ce au widget Chronologique d&rsquo;Elfsight, vous pouvez pr\u00e9senter les \u00e9tapes importantes de votre entreprise, suivre le d\u00e9veloppement de produits ou mettre en \u00e9vidence des \u00e9v\u00e9nements cl\u00e9s de mani\u00e8re chronologique et engageante. Aucun codage n&rsquo;est requis \u2014 juste une personnalisation et un int\u00e9gration simples qui vous permettent de cr\u00e9er une frise chronologique \u00e9tonnante et enti\u00e8rement r\u00e9active qui captive votre public.<\/p> <ul> <li><b>Cr\u00e9ez des frises chronologiques interactives sans code<\/b><br> Design your timeline in minutes, no programming required. Build an interactive timeline that allows you to engage visitors right away.<\/li> <li><b>Options de personnalisation avanc\u00e9es<\/b><br> Personnalisez la mise en page, les couleurs, les polices et bien plus encore pour correspondre \u00e0 l&rsquo;identit\u00e9 visuelle et au style de votre site web.<\/li> <li><b>Processus d&rsquo;int\u00e9gration simple<\/b><br> Int\u00e9grez votre frise chronologique personnalis\u00e9e sans effort dans votre site web Webnode avec un simple code HTML \u2014 no technical expertise needed.<\/li> <li><b>Support client r\u00e9actif<\/b><br> Notre \u00e9quipe d&rsquo;experts est toujours disponible pour vous aider avec toutes vos questions de configuration, garantissant que votre frise chronologique fonctionne parfaitement sur votre site.<\/li> <\/ul> <p><b>Essayez le widget Chronologique Elfsight pour cr\u00e9er une exp\u00e9rience interactive pour vos visiteurs d\u00e8s aujourd&rsquo;hui !<\/b><\/p> <\/div><div class=\"application-platform-content-item-features application-platform-content-item\" id=\"features\" data-nav-section=\"features\"><h2>Ce que vous pouvez faire avec la frise chronologique Webnode<\/h2> <ul> <li><strong>Engagez visuellement les visiteurs<\/strong><br> Pr\u00e9sentez les jalons, les r\u00e9alisations ou les \u00e9v\u00e9nements cl\u00e9s dans un format visuel engageant. An interactive timeline presents your story in a way that encourages your audience to explore and interact.<\/li> <li><strong>Suivez les jalons et les \u00e9v\u00e9nements<\/strong><br> Pr\u00e9sentez le parcours de votre entreprise ou le d\u00e9veloppement de produits dans un format clair et chronologique. Let visitors follow your story and stay informed about your progress.<\/li> <li><strong>Mettez en \u00e9vidence les moments cl\u00e9s<\/strong><br> Soulignez les jalons ou les r\u00e9alisations importants qui d\u00e9finissent votre parcours. A clean and attractive timeline format grabs attention and drives user engagement.<\/li> <\/ul> <p><a href=\"#demo\">Explorez l&rsquo;\u00e9diteur pour d\u00e9couvrir toutes les fonctionnalit\u00e9s du widget Chronologique.<\/a><\/p> <\/div><div class=\"application-platform-content-item-installation application-platform-content-item\" id=\"installation\" data-nav-section=\"installation\"><h2>Comment int\u00e9grer une frise chronologique sur Webnode<\/h2> <p>L&rsquo;ajout du widget Chronologique \u00e0 votre site web Webnode est rapide et facile. Suivez ces \u00e9tapes simples :<\/p> <ol> <li><b>Cr\u00e9ez votre frise chronologique Webnode personnalis\u00e9e<\/b><br> Start by selecting a template from our editor. Customize the design, layout, and milestones according to your website\u2019s needs.<\/li> <li><b>Get your unique embed code<\/b><br> Once your timeline is ready, you\u2019ll receive a unique HTML embed code. Copy this code for future use.<\/li> <li><b>Embed the code into your Webnode website<\/b><br> Paste the HTML embed code into the appropriate section of your Webnode page, save your changes, and your timeline will be live!<\/li> <li><b>Done! Enjoy your new interactive timeline!<\/b><br> Visit your site to see the timeline in action and start engaging your visitors with a dynamic and visually appealing experience.<\/li> <\/ol> <p>For more detailed instructions, check out our guide on <a href=\"https:\/\/elfsight.com\/blog\/how-to-embed-timeline-to-website\/\" target=\"_blank\" rel=\"noopener\">how to add a timeline to your website<\/a>.<\/p> <\/div><div class=\"faq\" data-component=\"FAQ\"><div class=\"faq-item\">\r\n\t\t\t\t\t<div class=\"faq-item-question\">\r\n\t\t\t\t\t\t<h3 class=\"faq-item-question-text\">Le widget Chronologique pour Webnode est-il gratuit ?<\/h3>\r\n\r\n\t\t\t\t\t\t<div class=\"faq-item-question-icon\"><\/div>\r\n\t\t\t\t\t<\/div>\r\n\r\n\t\t\t\t\t<div class=\"faq-item-answer\">\r\n\t\t\t\t\t\t<div class=\"faq-item-answer-text\">Oui, Elfsight propose un plan gratuit qui vous donne acc\u00e8s aux fonctionnalit\u00e9s de base du widget Chronologique. Des plans payants sont disponibles pour des options de personnalisation plus avanc\u00e9es et des fonctionnalit\u00e9s suppl\u00e9mentaires.<\/div>\r\n\t\t\t\t\t<\/div>\r\n\t\t\t\t<\/div><div class=\"faq-item\">\r\n\t\t\t\t\t<div class=\"faq-item-question\">\r\n\t\t\t\t\t\t<h3 class=\"faq-item-question-text\">Ai-je besoin de comp\u00e9tences en codage pour utiliser le widget Chronologique pour Webnode ?<\/h3>\r\n\r\n\t\t\t\t\t\t<div class=\"faq-item-question-icon\"><\/div>\r\n\t\t\t\t\t<\/div>\r\n\r\n\t\t\t\t\t<div class=\"faq-item-answer\">\r\n\t\t\t\t\t\t<div class=\"faq-item-answer-text\">Non, le plugin Webnode Timeline d&rsquo;Elfsight ne n\u00e9cessite aucune comp\u00e9tence en codage. Vous pouvez facilement personnaliser et int\u00e9grer votre frise chronologique en utilisant notre \u00e9diteur intuitif.<\/div>\r\n\t\t\t\t\t<\/div>\r\n\t\t\t\t<\/div><div class=\"faq-item\">\r\n\t\t\t\t\t<div class=\"faq-item-question\">\r\n\t\t\t\t\t\t<h3 class=\"faq-item-question-text\">How can I create an interactive timeline for Webnode?<\/h3>\r\n\r\n\t\t\t\t\t\t<div class=\"faq-item-question-icon\"><\/div>\r\n\t\t\t\t\t<\/div>\r\n\r\n\t\t\t\t\t<div class=\"faq-item-answer\">\r\n\t\t\t\t\t\t<div class=\"faq-item-answer-text\">Simply choose a template from the editor, adjust the settings to fit your needs, and embed the generated HTML code into your Webnode website.<\/div>\r\n\t\t\t\t\t<\/div>\r\n\t\t\t\t<\/div><div class=\"faq-item\">\r\n\t\t\t\t\t<div class=\"faq-item-question\">\r\n\t\t\t\t\t\t<h3 class=\"faq-item-question-text\">What types of timelines can I create for Webnode?<\/h3>\r\n\r\n\t\t\t\t\t\t<div class=\"faq-item-question-icon\"><\/div>\r\n\t\t\t\t\t<\/div>\r\n\r\n\t\t\t\t\t<div class=\"faq-item-answer\">\r\n\t\t\t\t\t\t<div class=\"faq-item-answer-text\">With the Elfsight Timeline widget, you can create a variety of timelines, including:<ul> <li><strong>Company History<\/strong>: Show the growth and key milestones of your business.<\/li> <li><strong>Product Development<\/strong>: Track the journey of your product from idea to launch.<\/li> <li><strong>Project Timeline<\/strong>: Present the stages of a project or campaign.<\/li> <li><strong>Event Timeline<\/strong>: Display upcoming events or product launches in a clear, easy-to-follow format.<\/li> <\/ul> <\/div>\r\n\t\t\t\t\t<\/div>\r\n\t\t\t\t<\/div> <\/div>\u00ab\u00a0`","protected":false},"excerpt":{"rendered":"\u00ab\u00a0`","protected":false},"author":9,"featured_media":0,"parent":16251,"menu_order":0,"comment_status":"closed","ping_status":"closed","template":"templates\/template-application-platform.php","meta":{"publish_to_discourse":"","publish_post_category":"","wpdc_auto_publish_overridden":"","wpdc_topic_tags":"","wpdc_pin_topic":"","wpdc_pin_until":"","discourse_post_id":"","discourse_permalink":"","wpdc_publishing_response":"","wpdc_publishing_error":"","footnotes":""},"class_list":["post-16592","page","type-page","status-publish","hentry"],"yoast_head":"<!-- This site is optimized with the Yoast SEO plugin v25.3.1 - https:\/\/yoast.com\/wordpress\/plugins\/seo\/ -->\n<title>Timeline Widget \u2013 Cr\u00e9ez une feuille de route interactive pour Webnode | Gratuit<\/title>\n<meta name=\"description\" content=\"Engagez vos visiteurs avec une chronologie personnalisable sur votre site. Mettez facilement en \u00e9vidence les jalons, les \u00e9v\u00e9nements et les progr\u00e8s avec le widget Timeline d&#039;Elfsight pour Webnode.\" \/>\n<meta name=\"robots\" content=\"index, follow, max-snippet:-1, max-image-preview:large, max-video-preview:-1\" \/>\n<link rel=\"canonical\" href=\"https:\/\/elfsight.com\/fr\/timeline-widget\/webnode\/\" \/>\n<meta property=\"og:locale\" content=\"fr_FR\" \/>\n<meta property=\"og:type\" content=\"article\" \/>\n<meta property=\"og:title\" content=\"Timeline Widget \u2013 Cr\u00e9ez une feuille de route interactive pour Webnode | Gratuit\" \/>\n<meta property=\"og:description\" content=\"Engagez vos visiteurs avec une chronologie personnalisable sur votre site. Mettez facilement en \u00e9vidence les jalons, les \u00e9v\u00e9nements et les progr\u00e8s avec le widget Timeline d&#039;Elfsight pour Webnode.\" \/>\n<meta property=\"og:url\" content=\"https:\/\/elfsight.com\/fr\/timeline-widget\/webnode\/\" \/>\n<meta property=\"og:site_name\" content=\"Elfsight FR\" \/>\n<meta property=\"article:modified_time\" content=\"2025-07-10T13:54:37+00:00\" \/>\n<meta name=\"twitter:card\" content=\"summary_large_image\" \/>\n<meta name=\"twitter:label1\" content=\"Dur\u00e9e de lecture estim\u00e9e\" \/>\n\t<meta name=\"twitter:data1\" content=\"4 minutes\" \/>\n<!-- \/ Yoast SEO plugin. -->","yoast_head_json":{"title":"Timeline Widget \u2013 Cr\u00e9ez une feuille de route interactive pour Webnode | Gratuit","description":"Engagez vos visiteurs avec une chronologie personnalisable sur votre site. Mettez facilement en \u00e9vidence les jalons, les \u00e9v\u00e9nements et les progr\u00e8s avec le widget Timeline d'Elfsight pour Webnode.","robots":{"index":"index","follow":"follow","max-snippet":"max-snippet:-1","max-image-preview":"max-image-preview:large","max-video-preview":"max-video-preview:-1"},"canonical":"https:\/\/elfsight.com\/fr\/timeline-widget\/webnode\/","og_locale":"fr_FR","og_type":"article","og_title":"Timeline Widget \u2013 Cr\u00e9ez une feuille de route interactive pour Webnode | Gratuit","og_description":"Engagez vos visiteurs avec une chronologie personnalisable sur votre site. Mettez facilement en \u00e9vidence les jalons, les \u00e9v\u00e9nements et les progr\u00e8s avec le widget Timeline d'Elfsight pour Webnode.","og_url":"https:\/\/elfsight.com\/fr\/timeline-widget\/webnode\/","og_site_name":"Elfsight FR","article_modified_time":"2025-07-10T13:54:37+00:00","twitter_card":"summary_large_image","twitter_misc":{"Dur\u00e9e de lecture estim\u00e9e":"4 minutes"},"schema":{"@context":"https:\/\/schema.org","@graph":[{"@type":"WebPage","@id":"https:\/\/elfsight.com\/fr\/timeline-widget\/webnode\/","url":"https:\/\/elfsight.com\/fr\/timeline-widget\/webnode\/","name":"Timeline Widget \u2013 Cr\u00e9ez une feuille de route interactive pour Webnode | Gratuit","isPartOf":{"@id":"https:\/\/elfsight.com\/fr\/#website"},"datePublished":"2025-03-11T07:21:06+00:00","dateModified":"2025-07-10T13:54:37+00:00","description":"Engagez vos visiteurs avec une chronologie personnalisable sur votre site. Mettez facilement en \u00e9vidence les jalons, les \u00e9v\u00e9nements et les progr\u00e8s avec le widget Timeline d'Elfsight pour Webnode.","breadcrumb":{"@id":"https:\/\/elfsight.com\/fr\/timeline-widget\/webnode\/#breadcrumb"},"inLanguage":"fr-FR","potentialAction":[{"@type":"ReadAction","target":["https:\/\/elfsight.com\/fr\/timeline-widget\/webnode\/"]}]},{"@type":"BreadcrumbList","@id":"https:\/\/elfsight.com\/fr\/timeline-widget\/webnode\/#breadcrumb","itemListElement":[{"@type":"ListItem","position":1,"name":"Home","item":"https:\/\/elfsight.com\/fr\/"},{"@type":"ListItem","position":2,"name":"Timeline","item":"https:\/\/elfsight.com\/fr\/timeline-widget\/"},{"@type":"ListItem","position":3,"name":"Timeline &#8211; Webnode"}]},{"@type":"WebSite","@id":"https:\/\/elfsight.com\/fr\/#website","url":"https:\/\/elfsight.com\/fr\/","name":"Elfsight FR","description":"","potentialAction":[{"@type":"SearchAction","target":{"@type":"EntryPoint","urlTemplate":"https:\/\/elfsight.com\/fr\/?s={search_term_string}"},"query-input":{"@type":"PropertyValueSpecification","valueRequired":true,"valueName":"search_term_string"}}],"inLanguage":"fr-FR"}]}},"meta_box":{"industry":"","seo_heading":"","heading":"","description":"","cta_heading":"","cta_description":"","application":"16250","h1":"Timeline widget for Webnode","h1_caption":"Affichez une chronologie captivante des \u00e9tapes importantes pour r\u00e9v\u00e9ler votre histoire, les marqueurs de t\u00e2ches ou les \u00e9v\u00e9nements avec une frise chronologique interactive sur un site Web Webnode.","application_category":[],"applications_title":"","applications_request_title":"","applications_request_button_text":"","hero_text":"","hero_video":"","hero_video_schema_markup":"","selling_points_title":"","selling_points_caption":"","selling_points":[],"selling_points_cta_text":"","features_title":"","features":"","ed_cta_examples_text":"","ed_cta_examples_hidden":"","ed_cta_demo_text":"","ed_cta_demo_hidden":"","why_caption":"","why_editor_title":"","why_editor_text":"","why_team_title":"","why_team_text":"","why_service_title":"","why_service_text":"","template_catalog_visible":"","template_catalog_title":"","template_catalog_text":"","template_catalog_categories_visible":"","demo_title":"Cr\u00e9ez votre widget Timeline Webnode","demo_caption":"Personnalisez votre chronologie et ajoutez-la \u00e0 votre site Web en toute simplicit\u00e9\u00a0!","default_faq_hidden":"","app_template_category":[],"platform":"2394","template_public_id":"","codecanyon_url":"","codecanyon_item_id":"","codecanyon_price":"","pricing_caption":"","pricing_elfsight_apps_hide_column":"","pricing_elfsight_apps_url":"","pricing_codecanyon_price_caption":"","integration_category":[],"integration_request_title":"","integration_request_cta":"","integration_platform":"","integrations":[],"platform_category":[],"video_schema_markup":"","price":"\u00e0 partir de 0$ \/ mois","trial":"","benefits":[],"button_url":"#demo","button_target_blank":"0","button_nofollow":"0","attributes":[{"name":"Installations","content":"50,000 - 100,000","_state":"expanded"},{"name":"Sensible","content":"Oui","_state":"expanded"},{"name":"Navigateurs compatibles","content":"Firefox, Safari, Opera, Chrome, Edge","_state":"expanded"}],"tags":[],"tags_disable_links":"","hide_more_platforms":"","video_object":"","demo_hide_cta":"0","demo_hide_cloud_options":"","pricing_title":"","pricing":[{"pricing_icon":"platform","pricing_title":"Elfsight Apps","pricing_title_caption":"Logiciel multiplateforme adapt\u00e9 \u00e0 n'importe quel site","pricing_price":"\u00e0 partir de 0$ \/ mois","pricing_price_caption":"commencez avec un forfait gratuit","pricing_button_text":"Ajouter au site Web","pricing_button_url":"#demo"}],"related_apps_title":"","related_apps_hidden":"","author":"","image":[],"title":"","job":"","social_networks":[]},"_links":{"self":[{"href":"https:\/\/elfsight.com\/fr\/wp-json\/wp\/v2\/pages\/16592","targetHints":{"allow":["GET"]}}],"collection":[{"href":"https:\/\/elfsight.com\/fr\/wp-json\/wp\/v2\/pages"}],"about":[{"href":"https:\/\/elfsight.com\/fr\/wp-json\/wp\/v2\/types\/page"}],"author":[{"embeddable":true,"href":"https:\/\/elfsight.com\/fr\/wp-json\/wp\/v2\/users\/9"}],"replies":[{"embeddable":true,"href":"https:\/\/elfsight.com\/fr\/wp-json\/wp\/v2\/comments?post=16592"}],"version-history":[{"count":1,"href":"https:\/\/elfsight.com\/fr\/wp-json\/wp\/v2\/pages\/16592\/revisions"}],"predecessor-version":[{"id":16594,"href":"https:\/\/elfsight.com\/fr\/wp-json\/wp\/v2\/pages\/16592\/revisions\/16594"}],"up":[{"embeddable":true,"href":"https:\/\/elfsight.com\/fr\/wp-json\/wp\/v2\/pages\/16251"}],"wp:attachment":[{"href":"https:\/\/elfsight.com\/fr\/wp-json\/wp\/v2\/media?parent=16592"}],"curies":[{"name":"wp","href":"https:\/\/api.w.org\/{rel}","templated":true}]}}