{"id":16589,"date":"2025-06-16T13:10:33","date_gmt":"2025-06-16T13:10:33","guid":{"rendered":"https:\/\/elfsight.com\/fr\/?page_id=16589"},"modified":"2025-07-10T13:54:08","modified_gmt":"2025-07-10T13:54:08","slug":"opencart","status":"publish","type":"page","link":"https:\/\/elfsight.com\/fr\/timeline-widget\/opencart\/","title":{"rendered":"Timeline &#8211; OpenCart"},"content":{"rendered":"\n<div class=\"application-platform-content-item-description application-platform-content-item\" id=\"description\" data-nav-section=\"description\">\n\n<h2>Extension Timeline pour OpenCart<\/h2> \n<p>Am\u00e9liorez votre site OpenCart avec une frise chronologique interactive, attrayante et personnalisable. Que vous souhaitiez pr\u00e9senter l\u2019histoire de votre entreprise, mettre en avant le d\u00e9veloppement d\u2019un produit ou suivre les \u00e9tapes d\u2019un projet, le widget Timeline d\u2019Elfsight pour OpenCart vous permet de cr\u00e9er facilement une frise chronologique \u00e9l\u00e9gante et responsive. Sans aucune comp\u00e9tence en codage, vous pouvez concevoir une feuille de route visuelle qui capte l\u2019attention des visiteurs et les maintient engag\u00e9s.<\/p> \n<ul> \n  <li><b>Cr\u00e9ez des frises chronologiques interactives sans coder<\/b><br> \n  Concevez et personnalisez votre frise en quelques minutes, sans comp\u00e9tences techniques. Lancez-la instantan\u00e9ment et engagez votre audience sans effort.<\/li> \n  <li><b>Options de personnalisation avanc\u00e9es<\/b><br> \n  Personnalisez la mise en page, les couleurs, les polices et plus encore pour correspondre au style et \u00e0 l\u2019image de votre site.<\/li> \n  <li><b>Processus d\u2019int\u00e9gration simple<\/b><br> \n  Ajoutez facilement votre frise personnalis\u00e9e \u00e0 votre site OpenCart \u00e0 l\u2019aide d\u2019un simple code HTML, sans exp\u00e9rience technique.<\/li> \n  <li><b>Assistance client r\u00e9active<\/b><br> \n  Notre \u00e9quipe d\u2019assistance est toujours pr\u00eate \u00e0 vous aider pour l\u2019installation et le d\u00e9pannage, afin que votre frise fonctionne parfaitement sur votre site.<\/li> \n<\/ul> \n<p><b>Essayez le widget Timeline d\u2019Elfsight pour offrir \u00e0 vos visiteurs une exp\u00e9rience interactive et visuellement captivante !<\/b><\/p> \n<\/div>\n\n<div class=\"application-platform-content-item-features application-platform-content-item\" id=\"features\" data-nav-section=\"features\">\n\n<h2>Ce que vous pouvez faire avec le Timeline pour OpenCart<\/h2> \n<ul> \n  <li><strong>Captivez visuellement vos visiteurs<\/strong><br> \n  Pr\u00e9sentez vos \u00e9tapes cl\u00e9s, r\u00e9alisations et \u00e9v\u00e9nements sous un format visuel et dynamique. Une frise chronologique est une mani\u00e8re interactive de captiver votre audience et de l\u2019encourager \u00e0 explorer davantage votre contenu.<\/li> \n  <li><strong>Suivez les progr\u00e8s et \u00e9v\u00e9nements cl\u00e9s<\/strong><br> \n  Affichez l\u2019\u00e9volution de votre entreprise, les \u00e9v\u00e9nements majeurs ou les jalons de projet de fa\u00e7on claire et chronologique. Cela aide les visiteurs \u00e0 suivre votre parcours et \u00e0 rester inform\u00e9s.<\/li> \n  <li><strong>Mettre en avant les \u00e9tapes importantes<\/strong><br> \n  Mettez en lumi\u00e8re vos principales r\u00e9ussites dans une mise en page claire et facile \u00e0 suivre, qui attire l\u2019attention et favorise l\u2019engagement avec votre contenu.<\/li> \n<\/ul> \n<p><a href=\"#demo\">D\u00e9couvrez l\u2019\u00e9diteur pour voir toutes les fonctionnalit\u00e9s du widget Timeline.<\/a><\/p> \n<\/div>\n\n<div class=\"application-platform-content-item-installation application-platform-content-item\" id=\"installation\" data-nav-section=\"installation\">\n\n<h2>Comment int\u00e9grer une frise chronologique dans OpenCart<\/h2> \n<p>Ajouter l\u2019extension Timeline \u00e0 votre site OpenCart est simple et ne n\u00e9cessite aucune connaissance en codage. Suivez ces \u00e9tapes faciles :<\/p> \n<ol> \n  <li><b>Cr\u00e9ez votre frise personnalis\u00e9e pour OpenCart<\/b><br> \n  Commencez par choisir un mod\u00e8le dans notre \u00e9diteur. Personnalisez-le en ajustant la mise en page, en ajoutant des jalons et en adaptant le design \u00e0 votre site.<\/li> \n  <li><b>Obtenez votre code d\u2019int\u00e9gration unique<\/b><br> \n  Une fois la personnalisation termin\u00e9e, vous recevrez un code HTML unique. Copiez-le pour l\u2019utiliser sur votre site.<\/li> \n  <li><b>Int\u00e9grez le code dans votre site OpenCart<\/b><br> \n  Collez le code HTML dans la section appropri\u00e9e de votre page OpenCart. Enregistrez les modifications, et votre frise interactive sera en ligne !<\/li> \n  <li><b>Profitez de votre nouvelle frise interactive !<\/b><br> \n  Visitez votre site pour voir la frise en action et engagez vos visiteurs avec une exp\u00e9rience visuelle et interactive.<\/li> \n<\/ol> \n<p>Pour des instructions plus d\u00e9taill\u00e9es, consultez notre guide sur <a href=\"https:\/\/elfsight.com\/blog\/how-to-embed-timeline-to-website\/\" target=\"_blank\" rel=\"noopener\">comment ajouter une frise chronologique \u00e0 votre site<\/a>.<\/p> \n<\/div>\n\n<div class=\"faq\" data-component=\"FAQ\">\n<div class=\"faq-item\">\r\n\t\t\t\t\t<div class=\"faq-item-question\">\r\n\t\t\t\t\t\t<h3 class=\"faq-item-question-text\">L\u2019extension Timeline pour OpenCart est-elle gratuite ?<\/h3>\r\n\r\n\t\t\t\t\t\t<div class=\"faq-item-question-icon\"><\/div>\r\n\t\t\t\t\t<\/div>\r\n\r\n\t\t\t\t\t<div class=\"faq-item-answer\">\r\n\t\t\t\t\t\t<div class=\"faq-item-answer-text\">\nOui, Elfsight propose un mod\u00e8le d\u2019abonnement avec un plan gratuit incluant les fonctionnalit\u00e9s de base du widget Timeline. Vous pouvez passer \u00e0 un plan payant pour plus d\u2019options de personnalisation.\n<\/div>\r\n\t\t\t\t\t<\/div>\r\n\t\t\t\t<\/div>\n\n<div class=\"faq-item\">\r\n\t\t\t\t\t<div class=\"faq-item-question\">\r\n\t\t\t\t\t\t<h3 class=\"faq-item-question-text\">Ai-je besoin de comp\u00e9tences en codage pour utiliser le widget Timeline ?<\/h3>\r\n\r\n\t\t\t\t\t\t<div class=\"faq-item-question-icon\"><\/div>\r\n\t\t\t\t\t<\/div>\r\n\r\n\t\t\t\t\t<div class=\"faq-item-answer\">\r\n\t\t\t\t\t\t<div class=\"faq-item-answer-text\">\nNon, le g\u00e9n\u00e9rateur de frises chronologiques d\u2019Elfsight pour OpenCart ne n\u00e9cessite aucune connaissance en programmation. Utilisez simplement notre \u00e9diteur intuitif pour cr\u00e9er et personnaliser votre frise.\n<\/div>\r\n\t\t\t\t\t<\/div>\r\n\t\t\t\t<\/div>\n\n<div class=\"faq-item\">\r\n\t\t\t\t\t<div class=\"faq-item-question\">\r\n\t\t\t\t\t\t<h3 class=\"faq-item-question-text\">Comment cr\u00e9er une frise interactive pour OpenCart ?<\/h3>\r\n\r\n\t\t\t\t\t\t<div class=\"faq-item-question-icon\"><\/div>\r\n\t\t\t\t\t<\/div>\r\n\r\n\t\t\t\t\t<div class=\"faq-item-answer\">\r\n\t\t\t\t\t\t<div class=\"faq-item-answer-text\">\nChoisissez un mod\u00e8le dans l\u2019\u00e9diteur, personnalisez-le selon vos besoins, puis int\u00e9grez le code HTML g\u00e9n\u00e9r\u00e9 dans votre site OpenCart.\n<\/div>\r\n\t\t\t\t\t<\/div>\r\n\t\t\t\t<\/div>\n\n<div class=\"faq-item\">\r\n\t\t\t\t\t<div class=\"faq-item-question\">\r\n\t\t\t\t\t\t<h3 class=\"faq-item-question-text\">Quels types de frises puis-je cr\u00e9er pour OpenCart ?<\/h3>\r\n\r\n\t\t\t\t\t\t<div class=\"faq-item-question-icon\"><\/div>\r\n\t\t\t\t\t<\/div>\r\n\r\n\t\t\t\t\t<div class=\"faq-item-answer\">\r\n\t\t\t\t\t\t<div class=\"faq-item-answer-text\">\nVous pouvez cr\u00e9er diff\u00e9rents types de frises, par exemple :\n\n<ul> \n  <li><strong>Historique de l\u2019entreprise<\/strong> : Pr\u00e9sentez la croissance et les r\u00e9alisations de votre soci\u00e9t\u00e9 au fil du temps.<\/li> \n  <li><strong>D\u00e9veloppement de produit<\/strong> : Suivez le parcours de votre produit, de l\u2019id\u00e9e \u00e0 la sortie.<\/li> \n  <li><strong>Frise de projet<\/strong> : Affichez les diff\u00e9rentes \u00e9tapes de vos projets ou campagnes.<\/li> \n  <li><strong>Calendriers d\u2019\u00e9v\u00e9nements<\/strong> : Pr\u00e9sentez des frises pour des \u00e9v\u00e9nements, lancements de produits ou conf\u00e9rences.<\/li> \n<\/ul> \n<\/div>\r\n\t\t\t\t\t<\/div>\r\n\t\t\t\t<\/div> \n<\/div>\n\n","protected":false},"excerpt":{"rendered":"","protected":false},"author":9,"featured_media":0,"parent":16251,"menu_order":0,"comment_status":"closed","ping_status":"closed","template":"templates\/template-application-platform.php","meta":{"publish_to_discourse":"","publish_post_category":"","wpdc_auto_publish_overridden":"","wpdc_topic_tags":"","wpdc_pin_topic":"","wpdc_pin_until":"","discourse_post_id":"","discourse_permalink":"","wpdc_publishing_response":"","wpdc_publishing_error":"","footnotes":""},"class_list":["post-16589","page","type-page","status-publish","hentry"],"yoast_head":"<!-- This site is optimized with the Yoast SEO plugin v25.3.1 - https:\/\/yoast.com\/wordpress\/plugins\/seo\/ -->\n<title>Chronologie OpenCart \u2013 Cr\u00e9ez une ligne d&#039;historique pour un site Web [GRATUIT]<\/title>\n<meta name=\"description\" content=\"Ajoutez une chronologie personnalis\u00e9e \u00e0 votre boutique OpenCart. Affichez les \u00e9tapes cl\u00e9s du produit, les r\u00e9alisations de l&#039;entreprise ou les \u00e9v\u00e9nements avec un widget Chronologie personnalisable sans code.\" \/>\n<meta name=\"robots\" content=\"index, follow, max-snippet:-1, max-image-preview:large, max-video-preview:-1\" \/>\n<link rel=\"canonical\" href=\"https:\/\/elfsight.com\/fr\/timeline-widget\/opencart\/\" \/>\n<meta property=\"og:locale\" content=\"fr_FR\" \/>\n<meta property=\"og:type\" content=\"article\" \/>\n<meta property=\"og:title\" content=\"Chronologie OpenCart \u2013 Cr\u00e9ez une ligne d&#039;historique pour un site Web [GRATUIT]\" \/>\n<meta property=\"og:description\" content=\"Ajoutez une chronologie personnalis\u00e9e \u00e0 votre boutique OpenCart. Affichez les \u00e9tapes cl\u00e9s du produit, les r\u00e9alisations de l&#039;entreprise ou les \u00e9v\u00e9nements avec un widget Chronologie personnalisable sans code.\" \/>\n<meta property=\"og:url\" content=\"https:\/\/elfsight.com\/fr\/timeline-widget\/opencart\/\" \/>\n<meta property=\"og:site_name\" content=\"Elfsight FR\" \/>\n<meta property=\"article:modified_time\" content=\"2025-07-10T13:54:08+00:00\" \/>\n<meta name=\"twitter:card\" content=\"summary_large_image\" \/>\n<meta name=\"twitter:label1\" content=\"Dur\u00e9e de lecture estim\u00e9e\" \/>\n\t<meta name=\"twitter:data1\" content=\"4 minutes\" \/>\n<!-- \/ Yoast SEO plugin. -->","yoast_head_json":{"title":"Chronologie OpenCart \u2013 Cr\u00e9ez une ligne d'historique pour un site Web [GRATUIT]","description":"Ajoutez une chronologie personnalis\u00e9e \u00e0 votre boutique OpenCart. Affichez les \u00e9tapes cl\u00e9s du produit, les r\u00e9alisations de l'entreprise ou les \u00e9v\u00e9nements avec un widget Chronologie personnalisable sans code.","robots":{"index":"index","follow":"follow","max-snippet":"max-snippet:-1","max-image-preview":"max-image-preview:large","max-video-preview":"max-video-preview:-1"},"canonical":"https:\/\/elfsight.com\/fr\/timeline-widget\/opencart\/","og_locale":"fr_FR","og_type":"article","og_title":"Chronologie OpenCart \u2013 Cr\u00e9ez une ligne d'historique pour un site Web [GRATUIT]","og_description":"Ajoutez une chronologie personnalis\u00e9e \u00e0 votre boutique OpenCart. Affichez les \u00e9tapes cl\u00e9s du produit, les r\u00e9alisations de l'entreprise ou les \u00e9v\u00e9nements avec un widget Chronologie personnalisable sans code.","og_url":"https:\/\/elfsight.com\/fr\/timeline-widget\/opencart\/","og_site_name":"Elfsight FR","article_modified_time":"2025-07-10T13:54:08+00:00","twitter_card":"summary_large_image","twitter_misc":{"Dur\u00e9e de lecture estim\u00e9e":"4 minutes"},"schema":{"@context":"https:\/\/schema.org","@graph":[{"@type":"WebPage","@id":"https:\/\/elfsight.com\/fr\/timeline-widget\/opencart\/","url":"https:\/\/elfsight.com\/fr\/timeline-widget\/opencart\/","name":"Chronologie OpenCart \u2013 Cr\u00e9ez une ligne d'historique pour un site Web [GRATUIT]","isPartOf":{"@id":"https:\/\/elfsight.com\/fr\/#website"},"datePublished":"2025-06-16T13:10:33+00:00","dateModified":"2025-07-10T13:54:08+00:00","description":"Ajoutez une chronologie personnalis\u00e9e \u00e0 votre boutique OpenCart. Affichez les \u00e9tapes cl\u00e9s du produit, les r\u00e9alisations de l'entreprise ou les \u00e9v\u00e9nements avec un widget Chronologie personnalisable sans code.","breadcrumb":{"@id":"https:\/\/elfsight.com\/fr\/timeline-widget\/opencart\/#breadcrumb"},"inLanguage":"fr-FR","potentialAction":[{"@type":"ReadAction","target":["https:\/\/elfsight.com\/fr\/timeline-widget\/opencart\/"]}]},{"@type":"BreadcrumbList","@id":"https:\/\/elfsight.com\/fr\/timeline-widget\/opencart\/#breadcrumb","itemListElement":[{"@type":"ListItem","position":1,"name":"Home","item":"https:\/\/elfsight.com\/fr\/"},{"@type":"ListItem","position":2,"name":"Timeline","item":"https:\/\/elfsight.com\/fr\/timeline-widget\/"},{"@type":"ListItem","position":3,"name":"Timeline &#8211; OpenCart"}]},{"@type":"WebSite","@id":"https:\/\/elfsight.com\/fr\/#website","url":"https:\/\/elfsight.com\/fr\/","name":"Elfsight FR","description":"","potentialAction":[{"@type":"SearchAction","target":{"@type":"EntryPoint","urlTemplate":"https:\/\/elfsight.com\/fr\/?s={search_term_string}"},"query-input":{"@type":"PropertyValueSpecification","valueRequired":true,"valueName":"search_term_string"}}],"inLanguage":"fr-FR"}]}},"meta_box":{"industry":"","seo_heading":"","heading":"","description":"","cta_heading":"","cta_description":"","application":"16250","h1":"Module compl\u00e9mentaire de chronologie pour OpenCart","h1_caption":"Pr\u00e9sentez une chronologie attrayante de r\u00e9alisations pour r\u00e9v\u00e9ler votre r\u00e9cit, vos \u00e9tapes de progression ou vos \u00e9v\u00e9nements avec une chronologie interactive sur votre site Web OpenCart.","application_category":[],"applications_title":"","applications_request_title":"","applications_request_button_text":"","hero_text":"","hero_video":"","hero_video_schema_markup":"","selling_points_title":"","selling_points_caption":"","selling_points":[],"selling_points_cta_text":"","features_title":"","features":"","ed_cta_examples_text":"","ed_cta_examples_hidden":"","ed_cta_demo_text":"","ed_cta_demo_hidden":"","why_caption":"","why_editor_title":"","why_editor_text":"","why_team_title":"","why_team_text":"","why_service_title":"","why_service_text":"","template_catalog_visible":"0","template_catalog_title":"","template_catalog_text":"","template_catalog_categories_visible":"","demo_title":"Cr\u00e9ez votre module compl\u00e9mentaire OpenCart Timeline","demo_caption":"Personnalisez votre chronologie et ajoutez-la \u00e0 votre site Web en toute simplicit\u00e9\u00a0!","default_faq_hidden":"","app_template_category":[],"platform":"359","template_public_id":"","codecanyon_url":"","codecanyon_item_id":"","codecanyon_price":"","pricing_caption":"","pricing_elfsight_apps_hide_column":"","pricing_elfsight_apps_url":"","pricing_codecanyon_price_caption":"","integration_category":[],"integration_request_title":"","integration_request_cta":"","integration_platform":"","integrations":[],"platform_category":[],"video_schema_markup":"","price":"\u00e0 partir de 0$ \/ mois","trial":"","benefits":[],"button_url":"#demo","button_target_blank":"0","button_nofollow":"0","attributes":[{"name":"Installations","content":"50,000 - 100,000","_state":"expanded"},{"name":"Sensible","content":"Oui","_state":"expanded"},{"name":"Navigateurs compatibles","content":"Firefox, Safari, Opera, Chrome, Edge","_state":"expanded"}],"tags":[],"tags_disable_links":"0","hide_more_platforms":"0","video_object":"","demo_hide_cta":"0","demo_hide_cloud_options":"0","pricing_title":"","pricing":[{"pricing_icon":"platform","pricing_title":"Elfsight Apps","pricing_title_caption":"Logiciel multiplateforme qui fonctionne sur n'importe quel site web","pricing_price":"\u00e0 partir de 0 $ \/ mois","pricing_price_caption":"Commencez avec un plan gratuit","pricing_button_text":"Ajouter au site web","pricing_button_url":"#demo"}],"related_apps_title":"","related_apps_hidden":"0","author":"","image":[],"title":"","job":"","social_networks":[]},"_links":{"self":[{"href":"https:\/\/elfsight.com\/fr\/wp-json\/wp\/v2\/pages\/16589","targetHints":{"allow":["GET"]}}],"collection":[{"href":"https:\/\/elfsight.com\/fr\/wp-json\/wp\/v2\/pages"}],"about":[{"href":"https:\/\/elfsight.com\/fr\/wp-json\/wp\/v2\/types\/page"}],"author":[{"embeddable":true,"href":"https:\/\/elfsight.com\/fr\/wp-json\/wp\/v2\/users\/9"}],"replies":[{"embeddable":true,"href":"https:\/\/elfsight.com\/fr\/wp-json\/wp\/v2\/comments?post=16589"}],"version-history":[{"count":2,"href":"https:\/\/elfsight.com\/fr\/wp-json\/wp\/v2\/pages\/16589\/revisions"}],"predecessor-version":[{"id":16591,"href":"https:\/\/elfsight.com\/fr\/wp-json\/wp\/v2\/pages\/16589\/revisions\/16591"}],"up":[{"embeddable":true,"href":"https:\/\/elfsight.com\/fr\/wp-json\/wp\/v2\/pages\/16251"}],"wp:attachment":[{"href":"https:\/\/elfsight.com\/fr\/wp-json\/wp\/v2\/media?parent=16589"}],"curies":[{"name":"wp","href":"https:\/\/api.w.org\/{rel}","templated":true}]}}