{"id":16528,"date":"2025-01-16T07:40:07","date_gmt":"2025-01-16T07:40:07","guid":{"rendered":"https:\/\/elfsight.com\/fr\/?page_id=16528"},"modified":"2025-07-10T05:46:26","modified_gmt":"2025-07-10T05:46:26","slug":"woocommerce","status":"publish","type":"page","link":"https:\/\/elfsight.com\/fr\/chatgpt-widget\/woocommerce\/","title":{"rendered":"ChatGPT &#8211; WooCommerce"},"content":{"rendered":"<div class=\"application-platform-content-item-description application-platform-content-item\" id=\"description\" data-nav-section=\"description\">\n<h2>Int\u00e9grez ChatGPT \u00e0 WooCommerce avec un plugin Elfsight<\/h2>\n<p>Le plugin ChatGPT am\u00e9liore la communication client sur votre site web en automatisant les processus et en offrant des exp\u00e9riences personnalis\u00e9es et fluides. Avec des chats illimit\u00e9s, des r\u00e9ponses pr\u00e9cises et des fonctionnalit\u00e9s de formation avanc\u00e9es, il garantit un fonctionnement fluide et efficace tout en fournissant des r\u00e9ponses naturelles et de qualit\u00e9 sup\u00e9rieure dans diff\u00e9rentes langues. <\/p>\n<p>Con\u00e7u avec des mod\u00e8les sp\u00e9cifiques \u00e0 votre secteur, le plugin s&rsquo;adapte \u00e0 vos objectifs commerciaux, qu&rsquo;il s&rsquo;agisse de support client, de description de produit ou de gestion des commentaires. Il collecte des donn\u00e9es d\u00e9taill\u00e9es sur les interactions, offrant des informations pour affiner vos processus et am\u00e9liorer l&rsquo;exp\u00e9rience utilisateur. Utilisez l&rsquo;int\u00e9gration ChatGPT sur votre site web pour un service client plus intelligent et plus efficace. <\/p>\n<p><b>Ajoutez notre ChatGPT \u00e0 votre site WooCommerce et d\u00e9couvrez l&rsquo;avenir du service automatis\u00e9\u00a0! <\/b><\/p>\n<p><\/div> <div class=\"application-platform-content-item-features application-platform-content-item\" id=\"features\" data-nav-section=\"features\"> <\/p>\n<h2>D\u00e9couvrez la liste des fonctionnalit\u00e9s les plus pr\u00e9cieuses\u00a0: <\/h2>\n<ul>\n<li><b>Intelligence d&rsquo;IA de premier ordre. <\/b> Renforc\u00e9 par l&rsquo;un des mod\u00e8les d&rsquo;IA les plus avanc\u00e9s \u00e0 ce jour, offrant des r\u00e9ponses intelligentes et pr\u00e9cises \u00e0 vos clients. <\/li>\n<li><b>Formation avec des fichiers et des questions-r\u00e9ponses. <\/b> Formez votre assistant sans effort \u00e0 l&rsquo;aide de fichiers t\u00e9l\u00e9charg\u00e9s, d&rsquo;ensembles de questions-r\u00e9ponses et de blocs de texte pour une configuration transparente. <\/li>\n<li><b>M\u00e9morise les donn\u00e9es client et le contenu du chat. <\/b> L&rsquo;assistant peut se souvenir des clients et s&rsquo;adresser \u00e0 eux par leur nom, en gardant l&rsquo;accent sur leur probl\u00e8me. <\/li>\n<li><b>Nombre illimit\u00e9 de chats et d&rsquo;utilisateurs. <\/b> Le plugin est capable de maintenir des communications illimit\u00e9es avec n&rsquo;importe quel nombre de clients pour rester tout aussi utile dans n&rsquo;importe quel chat. <\/li>\n<li><b>Formats de r\u00e9ponse lisibles.<\/b> L&rsquo;assistant garantit la lisibilit\u00e9 en utilisant des listes, du texte en gras, des liens et d&rsquo;autres options de formatage pour rendre les r\u00e9ponses faciles \u00e0 comprendre. <\/li>\n<\/ul>\n<p><a href=\"#demo\">Testez simplement tous les r\u00e9glages de notre plugin dans l&rsquo;\u00e9diteur directement sur cette page.<\/a><\/p>\n<p><\/div> <div class=\"application-platform-content-item-installation application-platform-content-item\" id=\"installation\" data-nav-section=\"installation\"> <\/p>\n<h2>Comment int\u00e9grer ChatGPT \u00e0 mon site web WooCommerce\u00a0? <\/h2>\n<p>Voici un guide simple pour configurer le plugin sur votre site web WooCommerce. Cela ne vous prendra que quelques minutes et ne n\u00e9cessite aucun codage. <\/p>\n<ol>\n<li><strong>Cr\u00e9ez votre propre plugin ChatGPT<\/strong><br \/> Commencez avec n&rsquo;importe quel mod\u00e8le dans l&rsquo;\u00e9diteur, travaillez avec les \u00e9l\u00e9ments conviviaux qu&rsquo;il contient et personnalisez le plugin selon le design et les options souhait\u00e9s. <\/li>\n<li><strong>Obtenez le code personnel pour int\u00e9grer le plugin<\/strong><br \/> Une fois le plugin cr\u00e9\u00e9, vous recevrez un code HTML personnalis\u00e9 dans votre tableau de bord. Copiez ce code qui contient tous les d\u00e9tails concernant vos param\u00e8tres. <\/li>\n<li><strong>Affichez le plugin sur votre site WooCommerce<\/strong><br \/> S\u00e9lectionnez les zones de votre site o\u00f9 vous souhaitez afficher ChatGPT et collez-y le code. Enregistrez les modifications. <\/li>\n<\/ol>\n<p>Et voil\u00e0\u00a0! Voyez maintenant les performances du plugin sur votre site. <\/p>\n<p>Si vous rencontrez des difficult\u00e9s lors de l&rsquo;int\u00e9gration du plugin, n&rsquo;h\u00e9sitez pas \u00e0 contacter nos responsables du support. Nous serons ravis de vous aider \u00e0 ajouter et \u00e0 ajuster votre chat. <\/p>\n<p><\/div><\/p>\n","protected":false},"excerpt":{"rendered":"","protected":false},"author":9,"featured_media":0,"parent":16582,"menu_order":0,"comment_status":"closed","ping_status":"closed","template":"templates\/template-application-platform.php","meta":{"publish_to_discourse":"","publish_post_category":"","wpdc_auto_publish_overridden":"","wpdc_topic_tags":"","wpdc_pin_topic":"","wpdc_pin_until":"","discourse_post_id":"","discourse_permalink":"","wpdc_publishing_response":"","wpdc_publishing_error":"","footnotes":""},"class_list":["post-16528","page","type-page","status-publish","hentry"],"yoast_head":"<!-- This site is optimized with the Yoast SEO plugin v25.3.1 - https:\/\/yoast.com\/wordpress\/plugins\/seo\/ -->\n<title>Plugin WooCommerce ChatGPT\u00a0: ajoutez AI Chat \u00e0 votre site WooCommerce<\/title>\n<meta name=\"description\" content=\"Ajoutez un plugin ChatGPT transparent \u00e0 votre site WooCommerce. D\u00e9couvrez l&#039;\u00e9diteur rapide d&#039;Elfsight pour cr\u00e9er facilement votre solution personnalis\u00e9e.\" \/>\n<meta name=\"robots\" content=\"index, follow, max-snippet:-1, max-image-preview:large, max-video-preview:-1\" \/>\n<link rel=\"canonical\" href=\"https:\/\/elfsight.com\/fr\/chatgpt-widget\/woocommerce\/\" \/>\n<meta property=\"og:locale\" content=\"fr_FR\" \/>\n<meta property=\"og:type\" content=\"article\" \/>\n<meta property=\"og:title\" content=\"Plugin WooCommerce ChatGPT\u00a0: ajoutez AI Chat \u00e0 votre site WooCommerce\" \/>\n<meta property=\"og:description\" content=\"Ajoutez un plugin ChatGPT transparent \u00e0 votre site WooCommerce. D\u00e9couvrez l&#039;\u00e9diteur rapide d&#039;Elfsight pour cr\u00e9er facilement votre solution personnalis\u00e9e.\" \/>\n<meta property=\"og:url\" content=\"https:\/\/elfsight.com\/fr\/chatgpt-widget\/woocommerce\/\" \/>\n<meta property=\"og:site_name\" content=\"Elfsight FR\" \/>\n<meta property=\"article:modified_time\" content=\"2025-07-10T05:46:26+00:00\" \/>\n<meta name=\"twitter:card\" content=\"summary_large_image\" \/>\n<meta name=\"twitter:label1\" content=\"Dur\u00e9e de lecture estim\u00e9e\" \/>\n\t<meta name=\"twitter:data1\" content=\"2 minutes\" \/>\n<!-- \/ Yoast SEO plugin. -->","yoast_head_json":{"title":"Plugin WooCommerce ChatGPT\u00a0: ajoutez AI Chat \u00e0 votre site WooCommerce","description":"Ajoutez un plugin ChatGPT transparent \u00e0 votre site WooCommerce. D\u00e9couvrez l'\u00e9diteur rapide d'Elfsight pour cr\u00e9er facilement votre solution personnalis\u00e9e.","robots":{"index":"index","follow":"follow","max-snippet":"max-snippet:-1","max-image-preview":"max-image-preview:large","max-video-preview":"max-video-preview:-1"},"canonical":"https:\/\/elfsight.com\/fr\/chatgpt-widget\/woocommerce\/","og_locale":"fr_FR","og_type":"article","og_title":"Plugin WooCommerce ChatGPT\u00a0: ajoutez AI Chat \u00e0 votre site WooCommerce","og_description":"Ajoutez un plugin ChatGPT transparent \u00e0 votre site WooCommerce. D\u00e9couvrez l'\u00e9diteur rapide d'Elfsight pour cr\u00e9er facilement votre solution personnalis\u00e9e.","og_url":"https:\/\/elfsight.com\/fr\/chatgpt-widget\/woocommerce\/","og_site_name":"Elfsight FR","article_modified_time":"2025-07-10T05:46:26+00:00","twitter_card":"summary_large_image","twitter_misc":{"Dur\u00e9e de lecture estim\u00e9e":"2 minutes"},"schema":{"@context":"https:\/\/schema.org","@graph":[{"@type":"WebPage","@id":"https:\/\/elfsight.com\/fr\/chatgpt-widget\/woocommerce\/","url":"https:\/\/elfsight.com\/fr\/chatgpt-widget\/woocommerce\/","name":"Plugin WooCommerce ChatGPT\u00a0: ajoutez AI Chat \u00e0 votre site WooCommerce","isPartOf":{"@id":"https:\/\/elfsight.com\/fr\/#website"},"datePublished":"2025-01-16T07:40:07+00:00","dateModified":"2025-07-10T05:46:26+00:00","description":"Ajoutez un plugin ChatGPT transparent \u00e0 votre site WooCommerce. D\u00e9couvrez l'\u00e9diteur rapide d'Elfsight pour cr\u00e9er facilement votre solution personnalis\u00e9e.","breadcrumb":{"@id":"https:\/\/elfsight.com\/fr\/chatgpt-widget\/woocommerce\/#breadcrumb"},"inLanguage":"fr-FR","potentialAction":[{"@type":"ReadAction","target":["https:\/\/elfsight.com\/fr\/chatgpt-widget\/woocommerce\/"]}]},{"@type":"BreadcrumbList","@id":"https:\/\/elfsight.com\/fr\/chatgpt-widget\/woocommerce\/#breadcrumb","itemListElement":[{"@type":"ListItem","position":1,"name":"Home","item":"https:\/\/elfsight.com\/fr\/"},{"@type":"ListItem","position":2,"name":"ChatGPT","item":"https:\/\/elfsight.com\/fr\/chatgpt-widget\/"},{"@type":"ListItem","position":3,"name":"ChatGPT &#8211; WooCommerce"}]},{"@type":"WebSite","@id":"https:\/\/elfsight.com\/fr\/#website","url":"https:\/\/elfsight.com\/fr\/","name":"Elfsight FR","description":"","potentialAction":[{"@type":"SearchAction","target":{"@type":"EntryPoint","urlTemplate":"https:\/\/elfsight.com\/fr\/?s={search_term_string}"},"query-input":{"@type":"PropertyValueSpecification","valueRequired":true,"valueName":"search_term_string"}}],"inLanguage":"fr-FR"}]}},"meta_box":{"industry":"","seo_heading":"","heading":"","description":"","cta_heading":"","cta_description":"","application":"16084","h1":"Plugin ChatGPT pour site Web WooCommerce","h1_caption":"Int\u00e9grez un ChatGPT adaptable \u00e0 votre site Web WooCommerce pour obtenir un assistant IA auto-apprenant qui est toujours disponible pour guider et soutenir vos clients, collecter des prospects et promouvoir vos produits et services.","application_category":[],"applications_title":"","applications_request_title":"","applications_request_button_text":"","hero_text":"","hero_video":"","hero_video_schema_markup":"","selling_points_title":"","selling_points_caption":"","selling_points":[],"selling_points_cta_text":"","features_title":"","features":"","ed_cta_examples_text":"","ed_cta_examples_hidden":"","ed_cta_demo_text":"","ed_cta_demo_hidden":"","why_caption":"","why_editor_title":"","why_editor_text":"","why_team_title":"","why_team_text":"","why_service_title":"","why_service_text":"","template_catalog_visible":"","template_catalog_title":"","template_catalog_text":"","template_catalog_categories_visible":"","demo_title":"Cr\u00e9ez votre plugin ChatGPT","demo_caption":"Configurez votre ChatGPT et ajoutez-le gratuitement \u00e0 votre site Web WooCommerce\u00a0!","default_faq_hidden":"","app_template_category":[],"platform":"397","template_public_id":"","codecanyon_url":"","codecanyon_item_id":"","codecanyon_price":"","pricing_caption":"","pricing_elfsight_apps_hide_column":"","pricing_elfsight_apps_url":"","pricing_codecanyon_price_caption":"","integration_category":[],"integration_request_title":"","integration_request_cta":"","integration_platform":"","integrations":[],"platform_category":[],"video_schema_markup":"","price":"\u00e0 partir de 0 $ \/ mois","trial":"","benefits":[],"button_url":"#demo","button_target_blank":"0","button_nofollow":"","attributes":[{"name":"Installations","content":"50,000 - 100,000","_state":""},{"name":"Sensible","content":"Oui","_state":""},{"name":"Navigateurs compatibles","content":"Firefox, Safari, Opera, Chrome, Edge","_state":""}],"tags":[],"tags_disable_links":"","hide_more_platforms":"","video_object":"","demo_hide_cta":"","demo_hide_cloud_options":"","pricing_title":"","pricing":[{"pricing_icon":"platform","pricing_title":"Elfsight Apps","pricing_title_caption":"Solution ind\u00e9pendante de la plate-forme qui convient \u00e0 tous les sites","pricing_price":"\u00e0 partir de 0 $ \/ mois","pricing_price_caption":"commencer avec un plan gratuit","pricing_button_text":"Ajouter au site Web","pricing_button_url":"#demo"}],"related_apps_title":"","related_apps_hidden":"","author":"","image":[],"title":"","job":"","social_networks":[]},"_links":{"self":[{"href":"https:\/\/elfsight.com\/fr\/wp-json\/wp\/v2\/pages\/16528","targetHints":{"allow":["GET"]}}],"collection":[{"href":"https:\/\/elfsight.com\/fr\/wp-json\/wp\/v2\/pages"}],"about":[{"href":"https:\/\/elfsight.com\/fr\/wp-json\/wp\/v2\/types\/page"}],"author":[{"embeddable":true,"href":"https:\/\/elfsight.com\/fr\/wp-json\/wp\/v2\/users\/9"}],"replies":[{"embeddable":true,"href":"https:\/\/elfsight.com\/fr\/wp-json\/wp\/v2\/comments?post=16528"}],"version-history":[{"count":1,"href":"https:\/\/elfsight.com\/fr\/wp-json\/wp\/v2\/pages\/16528\/revisions"}],"predecessor-version":[{"id":16532,"href":"https:\/\/elfsight.com\/fr\/wp-json\/wp\/v2\/pages\/16528\/revisions\/16532"}],"up":[{"embeddable":true,"href":"https:\/\/elfsight.com\/fr\/wp-json\/wp\/v2\/pages\/16582"}],"wp:attachment":[{"href":"https:\/\/elfsight.com\/fr\/wp-json\/wp\/v2\/media?parent=16528"}],"curies":[{"name":"wp","href":"https:\/\/api.w.org\/{rel}","templated":true}]}}