{"id":16527,"date":"2025-01-16T07:43:58","date_gmt":"2025-01-16T07:43:58","guid":{"rendered":"https:\/\/elfsight.com\/fr\/?page_id=16527"},"modified":"2025-07-10T05:45:21","modified_gmt":"2025-07-10T05:45:21","slug":"jquery","status":"publish","type":"page","link":"https:\/\/elfsight.com\/fr\/chatgpt-widget\/jquery\/","title":{"rendered":"ChatGPT &#8211; jQuery"},"content":{"rendered":"<div class=\"application-platform-content-item-description application-platform-content-item\" id=\"description\" data-nav-section=\"description\">\n<h2>Int\u00e9grez ChatGPT \u00e0 jQuery avec un plugin Elfsight<\/h2>\n<p>Le plugin ChatGPT am\u00e9liore la communication client sur votre site web en automatisant les processus et en offrant des exp\u00e9riences personnalis\u00e9es et fluides. Avec des chats illimit\u00e9s, des r\u00e9ponses personnalis\u00e9es et des fonctionnalit\u00e9s de formation avanc\u00e9es, il garantit un fonctionnement fluide et efficace tout en fournissant des r\u00e9ponses naturelles et de haute qualit\u00e9 dans diff\u00e9rentes langues. <\/p>\n<p>Con\u00e7u avec des mod\u00e8les sectoriels, le plugin fonctionne en fonction de vos objectifs commerciaux, qu&rsquo;il s&rsquo;agisse de support client, d&rsquo;explications de produits ou de gestion des retours. Il collecte des donn\u00e9es d\u00e9taill\u00e9es sur les communications, fournissant des informations pour affiner vos processus et am\u00e9liorer l&rsquo;exp\u00e9rience client. Utilisez l&rsquo;int\u00e9gration ChatGPT sur votre site web pour un service client plus intelligent et plus performant. <\/p>\n<p><b>Ajoutez notre ChatGPT \u00e0 votre site web jQuery et simplifiez la communication client comme jamais auparavant\u00a0! <\/b><\/p>\n<p><\/div> <div class=\"application-platform-content-item-features application-platform-content-item\" id=\"features\" data-nav-section=\"features\"> <\/p>\n<h2>Voici les principales fonctionnalit\u00e9s du plugin\u00a0: <\/h2>\n<ul>\n<li><b>Intelligence d&rsquo;IA de premier ordre. <\/b> Pilot\u00e9 par l&rsquo;un des mod\u00e8les d&rsquo;IA les plus avanc\u00e9s \u00e0 ce jour, il fournit des r\u00e9ponses intelligentes et valides \u00e0 vos clients. <\/li>\n<li><b>Formation avec des fichiers et des questions-r\u00e9ponses. <\/b> Formez votre assistant sans effort \u00e0 l&rsquo;aide de fichiers suppl\u00e9mentaires, d&rsquo;ensembles de questions-r\u00e9ponses et de blocs de texte pour une configuration simplifi\u00e9e. <\/li>\n<li><b>M\u00e9morise les donn\u00e9es client et le contenu du chat. <\/b> L&rsquo;assistant peut m\u00e9moriser les utilisateurs et s&rsquo;adresser \u00e0 eux par leur nom, en gardant l&rsquo;accent sur leur question. <\/li>\n<li><b>Nombre illimit\u00e9 de chats et d&rsquo;utilisateurs. <\/b> Le plugin est capable de maintenir un nombre illimit\u00e9 d&rsquo;interactions avec n&rsquo;importe quel nombre de clients pour rester tout aussi utile dans n&rsquo;importe quel chat. <\/li>\n<li><b>Formats de r\u00e9ponse lisibles.<\/b> L&rsquo;assistant am\u00e9liore la lisibilit\u00e9 en utilisant des listes, du texte en gras, des liens et d&rsquo;autres options de formatage pour rendre les r\u00e9ponses faciles \u00e0 comprendre. <\/li>\n<\/ul>\n<p><a href=\"#demo\">Testez simplement tous les points forts de notre plugin dans l&rsquo;\u00e9diteur directement sur cette page<\/a><\/p>\n<p><\/div> <div class=\"application-platform-content-item-installation application-platform-content-item\" id=\"installation\" data-nav-section=\"installation\"> <\/p>\n<h2>Comment int\u00e9grer ChatGPT \u00e0 mon site web jQuery\u00a0? <\/h2>\n<p>Nous proposons un moyen simple de configurer le plugin sur votre site web jQuery. Cela ne prendra que quelques minutes et ne n\u00e9cessite aucun codage. <\/p>\n<ol>\n<li><strong>Cr\u00e9ez votre plugin ChatGPT individuel<\/strong><br \/> Commencez avec n&rsquo;importe quel mod\u00e8le dans l&rsquo;\u00e9diteur, travaillez avec les \u00e9l\u00e9ments conviviaux qu&rsquo;il contient et personnalisez le plugin selon votre conception et vos param\u00e8tres pr\u00e9f\u00e9r\u00e9s. <\/li>\n<li><strong>Obtenez le code personnel pour int\u00e9grer le plugin<\/strong><br \/> D\u00e8s que vous aurez termin\u00e9 la cr\u00e9ation du plugin, vous obtiendrez un code HTML personnalis\u00e9 dans votre tableau de bord. Copiez le code contenant tous les d\u00e9tails de vos param\u00e8tres. <\/li>\n<li><strong>Pr\u00e9sentez le plugin sur votre site web jQuery<\/strong><br \/> D\u00e9finissez les zones de votre site web o\u00f9 vous souhaitez pr\u00e9senter ChatGPT et collez-y le code. Enregistrez vos modifications. <\/li>\n<\/ol>\n<p>C&rsquo;est fait\u00a0! Voyez maintenant comment le plugin fonctionne sur votre site web. <\/p>\n<p>Si vous rencontrez des difficult\u00e9s lors de l&rsquo;int\u00e9gration du plugin \u00e0 un site web, n&rsquo;h\u00e9sitez pas \u00e0 contacter notre service client. Nous serons heureux de vous aider \u00e0 ajouter et \u00e0 ajuster votre chat. <\/p>\n<p><\/div><\/p>\n","protected":false},"excerpt":{"rendered":"","protected":false},"author":9,"featured_media":0,"parent":16582,"menu_order":0,"comment_status":"closed","ping_status":"closed","template":"templates\/template-application-platform.php","meta":{"publish_to_discourse":"","publish_post_category":"","wpdc_auto_publish_overridden":"","wpdc_topic_tags":"","wpdc_pin_topic":"","wpdc_pin_until":"","discourse_post_id":"","discourse_permalink":"","wpdc_publishing_response":"","wpdc_publishing_error":"","footnotes":""},"class_list":["post-16527","page","type-page","status-publish","hentry"],"yoast_head":"<!-- This site is optimized with the Yoast SEO plugin v25.3.1 - https:\/\/yoast.com\/wordpress\/plugins\/seo\/ -->\n<title>Plugin jQuery ChatGPT - Ajoutez AI Chat \u00e0 votre site web jQuery [GRATUIT]<\/title>\n<meta name=\"description\" content=\"Ajoutez un plugin ChatGPT sans code \u00e0 votre site web jQuery. D\u00e9couvrez l&#039;\u00e9diteur convivial d&#039;Elfsight pour cr\u00e9er facilement votre solution personnalis\u00e9e.\" \/>\n<meta name=\"robots\" content=\"index, follow, max-snippet:-1, max-image-preview:large, max-video-preview:-1\" \/>\n<link rel=\"canonical\" href=\"https:\/\/elfsight.com\/fr\/chatgpt-widget\/jquery\/\" \/>\n<meta property=\"og:locale\" content=\"fr_FR\" \/>\n<meta property=\"og:type\" content=\"article\" \/>\n<meta property=\"og:title\" content=\"Plugin jQuery ChatGPT - Ajoutez AI Chat \u00e0 votre site web jQuery [GRATUIT]\" \/>\n<meta property=\"og:description\" content=\"Ajoutez un plugin ChatGPT sans code \u00e0 votre site web jQuery. D\u00e9couvrez l&#039;\u00e9diteur convivial d&#039;Elfsight pour cr\u00e9er facilement votre solution personnalis\u00e9e.\" \/>\n<meta property=\"og:url\" content=\"https:\/\/elfsight.com\/fr\/chatgpt-widget\/jquery\/\" \/>\n<meta property=\"og:site_name\" content=\"Elfsight FR\" \/>\n<meta property=\"article:modified_time\" content=\"2025-07-10T05:45:21+00:00\" \/>\n<meta name=\"twitter:card\" content=\"summary_large_image\" \/>\n<meta name=\"twitter:label1\" content=\"Dur\u00e9e de lecture estim\u00e9e\" \/>\n\t<meta name=\"twitter:data1\" content=\"2 minutes\" \/>\n<!-- \/ Yoast SEO plugin. -->","yoast_head_json":{"title":"Plugin jQuery ChatGPT - Ajoutez AI Chat \u00e0 votre site web jQuery [GRATUIT]","description":"Ajoutez un plugin ChatGPT sans code \u00e0 votre site web jQuery. D\u00e9couvrez l'\u00e9diteur convivial d'Elfsight pour cr\u00e9er facilement votre solution personnalis\u00e9e.","robots":{"index":"index","follow":"follow","max-snippet":"max-snippet:-1","max-image-preview":"max-image-preview:large","max-video-preview":"max-video-preview:-1"},"canonical":"https:\/\/elfsight.com\/fr\/chatgpt-widget\/jquery\/","og_locale":"fr_FR","og_type":"article","og_title":"Plugin jQuery ChatGPT - Ajoutez AI Chat \u00e0 votre site web jQuery [GRATUIT]","og_description":"Ajoutez un plugin ChatGPT sans code \u00e0 votre site web jQuery. D\u00e9couvrez l'\u00e9diteur convivial d'Elfsight pour cr\u00e9er facilement votre solution personnalis\u00e9e.","og_url":"https:\/\/elfsight.com\/fr\/chatgpt-widget\/jquery\/","og_site_name":"Elfsight FR","article_modified_time":"2025-07-10T05:45:21+00:00","twitter_card":"summary_large_image","twitter_misc":{"Dur\u00e9e de lecture estim\u00e9e":"2 minutes"},"schema":{"@context":"https:\/\/schema.org","@graph":[{"@type":"WebPage","@id":"https:\/\/elfsight.com\/fr\/chatgpt-widget\/jquery\/","url":"https:\/\/elfsight.com\/fr\/chatgpt-widget\/jquery\/","name":"Plugin jQuery ChatGPT - Ajoutez AI Chat \u00e0 votre site web jQuery [GRATUIT]","isPartOf":{"@id":"https:\/\/elfsight.com\/fr\/#website"},"datePublished":"2025-01-16T07:43:58+00:00","dateModified":"2025-07-10T05:45:21+00:00","description":"Ajoutez un plugin ChatGPT sans code \u00e0 votre site web jQuery. D\u00e9couvrez l'\u00e9diteur convivial d'Elfsight pour cr\u00e9er facilement votre solution personnalis\u00e9e.","breadcrumb":{"@id":"https:\/\/elfsight.com\/fr\/chatgpt-widget\/jquery\/#breadcrumb"},"inLanguage":"fr-FR","potentialAction":[{"@type":"ReadAction","target":["https:\/\/elfsight.com\/fr\/chatgpt-widget\/jquery\/"]}]},{"@type":"BreadcrumbList","@id":"https:\/\/elfsight.com\/fr\/chatgpt-widget\/jquery\/#breadcrumb","itemListElement":[{"@type":"ListItem","position":1,"name":"Home","item":"https:\/\/elfsight.com\/fr\/"},{"@type":"ListItem","position":2,"name":"ChatGPT","item":"https:\/\/elfsight.com\/fr\/chatgpt-widget\/"},{"@type":"ListItem","position":3,"name":"ChatGPT &#8211; jQuery"}]},{"@type":"WebSite","@id":"https:\/\/elfsight.com\/fr\/#website","url":"https:\/\/elfsight.com\/fr\/","name":"Elfsight FR","description":"","potentialAction":[{"@type":"SearchAction","target":{"@type":"EntryPoint","urlTemplate":"https:\/\/elfsight.com\/fr\/?s={search_term_string}"},"query-input":{"@type":"PropertyValueSpecification","valueRequired":true,"valueName":"search_term_string"}}],"inLanguage":"fr-FR"}]}},"meta_box":{"industry":"","seo_heading":"","heading":"","description":"","cta_heading":"","cta_description":"","application":"16084","h1":"Plugin ChatGPT pour site Web jQuery","h1_caption":"Int\u00e9grez un ChatGPT polyvalent \u00e0 votre site Web jQuery pour obtenir un assistant IA auto-apprenant qui est toujours disponible pour guider et soutenir vos clients, capturer des prospects et d\u00e9crire vos produits et services.","application_category":[],"applications_title":"","applications_request_title":"","applications_request_button_text":"","hero_text":"","hero_video":"","hero_video_schema_markup":"","selling_points_title":"","selling_points_caption":"","selling_points":[],"selling_points_cta_text":"","features_title":"","features":"","ed_cta_examples_text":"","ed_cta_examples_hidden":"","ed_cta_demo_text":"","ed_cta_demo_hidden":"","why_caption":"","why_editor_title":"","why_editor_text":"","why_team_title":"","why_team_text":"","why_service_title":"","why_service_text":"","template_catalog_visible":"","template_catalog_title":"","template_catalog_text":"","template_catalog_categories_visible":"","demo_title":"Cr\u00e9ez votre plugin ChatGPT","demo_caption":"Configurez votre ChatGPT et ajoutez-le gratuitement \u00e0 votre site Web jQuery\u00a0!","default_faq_hidden":"","app_template_category":[],"platform":"355","template_public_id":"","codecanyon_url":"","codecanyon_item_id":"","codecanyon_price":"","pricing_caption":"","pricing_elfsight_apps_hide_column":"","pricing_elfsight_apps_url":"","pricing_codecanyon_price_caption":"","integration_category":[],"integration_request_title":"","integration_request_cta":"","integration_platform":"","integrations":[],"platform_category":[],"video_schema_markup":"","price":"\u00e0 partir de 0 $ \/ mois","trial":"","benefits":[],"button_url":"#demo","button_target_blank":"0","button_nofollow":"","attributes":[{"name":"Installations","content":"50,000 - 100,000","_state":""},{"name":"Sensible","content":"Oui","_state":""},{"name":"Navigateurs compatibles","content":"Firefox, Safari, Opera, Chrome, Edge","_state":""}],"tags":[],"tags_disable_links":"","hide_more_platforms":"","video_object":"","demo_hide_cta":"","demo_hide_cloud_options":"","pricing_title":"","pricing":[{"pricing_icon":"platform","pricing_title":"Elfsight Apps","pricing_title_caption":"Version multiplateforme","pricing_price":"\u00e0 partir de 0 $ \/ mois","pricing_price_caption":"commencer avec un plan gratuit","pricing_button_text":"Ajouter au site Web","pricing_button_url":"#demo"}],"related_apps_title":"","related_apps_hidden":"","author":"","image":[],"title":"","job":"","social_networks":[]},"_links":{"self":[{"href":"https:\/\/elfsight.com\/fr\/wp-json\/wp\/v2\/pages\/16527","targetHints":{"allow":["GET"]}}],"collection":[{"href":"https:\/\/elfsight.com\/fr\/wp-json\/wp\/v2\/pages"}],"about":[{"href":"https:\/\/elfsight.com\/fr\/wp-json\/wp\/v2\/types\/page"}],"author":[{"embeddable":true,"href":"https:\/\/elfsight.com\/fr\/wp-json\/wp\/v2\/users\/9"}],"replies":[{"embeddable":true,"href":"https:\/\/elfsight.com\/fr\/wp-json\/wp\/v2\/comments?post=16527"}],"version-history":[{"count":1,"href":"https:\/\/elfsight.com\/fr\/wp-json\/wp\/v2\/pages\/16527\/revisions"}],"predecessor-version":[{"id":16531,"href":"https:\/\/elfsight.com\/fr\/wp-json\/wp\/v2\/pages\/16527\/revisions\/16531"}],"up":[{"embeddable":true,"href":"https:\/\/elfsight.com\/fr\/wp-json\/wp\/v2\/pages\/16582"}],"wp:attachment":[{"href":"https:\/\/elfsight.com\/fr\/wp-json\/wp\/v2\/media?parent=16527"}],"curies":[{"name":"wp","href":"https:\/\/api.w.org\/{rel}","templated":true}]}}