{"id":16526,"date":"2025-01-16T07:47:37","date_gmt":"2025-01-16T07:47:37","guid":{"rendered":"https:\/\/elfsight.com\/fr\/?page_id=16526"},"modified":"2025-07-10T05:46:16","modified_gmt":"2025-07-10T05:46:16","slug":"weebly","status":"publish","type":"page","link":"https:\/\/elfsight.com\/fr\/chatgpt-widget\/weebly\/","title":{"rendered":"ChatGPT &#8211; Weebly"},"content":{"rendered":"<div class=\"application-platform-content-item-description application-platform-content-item\" id=\"description\" data-nav-section=\"description\">\n<h2>Int\u00e9grez ChatGPT \u00e0 Weebly avec une application Elfsight<\/h2>\n<p>L&rsquo;application ChatGPT optimise la communication client sur votre site web en automatisant les processus et en offrant des exp\u00e9riences fluides et personnalis\u00e9es. Avec des chats illimit\u00e9s, des r\u00e9ponses pr\u00e9cises et des fonctionnalit\u00e9s de formation exceptionnelles, elle garantit un fonctionnement fluide et efficace tout en fournissant des r\u00e9ponses de haute qualit\u00e9 et naturelles dans plusieurs langues. <\/p>\n<p>Con\u00e7ue \u00e0 partir de mod\u00e8les sp\u00e9cifiques \u00e0 votre secteur, l&rsquo;application s&rsquo;adapte \u00e0 vos objectifs commerciaux, qu&rsquo;il s&rsquo;agisse d&rsquo;assistance client, de conseils produits ou de gestion des commentaires. Elle collecte des donn\u00e9es d\u00e9taill\u00e9es sur les communications, fournissant des informations pour affiner vos processus et am\u00e9liorer l&rsquo;exp\u00e9rience client. Int\u00e9grez l&rsquo;int\u00e9gration ChatGPT \u00e0 votre site web pour un service client plus intelligent et plus durable. <\/p>\n<p><b>Ajoutez ChatGPT \u00e0 votre site web Weebly et simplifiez la communication client comme jamais auparavant\u00a0! <\/b><\/p>\n<p><\/div> <div class=\"application-platform-content-item-features application-platform-content-item\" id=\"features\" data-nav-section=\"features\"> <\/p>\n<h2>Les fonctionnalit\u00e9s les plus importantes de l&rsquo;application incluent<\/h2>\n<ul>\n<li><b>Une intelligence d&rsquo;IA de premier ordre. <\/b> Renforc\u00e9e par l&rsquo;un des mod\u00e8les d&rsquo;IA les plus avanc\u00e9s \u00e0 ce jour, elle fournit des r\u00e9ponses intelligentes et valides \u00e0 vos clients. <\/li>\n<li><b>Formation avec des fichiers et des questions-r\u00e9ponses. <\/b> Formez votre assistant sans effort \u00e0 l&rsquo;aide de fichiers t\u00e9l\u00e9charg\u00e9s, de paires de questions-r\u00e9ponses et de passages de texte pour une configuration transparente. <\/li>\n<li><b>M\u00e9morise les donn\u00e9es client et le contenu du chat. <\/b> L&rsquo;assistant peut m\u00e9moriser les utilisateurs et les appeler par leur nom, en gardant l&rsquo;accent sur leur question. <\/li>\n<li><b>Nombre illimit\u00e9 de chats et d&rsquo;utilisateurs. <\/b> L&rsquo;application est capable de maintenir des communications illimit\u00e9es avec n&rsquo;importe quel nombre de clients pour rester tout aussi utile dans n&rsquo;importe quel chat. <\/li>\n<li><b>Formats de r\u00e9ponse lisibles.<\/b> L&rsquo;assistant am\u00e9liore la lisibilit\u00e9 en utilisant des listes, du texte en gras, des liens et d&rsquo;autres options de formatage pour rendre les r\u00e9ponses faciles \u00e0 comprendre. <\/li>\n<\/ul>\n<p><a href=\"#demo\">Testez l&rsquo;\u00e9diteur simple pour d\u00e9couvrir les fonctionnalit\u00e9s de l&rsquo;application.<\/a><\/p>\n<p><\/div> <div class=\"application-platform-content-item-installation application-platform-content-item\" id=\"installation\" data-nav-section=\"installation\"> <\/p>\n<h2>Comment int\u00e9grer ChatGPT \u00e0 mon site Web Weebly\u00a0? <\/h2>\n<p>Retrouvez ce guide simple pour configurer l&rsquo;application sur votre site Web Weebly. Cela ne vous prendra que quelques minutes et ne n\u00e9cessite aucun codage. <\/p>\n<ol>\n<li><strong>Cr\u00e9ez votre application ChatGPT personnalis\u00e9e<\/strong><br \/> Commencez avec n&rsquo;importe quel mod\u00e8le dans l&rsquo;\u00e9diteur, travaillez avec les \u00e9l\u00e9ments pratiques qu&rsquo;il contient et personnalisez l&rsquo;application selon le design et les options souhait\u00e9s. <\/li>\n<li><strong>Recevez le code personnel pour int\u00e9grer l&rsquo;application<\/strong><br \/> Une fois votre application cr\u00e9\u00e9e, vous obtiendrez un code HTML personnalis\u00e9 dans votre tableau de bord. Copiez ce code qui contient tous les d\u00e9tails de vos ajustements. <\/li>\n<li><strong>Pr\u00e9sentez l&rsquo;application sur votre site web Weebly<\/strong><br \/> S\u00e9lectionnez les zones de votre site web o\u00f9 vous souhaitez afficher le ChatGPT et collez-y le code. Enregistrez les modifications. <\/li>\n<\/ol>\n<p>C&rsquo;est fait\u00a0! Voyez maintenant comment l&rsquo;application fonctionne sur votre site web. <\/p>\n<p>Si vous rencontrez des probl\u00e8mes lors de l&rsquo;int\u00e9gration de l&rsquo;application \u00e0 un site web, n&rsquo;h\u00e9sitez pas \u00e0 contacter nos responsables du support. Nous serons ravis de vous conseiller sur l&rsquo;ajout et l&rsquo;ajustement de votre chat. <\/p>\n<p><\/div><\/p>\n","protected":false},"excerpt":{"rendered":"","protected":false},"author":9,"featured_media":0,"parent":16582,"menu_order":0,"comment_status":"closed","ping_status":"closed","template":"templates\/template-application-platform.php","meta":{"publish_to_discourse":"","publish_post_category":"","wpdc_auto_publish_overridden":"","wpdc_topic_tags":"","wpdc_pin_topic":"","wpdc_pin_until":"","discourse_post_id":"","discourse_permalink":"","wpdc_publishing_response":"","wpdc_publishing_error":"","footnotes":""},"class_list":["post-16526","page","type-page","status-publish","hentry"],"yoast_head":"<!-- This site is optimized with the Yoast SEO plugin v25.3.1 - https:\/\/yoast.com\/wordpress\/plugins\/seo\/ -->\n<title>Application Weebly ChatGPT\u00a0: ajoutez AI Chat \u00e0 votre site Web Weebly [GRATUIT]<\/title>\n<meta name=\"description\" content=\"Ajoutez une application ChatGPT fluide \u00e0 votre site web Weebly. Utilisez l&#039;\u00e9diteur simple d&#039;Elfsight pour cr\u00e9er facilement votre solution unique.\" \/>\n<meta name=\"robots\" content=\"index, follow, max-snippet:-1, max-image-preview:large, max-video-preview:-1\" \/>\n<link rel=\"canonical\" href=\"https:\/\/elfsight.com\/fr\/chatgpt-widget\/weebly\/\" \/>\n<meta property=\"og:locale\" content=\"fr_FR\" \/>\n<meta property=\"og:type\" content=\"article\" \/>\n<meta property=\"og:title\" content=\"Application Weebly ChatGPT\u00a0: ajoutez AI Chat \u00e0 votre site Web Weebly [GRATUIT]\" \/>\n<meta property=\"og:description\" content=\"Ajoutez une application ChatGPT fluide \u00e0 votre site web Weebly. Utilisez l&#039;\u00e9diteur simple d&#039;Elfsight pour cr\u00e9er facilement votre solution unique.\" \/>\n<meta property=\"og:url\" content=\"https:\/\/elfsight.com\/fr\/chatgpt-widget\/weebly\/\" \/>\n<meta property=\"og:site_name\" content=\"Elfsight FR\" \/>\n<meta property=\"article:modified_time\" content=\"2025-07-10T05:46:16+00:00\" \/>\n<meta name=\"twitter:card\" content=\"summary_large_image\" \/>\n<meta name=\"twitter:label1\" content=\"Dur\u00e9e de lecture estim\u00e9e\" \/>\n\t<meta name=\"twitter:data1\" content=\"2 minutes\" \/>\n<!-- \/ Yoast SEO plugin. -->","yoast_head_json":{"title":"Application Weebly ChatGPT\u00a0: ajoutez AI Chat \u00e0 votre site Web Weebly [GRATUIT]","description":"Ajoutez une application ChatGPT fluide \u00e0 votre site web Weebly. Utilisez l'\u00e9diteur simple d'Elfsight pour cr\u00e9er facilement votre solution unique.","robots":{"index":"index","follow":"follow","max-snippet":"max-snippet:-1","max-image-preview":"max-image-preview:large","max-video-preview":"max-video-preview:-1"},"canonical":"https:\/\/elfsight.com\/fr\/chatgpt-widget\/weebly\/","og_locale":"fr_FR","og_type":"article","og_title":"Application Weebly ChatGPT\u00a0: ajoutez AI Chat \u00e0 votre site Web Weebly [GRATUIT]","og_description":"Ajoutez une application ChatGPT fluide \u00e0 votre site web Weebly. Utilisez l'\u00e9diteur simple d'Elfsight pour cr\u00e9er facilement votre solution unique.","og_url":"https:\/\/elfsight.com\/fr\/chatgpt-widget\/weebly\/","og_site_name":"Elfsight FR","article_modified_time":"2025-07-10T05:46:16+00:00","twitter_card":"summary_large_image","twitter_misc":{"Dur\u00e9e de lecture estim\u00e9e":"2 minutes"},"schema":{"@context":"https:\/\/schema.org","@graph":[{"@type":"WebPage","@id":"https:\/\/elfsight.com\/fr\/chatgpt-widget\/weebly\/","url":"https:\/\/elfsight.com\/fr\/chatgpt-widget\/weebly\/","name":"Application Weebly ChatGPT\u00a0: ajoutez AI Chat \u00e0 votre site Web Weebly [GRATUIT]","isPartOf":{"@id":"https:\/\/elfsight.com\/fr\/#website"},"datePublished":"2025-01-16T07:47:37+00:00","dateModified":"2025-07-10T05:46:16+00:00","description":"Ajoutez une application ChatGPT fluide \u00e0 votre site web Weebly. Utilisez l'\u00e9diteur simple d'Elfsight pour cr\u00e9er facilement votre solution unique.","breadcrumb":{"@id":"https:\/\/elfsight.com\/fr\/chatgpt-widget\/weebly\/#breadcrumb"},"inLanguage":"fr-FR","potentialAction":[{"@type":"ReadAction","target":["https:\/\/elfsight.com\/fr\/chatgpt-widget\/weebly\/"]}]},{"@type":"BreadcrumbList","@id":"https:\/\/elfsight.com\/fr\/chatgpt-widget\/weebly\/#breadcrumb","itemListElement":[{"@type":"ListItem","position":1,"name":"Home","item":"https:\/\/elfsight.com\/fr\/"},{"@type":"ListItem","position":2,"name":"ChatGPT","item":"https:\/\/elfsight.com\/fr\/chatgpt-widget\/"},{"@type":"ListItem","position":3,"name":"ChatGPT &#8211; Weebly"}]},{"@type":"WebSite","@id":"https:\/\/elfsight.com\/fr\/#website","url":"https:\/\/elfsight.com\/fr\/","name":"Elfsight FR","description":"","potentialAction":[{"@type":"SearchAction","target":{"@type":"EntryPoint","urlTemplate":"https:\/\/elfsight.com\/fr\/?s={search_term_string}"},"query-input":{"@type":"PropertyValueSpecification","valueRequired":true,"valueName":"search_term_string"}}],"inLanguage":"fr-FR"}]}},"meta_box":{"industry":"","seo_heading":"","heading":"","description":"","cta_heading":"","cta_description":"","application":"16084","h1":"Application ChatGPT pour le site Web Weebly","h1_caption":"Int\u00e9grez un ChatGPT polyvalent \u00e0 votre site Web Weebly pour obtenir un assistant IA auto-apprenant qui est toujours disponible pour guider et soutenir vos clients, collecter des prospects et promouvoir vos produits et services.","application_category":[],"applications_title":"","applications_request_title":"","applications_request_button_text":"","hero_text":"","hero_video":"","hero_video_schema_markup":"","selling_points_title":"","selling_points_caption":"","selling_points":[],"selling_points_cta_text":"","features_title":"","features":"","ed_cta_examples_text":"","ed_cta_examples_hidden":"","ed_cta_demo_text":"","ed_cta_demo_hidden":"","why_caption":"","why_editor_title":"","why_editor_text":"","why_team_title":"","why_team_text":"","why_service_title":"","why_service_text":"","template_catalog_visible":"","template_catalog_title":"","template_catalog_text":"","template_catalog_categories_visible":"","demo_title":"Cr\u00e9ez votre application ChatGPT","demo_caption":"Configurez votre ChatGPT et ajoutez-le gratuitement \u00e0 votre site Web Weebly\u00a0!","default_faq_hidden":"","app_template_category":[],"platform":"363","template_public_id":"","codecanyon_url":"","codecanyon_item_id":"","codecanyon_price":"","pricing_caption":"","pricing_elfsight_apps_hide_column":"","pricing_elfsight_apps_url":"","pricing_codecanyon_price_caption":"","integration_category":[],"integration_request_title":"","integration_request_cta":"","integration_platform":"","integrations":[],"platform_category":[],"video_schema_markup":"","price":"\u00e0 partir de 0 $ \/ mois","trial":"","benefits":[],"button_url":"#demo","button_target_blank":"0","button_nofollow":"","attributes":[{"name":"Installations","content":"50,000 - 100,000","_state":""},{"name":"Sensible","content":"Oui","_state":""},{"name":"Navigateurs compatibles","content":"Firefox, Safari, Opera, Chrome, Edge","_state":""}],"tags":[],"tags_disable_links":"","hide_more_platforms":"","video_object":"","demo_hide_cta":"","demo_hide_cloud_options":"","pricing_title":"","pricing":[{"pricing_icon":"platform","pricing_title":"Elfsight Apps","pricing_title_caption":"Logiciel ind\u00e9pendant de la plate-forme","pricing_price":"\u00e0 partir de 0 $ \/ mois","pricing_price_caption":"commencer avec un plan gratuit","pricing_button_text":"Ajouter au site Web","pricing_button_url":"#demo"}],"related_apps_title":"","related_apps_hidden":"","author":"","image":[],"title":"","job":"","social_networks":[]},"_links":{"self":[{"href":"https:\/\/elfsight.com\/fr\/wp-json\/wp\/v2\/pages\/16526","targetHints":{"allow":["GET"]}}],"collection":[{"href":"https:\/\/elfsight.com\/fr\/wp-json\/wp\/v2\/pages"}],"about":[{"href":"https:\/\/elfsight.com\/fr\/wp-json\/wp\/v2\/types\/page"}],"author":[{"embeddable":true,"href":"https:\/\/elfsight.com\/fr\/wp-json\/wp\/v2\/users\/9"}],"replies":[{"embeddable":true,"href":"https:\/\/elfsight.com\/fr\/wp-json\/wp\/v2\/comments?post=16526"}],"version-history":[{"count":1,"href":"https:\/\/elfsight.com\/fr\/wp-json\/wp\/v2\/pages\/16526\/revisions"}],"predecessor-version":[{"id":16530,"href":"https:\/\/elfsight.com\/fr\/wp-json\/wp\/v2\/pages\/16526\/revisions\/16530"}],"up":[{"embeddable":true,"href":"https:\/\/elfsight.com\/fr\/wp-json\/wp\/v2\/pages\/16582"}],"wp:attachment":[{"href":"https:\/\/elfsight.com\/fr\/wp-json\/wp\/v2\/media?parent=16526"}],"curies":[{"name":"wp","href":"https:\/\/api.w.org\/{rel}","templated":true}]}}