{"id":16501,"date":"2025-05-20T10:06:19","date_gmt":"2025-05-20T10:06:19","guid":{"rendered":"https:\/\/elfsight.com\/fr\/?page_id=16501"},"modified":"2025-07-09T09:19:54","modified_gmt":"2025-07-09T09:19:54","slug":"wix","status":"publish","type":"page","link":"https:\/\/elfsight.com\/fr\/accessibility-widget\/wix\/","title":{"rendered":"Accessibility &#8211; Wix"},"content":{"rendered":"<div class=\"application-platform-content-item-description application-platform-content-item\" id=\"description\" data-nav-section=\"description\"> <h2>Int\u00e9grez l&rsquo;accessibilit\u00e9 \u00e0 Wix avec une application Elfsight<\/h2> <p>L&rsquo;application Accessibilit\u00e9 garantit l&rsquo;inclusivit\u00e9 de votre site web en am\u00e9liorant la lisibilit\u00e9 et la navigation pour les utilisateurs de tous niveaux. Dot\u00e9e de profils d&rsquo;accessibilit\u00e9 pr\u00e9d\u00e9finis, elle ajuste automatiquement votre site web pour les utilisateurs souffrant de d\u00e9ficiences visuelles, cognitives ou motrices. Chaque mode comprend des am\u00e9liorations visuelles et d&rsquo;ergonomie intelligentes pour garantir la convivialit\u00e9 et le confort. <\/p><p>Elle int\u00e8gre \u00e9galement un scanner d&rsquo;accessibilit\u00e9 int\u00e9gr\u00e9 pour \u00e9valuer la conformit\u00e9 de votre site web et affiche les r\u00e9sultats directement dans l&rsquo;application. Cela permet de garantir la conformit\u00e9 et de refl\u00e9ter visiblement votre engagement envers les meilleures pratiques d&rsquo;accessibilit\u00e9. Enti\u00e8rement localis\u00e9e, l&rsquo;application offre un support multilingue pour offrir une exp\u00e9rience fluide aux utilisateurs du monde entier. <\/p><p><strong>Int\u00e9grez notre application Accessibilit\u00e9 \u00e0 votre site web Wix pour souligner votre engagement en faveur de l&rsquo;inclusivit\u00e9\u00a0! <\/strong><\/p><\/div> <div class=\"application-platform-content-item-features application-platform-content-item\" id=\"features\" data-nav-section=\"features\"> <h2>Voici la liste des fonctionnalit\u00e9s les plus puissantes\u00a0: <\/h2><ul><li><b>Modes pr\u00eats \u00e0 l&#8217;emploi pour 8 sc\u00e9narios utilisateur. <\/b> Les utilisateurs souffrant de divers handicaps peuvent trouver un pr\u00e9r\u00e9glage parfait pour explorer votre site Web en tout confort. <\/li><li><b>Ajustez les param\u00e8tres du site Web pour afficher le contenu. <\/b> L&rsquo;application comprend des options de personnalisation pour am\u00e9liorer la clart\u00e9 du texte, la navigation sur le site et le contraste des couleurs. <\/li><li><b>V\u00e9rificateur d&rsquo;accessibilit\u00e9 int\u00e9gr\u00e9. <\/b> Analysez rapidement votre site pour d\u00e9tecter les probl\u00e8mes de conformit\u00e9 et am\u00e9liorez-le pour une meilleure accessibilit\u00e9. <\/li><li><b>Badge de confiance avec score d&rsquo;accessibilit\u00e9. <\/b> Pr\u00e9sentez les r\u00e9sultats de votre audit pour d\u00e9montrer votre engagement en mati\u00e8re de conformit\u00e9 en mati\u00e8re d&rsquo;accessibilit\u00e9. <\/li><li><b>Localisation pr\u00e9cise. <\/b> L&rsquo;application est traduite et localis\u00e9e pour 76 pays afin de garantir \u00e0 la fois la conformit\u00e9 et la disponibilit\u00e9 internationale. <\/li><\/ul><p><a href=\"#demo\">Testez simplement toutes les possibilit\u00e9s de l&rsquo;application dans l&rsquo;\u00e9diteur directement sur cette page<\/a><\/p><\/div> <div class=\"application-platform-content-item-installation application-platform-content-item\" id=\"installation\" data-nav-section=\"installation\"> <h2>Comment puis-je int\u00e9grer l&rsquo;accessibilit\u00e9 \u00e0 mon site web Wix\u00a0? <\/h2><p>Trouvez cette m\u00e9thode simple pour configurer l&rsquo;application sur votre site web Wix. Cela ne vous prendra que quelques minutes et ne n\u00e9cessite aucun codage. <\/p> <ol><li><strong>Cr\u00e9ez votre application d&rsquo;accessibilit\u00e9 personnelle<\/strong><br> Commencez avec un mod\u00e8le dans l&rsquo;\u00e9diteur, travaillez avec les \u00e9l\u00e9ments pratiques qu&rsquo;il contient et personnalisez l&rsquo;application selon le design et les options souhait\u00e9s. <\/li><li><strong>Obtenez le code personnel pour int\u00e9grer l&rsquo;application<\/strong><br> D\u00e8s que vous avez termin\u00e9 la cr\u00e9ation de l&rsquo;application, vous obtiendrez un code HTML individuel dans votre tableau de bord. Copiez le code qui contient toutes les informations sur vos ajustements. <\/li> <li><strong>Afficher l&rsquo;application sur votre site web Wix<\/strong><br> S\u00e9lectionnez les sections de votre site web o\u00f9 vous souhaitez afficher l&rsquo;accessibilit\u00e9 et collez-y le code. Enregistrez vos modifications. <\/li> <\/ol><p>C&rsquo;est fait\u00a0! V\u00e9rifiez maintenant le fonctionnement de l&rsquo;application sur votre site web. <\/p><p>En cas de difficult\u00e9 lors de l&rsquo;int\u00e9gration de l&rsquo;application \u00e0 un site web, contactez notre service client. Nous nous ferons un plaisir de vous expliquer comment ajouter et g\u00e9rer votre solution d&rsquo;accessibilit\u00e9. <\/p><\/div>","protected":false},"excerpt":{"rendered":"","protected":false},"author":9,"featured_media":0,"parent":16394,"menu_order":0,"comment_status":"closed","ping_status":"closed","template":"templates\/template-application-platform.php","meta":{"publish_to_discourse":"","publish_post_category":"","wpdc_auto_publish_overridden":"","wpdc_topic_tags":"","wpdc_pin_topic":"","wpdc_pin_until":"","discourse_post_id":"","discourse_permalink":"","wpdc_publishing_response":"","wpdc_publishing_error":"","footnotes":""},"class_list":["post-16501","page","type-page","status-publish","hentry"],"yoast_head":"<!-- This site is optimized with the Yoast SEO plugin v25.3.1 - https:\/\/yoast.com\/wordpress\/plugins\/seo\/ -->\n<title>Application d&#039;accessibilit\u00e9 Wix\u00a0: ajoutez la conformit\u00e9 \u00e0 votre site web [GRATUIT]<\/title>\n<meta name=\"description\" content=\"Ajoutez une application d&#039;accessibilit\u00e9 sans code \u00e0 votre site web Wix. Essayez l&#039;\u00e9diteur rapide d&#039;Elfsight pour cr\u00e9er facilement votre solution personnalis\u00e9e.\" \/>\n<meta name=\"robots\" content=\"index, follow, max-snippet:-1, max-image-preview:large, max-video-preview:-1\" \/>\n<link rel=\"canonical\" href=\"https:\/\/elfsight.com\/fr\/accessibility-widget\/wix\/\" \/>\n<meta property=\"og:locale\" content=\"fr_FR\" \/>\n<meta property=\"og:type\" content=\"article\" \/>\n<meta property=\"og:title\" content=\"Application d&#039;accessibilit\u00e9 Wix\u00a0: ajoutez la conformit\u00e9 \u00e0 votre site web [GRATUIT]\" \/>\n<meta property=\"og:description\" content=\"Ajoutez une application d&#039;accessibilit\u00e9 sans code \u00e0 votre site web Wix. Essayez l&#039;\u00e9diteur rapide d&#039;Elfsight pour cr\u00e9er facilement votre solution personnalis\u00e9e.\" \/>\n<meta property=\"og:url\" content=\"https:\/\/elfsight.com\/fr\/accessibility-widget\/wix\/\" \/>\n<meta property=\"og:site_name\" content=\"Elfsight FR\" \/>\n<meta property=\"article:modified_time\" content=\"2025-07-09T09:19:54+00:00\" \/>\n<meta name=\"twitter:card\" content=\"summary_large_image\" \/>\n<meta name=\"twitter:label1\" content=\"Dur\u00e9e de lecture estim\u00e9e\" \/>\n\t<meta name=\"twitter:data1\" content=\"2 minutes\" \/>\n<!-- \/ Yoast SEO plugin. -->","yoast_head_json":{"title":"Application d'accessibilit\u00e9 Wix\u00a0: ajoutez la conformit\u00e9 \u00e0 votre site web [GRATUIT]","description":"Ajoutez une application d'accessibilit\u00e9 sans code \u00e0 votre site web Wix. Essayez l'\u00e9diteur rapide d'Elfsight pour cr\u00e9er facilement votre solution personnalis\u00e9e.","robots":{"index":"index","follow":"follow","max-snippet":"max-snippet:-1","max-image-preview":"max-image-preview:large","max-video-preview":"max-video-preview:-1"},"canonical":"https:\/\/elfsight.com\/fr\/accessibility-widget\/wix\/","og_locale":"fr_FR","og_type":"article","og_title":"Application d'accessibilit\u00e9 Wix\u00a0: ajoutez la conformit\u00e9 \u00e0 votre site web [GRATUIT]","og_description":"Ajoutez une application d'accessibilit\u00e9 sans code \u00e0 votre site web Wix. Essayez l'\u00e9diteur rapide d'Elfsight pour cr\u00e9er facilement votre solution personnalis\u00e9e.","og_url":"https:\/\/elfsight.com\/fr\/accessibility-widget\/wix\/","og_site_name":"Elfsight FR","article_modified_time":"2025-07-09T09:19:54+00:00","twitter_card":"summary_large_image","twitter_misc":{"Dur\u00e9e de lecture estim\u00e9e":"2 minutes"},"schema":{"@context":"https:\/\/schema.org","@graph":[{"@type":"WebPage","@id":"https:\/\/elfsight.com\/fr\/accessibility-widget\/wix\/","url":"https:\/\/elfsight.com\/fr\/accessibility-widget\/wix\/","name":"Application d'accessibilit\u00e9 Wix\u00a0: ajoutez la conformit\u00e9 \u00e0 votre site web [GRATUIT]","isPartOf":{"@id":"https:\/\/elfsight.com\/fr\/#website"},"datePublished":"2025-05-20T10:06:19+00:00","dateModified":"2025-07-09T09:19:54+00:00","description":"Ajoutez une application d'accessibilit\u00e9 sans code \u00e0 votre site web Wix. Essayez l'\u00e9diteur rapide d'Elfsight pour cr\u00e9er facilement votre solution personnalis\u00e9e.","breadcrumb":{"@id":"https:\/\/elfsight.com\/fr\/accessibility-widget\/wix\/#breadcrumb"},"inLanguage":"fr-FR","potentialAction":[{"@type":"ReadAction","target":["https:\/\/elfsight.com\/fr\/accessibility-widget\/wix\/"]}]},{"@type":"BreadcrumbList","@id":"https:\/\/elfsight.com\/fr\/accessibility-widget\/wix\/#breadcrumb","itemListElement":[{"@type":"ListItem","position":1,"name":"Home","item":"https:\/\/elfsight.com\/fr\/"},{"@type":"ListItem","position":2,"name":"Accessibility","item":"https:\/\/elfsight.com\/fr\/accessibility-widget\/"},{"@type":"ListItem","position":3,"name":"Accessibility &#8211; Wix"}]},{"@type":"WebSite","@id":"https:\/\/elfsight.com\/fr\/#website","url":"https:\/\/elfsight.com\/fr\/","name":"Elfsight FR","description":"","potentialAction":[{"@type":"SearchAction","target":{"@type":"EntryPoint","urlTemplate":"https:\/\/elfsight.com\/fr\/?s={search_term_string}"},"query-input":{"@type":"PropertyValueSpecification","valueRequired":true,"valueName":"search_term_string"}}],"inLanguage":"fr-FR"}]}},"meta_box":{"industry":"","seo_heading":"","heading":"","description":"","cta_heading":"","cta_description":"","application":"16389","h1":"Application d'accessibilit\u00e9 pour le site Web Wix","h1_caption":"Accueillez chaque visiteur sur votre site web Wix gr\u00e2ce \u00e0 l'application de conformit\u00e9 qui adapte votre contenu \u00e0 tous les besoins. Optimisez l'inclusivit\u00e9, la fonctionnalit\u00e9 et la disponibilit\u00e9 gr\u00e2ce \u00e0 un syst\u00e8me unique et intelligent.","application_category":[],"applications_title":"","applications_request_title":"","applications_request_button_text":"","hero_text":"","hero_video":"","hero_video_schema_markup":"","selling_points_title":"","selling_points_caption":"","selling_points":[],"selling_points_cta_text":"","features_title":"","features":"","ed_cta_examples_text":"","ed_cta_examples_hidden":"","ed_cta_demo_text":"","ed_cta_demo_hidden":"","why_caption":"","why_editor_title":"","why_editor_text":"","why_team_title":"","why_team_text":"","why_service_title":"","why_service_text":"","template_catalog_visible":"","template_catalog_title":"","template_catalog_text":"","template_catalog_categories_visible":"","demo_title":"Cr\u00e9ez votre application d'accessibilit\u00e9","demo_caption":"Configurez votre accessibilit\u00e9 et ajoutez-la gratuitement \u00e0 votre site Web Wix\u00a0!","default_faq_hidden":"","app_template_category":[],"platform":"345","template_public_id":"","codecanyon_url":"","codecanyon_item_id":"","codecanyon_price":"","pricing_caption":"","pricing_elfsight_apps_hide_column":"","pricing_elfsight_apps_url":"","pricing_codecanyon_price_caption":"","integration_category":[],"integration_request_title":"","integration_request_cta":"","integration_platform":"","integrations":[],"platform_category":[],"video_schema_markup":"","price":"\u00e0 partir de 0 $ \/ mois","trial":"","benefits":[],"button_url":"#demo","button_target_blank":"0","button_nofollow":"","attributes":[{"name":"Installations","content":"50,000 - 100,000","_state":"expanded"},{"name":"Sensible","content":"Oui","_state":"expanded"},{"name":"Navigateurs compatibles","content":"Firefox, Safari, Opera, Chrome, Edge","_state":"expanded"}],"tags":[],"tags_disable_links":"","hide_more_platforms":"","video_object":"","demo_hide_cta":"","demo_hide_cloud_options":"","pricing_title":"","pricing":[{"pricing_icon":"platform","pricing_title":"Elfsight Apps","pricing_title_caption":"Solution num\u00e9rique multiplateforme adapt\u00e9e \u00e0 tous les sites Web","pricing_price":"\u00e0 partir de 0 $ \/ mois","pricing_price_caption":"commencer avec un plan gratuit","pricing_button_text":"Ajouter au site Web","pricing_button_url":"#demo"}],"related_apps_title":"","related_apps_hidden":"","author":"","image":[],"title":"","job":"","social_networks":[]},"_links":{"self":[{"href":"https:\/\/elfsight.com\/fr\/wp-json\/wp\/v2\/pages\/16501","targetHints":{"allow":["GET"]}}],"collection":[{"href":"https:\/\/elfsight.com\/fr\/wp-json\/wp\/v2\/pages"}],"about":[{"href":"https:\/\/elfsight.com\/fr\/wp-json\/wp\/v2\/types\/page"}],"author":[{"embeddable":true,"href":"https:\/\/elfsight.com\/fr\/wp-json\/wp\/v2\/users\/9"}],"replies":[{"embeddable":true,"href":"https:\/\/elfsight.com\/fr\/wp-json\/wp\/v2\/comments?post=16501"}],"version-history":[{"count":1,"href":"https:\/\/elfsight.com\/fr\/wp-json\/wp\/v2\/pages\/16501\/revisions"}],"predecessor-version":[{"id":16505,"href":"https:\/\/elfsight.com\/fr\/wp-json\/wp\/v2\/pages\/16501\/revisions\/16505"}],"up":[{"embeddable":true,"href":"https:\/\/elfsight.com\/fr\/wp-json\/wp\/v2\/pages\/16394"}],"wp:attachment":[{"href":"https:\/\/elfsight.com\/fr\/wp-json\/wp\/v2\/media?parent=16501"}],"curies":[{"name":"wp","href":"https:\/\/api.w.org\/{rel}","templated":true}]}}