{"id":16461,"date":"2025-05-20T13:42:32","date_gmt":"2025-05-20T13:42:32","guid":{"rendered":"https:\/\/elfsight.com\/fr\/?page_id=16461"},"modified":"2025-07-09T09:15:44","modified_gmt":"2025-07-09T09:15:44","slug":"facebook","status":"publish","type":"page","link":"https:\/\/elfsight.com\/fr\/accessibility-widget\/facebook\/","title":{"rendered":"Accessibility &#8211; Facebook Page"},"content":{"rendered":"<div class=\"application-platform-content-item-description application-platform-content-item\" id=\"description\" data-nav-section=\"description\"> <h2>Int\u00e9grez l&rsquo;accessibilit\u00e9 \u00e0 votre page Facebook avec un widget Elfsight<\/h2> <p>Le widget Accessibilit\u00e9 garantit l&rsquo;inclusivit\u00e9 de votre site web en facilitant la navigation et la lecture pour les utilisateurs aux besoins vari\u00e9s. Dot\u00e9 de profils d&rsquo;accessibilit\u00e9 pr\u00e9d\u00e9finis, il ajuste automatiquement votre site web aux visiteurs pr\u00e9sentant des difficult\u00e9s visuelles, d&rsquo;attention ou motrices. Chaque mode regroupe des ajustements visuels et fonctionnels intelligents pour garantir la convivialit\u00e9 et le confort. <\/p><p>Il int\u00e8gre \u00e9galement un v\u00e9rificateur d&rsquo;accessibilit\u00e9 int\u00e9gr\u00e9 pour v\u00e9rifier la conformit\u00e9 de votre site web et affiche les r\u00e9sultats directement dans le widget. Cela vous permet non seulement de r\u00e9soudre les probl\u00e8mes, mais aussi de d\u00e9montrer fi\u00e8rement votre engagement en mati\u00e8re d&rsquo;accessibilit\u00e9. Enti\u00e8rement localis\u00e9, le widget offre une prise en charge multilingue pour offrir une exp\u00e9rience fluide aux utilisateurs du monde entier. <\/p><p><strong>Rendez votre page Facebook accessible \u00e0 tous, simplement en ajoutant notre puissant widget Accessibilit\u00e9\u00a0! <\/strong><\/p><\/div> <div class=\"application-platform-content-item-features application-platform-content-item\" id=\"features\" data-nav-section=\"features\"> <h2>\u00c9tudiez la liste des fonctionnalit\u00e9s les plus importantes\u00a0: <\/h2><ul><li><b>Modes pr\u00eats \u00e0 l&#8217;emploi pour 8 sc\u00e9narios utilisateur. <\/b> Les utilisateurs souffrant de divers handicaps peuvent trouver un pr\u00e9r\u00e9glage parfait pour naviguer sur votre site Web avec facilit\u00e9 et confiance. <\/li><li><b>Ajustez les param\u00e8tres du site Web pour afficher le contenu. <\/b> Le widget propose des param\u00e8tres con\u00e7us pour optimiser la lisibilit\u00e9, le flux utilisateur et l&rsquo;accessibilit\u00e9 visuelle. <\/li><li><b>V\u00e9rificateur d&rsquo;accessibilit\u00e9 int\u00e9gr\u00e9. <\/b> \u00c9valuez facilement votre site Web pour identifier les lacunes et l&rsquo;am\u00e9liorer pour une meilleure accessibilit\u00e9. <\/li><li><b>Badge de confiance avec score d&rsquo;accessibilit\u00e9. <\/b> Publiez les r\u00e9sultats d&rsquo;audit dans le widget pour valider votre engagement continu envers les normes. <\/li><li><b>Localisation pr\u00e9cise. <\/b> Le widget prend en charge la localisation et la traduction pour 76 pays, r\u00e9pondant ainsi aux normes de conformit\u00e9 mondiales et aux besoins d&rsquo;accessibilit\u00e9. <\/li><\/ul><p><a href=\"#demo\">Essayez l&rsquo;\u00e9diteur convivial pour d\u00e9couvrir les fonctionnalit\u00e9s de notre widget<\/a><\/p><\/div> <div class=\"application-platform-content-item-installation application-platform-content-item\" id=\"installation\" data-nav-section=\"installation\"> <h2>Comment int\u00e9grer l&rsquo;accessibilit\u00e9 \u00e0 ma page Facebook\u00a0? <\/h2><div class=\"tip-yellow tip\"><b>En raison des r\u00e9cents changements apport\u00e9s \u00e0 Facebook et de la transition vers la nouvelle exp\u00e9rience de page, l&rsquo;utilisation n&rsquo;est actuellement possible qu&rsquo;en ajoutant un lien direct vers le widget. Nous recherchons activement une solution et mettrons \u00e0 jour la configuration de la page Facebook d\u00e8s que nous trouverons une solution.<\/b><\/div><p>Nous proposons un guide simple pour configurer le widget sur votre page Facebook. Cela ne vous prendra que quelques minutes et ne n\u00e9cessite aucun codage. <\/p> <ol><li><strong>Cr\u00e9ez votre widget d&rsquo;accessibilit\u00e9 personnalis\u00e9<\/strong><br> Commencez avec un mod\u00e8le dans l&rsquo;\u00e9diteur, utilisez les \u00e9l\u00e9ments conviviaux qu&rsquo;il contient et ajustez le widget selon le style et les options souhait\u00e9s. <\/li><li><strong>Obtenez le code personnel pour int\u00e9grer le widget<\/strong><br> Une fois le widget cr\u00e9\u00e9, vous obtiendrez un code HTML personnalis\u00e9 dans votre tableau de bord. Copiez ce code qui contient tous les d\u00e9tails concernant vos param\u00e8tres. <\/li> <li><strong>Affichez le widget sur votre page Facebook<\/strong><br> S\u00e9lectionnez les sections de votre site web o\u00f9 vous souhaitez pr\u00e9senter l&rsquo;accessibilit\u00e9 et collez-y le code. Enregistrez les modifications. <\/li> <\/ol><p>C&rsquo;est tout\u00a0! V\u00e9rifiez maintenant les performances du widget sur votre site web. <\/p><p>En cas de probl\u00e8me lors de l&rsquo;int\u00e9gration du widget \u00e0 votre site web, n&rsquo;h\u00e9sitez pas \u00e0 contacter notre centre d&rsquo;aide. Nous serons ravis de vous aider \u00e0 ajouter et \u00e0 g\u00e9rer votre solution de conformit\u00e9. <\/p><\/div>","protected":false},"excerpt":{"rendered":"","protected":false},"author":9,"featured_media":0,"parent":16394,"menu_order":0,"comment_status":"closed","ping_status":"closed","template":"templates\/template-application-platform.php","meta":{"publish_to_discourse":"","publish_post_category":"","wpdc_auto_publish_overridden":"","wpdc_topic_tags":"","wpdc_pin_topic":"","wpdc_pin_until":"","discourse_post_id":"","discourse_permalink":"","wpdc_publishing_response":"","wpdc_publishing_error":"","footnotes":""},"class_list":["post-16461","page","type-page","status-publish","hentry"],"yoast_head":"<!-- This site is optimized with the Yoast SEO plugin v25.3.1 - https:\/\/yoast.com\/wordpress\/plugins\/seo\/ -->\n<title>Widget d&#039;accessibilit\u00e9 pour page Facebook\u00a0: ajoutez la conformit\u00e9 \u00e0 votre site Web [GRATUIT]<\/title>\n<meta name=\"description\" content=\"Ajoutez un widget d&#039;accessibilit\u00e9 sans code \u00e0 votre page Facebook. Utilisez l&#039;\u00e9diteur rapide d&#039;Elfsight pour cr\u00e9er facilement votre solution personnalis\u00e9e.\" \/>\n<meta name=\"robots\" content=\"index, follow, max-snippet:-1, max-image-preview:large, max-video-preview:-1\" \/>\n<link rel=\"canonical\" href=\"https:\/\/elfsight.com\/fr\/accessibility-widget\/facebook\/\" \/>\n<meta property=\"og:locale\" content=\"fr_FR\" \/>\n<meta property=\"og:type\" content=\"article\" \/>\n<meta property=\"og:title\" content=\"Widget d&#039;accessibilit\u00e9 pour page Facebook\u00a0: ajoutez la conformit\u00e9 \u00e0 votre site Web [GRATUIT]\" \/>\n<meta property=\"og:description\" content=\"Ajoutez un widget d&#039;accessibilit\u00e9 sans code \u00e0 votre page Facebook. Utilisez l&#039;\u00e9diteur rapide d&#039;Elfsight pour cr\u00e9er facilement votre solution personnalis\u00e9e.\" \/>\n<meta property=\"og:url\" content=\"https:\/\/elfsight.com\/fr\/accessibility-widget\/facebook\/\" \/>\n<meta property=\"og:site_name\" content=\"Elfsight FR\" \/>\n<meta property=\"article:modified_time\" content=\"2025-07-09T09:15:44+00:00\" \/>\n<meta name=\"twitter:card\" content=\"summary_large_image\" \/>\n<meta name=\"twitter:label1\" content=\"Dur\u00e9e de lecture estim\u00e9e\" \/>\n\t<meta name=\"twitter:data1\" content=\"3 minutes\" \/>\n<!-- \/ Yoast SEO plugin. -->","yoast_head_json":{"title":"Widget d'accessibilit\u00e9 pour page Facebook\u00a0: ajoutez la conformit\u00e9 \u00e0 votre site Web [GRATUIT]","description":"Ajoutez un widget d'accessibilit\u00e9 sans code \u00e0 votre page Facebook. Utilisez l'\u00e9diteur rapide d'Elfsight pour cr\u00e9er facilement votre solution personnalis\u00e9e.","robots":{"index":"index","follow":"follow","max-snippet":"max-snippet:-1","max-image-preview":"max-image-preview:large","max-video-preview":"max-video-preview:-1"},"canonical":"https:\/\/elfsight.com\/fr\/accessibility-widget\/facebook\/","og_locale":"fr_FR","og_type":"article","og_title":"Widget d'accessibilit\u00e9 pour page Facebook\u00a0: ajoutez la conformit\u00e9 \u00e0 votre site Web [GRATUIT]","og_description":"Ajoutez un widget d'accessibilit\u00e9 sans code \u00e0 votre page Facebook. Utilisez l'\u00e9diteur rapide d'Elfsight pour cr\u00e9er facilement votre solution personnalis\u00e9e.","og_url":"https:\/\/elfsight.com\/fr\/accessibility-widget\/facebook\/","og_site_name":"Elfsight FR","article_modified_time":"2025-07-09T09:15:44+00:00","twitter_card":"summary_large_image","twitter_misc":{"Dur\u00e9e de lecture estim\u00e9e":"3 minutes"},"schema":{"@context":"https:\/\/schema.org","@graph":[{"@type":"WebPage","@id":"https:\/\/elfsight.com\/fr\/accessibility-widget\/facebook\/","url":"https:\/\/elfsight.com\/fr\/accessibility-widget\/facebook\/","name":"Widget d'accessibilit\u00e9 pour page Facebook\u00a0: ajoutez la conformit\u00e9 \u00e0 votre site Web [GRATUIT]","isPartOf":{"@id":"https:\/\/elfsight.com\/fr\/#website"},"datePublished":"2025-05-20T13:42:32+00:00","dateModified":"2025-07-09T09:15:44+00:00","description":"Ajoutez un widget d'accessibilit\u00e9 sans code \u00e0 votre page Facebook. Utilisez l'\u00e9diteur rapide d'Elfsight pour cr\u00e9er facilement votre solution personnalis\u00e9e.","breadcrumb":{"@id":"https:\/\/elfsight.com\/fr\/accessibility-widget\/facebook\/#breadcrumb"},"inLanguage":"fr-FR","potentialAction":[{"@type":"ReadAction","target":["https:\/\/elfsight.com\/fr\/accessibility-widget\/facebook\/"]}]},{"@type":"BreadcrumbList","@id":"https:\/\/elfsight.com\/fr\/accessibility-widget\/facebook\/#breadcrumb","itemListElement":[{"@type":"ListItem","position":1,"name":"Home","item":"https:\/\/elfsight.com\/fr\/"},{"@type":"ListItem","position":2,"name":"Accessibility","item":"https:\/\/elfsight.com\/fr\/accessibility-widget\/"},{"@type":"ListItem","position":3,"name":"Accessibility &#8211; Facebook Page"}]},{"@type":"WebSite","@id":"https:\/\/elfsight.com\/fr\/#website","url":"https:\/\/elfsight.com\/fr\/","name":"Elfsight FR","description":"","potentialAction":[{"@type":"SearchAction","target":{"@type":"EntryPoint","urlTemplate":"https:\/\/elfsight.com\/fr\/?s={search_term_string}"},"query-input":{"@type":"PropertyValueSpecification","valueRequired":true,"valueName":"search_term_string"}}],"inLanguage":"fr-FR"}]}},"meta_box":{"industry":"","seo_heading":"","heading":"","description":"","cta_heading":"","cta_description":"","application":"16389","h1":"Widget d'accessibilit\u00e9 pour la page Facebook","h1_caption":"Accueillez chaque visiteur de votre page Facebook gr\u00e2ce au widget de conformit\u00e9 qui adapte votre contenu \u00e0 tous les besoins. Am\u00e9liorez l'inclusivit\u00e9, la convivialit\u00e9 et la disponibilit\u00e9 gr\u00e2ce \u00e0 un syst\u00e8me unique et intelligent.","application_category":[],"applications_title":"","applications_request_title":"","applications_request_button_text":"","hero_text":"","hero_video":"","hero_video_schema_markup":"","selling_points_title":"","selling_points_caption":"","selling_points":[],"selling_points_cta_text":"","features_title":"","features":"","ed_cta_examples_text":"","ed_cta_examples_hidden":"","ed_cta_demo_text":"","ed_cta_demo_hidden":"","why_caption":"","why_editor_title":"","why_editor_text":"","why_team_title":"","why_team_text":"","why_service_title":"","why_service_text":"","template_catalog_visible":"","template_catalog_title":"","template_catalog_text":"","template_catalog_categories_visible":"","demo_title":"Cr\u00e9ez votre widget d'accessibilit\u00e9","demo_caption":"Configurez votre accessibilit\u00e9 et ajoutez-la \u00e0 votre page Facebook gratuitement !","default_faq_hidden":"","app_template_category":[],"platform":"394","template_public_id":"","codecanyon_url":"","codecanyon_item_id":"","codecanyon_price":"","pricing_caption":"","pricing_elfsight_apps_hide_column":"","pricing_elfsight_apps_url":"","pricing_codecanyon_price_caption":"","integration_category":[],"integration_request_title":"","integration_request_cta":"","integration_platform":"","integrations":[],"platform_category":[],"video_schema_markup":"","price":"\u00e0 partir de 0 $ \/ mois","trial":"","benefits":[],"button_url":"#demo","button_target_blank":"0","button_nofollow":"","attributes":[{"name":"Installations","content":"50,000 - 100,000","_state":"expanded"},{"name":"Sensible","content":"Oui","_state":"expanded"},{"name":"Navigateurs compatibles","content":"Firefox, Safari, Opera, Chrome, Edge","_state":"expanded"}],"tags":[],"tags_disable_links":"","hide_more_platforms":"","video_object":"","demo_hide_cta":"","demo_hide_cloud_options":"","pricing_title":"","pricing":[{"pricing_icon":"platform","pricing_title":"Elfsight Apps","pricing_title_caption":"Version ind\u00e9pendante de la plateforme","pricing_price":"\u00e0 partir de 0 $ \/ mois","pricing_price_caption":"commencer avec un plan gratuit","pricing_button_text":"Ajouter au site Web","pricing_button_url":"#demo"}],"related_apps_title":"","related_apps_hidden":"","author":"","image":[],"title":"","job":"","social_networks":[]},"_links":{"self":[{"href":"https:\/\/elfsight.com\/fr\/wp-json\/wp\/v2\/pages\/16461","targetHints":{"allow":["GET"]}}],"collection":[{"href":"https:\/\/elfsight.com\/fr\/wp-json\/wp\/v2\/pages"}],"about":[{"href":"https:\/\/elfsight.com\/fr\/wp-json\/wp\/v2\/types\/page"}],"author":[{"embeddable":true,"href":"https:\/\/elfsight.com\/fr\/wp-json\/wp\/v2\/users\/9"}],"replies":[{"embeddable":true,"href":"https:\/\/elfsight.com\/fr\/wp-json\/wp\/v2\/comments?post=16461"}],"version-history":[{"count":1,"href":"https:\/\/elfsight.com\/fr\/wp-json\/wp\/v2\/pages\/16461\/revisions"}],"predecessor-version":[{"id":16465,"href":"https:\/\/elfsight.com\/fr\/wp-json\/wp\/v2\/pages\/16461\/revisions\/16465"}],"up":[{"embeddable":true,"href":"https:\/\/elfsight.com\/fr\/wp-json\/wp\/v2\/pages\/16394"}],"wp:attachment":[{"href":"https:\/\/elfsight.com\/fr\/wp-json\/wp\/v2\/media?parent=16461"}],"curies":[{"name":"wp","href":"https:\/\/api.w.org\/{rel}","templated":true}]}}