{"id":16440,"date":"2025-05-21T08:36:54","date_gmt":"2025-05-21T08:36:54","guid":{"rendered":"https:\/\/elfsight.com\/fr\/?page_id=16440"},"modified":"2025-07-09T09:41:02","modified_gmt":"2025-07-09T09:41:02","slug":"elementor","status":"publish","type":"page","link":"https:\/\/elfsight.com\/fr\/ada-compliance-widget\/elementor\/","title":{"rendered":"ADA Compliance &#8211; Elementor"},"content":{"rendered":"<div class=\"application-platform-content-item-description application-platform-content-item\" id=\"description\" data-nav-section=\"description\"> <h2>Int\u00e9grez la conformit\u00e9 ADA \u00e0 Elementor avec un widget Elfsight<\/h2> <p>Le widget Conformit\u00e9 ADA garantit une navigation et une ergonomie fluides pour un public diversifi\u00e9 en se conformant aux principales normes et bonnes pratiques d&rsquo;accessibilit\u00e9 Web. Gr\u00e2ce \u00e0 la prise en charge int\u00e9gr\u00e9e de plusieurs modes d&rsquo;assistance, il ajuste dynamiquement votre interface pour aider les utilisateurs souffrant de d\u00e9ficiences visuelles, de concentration ou motrices. Il est pr\u00eat \u00e0 l&#8217;emploi\u00a0: aucun r\u00e9glage technique n&rsquo;est requis. Chaque pr\u00e9r\u00e9glage offre une combinaison judicieuse d&rsquo;am\u00e9liorations d&rsquo;ergonomie pour rendre votre contenu existant plus accessible et les interactions plus confortables. <\/p><p>Le widget comprend \u00e9galement un v\u00e9rificateur de conformit\u00e9 intelligent qui analyse votre site web \u00e0 la recherche de probl\u00e8mes d&rsquo;accessibilit\u00e9 et affiche les r\u00e9sultats de l&rsquo;audit directement dans le panneau du widget. Vous pouvez t\u00e9l\u00e9charger un rapport complet et m\u00eame pr\u00e9senter votre score pour renforcer la cr\u00e9dibilit\u00e9 et la confiance. Gr\u00e2ce \u00e0 sa localisation compl\u00e8te, il favorise l&rsquo;engagement inclusif des utilisateurs dans divers contextes linguistiques et r\u00e9gionaux. <\/p><p><strong>Int\u00e9grez notre widget Conformit\u00e9 ADA \u00e0 votre site web Elementor pour d\u00e9montrer votre engagement envers les bonnes pratiques d&rsquo;accessibilit\u00e9\u00a0! <\/strong><\/p><\/div> <div class=\"application-platform-content-item-features application-platform-content-item\" id=\"features\" data-nav-section=\"features\"> <h2>Les fonctionnalit\u00e9s les plus utiles du widget incluent<\/h2><ul><li><b>Des modes pr\u00eats \u00e0 l&#8217;emploi pour 8 sc\u00e9narios utilisateur. <\/b> Les utilisateurs souffrant de divers handicaps peuvent trouver un pr\u00e9r\u00e9glage parfait pour explorer votre site Web en tout confort. <\/li><li><b>Ajustez les param\u00e8tres du site Web pour afficher le contenu. <\/b> Le widget comprend des options de personnalisation pour am\u00e9liorer la clart\u00e9 du texte, la navigation sur le site et le contraste des couleurs. <\/li><li><b>V\u00e9rificateur d&rsquo;accessibilit\u00e9 int\u00e9gr\u00e9. <\/b> Analysez rapidement votre site pour d\u00e9tecter les probl\u00e8mes de conformit\u00e9 et am\u00e9liorez-le pour une meilleure accessibilit\u00e9. <\/li><li><b>Badge de confiance avec score d&rsquo;accessibilit\u00e9. <\/b> Affichez les r\u00e9sultats de l&rsquo;audit int\u00e9gr\u00e9 pour prouver votre engagement \u00e0 rester conforme. <\/li><li><b>Localisation pr\u00e9cise. <\/b> Le widget prend en charge la localisation et la traduction pour 76 pays, r\u00e9pondant ainsi aux normes de conformit\u00e9 mondiales et aux besoins d&rsquo;accessibilit\u00e9. <\/li><\/ul><p><a href=\"#demo\">D\u00e9couvrez simplement tous les atouts de notre widget dans l&rsquo;\u00e9diteur directement sur cette page<\/a><\/p><\/div> <div class=\"application-platform-content-item-installation application-platform-content-item\" id=\"installation\" data-nav-section=\"installation\"> <h2>Comment int\u00e9grer la conformit\u00e9 ADA \u00e0 mon site web Elementor\u00a0? <\/h2><p>Retrouvez ce guide simple pour int\u00e9grer le widget \u00e0 votre site web Elementor. Cela ne vous prendra que quelques minutes et ne n\u00e9cessite aucun codage. <\/p> <ol><li><strong>Cr\u00e9ez votre widget personnel de conformit\u00e9 ADA<\/strong><br> Commencez avec un mod\u00e8le dans l&rsquo;\u00e9diteur, travaillez avec les \u00e9l\u00e9ments conviviaux qu&rsquo;il contient et personnalisez le widget selon le style et les options souhait\u00e9s. <\/li><li><strong>Obtenez le code personnel pour int\u00e9grer le widget<\/strong><br> D\u00e8s que vous aurez termin\u00e9 de cr\u00e9er votre widget, vous recevrez un code HTML individuel dans votre tableau de bord. Copiez ce code qui contient tous les d\u00e9tails de vos param\u00e8tres. <\/li> <li><strong>Pr\u00e9sentez le widget sur votre site web Elementor<\/strong><br> Choisissez les sections de votre site web o\u00f9 vous souhaitez pr\u00e9senter la conformit\u00e9 ADA et collez-y le code. Enregistrez vos modifications. <\/li> <\/ol><p>C&rsquo;est fait\u00a0! Maintenant, observez les performances du widget sur votre site web. <\/p><p>Si vous rencontrez des probl\u00e8mes lors de l&rsquo;int\u00e9gration du widget \u00e0 un site web, contactez simplement notre centre d&rsquo;aide. Nous serons heureux de vous aider \u00e0 ajouter et \u00e0 ajuster votre solution d&rsquo;accessibilit\u00e9. <\/p><\/div>","protected":false},"excerpt":{"rendered":"","protected":false},"author":9,"featured_media":0,"parent":16583,"menu_order":0,"comment_status":"closed","ping_status":"closed","template":"templates\/template-application-platform.php","meta":{"publish_to_discourse":"","publish_post_category":"","wpdc_auto_publish_overridden":"","wpdc_topic_tags":"","wpdc_pin_topic":"","wpdc_pin_until":"","discourse_post_id":"","discourse_permalink":"","wpdc_publishing_response":"","wpdc_publishing_error":"","footnotes":""},"class_list":["post-16440","page","type-page","status-publish","hentry"],"yoast_head":"<!-- This site is optimized with the Yoast SEO plugin v25.3.1 - https:\/\/yoast.com\/wordpress\/plugins\/seo\/ -->\n<title>Widget de conformit\u00e9 ADA Elementor\u00a0: ajoutez l&#039;accessibilit\u00e9 \u00e0 votre site Web [GRATUIT]<\/title>\n<meta name=\"description\" content=\"Ajoutez un widget de conformit\u00e9 ADA sans code \u00e0 votre site web Elementor. Utilisez l&#039;\u00e9diteur simple d&#039;Elfsight pour cr\u00e9er facilement votre solution personnalis\u00e9e.\" \/>\n<meta name=\"robots\" content=\"index, follow, max-snippet:-1, max-image-preview:large, max-video-preview:-1\" \/>\n<link rel=\"canonical\" href=\"https:\/\/elfsight.com\/fr\/ada-compliance-widget\/elementor\/\" \/>\n<meta property=\"og:locale\" content=\"fr_FR\" \/>\n<meta property=\"og:type\" content=\"article\" \/>\n<meta property=\"og:title\" content=\"Widget de conformit\u00e9 ADA Elementor\u00a0: ajoutez l&#039;accessibilit\u00e9 \u00e0 votre site Web [GRATUIT]\" \/>\n<meta property=\"og:description\" content=\"Ajoutez un widget de conformit\u00e9 ADA sans code \u00e0 votre site web Elementor. Utilisez l&#039;\u00e9diteur simple d&#039;Elfsight pour cr\u00e9er facilement votre solution personnalis\u00e9e.\" \/>\n<meta property=\"og:url\" content=\"https:\/\/elfsight.com\/fr\/ada-compliance-widget\/elementor\/\" \/>\n<meta property=\"og:site_name\" content=\"Elfsight FR\" \/>\n<meta property=\"article:modified_time\" content=\"2025-07-09T09:41:02+00:00\" \/>\n<meta name=\"twitter:card\" content=\"summary_large_image\" \/>\n<meta name=\"twitter:label1\" content=\"Dur\u00e9e de lecture estim\u00e9e\" \/>\n\t<meta name=\"twitter:data1\" content=\"2 minutes\" \/>\n<!-- \/ Yoast SEO plugin. -->","yoast_head_json":{"title":"Widget de conformit\u00e9 ADA Elementor\u00a0: ajoutez l'accessibilit\u00e9 \u00e0 votre site Web [GRATUIT]","description":"Ajoutez un widget de conformit\u00e9 ADA sans code \u00e0 votre site web Elementor. Utilisez l'\u00e9diteur simple d'Elfsight pour cr\u00e9er facilement votre solution personnalis\u00e9e.","robots":{"index":"index","follow":"follow","max-snippet":"max-snippet:-1","max-image-preview":"max-image-preview:large","max-video-preview":"max-video-preview:-1"},"canonical":"https:\/\/elfsight.com\/fr\/ada-compliance-widget\/elementor\/","og_locale":"fr_FR","og_type":"article","og_title":"Widget de conformit\u00e9 ADA Elementor\u00a0: ajoutez l'accessibilit\u00e9 \u00e0 votre site Web [GRATUIT]","og_description":"Ajoutez un widget de conformit\u00e9 ADA sans code \u00e0 votre site web Elementor. Utilisez l'\u00e9diteur simple d'Elfsight pour cr\u00e9er facilement votre solution personnalis\u00e9e.","og_url":"https:\/\/elfsight.com\/fr\/ada-compliance-widget\/elementor\/","og_site_name":"Elfsight FR","article_modified_time":"2025-07-09T09:41:02+00:00","twitter_card":"summary_large_image","twitter_misc":{"Dur\u00e9e de lecture estim\u00e9e":"2 minutes"},"schema":{"@context":"https:\/\/schema.org","@graph":[{"@type":"WebPage","@id":"https:\/\/elfsight.com\/fr\/ada-compliance-widget\/elementor\/","url":"https:\/\/elfsight.com\/fr\/ada-compliance-widget\/elementor\/","name":"Widget de conformit\u00e9 ADA Elementor\u00a0: ajoutez l'accessibilit\u00e9 \u00e0 votre site Web [GRATUIT]","isPartOf":{"@id":"https:\/\/elfsight.com\/fr\/#website"},"datePublished":"2025-05-21T08:36:54+00:00","dateModified":"2025-07-09T09:41:02+00:00","description":"Ajoutez un widget de conformit\u00e9 ADA sans code \u00e0 votre site web Elementor. Utilisez l'\u00e9diteur simple d'Elfsight pour cr\u00e9er facilement votre solution personnalis\u00e9e.","breadcrumb":{"@id":"https:\/\/elfsight.com\/fr\/ada-compliance-widget\/elementor\/#breadcrumb"},"inLanguage":"fr-FR","potentialAction":[{"@type":"ReadAction","target":["https:\/\/elfsight.com\/fr\/ada-compliance-widget\/elementor\/"]}]},{"@type":"BreadcrumbList","@id":"https:\/\/elfsight.com\/fr\/ada-compliance-widget\/elementor\/#breadcrumb","itemListElement":[{"@type":"ListItem","position":1,"name":"Home","item":"https:\/\/elfsight.com\/fr\/"},{"@type":"ListItem","position":2,"name":"Ada Compliance","item":"https:\/\/elfsight.com\/fr\/ada-compliance-widget\/"},{"@type":"ListItem","position":3,"name":"ADA Compliance &#8211; Elementor"}]},{"@type":"WebSite","@id":"https:\/\/elfsight.com\/fr\/#website","url":"https:\/\/elfsight.com\/fr\/","name":"Elfsight FR","description":"","potentialAction":[{"@type":"SearchAction","target":{"@type":"EntryPoint","urlTemplate":"https:\/\/elfsight.com\/fr\/?s={search_term_string}"},"query-input":{"@type":"PropertyValueSpecification","valueRequired":true,"valueName":"search_term_string"}}],"inLanguage":"fr-FR"}]}},"meta_box":{"industry":"","seo_heading":"","heading":"","description":"","cta_heading":"","cta_description":"","application":"16389","h1":"Widget de conformit\u00e9 ADA pour le site Web Elementor","h1_caption":"Rendez votre site Web Elementor conforme \u00e0 l'ADA avec un widget qui adapte votre contenu \u00e0 tous les utilisateurs : am\u00e9liorez l'inclusivit\u00e9 des utilisateurs et renforcez votre engagement en mati\u00e8re d'accessibilit\u00e9.","application_category":[],"applications_title":"","applications_request_title":"","applications_request_button_text":"","hero_text":"","hero_video":"","hero_video_schema_markup":"","selling_points_title":"","selling_points_caption":"","selling_points":[],"selling_points_cta_text":"","features_title":"","features":"","ed_cta_examples_text":"","ed_cta_examples_hidden":"","ed_cta_demo_text":"","ed_cta_demo_hidden":"","why_caption":"","why_editor_title":"","why_editor_text":"","why_team_title":"","why_team_text":"","why_service_title":"","why_service_text":"","template_catalog_visible":"","template_catalog_title":"","template_catalog_text":"","template_catalog_categories_visible":"","demo_title":"Cr\u00e9ez votre widget de conformit\u00e9 ADA","demo_caption":"Configurez votre conformit\u00e9 ADA et ajoutez-la gratuitement \u00e0 votre site Web Elementor\u00a0!","default_faq_hidden":"","app_template_category":[],"platform":"385","template_public_id":"","codecanyon_url":"","codecanyon_item_id":"","codecanyon_price":"","pricing_caption":"","pricing_elfsight_apps_hide_column":"","pricing_elfsight_apps_url":"","pricing_codecanyon_price_caption":"","integration_category":[],"integration_request_title":"","integration_request_cta":"","integration_platform":"","integrations":[],"platform_category":[],"video_schema_markup":"","price":"\u00e0 partir de 0 $ \/ mois","trial":"","benefits":[],"button_url":"#demo","button_target_blank":"0","button_nofollow":"","attributes":[{"name":"Installations","content":"50,000 - 100,000","_state":"expanded"},{"name":"Sensible","content":"Oui","_state":"expanded"},{"name":"Navigateurs compatibles","content":"Firefox, Safari, Opera, Chrome, Edge","_state":"expanded"}],"tags":[],"tags_disable_links":"","hide_more_platforms":"","video_object":"","demo_hide_cta":"","demo_hide_cloud_options":"","pricing_title":"","pricing":[{"pricing_icon":"platform","pricing_title":"Elfsight Apps","pricing_title_caption":"Logiciel multiplateforme","pricing_price":"\u00e0 partir de 0 $ \/ mois","pricing_price_caption":"commencer avec un plan gratuit","pricing_button_text":"Ajouter au site Web","pricing_button_url":"#demo"}],"related_apps_title":"","related_apps_hidden":"","author":"","image":[],"title":"","job":"","social_networks":[]},"_links":{"self":[{"href":"https:\/\/elfsight.com\/fr\/wp-json\/wp\/v2\/pages\/16440","targetHints":{"allow":["GET"]}}],"collection":[{"href":"https:\/\/elfsight.com\/fr\/wp-json\/wp\/v2\/pages"}],"about":[{"href":"https:\/\/elfsight.com\/fr\/wp-json\/wp\/v2\/types\/page"}],"author":[{"embeddable":true,"href":"https:\/\/elfsight.com\/fr\/wp-json\/wp\/v2\/users\/9"}],"replies":[{"embeddable":true,"href":"https:\/\/elfsight.com\/fr\/wp-json\/wp\/v2\/comments?post=16440"}],"version-history":[{"count":1,"href":"https:\/\/elfsight.com\/fr\/wp-json\/wp\/v2\/pages\/16440\/revisions"}],"predecessor-version":[{"id":16444,"href":"https:\/\/elfsight.com\/fr\/wp-json\/wp\/v2\/pages\/16440\/revisions\/16444"}],"up":[{"embeddable":true,"href":"https:\/\/elfsight.com\/fr\/wp-json\/wp\/v2\/pages\/16583"}],"wp:attachment":[{"href":"https:\/\/elfsight.com\/fr\/wp-json\/wp\/v2\/media?parent=16440"}],"curies":[{"name":"wp","href":"https:\/\/api.w.org\/{rel}","templated":true}]}}