{"id":16432,"date":"2025-05-21T09:10:23","date_gmt":"2025-05-21T09:10:23","guid":{"rendered":"https:\/\/elfsight.com\/fr\/?page_id=16432"},"modified":"2025-07-09T09:43:16","modified_gmt":"2025-07-09T09:43:16","slug":"woocommerce","status":"publish","type":"page","link":"https:\/\/elfsight.com\/fr\/ada-compliance-widget\/woocommerce\/","title":{"rendered":"ADA Compliance &#8211; WooCommerce"},"content":{"rendered":"<div class=\"application-platform-content-item-description application-platform-content-item\" id=\"description\" data-nav-section=\"description\"> <h2>Int\u00e9grez la conformit\u00e9 ADA \u00e0 WooCommerce avec un plugin Elfsight<\/h2> <p>Le plugin ADA Compliance garantit une exp\u00e9rience utilisateur conviviale pour les visiteurs de tous niveaux en adh\u00e9rant aux directives d&rsquo;accessibilit\u00e9 reconnues. Dot\u00e9 de plusieurs modes d&rsquo;accessibilit\u00e9 assist\u00e9e int\u00e9gr\u00e9s, il ajuste dynamiquement votre mise en page et votre contenu pour aider les utilisateurs souffrant de d\u00e9ficiences visuelles, de concentration ou motrices. Il est pr\u00eat \u00e0 l&#8217;emploi\u00a0: aucun r\u00e9glage technique n&rsquo;est requis. Chaque pr\u00e9r\u00e9glage offre une combinaison bien con\u00e7ue de mises \u00e0 niveau d&rsquo;ergonomie pour optimiser l&rsquo;ergonomie du contenu et offrir une exp\u00e9rience d&rsquo;interaction plus fluide. <\/p><p>Le plugin dispose \u00e9galement d&rsquo;un scanner de conformit\u00e9 intelligent qui identifie les lacunes d&rsquo;accessibilit\u00e9 sur votre site web et affiche les r\u00e9sultats directement dans l&rsquo;interface du plugin. Vous pouvez t\u00e9l\u00e9charger les r\u00e9sultats d&rsquo;audit d\u00e9taill\u00e9s et mettre en avant votre note d&rsquo;accessibilit\u00e9 pour renforcer la cr\u00e9dibilit\u00e9 et la confiance. Gr\u00e2ce \u00e0 sa localisation compl\u00e8te, il favorise l&rsquo;engagement inclusif des utilisateurs dans divers contextes linguistiques et r\u00e9gionaux. <\/p><p><strong>Ajoutez notre plugin ADA Compliance \u00e0 votre site web WooCommerce et prouvez que l&rsquo;accessibilit\u00e9 fait partie de vos normes\u00a0! <\/strong><\/p><\/div> <div class=\"application-platform-content-item-features application-platform-content-item\" id=\"features\" data-nav-section=\"features\"> <h2>Consultez la liste des fonctionnalit\u00e9s les plus puissantes\u00a0: <\/h2><ul><li><b>Modes pr\u00eats \u00e0 l&#8217;emploi pour 8 sc\u00e9narios utilisateur. <\/b> Les utilisateurs souffrant de divers handicaps peuvent trouver un pr\u00e9r\u00e9glage parfait pour naviguer sur votre site Web avec facilit\u00e9 et confiance. <\/li><li><b>Ajustez les param\u00e8tres du site Web pour afficher le contenu. <\/b> Le plugin comprend des options de personnalisation pour am\u00e9liorer la clart\u00e9 du texte, la navigation sur le site et le contraste des couleurs. <\/li><li><b>V\u00e9rificateur d&rsquo;accessibilit\u00e9 int\u00e9gr\u00e9. <\/b> Analysez rapidement votre site pour d\u00e9tecter les probl\u00e8mes de conformit\u00e9 et am\u00e9liorez-le pour une meilleure accessibilit\u00e9. <\/li><li><b>Badge de confiance avec score d&rsquo;accessibilit\u00e9. <\/b> Affichez les r\u00e9sultats de l&rsquo;audit int\u00e9gr\u00e9 pour prouver votre engagement \u00e0 rester conforme. <\/li><li><b>Localisation pr\u00e9cise. <\/b> Le plugin est traduit et localis\u00e9 pour 76 pays afin de garantir \u00e0 la fois la conformit\u00e9 et la disponibilit\u00e9 internationale. <\/li><\/ul><p><a href=\"#demo\">Essayez l&rsquo;\u00e9diteur intuitif pour voir ce que le plugin peut faire<\/a><\/p><\/div> <div class=\"application-platform-content-item-installation application-platform-content-item\" id=\"installation\" data-nav-section=\"installation\"> <h2>Comment int\u00e9grer la conformit\u00e9 ADA \u00e0 mon site web WooCommerce\u00a0? <\/h2><p>D\u00e9couvrez cette m\u00e9thode simple pour int\u00e9grer le plugin \u00e0 votre site web WooCommerce. Cela ne vous prendra que quelques minutes et ne n\u00e9cessite aucun codage. <\/p> <ol><li><strong>Cr\u00e9ez votre plugin personnel de conformit\u00e9 ADA<\/strong><br> Commencez avec n&rsquo;importe quel mod\u00e8le dans l&rsquo;\u00e9diteur, travaillez avec les \u00e9l\u00e9ments pratiques qu&rsquo;il contient et personnalisez le plugin selon votre style et vos options pr\u00e9f\u00e9r\u00e9s. <\/li><li><strong>Obtenez le code personnel pour int\u00e9grer le plugin<\/strong><br> Une fois votre plugin cr\u00e9\u00e9, vous recevrez un code HTML individuel dans votre tableau de bord. Copiez ce code qui contient tous les d\u00e9tails de vos param\u00e8tres. <\/li> <li><strong>Afficher l&rsquo;extension sur votre site WooCommerce<\/strong><br> S\u00e9lectionnez les zones de votre site o\u00f9 vous souhaitez afficher la conformit\u00e9 ADA et collez-y le code. Enregistrez vos modifications. <\/li> <\/ol><p>C&rsquo;est tout\u00a0! Maintenant, observez le fonctionnement de l&rsquo;extension sur votre site. <\/p><p>Si vous rencontrez des probl\u00e8mes lors de l&rsquo;int\u00e9gration de l&rsquo;extension \u00e0 un site web, n&rsquo;h\u00e9sitez pas \u00e0 contacter notre centre d&rsquo;aide. Nous serons heureux de vous guider dans l&rsquo;ajout et la gestion de votre solution d&rsquo;accessibilit\u00e9. <\/p><\/div>","protected":false},"excerpt":{"rendered":"","protected":false},"author":9,"featured_media":0,"parent":16583,"menu_order":0,"comment_status":"closed","ping_status":"closed","template":"templates\/template-application-platform.php","meta":{"publish_to_discourse":"","publish_post_category":"","wpdc_auto_publish_overridden":"","wpdc_topic_tags":"","wpdc_pin_topic":"","wpdc_pin_until":"","discourse_post_id":"","discourse_permalink":"","wpdc_publishing_response":"","wpdc_publishing_error":"","footnotes":""},"class_list":["post-16432","page","type-page","status-publish","hentry"],"yoast_head":"<!-- This site is optimized with the Yoast SEO plugin v25.3.1 - https:\/\/yoast.com\/wordpress\/plugins\/seo\/ -->\n<title>Plugin WooCommerce ADA Compliance - Ajoutez l&#039;accessibilit\u00e9 \u00e0 votre site Web [GRATUIT]<\/title>\n<meta name=\"description\" content=\"Ajoutez un plugin de conformit\u00e9 ADA sans code \u00e0 votre site WooCommerce. Utilisez l&#039;\u00e9diteur convivial d&#039;Elfsight pour cr\u00e9er facilement votre solution unique.\" \/>\n<meta name=\"robots\" content=\"index, follow, max-snippet:-1, max-image-preview:large, max-video-preview:-1\" \/>\n<link rel=\"canonical\" href=\"https:\/\/elfsight.com\/fr\/ada-compliance-widget\/woocommerce\/\" \/>\n<meta property=\"og:locale\" content=\"fr_FR\" \/>\n<meta property=\"og:type\" content=\"article\" \/>\n<meta property=\"og:title\" content=\"Plugin WooCommerce ADA Compliance - Ajoutez l&#039;accessibilit\u00e9 \u00e0 votre site Web [GRATUIT]\" \/>\n<meta property=\"og:description\" content=\"Ajoutez un plugin de conformit\u00e9 ADA sans code \u00e0 votre site WooCommerce. Utilisez l&#039;\u00e9diteur convivial d&#039;Elfsight pour cr\u00e9er facilement votre solution unique.\" \/>\n<meta property=\"og:url\" content=\"https:\/\/elfsight.com\/fr\/ada-compliance-widget\/woocommerce\/\" \/>\n<meta property=\"og:site_name\" content=\"Elfsight FR\" \/>\n<meta property=\"article:modified_time\" content=\"2025-07-09T09:43:16+00:00\" \/>\n<meta name=\"twitter:card\" content=\"summary_large_image\" \/>\n<meta name=\"twitter:label1\" content=\"Dur\u00e9e de lecture estim\u00e9e\" \/>\n\t<meta name=\"twitter:data1\" content=\"2 minutes\" \/>\n<!-- \/ Yoast SEO plugin. -->","yoast_head_json":{"title":"Plugin WooCommerce ADA Compliance - Ajoutez l'accessibilit\u00e9 \u00e0 votre site Web [GRATUIT]","description":"Ajoutez un plugin de conformit\u00e9 ADA sans code \u00e0 votre site WooCommerce. Utilisez l'\u00e9diteur convivial d'Elfsight pour cr\u00e9er facilement votre solution unique.","robots":{"index":"index","follow":"follow","max-snippet":"max-snippet:-1","max-image-preview":"max-image-preview:large","max-video-preview":"max-video-preview:-1"},"canonical":"https:\/\/elfsight.com\/fr\/ada-compliance-widget\/woocommerce\/","og_locale":"fr_FR","og_type":"article","og_title":"Plugin WooCommerce ADA Compliance - Ajoutez l'accessibilit\u00e9 \u00e0 votre site Web [GRATUIT]","og_description":"Ajoutez un plugin de conformit\u00e9 ADA sans code \u00e0 votre site WooCommerce. Utilisez l'\u00e9diteur convivial d'Elfsight pour cr\u00e9er facilement votre solution unique.","og_url":"https:\/\/elfsight.com\/fr\/ada-compliance-widget\/woocommerce\/","og_site_name":"Elfsight FR","article_modified_time":"2025-07-09T09:43:16+00:00","twitter_card":"summary_large_image","twitter_misc":{"Dur\u00e9e de lecture estim\u00e9e":"2 minutes"},"schema":{"@context":"https:\/\/schema.org","@graph":[{"@type":"WebPage","@id":"https:\/\/elfsight.com\/fr\/ada-compliance-widget\/woocommerce\/","url":"https:\/\/elfsight.com\/fr\/ada-compliance-widget\/woocommerce\/","name":"Plugin WooCommerce ADA Compliance - Ajoutez l'accessibilit\u00e9 \u00e0 votre site Web [GRATUIT]","isPartOf":{"@id":"https:\/\/elfsight.com\/fr\/#website"},"datePublished":"2025-05-21T09:10:23+00:00","dateModified":"2025-07-09T09:43:16+00:00","description":"Ajoutez un plugin de conformit\u00e9 ADA sans code \u00e0 votre site WooCommerce. Utilisez l'\u00e9diteur convivial d'Elfsight pour cr\u00e9er facilement votre solution unique.","breadcrumb":{"@id":"https:\/\/elfsight.com\/fr\/ada-compliance-widget\/woocommerce\/#breadcrumb"},"inLanguage":"fr-FR","potentialAction":[{"@type":"ReadAction","target":["https:\/\/elfsight.com\/fr\/ada-compliance-widget\/woocommerce\/"]}]},{"@type":"BreadcrumbList","@id":"https:\/\/elfsight.com\/fr\/ada-compliance-widget\/woocommerce\/#breadcrumb","itemListElement":[{"@type":"ListItem","position":1,"name":"Home","item":"https:\/\/elfsight.com\/fr\/"},{"@type":"ListItem","position":2,"name":"Ada Compliance","item":"https:\/\/elfsight.com\/fr\/ada-compliance-widget\/"},{"@type":"ListItem","position":3,"name":"ADA Compliance &#8211; WooCommerce"}]},{"@type":"WebSite","@id":"https:\/\/elfsight.com\/fr\/#website","url":"https:\/\/elfsight.com\/fr\/","name":"Elfsight FR","description":"","potentialAction":[{"@type":"SearchAction","target":{"@type":"EntryPoint","urlTemplate":"https:\/\/elfsight.com\/fr\/?s={search_term_string}"},"query-input":{"@type":"PropertyValueSpecification","valueRequired":true,"valueName":"search_term_string"}}],"inLanguage":"fr-FR"}]}},"meta_box":{"industry":"","seo_heading":"","heading":"","description":"","cta_heading":"","cta_description":"","application":"16389","h1":"Plugin de conformit\u00e9 ADA pour site Web WooCommerce","h1_caption":"Rendez votre site Web WooCommerce conforme \u00e0 l'ADA avec un plugin qui adapte votre contenu \u00e0 tous les utilisateurs : favorisez l'acc\u00e8s inclusif et d\u00e9montrez votre d\u00e9vouement \u00e0 l'accessibilit\u00e9 Web.","application_category":[],"applications_title":"","applications_request_title":"","applications_request_button_text":"","hero_text":"","hero_video":"","hero_video_schema_markup":"","selling_points_title":"","selling_points_caption":"","selling_points":[],"selling_points_cta_text":"","features_title":"","features":"","ed_cta_examples_text":"","ed_cta_examples_hidden":"","ed_cta_demo_text":"","ed_cta_demo_hidden":"","why_caption":"","why_editor_title":"","why_editor_text":"","why_team_title":"","why_team_text":"","why_service_title":"","why_service_text":"","template_catalog_visible":"","template_catalog_title":"","template_catalog_text":"","template_catalog_categories_visible":"","demo_title":"Cr\u00e9ez votre plugin de conformit\u00e9 ADA","demo_caption":"Configurez votre conformit\u00e9 ADA et ajoutez-la gratuitement \u00e0 votre site Web WooCommerce\u00a0!","default_faq_hidden":"","app_template_category":[],"platform":"397","template_public_id":"","codecanyon_url":"","codecanyon_item_id":"","codecanyon_price":"","pricing_caption":"","pricing_elfsight_apps_hide_column":"","pricing_elfsight_apps_url":"","pricing_codecanyon_price_caption":"","integration_category":[],"integration_request_title":"","integration_request_cta":"","integration_platform":"","integrations":[],"platform_category":[],"video_schema_markup":"","price":"\u00e0 partir de 0 $ \/ mois","trial":"","benefits":[],"button_url":"#demo","button_target_blank":"0","button_nofollow":"","attributes":[{"name":"Installations","content":"50,000 - 100,000","_state":"expanded"},{"name":"Sensible","content":"Oui","_state":"expanded"},{"name":"Navigateurs compatibles","content":"Firefox, Safari, Opera, Chrome, Edge","_state":"expanded"}],"tags":[],"tags_disable_links":"","hide_more_platforms":"","video_object":"","demo_hide_cta":"","demo_hide_cloud_options":"","pricing_title":"","pricing":[{"pricing_icon":"platform","pricing_title":"Elfsight Apps","pricing_title_caption":"Solution multiplateforme qui fonctionne sur n'importe quel site Web","pricing_price":"\u00e0 partir de 0 $ \/ mois","pricing_price_caption":"commencer avec un plan gratuit","pricing_button_text":"Ajouter au site Web","pricing_button_url":"#demo"}],"related_apps_title":"","related_apps_hidden":"","author":"","image":[],"title":"","job":"","social_networks":[]},"_links":{"self":[{"href":"https:\/\/elfsight.com\/fr\/wp-json\/wp\/v2\/pages\/16432","targetHints":{"allow":["GET"]}}],"collection":[{"href":"https:\/\/elfsight.com\/fr\/wp-json\/wp\/v2\/pages"}],"about":[{"href":"https:\/\/elfsight.com\/fr\/wp-json\/wp\/v2\/types\/page"}],"author":[{"embeddable":true,"href":"https:\/\/elfsight.com\/fr\/wp-json\/wp\/v2\/users\/9"}],"replies":[{"embeddable":true,"href":"https:\/\/elfsight.com\/fr\/wp-json\/wp\/v2\/comments?post=16432"}],"version-history":[{"count":1,"href":"https:\/\/elfsight.com\/fr\/wp-json\/wp\/v2\/pages\/16432\/revisions"}],"predecessor-version":[{"id":16436,"href":"https:\/\/elfsight.com\/fr\/wp-json\/wp\/v2\/pages\/16432\/revisions\/16436"}],"up":[{"embeddable":true,"href":"https:\/\/elfsight.com\/fr\/wp-json\/wp\/v2\/pages\/16583"}],"wp:attachment":[{"href":"https:\/\/elfsight.com\/fr\/wp-json\/wp\/v2\/media?parent=16432"}],"curies":[{"name":"wp","href":"https:\/\/api.w.org\/{rel}","templated":true}]}}