{"id":16423,"date":"2025-05-21T09:32:43","date_gmt":"2025-05-21T09:32:43","guid":{"rendered":"https:\/\/elfsight.com\/fr\/?page_id=16423"},"modified":"2025-07-09T09:41:57","modified_gmt":"2025-07-09T09:41:57","slug":"magento","status":"publish","type":"page","link":"https:\/\/elfsight.com\/fr\/ada-compliance-widget\/magento\/","title":{"rendered":"ADA Compliance &#8211; Magento"},"content":{"rendered":"<div class=\"application-platform-content-item-description application-platform-content-item\" id=\"description\" data-nav-section=\"description\"> <h2>Int\u00e9grez la conformit\u00e9 ADA \u00e0 Magento avec une extension Elfsight<\/h2> <p>L&rsquo;extension ADA Compliance garantit une exp\u00e9rience utilisateur conviviale pour les visiteurs de tous niveaux en s&rsquo;alignant sur les principales normes d&rsquo;accessibilit\u00e9. Gr\u00e2ce \u00e0 la prise en charge int\u00e9gr\u00e9e de plusieurs modes d&rsquo;assistance, elle personnalise automatiquement votre mise en page et votre contenu pour r\u00e9pondre aux besoins des utilisateurs souffrant de d\u00e9ficiences visuelles, de concentration ou motrices. Son fonctionnement est fluide, sans n\u00e9cessiter de code personnalis\u00e9 ni de modifications de conception. Chaque mode applique un ensemble d&rsquo;am\u00e9liorations r\u00e9fl\u00e9chies pour rendre votre contenu existant plus accessible et les interactions plus confortables. <\/p><p>L&rsquo;extension comprend \u00e9galement un v\u00e9rificateur de conformit\u00e9 intelligent qui analyse votre site web \u00e0 la recherche de probl\u00e8mes d&rsquo;accessibilit\u00e9 et affiche les r\u00e9sultats d&rsquo;audit directement dans le panneau de l&rsquo;extension. Vous pouvez t\u00e9l\u00e9charger les r\u00e9sultats d&rsquo;audit d\u00e9taill\u00e9s et mettre en avant votre note d&rsquo;accessibilit\u00e9 pour renforcer votre cr\u00e9dibilit\u00e9 et votre confiance. Gr\u00e2ce \u00e0 la localisation compl\u00e8te, elle garantit l&rsquo;accessibilit\u00e9 et la convivialit\u00e9 dans plusieurs langues et r\u00e9gions g\u00e9ographiques. <\/p><p><strong>Ajoutez notre extension ADA Compliance \u00e0 votre site web Magento et prouvez que l&rsquo;accessibilit\u00e9 fait partie int\u00e9grante de vos normes\u00a0! <\/strong><\/p><\/div> <div class=\"application-platform-content-item-features application-platform-content-item\" id=\"features\" data-nav-section=\"features\"> <h2>Ce ne sont l\u00e0 que quelques-unes des nombreuses fonctionnalit\u00e9s de l&rsquo;extension\u00a0: <\/h2><ul><li><b>Modes pr\u00eats \u00e0 l&#8217;emploi pour 8 sc\u00e9narios utilisateur. <\/b> Les utilisateurs souffrant de divers handicaps peuvent trouver un pr\u00e9r\u00e9glage parfait pour une exp\u00e9rience de navigation fluide et conviviale. <\/li><li><b>Ajustez les param\u00e8tres du site Web pour afficher le contenu. <\/b> L&rsquo;extension dispose de param\u00e8tres pour am\u00e9liorer la lisibilit\u00e9 du texte, la navigation et les couleurs. <\/li><li><b>V\u00e9rificateur d&rsquo;accessibilit\u00e9 int\u00e9gr\u00e9. <\/b> Analysez rapidement votre site pour d\u00e9tecter les probl\u00e8mes de conformit\u00e9 et am\u00e9liorez-le pour une meilleure accessibilit\u00e9. <\/li><li><b>Badge de confiance avec score d&rsquo;accessibilit\u00e9. <\/b> Publiez les r\u00e9sultats d&rsquo;audit dans l&rsquo;extension pour valider votre engagement continu envers les normes. <\/li><li><b>Localisation pr\u00e9cise. <\/b> L&rsquo;extension offre une localisation linguistique et culturelle dans 76 r\u00e9gions pour prendre en charge les lois sur l&rsquo;accessibilit\u00e9 et le d\u00e9ploiement international. <\/li><\/ul><p><a href=\"#demo\">Explorez simplement tous les r\u00e9glages de l&rsquo;extension dans l&rsquo;\u00e9diteur directement sur cette page<\/a><\/p><\/div> <div class=\"application-platform-content-item-installation application-platform-content-item\" id=\"installation\" data-nav-section=\"installation\"> <h2>Comment int\u00e9grer la conformit\u00e9 ADA \u00e0 mon site web Magento\u00a0? <\/h2><p>Consultez ce guide simple pour installer l&rsquo;extension sur votre site web Magento. Cela ne vous prendra que quelques minutes et ne n\u00e9cessite aucun codage. <\/p> <ol><li><strong>Cr\u00e9ez votre extension de conformit\u00e9 ADA personnalis\u00e9e<\/strong><br> Commencez avec un mod\u00e8le dans l&rsquo;\u00e9diteur, travaillez avec les \u00e9l\u00e9ments conviviaux qu&rsquo;il contient et personnalisez l&rsquo;extension selon votre design et vos options pr\u00e9f\u00e9r\u00e9s. <\/li><li><strong>Recevez le code personnel pour int\u00e9grer l&rsquo;extension<\/strong><br> Une fois l&rsquo;extension cr\u00e9\u00e9e, vous obtiendrez un code HTML individuel dans votre tableau de bord. Copiez ce code qui contient tous les d\u00e9tails concernant vos r\u00e9glages. <\/li> <li><strong>Pr\u00e9sentez l&rsquo;extension sur votre site web Magento<\/strong><br> S\u00e9lectionnez les sections de votre site web o\u00f9 vous souhaitez pr\u00e9senter la conformit\u00e9 ADA et collez-y le code. Enregistrez les modifications. <\/li> <\/ol><p>Et voil\u00e0\u00a0! Voyez maintenant les performances de l&rsquo;extension sur votre site web. <\/p><p>En cas de probl\u00e8me lors de l&rsquo;int\u00e9gration de l&rsquo;extension \u00e0 votre site web, n&rsquo;h\u00e9sitez pas \u00e0 contacter notre service client. Nous serons ravis de vous conseiller sur l&rsquo;ajout et la gestion de votre solution d&rsquo;accessibilit\u00e9. <\/p><\/div>","protected":false},"excerpt":{"rendered":"","protected":false},"author":9,"featured_media":0,"parent":16583,"menu_order":0,"comment_status":"closed","ping_status":"closed","template":"templates\/template-application-platform.php","meta":{"publish_to_discourse":"","publish_post_category":"","wpdc_auto_publish_overridden":"","wpdc_topic_tags":"","wpdc_pin_topic":"","wpdc_pin_until":"","discourse_post_id":"","discourse_permalink":"","wpdc_publishing_response":"","wpdc_publishing_error":"","footnotes":""},"class_list":["post-16423","page","type-page","status-publish","hentry"],"yoast_head":"<!-- This site is optimized with the Yoast SEO plugin v25.3.1 - https:\/\/yoast.com\/wordpress\/plugins\/seo\/ -->\n<title>Extension Magento ADA Compliance - Ajoutez l&#039;accessibilit\u00e9 \u00e0 votre site Web [GRATUIT]<\/title>\n<meta name=\"description\" content=\"Ajoutez une extension de conformit\u00e9 ADA transparente \u00e0 votre site web Magento. D\u00e9couvrez l&#039;\u00e9diteur en ligne d&#039;Elfsight pour cr\u00e9er facilement votre solution personnalis\u00e9e.\" \/>\n<meta name=\"robots\" content=\"index, follow, max-snippet:-1, max-image-preview:large, max-video-preview:-1\" \/>\n<link rel=\"canonical\" href=\"https:\/\/elfsight.com\/fr\/ada-compliance-widget\/magento\/\" \/>\n<meta property=\"og:locale\" content=\"fr_FR\" \/>\n<meta property=\"og:type\" content=\"article\" \/>\n<meta property=\"og:title\" content=\"Extension Magento ADA Compliance - Ajoutez l&#039;accessibilit\u00e9 \u00e0 votre site Web [GRATUIT]\" \/>\n<meta property=\"og:description\" content=\"Ajoutez une extension de conformit\u00e9 ADA transparente \u00e0 votre site web Magento. D\u00e9couvrez l&#039;\u00e9diteur en ligne d&#039;Elfsight pour cr\u00e9er facilement votre solution personnalis\u00e9e.\" \/>\n<meta property=\"og:url\" content=\"https:\/\/elfsight.com\/fr\/ada-compliance-widget\/magento\/\" \/>\n<meta property=\"og:site_name\" content=\"Elfsight FR\" \/>\n<meta property=\"article:modified_time\" content=\"2025-07-09T09:41:57+00:00\" \/>\n<meta name=\"twitter:card\" content=\"summary_large_image\" \/>\n<meta name=\"twitter:label1\" content=\"Dur\u00e9e de lecture estim\u00e9e\" \/>\n\t<meta name=\"twitter:data1\" content=\"2 minutes\" \/>\n<!-- \/ Yoast SEO plugin. -->","yoast_head_json":{"title":"Extension Magento ADA Compliance - Ajoutez l'accessibilit\u00e9 \u00e0 votre site Web [GRATUIT]","description":"Ajoutez une extension de conformit\u00e9 ADA transparente \u00e0 votre site web Magento. D\u00e9couvrez l'\u00e9diteur en ligne d'Elfsight pour cr\u00e9er facilement votre solution personnalis\u00e9e.","robots":{"index":"index","follow":"follow","max-snippet":"max-snippet:-1","max-image-preview":"max-image-preview:large","max-video-preview":"max-video-preview:-1"},"canonical":"https:\/\/elfsight.com\/fr\/ada-compliance-widget\/magento\/","og_locale":"fr_FR","og_type":"article","og_title":"Extension Magento ADA Compliance - Ajoutez l'accessibilit\u00e9 \u00e0 votre site Web [GRATUIT]","og_description":"Ajoutez une extension de conformit\u00e9 ADA transparente \u00e0 votre site web Magento. D\u00e9couvrez l'\u00e9diteur en ligne d'Elfsight pour cr\u00e9er facilement votre solution personnalis\u00e9e.","og_url":"https:\/\/elfsight.com\/fr\/ada-compliance-widget\/magento\/","og_site_name":"Elfsight FR","article_modified_time":"2025-07-09T09:41:57+00:00","twitter_card":"summary_large_image","twitter_misc":{"Dur\u00e9e de lecture estim\u00e9e":"2 minutes"},"schema":{"@context":"https:\/\/schema.org","@graph":[{"@type":"WebPage","@id":"https:\/\/elfsight.com\/fr\/ada-compliance-widget\/magento\/","url":"https:\/\/elfsight.com\/fr\/ada-compliance-widget\/magento\/","name":"Extension Magento ADA Compliance - Ajoutez l'accessibilit\u00e9 \u00e0 votre site Web [GRATUIT]","isPartOf":{"@id":"https:\/\/elfsight.com\/fr\/#website"},"datePublished":"2025-05-21T09:32:43+00:00","dateModified":"2025-07-09T09:41:57+00:00","description":"Ajoutez une extension de conformit\u00e9 ADA transparente \u00e0 votre site web Magento. D\u00e9couvrez l'\u00e9diteur en ligne d'Elfsight pour cr\u00e9er facilement votre solution personnalis\u00e9e.","breadcrumb":{"@id":"https:\/\/elfsight.com\/fr\/ada-compliance-widget\/magento\/#breadcrumb"},"inLanguage":"fr-FR","potentialAction":[{"@type":"ReadAction","target":["https:\/\/elfsight.com\/fr\/ada-compliance-widget\/magento\/"]}]},{"@type":"BreadcrumbList","@id":"https:\/\/elfsight.com\/fr\/ada-compliance-widget\/magento\/#breadcrumb","itemListElement":[{"@type":"ListItem","position":1,"name":"Home","item":"https:\/\/elfsight.com\/fr\/"},{"@type":"ListItem","position":2,"name":"Ada Compliance","item":"https:\/\/elfsight.com\/fr\/ada-compliance-widget\/"},{"@type":"ListItem","position":3,"name":"ADA Compliance &#8211; Magento"}]},{"@type":"WebSite","@id":"https:\/\/elfsight.com\/fr\/#website","url":"https:\/\/elfsight.com\/fr\/","name":"Elfsight FR","description":"","potentialAction":[{"@type":"SearchAction","target":{"@type":"EntryPoint","urlTemplate":"https:\/\/elfsight.com\/fr\/?s={search_term_string}"},"query-input":{"@type":"PropertyValueSpecification","valueRequired":true,"valueName":"search_term_string"}}],"inLanguage":"fr-FR"}]}},"meta_box":{"industry":"","seo_heading":"","heading":"","description":"","cta_heading":"","cta_description":"","application":"16389","h1":"Extension de conformit\u00e9 ADA pour le site Web Magento","h1_caption":"Rendez votre site Web Magento conforme \u00e0 l'ADA avec une extension qui personnalise votre contenu pour les utilisateurs de toutes capacit\u00e9s : am\u00e9liorez l'inclusivit\u00e9 et montrez votre engagement en mati\u00e8re d'accessibilit\u00e9.","application_category":[],"applications_title":"","applications_request_title":"","applications_request_button_text":"","hero_text":"","hero_video":"","hero_video_schema_markup":"","selling_points_title":"","selling_points_caption":"","selling_points":[],"selling_points_cta_text":"","features_title":"","features":"","ed_cta_examples_text":"","ed_cta_examples_hidden":"","ed_cta_demo_text":"","ed_cta_demo_hidden":"","why_caption":"","why_editor_title":"","why_editor_text":"","why_team_title":"","why_team_text":"","why_service_title":"","why_service_text":"","template_catalog_visible":"","template_catalog_title":"","template_catalog_text":"","template_catalog_categories_visible":"","demo_title":"Cr\u00e9ez votre extension de conformit\u00e9 ADA","demo_caption":"Configurez votre conformit\u00e9 ADA et ajoutez-la gratuitement \u00e0 votre site Web Magento\u00a0!","default_faq_hidden":"","app_template_category":[],"platform":"357","template_public_id":"","codecanyon_url":"","codecanyon_item_id":"","codecanyon_price":"","pricing_caption":"","pricing_elfsight_apps_hide_column":"","pricing_elfsight_apps_url":"","pricing_codecanyon_price_caption":"","integration_category":[],"integration_request_title":"","integration_request_cta":"","integration_platform":"","integrations":[],"platform_category":[],"video_schema_markup":"","price":"\u00e0 partir de 0 $ \/ mois","trial":"","benefits":[],"button_url":"#demo","button_target_blank":"0","button_nofollow":"","attributes":[{"name":"Installations","content":"50,000 - 100,000","_state":"expanded"},{"name":"Sensible","content":"Oui","_state":"expanded"},{"name":"Navigateurs compatibles","content":"Firefox, Safari, Opera, Chrome, Edge","_state":"expanded"}],"tags":[],"tags_disable_links":"","hide_more_platforms":"","video_object":"","demo_hide_cta":"","demo_hide_cloud_options":"","pricing_title":"","pricing":[{"pricing_icon":"platform","pricing_title":"Elfsight Apps","pricing_title_caption":"Version multiplateforme adapt\u00e9e \u00e0 tous les sites Web","pricing_price":"\u00e0 partir de 0 $ \/ mois","pricing_price_caption":"commencer avec un plan gratuit","pricing_button_text":"Ajouter au site Web","pricing_button_url":"#demo"}],"related_apps_title":"","related_apps_hidden":"","author":"","image":[],"title":"","job":"","social_networks":[]},"_links":{"self":[{"href":"https:\/\/elfsight.com\/fr\/wp-json\/wp\/v2\/pages\/16423","targetHints":{"allow":["GET"]}}],"collection":[{"href":"https:\/\/elfsight.com\/fr\/wp-json\/wp\/v2\/pages"}],"about":[{"href":"https:\/\/elfsight.com\/fr\/wp-json\/wp\/v2\/types\/page"}],"author":[{"embeddable":true,"href":"https:\/\/elfsight.com\/fr\/wp-json\/wp\/v2\/users\/9"}],"replies":[{"embeddable":true,"href":"https:\/\/elfsight.com\/fr\/wp-json\/wp\/v2\/comments?post=16423"}],"version-history":[{"count":1,"href":"https:\/\/elfsight.com\/fr\/wp-json\/wp\/v2\/pages\/16423\/revisions"}],"predecessor-version":[{"id":16427,"href":"https:\/\/elfsight.com\/fr\/wp-json\/wp\/v2\/pages\/16423\/revisions\/16427"}],"up":[{"embeddable":true,"href":"https:\/\/elfsight.com\/fr\/wp-json\/wp\/v2\/pages\/16583"}],"wp:attachment":[{"href":"https:\/\/elfsight.com\/fr\/wp-json\/wp\/v2\/media?parent=16423"}],"curies":[{"name":"wp","href":"https:\/\/api.w.org\/{rel}","templated":true}]}}