{"id":1637,"date":"2020-08-05T11:40:32","date_gmt":"2020-08-05T11:40:32","guid":{"rendered":"https:\/\/elfsight.com\/fr\/?page_id=1637"},"modified":"2020-10-14T15:32:29","modified_gmt":"2020-10-14T15:32:29","slug":"create","status":"publish","type":"page","link":"https:\/\/elfsight.com\/fr\/before-and-after-slider-widget\/create\/","title":{"rendered":"Before and After Slider &#8211; Create"},"content":{"rendered":"\n<div class=\"faq\" data-component=\"FAQ\">\n<div class=\"faq-item\">\r\n\t\t\t\t\t<div class=\"faq-item-question\">\r\n\t\t\t\t\t\t<h3 class=\"faq-item-question-text\">Est-ce qu'il y a une opportunit\u00e9 de personnaliser le widget?<\/h3>\r\n\r\n\t\t\t\t\t\t<div class=\"faq-item-question-icon\"><\/div>\r\n\t\t\t\t\t<\/div>\r\n\r\n\t\t\t\t\t<div class=\"faq-item-answer\">\r\n\t\t\t\t\t\t<div class=\"faq-item-answer-text\">\n\nS\u00fbrement! Vous pouvez le faire en utilisant d\u00e9mo live. Tout ce qu&rsquo;il faut est aller \u00e0 la Section \u2018Style\u2019 et faire toutes les modifications n\u00e9cessaires. Apr\u00e8s avoir rempli, sauvegarder les changements.\n\n<\/div>\r\n\t\t\t\t\t<\/div>\r\n\t\t\t\t<\/div>\n\n<div class=\"faq-item\">\r\n\t\t\t\t\t<div class=\"faq-item-question\">\r\n\t\t\t\t\t\t<h3 class=\"faq-item-question-text\">De quelle mani\u00e8re puis-je embarquer le Slider Avant et Apr\u00e8s au site?<\/h3>\r\n\r\n\t\t\t\t\t\t<div class=\"faq-item-question-icon\"><\/div>\r\n\t\t\t\t\t<\/div>\r\n\r\n\t\t\t\t\t<div class=\"faq-item-answer\">\r\n\t\t\t\t\t\t<div class=\"faq-item-answer-text\">\n\nIl suffit cr\u00e9er un instrument, puis ajuster sa conception et sauvegarder vos changements. Copiez le code et embarquer dans le site.\n\n<\/div>\r\n\t\t\t\t\t<\/div>\r\n\t\t\t\t<\/div>\n\n<div class=\"faq-item\">\r\n\t\t\t\t\t<div class=\"faq-item-question\">\r\n\t\t\t\t\t\t<h3 class=\"faq-item-question-text\">Est-ce que vos plugins conformes \u00e0 ma plateforme web?<\/h3>\r\n\r\n\t\t\t\t\t\t<div class=\"faq-item-question-icon\"><\/div>\r\n\t\t\t\t\t<\/div>\r\n\r\n\t\t\t\t\t<div class=\"faq-item-answer\">\r\n\t\t\t\t\t\t<div class=\"faq-item-answer-text\">\n\nBien entendu! Nos outils sont con\u00e7us pour marcher sur pratiquement toutes les reconnues plateformes de site poss\u00e9dants HTML (Blogger, etc). Aussi, imaginons que vous rencontrez des probl\u00e8mes, vous pouvez adresser \u00e0 service client\u00e8le.\n\n<\/div>\r\n\t\t\t\t\t<\/div>\r\n\t\t\t\t<\/div>\n\n<div class=\"faq-item\">\r\n\t\t\t\t\t<div class=\"faq-item-question\">\r\n\t\t\t\t\t\t<h3 class=\"faq-item-question-text\">Est-ce que le plugin bien adapt\u00e9 pour \u00eatre utilis\u00e9 sur les \u00e9crans mobiles?<\/h3>\r\n\r\n\t\t\t\t\t\t<div class=\"faq-item-question-icon\"><\/div>\r\n\t\t\t\t\t<\/div>\r\n\r\n\t\t\t\t\t<div class=\"faq-item-answer\">\r\n\t\t\t\t\t\t<div class=\"faq-item-answer-text\">\n\nAbsolument! Vous n&rsquo;avez pas \u00e0 vous inqui\u00e9ter de son travail &#8211; tous les plugins marchent splendidement sur tous les dispositifs portables.\n\n<\/div>\r\n\t\t\t\t\t<\/div>\r\n\t\t\t\t<\/div>\n\n<div class=\"faq-item\">\r\n\t\t\t\t\t<div class=\"faq-item-question\">\r\n\t\t\t\t\t\t<h3 class=\"faq-item-question-text\">Puis-je ajuster la taille de Slider Avant\/Apr\u00e8s?<\/h3>\r\n\r\n\t\t\t\t\t\t<div class=\"faq-item-question-icon\"><\/div>\r\n\t\t\t\t\t<\/div>\r\n\r\n\t\t\t\t\t<div class=\"faq-item-answer\">\r\n\t\t\t\t\t\t<div class=\"faq-item-answer-text\">\n\nOui. Tout ce que vous devez est juste ouvrir le d\u00e9mo live, d\u00e9finir la hauteur et la largeur d\u2019instrument en pixels ou pour cent. On peut aussi choisir la variante Auto pour lui permettre s&rsquo;int\u00e9grer dans l\u2019emplacement libre sur le site Internet.\n\n<\/div>\r\n\t\t\t\t\t<\/div>\r\n\t\t\t\t<\/div>\n<\/div>\n","protected":false},"excerpt":{"rendered":"","protected":false},"author":12,"featured_media":0,"parent":1621,"menu_order":0,"comment_status":"closed","ping_status":"closed","template":"templates\/template-application-create.php","meta":{"publish_to_discourse":"","publish_post_category":"","wpdc_auto_publish_overridden":"","wpdc_topic_tags":"","wpdc_pin_topic":"","wpdc_pin_until":"","discourse_post_id":"","discourse_permalink":"","wpdc_publishing_response":"","wpdc_publishing_error":"","footnotes":""},"class_list":["post-1637","page","type-page","status-publish","hentry"],"yoast_head":"<!-- This site is optimized with the Yoast SEO plugin v25.3.1 - https:\/\/yoast.com\/wordpress\/plugins\/seo\/ -->\n<title>Obtenez le widget Avant et Apr\u00e8s Slider pour votre site Web gratuitement<\/title>\n<meta name=\"description\" content=\"Cr\u00e9ez un widget Slider Avant et Apr\u00e8s pour votre site Web \u00e0 l&#039;aide de l&#039;\u00e9diteur Elfsight. Il est gratuit, rapide et offre une assistance \u00e0 vie.\" \/>\n<meta name=\"robots\" content=\"index, follow, max-snippet:-1, max-image-preview:large, max-video-preview:-1\" \/>\n<link rel=\"canonical\" href=\"https:\/\/elfsight.com\/fr\/before-and-after-slider-widget\/create\/\" \/>\n<meta property=\"og:locale\" content=\"fr_FR\" \/>\n<meta property=\"og:type\" content=\"article\" \/>\n<meta property=\"og:title\" content=\"Obtenez le widget Avant et Apr\u00e8s Slider pour votre site Web gratuitement\" \/>\n<meta property=\"og:description\" content=\"Cr\u00e9ez un widget Slider Avant et Apr\u00e8s pour votre site Web \u00e0 l&#039;aide de l&#039;\u00e9diteur Elfsight. Il est gratuit, rapide et offre une assistance \u00e0 vie.\" \/>\n<meta property=\"og:url\" content=\"https:\/\/elfsight.com\/fr\/before-and-after-slider-widget\/create\/\" \/>\n<meta property=\"og:site_name\" content=\"Elfsight FR\" \/>\n<meta property=\"article:modified_time\" content=\"2020-10-14T15:32:29+00:00\" \/>\n<meta name=\"twitter:card\" content=\"summary_large_image\" \/>\n<meta name=\"twitter:label1\" content=\"Dur\u00e9e de lecture estim\u00e9e\" \/>\n\t<meta name=\"twitter:data1\" content=\"1 minute\" \/>\n<!-- \/ Yoast SEO plugin. -->","yoast_head_json":{"title":"Obtenez le widget Avant et Apr\u00e8s Slider pour votre site Web gratuitement","description":"Cr\u00e9ez un widget Slider Avant et Apr\u00e8s pour votre site Web \u00e0 l'aide de l'\u00e9diteur Elfsight. Il est gratuit, rapide et offre une assistance \u00e0 vie.","robots":{"index":"index","follow":"follow","max-snippet":"max-snippet:-1","max-image-preview":"max-image-preview:large","max-video-preview":"max-video-preview:-1"},"canonical":"https:\/\/elfsight.com\/fr\/before-and-after-slider-widget\/create\/","og_locale":"fr_FR","og_type":"article","og_title":"Obtenez le widget Avant et Apr\u00e8s Slider pour votre site Web gratuitement","og_description":"Cr\u00e9ez un widget Slider Avant et Apr\u00e8s pour votre site Web \u00e0 l'aide de l'\u00e9diteur Elfsight. Il est gratuit, rapide et offre une assistance \u00e0 vie.","og_url":"https:\/\/elfsight.com\/fr\/before-and-after-slider-widget\/create\/","og_site_name":"Elfsight FR","article_modified_time":"2020-10-14T15:32:29+00:00","twitter_card":"summary_large_image","twitter_misc":{"Dur\u00e9e de lecture estim\u00e9e":"1 minute"},"schema":{"@context":"https:\/\/schema.org","@graph":[{"@type":"WebPage","@id":"https:\/\/elfsight.com\/fr\/before-and-after-slider-widget\/create\/","url":"https:\/\/elfsight.com\/fr\/before-and-after-slider-widget\/create\/","name":"Obtenez le widget Avant et Apr\u00e8s Slider pour votre site Web gratuitement","isPartOf":{"@id":"https:\/\/elfsight.com\/fr\/#website"},"datePublished":"2020-08-05T11:40:32+00:00","dateModified":"2020-10-14T15:32:29+00:00","description":"Cr\u00e9ez un widget Slider Avant et Apr\u00e8s pour votre site Web \u00e0 l'aide de l'\u00e9diteur Elfsight. Il est gratuit, rapide et offre une assistance \u00e0 vie.","breadcrumb":{"@id":"https:\/\/elfsight.com\/fr\/before-and-after-slider-widget\/create\/#breadcrumb"},"inLanguage":"fr-FR","potentialAction":[{"@type":"ReadAction","target":["https:\/\/elfsight.com\/fr\/before-and-after-slider-widget\/create\/"]}]},{"@type":"BreadcrumbList","@id":"https:\/\/elfsight.com\/fr\/before-and-after-slider-widget\/create\/#breadcrumb","itemListElement":[{"@type":"ListItem","position":1,"name":"Home","item":"https:\/\/elfsight.com\/fr\/"},{"@type":"ListItem","position":2,"name":"Before and After Slider","item":"https:\/\/elfsight.com\/fr\/before-and-after-slider-widget\/"},{"@type":"ListItem","position":3,"name":"Before and After Slider &#8211; Create"}]},{"@type":"WebSite","@id":"https:\/\/elfsight.com\/fr\/#website","url":"https:\/\/elfsight.com\/fr\/","name":"Elfsight FR","description":"","potentialAction":[{"@type":"SearchAction","target":{"@type":"EntryPoint","urlTemplate":"https:\/\/elfsight.com\/fr\/?s={search_term_string}"},"query-input":{"@type":"PropertyValueSpecification","valueRequired":true,"valueName":"search_term_string"}}],"inLanguage":"fr-FR"}]}},"meta_box":{"industry":"","seo_heading":"","heading":"","description":"","cta_heading":"","cta_description":"","application":"1614","h1":"","h1_caption":"","application_category":[],"applications_title":"","applications_request_title":"","applications_request_button_text":"","hero_text":"","hero_video":"","hero_video_schema_markup":"","selling_points_title":"","selling_points_caption":"","selling_points":[],"selling_points_cta_text":"","features_title":"","features":"","ed_cta_examples_text":"","ed_cta_examples_hidden":"","ed_cta_demo_text":"","ed_cta_demo_hidden":"","why_caption":"","why_editor_title":"","why_editor_text":"","why_team_title":"","why_team_text":"","why_service_title":"","why_service_text":"","template_catalog_visible":"","template_catalog_title":"","template_catalog_text":"","template_catalog_categories_visible":"","demo_title":"","demo_caption":"","default_faq_hidden":"","app_template_category":[],"platform":"","template_public_id":"","codecanyon_url":"","codecanyon_item_id":"","codecanyon_price":"","pricing_caption":"","pricing_elfsight_apps_hide_column":"","pricing_elfsight_apps_url":"","pricing_codecanyon_price_caption":"","integration_category":[],"integration_request_title":"","integration_request_cta":"","integration_platform":"","integrations":[],"platform_category":[],"video_schema_markup":"","price":"","trial":"","benefits":[],"button_url":"","button_target_blank":"","button_nofollow":"","attributes":[],"tags":[],"tags_disable_links":"","hide_more_platforms":"","video_object":"","demo_hide_cta":"","demo_hide_cloud_options":"","pricing_title":"","pricing":[],"related_apps_title":"","related_apps_hidden":"","author":"","image":[],"title":"","job":"","social_networks":[]},"_links":{"self":[{"href":"https:\/\/elfsight.com\/fr\/wp-json\/wp\/v2\/pages\/1637","targetHints":{"allow":["GET"]}}],"collection":[{"href":"https:\/\/elfsight.com\/fr\/wp-json\/wp\/v2\/pages"}],"about":[{"href":"https:\/\/elfsight.com\/fr\/wp-json\/wp\/v2\/types\/page"}],"author":[{"embeddable":true,"href":"https:\/\/elfsight.com\/fr\/wp-json\/wp\/v2\/users\/12"}],"replies":[{"embeddable":true,"href":"https:\/\/elfsight.com\/fr\/wp-json\/wp\/v2\/comments?post=1637"}],"version-history":[{"count":1,"href":"https:\/\/elfsight.com\/fr\/wp-json\/wp\/v2\/pages\/1637\/revisions"}],"predecessor-version":[{"id":1638,"href":"https:\/\/elfsight.com\/fr\/wp-json\/wp\/v2\/pages\/1637\/revisions\/1638"}],"up":[{"embeddable":true,"href":"https:\/\/elfsight.com\/fr\/wp-json\/wp\/v2\/pages\/1621"}],"wp:attachment":[{"href":"https:\/\/elfsight.com\/fr\/wp-json\/wp\/v2\/media?parent=1637"}],"curies":[{"name":"wp","href":"https:\/\/api.w.org\/{rel}","templated":true}]}}