{"id":16316,"date":"2024-06-11T06:49:44","date_gmt":"2024-06-11T06:49:44","guid":{"rendered":"https:\/\/elfsight.com\/fr\/?page_id=16316"},"modified":"2025-06-17T14:15:15","modified_gmt":"2025-06-17T14:15:15","slug":"shopify","status":"publish","type":"page","link":"https:\/\/elfsight.com\/fr\/timeline-widget\/shopify\/","title":{"rendered":"Timeline &#8211; Shopify"},"content":{"rendered":"<div class=\"application-platform-content-item-description application-platform-content-item\" id=\"description\" data-nav-section=\"description\"><h2>Timeline Builder pour Shopify<\/h2> <p>Concevez facilement une chronologie dynamique et interactive pour votre boutique Shopify sans aucun codage. Le g\u00e9n\u00e9rateur Shopify Timeline d&rsquo;Elfsight vous permet d&rsquo;ajouter des marqueurs d&rsquo;\u00e9tape personnalis\u00e9s qui engagent vos visiteurs. Que vous souhaitiez afficher le parcours de votre entreprise, suivre le d\u00e9veloppement de vos produits ou montrer les \u00e9tapes importantes d&rsquo;un projet, cet outil facilite la cr\u00e9ation d&rsquo;un calendrier adapt\u00e9 \u00e0 vos besoins.<\/p> <ul> <li><strong>Cr\u00e9ez des calendriers attrayants sans effort.<\/strong> <br>Construisez un calendrier fonctionnel en quelques minutes sans aucune comp\u00e9tence technique requise. Commencez imm\u00e9diatement \u00e0 impressionner vos visiteurs en int\u00e9grant une chronologie qui donne vie \u00e0 vos jalons.<\/li> <li><strong>Possibilit\u00e9s de personnalisation infinies.<\/strong> <br>Adaptez l&rsquo;apparence de votre chronologie en s\u00e9lectionnant parmi une gamme de mod\u00e8les, de couleurs, de polices et d&rsquo;autres \u00e9l\u00e9ments de conception pour cr\u00e9er une chronologie qui correspond \u00e0 l&rsquo;image de marque de votre boutique.<\/li> <li><strong>Processus d&rsquo;int\u00e9gration transparent.<\/strong> <br>Int\u00e9grez simplement le code HTML dans votre boutique Shopify. pour int\u00e9grer votre timeline. Aucune configuration complexe n&rsquo;est n\u00e9cessaire\u00a0: il suffit d&rsquo;un processus rapide et fluide pour mettre en ligne votre chronologie.<\/li> <li><strong>Support client fiable.<\/strong> <br>Si vous avez besoin d&rsquo;aide, notre \u00e9quipe d\u00e9di\u00e9e est toujours pr\u00eate \u00e0 vous aider. Nous veillons \u00e0 ce que votre chronologie fonctionne de mani\u00e8re transparente sur votre site Shopify.<\/li> <\/ul> <p><b>D\u00e9marrez avec la chronologie Elfsight Shopify pour engager vos visiteurs et mettre en \u00e9vidence vos \u00e9tapes cl\u00e9s\u00a0!<\/b><\/p> <\/div><div class=\"application-platform-content-item-features application-platform-content-item\" id=\"features\" data-nav-section=\"features\"><h2>Ce que vous pouvez faire avec la chronologie Shopify<\/h2> <ul> <li><strong>Captivez visuellement votre public.<\/strong><br>Pr\u00e9sentez votre historique, les \u00e9tapes importantes de votre produit ou vos progr\u00e8s d&rsquo;une mani\u00e8re visuellement riche et interactive. Une chronologie offre un moyen clair et attrayant de transmettre votre contenu, permettant aux visiteurs de comprendre plus facilement votre parcours.<\/li> <li><strong>Suivez vos r\u00e9alisations et vos \u00e9v\u00e9nements.<\/strong> <br>Utilisez votre chronologie pour fournir une vue chronologique des \u00e9v\u00e9nements importants, qu&rsquo;il s&rsquo;agisse de la croissance de votre entreprise ou de l&rsquo;\u00e9volution d&rsquo;un produit. Il offre aux visiteurs une perspective claire de vos jalons et contribue \u00e0 les maintenir engag\u00e9s.<\/li> <li><strong>Mettez l&rsquo;accent sur les r\u00e9alisations notables.<\/strong><br>Accordez une attention particuli\u00e8re \u00e0 vos principales r\u00e9alisations, qu&rsquo;il s&rsquo;agisse d&rsquo;un lancement de produit, de l&rsquo;ach\u00e8vement d&rsquo;un projet ou d&rsquo;autres r\u00e9ussites. Pr\u00e9sentez vos \u00e9tapes importantes dans un format visuellement attrayant et organis\u00e9.<\/li> <\/ul> <p><a href=\"#demo\">Testez l&rsquo;\u00e9diteur pour explorer toutes les possibilit\u00e9s.<\/a><\/p> <\/div><div class=\"application-platform-content-item-installation application-platform-content-item\" id=\"installation\" data-nav-section=\"installation\"><h2>Comment int\u00e9grer une chronologie sur Shopify<\/h2> <p>Ajouter la chronologie Shopify \u00e0 votre site est rapide et simple, n\u00e9cessitant pas de codage. Suivez simplement ces \u00e9tapes simples pour que votre chronologie soit op\u00e9rationnelle\u00a0:<\/p> <ol> <li><b>Cr\u00e9ez votre chronologie Shopify personnalis\u00e9e<\/b><br> Choisissez un mod\u00e8le dans notre \u00e9diteur, puis personnalisez-le en fonction de vos besoins. Personnalisez la mise en page, ins\u00e9rez des jalons et peaufinez le design pour refl\u00e9ter le style de votre boutique.<\/li> <li><b>Obtenez votre code d&rsquo;int\u00e9gration unique<\/b><br> Une fois que vous \u00eates satisfait de votre chronologie, vous recevrez un code HTML personnalis\u00e9. Copiez le code pour une utilisation ult\u00e9rieure.<\/li> <li><b>Int\u00e9grez le code dans votre boutique Shopify<\/b><br> Collez le code HTML copi\u00e9 dans la section appropri\u00e9e de votre page Shopify et enregistrez les modifications. Votre chronologie interactive sera alors en ligne\u00a0!<\/li> <li><b>D\u00e9couvrez votre chronologie interactive\u00a0!<\/b><br> Visitez votre site pour voir votre chronologie en action et commencez \u00e0 impliquer vos visiteurs avec ses fonctionnalit\u00e9s dynamiques et interactives\u00a0!<\/li> <\/ol> <p>Pour des conseils plus d\u00e9taill\u00e9s, consultez notre didacticiel sur <a href=\"https:\/\/elfsight.com\/blog\/how-to-embed-timeline-to-website\/\" target=\"_blank\" rel=\"noopener\">comment cr\u00e9er une chronologie personnalis\u00e9e sur un site Web<\/a>.<\/p> <\/div><div class=\"faq\" data-component=\"FAQ\"><div class=\"faq-item\">\r\n\t\t\t\t\t<div class=\"faq-item-question\">\r\n\t\t\t\t\t\t<h3 class=\"faq-item-question-text\">Le widget Timeline pour Shopify est-il gratuit ?<\/h3>\r\n\r\n\t\t\t\t\t\t<div class=\"faq-item-question-icon\"><\/div>\r\n\t\t\t\t\t<\/div>\r\n\r\n\t\t\t\t\t<div class=\"faq-item-answer\">\r\n\t\t\t\t\t\t<div class=\"faq-item-answer-text\">Oui, Elfsight propose un plan d&rsquo;abonnement \u00e0 plusieurs niveaux, qui comprend une version gratuite. Vous pouvez utiliser le widget Shopify Timeline sans aucun frais, avec acc\u00e8s aux fonctionnalit\u00e9s essentielles. Des forfaits payants sont disponibles pour des options de personnalisation suppl\u00e9mentaires.<\/div>\r\n\t\t\t\t\t<\/div>\r\n\t\t\t\t<\/div><div class=\"faq-item\">\r\n\t\t\t\t\t<div class=\"faq-item-question\">\r\n\t\t\t\t\t\t<h3 class=\"faq-item-question-text\">Dois-je avoir une exp\u00e9rience en codage pour utiliser le widget Timeline ?<\/h3>\r\n\r\n\t\t\t\t\t\t<div class=\"faq-item-question-icon\"><\/div>\r\n\t\t\t\t\t<\/div>\r\n\r\n\t\t\t\t\t<div class=\"faq-item-answer\">\r\n\t\t\t\t\t\t<div class=\"faq-item-answer-text\">Non, le g\u00e9n\u00e9rateur Shopify Timeline d&rsquo;Elfsight ne n\u00e9cessite aucune connaissance en codage. Vous pouvez facilement cr\u00e9er et ajuster votre chronologie avec notre \u00e9diteur intuitif par glisser-d\u00e9poser.<\/div>\r\n\t\t\t\t\t<\/div>\r\n\t\t\t\t<\/div><div class=\"faq-item\">\r\n\t\t\t\t\t<div class=\"faq-item-question\">\r\n\t\t\t\t\t\t<h3 class=\"faq-item-question-text\">Comment puis-je ajouter une chronologie interactive \u00e0 Shopify ?<\/h3>\r\n\r\n\t\t\t\t\t\t<div class=\"faq-item-question-icon\"><\/div>\r\n\t\t\t\t\t<\/div>\r\n\r\n\t\t\t\t\t<div class=\"faq-item-answer\">\r\n\t\t\t\t\t\t<div class=\"faq-item-answer-text\">Choisissez simplement un mod\u00e8le dans l&rsquo;\u00e9diteur, effectuez les personnalisations n\u00e9cessaires, puis int\u00e9grez la chronologie dans votre boutique Shopify \u00e0 l&rsquo;aide du code HTML fourni.<\/div>\r\n\t\t\t\t\t<\/div>\r\n\t\t\t\t<\/div><div class=\"faq-item\">\r\n\t\t\t\t\t<div class=\"faq-item-question\">\r\n\t\t\t\t\t\t<h3 class=\"faq-item-question-text\">Quels types de chronologies puis-je cr\u00e9er ?<\/h3>\r\n\r\n\t\t\t\t\t\t<div class=\"faq-item-question-icon\"><\/div>\r\n\t\t\t\t\t<\/div>\r\n\r\n\t\t\t\t\t<div class=\"faq-item-answer\">\r\n\t\t\t\t\t\t<div class=\"faq-item-answer-text\"><p>Vous pouvez cr\u00e9er une vari\u00e9t\u00e9 de chronologies. \u00e9ch\u00e9anciers pour votre boutique Shopify, notamment\u00a0:<\/p> <ul> <li><strong>\u00c9volution de l&rsquo;entreprise<\/strong>\u00a0: montrez l&rsquo;histoire et la croissance de votre entreprise, en mettant l&rsquo;accent sur les moments et les r\u00e9alisations cl\u00e9s.<\/li> <li><strong>D\u00e9veloppement de produits<\/strong>\u00a0: illustrez les \u00e9tapes de d\u00e9veloppement de votre produit, du concept au lancement, en vous concentrant sur chaque \u00e9tape majeure.<\/li> <li><strong>Jalons du projet<\/strong>\u00a0: suivez et pr\u00e9sentez les diff\u00e9rentes \u00e9tapes de vos projets en cours ou termin\u00e9s.<\/li> <li><strong>Chronologies des \u00e9v\u00e9nements<\/strong>\u00a0: cr\u00e9ez une chronologie pour les \u00e9v\u00e9nements, les lancements de produits ou les campagnes commerciales, en donnant aux visiteurs tous les d\u00e9tails cl\u00e9s en un seul endroit.<\/li> <\/ul> <\/div>\r\n\t\t\t\t\t<\/div>\r\n\t\t\t\t<\/div> <\/div>","protected":false},"excerpt":{"rendered":"","protected":false},"author":9,"featured_media":0,"parent":16251,"menu_order":0,"comment_status":"closed","ping_status":"closed","template":"templates\/template-application-platform.php","meta":{"publish_to_discourse":"","publish_post_category":"","wpdc_auto_publish_overridden":"","wpdc_topic_tags":"","wpdc_pin_topic":"","wpdc_pin_until":"","discourse_post_id":"","discourse_permalink":"","wpdc_publishing_response":"","wpdc_publishing_error":"","footnotes":""},"class_list":["post-16316","page","type-page","status-publish","hentry"],"yoast_head":"<!-- This site is optimized with the Yoast SEO plugin v25.3.1 - https:\/\/yoast.com\/wordpress\/plugins\/seo\/ -->\n<title>Widget Timeline - Cr\u00e9ez une chronologie interactive sur votre boutique Shopify [GRATUIT]<\/title>\n<meta name=\"description\" content=\"Ajoutez une chronologie personnalis\u00e9e \u00e0 votre boutique Shopify. Affichez facilement votre histoire, vos jalons et l&#039;avancement de votre projet avec un widget Shopify Timeline personnalisable.\" \/>\n<meta name=\"robots\" content=\"index, follow, max-snippet:-1, max-image-preview:large, max-video-preview:-1\" \/>\n<link rel=\"canonical\" href=\"https:\/\/elfsight.com\/fr\/timeline-widget\/shopify\/\" \/>\n<meta property=\"og:locale\" content=\"fr_FR\" \/>\n<meta property=\"og:type\" content=\"article\" \/>\n<meta property=\"og:title\" content=\"Widget Timeline - Cr\u00e9ez une chronologie interactive sur votre boutique Shopify [GRATUIT]\" \/>\n<meta property=\"og:description\" content=\"Ajoutez une chronologie personnalis\u00e9e \u00e0 votre boutique Shopify. Affichez facilement votre histoire, vos jalons et l&#039;avancement de votre projet avec un widget Shopify Timeline personnalisable.\" \/>\n<meta property=\"og:url\" content=\"https:\/\/elfsight.com\/fr\/timeline-widget\/shopify\/\" \/>\n<meta property=\"og:site_name\" content=\"Elfsight FR\" \/>\n<meta property=\"article:modified_time\" content=\"2025-06-17T14:15:15+00:00\" \/>\n<meta name=\"twitter:card\" content=\"summary_large_image\" \/>\n<meta name=\"twitter:label1\" content=\"Dur\u00e9e de lecture estim\u00e9e\" \/>\n\t<meta name=\"twitter:data1\" content=\"4 minutes\" \/>\n<!-- \/ Yoast SEO plugin. -->","yoast_head_json":{"title":"Widget Timeline - Cr\u00e9ez une chronologie interactive sur votre boutique Shopify [GRATUIT]","description":"Ajoutez une chronologie personnalis\u00e9e \u00e0 votre boutique Shopify. Affichez facilement votre histoire, vos jalons et l'avancement de votre projet avec un widget Shopify Timeline personnalisable.","robots":{"index":"index","follow":"follow","max-snippet":"max-snippet:-1","max-image-preview":"max-image-preview:large","max-video-preview":"max-video-preview:-1"},"canonical":"https:\/\/elfsight.com\/fr\/timeline-widget\/shopify\/","og_locale":"fr_FR","og_type":"article","og_title":"Widget Timeline - Cr\u00e9ez une chronologie interactive sur votre boutique Shopify [GRATUIT]","og_description":"Ajoutez une chronologie personnalis\u00e9e \u00e0 votre boutique Shopify. Affichez facilement votre histoire, vos jalons et l'avancement de votre projet avec un widget Shopify Timeline personnalisable.","og_url":"https:\/\/elfsight.com\/fr\/timeline-widget\/shopify\/","og_site_name":"Elfsight FR","article_modified_time":"2025-06-17T14:15:15+00:00","twitter_card":"summary_large_image","twitter_misc":{"Dur\u00e9e de lecture estim\u00e9e":"4 minutes"},"schema":{"@context":"https:\/\/schema.org","@graph":[{"@type":"WebPage","@id":"https:\/\/elfsight.com\/fr\/timeline-widget\/shopify\/","url":"https:\/\/elfsight.com\/fr\/timeline-widget\/shopify\/","name":"Widget Timeline - Cr\u00e9ez une chronologie interactive sur votre boutique Shopify [GRATUIT]","isPartOf":{"@id":"https:\/\/elfsight.com\/fr\/#website"},"datePublished":"2024-06-11T06:49:44+00:00","dateModified":"2025-06-17T14:15:15+00:00","description":"Ajoutez une chronologie personnalis\u00e9e \u00e0 votre boutique Shopify. Affichez facilement votre histoire, vos jalons et l'avancement de votre projet avec un widget Shopify Timeline personnalisable.","breadcrumb":{"@id":"https:\/\/elfsight.com\/fr\/timeline-widget\/shopify\/#breadcrumb"},"inLanguage":"fr-FR","potentialAction":[{"@type":"ReadAction","target":["https:\/\/elfsight.com\/fr\/timeline-widget\/shopify\/"]}]},{"@type":"BreadcrumbList","@id":"https:\/\/elfsight.com\/fr\/timeline-widget\/shopify\/#breadcrumb","itemListElement":[{"@type":"ListItem","position":1,"name":"Home","item":"https:\/\/elfsight.com\/fr\/"},{"@type":"ListItem","position":2,"name":"Timeline","item":"https:\/\/elfsight.com\/fr\/timeline-widget\/"},{"@type":"ListItem","position":3,"name":"Timeline &#8211; Shopify"}]},{"@type":"WebSite","@id":"https:\/\/elfsight.com\/fr\/#website","url":"https:\/\/elfsight.com\/fr\/","name":"Elfsight FR","description":"","potentialAction":[{"@type":"SearchAction","target":{"@type":"EntryPoint","urlTemplate":"https:\/\/elfsight.com\/fr\/?s={search_term_string}"},"query-input":{"@type":"PropertyValueSpecification","valueRequired":true,"valueName":"search_term_string"}}],"inLanguage":"fr-FR"}]}},"meta_box":{"industry":"","seo_heading":"","heading":"","description":"","cta_heading":"","cta_description":"","application":"16250","h1":"Plugin de chronologie pour Shopify","h1_caption":"Cr\u00e9ez une ligne historique convaincante pour mettre en valeur votre histoire, vos \u00e9tapes cl\u00e9s ou vos \u00e9v\u00e9nements avec une chronologie interactive sur Shopify.","application_category":[],"applications_title":"","applications_request_title":"","applications_request_button_text":"","hero_text":"","hero_video":"","hero_video_schema_markup":"","selling_points_title":"","selling_points_caption":"","selling_points":[],"selling_points_cta_text":"","features_title":"","features":"","ed_cta_examples_text":"","ed_cta_examples_hidden":"","ed_cta_demo_text":"","ed_cta_demo_hidden":"","why_caption":"","why_editor_title":"","why_editor_text":"","why_team_title":"","why_team_text":"","why_service_title":"","why_service_text":"","template_catalog_visible":"0","template_catalog_title":"","template_catalog_text":"","template_catalog_categories_visible":"","demo_title":"Cr\u00e9ez votre application Shopify Timeline","demo_caption":"Personnalisez votre chronologie et ajoutez-la \u00e0 votre site Web en toute simplicit\u00e9\u00a0!","default_faq_hidden":"","app_template_category":[],"platform":"360","template_public_id":"","codecanyon_url":"","codecanyon_item_id":"","codecanyon_price":"","pricing_caption":"","pricing_elfsight_apps_hide_column":"","pricing_elfsight_apps_url":"","pricing_codecanyon_price_caption":"","integration_category":[],"integration_request_title":"","integration_request_cta":"","integration_platform":"","integrations":[],"platform_category":[],"video_schema_markup":"","price":"\u00e0 partir de 0$ \/ mois","trial":"","benefits":[],"button_url":"#demo","button_target_blank":"0","button_nofollow":"0","attributes":[{"name":"Installations","content":"50,000 - 100,000","_state":"expanded"},{"name":"Sensible","content":"Oui","_state":"expanded"},{"name":"Navigateurs compatibles","content":"Firefox, Safari, Opera, Chrome, Edge","_state":"expanded"}],"tags":[],"tags_disable_links":"0","hide_more_platforms":"0","video_object":"","demo_hide_cta":"0","demo_hide_cloud_options":"0","pricing_title":"","pricing":[{"pricing_icon":"platform","pricing_title":"Elfsight Apps","pricing_title_caption":"Logiciel multiplateforme adapt\u00e9 \u00e0 n'importe quel site","pricing_price":"\u00e0 partir de 0$ \/ mois","pricing_price_caption":"commencez avec un forfait gratuit","pricing_button_text":"Ajouter au site Web","pricing_button_url":"#demo"}],"related_apps_title":"","related_apps_hidden":"0","author":"","image":[],"title":"","job":"","social_networks":[]},"_links":{"self":[{"href":"https:\/\/elfsight.com\/fr\/wp-json\/wp\/v2\/pages\/16316","targetHints":{"allow":["GET"]}}],"collection":[{"href":"https:\/\/elfsight.com\/fr\/wp-json\/wp\/v2\/pages"}],"about":[{"href":"https:\/\/elfsight.com\/fr\/wp-json\/wp\/v2\/types\/page"}],"author":[{"embeddable":true,"href":"https:\/\/elfsight.com\/fr\/wp-json\/wp\/v2\/users\/9"}],"replies":[{"embeddable":true,"href":"https:\/\/elfsight.com\/fr\/wp-json\/wp\/v2\/comments?post=16316"}],"version-history":[{"count":1,"href":"https:\/\/elfsight.com\/fr\/wp-json\/wp\/v2\/pages\/16316\/revisions"}],"predecessor-version":[{"id":16317,"href":"https:\/\/elfsight.com\/fr\/wp-json\/wp\/v2\/pages\/16316\/revisions\/16317"}],"up":[{"embeddable":true,"href":"https:\/\/elfsight.com\/fr\/wp-json\/wp\/v2\/pages\/16251"}],"wp:attachment":[{"href":"https:\/\/elfsight.com\/fr\/wp-json\/wp\/v2\/media?parent=16316"}],"curies":[{"name":"wp","href":"https:\/\/api.w.org\/{rel}","templated":true}]}}