{"id":16311,"date":"2024-06-11T07:49:44","date_gmt":"2024-06-11T07:49:44","guid":{"rendered":"https:\/\/elfsight.com\/fr\/?page_id=16311"},"modified":"2025-07-10T13:54:30","modified_gmt":"2025-07-10T13:54:30","slug":"squarespace","status":"publish","type":"page","link":"https:\/\/elfsight.com\/fr\/timeline-widget\/squarespace\/","title":{"rendered":"Timeline &#8211; Squarespace"},"content":{"rendered":"<div class=\"application-platform-content-item-description application-platform-content-item\" id=\"description\" data-nav-section=\"description\"><h2>Plug-in Squarespace Timeline<\/h2><p>Ajoutez une feuille de route interactive \u00e0 votre page Web Squarespace pour afficher les \u00e9v\u00e9nements, les r\u00e9alisations ou les \u00e9tapes des t\u00e2ches. Gardez vos utilisateurs engag\u00e9s avec une chronologie visuellement dynamique et flexible. Le g\u00e9n\u00e9rateur Squarespace Timeline d&rsquo;Elfsight vous permet d&rsquo;ajouter des marqueurs d&rsquo;\u00e9tape personnalisables qui engagent vos clients. Que vous pr\u00e9sentiez l&rsquo;historique de votre entreprise, surveilliez les phases d&rsquo;un projet ou d\u00e9montriez le d\u00e9veloppement de produits, ce widget facilite la cr\u00e9ation d&rsquo;une feuille de route unique qui correspond \u00e0 vos objectifs. <\/p><ul><li><b>Cr\u00e9ez des chronologies interactives sans code<\/b><br>Cr\u00e9ez une chronologie enti\u00e8rement fonctionnelle en quelques minutes, sans expertise technique, et commencez \u00e0 attirer vos visiteurs imm\u00e9diatement. <\/li><li><b>Options de personnalisation avanc\u00e9es<\/b><br>Personnalisez la conception et la mise en page de votre widget avec une vari\u00e9t\u00e9 de mod\u00e8les, de nuances, de polices et de param\u00e8tres flexibles pour une exp\u00e9rience unique et personnalis\u00e9e. <\/li><li><b>Processus d&rsquo;int\u00e9gration fluide<\/b><br>Int\u00e9grez facilement votre chronologie unique dans votre site Web Squarespace \u00e0 l&rsquo;aide d&rsquo;un code HTML simple, sans tracas techniques. <\/li><li><b>Support client r\u00e9actif<\/b><br>Notre \u00e9quipe d&rsquo;assistance d\u00e9di\u00e9e est toujours disponible pour vous aider \u00e0 la configuration, garantissant ainsi le bon fonctionnement de votre chronologie sur votre site. <\/li><\/ul><p><b>Essayez la chronologie Elfsight Squarespace pour engager les visiteurs et mettre en valeur vos r\u00e9alisations de mani\u00e8re cr\u00e9ative et \u00e9l\u00e9gante. <\/b><\/p><\/div><div class=\"application-platform-content-item-features application-platform-content-item\" id=\"features\" data-nav-section=\"features\"><h2>Ce que vous pouvez faire avec Squarespace Timeline<\/h2><ul><li><strong>Engager visuellement les visiteurs<\/strong><br>Attirez le public avec une chronologie dynamique qui vous aide \u00e0 pr\u00e9senter les \u00e9tapes dans un format simple. Une chronologie graphique permet d&rsquo;afficher le contenu dans un format simple qui invite les utilisateurs \u00e0 le d\u00e9couvrir. <\/li><li><strong>Pr\u00e9sentez les progr\u00e8s et les \u00e9v\u00e9nements<\/strong><br>Affichez les r\u00e9alisations et les \u00e9tapes des t\u00e2ches de votre entreprise de mani\u00e8re ordonn\u00e9e dans le temps pour maintenir l&rsquo;engagement de vos visiteurs. Cela aide les invit\u00e9s \u00e0 comprendre votre histoire et les maintient int\u00e9ress\u00e9s par vos actualit\u00e9s. <\/li><li><strong>Mettre en avant les principales r\u00e9alisations<\/strong><br>Accordez une importance particuli\u00e8re \u00e0 vos jalons les plus importants. Mettez en avant vos r\u00e9ussites les plus importantes dans un format attrayant et facile \u00e0 suivre. <\/li><\/ul><p><a href=\"#demo\">Consultez l&rsquo;\u00e9diteur pour voir toutes les fonctionnalit\u00e9s du plugin Timeline. <\/a><\/p><\/div><div class=\"application-platform-content-item-installation application-platform-content-item\" id=\"installation\" data-nav-section=\"installation\"> <h2>Comment int\u00e9grer une chronologie sur Squarespace<\/h2><p>Ajouter la chronologie Squarespace \u00e0 votre page Web est simple et aucun codage n&rsquo;est n\u00e9cessaire. Suivez simplement ces \u00e9tapes claires pour commencer\u00a0: <\/p><ol><li><b>Cr\u00e9ez votre chronologie Squarespace personnalis\u00e9e<\/b><br>Commencez par s\u00e9lectionner un mod\u00e8le r\u00e9glable dans l&rsquo;\u00e9diteur et ajustez-le en fonction de vos besoins. Affinez la structure, ajoutez des jalons et modifiez la conception pour l&rsquo;adapter au style de votre site. <\/li><li><b>Obtenez votre code d&rsquo;int\u00e9gration unique<\/b><br>Une fois que vous aurez finalis\u00e9 la personnalisation de votre timeline, vous recevrez un code HTML personnalis\u00e9. Copiez ce code pour une utilisation ult\u00e9rieure. <\/li><li><b>Int\u00e9grez le code dans votre site Web Squarespace<\/b><br>Collez le code HTML copi\u00e9 dans la zone souhait\u00e9e de votre page Web Squarespace et enregistrez les modifications. Votre chronologie attrayante sera d\u00e9sormais en ligne sur votre site Web\u00a0! <\/li><li><b>Profitez de votre nouvelle chronologie interactive\u00a0! <\/b><br>Visitez votre site pour voir la chronologie en action et commencez \u00e0 engager les visiteurs de mani\u00e8re visuellement attrayante\u00a0! <\/li><\/ol><p>Pour plus de d\u00e9tails, consultez notre guide complet sur <a href=\"https:\/\/elfsight.com\/blog\/how-to-embed-timeline-to-website\/\" target=\"_blank\" rel=\"noopener\">comment cr\u00e9er une chronologie personnalis\u00e9e sur un site Web<\/a>.<\/p><\/div><div class=\"faq\" data-component=\"FAQ\"><div class=\"faq-item\">\r\n\t\t\t\t\t<div class=\"faq-item-question\">\r\n\t\t\t\t\t\t<h3 class=\"faq-item-question-text\">Le widget Chronologie pour Squarespace est-il gratuit ? <\/h3>\r\n\r\n\t\t\t\t\t\t<div class=\"faq-item-question-icon\"><\/div>\r\n\t\t\t\t\t<\/div>\r\n\r\n\t\t\t\t\t<div class=\"faq-item-answer\">\r\n\t\t\t\t\t\t<div class=\"faq-item-answer-text\">Oui, Elfsight propose un mod\u00e8le d&rsquo;abonnement avec un niveau gratuit. Acc\u00e9dez gratuitement aux fonctionnalit\u00e9s de base du widget Timeline, avec des forfaits premium disponibles pour plus de personnalisation. <\/div>\r\n\t\t\t\t\t<\/div>\r\n\t\t\t\t<\/div><div class=\"faq-item\">\r\n\t\t\t\t\t<div class=\"faq-item-question\">\r\n\t\t\t\t\t\t<h3 class=\"faq-item-question-text\">Ai-je besoin de comp\u00e9tences en codage pour utiliser le widget Timeline ? <\/h3>\r\n\r\n\t\t\t\t\t\t<div class=\"faq-item-question-icon\"><\/div>\r\n\t\t\t\t\t<\/div>\r\n\r\n\t\t\t\t\t<div class=\"faq-item-answer\">\r\n\t\t\t\t\t\t<div class=\"faq-item-answer-text\">Non, le g\u00e9n\u00e9rateur Squarespace Timeline d&rsquo;Elfsight ne n\u00e9cessite aucune expertise en codage. Cr\u00e9ez votre chronologie avec l&rsquo;\u00e9diteur facile \u00e0 utiliser. <\/div>\r\n\t\t\t\t\t<\/div>\r\n\t\t\t\t<\/div><div class=\"faq-item\">\r\n\t\t\t\t\t<div class=\"faq-item-question\">\r\n\t\t\t\t\t\t<h3 class=\"faq-item-question-text\">Comment puis-je cr\u00e9er une chronologie interactive pour Squarespace ? <\/h3>\r\n\r\n\t\t\t\t\t\t<div class=\"faq-item-question-icon\"><\/div>\r\n\t\t\t\t\t<\/div>\r\n\r\n\t\t\t\t\t<div class=\"faq-item-answer\">\r\n\t\t\t\t\t\t<div class=\"faq-item-answer-text\"> Choisissez simplement un mod\u00e8le dans l&rsquo;\u00e9diteur, ajustez-le si n\u00e9cessaire et int\u00e9grez-le sur votre site \u00e0 l&rsquo;aide d&rsquo;un code unique. <\/div>\r\n\t\t\t\t\t<\/div>\r\n\t\t\t\t<\/div><div class=\"faq-item\">\r\n\t\t\t\t\t<div class=\"faq-item-question\">\r\n\t\t\t\t\t\t<h3 class=\"faq-item-question-text\">Quels types de chronologies puis-je cr\u00e9er ? <\/h3>\r\n\r\n\t\t\t\t\t\t<div class=\"faq-item-question-icon\"><\/div>\r\n\t\t\t\t\t<\/div>\r\n\r\n\t\t\t\t\t<div class=\"faq-item-answer\">\r\n\t\t\t\t\t\t<div class=\"faq-item-answer-text\">Vous pouvez cr\u00e9er une vari\u00e9t\u00e9 de chronologies\u00a0: historique de l&rsquo;entreprise, d\u00e9veloppement de produits, calendrier des t\u00e2ches, calendrier des \u00e9v\u00e9nements, etc. Le widget Elfsight Timeline est suffisamment flexible pour s&rsquo;adapter \u00e0 vos besoins uniques.<\/div>\r\n\t\t\t\t\t<\/div>\r\n\t\t\t\t<\/div><\/div>","protected":false},"excerpt":{"rendered":"","protected":false},"author":9,"featured_media":0,"parent":16251,"menu_order":0,"comment_status":"closed","ping_status":"closed","template":"templates\/template-application-platform.php","meta":{"publish_to_discourse":"","publish_post_category":"","wpdc_auto_publish_overridden":"","wpdc_topic_tags":"","wpdc_pin_topic":"","wpdc_pin_until":"","discourse_post_id":"","discourse_permalink":"","wpdc_publishing_response":"","wpdc_publishing_error":"","footnotes":""},"class_list":["post-16311","page","type-page","status-publish","hentry"],"yoast_head":"<!-- This site is optimized with the Yoast SEO plugin v25.3.1 - https:\/\/yoast.com\/wordpress\/plugins\/seo\/ -->\n<title>Widget de chronologie Squarespace - Ajoutez une chronologie gratuite \u00e0 votre page<\/title>\n<meta name=\"description\" content=\"Cr\u00e9ez une chronologie personnalis\u00e9e pour votre site. Pr\u00e9sentez facilement votre histoire, vos marqueurs et vos progr\u00e8s avec un widget Chronologie enti\u00e8rement personnalisable sur Squarespace.\" \/>\n<meta name=\"robots\" content=\"index, follow, max-snippet:-1, max-image-preview:large, max-video-preview:-1\" \/>\n<link rel=\"canonical\" href=\"https:\/\/elfsight.com\/fr\/timeline-widget\/squarespace\/\" \/>\n<meta property=\"og:locale\" content=\"fr_FR\" \/>\n<meta property=\"og:type\" content=\"article\" \/>\n<meta property=\"og:title\" content=\"Widget de chronologie Squarespace - Ajoutez une chronologie gratuite \u00e0 votre page\" \/>\n<meta property=\"og:description\" content=\"Cr\u00e9ez une chronologie personnalis\u00e9e pour votre site. Pr\u00e9sentez facilement votre histoire, vos marqueurs et vos progr\u00e8s avec un widget Chronologie enti\u00e8rement personnalisable sur Squarespace.\" \/>\n<meta property=\"og:url\" content=\"https:\/\/elfsight.com\/fr\/timeline-widget\/squarespace\/\" \/>\n<meta property=\"og:site_name\" content=\"Elfsight FR\" \/>\n<meta property=\"article:modified_time\" content=\"2025-07-10T13:54:30+00:00\" \/>\n<meta name=\"twitter:card\" content=\"summary_large_image\" \/>\n<meta name=\"twitter:label1\" content=\"Dur\u00e9e de lecture estim\u00e9e\" \/>\n\t<meta name=\"twitter:data1\" content=\"4 minutes\" \/>\n<!-- \/ Yoast SEO plugin. -->","yoast_head_json":{"title":"Widget de chronologie Squarespace - Ajoutez une chronologie gratuite \u00e0 votre page","description":"Cr\u00e9ez une chronologie personnalis\u00e9e pour votre site. Pr\u00e9sentez facilement votre histoire, vos marqueurs et vos progr\u00e8s avec un widget Chronologie enti\u00e8rement personnalisable sur Squarespace.","robots":{"index":"index","follow":"follow","max-snippet":"max-snippet:-1","max-image-preview":"max-image-preview:large","max-video-preview":"max-video-preview:-1"},"canonical":"https:\/\/elfsight.com\/fr\/timeline-widget\/squarespace\/","og_locale":"fr_FR","og_type":"article","og_title":"Widget de chronologie Squarespace - Ajoutez une chronologie gratuite \u00e0 votre page","og_description":"Cr\u00e9ez une chronologie personnalis\u00e9e pour votre site. Pr\u00e9sentez facilement votre histoire, vos marqueurs et vos progr\u00e8s avec un widget Chronologie enti\u00e8rement personnalisable sur Squarespace.","og_url":"https:\/\/elfsight.com\/fr\/timeline-widget\/squarespace\/","og_site_name":"Elfsight FR","article_modified_time":"2025-07-10T13:54:30+00:00","twitter_card":"summary_large_image","twitter_misc":{"Dur\u00e9e de lecture estim\u00e9e":"4 minutes"},"schema":{"@context":"https:\/\/schema.org","@graph":[{"@type":"WebPage","@id":"https:\/\/elfsight.com\/fr\/timeline-widget\/squarespace\/","url":"https:\/\/elfsight.com\/fr\/timeline-widget\/squarespace\/","name":"Widget de chronologie Squarespace - Ajoutez une chronologie gratuite \u00e0 votre page","isPartOf":{"@id":"https:\/\/elfsight.com\/fr\/#website"},"datePublished":"2024-06-11T07:49:44+00:00","dateModified":"2025-07-10T13:54:30+00:00","description":"Cr\u00e9ez une chronologie personnalis\u00e9e pour votre site. Pr\u00e9sentez facilement votre histoire, vos marqueurs et vos progr\u00e8s avec un widget Chronologie enti\u00e8rement personnalisable sur Squarespace.","breadcrumb":{"@id":"https:\/\/elfsight.com\/fr\/timeline-widget\/squarespace\/#breadcrumb"},"inLanguage":"fr-FR","potentialAction":[{"@type":"ReadAction","target":["https:\/\/elfsight.com\/fr\/timeline-widget\/squarespace\/"]}]},{"@type":"BreadcrumbList","@id":"https:\/\/elfsight.com\/fr\/timeline-widget\/squarespace\/#breadcrumb","itemListElement":[{"@type":"ListItem","position":1,"name":"Home","item":"https:\/\/elfsight.com\/fr\/"},{"@type":"ListItem","position":2,"name":"Timeline","item":"https:\/\/elfsight.com\/fr\/timeline-widget\/"},{"@type":"ListItem","position":3,"name":"Timeline &#8211; Squarespace"}]},{"@type":"WebSite","@id":"https:\/\/elfsight.com\/fr\/#website","url":"https:\/\/elfsight.com\/fr\/","name":"Elfsight FR","description":"","potentialAction":[{"@type":"SearchAction","target":{"@type":"EntryPoint","urlTemplate":"https:\/\/elfsight.com\/fr\/?s={search_term_string}"},"query-input":{"@type":"PropertyValueSpecification","valueRequired":true,"valueName":"search_term_string"}}],"inLanguage":"fr-FR"}]}},"meta_box":{"industry":"","seo_heading":"","heading":"","description":"","cta_heading":"","cta_description":"","application":"16250","h1":"Plugin de chronologie pour Squarespace","h1_caption":"Affichez une chronologie attrayante des r\u00e9alisations pour pr\u00e9senter votre r\u00e9cit, vos progr\u00e8s ou vos \u00e9tapes avec une feuille de route interactive sur Squarespace.","application_category":[],"applications_title":"","applications_request_title":"","applications_request_button_text":"","hero_text":"","hero_video":"","hero_video_schema_markup":"","selling_points_title":"","selling_points_caption":"","selling_points":[],"selling_points_cta_text":"","features_title":"","features":"","ed_cta_examples_text":"","ed_cta_examples_hidden":"","ed_cta_demo_text":"","ed_cta_demo_hidden":"","why_caption":"","why_editor_title":"","why_editor_text":"","why_team_title":"","why_team_text":"","why_service_title":"","why_service_text":"","template_catalog_visible":"","template_catalog_title":"","template_catalog_text":"","template_catalog_categories_visible":"","demo_title":"Cr\u00e9ez votre plugin Squarespace Timeline","demo_caption":"Personnalisez votre chronologie et ajoutez-la \u00e0 votre site Web en toute simplicit\u00e9\u00a0!","default_faq_hidden":"","app_template_category":[],"platform":"167","template_public_id":"","codecanyon_url":"","codecanyon_item_id":"","codecanyon_price":"","pricing_caption":"","pricing_elfsight_apps_hide_column":"","pricing_elfsight_apps_url":"","pricing_codecanyon_price_caption":"","integration_category":[],"integration_request_title":"","integration_request_cta":"","integration_platform":"","integrations":[],"platform_category":[],"video_schema_markup":"","price":"\u00e0 partir de 0$ \/ mois","trial":"","benefits":[],"button_url":"#demo","button_target_blank":"0","button_nofollow":"0","attributes":[{"name":"Installations","content":"50,000 - 100,000","_state":"expanded"},{"name":"Sensible","content":"Oui","_state":"expanded"},{"name":"Navigateurs compatibles","content":"Firefox, Safari, Opera, Chrome, Edge","_state":"expanded"}],"tags":[],"tags_disable_links":"","hide_more_platforms":"","video_object":"","demo_hide_cta":"0","demo_hide_cloud_options":"","pricing_title":"","pricing":[{"pricing_icon":"platform","pricing_title":"Elfsight Apps","pricing_title_caption":"Logiciel multiplateforme adapt\u00e9 \u00e0 n'importe quel site","pricing_price":"\u00e0 partir de 0$ \/ mois","pricing_price_caption":"commencez avec un forfait gratuit","pricing_button_text":"Ajouter au site Web","pricing_button_url":"#demo"}],"related_apps_title":"","related_apps_hidden":"","author":"","image":[],"title":"","job":"","social_networks":[]},"_links":{"self":[{"href":"https:\/\/elfsight.com\/fr\/wp-json\/wp\/v2\/pages\/16311","targetHints":{"allow":["GET"]}}],"collection":[{"href":"https:\/\/elfsight.com\/fr\/wp-json\/wp\/v2\/pages"}],"about":[{"href":"https:\/\/elfsight.com\/fr\/wp-json\/wp\/v2\/types\/page"}],"author":[{"embeddable":true,"href":"https:\/\/elfsight.com\/fr\/wp-json\/wp\/v2\/users\/9"}],"replies":[{"embeddable":true,"href":"https:\/\/elfsight.com\/fr\/wp-json\/wp\/v2\/comments?post=16311"}],"version-history":[{"count":1,"href":"https:\/\/elfsight.com\/fr\/wp-json\/wp\/v2\/pages\/16311\/revisions"}],"predecessor-version":[{"id":16315,"href":"https:\/\/elfsight.com\/fr\/wp-json\/wp\/v2\/pages\/16311\/revisions\/16315"}],"up":[{"embeddable":true,"href":"https:\/\/elfsight.com\/fr\/wp-json\/wp\/v2\/pages\/16251"}],"wp:attachment":[{"href":"https:\/\/elfsight.com\/fr\/wp-json\/wp\/v2\/media?parent=16311"}],"curies":[{"name":"wp","href":"https:\/\/api.w.org\/{rel}","templated":true}]}}