{"id":16309,"date":"2024-06-11T08:19:44","date_gmt":"2024-06-11T08:19:44","guid":{"rendered":"https:\/\/elfsight.com\/fr\/?page_id=16309"},"modified":"2025-07-10T13:53:34","modified_gmt":"2025-07-10T13:53:34","slug":"html","status":"publish","type":"page","link":"https:\/\/elfsight.com\/fr\/timeline-widget\/html\/","title":{"rendered":"Timeline &#8211; HTML"},"content":{"rendered":"<div class=\"application-platform-content-item-description application-platform-content-item\" id=\"description\" data-nav-section=\"description\"><h2>Widget de chronologie HTML<\/h2> <p>Am\u00e9liorez votre page Web HTML en ajoutant une chronologie interactive pour pr\u00e9senter vos \u00e9v\u00e9nements cl\u00e9s, vos jalons ou vos \u00e9tapes de t\u00e2che. Gardez vos visiteurs engag\u00e9s avec une chronologie visuellement dynamique et flexible. Le g\u00e9n\u00e9rateur de chronologie HTML d&rsquo;Elfsight vous permet d&rsquo;ajouter des marqueurs d&rsquo;\u00e9tape personnalisables qui captiveront votre public. Que vous pr\u00e9sentiez l&rsquo;historique de votre entreprise, surveilliez les phases d&rsquo;un projet ou pr\u00e9sentiez le d\u00e9veloppement de produits, ce widget vous permet de cr\u00e9er une chronologie unique et fonctionnelle qui correspond \u00e0 vos objectifs.<\/p> <ul> <li><b>Cr\u00e9ez des chronologies interactives sans code.<\/b><br> Cr\u00e9ez une chronologie enti\u00e8rement op\u00e9rationnelle en quelques minutes seulement, aucune expertise technique requise, et commencez imm\u00e9diatement \u00e0 engager vos visiteurs.<\/li> <li><b>Options de personnalisation avanc\u00e9es.<\/b><br> Personnalisez la conception et la mise en page de votre widget. en utilisant des mod\u00e8les, des couleurs, des polices et des param\u00e8tres flexibles pour cr\u00e9er une exp\u00e9rience de marque sur mesure.<\/li> <li><b>Processus d&rsquo;int\u00e9gration fluide.<\/b><br> Int\u00e9grez facilement votre chronologie personnalis\u00e9e dans votre site Web HTML \u00e0 l&rsquo;aide d&rsquo;un simple code d&rsquo;int\u00e9gration HTML, sans tracas technique.<\/li> <li><b>Support client r\u00e9actif.<\/b><br> Notre \u00e9quipe d&rsquo;assistance d\u00e9di\u00e9e est toujours disponible pour vous aider avec la configuration, garantissant que votre chronologie fonctionne parfaitement sur votre site.<\/li> <\/ul> <p><b>Essayez le widget Elfsight HTML Timeline pour engager les visiteurs et mettre en valeur vos r\u00e9alisations de mani\u00e8re visuellement dynamique\u00a0!<\/b><\/p> <\/div><div class=\"application-platform-content-item-features application-platform-content-item\" id=\"features\" data-nav-section=\"features\"><h2>Ce que vous pouvez faire avec la chronologie HTML<\/h2> <ul> <li><strong>Engagez visuellement les visiteurs.<\/strong><br> Attirez votre public avec une chronologie dynamique qui pr\u00e9sente vos \u00e9tapes cl\u00e9s dans un format simple et visuel. Une chronologie graphique permet d&rsquo;afficher le contenu de mani\u00e8re facilement compr\u00e9hensible, encourageant les utilisateurs \u00e0 interagir et \u00e0 explorer davantage.<\/li> <li><strong>Pr\u00e9sentez les progr\u00e8s et les \u00e9v\u00e9nements.<\/strong><br> Pr\u00e9sentez les jalons et les \u00e9tapes du projet de votre entreprise dans un ordre chronologique, gardant vos visiteurs int\u00e9ress\u00e9s et inform\u00e9s de votre travail et de vos r\u00e9alisations en cours.<\/li> <li><strong>Soulignez les principales r\u00e9alisations.<\/strong><br> Mettez l&rsquo;accent sur vos jalons ou r\u00e9alisations les plus importants. Pr\u00e9sentez vos r\u00e9ussites dans un format clair et facile \u00e0 suivre qui attire l&rsquo;attention et invite \u00e0 un engagement suppl\u00e9mentaire.<\/li> <\/ul> <p><a href=\"#demo\">Consultez l&rsquo;\u00e9diteur pour voir toutes les fonctionnalit\u00e9s du widget Chronologie.<\/a><\/p><\/div><div class=\"application-platform-content-item-installation application-platform-content-item\" id=\"installation\" data-nav-section=\"installation\"><h2>Comment int\u00e9grer une chronologie au format HTML<\/h2> <p>Ajout du Le widget Chronologie sur votre page HTML est rapide et facile, sans aucune comp\u00e9tence en codage requise. Suivez simplement ces \u00e9tapes simples\u00a0:<\/p> <ol> <li><b>Cr\u00e9ez votre chronologie HTML personnalis\u00e9e<\/b><br> Commencez par s\u00e9lectionner un mod\u00e8le dans notre \u00e9diteur et ajustez-le en fonction de vos besoins. Modifiez la mise en page, ajoutez des jalons et ajustez la conception pour qu&rsquo;elle corresponde \u00e0 l&rsquo;apparence de votre site Web.<\/li> <li><b>Obtenez votre code d&rsquo;int\u00e9gration unique<\/b><br> Apr\u00e8s avoir finalis\u00e9 la personnalisation de votre chronologie, vous recevrez un code HTML unique. Copiez ce code pour une utilisation ult\u00e9rieure.<\/li> <li><b>Int\u00e9grez le code dans votre page HTML<\/b><br> Collez le code HTML copi\u00e9 dans la section appropri\u00e9e de votre page Web et enregistrez les modifications. Votre chronologie interactive sera en ligne\u00a0!<\/li> <li><b>Profitez de votre nouvelle chronologie interactive\u00a0!<\/b><br> Visitez votre site pour voir votre chronologie en action et commencez \u00e0 impliquer les visiteurs de mani\u00e8re interactive et visuellement attrayante\u00a0!<\/li> <\/ol> <p>Pour plus de d\u00e9tails, consultez notre guide complet sur <a href=\"https:\/\/elfsight.com\/blog\/how-to-embed-timeline-to-website\/\" target=\"_blank\" rel=\"noopener\">comment cr\u00e9er une chronologie personnalis\u00e9e sur un site Web<\/a>.<\/p><\/div><div class=\"faq\" data-component=\"FAQ\"><div class=\"faq-item\">\r\n\t\t\t\t\t<div class=\"faq-item-question\">\r\n\t\t\t\t\t\t<h3 class=\"faq-item-question-text\">Le widget Timeline pour HTML est-il gratuit ?<\/h3>\r\n\r\n\t\t\t\t\t\t<div class=\"faq-item-question-icon\"><\/div>\r\n\t\t\t\t\t<\/div>\r\n\r\n\t\t\t\t\t<div class=\"faq-item-answer\">\r\n\t\t\t\t\t\t<div class=\"faq-item-answer-text\">Oui, Elfsight propose un mod\u00e8le d&rsquo;abonnement avec un forfait gratuit. Acc\u00e9dez gratuitement aux fonctionnalit\u00e9s de base du widget Timeline, avec des options payantes disponibles pour une personnalisation plus pouss\u00e9e.<\/div>\r\n\t\t\t\t\t<\/div>\r\n\t\t\t\t<\/div><div class=\"faq-item\">\r\n\t\t\t\t\t<div class=\"faq-item-question\">\r\n\t\t\t\t\t\t<h3 class=\"faq-item-question-text\">Ai-je besoin de comp\u00e9tences en codage pour utiliser le widget Timeline ?<\/h3>\r\n\r\n\t\t\t\t\t\t<div class=\"faq-item-question-icon\"><\/div>\r\n\t\t\t\t\t<\/div>\r\n\r\n\t\t\t\t\t<div class=\"faq-item-answer\">\r\n\t\t\t\t\t\t<div class=\"faq-item-answer-text\">Non, le g\u00e9n\u00e9rateur de timeline HTML d&rsquo;Elfsight ne n\u00e9cessite aucune exp\u00e9rience en codage. Vous pouvez facilement cr\u00e9er et personnaliser votre chronologie \u00e0 l&rsquo;aide de notre \u00e9diteur intuitif.<\/div>\r\n\t\t\t\t\t<\/div>\r\n\t\t\t\t<\/div><div class=\"faq-item\">\r\n\t\t\t\t\t<div class=\"faq-item-question\">\r\n\t\t\t\t\t\t<h3 class=\"faq-item-question-text\">Comment puis-je cr\u00e9er une chronologie interactive pour HTML ?<\/h3>\r\n\r\n\t\t\t\t\t\t<div class=\"faq-item-question-icon\"><\/div>\r\n\t\t\t\t\t<\/div>\r\n\r\n\t\t\t\t\t<div class=\"faq-item-answer\">\r\n\t\t\t\t\t\t<div class=\"faq-item-answer-text\">Choisissez simplement un mod\u00e8le dans l&rsquo;\u00e9diteur, ajustez-le si n\u00e9cessaire et int\u00e9grez-le \u00e0 votre site Web \u00e0 l&rsquo;aide d&rsquo;un code d&rsquo;int\u00e9gration HTML unique.<\/div>\r\n\t\t\t\t\t<\/div>\r\n\t\t\t\t<\/div><div class=\"faq-item\">\r\n\t\t\t\t\t<div class=\"faq-item-question\">\r\n\t\t\t\t\t\t<h3 class=\"faq-item-question-text\">Quels types de chronologies puis-je cr\u00e9er ?<\/h3>\r\n\r\n\t\t\t\t\t\t<div class=\"faq-item-question-icon\"><\/div>\r\n\t\t\t\t\t<\/div>\r\n\r\n\t\t\t\t\t<div class=\"faq-item-answer\">\r\n\t\t\t\t\t\t<div class=\"faq-item-answer-text\"><p>Vous pouvez cr\u00e9er une vari\u00e9t\u00e9 de chronologies pour votre site Web HTML, telles que comme\u00a0:<\/p> <ul> <li><strong>Historique de l&rsquo;entreprise<\/strong>\u00a0: affichez l&rsquo;\u00e9volution et la croissance de votre entreprise, en mettant en \u00e9vidence les r\u00e9alisations et les \u00e9tapes cl\u00e9s.<\/li> <li><strong>D\u00e9veloppement de produits<\/strong>\u00a0: pr\u00e9sentez le parcours de votre produit de la conception au lancement, en d\u00e9taillant chaque \u00e9tape importante.<\/li> <li><strong>Progression du projet<\/strong>\u00a0: suivez et affichez les diff\u00e9rentes \u00e9tapes de vos projets en cours ou termin\u00e9s.<\/li> <li><strong>\u00c9v\u00e9nements<\/strong>\u00a0: pr\u00e9sentez les \u00e9ch\u00e9anciers pour \u00e9v\u00e9nements, conf\u00e9rences ou lancements de produits, permettant aux visiteurs de trouver facilement toutes les informations n\u00e9cessaires en un seul endroit.<\/li> <\/ul> <\/div>\r\n\t\t\t\t\t<\/div>\r\n\t\t\t\t<\/div><\/div>","protected":false},"excerpt":{"rendered":"","protected":false},"author":9,"featured_media":0,"parent":16251,"menu_order":0,"comment_status":"closed","ping_status":"closed","template":"templates\/template-application-platform.php","meta":{"publish_to_discourse":"","publish_post_category":"","wpdc_auto_publish_overridden":"","wpdc_topic_tags":"","wpdc_pin_topic":"","wpdc_pin_until":"","discourse_post_id":"","discourse_permalink":"","wpdc_publishing_response":"","wpdc_publishing_error":"","footnotes":""},"class_list":["post-16309","page","type-page","status-publish","hentry"],"yoast_head":"<!-- This site is optimized with the Yoast SEO plugin v25.3.1 - https:\/\/yoast.com\/wordpress\/plugins\/seo\/ -->\n<title>Widget Chronologie - Ajoutez une chronologie r\u00e9active \u00e0 votre page HTML<\/title>\n<meta name=\"description\" content=\"Am\u00e9liorez votre site Web HTML avec une chronologie dynamique. Affichez vos jalons, vos progr\u00e8s et vos \u00e9v\u00e9nements importants avec un widget enti\u00e8rement personnalisable d&#039;Elfsight.\" \/>\n<meta name=\"robots\" content=\"index, follow, max-snippet:-1, max-image-preview:large, max-video-preview:-1\" \/>\n<link rel=\"canonical\" href=\"https:\/\/elfsight.com\/fr\/timeline-widget\/html\/\" \/>\n<meta property=\"og:locale\" content=\"fr_FR\" \/>\n<meta property=\"og:type\" content=\"article\" \/>\n<meta property=\"og:title\" content=\"Widget Chronologie - Ajoutez une chronologie r\u00e9active \u00e0 votre page HTML\" \/>\n<meta property=\"og:description\" content=\"Am\u00e9liorez votre site Web HTML avec une chronologie dynamique. Affichez vos jalons, vos progr\u00e8s et vos \u00e9v\u00e9nements importants avec un widget enti\u00e8rement personnalisable d&#039;Elfsight.\" \/>\n<meta property=\"og:url\" content=\"https:\/\/elfsight.com\/fr\/timeline-widget\/html\/\" \/>\n<meta property=\"og:site_name\" content=\"Elfsight FR\" \/>\n<meta property=\"article:modified_time\" content=\"2025-07-10T13:53:34+00:00\" \/>\n<meta name=\"twitter:card\" content=\"summary_large_image\" \/>\n<meta name=\"twitter:label1\" content=\"Dur\u00e9e de lecture estim\u00e9e\" \/>\n\t<meta name=\"twitter:data1\" content=\"4 minutes\" \/>\n<!-- \/ Yoast SEO plugin. -->","yoast_head_json":{"title":"Widget Chronologie - Ajoutez une chronologie r\u00e9active \u00e0 votre page HTML","description":"Am\u00e9liorez votre site Web HTML avec une chronologie dynamique. Affichez vos jalons, vos progr\u00e8s et vos \u00e9v\u00e9nements importants avec un widget enti\u00e8rement personnalisable d'Elfsight.","robots":{"index":"index","follow":"follow","max-snippet":"max-snippet:-1","max-image-preview":"max-image-preview:large","max-video-preview":"max-video-preview:-1"},"canonical":"https:\/\/elfsight.com\/fr\/timeline-widget\/html\/","og_locale":"fr_FR","og_type":"article","og_title":"Widget Chronologie - Ajoutez une chronologie r\u00e9active \u00e0 votre page HTML","og_description":"Am\u00e9liorez votre site Web HTML avec une chronologie dynamique. Affichez vos jalons, vos progr\u00e8s et vos \u00e9v\u00e9nements importants avec un widget enti\u00e8rement personnalisable d'Elfsight.","og_url":"https:\/\/elfsight.com\/fr\/timeline-widget\/html\/","og_site_name":"Elfsight FR","article_modified_time":"2025-07-10T13:53:34+00:00","twitter_card":"summary_large_image","twitter_misc":{"Dur\u00e9e de lecture estim\u00e9e":"4 minutes"},"schema":{"@context":"https:\/\/schema.org","@graph":[{"@type":"WebPage","@id":"https:\/\/elfsight.com\/fr\/timeline-widget\/html\/","url":"https:\/\/elfsight.com\/fr\/timeline-widget\/html\/","name":"Widget Chronologie - Ajoutez une chronologie r\u00e9active \u00e0 votre page HTML","isPartOf":{"@id":"https:\/\/elfsight.com\/fr\/#website"},"datePublished":"2024-06-11T08:19:44+00:00","dateModified":"2025-07-10T13:53:34+00:00","description":"Am\u00e9liorez votre site Web HTML avec une chronologie dynamique. Affichez vos jalons, vos progr\u00e8s et vos \u00e9v\u00e9nements importants avec un widget enti\u00e8rement personnalisable d'Elfsight.","breadcrumb":{"@id":"https:\/\/elfsight.com\/fr\/timeline-widget\/html\/#breadcrumb"},"inLanguage":"fr-FR","potentialAction":[{"@type":"ReadAction","target":["https:\/\/elfsight.com\/fr\/timeline-widget\/html\/"]}]},{"@type":"BreadcrumbList","@id":"https:\/\/elfsight.com\/fr\/timeline-widget\/html\/#breadcrumb","itemListElement":[{"@type":"ListItem","position":1,"name":"Home","item":"https:\/\/elfsight.com\/fr\/"},{"@type":"ListItem","position":2,"name":"Timeline","item":"https:\/\/elfsight.com\/fr\/timeline-widget\/"},{"@type":"ListItem","position":3,"name":"Timeline &#8211; HTML"}]},{"@type":"WebSite","@id":"https:\/\/elfsight.com\/fr\/#website","url":"https:\/\/elfsight.com\/fr\/","name":"Elfsight FR","description":"","potentialAction":[{"@type":"SearchAction","target":{"@type":"EntryPoint","urlTemplate":"https:\/\/elfsight.com\/fr\/?s={search_term_string}"},"query-input":{"@type":"PropertyValueSpecification","valueRequired":true,"valueName":"search_term_string"}}],"inLanguage":"fr-FR"}]}},"meta_box":{"industry":"","seo_heading":"","heading":"","description":"","cta_heading":"","cta_description":"","application":"16250","h1":"Plugin de chronologie pour HTML","h1_caption":"Cr\u00e9ez une chronologie attrayante pour pr\u00e9senter les \u00e9tapes et les r\u00e9alisations cl\u00e9s sur votre site Web HTML. Affichez facilement vos \u00e9v\u00e9nements cl\u00e9s dans un format visuellement attrayant et interactif.","application_category":[],"applications_title":"","applications_request_title":"","applications_request_button_text":"","hero_text":"","hero_video":"","hero_video_schema_markup":"","selling_points_title":"","selling_points_caption":"","selling_points":[],"selling_points_cta_text":"","features_title":"","features":"","ed_cta_examples_text":"","ed_cta_examples_hidden":"","ed_cta_demo_text":"","ed_cta_demo_hidden":"","why_caption":"","why_editor_title":"","why_editor_text":"","why_team_title":"","why_team_text":"","why_service_title":"","why_service_text":"","template_catalog_visible":"","template_catalog_title":"","template_catalog_text":"","template_catalog_categories_visible":"","demo_title":"Cr\u00e9ez votre widget Chronologie HTML","demo_caption":"Personnalisez votre chronologie et ajoutez-la \u00e0 votre site Web en toute simplicit\u00e9\u00a0!","default_faq_hidden":"","app_template_category":[],"platform":"137","template_public_id":"","codecanyon_url":"","codecanyon_item_id":"","codecanyon_price":"","pricing_caption":"","pricing_elfsight_apps_hide_column":"","pricing_elfsight_apps_url":"","pricing_codecanyon_price_caption":"","integration_category":[],"integration_request_title":"","integration_request_cta":"","integration_platform":"","integrations":[],"platform_category":[],"video_schema_markup":"","price":"\u00e0 partir de 0$ \/ mois","trial":"","benefits":[],"button_url":"#demo","button_target_blank":"0","button_nofollow":"0","attributes":[{"name":"Installations","content":"50,000 - 100,000","_state":"expanded"},{"name":"Sensible","content":"Oui","_state":"expanded"},{"name":"Navigateurs compatibles","content":"Firefox, Safari, Opera, Chrome, Edge","_state":"expanded"}],"tags":[],"tags_disable_links":"","hide_more_platforms":"","video_object":"","demo_hide_cta":"0","demo_hide_cloud_options":"","pricing_title":"","pricing":[{"pricing_icon":"platform","pricing_title":"Elfsight Apps","pricing_title_caption":"Logiciel multiplateforme adapt\u00e9 \u00e0 n'importe quel site","pricing_price":"\u00e0 partir de 0$ \/ mois","pricing_price_caption":"commencez avec un forfait gratuit","pricing_button_text":"Ajouter au site Web","pricing_button_url":"#demo"}],"related_apps_title":"","related_apps_hidden":"","author":"","image":[],"title":"","job":"","social_networks":[]},"_links":{"self":[{"href":"https:\/\/elfsight.com\/fr\/wp-json\/wp\/v2\/pages\/16309","targetHints":{"allow":["GET"]}}],"collection":[{"href":"https:\/\/elfsight.com\/fr\/wp-json\/wp\/v2\/pages"}],"about":[{"href":"https:\/\/elfsight.com\/fr\/wp-json\/wp\/v2\/types\/page"}],"author":[{"embeddable":true,"href":"https:\/\/elfsight.com\/fr\/wp-json\/wp\/v2\/users\/9"}],"replies":[{"embeddable":true,"href":"https:\/\/elfsight.com\/fr\/wp-json\/wp\/v2\/comments?post=16309"}],"version-history":[{"count":1,"href":"https:\/\/elfsight.com\/fr\/wp-json\/wp\/v2\/pages\/16309\/revisions"}],"predecessor-version":[{"id":16313,"href":"https:\/\/elfsight.com\/fr\/wp-json\/wp\/v2\/pages\/16309\/revisions\/16313"}],"up":[{"embeddable":true,"href":"https:\/\/elfsight.com\/fr\/wp-json\/wp\/v2\/pages\/16251"}],"wp:attachment":[{"href":"https:\/\/elfsight.com\/fr\/wp-json\/wp\/v2\/media?parent=16309"}],"curies":[{"name":"wp","href":"https:\/\/api.w.org\/{rel}","templated":true}]}}