{"id":16303,"date":"2024-06-13T06:49:44","date_gmt":"2024-06-13T06:49:44","guid":{"rendered":"https:\/\/elfsight.com\/fr\/?page_id=16303"},"modified":"2025-06-17T15:45:36","modified_gmt":"2025-06-17T15:45:36","slug":"webflow","status":"publish","type":"page","link":"https:\/\/elfsight.com\/fr\/timeline-widget\/webflow\/","title":{"rendered":"Timeline &#8211; Webflow"},"content":{"rendered":"<div class=\"application-platform-content-item-description application-platform-content-item\" id=\"description\" data-nav-section=\"description\"><h2>Timeline Builder for Webflow<\/h2><p>Ajoutez une chronologie chronologique interactive \u00e0 votre site Web Webflow pour mettre en \u00e9vidence des \u00e9v\u00e9nements, des marqueurs ou la progression d&rsquo;un projet. Le g\u00e9n\u00e9rateur Webflow Timeline d&rsquo;Elfsight vous permet d&rsquo;inclure des marqueurs d&rsquo;\u00e9tape personnalisables qui captivent votre public. Que vous pr\u00e9sentiez l&rsquo;historique de votre entreprise, surveilliez les phases d&rsquo;un projet ou mettiez en \u00e9vidence le d\u00e9veloppement de produits, ce widget facilite la conception d&rsquo;un calendrier unique qui correspond \u00e0 vos objectifs. <\/p><ul><li><b>Cr\u00e9ez des chronologies interactives sans code<\/b><br>Cr\u00e9ez une feuille de route interactive fonctionnelle en quelques minutes, aucune expertise en programmation n&rsquo;est requise et commencez \u00e0 engager vos visiteurs imm\u00e9diatement. <\/li><li><b>Options de personnalisation avanc\u00e9es<\/b><br>Modifiez la conception et la disposition de votre widget avec une vari\u00e9t\u00e9 de styles, de couleurs, de polices et de param\u00e8tres personnalisables pour cr\u00e9er une exp\u00e9rience de marque. <\/li><li><b>Processus d&rsquo;int\u00e9gration fluide<\/b><br>Int\u00e9grez de mani\u00e8re transparente votre chronologie unique dans votre site Web Webflow avec un simple code HTML, sans complications techniques. <\/li><li><b>Support client r\u00e9actif<\/b><br>Notre \u00e9quipe d&rsquo;assistance d\u00e9di\u00e9e est toujours disponible pour vous aider dans la configuration, garantissant ainsi que votre chronologie fonctionne parfaitement sur votre site.<\/li><\/ul><p><b>Testez la chronologie Elfsight Webflow pour captiver votre public et afficher vos jalons avec style. <\/b><\/p><\/div><div class=\"application-platform-content-item-features application-platform-content-item\" id=\"features\" data-nav-section=\"features\"><h2>Ce que vous pouvez faire avec la chronologie Webflow<\/h2><ul><li><strong>Engagez visuellement les visiteurs<\/strong><br>Captez l&rsquo;attention de vos utilisateurs en mettant en valeur votre parcours, vos r\u00e9alisations ou vos progr\u00e8s de mani\u00e8re interactive et int\u00e9ressante. Une chronologie graphique permet d&rsquo;afficher le contenu dans un format clair qui encourage les t\u00e9l\u00e9spectateurs \u00e0 l&rsquo;explorer. <\/li><li><strong>Pr\u00e9sentez les progr\u00e8s et les \u00e9v\u00e9nements<\/strong><br>R\u00e9v\u00e9lez les r\u00e9alisations de votre entreprise et les \u00e9tapes du projet de mani\u00e8re chronologique pour maintenir l&rsquo;int\u00e9r\u00eat de vos visiteurs. Cela aide les visiteurs \u00e0 suivre votre histoire et les maintient impliqu\u00e9s dans votre actualit\u00e9. <\/li><li><strong>Mettre en valeur les principales r\u00e9alisations<\/strong><br>Accordez une attention particuli\u00e8re \u00e0 vos r\u00e9ussites les plus significatives. Pr\u00e9sentez vos victoires dans un format attrayant et clair. <\/li><\/ul><p><a href=\"#demo\">Explorez l&rsquo;\u00e9diteur pour comprendre l&rsquo;id\u00e9e compl\u00e8te. <\/a><\/p><\/div><div class=\"application-platform-content-item-installation application-platform-content-item\" id=\"installation\" data-nav-section=\"installation\"><h2>Comment int\u00e9grer une chronologie sur Webflow<\/h2><p>L&rsquo;ajout de la chronologie Webflow \u00e0 votre site Web est simple et ne n\u00e9cessite pas de codage. Suivez simplement ces \u00e9tapes simples pour commencer\u00a0: <\/p><ol><li><b>Cr\u00e9ez votre chronologie Webflow personnalis\u00e9e<\/b><br>Choisissez un mod\u00e8le dans notre \u00e9diteur et personnalisez-le pour l&rsquo;adapter \u00e0 vos besoins sp\u00e9cifiques. Ajustez l&rsquo;apparence, ajoutez des jalons et modifiez le design pour l&rsquo;adapter au style de votre marque. <\/li><li><b>Recevez votre code d&rsquo;int\u00e9gration unique<\/b><br>Apr\u00e8s avoir finalis\u00e9 votre timeline, vous recevrez un code HTML unique. Copiez ce code pour une utilisation ult\u00e9rieure.<\/li><li><b>Int\u00e9grez le code dans votre site Web Webflow<\/b><br>Placez le code HTML dans la partie appropri\u00e9e de votre site Webflow et enregistrez les ajustements. Votre chronologie attrayante sera d\u00e9sormais en ligne sur votre site Web\u00a0! <\/li><li><b>Profitez de votre nouvelle chronologie interactive\u00a0! <\/b><br>Visitez votre site pour voir la chronologie en action et engager les visiteurs de mani\u00e8re interactive.<\/li><\/ol><p>Pour plus de d\u00e9tails, consultez notre guide \u00e9tape par \u00e9tape sur <a href=\"https:\/\/elfsight.com\/blog\/how-to-embed-timeline-to-website\/\" target=\"_blank\" rel=\"noopener\">comment ajouter une chronologie \u00e0 votre site Web.<\/a><\/p><\/div><div class=\"faq\" data-component=\"FAQ\"><div class=\"faq-item\">\r\n\t\t\t\t\t<div class=\"faq-item-question\">\r\n\t\t\t\t\t\t<h3 class=\"faq-item-question-text\">Le widget Timeline pour Webflow est-il gratuit ? <\/h3>\r\n\r\n\t\t\t\t\t\t<div class=\"faq-item-question-icon\"><\/div>\r\n\t\t\t\t\t<\/div>\r\n\r\n\t\t\t\t\t<div class=\"faq-item-answer\">\r\n\t\t\t\t\t\t<div class=\"faq-item-answer-text\">Oui, Elfsight propose un cadre d&rsquo;abonnement multicouche qui comprend un plan sans frais. Vous pouvez utiliser le widget Elfsight Timeline sans aucun frais et acc\u00e9der \u00e0 toutes les fonctionnalit\u00e9s essentielles. Pour d\u00e9bloquer encore plus de personnalisation, des forfaits payants sont disponibles. <\/div>\r\n\t\t\t\t\t<\/div>\r\n\t\t\t\t<\/div><div class=\"faq-item\">\r\n\t\t\t\t\t<div class=\"faq-item-question\">\r\n\t\t\t\t\t\t<h3 class=\"faq-item-question-text\">Ai-je besoin de comp\u00e9tences en codage pour utiliser le widget Timeline ? <\/h3>\r\n\r\n\t\t\t\t\t\t<div class=\"faq-item-question-icon\"><\/div>\r\n\t\t\t\t\t<\/div>\r\n\r\n\t\t\t\t\t<div class=\"faq-item-answer\">\r\n\t\t\t\t\t\t<div class=\"faq-item-answer-text\">Non, le g\u00e9n\u00e9rateur Webflow Timeline d&rsquo;Elfsight ne n\u00e9cessite aucune expertise en codage. Utilisez l&rsquo;\u00e9diteur glisser-d\u00e9poser pour cr\u00e9er et personnaliser rapidement votre chronologie. <\/div>\r\n\t\t\t\t\t<\/div>\r\n\t\t\t\t<\/div><div class=\"faq-item\">\r\n\t\t\t\t\t<div class=\"faq-item-question\">\r\n\t\t\t\t\t\t<h3 class=\"faq-item-question-text\">Comment puis-je cr\u00e9er une chronologie interactive pour Webflow ? <\/h3>\r\n\r\n\t\t\t\t\t\t<div class=\"faq-item-question-icon\"><\/div>\r\n\t\t\t\t\t<\/div>\r\n\r\n\t\t\t\t\t<div class=\"faq-item-answer\">\r\n\t\t\t\t\t\t<div class=\"faq-item-answer-text\">S\u00e9lectionnez simplement un mod\u00e8le dans l&rsquo;\u00e9diteur, personnalisez-le et ins\u00e9rez la chronologie \u00e0 l&rsquo;aide du code HTML fourni. <\/div>\r\n\t\t\t\t\t<\/div>\r\n\t\t\t\t<\/div><div class=\"faq-item\">\r\n\t\t\t\t\t<div class=\"faq-item-question\">\r\n\t\t\t\t\t\t<h3 class=\"faq-item-question-text\">Quels types de chronologies puis-je cr\u00e9er ?<\/h3>\r\n\r\n\t\t\t\t\t\t<div class=\"faq-item-question-icon\"><\/div>\r\n\t\t\t\t\t<\/div>\r\n\r\n\t\t\t\t\t<div class=\"faq-item-answer\">\r\n\t\t\t\t\t\t<div class=\"faq-item-answer-text\">Le widget Elfsight Timeline est suffisamment flexible pour s&rsquo;adapter \u00e0 vos besoins uniques. Vous pouvez cr\u00e9er diff\u00e9rents calendriers\u00a0: jalons commerciaux, d\u00e9veloppement de produits, calendriers de projet et bien plus encore. <\/div>\r\n\t\t\t\t\t<\/div>\r\n\t\t\t\t<\/div><\/div>","protected":false},"excerpt":{"rendered":"","protected":false},"author":9,"featured_media":0,"parent":16251,"menu_order":0,"comment_status":"closed","ping_status":"closed","template":"templates\/template-application-platform.php","meta":{"publish_to_discourse":"","publish_post_category":"","wpdc_auto_publish_overridden":"","wpdc_topic_tags":"","wpdc_pin_topic":"","wpdc_pin_until":"","discourse_post_id":"","discourse_permalink":"","wpdc_publishing_response":"","wpdc_publishing_error":"","footnotes":""},"class_list":["post-16303","page","type-page","status-publish","hentry"],"yoast_head":"<!-- This site is optimized with the Yoast SEO plugin v25.3.1 - https:\/\/yoast.com\/wordpress\/plugins\/seo\/ -->\n<title>Widget Chronologie - Int\u00e9grer la ligne d&#039;historique au site Web Webflow [GRATUIT]<\/title>\n<meta name=\"description\" content=\"Ajoutez une chronologie personnalis\u00e9e \u00e0 votre Webflow. Pr\u00e9sentez facilement votre historique, vos jalons et la progression des t\u00e2ches avec un widget Chronologie interactif sur Webflow.\" \/>\n<meta name=\"robots\" content=\"index, follow, max-snippet:-1, max-image-preview:large, max-video-preview:-1\" \/>\n<link rel=\"canonical\" href=\"https:\/\/elfsight.com\/fr\/timeline-widget\/webflow\/\" \/>\n<meta property=\"og:locale\" content=\"fr_FR\" \/>\n<meta property=\"og:type\" content=\"article\" \/>\n<meta property=\"og:title\" content=\"Widget Chronologie - Int\u00e9grer la ligne d&#039;historique au site Web Webflow [GRATUIT]\" \/>\n<meta property=\"og:description\" content=\"Ajoutez une chronologie personnalis\u00e9e \u00e0 votre Webflow. Pr\u00e9sentez facilement votre historique, vos jalons et la progression des t\u00e2ches avec un widget Chronologie interactif sur Webflow.\" \/>\n<meta property=\"og:url\" content=\"https:\/\/elfsight.com\/fr\/timeline-widget\/webflow\/\" \/>\n<meta property=\"og:site_name\" content=\"Elfsight FR\" \/>\n<meta property=\"article:modified_time\" content=\"2025-06-17T15:45:36+00:00\" \/>\n<meta name=\"twitter:card\" content=\"summary_large_image\" \/>\n<meta name=\"twitter:label1\" content=\"Dur\u00e9e de lecture estim\u00e9e\" \/>\n\t<meta name=\"twitter:data1\" content=\"4 minutes\" \/>\n<!-- \/ Yoast SEO plugin. -->","yoast_head_json":{"title":"Widget Chronologie - Int\u00e9grer la ligne d'historique au site Web Webflow [GRATUIT]","description":"Ajoutez une chronologie personnalis\u00e9e \u00e0 votre Webflow. Pr\u00e9sentez facilement votre historique, vos jalons et la progression des t\u00e2ches avec un widget Chronologie interactif sur Webflow.","robots":{"index":"index","follow":"follow","max-snippet":"max-snippet:-1","max-image-preview":"max-image-preview:large","max-video-preview":"max-video-preview:-1"},"canonical":"https:\/\/elfsight.com\/fr\/timeline-widget\/webflow\/","og_locale":"fr_FR","og_type":"article","og_title":"Widget Chronologie - Int\u00e9grer la ligne d'historique au site Web Webflow [GRATUIT]","og_description":"Ajoutez une chronologie personnalis\u00e9e \u00e0 votre Webflow. Pr\u00e9sentez facilement votre historique, vos jalons et la progression des t\u00e2ches avec un widget Chronologie interactif sur Webflow.","og_url":"https:\/\/elfsight.com\/fr\/timeline-widget\/webflow\/","og_site_name":"Elfsight FR","article_modified_time":"2025-06-17T15:45:36+00:00","twitter_card":"summary_large_image","twitter_misc":{"Dur\u00e9e de lecture estim\u00e9e":"4 minutes"},"schema":{"@context":"https:\/\/schema.org","@graph":[{"@type":"WebPage","@id":"https:\/\/elfsight.com\/fr\/timeline-widget\/webflow\/","url":"https:\/\/elfsight.com\/fr\/timeline-widget\/webflow\/","name":"Widget Chronologie - Int\u00e9grer la ligne d'historique au site Web Webflow [GRATUIT]","isPartOf":{"@id":"https:\/\/elfsight.com\/fr\/#website"},"datePublished":"2024-06-13T06:49:44+00:00","dateModified":"2025-06-17T15:45:36+00:00","description":"Ajoutez une chronologie personnalis\u00e9e \u00e0 votre Webflow. Pr\u00e9sentez facilement votre historique, vos jalons et la progression des t\u00e2ches avec un widget Chronologie interactif sur Webflow.","breadcrumb":{"@id":"https:\/\/elfsight.com\/fr\/timeline-widget\/webflow\/#breadcrumb"},"inLanguage":"fr-FR","potentialAction":[{"@type":"ReadAction","target":["https:\/\/elfsight.com\/fr\/timeline-widget\/webflow\/"]}]},{"@type":"BreadcrumbList","@id":"https:\/\/elfsight.com\/fr\/timeline-widget\/webflow\/#breadcrumb","itemListElement":[{"@type":"ListItem","position":1,"name":"Home","item":"https:\/\/elfsight.com\/fr\/"},{"@type":"ListItem","position":2,"name":"Timeline","item":"https:\/\/elfsight.com\/fr\/timeline-widget\/"},{"@type":"ListItem","position":3,"name":"Timeline &#8211; Webflow"}]},{"@type":"WebSite","@id":"https:\/\/elfsight.com\/fr\/#website","url":"https:\/\/elfsight.com\/fr\/","name":"Elfsight FR","description":"","potentialAction":[{"@type":"SearchAction","target":{"@type":"EntryPoint","urlTemplate":"https:\/\/elfsight.com\/fr\/?s={search_term_string}"},"query-input":{"@type":"PropertyValueSpecification","valueRequired":true,"valueName":"search_term_string"}}],"inLanguage":"fr-FR"}]}},"meta_box":{"industry":"","seo_heading":"","heading":"","description":"","cta_heading":"","cta_description":"","application":"16250","h1":"Plugin de chronologie pour Webflow","h1_caption":"Affichez une ligne historique attrayante pour pr\u00e9senter votre histoire, les r\u00e9alisations de votre projet ou vos \u00e9tapes avec un plugin Timeline interactif sur Webflow.","application_category":[],"applications_title":"","applications_request_title":"","applications_request_button_text":"","hero_text":"","hero_video":"","hero_video_schema_markup":"","selling_points_title":"","selling_points_caption":"","selling_points":[],"selling_points_cta_text":"","features_title":"","features":"","ed_cta_examples_text":"","ed_cta_examples_hidden":"","ed_cta_demo_text":"","ed_cta_demo_hidden":"","why_caption":"","why_editor_title":"","why_editor_text":"","why_team_title":"","why_team_text":"","why_service_title":"","why_service_text":"","template_catalog_visible":"0","template_catalog_title":"","template_catalog_text":"","template_catalog_categories_visible":"","demo_title":"Cr\u00e9ez votre plugin Webflow Timeline","demo_caption":"Personnalisez votre chronologie et ajoutez-la \u00e0 votre site Web en toute simplicit\u00e9\u00a0!","default_faq_hidden":"","app_template_category":[],"platform":"362","template_public_id":"","codecanyon_url":"","codecanyon_item_id":"","codecanyon_price":"","pricing_caption":"","pricing_elfsight_apps_hide_column":"","pricing_elfsight_apps_url":"","pricing_codecanyon_price_caption":"","integration_category":[],"integration_request_title":"","integration_request_cta":"","integration_platform":"","integrations":[],"platform_category":[],"video_schema_markup":"","price":"\u00e0 partir de 0$ \/ mois","trial":"","benefits":[],"button_url":"#demo","button_target_blank":"0","button_nofollow":"0","attributes":[{"name":"Installations","content":"50,000 - 100,000","_state":"expanded"},{"name":"Sensible","content":"Oui","_state":"expanded"},{"name":"Navigateurs compatibles","content":"Firefox, Safari, Opera, Chrome, Edge","_state":"expanded"}],"tags":[],"tags_disable_links":"0","hide_more_platforms":"0","video_object":"","demo_hide_cta":"0","demo_hide_cloud_options":"0","pricing_title":"","pricing":[{"pricing_icon":"platform","pricing_title":"Elfsight Apps","pricing_title_caption":"Logiciel multiplateforme adapt\u00e9 \u00e0 n'importe quel site","pricing_price":"\u00e0 partir de 0$ \/ mois","pricing_price_caption":"commencez avec un forfait gratuit","pricing_button_text":"Ajouter au site Web","pricing_button_url":"#demo"}],"related_apps_title":"","related_apps_hidden":"0","author":"","image":[],"title":"","job":"","social_networks":[]},"_links":{"self":[{"href":"https:\/\/elfsight.com\/fr\/wp-json\/wp\/v2\/pages\/16303","targetHints":{"allow":["GET"]}}],"collection":[{"href":"https:\/\/elfsight.com\/fr\/wp-json\/wp\/v2\/pages"}],"about":[{"href":"https:\/\/elfsight.com\/fr\/wp-json\/wp\/v2\/types\/page"}],"author":[{"embeddable":true,"href":"https:\/\/elfsight.com\/fr\/wp-json\/wp\/v2\/users\/9"}],"replies":[{"embeddable":true,"href":"https:\/\/elfsight.com\/fr\/wp-json\/wp\/v2\/comments?post=16303"}],"version-history":[{"count":1,"href":"https:\/\/elfsight.com\/fr\/wp-json\/wp\/v2\/pages\/16303\/revisions"}],"predecessor-version":[{"id":16307,"href":"https:\/\/elfsight.com\/fr\/wp-json\/wp\/v2\/pages\/16303\/revisions\/16307"}],"up":[{"embeddable":true,"href":"https:\/\/elfsight.com\/fr\/wp-json\/wp\/v2\/pages\/16251"}],"wp:attachment":[{"href":"https:\/\/elfsight.com\/fr\/wp-json\/wp\/v2\/media?parent=16303"}],"curies":[{"name":"wp","href":"https:\/\/api.w.org\/{rel}","templated":true}]}}