{"id":16302,"date":"2024-06-13T07:49:44","date_gmt":"2024-06-13T07:49:44","guid":{"rendered":"https:\/\/elfsight.com\/fr\/?page_id=16302"},"modified":"2025-07-10T13:53:13","modified_gmt":"2025-07-10T13:53:13","slug":"elementor","status":"publish","type":"page","link":"https:\/\/elfsight.com\/fr\/timeline-widget\/elementor\/","title":{"rendered":"Timeline &#8211; Elementor"},"content":{"rendered":"<div class=\"application-platform-content-item-description application-platform-content-item\" id=\"description\" data-nav-section=\"description\"><h2>Widget de chronologie Elementor<\/h2> <p>Concevez une chronologie dynamique et interactive pour votre site Web Elementor sans \u00e9crire de code. Le g\u00e9n\u00e9rateur Elementor Timeline d&rsquo;Elfsight vous permet d&rsquo;ajouter des jalons personnalis\u00e9s qui engagent et captivent les visiteurs de votre site. Que vous souhaitiez pr\u00e9senter le parcours de votre entreprise, mettre en \u00e9vidence les d\u00e9veloppements de produits ou suivre les \u00e9tapes importantes d&rsquo;un projet, cet outil vous permet de cr\u00e9er facilement une chronologie qui correspond \u00e0 vos besoins.<\/p> <ul> <li><strong>Cr\u00e9ez sans effort des chronologies interactives.<\/strong> <br>Cr\u00e9ez une chronologie enti\u00e8rement fonctionnelle en un rien de temps et sans avoir besoin de comp\u00e9tences en codage. Engagez instantan\u00e9ment les visiteurs de votre site en ajoutant une chronologie qui donne vie \u00e0 vos jalons.<\/li> <li><strong>Options de personnalisation compl\u00e8tes.<\/strong> <br>Modifiez l&rsquo;apparence de votre chronologie en choisissant parmi diff\u00e9rents mod\u00e8les, jeux de couleurs, polices et bien plus encore. Adaptez tout pour qu&rsquo;il corresponde parfaitement \u00e0 l&rsquo;image de marque de votre site Web.<\/li> <li><strong>Processus d&rsquo;int\u00e9gration fluide.<\/strong> <br>Ajoutez simplement le code HTML \u00e0 votre site Elementor et votre chronologie sera mise en ligne en quelques clics. Aucun probl\u00e8me technique : c&rsquo;est simple et rapide.<\/li> <li><strong>Support client d\u00e9di\u00e9.<\/strong> <br>Si vous avez besoin d&rsquo;aide, notre \u00e9quipe d&rsquo;assistance est l\u00e0 pour vous aider. Nous nous engageons \u00e0 garantir que votre chronologie fonctionne correctement sur votre site Web Elementor.<\/li> <\/ul> <p><b>Commencez \u00e0 utiliser la chronologie Elementor d&rsquo;Elfsight pour engager vos visiteurs et pr\u00e9senter vos jalons avec style\u00a0!<\/b><\/p> <\/div><div class=\"application-platform-content-item-features application-platform-content-item\" id=\"features\" data-nav-section=\"features\"><h2>Ce que vous pouvez faire avec la chronologie Elementor<\/h2> <ul> <li><strong>Engager visuellement vos visiteurs.<\/strong><br>Pr\u00e9sentez votre historique, vos jalons ou la progression de votre produit de mani\u00e8re interactive et visuellement attrayante. Une chronologie permet de d\u00e9composer des informations complexes et permet aux visiteurs de comprendre plus facilement votre parcours en un coup d&rsquo;\u0153il.<\/li> <li><strong>Mettez en \u00e9vidence les \u00e9tapes et les r\u00e9alisations.<\/strong> <br>Des lancements de produits aux \u00e9tapes importantes de l&rsquo;entreprise, utilisez la chronologie pour offrir une vue chronologique des \u00e9v\u00e9nements et des \u00e9tapes cl\u00e9s. Il tient les visiteurs inform\u00e9s et les encourage \u00e0 explorer vos progr\u00e8s.<\/li> <li><strong>Pr\u00e9sentez vos r\u00e9ussites.<\/strong><br>Mettez en \u00e9vidence les r\u00e9alisations ou les \u00e9v\u00e9nements les plus importants de votre chronologie. Pr\u00e9sentez-les dans un format visuellement organis\u00e9 qui permet aux utilisateurs de suivre et d&rsquo;appr\u00e9cier facilement vos r\u00e9alisations.<\/li> <\/ul> <p><a href=\"#demo\">Essayez l&rsquo;\u00e9diteur pour voir toutes les options disponibles.<\/a><\/p> <\/div><div class=\"application-platform-content-item-installation application-platform-content-item\" id=\"installation\" data-nav-section=\"installation\"><h2>Comment ajouter une chronologie \u00e0 Elementor<\/h2> <p>Int\u00e9grer la chronologie d&rsquo;Elementor sur votre site Web est simple et ne n\u00e9cessite pas de codage. Suivez simplement ces \u00e9tapes simples pour commencer\u00a0:<\/p> <ol> <li><b>G\u00e9rez notre configurateur et commencez \u00e0 cr\u00e9er votre propre plugin sans code.<\/b><br> Choisissez l&rsquo;apparence et les fonctionnalit\u00e9s personnalis\u00e9es de l&rsquo;application et impl\u00e9mentez les modifications.<\/li> <li><b>Recevez le code d&rsquo;int\u00e9gration personnel apparaissant dans la fen\u00eatre des applications Elfsight.<\/b><br> Une fois la configuration termin\u00e9e, copiez le code personnel dans la fen\u00eatre contextuelle qui appara\u00eet et conservez-le pour une utilisation ult\u00e9rieure.<\/li> <li><b>Commencez \u00e0 impl\u00e9menter le plugin sur les pages Elementor.<\/b><br> Ins\u00e9rez le code pr\u00e9c\u00e9demment enregistr\u00e9 dans votre page Web et appliquez les modifications.<\/li> <li><b>Termin\u00e9\u00a0! L&rsquo;int\u00e9gration de votre plugin sans code est enti\u00e8rement effectu\u00e9e.<\/b><br> Visitez votre site Web pour voir les performances de l&rsquo;affichage chronologique am\u00e9lior\u00e9.<\/li> <\/ol> <p>Pour des instructions d\u00e9taill\u00e9es, consultez notre guide sur <a href=\"https:\/\/elfsight.com\/blog\/how-to-embed-timeline-to-website\/\" target=\"_blank\" rel=\"noopener\">comment cr\u00e9er une chronologie personnalis\u00e9e sur un site Web<\/a>.<\/p> <\/div><div class=\"faq\" data-component=\"FAQ\"> <div class=\"faq-item\">\r\n\t\t\t\t\t<div class=\"faq-item-question\">\r\n\t\t\t\t\t\t<h3 class=\"faq-item-question-text\">Le widget Timeline pour Elementor est-il gratuit ?<\/h3>\r\n\r\n\t\t\t\t\t\t<div class=\"faq-item-question-icon\"><\/div>\r\n\t\t\t\t\t<\/div>\r\n\r\n\t\t\t\t\t<div class=\"faq-item-answer\">\r\n\t\t\t\t\t\t<div class=\"faq-item-answer-text\"> Oui, Elfsight propose un plan d&rsquo;abonnement flexible, comprenant une version gratuite. Vous pouvez utiliser gratuitement le widget Elementor Timeline avec acc\u00e8s aux fonctionnalit\u00e9s de base, tandis que des forfaits payants sont disponibles pour des options de personnalisation avanc\u00e9es. <\/div>\r\n\t\t\t\t\t<\/div>\r\n\t\t\t\t<\/div> <div class=\"faq-item\">\r\n\t\t\t\t\t<div class=\"faq-item-question\">\r\n\t\t\t\t\t\t<h3 class=\"faq-item-question-text\">Ai-je besoin de comp\u00e9tences en codage pour utiliser le widget Timeline ?<\/h3>\r\n\r\n\t\t\t\t\t\t<div class=\"faq-item-question-icon\"><\/div>\r\n\t\t\t\t\t<\/div>\r\n\r\n\t\t\t\t\t<div class=\"faq-item-answer\">\r\n\t\t\t\t\t\t<div class=\"faq-item-answer-text\"> Non, le g\u00e9n\u00e9rateur Elementor Timeline d&rsquo;Elfsight ne n\u00e9cessite aucune expertise en codage. Vous pouvez cr\u00e9er et personnaliser votre chronologie \u00e0 l\u2019aide de l\u2019\u00e9diteur convivial par glisser-d\u00e9poser. <\/div>\r\n\t\t\t\t\t<\/div>\r\n\t\t\t\t<\/div> <div class=\"faq-item\">\r\n\t\t\t\t\t<div class=\"faq-item-question\">\r\n\t\t\t\t\t\t<h3 class=\"faq-item-question-text\">Comment puis-je ajouter une chronologie interactive \u00e0 Elementor ?<\/h3>\r\n\r\n\t\t\t\t\t\t<div class=\"faq-item-question-icon\"><\/div>\r\n\t\t\t\t\t<\/div>\r\n\r\n\t\t\t\t\t<div class=\"faq-item-answer\">\r\n\t\t\t\t\t\t<div class=\"faq-item-answer-text\"> Choisissez un mod\u00e8le dans l&rsquo;\u00e9diteur, personnalisez-le \u00e0 votre guise et int\u00e9grez la chronologie sur votre site Elementor \u00e0 l&rsquo;aide du code HTML unique fourni. <\/div>\r\n\t\t\t\t\t<\/div>\r\n\t\t\t\t<\/div> <div class=\"faq-item\">\r\n\t\t\t\t\t<div class=\"faq-item-question\">\r\n\t\t\t\t\t\t<h3 class=\"faq-item-question-text\">Quels types de chronologies puis-je cr\u00e9er ?<\/h3>\r\n\r\n\t\t\t\t\t\t<div class=\"faq-item-question-icon\"><\/div>\r\n\t\t\t\t\t<\/div>\r\n\r\n\t\t\t\t\t<div class=\"faq-item-answer\">\r\n\t\t\t\t\t\t<div class=\"faq-item-answer-text\"><p>Vous pouvez concevoir une vari\u00e9t\u00e9 de chronologies pour votre site Elementor, telles que\u00a0:<\/p> <ul> <li><strong>Historique de l&rsquo;entreprise<\/strong>\u00a0: affichez le parcours de votre entreprise au fil du temps, avec les \u00e9tapes cl\u00e9s et les \u00e9v\u00e9nements majeurs.<\/li> <li><strong>D\u00e9veloppement de produits<\/strong>\u00a0: montrez les \u00e9tapes de l&rsquo;\u00e9volution de votre produit, du concept au lancement, en d\u00e9crivant les principales phases.<\/li> <li><strong>Phases du projet<\/strong>\u00a0: suivez et mettez en \u00e9vidence les diff\u00e9rentes phases de vos projets en cours ou termin\u00e9s.<\/li> <li><strong>Calendriers des \u00e9v\u00e9nements<\/strong>\u00a0: fournissez des calendriers d\u00e9taill\u00e9s pour les \u00e9v\u00e9nements, les lancements de produits ou les promotions, en offrant toutes les informations n\u00e9cessaires dans un seul endroit pratique.<\/li> <\/ul> <\/div>\r\n\t\t\t\t\t<\/div>\r\n\t\t\t\t<\/div> <\/div>","protected":false},"excerpt":{"rendered":"","protected":false},"author":9,"featured_media":0,"parent":16251,"menu_order":0,"comment_status":"closed","ping_status":"closed","template":"templates\/template-application-platform.php","meta":{"publish_to_discourse":"","publish_post_category":"","wpdc_auto_publish_overridden":"","wpdc_topic_tags":"","wpdc_pin_topic":"","wpdc_pin_until":"","discourse_post_id":"","discourse_permalink":"","wpdc_publishing_response":"","wpdc_publishing_error":"","footnotes":""},"class_list":["post-16302","page","type-page","status-publish","hentry"],"yoast_head":"<!-- This site is optimized with the Yoast SEO plugin v25.3.1 - https:\/\/yoast.com\/wordpress\/plugins\/seo\/ -->\n<title>Elementor Timeline - Ajouter une chronologie interactive au site Web (gratuit)<\/title>\n<meta name=\"description\" content=\"Ajoutez gratuitement une chronologie Elementor personnalis\u00e9e. Pr\u00e9sentez vos progr\u00e8s, vos \u00e9v\u00e9nements cl\u00e9s et vos jalons avec le widget de chronologie interactive d&#039;Elfsight. Aucun codage n\u00e9cessaire.\" \/>\n<meta name=\"robots\" content=\"index, follow, max-snippet:-1, max-image-preview:large, max-video-preview:-1\" \/>\n<link rel=\"canonical\" href=\"https:\/\/elfsight.com\/fr\/timeline-widget\/elementor\/\" \/>\n<meta property=\"og:locale\" content=\"fr_FR\" \/>\n<meta property=\"og:type\" content=\"article\" \/>\n<meta property=\"og:title\" content=\"Elementor Timeline - Ajouter une chronologie interactive au site Web (gratuit)\" \/>\n<meta property=\"og:description\" content=\"Ajoutez gratuitement une chronologie Elementor personnalis\u00e9e. Pr\u00e9sentez vos progr\u00e8s, vos \u00e9v\u00e9nements cl\u00e9s et vos jalons avec le widget de chronologie interactive d&#039;Elfsight. Aucun codage n\u00e9cessaire.\" \/>\n<meta property=\"og:url\" content=\"https:\/\/elfsight.com\/fr\/timeline-widget\/elementor\/\" \/>\n<meta property=\"og:site_name\" content=\"Elfsight FR\" \/>\n<meta property=\"article:modified_time\" content=\"2025-07-10T13:53:13+00:00\" \/>\n<meta name=\"twitter:card\" content=\"summary_large_image\" \/>\n<meta name=\"twitter:label1\" content=\"Dur\u00e9e de lecture estim\u00e9e\" \/>\n\t<meta name=\"twitter:data1\" content=\"4 minutes\" \/>\n<!-- \/ Yoast SEO plugin. -->","yoast_head_json":{"title":"Elementor Timeline - Ajouter une chronologie interactive au site Web (gratuit)","description":"Ajoutez gratuitement une chronologie Elementor personnalis\u00e9e. Pr\u00e9sentez vos progr\u00e8s, vos \u00e9v\u00e9nements cl\u00e9s et vos jalons avec le widget de chronologie interactive d'Elfsight. Aucun codage n\u00e9cessaire.","robots":{"index":"index","follow":"follow","max-snippet":"max-snippet:-1","max-image-preview":"max-image-preview:large","max-video-preview":"max-video-preview:-1"},"canonical":"https:\/\/elfsight.com\/fr\/timeline-widget\/elementor\/","og_locale":"fr_FR","og_type":"article","og_title":"Elementor Timeline - Ajouter une chronologie interactive au site Web (gratuit)","og_description":"Ajoutez gratuitement une chronologie Elementor personnalis\u00e9e. Pr\u00e9sentez vos progr\u00e8s, vos \u00e9v\u00e9nements cl\u00e9s et vos jalons avec le widget de chronologie interactive d'Elfsight. Aucun codage n\u00e9cessaire.","og_url":"https:\/\/elfsight.com\/fr\/timeline-widget\/elementor\/","og_site_name":"Elfsight FR","article_modified_time":"2025-07-10T13:53:13+00:00","twitter_card":"summary_large_image","twitter_misc":{"Dur\u00e9e de lecture estim\u00e9e":"4 minutes"},"schema":{"@context":"https:\/\/schema.org","@graph":[{"@type":"WebPage","@id":"https:\/\/elfsight.com\/fr\/timeline-widget\/elementor\/","url":"https:\/\/elfsight.com\/fr\/timeline-widget\/elementor\/","name":"Elementor Timeline - Ajouter une chronologie interactive au site Web (gratuit)","isPartOf":{"@id":"https:\/\/elfsight.com\/fr\/#website"},"datePublished":"2024-06-13T07:49:44+00:00","dateModified":"2025-07-10T13:53:13+00:00","description":"Ajoutez gratuitement une chronologie Elementor personnalis\u00e9e. Pr\u00e9sentez vos progr\u00e8s, vos \u00e9v\u00e9nements cl\u00e9s et vos jalons avec le widget de chronologie interactive d'Elfsight. Aucun codage n\u00e9cessaire.","breadcrumb":{"@id":"https:\/\/elfsight.com\/fr\/timeline-widget\/elementor\/#breadcrumb"},"inLanguage":"fr-FR","potentialAction":[{"@type":"ReadAction","target":["https:\/\/elfsight.com\/fr\/timeline-widget\/elementor\/"]}]},{"@type":"BreadcrumbList","@id":"https:\/\/elfsight.com\/fr\/timeline-widget\/elementor\/#breadcrumb","itemListElement":[{"@type":"ListItem","position":1,"name":"Home","item":"https:\/\/elfsight.com\/fr\/"},{"@type":"ListItem","position":2,"name":"Timeline","item":"https:\/\/elfsight.com\/fr\/timeline-widget\/"},{"@type":"ListItem","position":3,"name":"Timeline &#8211; Elementor"}]},{"@type":"WebSite","@id":"https:\/\/elfsight.com\/fr\/#website","url":"https:\/\/elfsight.com\/fr\/","name":"Elfsight FR","description":"","potentialAction":[{"@type":"SearchAction","target":{"@type":"EntryPoint","urlTemplate":"https:\/\/elfsight.com\/fr\/?s={search_term_string}"},"query-input":{"@type":"PropertyValueSpecification","valueRequired":true,"valueName":"search_term_string"}}],"inLanguage":"fr-FR"}]}},"meta_box":{"industry":"","seo_heading":"","heading":"","description":"","cta_heading":"","cta_description":"","application":"16250","h1":"Widget de chronologie pour Elementor","h1_caption":"Affichez une chronologie attrayante pour mettre en \u00e9vidence vos \u00e9tapes cl\u00e9s, pr\u00e9senter votre histoire ou vos \u00e9v\u00e9nements avec une chronologie interactive sur Elementor","application_category":[],"applications_title":"","applications_request_title":"","applications_request_button_text":"","hero_text":"","hero_video":"","hero_video_schema_markup":"","selling_points_title":"","selling_points_caption":"","selling_points":[],"selling_points_cta_text":"","features_title":"","features":"","ed_cta_examples_text":"","ed_cta_examples_hidden":"","ed_cta_demo_text":"","ed_cta_demo_hidden":"","why_caption":"","why_editor_title":"","why_editor_text":"","why_team_title":"","why_team_text":"","why_service_title":"","why_service_text":"","template_catalog_visible":"","template_catalog_title":"","template_catalog_text":"","template_catalog_categories_visible":"","demo_title":"Cr\u00e9ez votre widget Elementor Timeline","demo_caption":"Personnalisez votre chronologie et ajoutez-la \u00e0 votre site Web en toute simplicit\u00e9\u00a0!","default_faq_hidden":"","app_template_category":[],"platform":"125","template_public_id":"","codecanyon_url":"","codecanyon_item_id":"","codecanyon_price":"","pricing_caption":"","pricing_elfsight_apps_hide_column":"","pricing_elfsight_apps_url":"","pricing_codecanyon_price_caption":"","integration_category":[],"integration_request_title":"","integration_request_cta":"","integration_platform":"","integrations":[],"platform_category":[],"video_schema_markup":"","price":"\u00e0 partir de 0$ \/ mois","trial":"","benefits":[],"button_url":"#demo","button_target_blank":"0","button_nofollow":"0","attributes":[{"name":"Installations","content":"50,000 - 100,000","_state":"expanded"},{"name":"Sensible","content":"Oui","_state":"expanded"},{"name":"Navigateurs compatibles","content":"Firefox, Safari, Opera, Chrome, Edge","_state":"expanded"}],"tags":[],"tags_disable_links":"","hide_more_platforms":"","video_object":"","demo_hide_cta":"0","demo_hide_cloud_options":"","pricing_title":"","pricing":[{"pricing_icon":"platform","pricing_title":"Elfsight Apps","pricing_title_caption":"Logiciel multiplateforme adapt\u00e9 \u00e0 n'importe quel site","pricing_price":"\u00e0 partir de 0$ \/ mois","pricing_price_caption":"commencez avec un forfait gratuit","pricing_button_text":"Ajouter au site Web","pricing_button_url":"#demo"}],"related_apps_title":"","related_apps_hidden":"","author":"","image":[],"title":"","job":"","social_networks":[]},"_links":{"self":[{"href":"https:\/\/elfsight.com\/fr\/wp-json\/wp\/v2\/pages\/16302","targetHints":{"allow":["GET"]}}],"collection":[{"href":"https:\/\/elfsight.com\/fr\/wp-json\/wp\/v2\/pages"}],"about":[{"href":"https:\/\/elfsight.com\/fr\/wp-json\/wp\/v2\/types\/page"}],"author":[{"embeddable":true,"href":"https:\/\/elfsight.com\/fr\/wp-json\/wp\/v2\/users\/9"}],"replies":[{"embeddable":true,"href":"https:\/\/elfsight.com\/fr\/wp-json\/wp\/v2\/comments?post=16302"}],"version-history":[{"count":1,"href":"https:\/\/elfsight.com\/fr\/wp-json\/wp\/v2\/pages\/16302\/revisions"}],"predecessor-version":[{"id":16306,"href":"https:\/\/elfsight.com\/fr\/wp-json\/wp\/v2\/pages\/16302\/revisions\/16306"}],"up":[{"embeddable":true,"href":"https:\/\/elfsight.com\/fr\/wp-json\/wp\/v2\/pages\/16251"}],"wp:attachment":[{"href":"https:\/\/elfsight.com\/fr\/wp-json\/wp\/v2\/media?parent=16302"}],"curies":[{"name":"wp","href":"https:\/\/api.w.org\/{rel}","templated":true}]}}