{"id":16300,"date":"2024-06-13T08:49:44","date_gmt":"2024-06-13T08:49:44","guid":{"rendered":"https:\/\/elfsight.com\/fr\/?page_id=16300"},"modified":"2025-07-10T13:53:42","modified_gmt":"2025-07-10T13:53:42","slug":"iframe","status":"publish","type":"page","link":"https:\/\/elfsight.com\/fr\/timeline-widget\/iframe\/","title":{"rendered":"Timeline &#8211; iFrame"},"content":{"rendered":"<div class=\"application-platform-content-item-description application-platform-content-item\" id=\"description\" data-nav-section=\"description\"><h2>Plugin iFrame Timeline<\/h2> <p>Augmentez l&rsquo;engagement sur votre site Web en int\u00e9grant une chronologie enti\u00e8rement personnalisable et interactive. Avec le plugin iFrame Timeline d&rsquo;Elfsight, vous pouvez afficher vos jalons, \u00e9tapes de projet ou \u00e9v\u00e9nements cl\u00e9s sans effort. Que vous partagiez l&rsquo;historique de votre entreprise, suiviez l&rsquo;avancement d&rsquo;un projet ou pr\u00e9sentiez le d\u00e9veloppement de produits, ce plugin facilite la cr\u00e9ation d&rsquo;un calendrier qui correspond \u00e0 vos objectifs. Et le meilleur de tout, aucune comp\u00e9tence en codage n&rsquo;est requise pour commencer\u00a0!<\/p> <ul> <li><b>Cr\u00e9ez des chronologies dynamiques sans codage requis<\/b><br> Concevez et impl\u00e9mentez facilement une chronologie enti\u00e8rement interactive en quelques minutes seulement, sans avoir besoin d&rsquo;aucune connaissance technique.<\/li> <li><b>Options de personnalisation \u00e9tendues<\/b><br> Adaptez l&rsquo;apparence de votre chronologie avec une large gamme de mod\u00e8les, de couleurs, de polices et de param\u00e8tres pour un design personnalis\u00e9.<\/li> <li><b>Int\u00e9gration sans effort<\/b><br> Int\u00e9grez votre chronologie personnalis\u00e9e dans votre site Web compatible iFrame avec un simple code d&rsquo;int\u00e9gration HTML\u00a0\u2013 pas de probl\u00e8mes techniques\u00a0!<\/li> <li><b>Support client r\u00e9actif<\/b><br> Notre \u00e9quipe d&rsquo;assistance experte est disponible pour vous aider \u00e0 chaque \u00e9tape de la configuration, garantissant que votre chronologie fonctionne parfaitement sur votre site.<\/li> <\/ul> <p><b>Essayez iFrame Timeline d&rsquo;Elfsight pour impliquer vos visiteurs. et mettez en valeur vos r\u00e9alisations dans un format \u00e9l\u00e9gant et dynamique\u00a0!<\/b><\/p> <\/div><div class=\"application-platform-content-item-features application-platform-content-item\" id=\"features\" data-nav-section=\"features\"><h2>Ce que vous pouvez faire avec la chronologie iFrame<\/h2> <ul> <li><strong>Engagez visuellement les visiteurs<\/strong><br> Captivez votre public avec une chronologie dynamique et visuellement convaincante qui pr\u00e9sente vos \u00e9tapes cl\u00e9s dans un format simple et interactif.<\/li> <li><strong>Pr\u00e9sentez les progr\u00e8s et les \u00e9v\u00e9nements<\/strong><br> Pr\u00e9sentez vos \u00e9v\u00e9nements ou les \u00e9tapes de votre projet dans un ordre chronologique, ce qui permet aux visiteurs de suivre facilement vos progr\u00e8s et de rester engag\u00e9s.<\/li> <li><strong>Mettez l&rsquo;accent sur les r\u00e9alisations cl\u00e9s<\/strong><br> Mettez en valeur vos \u00e9tapes les plus importantes dans une mise en page claire et facile \u00e0 comprendre qui attire l&rsquo;attention et encourage de nouvelles interactions.<\/li> <\/ul> <p><a href=\"#demo\">Explorez l&rsquo;\u00e9diteur pour d\u00e9couvrir toutes les fonctionnalit\u00e9s de l&rsquo;\u00e9diteur. Widget iFrame Timeline.<\/a><\/p> <\/div><div class=\"application-platform-content-item-installation application-platform-content-item\" id=\"installation\" data-nav-section=\"installation\"><h2>Comment int\u00e9grer une chronologie avec iFrame<\/h2> <p>L&rsquo;int\u00e9gration du widget iFrame Timeline dans votre site Web est simple et ne n\u00e9cessite aucune expertise technique. Suivez simplement ces \u00e9tapes simples\u00a0:<\/p> <ol> <li><b>Cr\u00e9ez votre chronologie iFrame personnalis\u00e9e<\/b><br> Choisissez un mod\u00e8le dans l&rsquo;\u00e9diteur et personnalisez-le en fonction du style et des exigences de votre site Web. Ajoutez des jalons et ajustez le design en fonction de votre marque.<\/li> <li><b>Obtenez votre code d&rsquo;int\u00e9gration unique<\/b><br> Une fois que vous aurez fini de personnaliser votre chronologie, vous recevrez un code d&rsquo;int\u00e9gration HTML unique. Copiez ce code pour l&rsquo;utiliser plus tard.<\/li> <li><b>Int\u00e9grez le code dans votre page Web<\/b><br> Collez le code HTML dans la section appropri\u00e9e de votre page Web et enregistrez vos modifications. Votre chronologie sera en ligne et pr\u00eate \u00e0 engager vos visiteurs\u00a0!<\/li> <li><b>Termin\u00e9\u00a0! Profitez de votre nouvelle chronologie interactive\u00a0!<\/b><br> Consultez votre site pour voir la chronologie en action et commencez \u00e0 interagir avec vos visiteurs d&rsquo;une mani\u00e8re engageante et visuellement attrayante\u00a0!<\/li> <\/ol> <p>Pour des instructions d\u00e9taill\u00e9es, visitez notre guide complet sur <a href=\"https:\/\/elfsight.com\/blog\/how-to-embed-timeline-to-website\/\" target=\"_blank\" rel=\"noopener\">comment cr\u00e9er et int\u00e9grer une chronologie sur votre site Web<\/a>.<\/p> <\/div><div class=\"faq\" data-component=\"FAQ\"> <div class=\"faq-item\">\r\n\t\t\t\t\t<div class=\"faq-item-question\">\r\n\t\t\t\t\t\t<h3 class=\"faq-item-question-text\">Le widget Timeline pour iFrame est-il gratuit ?<\/h3>\r\n\r\n\t\t\t\t\t\t<div class=\"faq-item-question-icon\"><\/div>\r\n\t\t\t\t\t<\/div>\r\n\r\n\t\t\t\t\t<div class=\"faq-item-answer\">\r\n\t\t\t\t\t\t<div class=\"faq-item-answer-text\"> Oui, Elfsight propose un mod\u00e8le d&rsquo;abonnement avec un forfait gratuit. Vous pouvez acc\u00e9der gratuitement aux fonctionnalit\u00e9s de base du widget iFrame Timeline, avec davantage d&rsquo;options de personnalisation disponibles via les forfaits premium. <\/div>\r\n\t\t\t\t\t<\/div>\r\n\t\t\t\t<\/div><div class=\"faq-item\">\r\n\t\t\t\t\t<div class=\"faq-item-question\">\r\n\t\t\t\t\t\t<h3 class=\"faq-item-question-text\">Dois-je avoir des comp\u00e9tences en codage pour utiliser le widget Timeline ?<\/h3>\r\n\r\n\t\t\t\t\t\t<div class=\"faq-item-question-icon\"><\/div>\r\n\t\t\t\t\t<\/div>\r\n\r\n\t\t\t\t\t<div class=\"faq-item-answer\">\r\n\t\t\t\t\t\t<div class=\"faq-item-answer-text\"> Non, le g\u00e9n\u00e9rateur iFrame Timeline d&rsquo;Elfsight est con\u00e7u pour \u00eatre convivial, donc aucune comp\u00e9tence en codage n&rsquo;est requise. Utilisez simplement notre \u00e9diteur intuitif pour cr\u00e9er et personnaliser votre chronologie. <\/div>\r\n\t\t\t\t\t<\/div>\r\n\t\t\t\t<\/div><div class=\"faq-item\">\r\n\t\t\t\t\t<div class=\"faq-item-question\">\r\n\t\t\t\t\t\t<h3 class=\"faq-item-question-text\">Comment puis-je cr\u00e9er une chronologie interactive pour iFrame ?<\/h3>\r\n\r\n\t\t\t\t\t\t<div class=\"faq-item-question-icon\"><\/div>\r\n\t\t\t\t\t<\/div>\r\n\r\n\t\t\t\t\t<div class=\"faq-item-answer\">\r\n\t\t\t\t\t\t<div class=\"faq-item-answer-text\"> S\u00e9lectionnez un mod\u00e8le dans l&rsquo;\u00e9diteur, personnalisez-le en fonction de vos besoins et int\u00e9grez la chronologie \u00e0 l&rsquo;aide du code HTML fourni. <\/div>\r\n\t\t\t\t\t<\/div>\r\n\t\t\t\t<\/div><div class=\"faq-item\">\r\n\t\t\t\t\t<div class=\"faq-item-question\">\r\n\t\t\t\t\t\t<h3 class=\"faq-item-question-text\">Quels types de d\u00e9lais puis-je cr\u00e9er ?<\/h3>\r\n\r\n\t\t\t\t\t\t<div class=\"faq-item-question-icon\"><\/div>\r\n\t\t\t\t\t<\/div>\r\n\r\n\t\t\t\t\t<div class=\"faq-item-answer\">\r\n\t\t\t\t\t\t<div class=\"faq-item-answer-text\"> Vous pouvez cr\u00e9er diff\u00e9rents types de d\u00e9lais pour votre site Web compatible iFrame, tels que\u00a0:<ul> <li><strong>Historique de l&rsquo;entreprise<\/strong>\u00a0: pr\u00e9sentez la croissance et les \u00e9tapes importantes de votre entreprise.<\/li> <li><strong>D\u00e9veloppement de produits<\/strong>\u00a0: pr\u00e9sentez le parcours de votre produit depuis sa cr\u00e9ation jusqu&rsquo;\u00e0 son lancement.<\/li> <li><strong>Progression du projet<\/strong>\u00a0: suivez et affichez les \u00e9tapes de vos projets en cours ou termin\u00e9s.<\/li> <li><strong>Calendriers d&rsquo;\u00e9v\u00e9nements<\/strong>\u00a0: mettez en surbrillance les \u00e9v\u00e9nements ou lancements importants dans un format de chronologie simple et facile \u00e0 suivre.<\/li> <\/ul> <\/div>\r\n\t\t\t\t\t<\/div>\r\n\t\t\t\t<\/div> <\/div>","protected":false},"excerpt":{"rendered":"","protected":false},"author":9,"featured_media":0,"parent":16251,"menu_order":0,"comment_status":"closed","ping_status":"closed","template":"templates\/template-application-platform.php","meta":{"publish_to_discourse":"","publish_post_category":"","wpdc_auto_publish_overridden":"","wpdc_topic_tags":"","wpdc_pin_topic":"","wpdc_pin_until":"","discourse_post_id":"","discourse_permalink":"","wpdc_publishing_response":"","wpdc_publishing_error":"","footnotes":""},"class_list":["post-16300","page","type-page","status-publish","hentry"],"yoast_head":"<!-- This site is optimized with the Yoast SEO plugin v25.3.1 - https:\/\/yoast.com\/wordpress\/plugins\/seo\/ -->\n<title>Widget Chronologie - Int\u00e9grer la ligne d&#039;historique sur le site Web iFrame | Gratuit<\/title>\n<meta name=\"description\" content=\"Ajoutez une chronologie r\u00e9active \u00e0 votre site Web iFrame. Pr\u00e9sentez les jalons, les progr\u00e8s et les \u00e9v\u00e9nements cl\u00e9s dans un format dynamique avec le plugin Timeline d&#039;Elfsight.\" \/>\n<meta name=\"robots\" content=\"index, follow, max-snippet:-1, max-image-preview:large, max-video-preview:-1\" \/>\n<link rel=\"canonical\" href=\"https:\/\/elfsight.com\/fr\/timeline-widget\/iframe\/\" \/>\n<meta property=\"og:locale\" content=\"fr_FR\" \/>\n<meta property=\"og:type\" content=\"article\" \/>\n<meta property=\"og:title\" content=\"Widget Chronologie - Int\u00e9grer la ligne d&#039;historique sur le site Web iFrame | Gratuit\" \/>\n<meta property=\"og:description\" content=\"Ajoutez une chronologie r\u00e9active \u00e0 votre site Web iFrame. Pr\u00e9sentez les jalons, les progr\u00e8s et les \u00e9v\u00e9nements cl\u00e9s dans un format dynamique avec le plugin Timeline d&#039;Elfsight.\" \/>\n<meta property=\"og:url\" content=\"https:\/\/elfsight.com\/fr\/timeline-widget\/iframe\/\" \/>\n<meta property=\"og:site_name\" content=\"Elfsight FR\" \/>\n<meta property=\"article:modified_time\" content=\"2025-07-10T13:53:42+00:00\" \/>\n<meta name=\"twitter:card\" content=\"summary_large_image\" \/>\n<meta name=\"twitter:label1\" content=\"Dur\u00e9e de lecture estim\u00e9e\" \/>\n\t<meta name=\"twitter:data1\" content=\"4 minutes\" \/>\n<!-- \/ Yoast SEO plugin. -->","yoast_head_json":{"title":"Widget Chronologie - Int\u00e9grer la ligne d'historique sur le site Web iFrame | Gratuit","description":"Ajoutez une chronologie r\u00e9active \u00e0 votre site Web iFrame. Pr\u00e9sentez les jalons, les progr\u00e8s et les \u00e9v\u00e9nements cl\u00e9s dans un format dynamique avec le plugin Timeline d'Elfsight.","robots":{"index":"index","follow":"follow","max-snippet":"max-snippet:-1","max-image-preview":"max-image-preview:large","max-video-preview":"max-video-preview:-1"},"canonical":"https:\/\/elfsight.com\/fr\/timeline-widget\/iframe\/","og_locale":"fr_FR","og_type":"article","og_title":"Widget Chronologie - Int\u00e9grer la ligne d'historique sur le site Web iFrame | Gratuit","og_description":"Ajoutez une chronologie r\u00e9active \u00e0 votre site Web iFrame. Pr\u00e9sentez les jalons, les progr\u00e8s et les \u00e9v\u00e9nements cl\u00e9s dans un format dynamique avec le plugin Timeline d'Elfsight.","og_url":"https:\/\/elfsight.com\/fr\/timeline-widget\/iframe\/","og_site_name":"Elfsight FR","article_modified_time":"2025-07-10T13:53:42+00:00","twitter_card":"summary_large_image","twitter_misc":{"Dur\u00e9e de lecture estim\u00e9e":"4 minutes"},"schema":{"@context":"https:\/\/schema.org","@graph":[{"@type":"WebPage","@id":"https:\/\/elfsight.com\/fr\/timeline-widget\/iframe\/","url":"https:\/\/elfsight.com\/fr\/timeline-widget\/iframe\/","name":"Widget Chronologie - Int\u00e9grer la ligne d'historique sur le site Web iFrame | Gratuit","isPartOf":{"@id":"https:\/\/elfsight.com\/fr\/#website"},"datePublished":"2024-06-13T08:49:44+00:00","dateModified":"2025-07-10T13:53:42+00:00","description":"Ajoutez une chronologie r\u00e9active \u00e0 votre site Web iFrame. Pr\u00e9sentez les jalons, les progr\u00e8s et les \u00e9v\u00e9nements cl\u00e9s dans un format dynamique avec le plugin Timeline d'Elfsight.","breadcrumb":{"@id":"https:\/\/elfsight.com\/fr\/timeline-widget\/iframe\/#breadcrumb"},"inLanguage":"fr-FR","potentialAction":[{"@type":"ReadAction","target":["https:\/\/elfsight.com\/fr\/timeline-widget\/iframe\/"]}]},{"@type":"BreadcrumbList","@id":"https:\/\/elfsight.com\/fr\/timeline-widget\/iframe\/#breadcrumb","itemListElement":[{"@type":"ListItem","position":1,"name":"Home","item":"https:\/\/elfsight.com\/fr\/"},{"@type":"ListItem","position":2,"name":"Timeline","item":"https:\/\/elfsight.com\/fr\/timeline-widget\/"},{"@type":"ListItem","position":3,"name":"Timeline &#8211; iFrame"}]},{"@type":"WebSite","@id":"https:\/\/elfsight.com\/fr\/#website","url":"https:\/\/elfsight.com\/fr\/","name":"Elfsight FR","description":"","potentialAction":[{"@type":"SearchAction","target":{"@type":"EntryPoint","urlTemplate":"https:\/\/elfsight.com\/fr\/?s={search_term_string}"},"query-input":{"@type":"PropertyValueSpecification","valueRequired":true,"valueName":"search_term_string"}}],"inLanguage":"fr-FR"}]}},"meta_box":{"industry":"","seo_heading":"","heading":"","description":"","cta_heading":"","cta_description":"","application":"16250","h1":"Plugin de chronologie pour iFrame","h1_caption":"Affichez une chronologie interactive et attrayante des \u00e9v\u00e9nements pour mettre en \u00e9vidence les \u00e9tapes cl\u00e9s, les \u00e9tapes du projet ou les lignes historiques sur votre site Web iFrame.","application_category":[],"applications_title":"","applications_request_title":"","applications_request_button_text":"","hero_text":"","hero_video":"","hero_video_schema_markup":"","selling_points_title":"","selling_points_caption":"","selling_points":[],"selling_points_cta_text":"","features_title":"","features":"","ed_cta_examples_text":"","ed_cta_examples_hidden":"","ed_cta_demo_text":"","ed_cta_demo_hidden":"","why_caption":"","why_editor_title":"","why_editor_text":"","why_team_title":"","why_team_text":"","why_service_title":"","why_service_text":"","template_catalog_visible":"0","template_catalog_title":"","template_catalog_text":"","template_catalog_categories_visible":"","demo_title":"Cr\u00e9ez votre plugin iFrame Timeline","demo_caption":"Personnalisez votre chronologie et ajoutez-la \u00e0 votre site Web en toute simplicit\u00e9\u00a0!","default_faq_hidden":"","app_template_category":[],"platform":"2388","template_public_id":"","codecanyon_url":"","codecanyon_item_id":"","codecanyon_price":"","pricing_caption":"","pricing_elfsight_apps_hide_column":"","pricing_elfsight_apps_url":"","pricing_codecanyon_price_caption":"","integration_category":[],"integration_request_title":"","integration_request_cta":"","integration_platform":"","integrations":[],"platform_category":[],"video_schema_markup":"","price":"\u00e0 partir de 0$ \/ mois","trial":"","benefits":[],"button_url":"#demo","button_target_blank":"0","button_nofollow":"0","attributes":[{"name":"Installations","content":"50,000 - 100,000","_state":"expanded"},{"name":"Sensible","content":"Oui","_state":"expanded"},{"name":"Navigateurs compatibles","content":"Firefox, Safari, Opera, Chrome, Edge","_state":"expanded"}],"tags":[],"tags_disable_links":"0","hide_more_platforms":"0","video_object":"","demo_hide_cta":"0","demo_hide_cloud_options":"0","pricing_title":"","pricing":[{"pricing_icon":"platform","pricing_title":"Elfsight Apps","pricing_title_caption":"Logiciel multiplateforme adapt\u00e9 \u00e0 n'importe quel site","pricing_price":"\u00e0 partir de 0$ \/ mois","pricing_price_caption":"commencez avec un forfait gratuit","pricing_button_text":"Ajouter au site Web","pricing_button_url":"#demo"}],"related_apps_title":"","related_apps_hidden":"0","author":"","image":[],"title":"","job":"","social_networks":[]},"_links":{"self":[{"href":"https:\/\/elfsight.com\/fr\/wp-json\/wp\/v2\/pages\/16300","targetHints":{"allow":["GET"]}}],"collection":[{"href":"https:\/\/elfsight.com\/fr\/wp-json\/wp\/v2\/pages"}],"about":[{"href":"https:\/\/elfsight.com\/fr\/wp-json\/wp\/v2\/types\/page"}],"author":[{"embeddable":true,"href":"https:\/\/elfsight.com\/fr\/wp-json\/wp\/v2\/users\/9"}],"replies":[{"embeddable":true,"href":"https:\/\/elfsight.com\/fr\/wp-json\/wp\/v2\/comments?post=16300"}],"version-history":[{"count":1,"href":"https:\/\/elfsight.com\/fr\/wp-json\/wp\/v2\/pages\/16300\/revisions"}],"predecessor-version":[{"id":16304,"href":"https:\/\/elfsight.com\/fr\/wp-json\/wp\/v2\/pages\/16300\/revisions\/16304"}],"up":[{"embeddable":true,"href":"https:\/\/elfsight.com\/fr\/wp-json\/wp\/v2\/pages\/16251"}],"wp:attachment":[{"href":"https:\/\/elfsight.com\/fr\/wp-json\/wp\/v2\/media?parent=16300"}],"curies":[{"name":"wp","href":"https:\/\/api.w.org\/{rel}","templated":true}]}}