{"id":16295,"date":"2024-06-13T08:49:44","date_gmt":"2024-06-13T08:49:44","guid":{"rendered":"https:\/\/elfsight.com\/fr\/?page_id=16295"},"modified":"2025-06-17T15:44:27","modified_gmt":"2025-06-17T15:44:27","slug":"joomla","status":"publish","type":"page","link":"https:\/\/elfsight.com\/fr\/timeline-widget\/joomla\/","title":{"rendered":"Timeline &#8211; Joomla"},"content":{"rendered":"<div class=\"application-platform-content-item-description application-platform-content-item\" id=\"description\" data-nav-section=\"description\"><h2>Plugin de chronologie Joomla<\/h2> <p>Am\u00e9liorez votre site Web Joomla en ajoutant une chronologie dynamique et personnalisable. Avec le plugin Timeline d&rsquo;Elfsight, vous pouvez afficher sans effort vos jalons, \u00e9v\u00e9nements importants ou \u00e9tapes de projet dans un format visuellement attrayant. Que vous pr\u00e9sentiez l&rsquo;historique de votre entreprise, d\u00e9tailliez les phases d&rsquo;un projet ou mettiez en \u00e9vidence le d\u00e9veloppement de produits, ce plugin fournit un moyen simple de cr\u00e9er une feuille de route interactive sans aucune comp\u00e9tence en codage requise.<\/p> <ul> <li><b>Cr\u00e9ez des chronologies interactives sans codage<\/b><br> Concevez et lancez une chronologie enti\u00e8rement fonctionnelle en quelques minutes seulement\u00a0; aucune connaissance technique n&rsquo;est requise, vous permettant de commencer \u00e0 engager vos visiteurs imm\u00e9diatement.<\/li> <li><b>Options de personnalisation avanc\u00e9es<\/b><br> Personnalisez votre Conception et mise en page de la chronologie avec une vari\u00e9t\u00e9 de mod\u00e8les, de couleurs, de polices et de param\u00e8tres pour correspondre au style de votre marque.<\/li> <li><b>Processus d&rsquo;int\u00e9gration transparent<\/b><br> Int\u00e9grez votre chronologie sans effort dans votre site Joomla avec un simple code d&rsquo;int\u00e9gration HTML, sans tracas technique.<\/li> <li><b>Support client r\u00e9actif<\/b><br> Notre \u00e9quipe d&rsquo;assistance d\u00e9di\u00e9e est toujours pr\u00eate \u00e0 vous aider avec la configuration, garantissant que votre chronologie fonctionne parfaitement sur votre site Joomla.<\/li> <\/ul> <p><b>Commencez \u00e0 utiliser le widget Elfsight Joomla Timeline d\u00e8s aujourd&rsquo;hui pour captiver vos visiteurs et pr\u00e9senter vos r\u00e9alisations de mani\u00e8re interactive\u00a0!<\/b><\/p> <\/div><div class=\"application-platform-content-item-features application-platform-content-item\" id=\"features\" data-nav-section=\"features\"><h2>Fonctionnalit\u00e9s du plugin Joomla Timeline<\/h2> <ul> <li><strong>Engagez vos visiteurs visuellement<\/strong><br> Attirez l&rsquo;attention sur vos jalons et \u00e9v\u00e9nements avec une chronologie dynamique et visuellement attrayante qui invite votre public \u00e0 explorer davantage votre contenu.<\/li> <li><strong>Pr\u00e9sentez vos progr\u00e8s et vos \u00e9v\u00e9nements<\/strong><br> Affichez vos jalons ou \u00e9tapes de projet dans un ordre chronologique clair, aidant vos visiteurs \u00e0 suivre votre d\u00e9veloppement et \u00e0 rester engag\u00e9s avec votre contenu.<\/li> <li><strong>Soulignez vos principales r\u00e9alisations<\/strong><br> Donnez un accent particulier \u00e0 vos jalons les plus importants, en les pr\u00e9sentant visuellement. format facile \u00e0 suivre qui attire l&rsquo;attention et encourage l&rsquo;interaction.<\/li> <\/ul> <p><a href=\"#demo\">Explorez l&rsquo;\u00e9diteur pour d\u00e9couvrir toutes les fonctionnalit\u00e9s du widget Timeline.<\/a><\/p> <\/div><div class=\"application-platform-content-item-installation application-platform-content-item\" id=\"installation\" data-nav-section=\"installation\"><h2>Comment int\u00e9grer une timeline dans Joomla<\/h2> <p>Ajouter une timeline \u00e0 votre site Web Joomla est rapide et simple. Suivez simplement ces \u00e9tapes simples pour commencer\u00a0:<\/p> <ol> <li><b>Cr\u00e9ez votre chronologie Joomla personnalis\u00e9e<\/b><br> Choisissez un mod\u00e8le dans notre \u00e9diteur, puis personnalisez-le pour qu&rsquo;il corresponde au design de votre site Web. Personnalisez la mise en page, ajoutez des jalons et ajustez les param\u00e8tres en fonction de vos besoins.<\/li> <li><b>Obtenez votre code d&rsquo;int\u00e9gration unique<\/b><br> Une fois votre chronologie personnalis\u00e9e, vous recevrez un code HTML unique. Copiez ce code pour l&rsquo;utiliser plus tard.<\/li> <li><b>Int\u00e9grez le code dans votre site Joomla<\/b><br> Collez le code HTML dans la section appropri\u00e9e de votre page Joomla et enregistrez les modifications. Votre chronologie interactive sera d\u00e9sormais en ligne sur votre site Web\u00a0!<\/li> <li><b>Termin\u00e9\u00a0! Profitez de votre nouvelle chronologie\u00a0!<\/b><br> Visitez votre site pour voir la chronologie en action et commencez \u00e0 engager les visiteurs avec une chronologie visuellement convaincante.<\/li> <\/ol> <p>Pour des instructions plus d\u00e9taill\u00e9es, consultez notre guide complet sur <a href=\"https:\/\/elfsight.com\/blog\/how-to-embed-timeline-to-website\/\" target=\"_blank\" rel=\"noopener\">comment ajouter une chronologie \u00e0 votre Joomla site<\/a>.<\/p> <\/div><div class=\"faq\" data-component=\"FAQ\"> <div class=\"faq-item\">\r\n\t\t\t\t\t<div class=\"faq-item-question\">\r\n\t\t\t\t\t\t<h3 class=\"faq-item-question-text\">Le widget Timeline pour Joomla est-il gratuit ?<\/h3>\r\n\r\n\t\t\t\t\t\t<div class=\"faq-item-question-icon\"><\/div>\r\n\t\t\t\t\t<\/div>\r\n\r\n\t\t\t\t\t<div class=\"faq-item-answer\">\r\n\t\t\t\t\t\t<div class=\"faq-item-answer-text\"> Oui, Elfsight propose un mod\u00e8le d&rsquo;abonnement \u00e0 plusieurs niveaux, qui comprend un plan gratuit. Vous pouvez acc\u00e9der gratuitement aux fonctionnalit\u00e9s de base du widget Joomla Timeline, avec des options de personnalisation suppl\u00e9mentaires disponibles via les forfaits premium. <\/div>\r\n\t\t\t\t\t<\/div>\r\n\t\t\t\t<\/div><div class=\"faq-item\">\r\n\t\t\t\t\t<div class=\"faq-item-question\">\r\n\t\t\t\t\t\t<h3 class=\"faq-item-question-text\">Dois-je avoir des comp\u00e9tences en codage pour utiliser le widget Timeline ?<\/h3>\r\n\r\n\t\t\t\t\t\t<div class=\"faq-item-question-icon\"><\/div>\r\n\t\t\t\t\t<\/div>\r\n\r\n\t\t\t\t\t<div class=\"faq-item-answer\">\r\n\t\t\t\t\t\t<div class=\"faq-item-answer-text\"> Non, le g\u00e9n\u00e9rateur Joomla Timeline d&rsquo;Elfsight est con\u00e7u pour \u00eatre facile \u00e0 utiliser. Vous n\u2019avez besoin d\u2019aucune exp\u00e9rience en codage : utilisez simplement notre \u00e9diteur convivial pour cr\u00e9er et personnaliser votre chronologie. <\/div>\r\n\t\t\t\t\t<\/div>\r\n\t\t\t\t<\/div><div class=\"faq-item\">\r\n\t\t\t\t\t<div class=\"faq-item-question\">\r\n\t\t\t\t\t\t<h3 class=\"faq-item-question-text\">Comment puis-je cr\u00e9er une chronologie interactive pour Joomla ?<\/h3>\r\n\r\n\t\t\t\t\t\t<div class=\"faq-item-question-icon\"><\/div>\r\n\t\t\t\t\t<\/div>\r\n\r\n\t\t\t\t\t<div class=\"faq-item-answer\">\r\n\t\t\t\t\t\t<div class=\"faq-item-answer-text\"> Choisissez simplement un mod\u00e8le dans l&rsquo;\u00e9diteur, personnalisez-le selon vos besoins et int\u00e9grez-le \u00e0 l&rsquo;aide du code HTML fourni. <\/div>\r\n\t\t\t\t\t<\/div>\r\n\t\t\t\t<\/div><div class=\"faq-item\">\r\n\t\t\t\t\t<div class=\"faq-item-question\">\r\n\t\t\t\t\t\t<h3 class=\"faq-item-question-text\">Quels types de d\u00e9lais puis-je cr\u00e9er ?<\/h3>\r\n\r\n\t\t\t\t\t\t<div class=\"faq-item-question-icon\"><\/div>\r\n\t\t\t\t\t<\/div>\r\n\r\n\t\t\t\t\t<div class=\"faq-item-answer\">\r\n\t\t\t\t\t\t<div class=\"faq-item-answer-text\"> Vous pouvez cr\u00e9er diff\u00e9rents d\u00e9lais pour votre site Web Joomla, tels que\u00a0:<ul> <li><strong>Historique de l&rsquo;entreprise<\/strong>\u00a0: pr\u00e9sentez les \u00e9tapes et la croissance de votre entreprise.<\/li> <li><strong>D\u00e9veloppement de produits<\/strong>\u00a0: affichez le parcours de votre produit du concept au lancement.<\/li> <li><strong>Progression du projet<\/strong>\u00a0: suivez et visualisez les \u00e9tapes de votre projet en cours ou termin\u00e9. projets.<\/li> <li><strong>Calendriers d&rsquo;\u00e9v\u00e9nements<\/strong>\u00a0: pr\u00e9sentez les calendriers d&rsquo;\u00e9v\u00e9nements, les lancements de produits ou les programmes de conf\u00e9rences dans un format simple et interactif.<\/li> <\/ul> <\/div>\r\n\t\t\t\t\t<\/div>\r\n\t\t\t\t<\/div> <\/div>","protected":false},"excerpt":{"rendered":"","protected":false},"author":9,"featured_media":0,"parent":16251,"menu_order":0,"comment_status":"closed","ping_status":"closed","template":"templates\/template-application-platform.php","meta":{"publish_to_discourse":"","publish_post_category":"","wpdc_auto_publish_overridden":"","wpdc_topic_tags":"","wpdc_pin_topic":"","wpdc_pin_until":"","discourse_post_id":"","discourse_permalink":"","wpdc_publishing_response":"","wpdc_publishing_error":"","footnotes":""},"class_list":["post-16295","page","type-page","status-publish","hentry"],"yoast_head":"<!-- This site is optimized with the Yoast SEO plugin v25.3.1 - https:\/\/yoast.com\/wordpress\/plugins\/seo\/ -->\n<title>Widget Chronologie - Int\u00e9grer la ligne d&#039;historique sur le site Web Joomla [GRATUIT]<\/title>\n<meta name=\"description\" content=\"Restez \u00e0 l&#039;\u00e9coute de nos prochains plugins et widgets Joomla. D\u00e9couvrez toutes les fonctionnalit\u00e9s du plugin Joomla Timeline que vous pouvez ajouter au site Web.\" \/>\n<meta name=\"robots\" content=\"index, follow, max-snippet:-1, max-image-preview:large, max-video-preview:-1\" \/>\n<link rel=\"canonical\" href=\"https:\/\/elfsight.com\/fr\/timeline-widget\/joomla\/\" \/>\n<meta property=\"og:locale\" content=\"fr_FR\" \/>\n<meta property=\"og:type\" content=\"article\" \/>\n<meta property=\"og:title\" content=\"Widget Chronologie - Int\u00e9grer la ligne d&#039;historique sur le site Web Joomla [GRATUIT]\" \/>\n<meta property=\"og:description\" content=\"Restez \u00e0 l&#039;\u00e9coute de nos prochains plugins et widgets Joomla. D\u00e9couvrez toutes les fonctionnalit\u00e9s du plugin Joomla Timeline que vous pouvez ajouter au site Web.\" \/>\n<meta property=\"og:url\" content=\"https:\/\/elfsight.com\/fr\/timeline-widget\/joomla\/\" \/>\n<meta property=\"og:site_name\" content=\"Elfsight FR\" \/>\n<meta property=\"article:modified_time\" content=\"2025-06-17T15:44:27+00:00\" \/>\n<meta name=\"twitter:card\" content=\"summary_large_image\" \/>\n<meta name=\"twitter:label1\" content=\"Dur\u00e9e de lecture estim\u00e9e\" \/>\n\t<meta name=\"twitter:data1\" content=\"4 minutes\" \/>\n<!-- \/ Yoast SEO plugin. -->","yoast_head_json":{"title":"Widget Chronologie - Int\u00e9grer la ligne d'historique sur le site Web Joomla [GRATUIT]","description":"Restez \u00e0 l'\u00e9coute de nos prochains plugins et widgets Joomla. D\u00e9couvrez toutes les fonctionnalit\u00e9s du plugin Joomla Timeline que vous pouvez ajouter au site Web.","robots":{"index":"index","follow":"follow","max-snippet":"max-snippet:-1","max-image-preview":"max-image-preview:large","max-video-preview":"max-video-preview:-1"},"canonical":"https:\/\/elfsight.com\/fr\/timeline-widget\/joomla\/","og_locale":"fr_FR","og_type":"article","og_title":"Widget Chronologie - Int\u00e9grer la ligne d'historique sur le site Web Joomla [GRATUIT]","og_description":"Restez \u00e0 l'\u00e9coute de nos prochains plugins et widgets Joomla. D\u00e9couvrez toutes les fonctionnalit\u00e9s du plugin Joomla Timeline que vous pouvez ajouter au site Web.","og_url":"https:\/\/elfsight.com\/fr\/timeline-widget\/joomla\/","og_site_name":"Elfsight FR","article_modified_time":"2025-06-17T15:44:27+00:00","twitter_card":"summary_large_image","twitter_misc":{"Dur\u00e9e de lecture estim\u00e9e":"4 minutes"},"schema":{"@context":"https:\/\/schema.org","@graph":[{"@type":"WebPage","@id":"https:\/\/elfsight.com\/fr\/timeline-widget\/joomla\/","url":"https:\/\/elfsight.com\/fr\/timeline-widget\/joomla\/","name":"Widget Chronologie - Int\u00e9grer la ligne d'historique sur le site Web Joomla [GRATUIT]","isPartOf":{"@id":"https:\/\/elfsight.com\/fr\/#website"},"datePublished":"2024-06-13T08:49:44+00:00","dateModified":"2025-06-17T15:44:27+00:00","description":"Restez \u00e0 l'\u00e9coute de nos prochains plugins et widgets Joomla. D\u00e9couvrez toutes les fonctionnalit\u00e9s du plugin Joomla Timeline que vous pouvez ajouter au site Web.","breadcrumb":{"@id":"https:\/\/elfsight.com\/fr\/timeline-widget\/joomla\/#breadcrumb"},"inLanguage":"fr-FR","potentialAction":[{"@type":"ReadAction","target":["https:\/\/elfsight.com\/fr\/timeline-widget\/joomla\/"]}]},{"@type":"BreadcrumbList","@id":"https:\/\/elfsight.com\/fr\/timeline-widget\/joomla\/#breadcrumb","itemListElement":[{"@type":"ListItem","position":1,"name":"Home","item":"https:\/\/elfsight.com\/fr\/"},{"@type":"ListItem","position":2,"name":"Timeline","item":"https:\/\/elfsight.com\/fr\/timeline-widget\/"},{"@type":"ListItem","position":3,"name":"Timeline &#8211; Joomla"}]},{"@type":"WebSite","@id":"https:\/\/elfsight.com\/fr\/#website","url":"https:\/\/elfsight.com\/fr\/","name":"Elfsight FR","description":"","potentialAction":[{"@type":"SearchAction","target":{"@type":"EntryPoint","urlTemplate":"https:\/\/elfsight.com\/fr\/?s={search_term_string}"},"query-input":{"@type":"PropertyValueSpecification","valueRequired":true,"valueName":"search_term_string"}}],"inLanguage":"fr-FR"}]}},"meta_box":{"industry":"","seo_heading":"","heading":"","description":"","cta_heading":"","cta_description":"","application":"16250","h1":"Plugin de chronologie pour Joomla","h1_caption":"Pr\u00e9sentez une chronologie visuellement attrayante des \u00e9v\u00e9nements sur votre site Web Joomla pour mettre en \u00e9vidence les \u00e9tapes et les r\u00e9alisations cl\u00e9s","application_category":[],"applications_title":"","applications_request_title":"","applications_request_button_text":"","hero_text":"","hero_video":"","hero_video_schema_markup":"","selling_points_title":"","selling_points_caption":"","selling_points":[],"selling_points_cta_text":"","features_title":"","features":"","ed_cta_examples_text":"","ed_cta_examples_hidden":"","ed_cta_demo_text":"","ed_cta_demo_hidden":"","why_caption":"","why_editor_title":"","why_editor_text":"","why_team_title":"","why_team_text":"","why_service_title":"","why_service_text":"","template_catalog_visible":"0","template_catalog_title":"","template_catalog_text":"","template_catalog_categories_visible":"","demo_title":"Cr\u00e9ez votre plugin Joomla Timeline","demo_caption":"Personnalisez votre chronologie et ajoutez-la \u00e0 votre site Web en toute simplicit\u00e9\u00a0!","default_faq_hidden":"","app_template_category":[],"platform":"354","template_public_id":"","codecanyon_url":"","codecanyon_item_id":"","codecanyon_price":"","pricing_caption":"","pricing_elfsight_apps_hide_column":"","pricing_elfsight_apps_url":"","pricing_codecanyon_price_caption":"","integration_category":[],"integration_request_title":"","integration_request_cta":"","integration_platform":"","integrations":[],"platform_category":[],"video_schema_markup":"","price":"\u00e0 partir de 0$ \/ mois","trial":"","benefits":[],"button_url":"#demo","button_target_blank":"0","button_nofollow":"0","attributes":[{"name":"Installations","content":"50,000 - 100,000","_state":"expanded"},{"name":"Sensible","content":"Oui","_state":"expanded"},{"name":"Navigateurs compatibles","content":"Firefox, Safari, Opera, Chrome, Edge","_state":"expanded"}],"tags":[],"tags_disable_links":"0","hide_more_platforms":"0","video_object":"","demo_hide_cta":"0","demo_hide_cloud_options":"0","pricing_title":"","pricing":[{"pricing_icon":"platform","pricing_title":"Elfsight Apps","pricing_title_caption":"Logiciel multiplateforme adapt\u00e9 \u00e0 n'importe quel site","pricing_price":"\u00e0 partir de 0$ \/ mois","pricing_price_caption":"commencez avec un forfait gratuit","pricing_button_text":"Ajouter au site Web","pricing_button_url":"#demo"}],"related_apps_title":"","related_apps_hidden":"0","author":"","image":[],"title":"","job":"","social_networks":[]},"_links":{"self":[{"href":"https:\/\/elfsight.com\/fr\/wp-json\/wp\/v2\/pages\/16295","targetHints":{"allow":["GET"]}}],"collection":[{"href":"https:\/\/elfsight.com\/fr\/wp-json\/wp\/v2\/pages"}],"about":[{"href":"https:\/\/elfsight.com\/fr\/wp-json\/wp\/v2\/types\/page"}],"author":[{"embeddable":true,"href":"https:\/\/elfsight.com\/fr\/wp-json\/wp\/v2\/users\/9"}],"replies":[{"embeddable":true,"href":"https:\/\/elfsight.com\/fr\/wp-json\/wp\/v2\/comments?post=16295"}],"version-history":[{"count":1,"href":"https:\/\/elfsight.com\/fr\/wp-json\/wp\/v2\/pages\/16295\/revisions"}],"predecessor-version":[{"id":16299,"href":"https:\/\/elfsight.com\/fr\/wp-json\/wp\/v2\/pages\/16295\/revisions\/16299"}],"up":[{"embeddable":true,"href":"https:\/\/elfsight.com\/fr\/wp-json\/wp\/v2\/pages\/16251"}],"wp:attachment":[{"href":"https:\/\/elfsight.com\/fr\/wp-json\/wp\/v2\/media?parent=16295"}],"curies":[{"name":"wp","href":"https:\/\/api.w.org\/{rel}","templated":true}]}}