{"id":16293,"date":"2025-03-10T15:10:24","date_gmt":"2025-03-10T15:10:24","guid":{"rendered":"https:\/\/elfsight.com\/fr\/?page_id=16293"},"modified":"2025-07-10T13:52:53","modified_gmt":"2025-07-10T13:52:53","slug":"bigcommerce","status":"publish","type":"page","link":"https:\/\/elfsight.com\/fr\/timeline-widget\/bigcommerce\/","title":{"rendered":"Timeline &#8211; BigCommerce"},"content":{"rendered":"<div class=\"application-platform-content-item-description application-platform-content-item\" id=\"description\" data-nav-section=\"description\"><h2>Application BigCommerce Timeline<\/h2> <p>\u00c9levez votre boutique BigCommerce avec une chronologie interactive qui permet de pr\u00e9senter les \u00e9tapes importantes, les \u00e9v\u00e9nements cl\u00e9s et les \u00e9tapes de votre parcours professionnel. Engagez vos clients avec une chronologie visuellement dynamique et interactive. Le g\u00e9n\u00e9rateur de chronologie Elfsight BigCommerce vous permet de personnaliser des marqueurs d&rsquo;\u00e9tape pour cr\u00e9er une exp\u00e9rience captivante. Que vous souhaitiez mettre en valeur l&rsquo;histoire de votre entreprise, suivre le d\u00e9veloppement de produits ou afficher les principales r\u00e9alisations commerciales, ce widget vous permet de cr\u00e9er une chronologie flexible adapt\u00e9e \u00e0 vos objectifs uniques.<\/p> <ul> <li><b>Cr\u00e9ez des chronologies interactives sans aucun codage requis.<\/b><br> Cr\u00e9ez une chronologie enti\u00e8rement fonctionnelle en quelques minutes, sans avoir besoin de comp\u00e9tences techniques, et commencez \u00e0 captiver vos visiteurs instantan\u00e9ment.<\/li> <li><b>Options de personnalisation compl\u00e8tes.<\/b><br> Personnalisez votre chronologie conception, mise en page, couleurs, polices et param\u00e8tres pour s&rsquo;aligner parfaitement avec l&rsquo;esth\u00e9tique de votre marque et le design de votre magasin.<\/li> <li><b>Processus d&rsquo;int\u00e9gration facile.<\/b><br> Ajoutez rapidement votre chronologie personnalis\u00e9e \u00e0 votre boutique BigCommerce avec un simple code d&rsquo;int\u00e9gration HTML\u00a0; aucune connaissance en codage n&rsquo;est n\u00e9cessaire.<\/li> <li><b>Support client d\u00e9di\u00e9.<\/b><br> Notre \u00e9quipe est toujours disponible pour vous aider dans le processus de configuration, garantissant que votre chronologie fonctionne correctement sur votre boutique.<\/li> <\/ul> <p><b>Essayez le widget Elfsight BigCommerce Timeline et pr\u00e9sentez vos jalons de mani\u00e8re visuellement attrayante\u00a0!<\/b><\/p><\/div><div class=\"application-platform-content-item-features application-platform-content-item\" id=\"features\" data-nav-section=\"features\"><h2>Ce que vous pouvez faire avec BigCommerce Timeline<\/h2> <ul> <li><strong>Engagez visuellement votre public.<\/strong><br> Attirez et fid\u00e9lisez les visiteurs en affichant vos jalons cl\u00e9s de mani\u00e8re claire et claire. format graphique. Une chronologie visuelle simplifie votre contenu, encourageant les utilisateurs \u00e0 explorer davantage.<\/li> <li><strong>Pr\u00e9sentez les progr\u00e8s et les \u00e9v\u00e9nements.<\/strong><br> Pr\u00e9sentez chronologiquement les jalons, les \u00e9tapes de produits ou les \u00e9v\u00e9nements importants de votre entreprise, en gardant vos visiteurs inform\u00e9s et int\u00e9ress\u00e9s par vos d\u00e9veloppements.<\/li> <li><strong>Soulignez vos principales r\u00e9alisations.<\/strong><br> Mettez en valeur vos jalons les plus importants avec une mise en page claire et organis\u00e9e qui est facile \u00e0 suivre et \u00e0 interagir pour vos visiteurs.<\/li> <\/ul> <p><a href=\"#demo\">Explorez l&rsquo;\u00e9diteur pour d\u00e9couvrir toutes les fonctionnalit\u00e9s puissantes du widget Timeline.<\/a><\/p><\/div><div class=\"application-platform-content-item-installation application-platform-content-item\" id=\"installation\" data-nav-section=\"installation\"><h2>Comment int\u00e9grer une timeline sur BigCommerce<\/h2> <p>L&rsquo;ajout du widget Timeline \u00e0 votre boutique BigCommerce est simple et rapide, sans aucune comp\u00e9tence en codage requise. Suivez simplement ces \u00e9tapes simples\u00a0:<\/p> <ol> <li><b>Personnalisez votre chronologie BigCommerce<\/b><br> S\u00e9lectionnez un mod\u00e8le dans l&rsquo;\u00e9diteur, puis ajustez-le en fonction de vos besoins. Personnalisez la mise en page, ajoutez des marqueurs d&rsquo;\u00e9tape et modifiez le design pour qu&rsquo;il corresponde au style de votre boutique.<\/li> <li><b>Copiez votre code d&rsquo;int\u00e9gration<\/b><br> Une fois que vous avez termin\u00e9 de personnaliser votre chronologie, vous recevrez un code d&rsquo;int\u00e9gration HTML unique. Copiez ce code pour une utilisation ult\u00e9rieure.<\/li> <li><b>Int\u00e9grez le code sur votre page BigCommerce<\/b><br> Collez le code HTML int\u00e9gr\u00e9 dans la section appropri\u00e9e de votre page Web et enregistrez les modifications. Votre chronologie sera d\u00e9sormais en ligne\u00a0!<\/li> <li><b>Profitez de votre chronologie interactive\u00a0!<\/b><br> Visitez votre magasin pour voir la chronologie en action et commencez \u00e0 impliquer vos clients avec une exp\u00e9rience interactive et visuellement captivante.<\/li> <\/ol> <p>Pour des instructions plus d\u00e9taill\u00e9es, consultez notre guide complet sur <a href=\"https:\/\/elfsight.com\/blog\/how-to-embed-timeline-to-website\/\" target=\"_blank\" rel=\"noopener\">comment ajouter une chronologie \u00e0 votre site Web<\/a>.<\/p><\/div><div class=\"faq\" data-component=\"FAQ\"><div class=\"faq-item\">\r\n\t\t\t\t\t<div class=\"faq-item-question\">\r\n\t\t\t\t\t\t<h3 class=\"faq-item-question-text\">Le widget Timeline pour BigCommerce est-il gratuit ?<\/h3>\r\n\r\n\t\t\t\t\t\t<div class=\"faq-item-question-icon\"><\/div>\r\n\t\t\t\t\t<\/div>\r\n\r\n\t\t\t\t\t<div class=\"faq-item-answer\">\r\n\t\t\t\t\t\t<div class=\"faq-item-answer-text\">Oui, Elfsight propose un mod\u00e8le d&rsquo;abonnement qui inclut un niveau gratuit. Vous pouvez acc\u00e9der aux fonctionnalit\u00e9s de base du widget Timeline sans aucun frais, avec des forfaits premium disponibles pour des options de personnalisation suppl\u00e9mentaires.<\/div>\r\n\t\t\t\t\t<\/div>\r\n\t\t\t\t<\/div><div class=\"faq-item\">\r\n\t\t\t\t\t<div class=\"faq-item-question\">\r\n\t\t\t\t\t\t<h3 class=\"faq-item-question-text\">Dois-je avoir des connaissances en codage pour utiliser le widget Timeline ?<\/h3>\r\n\r\n\t\t\t\t\t\t<div class=\"faq-item-question-icon\"><\/div>\r\n\t\t\t\t\t<\/div>\r\n\r\n\t\t\t\t\t<div class=\"faq-item-answer\">\r\n\t\t\t\t\t\t<div class=\"faq-item-answer-text\">Non, le widget BigCommerce Timeline ne n\u00e9cessite aucune connaissance en codage. Vous pouvez facilement cr\u00e9er et personnaliser votre chronologie \u00e0 l&rsquo;aide de notre \u00e9diteur intuitif.<\/div>\r\n\t\t\t\t\t<\/div>\r\n\t\t\t\t<\/div><div class=\"faq-item\">\r\n\t\t\t\t\t<div class=\"faq-item-question\">\r\n\t\t\t\t\t\t<h3 class=\"faq-item-question-text\">Comment cr\u00e9er une chronologie interactive pour BigCommerce ?<\/h3>\r\n\r\n\t\t\t\t\t\t<div class=\"faq-item-question-icon\"><\/div>\r\n\t\t\t\t\t<\/div>\r\n\r\n\t\t\t\t\t<div class=\"faq-item-answer\">\r\n\t\t\t\t\t\t<div class=\"faq-item-answer-text\">Choisissez simplement un mod\u00e8le dans l&rsquo;\u00e9diteur, ajustez-le selon vos besoins et int\u00e9grez-le \u00e0 votre boutique \u00e0 l&rsquo;aide du code d&rsquo;int\u00e9gration HTML fourni.<\/div>\r\n\t\t\t\t\t<\/div>\r\n\t\t\t\t<\/div><div class=\"faq-item\">\r\n\t\t\t\t\t<div class=\"faq-item-question\">\r\n\t\t\t\t\t\t<h3 class=\"faq-item-question-text\">Quels types de chronologies puis-je cr\u00e9er ?<\/h3>\r\n\r\n\t\t\t\t\t\t<div class=\"faq-item-question-icon\"><\/div>\r\n\t\t\t\t\t<\/div>\r\n\r\n\t\t\t\t\t<div class=\"faq-item-answer\">\r\n\t\t\t\t\t\t<div class=\"faq-item-answer-text\"><p>Avec le widget BigCommerce Timeline, vous pouvez cr\u00e9er diff\u00e9rents types de chronologies. \u00e9ch\u00e9anciers pour votre magasin, y compris\u00a0:<\/p> <ul> <li><strong>Jalons de l&rsquo;entreprise\u00a0:<\/strong> affichez l&rsquo;\u00e9volution de votre entreprise, en pr\u00e9sentant les principales r\u00e9alisations et la croissance.<\/li> <li><strong>D\u00e9veloppement de produits<\/strong>\u00a0: suivez et pr\u00e9sentez le parcours de votre produit, du concept au lancement, en marquant les \u00e9tapes importantes tout au long du processus.<\/li> <li><strong>Progression du projet\u00a0:<\/strong> affichez les diff\u00e9rentes \u00e9tapes des projets en cours ou termin\u00e9s, en tenant les clients inform\u00e9s.<\/li> <li><strong>\u00c9v\u00e9nement Chronologies\u00a0:<\/strong> organisez et pr\u00e9sentez des chronologies pour des \u00e9v\u00e9nements sp\u00e9ciaux, des promotions ou des lancements afin de tenir vos visiteurs inform\u00e9s.<\/li> <\/ul><\/div>\r\n\t\t\t\t\t<\/div>\r\n\t\t\t\t<\/div><\/div>","protected":false},"excerpt":{"rendered":"","protected":false},"author":9,"featured_media":0,"parent":16251,"menu_order":0,"comment_status":"closed","ping_status":"closed","template":"templates\/template-application-platform.php","meta":{"publish_to_discourse":"","publish_post_category":"","wpdc_auto_publish_overridden":"","wpdc_topic_tags":"","wpdc_pin_topic":"","wpdc_pin_until":"","discourse_post_id":"","discourse_permalink":"","wpdc_publishing_response":"","wpdc_publishing_error":"","footnotes":""},"class_list":["post-16293","page","type-page","status-publish","hentry"],"yoast_head":"<!-- This site is optimized with the Yoast SEO plugin v25.3.1 - https:\/\/yoast.com\/wordpress\/plugins\/seo\/ -->\n<title>Widget Chronologie - Ajouter une chronologie personnalis\u00e9e \u00e0 la boutique BigCommerce (gratuit)<\/title>\n<meta name=\"description\" content=\"Am\u00e9liorez votre site Web BigCommerce avec une chronologie interactive. Affichez vos jalons, \u00e9v\u00e9nements et progr\u00e8s avec l&#039;application enti\u00e8rement personnalisable d&#039;Elfsight.\" \/>\n<meta name=\"robots\" content=\"index, follow, max-snippet:-1, max-image-preview:large, max-video-preview:-1\" \/>\n<link rel=\"canonical\" href=\"https:\/\/elfsight.com\/fr\/timeline-widget\/bigcommerce\/\" \/>\n<meta property=\"og:locale\" content=\"fr_FR\" \/>\n<meta property=\"og:type\" content=\"article\" \/>\n<meta property=\"og:title\" content=\"Widget Chronologie - Ajouter une chronologie personnalis\u00e9e \u00e0 la boutique BigCommerce (gratuit)\" \/>\n<meta property=\"og:description\" content=\"Am\u00e9liorez votre site Web BigCommerce avec une chronologie interactive. Affichez vos jalons, \u00e9v\u00e9nements et progr\u00e8s avec l&#039;application enti\u00e8rement personnalisable d&#039;Elfsight.\" \/>\n<meta property=\"og:url\" content=\"https:\/\/elfsight.com\/fr\/timeline-widget\/bigcommerce\/\" \/>\n<meta property=\"og:site_name\" content=\"Elfsight FR\" \/>\n<meta property=\"article:modified_time\" content=\"2025-07-10T13:52:53+00:00\" \/>\n<meta name=\"twitter:card\" content=\"summary_large_image\" \/>\n<meta name=\"twitter:label1\" content=\"Dur\u00e9e de lecture estim\u00e9e\" \/>\n\t<meta name=\"twitter:data1\" content=\"4 minutes\" \/>\n<!-- \/ Yoast SEO plugin. -->","yoast_head_json":{"title":"Widget Chronologie - Ajouter une chronologie personnalis\u00e9e \u00e0 la boutique BigCommerce (gratuit)","description":"Am\u00e9liorez votre site Web BigCommerce avec une chronologie interactive. Affichez vos jalons, \u00e9v\u00e9nements et progr\u00e8s avec l'application enti\u00e8rement personnalisable d'Elfsight.","robots":{"index":"index","follow":"follow","max-snippet":"max-snippet:-1","max-image-preview":"max-image-preview:large","max-video-preview":"max-video-preview:-1"},"canonical":"https:\/\/elfsight.com\/fr\/timeline-widget\/bigcommerce\/","og_locale":"fr_FR","og_type":"article","og_title":"Widget Chronologie - Ajouter une chronologie personnalis\u00e9e \u00e0 la boutique BigCommerce (gratuit)","og_description":"Am\u00e9liorez votre site Web BigCommerce avec une chronologie interactive. Affichez vos jalons, \u00e9v\u00e9nements et progr\u00e8s avec l'application enti\u00e8rement personnalisable d'Elfsight.","og_url":"https:\/\/elfsight.com\/fr\/timeline-widget\/bigcommerce\/","og_site_name":"Elfsight FR","article_modified_time":"2025-07-10T13:52:53+00:00","twitter_card":"summary_large_image","twitter_misc":{"Dur\u00e9e de lecture estim\u00e9e":"4 minutes"},"schema":{"@context":"https:\/\/schema.org","@graph":[{"@type":"WebPage","@id":"https:\/\/elfsight.com\/fr\/timeline-widget\/bigcommerce\/","url":"https:\/\/elfsight.com\/fr\/timeline-widget\/bigcommerce\/","name":"Widget Chronologie - Ajouter une chronologie personnalis\u00e9e \u00e0 la boutique BigCommerce (gratuit)","isPartOf":{"@id":"https:\/\/elfsight.com\/fr\/#website"},"datePublished":"2025-03-10T15:10:24+00:00","dateModified":"2025-07-10T13:52:53+00:00","description":"Am\u00e9liorez votre site Web BigCommerce avec une chronologie interactive. Affichez vos jalons, \u00e9v\u00e9nements et progr\u00e8s avec l'application enti\u00e8rement personnalisable d'Elfsight.","breadcrumb":{"@id":"https:\/\/elfsight.com\/fr\/timeline-widget\/bigcommerce\/#breadcrumb"},"inLanguage":"fr-FR","potentialAction":[{"@type":"ReadAction","target":["https:\/\/elfsight.com\/fr\/timeline-widget\/bigcommerce\/"]}]},{"@type":"BreadcrumbList","@id":"https:\/\/elfsight.com\/fr\/timeline-widget\/bigcommerce\/#breadcrumb","itemListElement":[{"@type":"ListItem","position":1,"name":"Home","item":"https:\/\/elfsight.com\/fr\/"},{"@type":"ListItem","position":2,"name":"Timeline","item":"https:\/\/elfsight.com\/fr\/timeline-widget\/"},{"@type":"ListItem","position":3,"name":"Timeline &#8211; BigCommerce"}]},{"@type":"WebSite","@id":"https:\/\/elfsight.com\/fr\/#website","url":"https:\/\/elfsight.com\/fr\/","name":"Elfsight FR","description":"","potentialAction":[{"@type":"SearchAction","target":{"@type":"EntryPoint","urlTemplate":"https:\/\/elfsight.com\/fr\/?s={search_term_string}"},"query-input":{"@type":"PropertyValueSpecification","valueRequired":true,"valueName":"search_term_string"}}],"inLanguage":"fr-FR"}]}},"meta_box":{"industry":"","seo_heading":"","heading":"","description":"","cta_heading":"","cta_description":"","application":"16250","h1":"Application de chronologie pour BigCommerce","h1_caption":"Pr\u00e9sentez les \u00e9tapes, les r\u00e9alisations et les \u00e9v\u00e9nements cl\u00e9s importants sur votre boutique BigCommerce dans un format attrayant et visuellement interactif avec l'application Timeline.","application_category":[],"applications_title":"","applications_request_title":"","applications_request_button_text":"","hero_text":"","hero_video":"","hero_video_schema_markup":"","selling_points_title":"","selling_points_caption":"","selling_points":[],"selling_points_cta_text":"","features_title":"","features":"","ed_cta_examples_text":"","ed_cta_examples_hidden":"","ed_cta_demo_text":"","ed_cta_demo_hidden":"","why_caption":"","why_editor_title":"","why_editor_text":"","why_team_title":"","why_team_text":"","why_service_title":"","why_service_text":"","template_catalog_visible":"","template_catalog_title":"","template_catalog_text":"","template_catalog_categories_visible":"","demo_title":"Cr\u00e9ez votre application BigCommerce Timeline","demo_caption":"Personnalisez votre chronologie et ajoutez-la \u00e0 votre site Web en toute simplicit\u00e9\u00a0!","default_faq_hidden":"","app_template_category":[],"platform":"33","template_public_id":"","codecanyon_url":"","codecanyon_item_id":"","codecanyon_price":"","pricing_caption":"","pricing_elfsight_apps_hide_column":"","pricing_elfsight_apps_url":"","pricing_codecanyon_price_caption":"","integration_category":[],"integration_request_title":"","integration_request_cta":"","integration_platform":"","integrations":[],"platform_category":[],"video_schema_markup":"","price":"\u00e0 partir de 0$ \/ mois","trial":"","benefits":[],"button_url":"#demo","button_target_blank":"0","button_nofollow":"0","attributes":[{"name":"Installations","content":"50,000 - 100,000","_state":"expanded"},{"name":"Sensible","content":"Oui","_state":"expanded"},{"name":"Navigateurs compatibles","content":"Firefox, Safari, Opera, Chrome, Edge","_state":"expanded"}],"tags":[],"tags_disable_links":"","hide_more_platforms":"","video_object":"","demo_hide_cta":"0","demo_hide_cloud_options":"","pricing_title":"","pricing":[{"pricing_icon":"platform","pricing_title":"Elfsight Apps","pricing_title_caption":"Logiciel multiplateforme adapt\u00e9 \u00e0 n'importe quel site","pricing_price":"\u00e0 partir de 0$ \/ mois","pricing_price_caption":"commencez avec un forfait gratuit","pricing_benefits":"[object Object],[object Object],[object Object],[object Object]","pricing_button_text":"Ajouter au site Web","pricing_button_url":"#demo"}],"related_apps_title":"","related_apps_hidden":"","author":"","image":[],"title":"","job":"","social_networks":[]},"_links":{"self":[{"href":"https:\/\/elfsight.com\/fr\/wp-json\/wp\/v2\/pages\/16293","targetHints":{"allow":["GET"]}}],"collection":[{"href":"https:\/\/elfsight.com\/fr\/wp-json\/wp\/v2\/pages"}],"about":[{"href":"https:\/\/elfsight.com\/fr\/wp-json\/wp\/v2\/types\/page"}],"author":[{"embeddable":true,"href":"https:\/\/elfsight.com\/fr\/wp-json\/wp\/v2\/users\/9"}],"replies":[{"embeddable":true,"href":"https:\/\/elfsight.com\/fr\/wp-json\/wp\/v2\/comments?post=16293"}],"version-history":[{"count":1,"href":"https:\/\/elfsight.com\/fr\/wp-json\/wp\/v2\/pages\/16293\/revisions"}],"predecessor-version":[{"id":16297,"href":"https:\/\/elfsight.com\/fr\/wp-json\/wp\/v2\/pages\/16293\/revisions\/16297"}],"up":[{"embeddable":true,"href":"https:\/\/elfsight.com\/fr\/wp-json\/wp\/v2\/pages\/16251"}],"wp:attachment":[{"href":"https:\/\/elfsight.com\/fr\/wp-json\/wp\/v2\/media?parent=16293"}],"curies":[{"name":"wp","href":"https:\/\/api.w.org\/{rel}","templated":true}]}}