{"id":16292,"date":"2025-03-10T15:42:43","date_gmt":"2025-03-10T15:42:43","guid":{"rendered":"https:\/\/elfsight.com\/fr\/?page_id=16292"},"modified":"2025-07-10T13:52:59","modified_gmt":"2025-07-10T13:52:59","slug":"blogger","status":"publish","type":"page","link":"https:\/\/elfsight.com\/fr\/timeline-widget\/blogger\/","title":{"rendered":"Timeline &#8211; Blogger"},"content":{"rendered":"<div class=\"application-platform-content-item-description application-platform-content-item\" id=\"description\" data-nav-section=\"description\"><h2>Widget de chronologie Blogger<\/h2> <p>Boostez votre site Web Blogger en ajoutant une chronologie interactive qui met en \u00e9vidence vos jalons, \u00e9v\u00e9nements cl\u00e9s ou \u00e9tapes de vos projets. Engagez vos visiteurs avec une chronologie visuellement attrayante et interactive. Le g\u00e9n\u00e9rateur de chronologie Elfsight Blogger facilite l&rsquo;ajout de marqueurs d&rsquo;\u00e9tape personnalis\u00e9s qui captent l&rsquo;attention. Que vous affichiez l&rsquo;historique de votre entreprise, le processus de d\u00e9veloppement de produits ou les \u00e9tapes majeures de votre activit\u00e9, ce widget vous permet de cr\u00e9er une chronologie personnalis\u00e9e adapt\u00e9e \u00e0 vos objectifs.<\/p> <ul> <li><b>Cr\u00e9ez des chronologies interactives sans codage.<\/b><br> Cr\u00e9ez une chronologie enti\u00e8rement fonctionnelle en quelques minutes, sans expertise technique requise, et commencez instantan\u00e9ment \u00e0 engager votre public.<\/li> <li><b>Options de personnalisation avanc\u00e9es.<\/b><br> Personnalisez la conception, la mise en page, les polices de votre chronologie. couleurs, et bien plus encore, pour correspondre \u00e0 l&rsquo;apparence de votre site Web.<\/li> <li><b>Processus d&rsquo;int\u00e9gration fluide.<\/b><br> Ajoutez facilement votre chronologie personnalis\u00e9e \u00e0 votre site Web Blogger avec un simple code d&rsquo;int\u00e9gration HTML\u00a0; aucune comp\u00e9tence en codage n&rsquo;est requise.<\/li> <li><b>Support client r\u00e9actif.<\/b><br> Notre \u00e9quipe d&rsquo;assistance d\u00e9di\u00e9e est toujours pr\u00eate \u00e0 vous aider \u00e0 configurer votre chronologie, en s&rsquo;assurant qu&rsquo;elle fonctionne parfaitement sur votre site Web.<\/li> <\/ul> <p><b>Essayez le widget Elfsight Blogger Timeline et pr\u00e9sentez vos \u00e9tapes cl\u00e9s de mani\u00e8re dynamique et attrayante\u00a0!<\/b><\/p><\/div><div class=\"application-platform-content-item-features application-platform-content-item\" id=\"features\" data-nav-section=\"features\"><h2>Ce que vous pouvez faire avec la chronologie Blogger<\/h2> <ul> <li><strong>Engagez visuellement les visiteurs.<\/strong><br> Captez l&rsquo;attention de votre public avec une chronologie attrayante qui affiche vos \u00e9tapes dans un format clair et graphique. Cela aide les visiteurs \u00e0 dig\u00e9rer facilement votre contenu et les encourage \u00e0 explorer davantage.<\/li> <li><strong>Pr\u00e9sentez vos progr\u00e8s et vos \u00e9v\u00e9nements.<\/strong><br> Pr\u00e9sentez les r\u00e9alisations de votre entreprise et les \u00e9tapes de votre projet dans un ordre chronologique, en gardant vos visiteurs inform\u00e9s et int\u00e9ress\u00e9s par votre parcours.<\/li> <li><strong>Soulignez les principales r\u00e9alisations.<\/strong><br> Mettez en valeur vos \u00e9tapes importantes et vos r\u00e9ussites avec une mise en page claire et facile \u00e0 suivre qui attire l&rsquo;attention et invite \u00e0 un engagement accru.<\/li> <\/ul> <p><a href=\"#demo\">Essayez l&rsquo;\u00e9diteur de chronologie pour d\u00e9couvrir toutes les fonctionnalit\u00e9s qu&rsquo;il offre.<\/a><\/p><\/div><div class=\"application-platform-content-item-installation application-platform-content-item\" id=\"installation\" data-nav-section=\"installation\"><h2>Comment int\u00e9grer une chronologie sur Blogger<\/h2> <p>Ajouter un widget Chronologie \u00e0 votre site Web Blogger est simple et rapide, sans aucune connaissance en codage requise. Suivez simplement ces \u00e9tapes simples\u00a0:<\/p> <ol> <li><b>Personnalisez votre chronologie Blogger<\/b><br> Choisissez un mod\u00e8le dans l&rsquo;\u00e9diteur, puis ajustez-le en fonction de vos besoins. Personnalisez la mise en page, ajoutez des jalons et ajustez le design pour qu&rsquo;il corresponde au style de votre blog.<\/li> <li><b>Obtenez votre code d&rsquo;int\u00e9gration<\/b><br> Une fois votre chronologie personnalis\u00e9e, vous recevrez un code d&rsquo;int\u00e9gration HTML unique. Copiez ce code pour une utilisation ult\u00e9rieure.<\/li> <li><b>Int\u00e9grez le code sur votre site Blogger<\/b><br> Collez le code HTML dans la section appropri\u00e9e de votre article ou de votre page Blogger, puis enregistrez vos modifications. Votre chronologie interactive sera en ligne\u00a0!<\/li> <li><b>Profitez de votre chronologie interactive\u00a0!<\/b><br> Visitez votre blog pour voir la chronologie en action et engagez vos visiteurs avec une fonctionnalit\u00e9 interactive et visuellement attrayante.<\/li> <\/ol> <p>Pour des conseils plus d\u00e9taill\u00e9s, consultez notre guide complet sur <a href=\"https:\/\/elfsight.com\/blog\/how-to-embed-timeline-to-website\/\" target=\"_blank\" rel=\"noopener\">comment ajouter une chronologie \u00e0 votre site Web<\/a>.<\/p><\/div><div class=\"faq\" data-component=\"FAQ\"><div class=\"faq-item\">\r\n\t\t\t\t\t<div class=\"faq-item-question\">\r\n\t\t\t\t\t\t<h3 class=\"faq-item-question-text\">Le widget Timeline pour Blogger est-il gratuit ?<\/h3>\r\n\r\n\t\t\t\t\t\t<div class=\"faq-item-question-icon\"><\/div>\r\n\t\t\t\t\t<\/div>\r\n\r\n\t\t\t\t\t<div class=\"faq-item-answer\">\r\n\t\t\t\t\t\t<div class=\"faq-item-answer-text\">Oui, Elfsight propose un forfait gratuit dans le cadre de son mod\u00e8le d&rsquo;abonnement. Vous pouvez utiliser les fonctionnalit\u00e9s de base du widget Timeline gratuitement, avec des options suppl\u00e9mentaires disponibles pour une personnalisation plus pouss\u00e9e.<\/div>\r\n\t\t\t\t\t<\/div>\r\n\t\t\t\t<\/div><div class=\"faq-item\">\r\n\t\t\t\t\t<div class=\"faq-item-question\">\r\n\t\t\t\t\t\t<h3 class=\"faq-item-question-text\">Dois-je avoir des comp\u00e9tences en codage pour utiliser le widget Timeline ?<\/h3>\r\n\r\n\t\t\t\t\t\t<div class=\"faq-item-question-icon\"><\/div>\r\n\t\t\t\t\t<\/div>\r\n\r\n\t\t\t\t\t<div class=\"faq-item-answer\">\r\n\t\t\t\t\t\t<div class=\"faq-item-answer-text\">Non, le widget Blogger Timeline ne n\u00e9cessite aucune exp\u00e9rience en codage. Vous pouvez facilement personnaliser et cr\u00e9er votre chronologie \u00e0 l&rsquo;aide de l&rsquo;\u00e9diteur convivial.<\/div>\r\n\t\t\t\t\t<\/div>\r\n\t\t\t\t<\/div><div class=\"faq-item\">\r\n\t\t\t\t\t<div class=\"faq-item-question\">\r\n\t\t\t\t\t\t<h3 class=\"faq-item-question-text\">Comment cr\u00e9er une chronologie interactive pour Blogger ?<\/h3>\r\n\r\n\t\t\t\t\t\t<div class=\"faq-item-question-icon\"><\/div>\r\n\t\t\t\t\t<\/div>\r\n\r\n\t\t\t\t\t<div class=\"faq-item-answer\">\r\n\t\t\t\t\t\t<div class=\"faq-item-answer-text\">Choisissez simplement un mod\u00e8le dans l&rsquo;\u00e9diteur, effectuez les ajustements n\u00e9cessaires et int\u00e9grez-le \u00e0 votre blog \u00e0 l&rsquo;aide du code d&rsquo;int\u00e9gration HTML fourni.<\/div>\r\n\t\t\t\t\t<\/div>\r\n\t\t\t\t<\/div><div class=\"faq-item\">\r\n\t\t\t\t\t<div class=\"faq-item-question\">\r\n\t\t\t\t\t\t<h3 class=\"faq-item-question-text\">Quels types de chronologies puis-je cr\u00e9er pour Blogger ?<\/h3>\r\n\r\n\t\t\t\t\t\t<div class=\"faq-item-question-icon\"><\/div>\r\n\t\t\t\t\t<\/div>\r\n\r\n\t\t\t\t\t<div class=\"faq-item-answer\">\r\n\t\t\t\t\t\t<div class=\"faq-item-answer-text\"><p>Avec le widget Blogger Timeline, vous peut cr\u00e9er diff\u00e9rents types de calendriers, tels que\u00a0:<\/p> <ul> <li><strong>Historique de l&rsquo;entreprise\u00a0:<\/strong> affichez l&rsquo;historique et la croissance de votre entreprise, en mettant en \u00e9vidence les \u00e9tapes et les \u00e9v\u00e9nements importants.<\/li> <li><strong>D\u00e9veloppement de produits<\/strong>\u00a0: pr\u00e9sentez le d\u00e9veloppement de votre produit du concept au lancement, en mettant l&rsquo;accent sur chaque \u00e9tape cl\u00e9.<\/li> <li><strong>Progression du projet\u00a0:<\/strong> suivez et affichez les \u00e9tapes des projets en cours ou termin\u00e9s, en tenant votre public inform\u00e9 des progr\u00e8s.<\/li> <li><strong>Calendriers des \u00e9v\u00e9nements\u00a0:<\/strong> pr\u00e9sentez les calendriers des \u00e9v\u00e9nements ou des lancements \u00e0 venir, aidant ainsi les visiteurs \u00e0 rester inform\u00e9s des dates et des d\u00e9tails cl\u00e9s.<\/li> <\/ul><\/div>\r\n\t\t\t\t\t<\/div>\r\n\t\t\t\t<\/div><\/div><p><\/p>","protected":false},"excerpt":{"rendered":"","protected":false},"author":9,"featured_media":0,"parent":16251,"menu_order":0,"comment_status":"closed","ping_status":"closed","template":"templates\/template-application-platform.php","meta":{"publish_to_discourse":"","publish_post_category":"","wpdc_auto_publish_overridden":"","wpdc_topic_tags":"","wpdc_pin_topic":"","wpdc_pin_until":"","discourse_post_id":"","discourse_permalink":"","wpdc_publishing_response":"","wpdc_publishing_error":"","footnotes":""},"class_list":["post-16292","page","type-page","status-publish","hentry"],"yoast_head":"<!-- This site is optimized with the Yoast SEO plugin v25.3.1 - https:\/\/yoast.com\/wordpress\/plugins\/seo\/ -->\n<title>Chronologie Blogger - Ajoutez une chronologie interactive \u00e0 votre site Web | Gratuit<\/title>\n<meta name=\"description\" content=\"Cr\u00e9ez une feuille de route dynamique sur votre site Web Blogger. Pr\u00e9sentez les \u00e9v\u00e9nements cl\u00e9s, les jalons et les r\u00e9alisations avec un widget Chronologie personnalisable d&#039;Elfsight.\" \/>\n<meta name=\"robots\" content=\"index, follow, max-snippet:-1, max-image-preview:large, max-video-preview:-1\" \/>\n<link rel=\"canonical\" href=\"https:\/\/elfsight.com\/fr\/timeline-widget\/blogger\/\" \/>\n<meta property=\"og:locale\" content=\"fr_FR\" \/>\n<meta property=\"og:type\" content=\"article\" \/>\n<meta property=\"og:title\" content=\"Chronologie Blogger - Ajoutez une chronologie interactive \u00e0 votre site Web | Gratuit\" \/>\n<meta property=\"og:description\" content=\"Cr\u00e9ez une feuille de route dynamique sur votre site Web Blogger. Pr\u00e9sentez les \u00e9v\u00e9nements cl\u00e9s, les jalons et les r\u00e9alisations avec un widget Chronologie personnalisable d&#039;Elfsight.\" \/>\n<meta property=\"og:url\" content=\"https:\/\/elfsight.com\/fr\/timeline-widget\/blogger\/\" \/>\n<meta property=\"og:site_name\" content=\"Elfsight FR\" \/>\n<meta property=\"article:modified_time\" content=\"2025-07-10T13:52:59+00:00\" \/>\n<meta name=\"twitter:card\" content=\"summary_large_image\" \/>\n<meta name=\"twitter:label1\" content=\"Dur\u00e9e de lecture estim\u00e9e\" \/>\n\t<meta name=\"twitter:data1\" content=\"4 minutes\" \/>\n<!-- \/ Yoast SEO plugin. -->","yoast_head_json":{"title":"Chronologie Blogger - Ajoutez une chronologie interactive \u00e0 votre site Web | Gratuit","description":"Cr\u00e9ez une feuille de route dynamique sur votre site Web Blogger. Pr\u00e9sentez les \u00e9v\u00e9nements cl\u00e9s, les jalons et les r\u00e9alisations avec un widget Chronologie personnalisable d'Elfsight.","robots":{"index":"index","follow":"follow","max-snippet":"max-snippet:-1","max-image-preview":"max-image-preview:large","max-video-preview":"max-video-preview:-1"},"canonical":"https:\/\/elfsight.com\/fr\/timeline-widget\/blogger\/","og_locale":"fr_FR","og_type":"article","og_title":"Chronologie Blogger - Ajoutez une chronologie interactive \u00e0 votre site Web | Gratuit","og_description":"Cr\u00e9ez une feuille de route dynamique sur votre site Web Blogger. Pr\u00e9sentez les \u00e9v\u00e9nements cl\u00e9s, les jalons et les r\u00e9alisations avec un widget Chronologie personnalisable d'Elfsight.","og_url":"https:\/\/elfsight.com\/fr\/timeline-widget\/blogger\/","og_site_name":"Elfsight FR","article_modified_time":"2025-07-10T13:52:59+00:00","twitter_card":"summary_large_image","twitter_misc":{"Dur\u00e9e de lecture estim\u00e9e":"4 minutes"},"schema":{"@context":"https:\/\/schema.org","@graph":[{"@type":"WebPage","@id":"https:\/\/elfsight.com\/fr\/timeline-widget\/blogger\/","url":"https:\/\/elfsight.com\/fr\/timeline-widget\/blogger\/","name":"Chronologie Blogger - Ajoutez une chronologie interactive \u00e0 votre site Web | Gratuit","isPartOf":{"@id":"https:\/\/elfsight.com\/fr\/#website"},"datePublished":"2025-03-10T15:42:43+00:00","dateModified":"2025-07-10T13:52:59+00:00","description":"Cr\u00e9ez une feuille de route dynamique sur votre site Web Blogger. Pr\u00e9sentez les \u00e9v\u00e9nements cl\u00e9s, les jalons et les r\u00e9alisations avec un widget Chronologie personnalisable d'Elfsight.","breadcrumb":{"@id":"https:\/\/elfsight.com\/fr\/timeline-widget\/blogger\/#breadcrumb"},"inLanguage":"fr-FR","potentialAction":[{"@type":"ReadAction","target":["https:\/\/elfsight.com\/fr\/timeline-widget\/blogger\/"]}]},{"@type":"BreadcrumbList","@id":"https:\/\/elfsight.com\/fr\/timeline-widget\/blogger\/#breadcrumb","itemListElement":[{"@type":"ListItem","position":1,"name":"Home","item":"https:\/\/elfsight.com\/fr\/"},{"@type":"ListItem","position":2,"name":"Timeline","item":"https:\/\/elfsight.com\/fr\/timeline-widget\/"},{"@type":"ListItem","position":3,"name":"Timeline &#8211; Blogger"}]},{"@type":"WebSite","@id":"https:\/\/elfsight.com\/fr\/#website","url":"https:\/\/elfsight.com\/fr\/","name":"Elfsight FR","description":"","potentialAction":[{"@type":"SearchAction","target":{"@type":"EntryPoint","urlTemplate":"https:\/\/elfsight.com\/fr\/?s={search_term_string}"},"query-input":{"@type":"PropertyValueSpecification","valueRequired":true,"valueName":"search_term_string"}}],"inLanguage":"fr-FR"}]}},"meta_box":{"industry":"","seo_heading":"","heading":"","description":"","cta_heading":"","cta_description":"","application":"16250","h1":"Widget de chronologie pour Blogger","h1_caption":"Pr\u00e9sentez une chronologie interactive des \u00e9v\u00e9nements pour mettre en \u00e9vidence les jalons et les \u00e9v\u00e9nements cl\u00e9s sur votre site Blogger. Pr\u00e9sentez votre histoire et vos progr\u00e8s dans un format visuel engageant.","application_category":[],"applications_title":"","applications_request_title":"","applications_request_button_text":"","hero_text":"","hero_video":"","hero_video_schema_markup":"","selling_points_title":"","selling_points_caption":"","selling_points":[],"selling_points_cta_text":"","features_title":"","features":"","ed_cta_examples_text":"","ed_cta_examples_hidden":"","ed_cta_demo_text":"","ed_cta_demo_hidden":"","why_caption":"","why_editor_title":"","why_editor_text":"","why_team_title":"","why_team_text":"","why_service_title":"","why_service_text":"","template_catalog_visible":"","template_catalog_title":"","template_catalog_text":"","template_catalog_categories_visible":"","demo_title":"Cr\u00e9ez votre widget Chronologie Blogger","demo_caption":"Personnalisez votre chronologie et ajoutez-la \u00e0 votre site Web en toute simplicit\u00e9\u00a0!","default_faq_hidden":"","app_template_category":[],"platform":"39","template_public_id":"","codecanyon_url":"","codecanyon_item_id":"","codecanyon_price":"","pricing_caption":"","pricing_elfsight_apps_hide_column":"","pricing_elfsight_apps_url":"","pricing_codecanyon_price_caption":"","integration_category":[],"integration_request_title":"","integration_request_cta":"","integration_platform":"","integrations":[],"platform_category":[],"video_schema_markup":"","price":"\u00e0 partir de 0$ \/ mois","trial":"","benefits":[],"button_url":"#demo","button_target_blank":"0","button_nofollow":"0","attributes":[{"name":"Installations","content":"50,000 - 100,000","_state":"expanded"},{"name":"Sensible","content":"Oui","_state":"expanded"},{"name":"Navigateurs compatibles","content":"Firefox, Safari, Opera, Chrome, Edge","_state":"expanded"}],"tags":[],"tags_disable_links":"","hide_more_platforms":"","video_object":"","demo_hide_cta":"0","demo_hide_cloud_options":"","pricing_title":"","pricing":[{"pricing_icon":"platform","pricing_title":"Elfsight Apps","pricing_title_caption":"Logiciel multiplateforme adapt\u00e9 \u00e0 n'importe quel site","pricing_price":"\u00e0 partir de 0$ \/ mois","pricing_price_caption":"commencez avec un forfait gratuit","pricing_benefits":"[object Object],[object Object],[object Object],[object Object]","pricing_button_text":"Ajouter au site Web","pricing_button_url":"#demo"}],"related_apps_title":"","related_apps_hidden":"","author":"","image":[],"title":"","job":"","social_networks":[]},"_links":{"self":[{"href":"https:\/\/elfsight.com\/fr\/wp-json\/wp\/v2\/pages\/16292","targetHints":{"allow":["GET"]}}],"collection":[{"href":"https:\/\/elfsight.com\/fr\/wp-json\/wp\/v2\/pages"}],"about":[{"href":"https:\/\/elfsight.com\/fr\/wp-json\/wp\/v2\/types\/page"}],"author":[{"embeddable":true,"href":"https:\/\/elfsight.com\/fr\/wp-json\/wp\/v2\/users\/9"}],"replies":[{"embeddable":true,"href":"https:\/\/elfsight.com\/fr\/wp-json\/wp\/v2\/comments?post=16292"}],"version-history":[{"count":1,"href":"https:\/\/elfsight.com\/fr\/wp-json\/wp\/v2\/pages\/16292\/revisions"}],"predecessor-version":[{"id":16296,"href":"https:\/\/elfsight.com\/fr\/wp-json\/wp\/v2\/pages\/16292\/revisions\/16296"}],"up":[{"embeddable":true,"href":"https:\/\/elfsight.com\/fr\/wp-json\/wp\/v2\/pages\/16251"}],"wp:attachment":[{"href":"https:\/\/elfsight.com\/fr\/wp-json\/wp\/v2\/media?parent=16292"}],"curies":[{"name":"wp","href":"https:\/\/api.w.org\/{rel}","templated":true}]}}