{"id":16286,"date":"2025-03-11T05:17:03","date_gmt":"2025-03-11T05:17:03","guid":{"rendered":"https:\/\/elfsight.com\/fr\/?page_id=16286"},"modified":"2025-07-10T13:53:28","modified_gmt":"2025-07-10T13:53:28","slug":"godaddy","status":"publish","type":"page","link":"https:\/\/elfsight.com\/fr\/timeline-widget\/godaddy\/","title":{"rendered":"Timeline &#8211; GoDaddy"},"content":{"rendered":"<div class=\"application-platform-content-item-description application-platform-content-item\" id=\"description\" data-nav-section=\"description\"><h2>Plugin de chronologie GoDaddy<\/h2> <p>Am\u00e9liorez votre site Web GoDaddy avec une chronologie interactive et visuellement attrayante. Avec le plugin Timeline d&rsquo;Elfsight, vous pouvez facilement afficher les \u00e9tapes cl\u00e9s, les \u00e9tapes du projet ou les r\u00e9alisations sans aucun codage. Que vous partagiez l&rsquo;historique de votre entreprise, pr\u00e9sentiez le d\u00e9veloppement de produits ou cartographiiez l&rsquo;avancement d&rsquo;un projet, ce plugin vous aide \u00e0 cr\u00e9er une chronologie qui correspond parfaitement aux objectifs de votre site Web.<\/p> <ul> <li><b>Cr\u00e9ez des chronologies interactives sans codage<\/b><br> Concevez et d\u00e9ployez une chronologie enti\u00e8rement fonctionnelle en quelques minutes, sans aucune comp\u00e9tence technique requise. Engagez imm\u00e9diatement vos visiteurs avec une exp\u00e9rience dynamique.<\/li> <li><b>Options de personnalisation avanc\u00e9es<\/b><br> Personnalisez l&rsquo;apparence de votre chronologie en ajustant les mod\u00e8les, les couleurs, les polices et bien plus encore pour cr\u00e9er une exp\u00e9rience visuelle unique adapt\u00e9e \u00e0 la conception de votre site.<\/li> <li><b>Processus d&rsquo;int\u00e9gration transparent<\/b><br> Int\u00e9grez facilement la chronologie dans votre site GoDaddy avec un simple code HTML, aucune exp\u00e9rience de codage n&rsquo;est requise\u00a0!<\/li> <li><b>Support client r\u00e9actif<\/b><br> Notre \u00e9quipe d&rsquo;assistance d\u00e9di\u00e9e est disponible pour vous guider tout au long de la configuration, garantissant ainsi que votre chronologie fonctionne de mani\u00e8re transparente sur votre site.<\/li> <\/ul> <p><b>Commencez \u00e0 utiliser le widget GoDaddy Timeline d&rsquo;Elfsight d\u00e8s aujourd&rsquo;hui pour impliquer vos visiteurs et mettre en \u00e9vidence vos \u00e9tapes importantes de mani\u00e8re visuellement convaincante\u00a0!<\/b><\/p> <\/div><div class=\"application-platform-content-item-features application-platform-content-item\" id=\"features\" data-nav-section=\"features\"><h2>Ce que vous pouvez faire avec la chronologie GoDaddy<\/h2> <ul> <li><strong>Engager visuellement les visiteurs<\/strong><br> Attirez et retenez l&rsquo;attention de votre public en pr\u00e9sentant les \u00e9v\u00e9nements et les jalons cl\u00e9s dans un format interactif et visuellement attrayant.<\/li> <li><strong>Pr\u00e9sentez les progr\u00e8s et les \u00e9v\u00e9nements<\/strong><br> Affichez vos progr\u00e8s dans un ordre chronologique simple. Que vous pr\u00e9sentiez des jalons ou suiviez les \u00e9tapes d&rsquo;un projet, vos visiteurs resteront inform\u00e9s et int\u00e9ress\u00e9s par votre contenu.<\/li> <li><strong>Mettre en \u00e9vidence les principales r\u00e9alisations<\/strong><br> Accordez une attention particuli\u00e8re \u00e0 vos r\u00e9alisations et jalons les plus importants, en les pr\u00e9sentant dans un format attrayant, facile \u00e0 suivre et qui attire l&rsquo;attention.<\/li> <\/ul> <p><a href=\"#demo\">Essayez l&rsquo;\u00e9diteur pour d\u00e9couvrir toutes les fonctionnalit\u00e9s de la chronologie. widget.<\/a><\/p> <\/div><div class=\"application-platform-content-item-installation application-platform-content-item\" id=\"installation\" data-nav-section=\"installation\"><h2>Comment int\u00e9grer une chronologie sur GoDaddy<\/h2> <p>L&rsquo;ajout d&rsquo;une chronologie \u00e0 votre site GoDaddy est simple et ne n\u00e9cessite aucune comp\u00e9tence en codage. Suivez simplement ces \u00e9tapes simples\u00a0:<\/p> <ol> <li><b>Cr\u00e9ez votre timeline personnalis\u00e9e<\/b><br> Choisissez un mod\u00e8le dans l&rsquo;\u00e9diteur, personnalisez-le en fonction de votre style et ajustez la mise en page et les couleurs en fonction de votre image de marque.<\/li> <li><b>Obtenez votre code d&rsquo;int\u00e9gration unique<\/b><br> Une fois votre timeline pr\u00eate, vous recevrez un code d&rsquo;int\u00e9gration HTML unique. Copiez ce code pour l&rsquo;utiliser plus tard.<\/li> <li><b>Int\u00e9grez le code dans votre site GoDaddy<\/b><br> Collez le code d&rsquo;int\u00e9gration HTML dans la section de code de votre site Web GoDaddy, enregistrez vos modifications et votre chronologie interactive sera en ligne\u00a0!<\/li> <li><b>Profitez de votre nouvelle chronologie interactive\u00a0!<\/b><br> Visitez votre site et voyez la chronologie en action\u00a0: captivez et engagez vos visiteurs de mani\u00e8re visuellement dynamique\u00a0!<\/li> <\/ol> <p>Pour des conseils plus d\u00e9taill\u00e9s, consultez notre guide \u00e9tape par \u00e9tape sur <a href=\"https:\/\/elfsight.com\/blog\/how-to-embed-timeline-to-website\/\" target=\"_blank\" rel=\"noopener\">comment ajouter une chronologie \u00e0 votre site Web<\/a>.<\/p> <\/div><div class=\"faq\" data-component=\"FAQ\"> <div class=\"faq-item\">\r\n\t\t\t\t\t<div class=\"faq-item-question\">\r\n\t\t\t\t\t\t<h3 class=\"faq-item-question-text\">Le widget Timeline pour GoDaddy est-il gratuit ?<\/h3>\r\n\r\n\t\t\t\t\t\t<div class=\"faq-item-question-icon\"><\/div>\r\n\t\t\t\t\t<\/div>\r\n\r\n\t\t\t\t\t<div class=\"faq-item-answer\">\r\n\t\t\t\t\t\t<div class=\"faq-item-answer-text\"> Oui, Elfsight propose un mod\u00e8le par abonnement avec un forfait gratuit. Vous pouvez acc\u00e9der gratuitement aux fonctionnalit\u00e9s principales du widget GoDaddy Timeline et passer \u00e0 des fonctionnalit\u00e9s plus avanc\u00e9es avec des forfaits payants. <\/div>\r\n\t\t\t\t\t<\/div>\r\n\t\t\t\t<\/div><div class=\"faq-item\">\r\n\t\t\t\t\t<div class=\"faq-item-question\">\r\n\t\t\t\t\t\t<h3 class=\"faq-item-question-text\">Ai-je besoin de comp\u00e9tences en codage pour utiliser le widget Timeline ?<\/h3>\r\n\r\n\t\t\t\t\t\t<div class=\"faq-item-question-icon\"><\/div>\r\n\t\t\t\t\t<\/div>\r\n\r\n\t\t\t\t\t<div class=\"faq-item-answer\">\r\n\t\t\t\t\t\t<div class=\"faq-item-answer-text\"> Non, le plugin Timeline d&rsquo;Elfsight pour GoDaddy est con\u00e7u pour une utilisation facile. Vous pouvez enti\u00e8rement personnaliser et int\u00e9grer votre chronologie sans aucune expertise technique. <\/div>\r\n\t\t\t\t\t<\/div>\r\n\t\t\t\t<\/div><div class=\"faq-item\">\r\n\t\t\t\t\t<div class=\"faq-item-question\">\r\n\t\t\t\t\t\t<h3 class=\"faq-item-question-text\">Comment puis-je cr\u00e9er une chronologie interactive pour GoDaddy ?<\/h3>\r\n\r\n\t\t\t\t\t\t<div class=\"faq-item-question-icon\"><\/div>\r\n\t\t\t\t\t<\/div>\r\n\r\n\t\t\t\t\t<div class=\"faq-item-answer\">\r\n\t\t\t\t\t\t<div class=\"faq-item-answer-text\"> S\u00e9lectionnez un mod\u00e8le dans notre \u00e9diteur, personnalisez-le en fonction de vos besoins et int\u00e9grez simplement le code HTML fourni dans votre site Web GoDaddy. <\/div>\r\n\t\t\t\t\t<\/div>\r\n\t\t\t\t<\/div><div class=\"faq-item\">\r\n\t\t\t\t\t<div class=\"faq-item-question\">\r\n\t\t\t\t\t\t<h3 class=\"faq-item-question-text\">Quels types de chronologies puis-je cr\u00e9er ?<\/h3>\r\n\r\n\t\t\t\t\t\t<div class=\"faq-item-question-icon\"><\/div>\r\n\t\t\t\t\t<\/div>\r\n\r\n\t\t\t\t\t<div class=\"faq-item-answer\">\r\n\t\t\t\t\t\t<div class=\"faq-item-answer-text\"> Vous pouvez cr\u00e9er diff\u00e9rents types de chronologies pour votre site GoDaddy, tels que\u00a0:<ul> <li><strong>Historique de l&rsquo;entreprise<\/strong>\u00a0: affichez les \u00e9tapes importantes et l&rsquo;\u00e9volution de votre entreprise au fil du temps.<\/li> <li><strong>D\u00e9veloppement de produits<\/strong>\u00a0: pr\u00e9sentez les \u00e9tapes de d\u00e9veloppement de votre produit, de la conception au lancement.<\/li> <li><strong>Progression du projet<\/strong>\u00a0: suivez et affichez diff\u00e9rents phases des projets en cours ou termin\u00e9s.<\/li> <li><strong>Calendriers d&rsquo;\u00e9v\u00e9nements<\/strong>\u00a0: pr\u00e9sentez des \u00e9v\u00e9nements importants, des conf\u00e9rences ou des lancements de produits dans un format facile \u00e0 comprendre.<\/li> <\/ul> <\/div>\r\n\t\t\t\t\t<\/div>\r\n\t\t\t\t<\/div> <\/div>","protected":false},"excerpt":{"rendered":"","protected":false},"author":9,"featured_media":0,"parent":16251,"menu_order":0,"comment_status":"closed","ping_status":"closed","template":"templates\/template-application-platform.php","meta":{"publish_to_discourse":"","publish_post_category":"","wpdc_auto_publish_overridden":"","wpdc_topic_tags":"","wpdc_pin_topic":"","wpdc_pin_until":"","discourse_post_id":"","discourse_permalink":"","wpdc_publishing_response":"","wpdc_publishing_error":"","footnotes":""},"class_list":["post-16286","page","type-page","status-publish","hentry"],"yoast_head":"<!-- This site is optimized with the Yoast SEO plugin v25.3.1 - https:\/\/yoast.com\/wordpress\/plugins\/seo\/ -->\n<title>Widget de chronologie \u2013 Ajoutez une chronologie interactive au site Web GoDaddy | Gratuit<\/title>\n<meta name=\"description\" content=\"Am\u00e9liorez votre site Web GoDaddy avec le widget de chronologie personnalisable d&#039;Elfsight. Affichez les jalons, les r\u00e9alisations ou les \u00e9tapes du projet pour captiver vos visiteurs.\" \/>\n<meta name=\"robots\" content=\"index, follow, max-snippet:-1, max-image-preview:large, max-video-preview:-1\" \/>\n<link rel=\"canonical\" href=\"https:\/\/elfsight.com\/fr\/timeline-widget\/godaddy\/\" \/>\n<meta property=\"og:locale\" content=\"fr_FR\" \/>\n<meta property=\"og:type\" content=\"article\" \/>\n<meta property=\"og:title\" content=\"Widget de chronologie \u2013 Ajoutez une chronologie interactive au site Web GoDaddy | Gratuit\" \/>\n<meta property=\"og:description\" content=\"Am\u00e9liorez votre site Web GoDaddy avec le widget de chronologie personnalisable d&#039;Elfsight. Affichez les jalons, les r\u00e9alisations ou les \u00e9tapes du projet pour captiver vos visiteurs.\" \/>\n<meta property=\"og:url\" content=\"https:\/\/elfsight.com\/fr\/timeline-widget\/godaddy\/\" \/>\n<meta property=\"og:site_name\" content=\"Elfsight FR\" \/>\n<meta property=\"article:modified_time\" content=\"2025-07-10T13:53:28+00:00\" \/>\n<meta name=\"twitter:card\" content=\"summary_large_image\" \/>\n<meta name=\"twitter:label1\" content=\"Dur\u00e9e de lecture estim\u00e9e\" \/>\n\t<meta name=\"twitter:data1\" content=\"4 minutes\" \/>\n<!-- \/ Yoast SEO plugin. -->","yoast_head_json":{"title":"Widget de chronologie \u2013 Ajoutez une chronologie interactive au site Web GoDaddy | Gratuit","description":"Am\u00e9liorez votre site Web GoDaddy avec le widget de chronologie personnalisable d'Elfsight. Affichez les jalons, les r\u00e9alisations ou les \u00e9tapes du projet pour captiver vos visiteurs.","robots":{"index":"index","follow":"follow","max-snippet":"max-snippet:-1","max-image-preview":"max-image-preview:large","max-video-preview":"max-video-preview:-1"},"canonical":"https:\/\/elfsight.com\/fr\/timeline-widget\/godaddy\/","og_locale":"fr_FR","og_type":"article","og_title":"Widget de chronologie \u2013 Ajoutez une chronologie interactive au site Web GoDaddy | Gratuit","og_description":"Am\u00e9liorez votre site Web GoDaddy avec le widget de chronologie personnalisable d'Elfsight. Affichez les jalons, les r\u00e9alisations ou les \u00e9tapes du projet pour captiver vos visiteurs.","og_url":"https:\/\/elfsight.com\/fr\/timeline-widget\/godaddy\/","og_site_name":"Elfsight FR","article_modified_time":"2025-07-10T13:53:28+00:00","twitter_card":"summary_large_image","twitter_misc":{"Dur\u00e9e de lecture estim\u00e9e":"4 minutes"},"schema":{"@context":"https:\/\/schema.org","@graph":[{"@type":"WebPage","@id":"https:\/\/elfsight.com\/fr\/timeline-widget\/godaddy\/","url":"https:\/\/elfsight.com\/fr\/timeline-widget\/godaddy\/","name":"Widget de chronologie \u2013 Ajoutez une chronologie interactive au site Web GoDaddy | Gratuit","isPartOf":{"@id":"https:\/\/elfsight.com\/fr\/#website"},"datePublished":"2025-03-11T05:17:03+00:00","dateModified":"2025-07-10T13:53:28+00:00","description":"Am\u00e9liorez votre site Web GoDaddy avec le widget de chronologie personnalisable d'Elfsight. Affichez les jalons, les r\u00e9alisations ou les \u00e9tapes du projet pour captiver vos visiteurs.","breadcrumb":{"@id":"https:\/\/elfsight.com\/fr\/timeline-widget\/godaddy\/#breadcrumb"},"inLanguage":"fr-FR","potentialAction":[{"@type":"ReadAction","target":["https:\/\/elfsight.com\/fr\/timeline-widget\/godaddy\/"]}]},{"@type":"BreadcrumbList","@id":"https:\/\/elfsight.com\/fr\/timeline-widget\/godaddy\/#breadcrumb","itemListElement":[{"@type":"ListItem","position":1,"name":"Home","item":"https:\/\/elfsight.com\/fr\/"},{"@type":"ListItem","position":2,"name":"Timeline","item":"https:\/\/elfsight.com\/fr\/timeline-widget\/"},{"@type":"ListItem","position":3,"name":"Timeline &#8211; GoDaddy"}]},{"@type":"WebSite","@id":"https:\/\/elfsight.com\/fr\/#website","url":"https:\/\/elfsight.com\/fr\/","name":"Elfsight FR","description":"","potentialAction":[{"@type":"SearchAction","target":{"@type":"EntryPoint","urlTemplate":"https:\/\/elfsight.com\/fr\/?s={search_term_string}"},"query-input":{"@type":"PropertyValueSpecification","valueRequired":true,"valueName":"search_term_string"}}],"inLanguage":"fr-FR"}]}},"meta_box":{"industry":"","seo_heading":"","heading":"","description":"","cta_heading":"","cta_description":"","application":"16250","h1":"Plugin de chronologie pour GoDaddy","h1_caption":"Affichez une chronologie interactive des \u00e9v\u00e9nements sur votre site Web GoDaddy pour pr\u00e9senter les \u00e9tapes et les r\u00e9alisations importantes","application_category":[],"applications_title":"","applications_request_title":"","applications_request_button_text":"","hero_text":"","hero_video":"","hero_video_schema_markup":"","selling_points_title":"","selling_points_caption":"","selling_points":[],"selling_points_cta_text":"","features_title":"","features":"","ed_cta_examples_text":"","ed_cta_examples_hidden":"","ed_cta_demo_text":"","ed_cta_demo_hidden":"","why_caption":"","why_editor_title":"","why_editor_text":"","why_team_title":"","why_team_text":"","why_service_title":"","why_service_text":"","template_catalog_visible":"","template_catalog_title":"","template_catalog_text":"","template_catalog_categories_visible":"","demo_title":"Cr\u00e9ez votre plugin GoDaddy Timeline","demo_caption":"Personnalisez votre chronologie et ajoutez-la \u00e0 votre site Web en toute simplicit\u00e9\u00a0!","default_faq_hidden":"","app_template_category":[],"platform":"2389","template_public_id":"","codecanyon_url":"","codecanyon_item_id":"","codecanyon_price":"","pricing_caption":"","pricing_elfsight_apps_hide_column":"","pricing_elfsight_apps_url":"","pricing_codecanyon_price_caption":"","integration_category":[],"integration_request_title":"","integration_request_cta":"","integration_platform":"","integrations":[],"platform_category":[],"video_schema_markup":"","price":"\u00e0 partir de 0$ \/ mois","trial":"","benefits":[],"button_url":"#demo","button_target_blank":"0","button_nofollow":"0","attributes":[{"name":"Installations","content":"50,000 - 100,000","_state":"expanded"},{"name":"Sensible","content":"Oui","_state":"expanded"},{"name":"Navigateurs compatibles","content":"Firefox, Safari, Opera, Chrome, Edge","_state":"expanded"}],"tags":[],"tags_disable_links":"","hide_more_platforms":"","video_object":"","demo_hide_cta":"0","demo_hide_cloud_options":"","pricing_title":"","pricing":[{"pricing_icon":"platform","pricing_title":"Elfsight Apps","pricing_title_caption":"Logiciel multiplateforme adapt\u00e9 \u00e0 n'importe quel site","pricing_price":"\u00e0 partir de 0$ \/ mois","pricing_price_caption":"commencez avec un forfait gratuit","pricing_benefits":"[object Object],[object Object],[object Object],[object Object]","pricing_button_text":"Ajouter au site Web","pricing_button_url":"#demo"}],"related_apps_title":"","related_apps_hidden":"","author":"","image":[],"title":"","job":"","social_networks":[]},"_links":{"self":[{"href":"https:\/\/elfsight.com\/fr\/wp-json\/wp\/v2\/pages\/16286","targetHints":{"allow":["GET"]}}],"collection":[{"href":"https:\/\/elfsight.com\/fr\/wp-json\/wp\/v2\/pages"}],"about":[{"href":"https:\/\/elfsight.com\/fr\/wp-json\/wp\/v2\/types\/page"}],"author":[{"embeddable":true,"href":"https:\/\/elfsight.com\/fr\/wp-json\/wp\/v2\/users\/9"}],"replies":[{"embeddable":true,"href":"https:\/\/elfsight.com\/fr\/wp-json\/wp\/v2\/comments?post=16286"}],"version-history":[{"count":1,"href":"https:\/\/elfsight.com\/fr\/wp-json\/wp\/v2\/pages\/16286\/revisions"}],"predecessor-version":[{"id":16290,"href":"https:\/\/elfsight.com\/fr\/wp-json\/wp\/v2\/pages\/16286\/revisions\/16290"}],"up":[{"embeddable":true,"href":"https:\/\/elfsight.com\/fr\/wp-json\/wp\/v2\/pages\/16251"}],"wp:attachment":[{"href":"https:\/\/elfsight.com\/fr\/wp-json\/wp\/v2\/media?parent=16286"}],"curies":[{"name":"wp","href":"https:\/\/api.w.org\/{rel}","templated":true}]}}