{"id":16285,"date":"2025-03-11T05:32:09","date_gmt":"2025-03-11T05:32:09","guid":{"rendered":"https:\/\/elfsight.com\/fr\/?page_id=16285"},"modified":"2025-07-10T13:53:49","modified_gmt":"2025-07-10T13:53:49","slug":"jimdo","status":"publish","type":"page","link":"https:\/\/elfsight.com\/fr\/timeline-widget\/jimdo\/","title":{"rendered":"Timeline &#8211; Jimdo"},"content":{"rendered":"<div class=\"application-platform-content-item-description application-platform-content-item\" id=\"description\" data-nav-section=\"description\"><h2>Plugin Jimdo Timeline<\/h2> <p>Transformez votre site Web Jimdo avec une chronologie interactive et visuellement attrayante qui pr\u00e9sente vos jalons, vos \u00e9v\u00e9nements cl\u00e9s ou les \u00e9tapes de votre projet. Avec le widget Timeline d&rsquo;Elfsight, vous pouvez facilement cr\u00e9er une timeline dynamique et enti\u00e8rement personnalisable qui ne n\u00e9cessite aucune comp\u00e9tence en codage. Que vous pr\u00e9sentiez l&rsquo;historique de votre entreprise, suiviez les phases d&rsquo;un projet ou mettiez en \u00e9vidence le d\u00e9veloppement d&rsquo;un produit, ce plugin vous permet de cr\u00e9er une chronologie unique qui correspond \u00e0 vos besoins et aide \u00e0 captiver vos visiteurs.<\/p> <ul> <li><b>Cr\u00e9ez des chronologies interactives sans code<\/b><br> Concevez et lancez une chronologie enti\u00e8rement fonctionnelle en quelques minutes seulement, sans aucune expertise en programmation requise. Commencez imm\u00e9diatement \u00e0 impliquer vos visiteurs avec une exp\u00e9rience interactive et dynamique.<\/li> <li><b>Options de personnalisation avanc\u00e9es<\/b><br> Personnalisez chaque aspect de votre chronologie, y compris les mises en page, les couleurs, les polices et les param\u00e8tres, pour vous assurer qu&rsquo;elle correspond \u00e0 l&rsquo;apparence de votre site Web.<\/li> <li><b>Processus d&rsquo;int\u00e9gration transparent<\/b><br> Int\u00e9grez votre chronologie personnalis\u00e9e dans votre site Web Jimdo \u00e0 l&rsquo;aide d&rsquo;un simple code d&rsquo;int\u00e9gration HTML, sans aucun probl\u00e8me technique.<\/li> <li><b>Support client r\u00e9actif<\/b><br> Notre \u00e9quipe d&rsquo;assistance d\u00e9di\u00e9e est disponible pour vous aider \u00e0 la configuration, garantissant ainsi le bon fonctionnement de votre chronologie sur votre site.<\/li> <\/ul> <p><b>Commencez \u00e0 utiliser le widget Chronologie d&rsquo;Elfsight pour engager vos visiteurs et pr\u00e9senter vos \u00e9tapes importantes de mani\u00e8re visuellement convaincante\u00a0!<\/b><\/p> <\/div><div class=\"application-platform-content-item-features application-platform-content-item\" id=\"features\" data-nav-section=\"features\"><h2>Ce que vous pouvez faire avec la chronologie Jimdo<\/h2> <ul> <li><strong>Engagez visuellement votre public<\/strong><br> Captez l&rsquo;attention de vos visiteurs en pr\u00e9sentant votre chronologie et vos jalons dans un format dynamique et interactif qui encourage l&rsquo;exploration et l&rsquo;engagement.<\/li> <li><strong>Pr\u00e9sentez les progr\u00e8s et les \u00e9v\u00e9nements<\/strong><br> Affichez les jalons cl\u00e9s ou les \u00e9tapes de votre projet dans un ordre chronologique, permettant \u00e0 vos visiteurs de suivre plus facilement votre parcours et de rester inform\u00e9s de votre progr\u00e8s.<\/li> <li><strong>Mettez en surbrillance les principales r\u00e9alisations<\/strong><br> Donnez un accent particulier \u00e0 vos r\u00e9alisations ou \u00e9tapes les plus significatives, en les affichant dans un format clair et visuellement attrayant qui attire le regard.<\/li> <\/ul> <p><a href=\"#demo\">Essayez l&rsquo;\u00e9diteur pour d\u00e9couvrir toutes les fonctionnalit\u00e9s du widget Chronologie.<\/a><\/p> <\/div><div class=\"application-platform-content-item-installation application-platform-content-item\" id=\"installation\" data-nav-section=\"installation\"><h2>Comment int\u00e9grer une timeline sur Jimdo<\/h2> <p>Ajouter une timeline \u00e0 votre site Jimdo est simple et rapide, sans aucune comp\u00e9tence en codage requise. Suivez simplement ces \u00e9tapes\u00a0:<\/p> <ol> <li><b>Cr\u00e9ez votre chronologie personnalis\u00e9e<\/b><br> Choisissez un design dans l&rsquo;\u00e9diteur et personnalisez-le en fonction du th\u00e8me de votre site. Vous pouvez ajuster la mise en page, les couleurs et les polices en fonction de votre image de marque.<\/li> <li><b>Obtenez votre code d&rsquo;int\u00e9gration unique<\/b><br> Une fois votre chronologie personnalis\u00e9e, vous recevrez un code HTML unique. Copiez ce code pour l&rsquo;utiliser plus tard.<\/li> <li><b>Int\u00e9grez le code dans votre site Jimdo<\/b><br> Collez le code d&rsquo;int\u00e9gration dans la section appropri\u00e9e de votre site Jimdo et enregistrez vos modifications. Votre chronologie interactive sera en ligne\u00a0!<\/li> <li><b>Profitez de votre chronologie interactive\u00a0!<\/b><br> Acc\u00e9dez \u00e0 votre site Web et voyez votre chronologie en action, captivant vos visiteurs de mani\u00e8re visuellement dynamique.<\/li> <\/ol> <p>Pour des instructions plus d\u00e9taill\u00e9es, consultez notre guide sur <a href=\"https:\/\/elfsight.com\/blog\/how-to-embed-timeline-to-website\/\" target=\"_blank\" rel=\"noopener\">comment ajouter une timeline \u00e0 votre site Web<\/a>.<\/p> <\/div><div class=\"faq\" data-component=\"FAQ\"><div class=\"faq-item\">\r\n\t\t\t\t\t<div class=\"faq-item-question\">\r\n\t\t\t\t\t\t<h3 class=\"faq-item-question-text\">Le widget Timeline pour Jimdo est-il gratuit ?<\/h3>\r\n\r\n\t\t\t\t\t\t<div class=\"faq-item-question-icon\"><\/div>\r\n\t\t\t\t\t<\/div>\r\n\r\n\t\t\t\t\t<div class=\"faq-item-answer\">\r\n\t\t\t\t\t\t<div class=\"faq-item-answer-text\">Oui, Elfsight propose un forfait gratuit pour le widget Timeline, qui vous donne acc\u00e8s aux fonctionnalit\u00e9s de base. Pour une personnalisation suppl\u00e9mentaire et des options avanc\u00e9es, vous pouvez passer \u00e0 un forfait payant.<\/div>\r\n\t\t\t\t\t<\/div>\r\n\t\t\t\t<\/div><div class=\"faq-item\">\r\n\t\t\t\t\t<div class=\"faq-item-question\">\r\n\t\t\t\t\t\t<h3 class=\"faq-item-question-text\">Dois-je avoir des comp\u00e9tences en codage pour utiliser le widget Timeline ?<\/h3>\r\n\r\n\t\t\t\t\t\t<div class=\"faq-item-question-icon\"><\/div>\r\n\t\t\t\t\t<\/div>\r\n\r\n\t\t\t\t\t<div class=\"faq-item-answer\">\r\n\t\t\t\t\t\t<div class=\"faq-item-answer-text\">Non, le plugin Timeline d&rsquo;Elfsight pour Jimdo ne n\u00e9cessite aucune connaissance en codage. Vous pouvez facilement personnaliser et int\u00e9grer votre timeline \u00e0 l&rsquo;aide de notre \u00e9diteur intuitif.<\/div>\r\n\t\t\t\t\t<\/div>\r\n\t\t\t\t<\/div><div class=\"faq-item\">\r\n\t\t\t\t\t<div class=\"faq-item-question\">\r\n\t\t\t\t\t\t<h3 class=\"faq-item-question-text\">Comment puis-je cr\u00e9er une timeline interactive pour Jimdo ?<\/h3>\r\n\r\n\t\t\t\t\t\t<div class=\"faq-item-question-icon\"><\/div>\r\n\t\t\t\t\t<\/div>\r\n\r\n\t\t\t\t\t<div class=\"faq-item-answer\">\r\n\t\t\t\t\t\t<div class=\"faq-item-answer-text\"> Choisissez un mod\u00e8le dans l&rsquo;\u00e9diteur, personnalisez-le en fonction de vos besoins, puis int\u00e9grez le code HTML fourni \u00e0 votre site Jimdo.<\/div>\r\n\t\t\t\t\t<\/div>\r\n\t\t\t\t<\/div><div class=\"faq-item\">\r\n\t\t\t\t\t<div class=\"faq-item-question\">\r\n\t\t\t\t\t\t<h3 class=\"faq-item-question-text\">Quels types de timelines puis-je cr\u00e9er ?<\/h3>\r\n\r\n\t\t\t\t\t\t<div class=\"faq-item-question-icon\"><\/div>\r\n\t\t\t\t\t<\/div>\r\n\r\n\t\t\t\t\t<div class=\"faq-item-answer\">\r\n\t\t\t\t\t\t<div class=\"faq-item-answer-text\">Vous pouvez cr\u00e9er plusieurs types de timelines pour votre site Jimdo, tels que comme\u00a0:<ul> <li><strong>Historique de l&rsquo;entreprise<\/strong>\u00a0: affichez l&rsquo;\u00e9volution de votre entreprise et les \u00e9tapes cl\u00e9s.<\/li> <li><strong>Chronologie du projet<\/strong>\u00a0: pr\u00e9sentez les \u00e9tapes et l&rsquo;avancement de vos projets en cours ou termin\u00e9s.<\/li> <li><strong>D\u00e9veloppement de produits<\/strong>\u00a0: illustrez le parcours de votre produit du concept au lancement.<\/li> <li><strong>Calendriers des \u00e9v\u00e9nements<\/strong>\u00a0: pr\u00e9sentez les calendriers des \u00e9v\u00e9nements, des conf\u00e9rences ou des lancements de produits dans un format format facile \u00e0 comprendre.<\/li> <\/ul> <\/div>\r\n\t\t\t\t\t<\/div>\r\n\t\t\t\t<\/div> <\/div>","protected":false},"excerpt":{"rendered":"","protected":false},"author":9,"featured_media":0,"parent":16251,"menu_order":0,"comment_status":"closed","ping_status":"closed","template":"templates\/template-application-platform.php","meta":{"publish_to_discourse":"","publish_post_category":"","wpdc_auto_publish_overridden":"","wpdc_topic_tags":"","wpdc_pin_topic":"","wpdc_pin_until":"","discourse_post_id":"","discourse_permalink":"","wpdc_publishing_response":"","wpdc_publishing_error":"","footnotes":""},"class_list":["post-16285","page","type-page","status-publish","hentry"],"yoast_head":"<!-- This site is optimized with the Yoast SEO plugin v25.3.1 - https:\/\/yoast.com\/wordpress\/plugins\/seo\/ -->\n<title>Widget Timeline \u2013 Ajoutez une ligne d&#039;historique interactive \u00e0 Jimdo (gratuit)<\/title>\n<meta name=\"description\" content=\"Am\u00e9liorez votre site Web Jimdo avec une chronologie personnalisable. Pr\u00e9sentez les jalons, les \u00e9v\u00e9nements et les progr\u00e8s avec le widget de chronologie facile \u00e0 utiliser d&#039;Elfsight.\" \/>\n<meta name=\"robots\" content=\"index, follow, max-snippet:-1, max-image-preview:large, max-video-preview:-1\" \/>\n<link rel=\"canonical\" href=\"https:\/\/elfsight.com\/fr\/timeline-widget\/jimdo\/\" \/>\n<meta property=\"og:locale\" content=\"fr_FR\" \/>\n<meta property=\"og:type\" content=\"article\" \/>\n<meta property=\"og:title\" content=\"Widget Timeline \u2013 Ajoutez une ligne d&#039;historique interactive \u00e0 Jimdo (gratuit)\" \/>\n<meta property=\"og:description\" content=\"Am\u00e9liorez votre site Web Jimdo avec une chronologie personnalisable. Pr\u00e9sentez les jalons, les \u00e9v\u00e9nements et les progr\u00e8s avec le widget de chronologie facile \u00e0 utiliser d&#039;Elfsight.\" \/>\n<meta property=\"og:url\" content=\"https:\/\/elfsight.com\/fr\/timeline-widget\/jimdo\/\" \/>\n<meta property=\"og:site_name\" content=\"Elfsight FR\" \/>\n<meta property=\"article:modified_time\" content=\"2025-07-10T13:53:49+00:00\" \/>\n<meta name=\"twitter:card\" content=\"summary_large_image\" \/>\n<meta name=\"twitter:label1\" content=\"Dur\u00e9e de lecture estim\u00e9e\" \/>\n\t<meta name=\"twitter:data1\" content=\"4 minutes\" \/>\n<!-- \/ Yoast SEO plugin. -->","yoast_head_json":{"title":"Widget Timeline \u2013 Ajoutez une ligne d'historique interactive \u00e0 Jimdo (gratuit)","description":"Am\u00e9liorez votre site Web Jimdo avec une chronologie personnalisable. Pr\u00e9sentez les jalons, les \u00e9v\u00e9nements et les progr\u00e8s avec le widget de chronologie facile \u00e0 utiliser d'Elfsight.","robots":{"index":"index","follow":"follow","max-snippet":"max-snippet:-1","max-image-preview":"max-image-preview:large","max-video-preview":"max-video-preview:-1"},"canonical":"https:\/\/elfsight.com\/fr\/timeline-widget\/jimdo\/","og_locale":"fr_FR","og_type":"article","og_title":"Widget Timeline \u2013 Ajoutez une ligne d'historique interactive \u00e0 Jimdo (gratuit)","og_description":"Am\u00e9liorez votre site Web Jimdo avec une chronologie personnalisable. Pr\u00e9sentez les jalons, les \u00e9v\u00e9nements et les progr\u00e8s avec le widget de chronologie facile \u00e0 utiliser d'Elfsight.","og_url":"https:\/\/elfsight.com\/fr\/timeline-widget\/jimdo\/","og_site_name":"Elfsight FR","article_modified_time":"2025-07-10T13:53:49+00:00","twitter_card":"summary_large_image","twitter_misc":{"Dur\u00e9e de lecture estim\u00e9e":"4 minutes"},"schema":{"@context":"https:\/\/schema.org","@graph":[{"@type":"WebPage","@id":"https:\/\/elfsight.com\/fr\/timeline-widget\/jimdo\/","url":"https:\/\/elfsight.com\/fr\/timeline-widget\/jimdo\/","name":"Widget Timeline \u2013 Ajoutez une ligne d'historique interactive \u00e0 Jimdo (gratuit)","isPartOf":{"@id":"https:\/\/elfsight.com\/fr\/#website"},"datePublished":"2025-03-11T05:32:09+00:00","dateModified":"2025-07-10T13:53:49+00:00","description":"Am\u00e9liorez votre site Web Jimdo avec une chronologie personnalisable. Pr\u00e9sentez les jalons, les \u00e9v\u00e9nements et les progr\u00e8s avec le widget de chronologie facile \u00e0 utiliser d'Elfsight.","breadcrumb":{"@id":"https:\/\/elfsight.com\/fr\/timeline-widget\/jimdo\/#breadcrumb"},"inLanguage":"fr-FR","potentialAction":[{"@type":"ReadAction","target":["https:\/\/elfsight.com\/fr\/timeline-widget\/jimdo\/"]}]},{"@type":"BreadcrumbList","@id":"https:\/\/elfsight.com\/fr\/timeline-widget\/jimdo\/#breadcrumb","itemListElement":[{"@type":"ListItem","position":1,"name":"Home","item":"https:\/\/elfsight.com\/fr\/"},{"@type":"ListItem","position":2,"name":"Timeline","item":"https:\/\/elfsight.com\/fr\/timeline-widget\/"},{"@type":"ListItem","position":3,"name":"Timeline &#8211; Jimdo"}]},{"@type":"WebSite","@id":"https:\/\/elfsight.com\/fr\/#website","url":"https:\/\/elfsight.com\/fr\/","name":"Elfsight FR","description":"","potentialAction":[{"@type":"SearchAction","target":{"@type":"EntryPoint","urlTemplate":"https:\/\/elfsight.com\/fr\/?s={search_term_string}"},"query-input":{"@type":"PropertyValueSpecification","valueRequired":true,"valueName":"search_term_string"}}],"inLanguage":"fr-FR"}]}},"meta_box":{"industry":"","seo_heading":"","heading":"","description":"","cta_heading":"","cta_description":"","application":"16250","h1":"Widget de chronologie pour Jimdo","h1_caption":"Affichez une chronologie des \u00e9v\u00e9nements pour raconter votre histoire, pr\u00e9senter l'avancement du projet ou les \u00e9tapes cl\u00e9s de mani\u00e8re visuellement attrayante.","application_category":[],"applications_title":"","applications_request_title":"","applications_request_button_text":"","hero_text":"","hero_video":"","hero_video_schema_markup":"","selling_points_title":"","selling_points_caption":"","selling_points":[],"selling_points_cta_text":"","features_title":"","features":"","ed_cta_examples_text":"","ed_cta_examples_hidden":"","ed_cta_demo_text":"","ed_cta_demo_hidden":"","why_caption":"","why_editor_title":"","why_editor_text":"","why_team_title":"","why_team_text":"","why_service_title":"","why_service_text":"","template_catalog_visible":"","template_catalog_title":"","template_catalog_text":"","template_catalog_categories_visible":"","demo_title":"Cr\u00e9ez votre widget Timeline Jimdo","demo_caption":"Personnalisez votre chronologie et ajoutez-la \u00e0 votre site Web en toute simplicit\u00e9\u00a0!","default_faq_hidden":"","app_template_category":[],"platform":"2387","template_public_id":"","codecanyon_url":"","codecanyon_item_id":"","codecanyon_price":"","pricing_caption":"","pricing_elfsight_apps_hide_column":"","pricing_elfsight_apps_url":"","pricing_codecanyon_price_caption":"","integration_category":[],"integration_request_title":"","integration_request_cta":"","integration_platform":"","integrations":[],"platform_category":[],"video_schema_markup":"","price":"\u00e0 partir de 0$ \/ mois","trial":"","benefits":[],"button_url":"#demo","button_target_blank":"0","button_nofollow":"0","attributes":[{"name":"Installations","content":"50,000 - 100,000","_state":"expanded"},{"name":"Sensible","content":"Oui","_state":"expanded"},{"name":"Navigateurs compatibles","content":"Firefox, Safari, Opera, Chrome, Edge","_state":"expanded"}],"tags":[],"tags_disable_links":"","hide_more_platforms":"","video_object":"","demo_hide_cta":"0","demo_hide_cloud_options":"","pricing_title":"","pricing":[{"pricing_icon":"platform","pricing_title":"Elfsight Apps","pricing_title_caption":"Logiciel multiplateforme adapt\u00e9 \u00e0 n'importe quel site","pricing_price":"\u00e0 partir de 0$ \/ mois","pricing_price_caption":"commencez avec un forfait gratuit","pricing_benefits":"[object Object],[object Object],[object Object],[object Object]","pricing_button_text":"Ajouter au site Web","pricing_button_url":"#demo"}],"related_apps_title":"","related_apps_hidden":"","author":"","image":[],"title":"","job":"","social_networks":[]},"_links":{"self":[{"href":"https:\/\/elfsight.com\/fr\/wp-json\/wp\/v2\/pages\/16285","targetHints":{"allow":["GET"]}}],"collection":[{"href":"https:\/\/elfsight.com\/fr\/wp-json\/wp\/v2\/pages"}],"about":[{"href":"https:\/\/elfsight.com\/fr\/wp-json\/wp\/v2\/types\/page"}],"author":[{"embeddable":true,"href":"https:\/\/elfsight.com\/fr\/wp-json\/wp\/v2\/users\/9"}],"replies":[{"embeddable":true,"href":"https:\/\/elfsight.com\/fr\/wp-json\/wp\/v2\/comments?post=16285"}],"version-history":[{"count":1,"href":"https:\/\/elfsight.com\/fr\/wp-json\/wp\/v2\/pages\/16285\/revisions"}],"predecessor-version":[{"id":16289,"href":"https:\/\/elfsight.com\/fr\/wp-json\/wp\/v2\/pages\/16285\/revisions\/16289"}],"up":[{"embeddable":true,"href":"https:\/\/elfsight.com\/fr\/wp-json\/wp\/v2\/pages\/16251"}],"wp:attachment":[{"href":"https:\/\/elfsight.com\/fr\/wp-json\/wp\/v2\/media?parent=16285"}],"curies":[{"name":"wp","href":"https:\/\/api.w.org\/{rel}","templated":true}]}}