{"id":16279,"date":"2025-03-11T06:16:15","date_gmt":"2025-03-11T06:16:15","guid":{"rendered":"https:\/\/elfsight.com\/fr\/?page_id=16279"},"modified":"2025-07-10T13:54:00","modified_gmt":"2025-07-10T13:54:00","slug":"magento","status":"publish","type":"page","link":"https:\/\/elfsight.com\/fr\/timeline-widget\/magento\/","title":{"rendered":"Timeline &#8211; Magento"},"content":{"rendered":"<div class=\"application-platform-content-item-description application-platform-content-item\" id=\"description\" data-nav-section=\"description\"><h2>Magento Timeline Builder<\/h2> <p>\u00c9levez votre boutique Magento avec une chronologie interactive et visuellement attrayante pour afficher vos principaux jalons, r\u00e9alisations ou \u00e9tapes de projet. Avec le widget Timeline d&rsquo;Elfsight pour Magento, vous pouvez facilement cr\u00e9er une chronologie r\u00e9active et enti\u00e8rement personnalisable qui s&rsquo;aligne parfaitement avec l&rsquo;image de marque de votre magasin \u2014 aucune comp\u00e9tence en codage n&rsquo;est requise. Que vous souhaitiez pr\u00e9senter l&rsquo;histoire de votre entreprise, suivre le d\u00e9veloppement de produits ou mettre en \u00e9vidence des \u00e9v\u00e9nements sp\u00e9ciaux, ce plugin vous permet de cr\u00e9er une exp\u00e9rience unique et engageante pour vos visiteurs.<\/p> <ul> <li><b>Cr\u00e9ez des chronologies interactives sans code<\/b><br> Cr\u00e9ez une chronologie interactive enti\u00e8rement fonctionnelle en quelques minutes, sans expertise technique. Commencez imm\u00e9diatement \u00e0 engager vos clients avec une exp\u00e9rience visuelle dynamique.<\/li> <li><b>Options de personnalisation avanc\u00e9es<\/b><br> Modifiez le design, la mise en page, les couleurs, les polices et bien plus encore pour vous assurer que votre chronologie compl\u00e8te l&rsquo;apparence de votre boutique.<\/li> <li><b>Processus d&rsquo;int\u00e9gration transparent<\/b><br> Int\u00e9grez facilement votre chronologie dans votre boutique Magento \u00e0 l&rsquo;aide d&rsquo;un simple code d&rsquo;int\u00e9gration HTML, sans probl\u00e8mes techniques.<\/li> <li><b>Support client r\u00e9actif<\/b><br> Notre \u00e9quipe d&rsquo;assistance d\u00e9di\u00e9e est toujours disponible pour vous guider tout au long de la configuration, garantissant ainsi le bon fonctionnement de votre chronologie sur votre site.<\/li> <\/ul> <p><b>Essayez le widget Elfsight Timeline pour engager vos visiteurs en pr\u00e9sentant vos jalons et vos r\u00e9alisations de mani\u00e8re visuellement dynamique\u00a0!<\/b><\/p> <\/div><div class=\"application-platform-content-item-features application-platform-content-item\" id=\"features\" data-nav-section=\"features\"><h2>Ce que vous pouvez faire avec la chronologie Magento<\/h2> <ul> <li><strong>Engager visuellement les visiteurs<\/strong><br> Captivez votre public avec une chronologie interactive qui affiche les \u00e9tapes cl\u00e9s, les lancements de produits et les r\u00e9alisations de l&rsquo;entreprise. Une chronologie visuelle aide les utilisateurs \u00e0 suivre facilement votre parcours et \u00e0 rester engag\u00e9s.<\/li> <li><strong>Pr\u00e9sentez les progr\u00e8s et les jalons<\/strong><br> Affichez vos jalons, les \u00e9tapes de d\u00e9veloppement de produits et les \u00e9v\u00e9nements importants par ordre chronologique. Cela aide les visiteurs \u00e0 comprendre votre processus et les maintient int\u00e9ress\u00e9s par la croissance de votre magasin.<\/li> <li><strong>Mettez en \u00e9vidence les principales r\u00e9alisations<\/strong><br> Mettez l&rsquo;accent sur vos \u00e9tapes, r\u00e9alisations ou \u00e9v\u00e9nements les plus importants avec une pr\u00e9sentation de chronologie accrocheuse qui invite \u00e0 une exploration plus approfondie.<\/li> <\/ul> <p><a href=\"#demo\">Essayez l&rsquo;\u00e9diteur maintenant pour explorer toutes les fonctionnalit\u00e9s du widget Chronologie.<\/a><\/p> <\/div><div class=\"application-platform-content-item-installation application-platform-content-item\" id=\"installation\" data-nav-section=\"installation\"><h2>Comment int\u00e9grer une timeline sur Magento<\/h2> <p>L&rsquo;ajout de l&rsquo;extension Timeline \u00e0 votre boutique Magento est simple et ne n\u00e9cessite aucune connaissance en codage. Suivez simplement ces \u00e9tapes simples\u00a0:<\/p> <ol> <li><b>Cr\u00e9ez votre chronologie Magento personnalis\u00e9e<\/b><br> S\u00e9lectionnez un mod\u00e8le dans l&rsquo;\u00e9diteur et personnalisez-le en fonction du design et de l&rsquo;image de marque de votre boutique. Modifiez la mise en page, ajoutez des jalons et ajustez l&rsquo;apparence en fonction de vos besoins.<\/li> <li><b>Obtenez votre code d&rsquo;int\u00e9gration unique<\/b><br> Une fois que vous \u00eates satisfait de la conception de votre chronologie, vous recevrez un code d&rsquo;int\u00e9gration HTML unique. Copiez ce code pour une utilisation ult\u00e9rieure.<\/li> <li><b>Int\u00e9grez le code dans votre boutique Magento<\/b><br> Collez le code HTML copi\u00e9 dans la section appropri\u00e9e de votre site Web Magento. Enregistrez les modifications et votre chronologie interactive sera en ligne\u00a0!<\/li> <li><b>Profitez de votre nouvelle chronologie interactive\u00a0!<\/b><br> Visitez votre magasin pour voir votre chronologie en action et commencez \u00e0 engager les clients avec une exp\u00e9rience visuellement attrayante\u00a0!<\/li> <\/ol> <p>Pour des instructions plus d\u00e9taill\u00e9es, consultez notre guide complet sur <a href=\"https:\/\/elfsight.com\/blog\/how-to-embed-timeline-to-website\/\" target=\"_blank\" rel=\"noopener\">comment ajouter une chronologie \u00e0 votre site Web<\/a>.<\/p> <\/div><div class=\"faq\" data-component=\"FAQ\"><div class=\"faq-item\">\r\n\t\t\t\t\t<div class=\"faq-item-question\">\r\n\t\t\t\t\t\t<h3 class=\"faq-item-question-text\">L'extension Timeline pour Magento est-elle gratuite ?<\/h3>\r\n\r\n\t\t\t\t\t\t<div class=\"faq-item-question-icon\"><\/div>\r\n\t\t\t\t\t<\/div>\r\n\r\n\t\t\t\t\t<div class=\"faq-item-answer\">\r\n\t\t\t\t\t\t<div class=\"faq-item-answer-text\">Oui, Elfsight propose un mod\u00e8le d&rsquo;abonnement \u00e0 plusieurs niveaux, y compris un plan gratuit. Vous pouvez acc\u00e9der gratuitement aux fonctionnalit\u00e9s essentielles du widget Timeline, avec des options de personnalisation suppl\u00e9mentaires disponibles dans les forfaits payants.<\/div>\r\n\t\t\t\t\t<\/div>\r\n\t\t\t\t<\/div><div class=\"faq-item\">\r\n\t\t\t\t\t<div class=\"faq-item-question\">\r\n\t\t\t\t\t\t<h3 class=\"faq-item-question-text\">Dois-je avoir des comp\u00e9tences en codage pour utiliser le widget Timeline pour Magento ?<\/h3>\r\n\r\n\t\t\t\t\t\t<div class=\"faq-item-question-icon\"><\/div>\r\n\t\t\t\t\t<\/div>\r\n\r\n\t\t\t\t\t<div class=\"faq-item-answer\">\r\n\t\t\t\t\t\t<div class=\"faq-item-answer-text\">Non, le g\u00e9n\u00e9rateur Magento Timeline d&rsquo;Elfsight ne n\u00e9cessite aucune exp\u00e9rience en codage. Vous pouvez facilement cr\u00e9er, personnaliser et int\u00e9grer votre chronologie \u00e0 l&rsquo;aide de notre \u00e9diteur intuitif.<\/div>\r\n\t\t\t\t\t<\/div>\r\n\t\t\t\t<\/div><div class=\"faq-item\">\r\n\t\t\t\t\t<div class=\"faq-item-question\">\r\n\t\t\t\t\t\t<h3 class=\"faq-item-question-text\">Comment puis-je cr\u00e9er une chronologie interactive pour Magento ?<\/h3>\r\n\r\n\t\t\t\t\t\t<div class=\"faq-item-question-icon\"><\/div>\r\n\t\t\t\t\t<\/div>\r\n\r\n\t\t\t\t\t<div class=\"faq-item-answer\">\r\n\t\t\t\t\t\t<div class=\"faq-item-answer-text\">Choisissez simplement un mod\u00e8le dans l&rsquo;\u00e9diteur, personnalisez-le selon vos besoins, puis int\u00e9grez le code HTML fourni dans votre boutique Magento.<\/div>\r\n\t\t\t\t\t<\/div>\r\n\t\t\t\t<\/div><div class=\"faq-item\">\r\n\t\t\t\t\t<div class=\"faq-item-question\">\r\n\t\t\t\t\t\t<h3 class=\"faq-item-question-text\">Quels types de chronologies puis-je cr\u00e9er pour Magento ?<\/h3>\r\n\r\n\t\t\t\t\t\t<div class=\"faq-item-question-icon\"><\/div>\r\n\t\t\t\t\t<\/div>\r\n\r\n\t\t\t\t\t<div class=\"faq-item-answer\">\r\n\t\t\t\t\t\t<div class=\"faq-item-answer-text\">Vous pouvez cr\u00e9er une vari\u00e9t\u00e9 de chronologies pour r\u00e9pondre \u00e0 vos besoins, notamment\u00a0:<ul> <li><strong>Historique de l&rsquo;entreprise<\/strong>\u00a0: pr\u00e9sentez la croissance et l&rsquo;\u00e9volution de votre entreprise au fil du temps.<\/li> <li><strong>D\u00e9veloppement de produits<\/strong>\u00a0: mettez en valeur le parcours de votre produit, de la conception au lancement.<\/li> <li><strong>Chronologie du projet<\/strong>\u00a0: suivez les \u00e9tapes des projets en cours ou termin\u00e9s.<\/li> <li><strong>Calendriers des \u00e9v\u00e9nements<\/strong>\u00a0: affichez les \u00e9v\u00e9nements cl\u00e9s tels que les lancements de produits, les ventes ou le magasin. anniversaires.<\/li> <\/ul> <\/div>\r\n\t\t\t\t\t<\/div>\r\n\t\t\t\t<\/div> <\/div>","protected":false},"excerpt":{"rendered":"","protected":false},"author":9,"featured_media":0,"parent":16251,"menu_order":0,"comment_status":"closed","ping_status":"closed","template":"templates\/template-application-platform.php","meta":{"publish_to_discourse":"","publish_post_category":"","wpdc_auto_publish_overridden":"","wpdc_topic_tags":"","wpdc_pin_topic":"","wpdc_pin_until":"","discourse_post_id":"","discourse_permalink":"","wpdc_publishing_response":"","wpdc_publishing_error":"","footnotes":""},"class_list":["post-16279","page","type-page","status-publish","hentry"],"yoast_head":"<!-- This site is optimized with the Yoast SEO plugin v25.3.1 - https:\/\/yoast.com\/wordpress\/plugins\/seo\/ -->\n<title>Widget Timeline \u2013 Ajoutez une chronologie dynamique \u00e0 votre boutique Magento<\/title>\n<meta name=\"description\" content=\"Am\u00e9liorez votre boutique avec une chronologie interactive. Pr\u00e9sentez facilement les jalons, les lancements de produits ou les \u00e9v\u00e9nements cl\u00e9s \u00e0 l\u2019aide du widget Timeline d\u2019Elfsight pour Magento.\" \/>\n<meta name=\"robots\" content=\"index, follow, max-snippet:-1, max-image-preview:large, max-video-preview:-1\" \/>\n<link rel=\"canonical\" href=\"https:\/\/elfsight.com\/fr\/timeline-widget\/magento\/\" \/>\n<meta property=\"og:locale\" content=\"fr_FR\" \/>\n<meta property=\"og:type\" content=\"article\" \/>\n<meta property=\"og:title\" content=\"Widget Timeline \u2013 Ajoutez une chronologie dynamique \u00e0 votre boutique Magento\" \/>\n<meta property=\"og:description\" content=\"Am\u00e9liorez votre boutique avec une chronologie interactive. Pr\u00e9sentez facilement les jalons, les lancements de produits ou les \u00e9v\u00e9nements cl\u00e9s \u00e0 l\u2019aide du widget Timeline d\u2019Elfsight pour Magento.\" \/>\n<meta property=\"og:url\" content=\"https:\/\/elfsight.com\/fr\/timeline-widget\/magento\/\" \/>\n<meta property=\"og:site_name\" content=\"Elfsight FR\" \/>\n<meta property=\"article:modified_time\" content=\"2025-07-10T13:54:00+00:00\" \/>\n<meta name=\"twitter:card\" content=\"summary_large_image\" \/>\n<meta name=\"twitter:label1\" content=\"Dur\u00e9e de lecture estim\u00e9e\" \/>\n\t<meta name=\"twitter:data1\" content=\"4 minutes\" \/>\n<!-- \/ Yoast SEO plugin. -->","yoast_head_json":{"title":"Widget Timeline \u2013 Ajoutez une chronologie dynamique \u00e0 votre boutique Magento","description":"Am\u00e9liorez votre boutique avec une chronologie interactive. Pr\u00e9sentez facilement les jalons, les lancements de produits ou les \u00e9v\u00e9nements cl\u00e9s \u00e0 l\u2019aide du widget Timeline d\u2019Elfsight pour Magento.","robots":{"index":"index","follow":"follow","max-snippet":"max-snippet:-1","max-image-preview":"max-image-preview:large","max-video-preview":"max-video-preview:-1"},"canonical":"https:\/\/elfsight.com\/fr\/timeline-widget\/magento\/","og_locale":"fr_FR","og_type":"article","og_title":"Widget Timeline \u2013 Ajoutez une chronologie dynamique \u00e0 votre boutique Magento","og_description":"Am\u00e9liorez votre boutique avec une chronologie interactive. Pr\u00e9sentez facilement les jalons, les lancements de produits ou les \u00e9v\u00e9nements cl\u00e9s \u00e0 l\u2019aide du widget Timeline d\u2019Elfsight pour Magento.","og_url":"https:\/\/elfsight.com\/fr\/timeline-widget\/magento\/","og_site_name":"Elfsight FR","article_modified_time":"2025-07-10T13:54:00+00:00","twitter_card":"summary_large_image","twitter_misc":{"Dur\u00e9e de lecture estim\u00e9e":"4 minutes"},"schema":{"@context":"https:\/\/schema.org","@graph":[{"@type":"WebPage","@id":"https:\/\/elfsight.com\/fr\/timeline-widget\/magento\/","url":"https:\/\/elfsight.com\/fr\/timeline-widget\/magento\/","name":"Widget Timeline \u2013 Ajoutez une chronologie dynamique \u00e0 votre boutique Magento","isPartOf":{"@id":"https:\/\/elfsight.com\/fr\/#website"},"datePublished":"2025-03-11T06:16:15+00:00","dateModified":"2025-07-10T13:54:00+00:00","description":"Am\u00e9liorez votre boutique avec une chronologie interactive. Pr\u00e9sentez facilement les jalons, les lancements de produits ou les \u00e9v\u00e9nements cl\u00e9s \u00e0 l\u2019aide du widget Timeline d\u2019Elfsight pour Magento.","breadcrumb":{"@id":"https:\/\/elfsight.com\/fr\/timeline-widget\/magento\/#breadcrumb"},"inLanguage":"fr-FR","potentialAction":[{"@type":"ReadAction","target":["https:\/\/elfsight.com\/fr\/timeline-widget\/magento\/"]}]},{"@type":"BreadcrumbList","@id":"https:\/\/elfsight.com\/fr\/timeline-widget\/magento\/#breadcrumb","itemListElement":[{"@type":"ListItem","position":1,"name":"Home","item":"https:\/\/elfsight.com\/fr\/"},{"@type":"ListItem","position":2,"name":"Timeline","item":"https:\/\/elfsight.com\/fr\/timeline-widget\/"},{"@type":"ListItem","position":3,"name":"Timeline &#8211; Magento"}]},{"@type":"WebSite","@id":"https:\/\/elfsight.com\/fr\/#website","url":"https:\/\/elfsight.com\/fr\/","name":"Elfsight FR","description":"","potentialAction":[{"@type":"SearchAction","target":{"@type":"EntryPoint","urlTemplate":"https:\/\/elfsight.com\/fr\/?s={search_term_string}"},"query-input":{"@type":"PropertyValueSpecification","valueRequired":true,"valueName":"search_term_string"}}],"inLanguage":"fr-FR"}]}},"meta_box":{"industry":"","seo_heading":"","heading":"","description":"","cta_heading":"","cta_description":"","application":"16250","h1":"Extension de chronologie pour Magento","h1_caption":"Affichez une feuille de route attrayante des r\u00e9alisations pour pr\u00e9senter votre parcours, les \u00e9tapes cl\u00e9s ou les \u00e9tapes du projet avec une chronologie interactive sur votre page Web Magento.","application_category":[],"applications_title":"","applications_request_title":"","applications_request_button_text":"","hero_text":"","hero_video":"","hero_video_schema_markup":"","selling_points_title":"","selling_points_caption":"","selling_points":[],"selling_points_cta_text":"","features_title":"","features":"","ed_cta_examples_text":"","ed_cta_examples_hidden":"","ed_cta_demo_text":"","ed_cta_demo_hidden":"","why_caption":"","why_editor_title":"","why_editor_text":"","why_team_title":"","why_team_text":"","why_service_title":"","why_service_text":"","template_catalog_visible":"","template_catalog_title":"","template_catalog_text":"","template_catalog_categories_visible":"","demo_title":"Cr\u00e9ez votre extension Magento Timeline","demo_caption":"Personnalisez votre chronologie et ajoutez-la \u00e0 votre site Web en toute simplicit\u00e9\u00a0!","default_faq_hidden":"","app_template_category":[],"platform":"149","template_public_id":"","codecanyon_url":"","codecanyon_item_id":"","codecanyon_price":"","pricing_caption":"","pricing_elfsight_apps_hide_column":"","pricing_elfsight_apps_url":"","pricing_codecanyon_price_caption":"","integration_category":[],"integration_request_title":"","integration_request_cta":"","integration_platform":"","integrations":[],"platform_category":[],"video_schema_markup":"","price":"\u00e0 partir de 0$ \/ mois","trial":"","benefits":[],"button_url":"#demo","button_target_blank":"0","button_nofollow":"0","attributes":[{"name":"Installations","content":"50,000 - 100,000","_state":"expanded"},{"name":"Sensible","content":"Oui","_state":"expanded"},{"name":"Navigateurs compatibles","content":"Firefox, Safari, Opera, Chrome, Edge","_state":"expanded"}],"tags":[],"tags_disable_links":"","hide_more_platforms":"","video_object":"","demo_hide_cta":"0","demo_hide_cloud_options":"","pricing_title":"","pricing":[{"pricing_icon":"platform","pricing_title":"Elfsight Apps","pricing_title_caption":"Logiciel multiplateforme adapt\u00e9 \u00e0 n'importe quel site","pricing_price":"\u00e0 partir de 0$ \/ mois","pricing_price_caption":"commencez avec un forfait gratuit","pricing_benefits":"[object Object],[object Object],[object Object],[object Object]","pricing_button_text":"Ajouter au site Web","pricing_button_url":"#demo"}],"related_apps_title":"","related_apps_hidden":"","author":"","image":[],"title":"","job":"","social_networks":[]},"_links":{"self":[{"href":"https:\/\/elfsight.com\/fr\/wp-json\/wp\/v2\/pages\/16279","targetHints":{"allow":["GET"]}}],"collection":[{"href":"https:\/\/elfsight.com\/fr\/wp-json\/wp\/v2\/pages"}],"about":[{"href":"https:\/\/elfsight.com\/fr\/wp-json\/wp\/v2\/types\/page"}],"author":[{"embeddable":true,"href":"https:\/\/elfsight.com\/fr\/wp-json\/wp\/v2\/users\/9"}],"replies":[{"embeddable":true,"href":"https:\/\/elfsight.com\/fr\/wp-json\/wp\/v2\/comments?post=16279"}],"version-history":[{"count":1,"href":"https:\/\/elfsight.com\/fr\/wp-json\/wp\/v2\/pages\/16279\/revisions"}],"predecessor-version":[{"id":16283,"href":"https:\/\/elfsight.com\/fr\/wp-json\/wp\/v2\/pages\/16279\/revisions\/16283"}],"up":[{"embeddable":true,"href":"https:\/\/elfsight.com\/fr\/wp-json\/wp\/v2\/pages\/16251"}],"wp:attachment":[{"href":"https:\/\/elfsight.com\/fr\/wp-json\/wp\/v2\/media?parent=16279"}],"curies":[{"name":"wp","href":"https:\/\/api.w.org\/{rel}","templated":true}]}}