{"id":16278,"date":"2025-03-11T08:35:12","date_gmt":"2025-03-11T08:35:12","guid":{"rendered":"https:\/\/elfsight.com\/fr\/?page_id=16278"},"modified":"2025-07-10T13:54:56","modified_gmt":"2025-07-10T13:54:56","slug":"woocommerce","status":"publish","type":"page","link":"https:\/\/elfsight.com\/fr\/timeline-widget\/woocommerce\/","title":{"rendered":"Timeline -WooCommerce"},"content":{"rendered":"<div class=\"application-platform-content-item-description application-platform-content-item\" id=\"description\" data-nav-section=\"description\"><h2>Plugin de chronologie WooCommerce<\/h2> <p>\u00c9levez votre boutique WooCommerce avec le widget Timeline d&rsquo;Elfsight\u00a0! Cr\u00e9ez une chronologie r\u00e9active pour pr\u00e9senter les \u00e9tapes importantes du produit, l&rsquo;historique de l&rsquo;entreprise, les d\u00e9veloppements de projets ou les \u00e9v\u00e9nements importants. Aucun codage requis\u00a0: utilisez simplement notre \u00e9diteur facile \u00e0 utiliser pour personnaliser la chronologie, int\u00e9grez-la \u00e0 votre site WooCommerce et commencez \u00e0 impliquer vos visiteurs de mani\u00e8re cr\u00e9ative et convaincante.<\/p> <ul> <li><b>Cr\u00e9ez des chronologies interactives sans code<\/b><br> Cr\u00e9ez une chronologie enti\u00e8rement fonctionnelle et visuellement dynamique en quelques minutes, aucune expertise technique requise. Commencez \u00e0 captiver vos clients imm\u00e9diatement\u00a0!<\/li> <li><b>Options de personnalisation avanc\u00e9es<\/b><br> Personnalisez la conception de la chronologie avec diff\u00e9rents mod\u00e8les, jeux de couleurs, polices et bien plus encore, en vous assurant qu&rsquo;elle correspond \u00e0 l&rsquo;image de marque et au style de votre boutique.<\/li> <li><b>Processus d&rsquo;int\u00e9gration fluide<\/b><br> Int\u00e9grez votre chronologie personnalis\u00e9e dans votre boutique WooCommerce de mani\u00e8re transparente \u00e0 l&rsquo;aide d&rsquo;un simple code HTML, aucune comp\u00e9tence en codage n&rsquo;est n\u00e9cessaire.<\/li> <li><b>Support client r\u00e9actif<\/b><br> Notre \u00e9quipe d&rsquo;assistance d\u00e9di\u00e9e est disponible pour vous aider \u00e0 configurer et personnaliser votre chronologie, en garantissant qu&rsquo;elle fonctionne parfaitement sur votre site WooCommerce.<\/li> <\/ul> <p><b>Essayez le widget Elfsight Timeline aujourd&rsquo;hui et pr\u00e9sentez vos \u00e9tapes cl\u00e9s d&rsquo;une mani\u00e8re visuellement attrayante\u00a0!<\/b><\/p> <\/div><div class=\"application-platform-content-item-features application-platform-content-item\" id=\"features\" data-nav-section=\"features\"><h2>Ce que vous pouvez faire avec la chronologie WooCommerce<\/h2> <ul> <li><strong>Engagez visuellement les visiteurs<\/strong><br> Pr\u00e9sentez vos jalons, \u00e9v\u00e9nements ou parcours de produits dans un format de chronologie dynamique qui captive vos clients et les encourage \u00e0 explorer davantage.<\/li> <li><strong>Pr\u00e9sentez les jalons et les progr\u00e8s<\/strong><br> Mettez en \u00e9vidence vos jalons ou \u00e9tapes les plus importants dans le cycle de vie de votre produit. Montrez l&rsquo;avancement de vos projets ou le d\u00e9veloppement de votre entreprise de mani\u00e8re claire et convaincante.<\/li> <li><strong>Soulignez les r\u00e9alisations cl\u00e9s<\/strong><br> Attirez l&rsquo;attention sur vos r\u00e9alisations, lancements de produits ou \u00e9tapes commerciales les plus significatives dans un format attrayant et facile \u00e0 suivre.<\/li> <\/ul> <p><a href=\"#demo\">Essayez l&rsquo;\u00e9diteur pour explorer toutes les fonctionnalit\u00e9s du widget Chronologie.<\/a><\/p> <\/div><div class=\"application-platform-content-item-installation application-platform-content-item\" id=\"installation\" data-nav-section=\"installation\"><h2>Comment int\u00e9grer une chronologie sur WooCommerce<\/h2> <p>L&rsquo;ajout du widget Timeline \u00e0 votre boutique WooCommerce est simple et rapide, et aucune comp\u00e9tence en codage n&rsquo;est requise. Suivez simplement ces \u00e9tapes simples\u00a0:<\/p> <ol> <li><b>Cr\u00e9ez votre chronologie WooCommerce personnalis\u00e9e<\/b><br> Commencez par s\u00e9lectionner un mod\u00e8le dans l&rsquo;\u00e9diteur et personnalisez-le en fonction des besoins de votre boutique. Ajustez la conception, la mise en page et ajoutez des jalons qui correspondent \u00e0 votre marque.<\/li> <li><b>Obtenez votre code d&rsquo;int\u00e9gration unique<\/b><br> Une fois votre chronologie pr\u00eate, copiez le code d&rsquo;int\u00e9gration HTML g\u00e9n\u00e9r\u00e9 par notre \u00e9diteur.<\/li> <li><b>Int\u00e9grez le code dans votre boutique WooCommerce<\/b><br> Collez le code d&rsquo;int\u00e9gration dans la section appropri\u00e9e de votre page WooCommerce et enregistrez les modifications. Votre chronologie sera d\u00e9sormais en ligne\u00a0!<\/li> <li><b>Profitez de votre nouvelle chronologie interactive\u00a0!<\/b><br> Visitez votre magasin pour voir la chronologie en action et commencez \u00e0 interagir avec vos clients avec une exp\u00e9rience visuellement attrayante.<\/li> <\/ol> <p>Pour des instructions d\u00e9taill\u00e9es, consultez notre guide sur <a href=\"https:\/\/elfsight.com\/blog\/how-to-embed-timeline-to-website\/\" target=\"_blank\" rel=\"noopener\">comment ajouter une timeline \u00e0 votre site<\/a>.<\/p> <\/div><div class=\"faq\" data-component=\"FAQ\"><div class=\"faq-item\">\r\n\t\t\t\t\t<div class=\"faq-item-question\">\r\n\t\t\t\t\t\t<h3 class=\"faq-item-question-text\">Le plugin Timeline pour WooCommerce est-il gratuit ?<\/h3>\r\n\r\n\t\t\t\t\t\t<div class=\"faq-item-question-icon\"><\/div>\r\n\t\t\t\t\t<\/div>\r\n\r\n\t\t\t\t\t<div class=\"faq-item-answer\">\r\n\t\t\t\t\t\t<div class=\"faq-item-answer-text\">Oui, Elfsight propose un forfait gratuit avec acc\u00e8s aux fonctionnalit\u00e9s de base. Vous pouvez utiliser le widget Timeline gratuitement, et des options payantes sont disponibles pour une personnalisation et des fonctionnalit\u00e9s suppl\u00e9mentaires.<\/div>\r\n\t\t\t\t\t<\/div>\r\n\t\t\t\t<\/div><div class=\"faq-item\">\r\n\t\t\t\t\t<div class=\"faq-item-question\">\r\n\t\t\t\t\t\t<h3 class=\"faq-item-question-text\">Ai-je besoin de comp\u00e9tences en codage pour utiliser le plugin Timeline pour WooCommerce ?<\/h3>\r\n\r\n\t\t\t\t\t\t<div class=\"faq-item-question-icon\"><\/div>\r\n\t\t\t\t\t<\/div>\r\n\r\n\t\t\t\t\t<div class=\"faq-item-answer\">\r\n\t\t\t\t\t\t<div class=\"faq-item-answer-text\">Non, le widget Timeline d&rsquo;Elfsight pour WooCommerce est con\u00e7u pour \u00eatre convivial et ne n\u00e9cessite aucune comp\u00e9tence en codage. Personnalisez et int\u00e9grez simplement le widget \u00e0 l&rsquo;aide de notre \u00e9diteur intuitif.<\/div>\r\n\t\t\t\t\t<\/div>\r\n\t\t\t\t<\/div><div class=\"faq-item\">\r\n\t\t\t\t\t<div class=\"faq-item-question\">\r\n\t\t\t\t\t\t<h3 class=\"faq-item-question-text\">Comment puis-je cr\u00e9er une chronologie interactive pour WooCommerce ?<\/h3>\r\n\r\n\t\t\t\t\t\t<div class=\"faq-item-question-icon\"><\/div>\r\n\t\t\t\t\t<\/div>\r\n\r\n\t\t\t\t\t<div class=\"faq-item-answer\">\r\n\t\t\t\t\t\t<div class=\"faq-item-answer-text\"> Choisissez un mod\u00e8le dans l&rsquo;\u00e9diteur, personnalisez-le en fonction de vos besoins et int\u00e9grez le code HTML dans votre site Web WooCommerce. C&rsquo;est simple et rapide\u00a0!<\/div>\r\n\t\t\t\t\t<\/div>\r\n\t\t\t\t<\/div><div class=\"faq-item\">\r\n\t\t\t\t\t<div class=\"faq-item-question\">\r\n\t\t\t\t\t\t<h3 class=\"faq-item-question-text\">Quels types de d\u00e9lais puis-je cr\u00e9er pour WooCommerce ?<\/h3>\r\n\r\n\t\t\t\t\t\t<div class=\"faq-item-question-icon\"><\/div>\r\n\t\t\t\t\t<\/div>\r\n\r\n\t\t\t\t\t<div class=\"faq-item-answer\">\r\n\t\t\t\t\t\t<div class=\"faq-item-answer-text\">Vous pouvez cr\u00e9er diff\u00e9rents types de d\u00e9lais avec le widget d&rsquo;Elfsight\u00a0:<ul> <li><strong>Parcours du produit<\/strong>\u00a0: pr\u00e9sentez les jalons et les \u00e9tapes cl\u00e9s du d\u00e9veloppement de vos produits.<\/li> <li><strong>Croissance de l&rsquo;entreprise<\/strong>\u00a0: suivez la croissance et les r\u00e9alisations de votre entreprise au fil du temps.<\/li> <li><strong>Chronologie des \u00e9v\u00e9nements<\/strong>\u00a0: pr\u00e9sentez les \u00e9v\u00e9nements importants, les ventes ou les lancements de produits dans un ordre chronologique.<\/li> <li><strong>Chronologie du projet<\/strong>\u00a0: affichez les phases d&rsquo;un projet, du d\u00e9but \u00e0 la fin, avec les \u00e9tapes importantes tout au long du processus.<\/li> <\/ul> <\/div>\r\n\t\t\t\t\t<\/div>\r\n\t\t\t\t<\/div> <\/div>","protected":false},"excerpt":{"rendered":"","protected":false},"author":9,"featured_media":0,"parent":16251,"menu_order":0,"comment_status":"closed","ping_status":"closed","template":"templates\/template-application-platform.php","meta":{"publish_to_discourse":"","publish_post_category":"","wpdc_auto_publish_overridden":"","wpdc_topic_tags":"","wpdc_pin_topic":"","wpdc_pin_until":"","discourse_post_id":"","discourse_permalink":"","wpdc_publishing_response":"","wpdc_publishing_error":"","footnotes":""},"class_list":["post-16278","page","type-page","status-publish","hentry"],"yoast_head":"<!-- This site is optimized with the Yoast SEO plugin v25.3.1 - https:\/\/yoast.com\/wordpress\/plugins\/seo\/ -->\n<title>Widget de chronologie \u2013 Ajoutez une chronologie interactive \u00e0 WooCommerce | Gratuit<\/title>\n<meta name=\"description\" content=\"Ajoutez une feuille de route personnalis\u00e9e \u00e0 votre boutique. Affichez votre histoire, vos \u00e9v\u00e9nements cl\u00e9s et vos jalons de mani\u00e8re visuellement attrayante avec le plugin Timeline pour WooCommerce.\" \/>\n<meta name=\"robots\" content=\"index, follow, max-snippet:-1, max-image-preview:large, max-video-preview:-1\" \/>\n<link rel=\"canonical\" href=\"https:\/\/elfsight.com\/fr\/timeline-widget\/woocommerce\/\" \/>\n<meta property=\"og:locale\" content=\"fr_FR\" \/>\n<meta property=\"og:type\" content=\"article\" \/>\n<meta property=\"og:title\" content=\"Widget de chronologie \u2013 Ajoutez une chronologie interactive \u00e0 WooCommerce | Gratuit\" \/>\n<meta property=\"og:description\" content=\"Ajoutez une feuille de route personnalis\u00e9e \u00e0 votre boutique. Affichez votre histoire, vos \u00e9v\u00e9nements cl\u00e9s et vos jalons de mani\u00e8re visuellement attrayante avec le plugin Timeline pour WooCommerce.\" \/>\n<meta property=\"og:url\" content=\"https:\/\/elfsight.com\/fr\/timeline-widget\/woocommerce\/\" \/>\n<meta property=\"og:site_name\" content=\"Elfsight FR\" \/>\n<meta property=\"article:modified_time\" content=\"2025-07-10T13:54:56+00:00\" \/>\n<meta name=\"twitter:card\" content=\"summary_large_image\" \/>\n<meta name=\"twitter:label1\" content=\"Dur\u00e9e de lecture estim\u00e9e\" \/>\n\t<meta name=\"twitter:data1\" content=\"4 minutes\" \/>\n<!-- \/ Yoast SEO plugin. -->","yoast_head_json":{"title":"Widget de chronologie \u2013 Ajoutez une chronologie interactive \u00e0 WooCommerce | Gratuit","description":"Ajoutez une feuille de route personnalis\u00e9e \u00e0 votre boutique. Affichez votre histoire, vos \u00e9v\u00e9nements cl\u00e9s et vos jalons de mani\u00e8re visuellement attrayante avec le plugin Timeline pour WooCommerce.","robots":{"index":"index","follow":"follow","max-snippet":"max-snippet:-1","max-image-preview":"max-image-preview:large","max-video-preview":"max-video-preview:-1"},"canonical":"https:\/\/elfsight.com\/fr\/timeline-widget\/woocommerce\/","og_locale":"fr_FR","og_type":"article","og_title":"Widget de chronologie \u2013 Ajoutez une chronologie interactive \u00e0 WooCommerce | Gratuit","og_description":"Ajoutez une feuille de route personnalis\u00e9e \u00e0 votre boutique. Affichez votre histoire, vos \u00e9v\u00e9nements cl\u00e9s et vos jalons de mani\u00e8re visuellement attrayante avec le plugin Timeline pour WooCommerce.","og_url":"https:\/\/elfsight.com\/fr\/timeline-widget\/woocommerce\/","og_site_name":"Elfsight FR","article_modified_time":"2025-07-10T13:54:56+00:00","twitter_card":"summary_large_image","twitter_misc":{"Dur\u00e9e de lecture estim\u00e9e":"4 minutes"},"schema":{"@context":"https:\/\/schema.org","@graph":[{"@type":"WebPage","@id":"https:\/\/elfsight.com\/fr\/timeline-widget\/woocommerce\/","url":"https:\/\/elfsight.com\/fr\/timeline-widget\/woocommerce\/","name":"Widget de chronologie \u2013 Ajoutez une chronologie interactive \u00e0 WooCommerce | Gratuit","isPartOf":{"@id":"https:\/\/elfsight.com\/fr\/#website"},"datePublished":"2025-03-11T08:35:12+00:00","dateModified":"2025-07-10T13:54:56+00:00","description":"Ajoutez une feuille de route personnalis\u00e9e \u00e0 votre boutique. Affichez votre histoire, vos \u00e9v\u00e9nements cl\u00e9s et vos jalons de mani\u00e8re visuellement attrayante avec le plugin Timeline pour WooCommerce.","breadcrumb":{"@id":"https:\/\/elfsight.com\/fr\/timeline-widget\/woocommerce\/#breadcrumb"},"inLanguage":"fr-FR","potentialAction":[{"@type":"ReadAction","target":["https:\/\/elfsight.com\/fr\/timeline-widget\/woocommerce\/"]}]},{"@type":"BreadcrumbList","@id":"https:\/\/elfsight.com\/fr\/timeline-widget\/woocommerce\/#breadcrumb","itemListElement":[{"@type":"ListItem","position":1,"name":"Home","item":"https:\/\/elfsight.com\/fr\/"},{"@type":"ListItem","position":2,"name":"Timeline","item":"https:\/\/elfsight.com\/fr\/timeline-widget\/"},{"@type":"ListItem","position":3,"name":"Timeline -WooCommerce"}]},{"@type":"WebSite","@id":"https:\/\/elfsight.com\/fr\/#website","url":"https:\/\/elfsight.com\/fr\/","name":"Elfsight FR","description":"","potentialAction":[{"@type":"SearchAction","target":{"@type":"EntryPoint","urlTemplate":"https:\/\/elfsight.com\/fr\/?s={search_term_string}"},"query-input":{"@type":"PropertyValueSpecification","valueRequired":true,"valueName":"search_term_string"}}],"inLanguage":"fr-FR"}]}},"meta_box":{"industry":"","seo_heading":"","heading":"","description":"","cta_heading":"","cta_description":"","application":"16250","h1":"Plugin de chronologie pour WooCommerce","h1_caption":"Affichez une feuille de route attrayante d'\u00e9v\u00e9nements pour r\u00e9v\u00e9ler votre historique, vos jalons de d\u00e9veloppement ou vos \u00e9tapes avec une chronologie interactive pour WooCommerce","application_category":[],"applications_title":"","applications_request_title":"","applications_request_button_text":"","hero_text":"","hero_video":"","hero_video_schema_markup":"","selling_points_title":"","selling_points_caption":"","selling_points":[],"selling_points_cta_text":"","features_title":"","features":"","ed_cta_examples_text":"","ed_cta_examples_hidden":"","ed_cta_demo_text":"","ed_cta_demo_hidden":"","why_caption":"","why_editor_title":"","why_editor_text":"","why_team_title":"","why_team_text":"","why_service_title":"","why_service_text":"","template_catalog_visible":"","template_catalog_title":"","template_catalog_text":"","template_catalog_categories_visible":"","demo_title":"Cr\u00e9ez votre plugin WooCommerce Timeline","demo_caption":"Personnalisez votre chronologie et ajoutez-la \u00e0 votre site Web en toute simplicit\u00e9\u00a0!","default_faq_hidden":"","app_template_category":[],"platform":"2372","template_public_id":"","codecanyon_url":"","codecanyon_item_id":"","codecanyon_price":"","pricing_caption":"","pricing_elfsight_apps_hide_column":"","pricing_elfsight_apps_url":"","pricing_codecanyon_price_caption":"","integration_category":[],"integration_request_title":"","integration_request_cta":"","integration_platform":"","integrations":[],"platform_category":[],"video_schema_markup":"","price":"\u00e0 partir de 0$ \/ mois","trial":"","benefits":[],"button_url":"#demo","button_target_blank":"0","button_nofollow":"0","attributes":[{"name":"Installations","content":"50,000 - 100,000","_state":"expanded"},{"name":"Sensible","content":"Oui","_state":"expanded"},{"name":"Navigateurs compatibles","content":"Firefox, Safari, Opera, Chrome, Edge","_state":"expanded"}],"tags":[],"tags_disable_links":"","hide_more_platforms":"","video_object":"","demo_hide_cta":"0","demo_hide_cloud_options":"","pricing_title":"","pricing":[{"pricing_icon":"platform","pricing_title":"Elfsight Apps","pricing_title_caption":"Logiciel multiplateforme adapt\u00e9 \u00e0 n'importe quel site","pricing_price":"\u00e0 partir de 0$ \/ mois","pricing_price_caption":"commencez avec un forfait gratuit","pricing_benefits":"[object Object],[object Object],[object Object],[object Object]","pricing_button_text":"Ajouter au site Web","pricing_button_url":"#demo"}],"related_apps_title":"","related_apps_hidden":"","author":"","image":[],"title":"","job":"","social_networks":[]},"_links":{"self":[{"href":"https:\/\/elfsight.com\/fr\/wp-json\/wp\/v2\/pages\/16278","targetHints":{"allow":["GET"]}}],"collection":[{"href":"https:\/\/elfsight.com\/fr\/wp-json\/wp\/v2\/pages"}],"about":[{"href":"https:\/\/elfsight.com\/fr\/wp-json\/wp\/v2\/types\/page"}],"author":[{"embeddable":true,"href":"https:\/\/elfsight.com\/fr\/wp-json\/wp\/v2\/users\/9"}],"replies":[{"embeddable":true,"href":"https:\/\/elfsight.com\/fr\/wp-json\/wp\/v2\/comments?post=16278"}],"version-history":[{"count":1,"href":"https:\/\/elfsight.com\/fr\/wp-json\/wp\/v2\/pages\/16278\/revisions"}],"predecessor-version":[{"id":16282,"href":"https:\/\/elfsight.com\/fr\/wp-json\/wp\/v2\/pages\/16278\/revisions\/16282"}],"up":[{"embeddable":true,"href":"https:\/\/elfsight.com\/fr\/wp-json\/wp\/v2\/pages\/16251"}],"wp:attachment":[{"href":"https:\/\/elfsight.com\/fr\/wp-json\/wp\/v2\/media?parent=16278"}],"curies":[{"name":"wp","href":"https:\/\/api.w.org\/{rel}","templated":true}]}}