{"id":16277,"date":"2025-03-11T09:15:09","date_gmt":"2025-03-11T09:15:09","guid":{"rendered":"https:\/\/elfsight.com\/fr\/?page_id=16277"},"modified":"2025-07-10T13:54:14","modified_gmt":"2025-07-10T13:54:14","slug":"prestashop","status":"publish","type":"page","link":"https:\/\/elfsight.com\/fr\/timeline-widget\/prestashop\/","title":{"rendered":"Timeline &#8211; PrestaShop"},"content":{"rendered":"<div class=\"application-platform-content-item-description application-platform-content-item\" id=\"description\" data-nav-section=\"description\"><h2>Module compl\u00e9mentaire Timeline PrestaShop<\/h2> <p>Transformez votre boutique PrestaShop avec le module compl\u00e9mentaire Timeline interactif d&rsquo;Elfsight. Mettez en valeur les \u00e9tapes importantes de votre entreprise, les parcours produits ou les \u00e9v\u00e9nements importants de mani\u00e8re visuellement dynamique. Aucun codage n&rsquo;est requis : un \u00e9diteur facile \u00e0 utiliser vous permet de personnaliser enti\u00e8rement votre chronologie et de l&rsquo;int\u00e9grer de mani\u00e8re transparente dans votre site PrestaShop. Que vous montriez l&rsquo;historique de votre entreprise, les \u00e9tapes de d\u00e9veloppement de produits ou les \u00e9tapes cl\u00e9s, ce plugin vous aide \u00e0 engager les visiteurs de mani\u00e8re cr\u00e9ative.<\/p> <ul> <li><b>Cr\u00e9ez des chronologies interactives sans code<\/b><br> Concevez une chronologie enti\u00e8rement fonctionnelle et visuellement attrayante en quelques minutes. Aucune connaissance en programmation n&rsquo;est requise\u00a0: utilisez simplement l&rsquo;\u00e9diteur intuitif pour personnaliser votre chronologie et commencer \u00e0 engager les visiteurs imm\u00e9diatement\u00a0!<\/li> <li><b>Options de personnalisation avanc\u00e9es<\/b><br> Personnalisez la conception de votre chronologie pour l&rsquo;adapter \u00e0 l&rsquo;image de marque de votre magasin. Avec une vari\u00e9t\u00e9 de mod\u00e8les, de couleurs, de polices et de param\u00e8tres, vous pouvez cr\u00e9er une exp\u00e9rience unique et personnalis\u00e9e pour vos visiteurs.<\/li> <li><b>Processus d&rsquo;int\u00e9gration fluide<\/b><br> Int\u00e9grez facilement la chronologie dans votre boutique PrestaShop avec un simple code d&rsquo;int\u00e9gration HTML &#8211; aucune expertise technique requise.<\/li> <li><b>Support client r\u00e9actif<\/b><br> L&rsquo;\u00e9quipe d\u00e9di\u00e9e d&rsquo;Ekfsight est l\u00e0 pour vous aider dans le processus de configuration, garantissant que votre chronologie fonctionne correctement et est optimis\u00e9e. pour votre boutique.<\/li> <\/ul> <p><b>Commencez \u00e0 utiliser le widget Elfsight PrestaShop Timeline pour pr\u00e9senter vos jalons et \u00e9v\u00e9nements de mani\u00e8re attrayante et interactive\u00a0!<\/b><\/p> <\/div><div class=\"application-platform-content-item-features application-platform-content-item\" id=\"features\" data-nav-section=\"features\"><h2>Ce que vous pouvez faire avec la chronologie PrestaShop<\/h2> <ul> <li><strong>Impliquer les visiteurs visuellement<\/strong><br> Pr\u00e9sentez votre les \u00e9tapes cl\u00e9s, les \u00e9v\u00e9nements ou les parcours de produits dans un format dynamique. Une chronologie visuelle aide les utilisateurs \u00e0 interagir avec votre contenu et les encourage \u00e0 explorer davantage.<\/li> <li><strong>Pr\u00e9sentez les \u00e9tapes et les progr\u00e8s r\u00e9alis\u00e9s<\/strong><br> Pr\u00e9sentez les \u00e9tapes du d\u00e9veloppement de votre produit, de la croissance de votre entreprise ou des \u00e9v\u00e9nements majeurs dans un format chronologique clair qui tient votre public inform\u00e9 et intrigu\u00e9.<\/li> <li><strong>Soulignez les principales r\u00e9alisations<\/strong><br> Mettez l&rsquo;accent sur les \u00e9tapes importantes, les lancements de produits ou les r\u00e9alisations de l&rsquo;entreprise avec une chronologie visuellement convaincante qui cr\u00e9e une histoire durable. impact.<\/li> <\/ul> <p><a href=\"#demo\">Essayez l&rsquo;\u00e9diteur pour explorer toutes les fonctionnalit\u00e9s du widget Timeline.<\/a><\/p> <\/div><div class=\"application-platform-content-item-installation application-platform-content-item\" id=\"installation\" data-nav-section=\"installation\"><h2>Comment int\u00e9grer une timeline sur PrestaShop<\/h2> <p>Ajouter le widget Timeline \u00e0 votre site PrestaShop est rapide et facile, et ne n\u00e9cessite aucune exp\u00e9rience en codage. Suivez ces \u00e9tapes simples\u00a0:<\/p> <ol> <li><b>Cr\u00e9ez votre chronologie PrestaShop personnalis\u00e9e<\/b><br> Choisissez un mod\u00e8le dans l&rsquo;\u00e9diteur et personnalisez-le en fonction de vos besoins et du style de votre boutique. Ajustez le design, ajoutez des jalons et peaufinez la mise en page.<\/li> <li><b>Obtenez votre code d&rsquo;int\u00e9gration unique<\/b><br> Une fois que vous aurez personnalis\u00e9 votre chronologie, vous recevrez un code HTML que vous pourrez copier pour une utilisation ult\u00e9rieure.<\/li> <li><b>Int\u00e9grez le code dans votre boutique PrestaShop<\/b><br> Collez le code d&rsquo;int\u00e9gration HTML dans la section souhait\u00e9e de votre site. Enregistrez les modifications et votre chronologie sera en ligne\u00a0!<\/li> <li><b>Termin\u00e9\u00a0! Profitez de votre nouvelle chronologie interactive\u00a0!<\/b><br> Visitez votre site pour voir la chronologie en action et commencez \u00e0 impliquer vos visiteurs d&rsquo;une mani\u00e8re visuellement attrayante\u00a0!<\/li> <\/ol> <p>Pour des instructions plus d\u00e9taill\u00e9es, consultez notre guide sur <a href=\"https:\/\/elfsight.com\/blog\/how-to-embed-timeline-to-website\/\" target=\"_blank\" rel=\"noopener\">comment ajouter une chronologie \u00e0 votre site Web<\/a>.<\/p> <\/div><div class=\"faq\" data-component=\"FAQ\"><div class=\"faq-item\">\r\n\t\t\t\t\t<div class=\"faq-item-question\">\r\n\t\t\t\t\t\t<h3 class=\"faq-item-question-text\">Le module compl\u00e9mentaire Timeline pour PrestaShop est-il gratuit ?<\/h3>\r\n\r\n\t\t\t\t\t\t<div class=\"faq-item-question-icon\"><\/div>\r\n\t\t\t\t\t<\/div>\r\n\r\n\t\t\t\t\t<div class=\"faq-item-answer\">\r\n\t\t\t\t\t\t<div class=\"faq-item-answer-text\">Oui, Elfsight propose un plan gratuit qui donne acc\u00e8s aux fonctionnalit\u00e9s essentielles du widget Timeline. Des options avanc\u00e9es sont disponibles avec les forfaits payants pour plus de personnalisation et de fonctionnalit\u00e9s.<\/div>\r\n\t\t\t\t\t<\/div>\r\n\t\t\t\t<\/div><div class=\"faq-item\">\r\n\t\t\t\t\t<div class=\"faq-item-question\">\r\n\t\t\t\t\t\t<h3 class=\"faq-item-question-text\">Ai-je besoin de comp\u00e9tences en codage pour utiliser le widget Timeline pour PrestaShop ?<\/h3>\r\n\r\n\t\t\t\t\t\t<div class=\"faq-item-question-icon\"><\/div>\r\n\t\t\t\t\t<\/div>\r\n\r\n\t\t\t\t\t<div class=\"faq-item-answer\">\r\n\t\t\t\t\t\t<div class=\"faq-item-answer-text\">Non, le widget Timeline pour PrestaShop est con\u00e7u pour \u00eatre convivial et ne n\u00e9cessite aucune comp\u00e9tence en codage. Vous pouvez personnaliser et int\u00e9grer la chronologie \u00e0 l&rsquo;aide de l&rsquo;\u00e9diteur intuitif.<\/div>\r\n\t\t\t\t\t<\/div>\r\n\t\t\t\t<\/div><div class=\"faq-item\">\r\n\t\t\t\t\t<div class=\"faq-item-question\">\r\n\t\t\t\t\t\t<h3 class=\"faq-item-question-text\">Comment puis-je cr\u00e9er une chronologie interactive pour PrestaShop ?<\/h3>\r\n\r\n\t\t\t\t\t\t<div class=\"faq-item-question-icon\"><\/div>\r\n\t\t\t\t\t<\/div>\r\n\r\n\t\t\t\t\t<div class=\"faq-item-answer\">\r\n\t\t\t\t\t\t<div class=\"faq-item-answer-text\">S\u00e9lectionnez simplement un mod\u00e8le dans l&rsquo;\u00e9diteur, personnalisez-le en fonction de vos besoins et utilisez le code HTML int\u00e9gr\u00e9 fourni pour ajouter la chronologie \u00e0 votre boutique PrestaShop.<\/div>\r\n\t\t\t\t\t<\/div>\r\n\t\t\t\t<\/div><div class=\"faq-item\">\r\n\t\t\t\t\t<div class=\"faq-item-question\">\r\n\t\t\t\t\t\t<h3 class=\"faq-item-question-text\">Quels types de chronologies puis-je cr\u00e9er pour PrestaShop ?<\/h3>\r\n\r\n\t\t\t\t\t\t<div class=\"faq-item-question-icon\"><\/div>\r\n\t\t\t\t\t<\/div>\r\n\r\n\t\t\t\t\t<div class=\"faq-item-answer\">\r\n\t\t\t\t\t\t<div class=\"faq-item-answer-text\">Vous pouvez cr\u00e9er diff\u00e9rents types de chronologies. des calendriers pour votre magasin, notamment\u00a0:<ul> <li><strong>Parcours du produit<\/strong>\u00a0: pr\u00e9sentez les \u00e9tapes cl\u00e9s du d\u00e9veloppement ou de l&rsquo;\u00e9volution de votre produit.<\/li> <li><strong>Historique de l&rsquo;entreprise<\/strong>\u00a0: affichez la croissance et les r\u00e9alisations de votre entreprise au fil du temps.<\/li> <li><strong>Progression du projet<\/strong>\u00a0: suivez et pr\u00e9sentez les \u00e9tapes d&rsquo;un projet en cours ou termin\u00e9.<\/li> <li><strong>Chronologie des \u00e9v\u00e9nements<\/strong>\u00a0: pr\u00e9sentez les \u00e9v\u00e9nements cl\u00e9s, les lancements de produits ou les \u00e9v\u00e9nements de vente dans un format ordre chronologique.<\/li> <\/ul> <\/div>\r\n\t\t\t\t\t<\/div>\r\n\t\t\t\t<\/div> <\/div>","protected":false},"excerpt":{"rendered":"","protected":false},"author":9,"featured_media":0,"parent":16251,"menu_order":0,"comment_status":"closed","ping_status":"closed","template":"templates\/template-application-platform.php","meta":{"publish_to_discourse":"","publish_post_category":"","wpdc_auto_publish_overridden":"","wpdc_topic_tags":"","wpdc_pin_topic":"","wpdc_pin_until":"","discourse_post_id":"","discourse_permalink":"","wpdc_publishing_response":"","wpdc_publishing_error":"","footnotes":""},"class_list":["post-16277","page","type-page","status-publish","hentry"],"yoast_head":"<!-- This site is optimized with the Yoast SEO plugin v25.3.1 - https:\/\/yoast.com\/wordpress\/plugins\/seo\/ -->\n<title>Chronologie PrestaShop \u2013 Cr\u00e9ez une ligne d&#039;historique pour un site Web [GRATUIT]<\/title>\n<meta name=\"description\" content=\"Ajoutez une chronologie personnalis\u00e9e \u00e0 votre boutique PrestaShop. Affichez les \u00e9tapes cl\u00e9s du produit, les r\u00e9alisations de l&#039;entreprise ou les \u00e9v\u00e9nements avec un widget Chronologie personnalisable sans code.\" \/>\n<meta name=\"robots\" content=\"index, follow, max-snippet:-1, max-image-preview:large, max-video-preview:-1\" \/>\n<link rel=\"canonical\" href=\"https:\/\/elfsight.com\/fr\/timeline-widget\/prestashop\/\" \/>\n<meta property=\"og:locale\" content=\"fr_FR\" \/>\n<meta property=\"og:type\" content=\"article\" \/>\n<meta property=\"og:title\" content=\"Chronologie PrestaShop \u2013 Cr\u00e9ez une ligne d&#039;historique pour un site Web [GRATUIT]\" \/>\n<meta property=\"og:description\" content=\"Ajoutez une chronologie personnalis\u00e9e \u00e0 votre boutique PrestaShop. Affichez les \u00e9tapes cl\u00e9s du produit, les r\u00e9alisations de l&#039;entreprise ou les \u00e9v\u00e9nements avec un widget Chronologie personnalisable sans code.\" \/>\n<meta property=\"og:url\" content=\"https:\/\/elfsight.com\/fr\/timeline-widget\/prestashop\/\" \/>\n<meta property=\"og:site_name\" content=\"Elfsight FR\" \/>\n<meta property=\"article:modified_time\" content=\"2025-07-10T13:54:14+00:00\" \/>\n<meta name=\"twitter:card\" content=\"summary_large_image\" \/>\n<meta name=\"twitter:label1\" content=\"Dur\u00e9e de lecture estim\u00e9e\" \/>\n\t<meta name=\"twitter:data1\" content=\"4 minutes\" \/>\n<!-- \/ Yoast SEO plugin. -->","yoast_head_json":{"title":"Chronologie PrestaShop \u2013 Cr\u00e9ez une ligne d'historique pour un site Web [GRATUIT]","description":"Ajoutez une chronologie personnalis\u00e9e \u00e0 votre boutique PrestaShop. Affichez les \u00e9tapes cl\u00e9s du produit, les r\u00e9alisations de l'entreprise ou les \u00e9v\u00e9nements avec un widget Chronologie personnalisable sans code.","robots":{"index":"index","follow":"follow","max-snippet":"max-snippet:-1","max-image-preview":"max-image-preview:large","max-video-preview":"max-video-preview:-1"},"canonical":"https:\/\/elfsight.com\/fr\/timeline-widget\/prestashop\/","og_locale":"fr_FR","og_type":"article","og_title":"Chronologie PrestaShop \u2013 Cr\u00e9ez une ligne d'historique pour un site Web [GRATUIT]","og_description":"Ajoutez une chronologie personnalis\u00e9e \u00e0 votre boutique PrestaShop. Affichez les \u00e9tapes cl\u00e9s du produit, les r\u00e9alisations de l'entreprise ou les \u00e9v\u00e9nements avec un widget Chronologie personnalisable sans code.","og_url":"https:\/\/elfsight.com\/fr\/timeline-widget\/prestashop\/","og_site_name":"Elfsight FR","article_modified_time":"2025-07-10T13:54:14+00:00","twitter_card":"summary_large_image","twitter_misc":{"Dur\u00e9e de lecture estim\u00e9e":"4 minutes"},"schema":{"@context":"https:\/\/schema.org","@graph":[{"@type":"WebPage","@id":"https:\/\/elfsight.com\/fr\/timeline-widget\/prestashop\/","url":"https:\/\/elfsight.com\/fr\/timeline-widget\/prestashop\/","name":"Chronologie PrestaShop \u2013 Cr\u00e9ez une ligne d'historique pour un site Web [GRATUIT]","isPartOf":{"@id":"https:\/\/elfsight.com\/fr\/#website"},"datePublished":"2025-03-11T09:15:09+00:00","dateModified":"2025-07-10T13:54:14+00:00","description":"Ajoutez une chronologie personnalis\u00e9e \u00e0 votre boutique PrestaShop. Affichez les \u00e9tapes cl\u00e9s du produit, les r\u00e9alisations de l'entreprise ou les \u00e9v\u00e9nements avec un widget Chronologie personnalisable sans code.","breadcrumb":{"@id":"https:\/\/elfsight.com\/fr\/timeline-widget\/prestashop\/#breadcrumb"},"inLanguage":"fr-FR","potentialAction":[{"@type":"ReadAction","target":["https:\/\/elfsight.com\/fr\/timeline-widget\/prestashop\/"]}]},{"@type":"BreadcrumbList","@id":"https:\/\/elfsight.com\/fr\/timeline-widget\/prestashop\/#breadcrumb","itemListElement":[{"@type":"ListItem","position":1,"name":"Home","item":"https:\/\/elfsight.com\/fr\/"},{"@type":"ListItem","position":2,"name":"Timeline","item":"https:\/\/elfsight.com\/fr\/timeline-widget\/"},{"@type":"ListItem","position":3,"name":"Timeline &#8211; PrestaShop"}]},{"@type":"WebSite","@id":"https:\/\/elfsight.com\/fr\/#website","url":"https:\/\/elfsight.com\/fr\/","name":"Elfsight FR","description":"","potentialAction":[{"@type":"SearchAction","target":{"@type":"EntryPoint","urlTemplate":"https:\/\/elfsight.com\/fr\/?s={search_term_string}"},"query-input":{"@type":"PropertyValueSpecification","valueRequired":true,"valueName":"search_term_string"}}],"inLanguage":"fr-FR"}]}},"meta_box":{"industry":"","seo_heading":"","heading":"","description":"","cta_heading":"","cta_description":"","application":"16250","h1":"Module compl\u00e9mentaire de chronologie pour PrestaShop","h1_caption":"Pr\u00e9sentez une chronologie attrayante de r\u00e9alisations pour r\u00e9v\u00e9ler votre r\u00e9cit, vos \u00e9tapes de progression ou vos \u00e9v\u00e9nements avec une chronologie interactive sur votre site Web PrestaShop.","application_category":[],"applications_title":"","applications_request_title":"","applications_request_button_text":"","hero_text":"","hero_video":"","hero_video_schema_markup":"","selling_points_title":"","selling_points_caption":"","selling_points":[],"selling_points_cta_text":"","features_title":"","features":"","ed_cta_examples_text":"","ed_cta_examples_hidden":"","ed_cta_demo_text":"","ed_cta_demo_hidden":"","why_caption":"","why_editor_title":"","why_editor_text":"","why_team_title":"","why_team_text":"","why_service_title":"","why_service_text":"","template_catalog_visible":"","template_catalog_title":"","template_catalog_text":"","template_catalog_categories_visible":"","demo_title":"Cr\u00e9ez votre module compl\u00e9mentaire PrestaShop Timeline","demo_caption":"Personnalisez votre chronologie et ajoutez-la \u00e0 votre site Web en toute simplicit\u00e9\u00a0!","default_faq_hidden":"","app_template_category":[],"platform":"2334","template_public_id":"","codecanyon_url":"","codecanyon_item_id":"","codecanyon_price":"","pricing_caption":"","pricing_elfsight_apps_hide_column":"","pricing_elfsight_apps_url":"","pricing_codecanyon_price_caption":"","integration_category":[],"integration_request_title":"","integration_request_cta":"","integration_platform":"","integrations":[],"platform_category":[],"video_schema_markup":"","price":"\u00e0 partir de 0$ \/ mois","trial":"","benefits":[],"button_url":"#demo","button_target_blank":"0","button_nofollow":"0","attributes":[{"name":"Installations","content":"50,000 - 100,000","_state":"expanded"},{"name":"Sensible","content":"Oui","_state":"expanded"},{"name":"Navigateurs compatibles","content":"Firefox, Safari, Opera, Chrome, Edge","_state":"expanded"}],"tags":[],"tags_disable_links":"","hide_more_platforms":"","video_object":"","demo_hide_cta":"0","demo_hide_cloud_options":"","pricing_title":"","pricing":[{"pricing_icon":"platform","pricing_title":"Elfsight Apps","pricing_title_caption":"Logiciel multiplateforme adapt\u00e9 \u00e0 n'importe quel site","pricing_price":"\u00e0 partir de 0$ \/ mois","pricing_price_caption":"commencez avec un forfait gratuit","pricing_benefits":"[object Object],[object Object],[object Object],[object Object]","pricing_button_text":"Ajouter au site Web","pricing_button_url":"#demo"}],"related_apps_title":"","related_apps_hidden":"","author":"","image":[],"title":"","job":"","social_networks":[]},"_links":{"self":[{"href":"https:\/\/elfsight.com\/fr\/wp-json\/wp\/v2\/pages\/16277","targetHints":{"allow":["GET"]}}],"collection":[{"href":"https:\/\/elfsight.com\/fr\/wp-json\/wp\/v2\/pages"}],"about":[{"href":"https:\/\/elfsight.com\/fr\/wp-json\/wp\/v2\/types\/page"}],"author":[{"embeddable":true,"href":"https:\/\/elfsight.com\/fr\/wp-json\/wp\/v2\/users\/9"}],"replies":[{"embeddable":true,"href":"https:\/\/elfsight.com\/fr\/wp-json\/wp\/v2\/comments?post=16277"}],"version-history":[{"count":1,"href":"https:\/\/elfsight.com\/fr\/wp-json\/wp\/v2\/pages\/16277\/revisions"}],"predecessor-version":[{"id":16281,"href":"https:\/\/elfsight.com\/fr\/wp-json\/wp\/v2\/pages\/16277\/revisions\/16281"}],"up":[{"embeddable":true,"href":"https:\/\/elfsight.com\/fr\/wp-json\/wp\/v2\/pages\/16251"}],"wp:attachment":[{"href":"https:\/\/elfsight.com\/fr\/wp-json\/wp\/v2\/media?parent=16277"}],"curies":[{"name":"wp","href":"https:\/\/api.w.org\/{rel}","templated":true}]}}