{"id":16276,"date":"2025-03-12T08:34:08","date_gmt":"2025-03-12T08:34:08","guid":{"rendered":"https:\/\/elfsight.com\/fr\/?page_id=16276"},"modified":"2025-07-10T13:53:18","modified_gmt":"2025-07-10T13:53:18","slug":"facebook","status":"publish","type":"page","link":"https:\/\/elfsight.com\/fr\/timeline-widget\/facebook\/","title":{"rendered":"Timeline &#8211; Facebook"},"content":{"rendered":"<div class=\"application-platform-content-item-description application-platform-content-item\" id=\"description\" data-nav-section=\"description\"><h2>G\u00e9n\u00e9rateur de chronologie pour les pages Facebook<\/h2><p>Ajoutez une chronologie interactive \u00e0 vos pages Facebook pour mettre en \u00e9vidence des jalons, des \u00e9v\u00e9nements ou des \u00e9tapes de t\u00e2ches, sans aucun codage requis. Le widget Timeline d&rsquo;Elfsight vous permet d&rsquo;int\u00e9grer des points personnalisables qui engagent votre public. Que vous partagiez l&rsquo;historique de votre marque, suiviez les phases d&rsquo;un projet ou mettiez en \u00e9vidence les \u00e9tapes d&rsquo;un produit, ce widget facilite la conception d&rsquo;une chronologie adapt\u00e9e \u00e0 vos objectifs.<\/p><ul><li><b>Cr\u00e9ez des chronologies interactives sans code<\/b><br>Cr\u00e9ez une chronologie enti\u00e8rement fonctionnelle en quelques minutes, sans expertise technique requise, et commencez imm\u00e9diatement \u00e0 captiver vos visiteurs.<\/li><li><b>Options de personnalisation avanc\u00e9es<\/b><br>Ajustez la conception et la mise en page de votre chronologie avec divers mod\u00e8les personnalisables, couleurs, polices et param\u00e8tres pour une exp\u00e9rience unique et attrayante.<\/li><li><b>Processus d&rsquo;int\u00e9gration fluide<\/b><br>Int\u00e9grez facilement votre chronologie dans vos pages Facebook \u00e0 l&rsquo;aide d&rsquo;un simple code HTML, sans tracas technique.<\/li><li><b>Support client r\u00e9actif<\/b><br>Notre \u00e9quipe d&rsquo;assistance d\u00e9di\u00e9e est disponible pour vous aider dans la configuration, garantissant que votre chronologie fonctionne de mani\u00e8re transparente sur votre page.<\/li><\/ul><p><b>Essayez la chronologie Elfsight. pour engager votre audience et afficher vos jalons d&rsquo;une mani\u00e8re visuellement attrayante\u00a0!<\/b><\/p><\/div><div class=\"application-platform-content-item-features application-platform-content-item\" id=\"features\" data-nav-section=\"features\"><h2>Ce que vous pouvez faire avec la chronologie des pages Facebook<\/h2><ul><li><strong>Engagez visuellement les visiteurs<\/strong><br>Captez l&rsquo;attention de votre public avec une chronologie dynamique et interactive qui pr\u00e9sente les jalons dans un format facile \u00e0 comprendre. Une chronologie visuelle maintient l&rsquo;int\u00e9r\u00eat des visiteurs et les encourage \u00e0 explorer davantage votre histoire.<\/li><li><strong>Pr\u00e9sentez les progr\u00e8s et les \u00e9v\u00e9nements<\/strong><br>Utilisez la chronologie pour pr\u00e9senter les \u00e9v\u00e9nements par ordre chronologique, aidant ainsi les visiteurs \u00e0 suivre votre parcours. Votre audience reste ainsi engag\u00e9e et inform\u00e9e de vos derniers d\u00e9veloppements.<\/li><li><strong>Soulignez les principales r\u00e9alisations<\/strong><br>Concentrez-vous sur vos \u00e9tapes les plus importantes. Affichez vos principales r\u00e9alisations dans un format attrayant et clair qui trouve un \u00e9cho aupr\u00e8s de votre public.<\/li><\/ul><p><a href=\"#demo\">Consultez l&rsquo;\u00e9diteur pour voir tout le potentiel.<\/a><\/p><\/div><div class=\"application-platform-content-item-installation application-platform-content-item\" id=\"installation\" data-nav-section=\"installation\"> <h2>Comment int\u00e9grer une chronologie sur des pages Facebook<\/h2><p>Ajouter la chronologie \u00e0 vos pages Facebook est simple et ne n\u00e9cessite aucune codage. Suivez simplement ces \u00e9tapes simples pour commencer\u00a0:<\/p><ol><li><b>Cr\u00e9ez votre chronologie personnalis\u00e9e<\/b><br>Commencez par s\u00e9lectionner un mod\u00e8le dans notre \u00e9diteur et personnalisez-le en fonction de vos besoins.<\/li><li><b>Obtenez votre code d&rsquo;int\u00e9gration unique<\/b><br>Une fois votre chronologie personnalis\u00e9e, vous recevrez un code HTML personnalis\u00e9. Copiez ce code pour une utilisation ult\u00e9rieure.<\/li><li><b>Int\u00e9grez le code dans votre page<\/b><br>Ins\u00e9rez le code HTML dans la section appropri\u00e9e de votre page et enregistrez les modifications. Votre chronologie sera en ligne\u00a0!<\/li><li><b>Profitez de votre nouvelle chronologie interactive\u00a0!<\/b><br>Visitez votre page pour voir la chronologie en action et impliquer votre public dans votre histoire\u00a0!<\/li><\/ol><p>Pour des instructions plus d\u00e9taill\u00e9es, consultez notre guide sur <a href=\"https:\/\/elfsight.com\/blog\/how-to-embed-timeline-to-website\/\">comment ajouter une chronologie \u00e0 votre page.<\/a><\/p><\/div><div class=\"faq\" data-component=\"FAQ\"><div class=\"faq-item\">\r\n\t\t\t\t\t<div class=\"faq-item-question\">\r\n\t\t\t\t\t\t<h3 class=\"faq-item-question-text\">Le widget Timeline pour les pages Facebook est-il gratuit ? <\/h3>\r\n\r\n\t\t\t\t\t\t<div class=\"faq-item-question-icon\"><\/div>\r\n\t\t\t\t\t<\/div>\r\n\r\n\t\t\t\t\t<div class=\"faq-item-answer\">\r\n\t\t\t\t\t\t<div class=\"faq-item-answer-text\">Oui, Elfsight propose un mod\u00e8le d&rsquo;abonnement avec un plan gratuit disponible. Vous pouvez utiliser gratuitement le widget Timeline pour les pages Facebook et acc\u00e9der \u00e0 toutes les fonctionnalit\u00e9s essentielles. Pour d\u00e9bloquer des fonctionnalit\u00e9s plus avanc\u00e9es, des forfaits premium sont disponibles. <\/div>\r\n\t\t\t\t\t<\/div>\r\n\t\t\t\t<\/div><div class=\"faq-item\">\r\n\t\t\t\t\t<div class=\"faq-item-question\">\r\n\t\t\t\t\t\t<h3 class=\"faq-item-question-text\">Ai-je besoin de comp\u00e9tences en codage pour utiliser le widget Timeline ? <\/h3>\r\n\r\n\t\t\t\t\t\t<div class=\"faq-item-question-icon\"><\/div>\r\n\t\t\t\t\t<\/div>\r\n\r\n\t\t\t\t\t<div class=\"faq-item-answer\">\r\n\t\t\t\t\t\t<div class=\"faq-item-answer-text\">Aucune comp\u00e9tence en codage n&rsquo;est requise. Le widget Timeline d&rsquo;Elfsight vous permet de cr\u00e9er, personnaliser et int\u00e9grer une chronologie avec un \u00e9diteur facile \u00e0 utiliser.<\/div>\r\n\t\t\t\t\t<\/div>\r\n\t\t\t\t<\/div><div class=\"faq-item\">\r\n\t\t\t\t\t<div class=\"faq-item-question\">\r\n\t\t\t\t\t\t<h3 class=\"faq-item-question-text\">Comment puis-je cr\u00e9er une chronologie interactive pour les pages Facebook ? <\/h3>\r\n\r\n\t\t\t\t\t\t<div class=\"faq-item-question-icon\"><\/div>\r\n\t\t\t\t\t<\/div>\r\n\r\n\t\t\t\t\t<div class=\"faq-item-answer\">\r\n\t\t\t\t\t\t<div class=\"faq-item-answer-text\"> Choisissez simplement un mod\u00e8le dans l&rsquo;\u00e9diteur, personnalisez-le avec votre contenu et int\u00e9grez-le dans votre page Facebook \u00e0 l&rsquo;aide du code HTML unique fourni. <\/div>\r\n\t\t\t\t\t<\/div>\r\n\t\t\t\t<\/div><div class=\"faq-item\">\r\n\t\t\t\t\t<div class=\"faq-item-question\">\r\n\t\t\t\t\t\t<h3 class=\"faq-item-question-text\">Quels types de chronologies puis-je cr\u00e9er ? <\/h3>\r\n\r\n\t\t\t\t\t\t<div class=\"faq-item-question-icon\"><\/div>\r\n\t\t\t\t\t<\/div>\r\n\r\n\t\t\t\t\t<div class=\"faq-item-answer\">\r\n\t\t\t\t\t\t<div class=\"faq-item-answer-text\">Vous pouvez cr\u00e9er un large \u00e9ventail de chronologies\u00a0: historique de l&rsquo;entreprise, d\u00e9veloppement de produits, avancement du projet, calendriers d&rsquo;\u00e9v\u00e9nements, etc. Le widget Elfsight Timeline est polyvalent et peut \u00eatre adapt\u00e9 \u00e0 vos besoins sp\u00e9cifiques. <\/div>\r\n\t\t\t\t\t<\/div>\r\n\t\t\t\t<\/div><\/div><p><\/p>","protected":false},"excerpt":{"rendered":"","protected":false},"author":9,"featured_media":0,"parent":16251,"menu_order":0,"comment_status":"closed","ping_status":"closed","template":"templates\/template-application-platform.php","meta":{"publish_to_discourse":"","publish_post_category":"","wpdc_auto_publish_overridden":"","wpdc_topic_tags":"","wpdc_pin_topic":"","wpdc_pin_until":"","discourse_post_id":"","discourse_permalink":"","wpdc_publishing_response":"","wpdc_publishing_error":"","footnotes":""},"class_list":["post-16276","page","type-page","status-publish","hentry"],"yoast_head":"<!-- This site is optimized with the Yoast SEO plugin v25.3.1 - https:\/\/yoast.com\/wordpress\/plugins\/seo\/ -->\n<title>Widget de chronologie - Ajoutez une chronologie interactive aux pages Facebook<\/title>\n<meta name=\"description\" content=\"Cr\u00e9ez une chronologie personnalis\u00e9e sur les pages Facebook avec le widget Timeline d&#039;Efsight. Pr\u00e9sentez les \u00e9v\u00e9nements cl\u00e9s, les jalons et les r\u00e9alisations \u2013 aucun codage requis.\" \/>\n<meta name=\"robots\" content=\"index, follow, max-snippet:-1, max-image-preview:large, max-video-preview:-1\" \/>\n<link rel=\"canonical\" href=\"https:\/\/elfsight.com\/fr\/timeline-widget\/facebook\/\" \/>\n<meta property=\"og:locale\" content=\"fr_FR\" \/>\n<meta property=\"og:type\" content=\"article\" \/>\n<meta property=\"og:title\" content=\"Widget de chronologie - Ajoutez une chronologie interactive aux pages Facebook\" \/>\n<meta property=\"og:description\" content=\"Cr\u00e9ez une chronologie personnalis\u00e9e sur les pages Facebook avec le widget Timeline d&#039;Efsight. Pr\u00e9sentez les \u00e9v\u00e9nements cl\u00e9s, les jalons et les r\u00e9alisations \u2013 aucun codage requis.\" \/>\n<meta property=\"og:url\" content=\"https:\/\/elfsight.com\/fr\/timeline-widget\/facebook\/\" \/>\n<meta property=\"og:site_name\" content=\"Elfsight FR\" \/>\n<meta property=\"article:modified_time\" content=\"2025-07-10T13:53:18+00:00\" \/>\n<meta name=\"twitter:card\" content=\"summary_large_image\" \/>\n<meta name=\"twitter:label1\" content=\"Dur\u00e9e de lecture estim\u00e9e\" \/>\n\t<meta name=\"twitter:data1\" content=\"4 minutes\" \/>\n<!-- \/ Yoast SEO plugin. -->","yoast_head_json":{"title":"Widget de chronologie - Ajoutez une chronologie interactive aux pages Facebook","description":"Cr\u00e9ez une chronologie personnalis\u00e9e sur les pages Facebook avec le widget Timeline d'Efsight. Pr\u00e9sentez les \u00e9v\u00e9nements cl\u00e9s, les jalons et les r\u00e9alisations \u2013 aucun codage requis.","robots":{"index":"index","follow":"follow","max-snippet":"max-snippet:-1","max-image-preview":"max-image-preview:large","max-video-preview":"max-video-preview:-1"},"canonical":"https:\/\/elfsight.com\/fr\/timeline-widget\/facebook\/","og_locale":"fr_FR","og_type":"article","og_title":"Widget de chronologie - Ajoutez une chronologie interactive aux pages Facebook","og_description":"Cr\u00e9ez une chronologie personnalis\u00e9e sur les pages Facebook avec le widget Timeline d'Efsight. Pr\u00e9sentez les \u00e9v\u00e9nements cl\u00e9s, les jalons et les r\u00e9alisations \u2013 aucun codage requis.","og_url":"https:\/\/elfsight.com\/fr\/timeline-widget\/facebook\/","og_site_name":"Elfsight FR","article_modified_time":"2025-07-10T13:53:18+00:00","twitter_card":"summary_large_image","twitter_misc":{"Dur\u00e9e de lecture estim\u00e9e":"4 minutes"},"schema":{"@context":"https:\/\/schema.org","@graph":[{"@type":"WebPage","@id":"https:\/\/elfsight.com\/fr\/timeline-widget\/facebook\/","url":"https:\/\/elfsight.com\/fr\/timeline-widget\/facebook\/","name":"Widget de chronologie - Ajoutez une chronologie interactive aux pages Facebook","isPartOf":{"@id":"https:\/\/elfsight.com\/fr\/#website"},"datePublished":"2025-03-12T08:34:08+00:00","dateModified":"2025-07-10T13:53:18+00:00","description":"Cr\u00e9ez une chronologie personnalis\u00e9e sur les pages Facebook avec le widget Timeline d'Efsight. Pr\u00e9sentez les \u00e9v\u00e9nements cl\u00e9s, les jalons et les r\u00e9alisations \u2013 aucun codage requis.","breadcrumb":{"@id":"https:\/\/elfsight.com\/fr\/timeline-widget\/facebook\/#breadcrumb"},"inLanguage":"fr-FR","potentialAction":[{"@type":"ReadAction","target":["https:\/\/elfsight.com\/fr\/timeline-widget\/facebook\/"]}]},{"@type":"BreadcrumbList","@id":"https:\/\/elfsight.com\/fr\/timeline-widget\/facebook\/#breadcrumb","itemListElement":[{"@type":"ListItem","position":1,"name":"Home","item":"https:\/\/elfsight.com\/fr\/"},{"@type":"ListItem","position":2,"name":"Timeline","item":"https:\/\/elfsight.com\/fr\/timeline-widget\/"},{"@type":"ListItem","position":3,"name":"Timeline &#8211; Facebook"}]},{"@type":"WebSite","@id":"https:\/\/elfsight.com\/fr\/#website","url":"https:\/\/elfsight.com\/fr\/","name":"Elfsight FR","description":"","potentialAction":[{"@type":"SearchAction","target":{"@type":"EntryPoint","urlTemplate":"https:\/\/elfsight.com\/fr\/?s={search_term_string}"},"query-input":{"@type":"PropertyValueSpecification","valueRequired":true,"valueName":"search_term_string"}}],"inLanguage":"fr-FR"}]}},"meta_box":{"industry":"","seo_heading":"","heading":"","description":"","cta_heading":"","cta_description":"","application":"16250","h1":"Widget de chronologie pour les pages Facebook","h1_caption":"Affichez une chronologie attrayante des jalons pour raconter votre histoire, pr\u00e9senter vos progr\u00e8s ou vos \u00e9v\u00e9nements avec une chronologie interactive sur les pages Facebook.","application_category":[],"applications_title":"","applications_request_title":"","applications_request_button_text":"","hero_text":"","hero_video":"","hero_video_schema_markup":"","selling_points_title":"","selling_points_caption":"","selling_points":[],"selling_points_cta_text":"","features_title":"","features":"","ed_cta_examples_text":"","ed_cta_examples_hidden":"","ed_cta_demo_text":"","ed_cta_demo_hidden":"","why_caption":"","why_editor_title":"","why_editor_text":"","why_team_title":"","why_team_text":"","why_service_title":"","why_service_text":"","template_catalog_visible":"","template_catalog_title":"","template_catalog_text":"","template_catalog_categories_visible":"","demo_title":"Cr\u00e9ez le widget Chronologie de vos pages Facebook","demo_caption":"Personnalisez votre chronologie et ajoutez-la \u00e0 votre site Web en toute simplicit\u00e9\u00a0!","default_faq_hidden":"","app_template_category":[],"platform":"131","template_public_id":"","codecanyon_url":"","codecanyon_item_id":"","codecanyon_price":"","pricing_caption":"","pricing_elfsight_apps_hide_column":"","pricing_elfsight_apps_url":"","pricing_codecanyon_price_caption":"","integration_category":[],"integration_request_title":"","integration_request_cta":"","integration_platform":"","integrations":[],"platform_category":[],"video_schema_markup":"","price":"\u00e0 partir de 0$ \/ mois","trial":"","benefits":[],"button_url":"#demo","button_target_blank":"0","button_nofollow":"0","attributes":[{"name":"Installations","content":"50,000 - 100,000","_state":"expanded"},{"name":"Sensible","content":"Oui","_state":"expanded"},{"name":"Navigateurs compatibles","content":"Firefox, Safari, Opera, Chrome, Edge","_state":"expanded"}],"tags":[],"tags_disable_links":"","hide_more_platforms":"","video_object":"","demo_hide_cta":"0","demo_hide_cloud_options":"","pricing_title":"","pricing":[{"pricing_icon":"platform","pricing_title":"Elfsight Apps","pricing_title_caption":"Logiciel multiplateforme adapt\u00e9 \u00e0 n'importe quel site","pricing_price":"\u00e0 partir de 0$ \/ mois","pricing_price_caption":"commencez avec un forfait gratuit","pricing_benefits":"[object Object],[object Object],[object Object],[object Object]","pricing_button_text":"Ajouter au site Web","pricing_button_url":"#demo"}],"related_apps_title":"","related_apps_hidden":"","author":"","image":[],"title":"","job":"","social_networks":[]},"_links":{"self":[{"href":"https:\/\/elfsight.com\/fr\/wp-json\/wp\/v2\/pages\/16276","targetHints":{"allow":["GET"]}}],"collection":[{"href":"https:\/\/elfsight.com\/fr\/wp-json\/wp\/v2\/pages"}],"about":[{"href":"https:\/\/elfsight.com\/fr\/wp-json\/wp\/v2\/types\/page"}],"author":[{"embeddable":true,"href":"https:\/\/elfsight.com\/fr\/wp-json\/wp\/v2\/users\/9"}],"replies":[{"embeddable":true,"href":"https:\/\/elfsight.com\/fr\/wp-json\/wp\/v2\/comments?post=16276"}],"version-history":[{"count":1,"href":"https:\/\/elfsight.com\/fr\/wp-json\/wp\/v2\/pages\/16276\/revisions"}],"predecessor-version":[{"id":16280,"href":"https:\/\/elfsight.com\/fr\/wp-json\/wp\/v2\/pages\/16276\/revisions\/16280"}],"up":[{"embeddable":true,"href":"https:\/\/elfsight.com\/fr\/wp-json\/wp\/v2\/pages\/16251"}],"wp:attachment":[{"href":"https:\/\/elfsight.com\/fr\/wp-json\/wp\/v2\/media?parent=16276"}],"curies":[{"name":"wp","href":"https:\/\/api.w.org\/{rel}","templated":true}]}}