{"id":16241,"date":"2024-12-19T14:06:12","date_gmt":"2024-12-19T14:06:12","guid":{"rendered":"https:\/\/elfsight.com\/fr\/?page_id=16241"},"modified":"2025-09-18T14:12:09","modified_gmt":"2025-09-18T14:12:09","slug":"shopify","status":"publish","type":"page","link":"https:\/\/elfsight.com\/fr\/announcement-bar-widget\/shopify\/","title":{"rendered":"Announcement Bar &#8211; Shopify"},"content":{"rendered":"<div class=\"application-platform-content-item-description application-platform-content-item\" id=\"description\" data-nav-section=\"description\"> <p>L&rsquo;application Announcement Bar aide les entreprises \u00e0 communiquer clairement les notifications, promotions et alertes importantes aux visiteurs. Il est id\u00e9al pour informer les clients sur des offres sp\u00e9ciales, des lancements de produits ou des informations importantes telles que des mises \u00e0 jour sur les exp\u00e9ditions.<\/p><p>Am\u00e9liorez l&rsquo;engagement en encourageant les visiteurs \u00e0 agir, qu&rsquo;il s&rsquo;agisse d&rsquo;effectuer un achat ou de recevoir un coupon. Avec la configuration sans code, l&rsquo;application s&rsquo;int\u00e8gre parfaitement \u00e0 votre site Web. Elle est enti\u00e8rement personnalisable, vous pouvez donc facilement choisir le style qui correspond \u00e0 votre image de marque.<\/p><p><b>Concevez votre barre d&rsquo;annonce personnalis\u00e9e pour une repr\u00e9sentation plus forte des messages importants de votre entreprise.<\/b><\/p><\/div> <div class=\"application-platform-content-item-features application-platform-content-item\" id=\"features\" data-nav-section=\"features\"> <h2>Fonctionnalit\u00e9s de l&rsquo;application de la barre d&rsquo;annonce<\/h2> <p>La L&rsquo;application Shopify Announcement Bar d&rsquo;Elfsight est con\u00e7ue pour accro\u00eetre la sensibilisation des clients en affichant des notifications dynamiques. Vous trouverez ci-dessous une liste compl\u00e8te des principales fonctionnalit\u00e9s de l&rsquo;application\u00a0:<\/p><ul><li><b>Configuration rapide et facile.<\/b> Vous pouvez installer l&rsquo;application sur votre site Web rapidement et sans effort car elle ne n\u00e9cessite aucune expertise technique ni comp\u00e9tence en codage.<\/li><li><b>Attrayant mais discret.<\/b> Les options de mise en page personnalisables vous permettent de cr\u00e9er des annonces percutantes qui attirent l&rsquo;attention tout en garantissant une exp\u00e9rience utilisateur fluide.<\/li><li><b>Augmentez les ventes de produits plus importants. Produits.<\/b> Utilisez la barre d&rsquo;annonce pour promouvoir des remises, des offres sp\u00e9ciales ou des offres, en attirant efficacement l&rsquo;attention sur des produits sp\u00e9cifiques.<\/li><li><b>Mettez en surbrillance les actualit\u00e9s et les mises \u00e0 jour.<\/b> Partagez des informations sur les nouvelles versions, les mises \u00e0 jour de produits ou les lancements \u00e0 venir et maintenez l&rsquo;engagement de vos visiteurs avec un contenu pertinent.<\/li><li><b>Coh\u00e9rence de la marque.<\/b> Personnalisez chaque aspect de la barre d&rsquo;annonce pour qu&rsquo;elle corresponde parfaitement \u00e0 votre design et \u00e0 votre image de marque. Site Web.<\/li><li><b>Conception personnalisable.<\/b> Personnalisez les \u00e9l\u00e9ments de conception, y compris les couleurs, les polices et la mise en page, pour refl\u00e9ter votre style unique.<\/li><\/ul><p><a href=\"#demo\">Essayez la d\u00e9mo gratuite pour voir comment fonctionne l&rsquo;application Barre d&rsquo;annonces<\/a><\/p><\/div> <div class=\"application-platform-content-item-installation application-platform-content-item\" id=\"installation\" data-nav-section=\"installation\"> <h2>Comment ajouter une barre d&rsquo;annonces \u00e0 mon site Web Shopify\u00a0?<\/h2>\n<div class=\"video-container\">\n<iframe width=\"720\" height=\"405\" src=\"https:\/\/www.youtube.com\/embed\/Y--tZGZ7rAw?si=gmT9v-VTJ7ZvLHIP\" frameborder=\"0\" allowfullscreen=\"\"><\/iframe>\n<\/div>\n<\/div><p>Pour int\u00e9grer l&rsquo;application Barre d&rsquo;annonces sur votre site Web, suivez ces \u00e9tapes rapides\u00a0:<\/p> <ol><li>Lancez l&rsquo;\u00e9diteur d&rsquo;application et s\u00e9lectionnez un mod\u00e8le qui correspond au style de votre site.<\/li><li>Personnalisez l&rsquo;application en modifiant son message, son action et ses visuels, son bouton, sa position sur la page, etc. <\/li><li>Enregistrer Vos modifications et copiez le code HTML g\u00e9n\u00e9r\u00e9. Int\u00e9grez le code dans le CMS de votre site Web et actualisez la page.<\/li><\/ol>Termin\u00e9\u00a0! Votre application Shopify Announcement Bar est maintenant active\u00a0!<p>Pour des instructions d\u00e9taill\u00e9es, consultez notre article sur <a href=\"https:\/\/elfsight.com\/blog\/how-to-add-announcement-bar-in-shopify\/\" target=\"_blank\" rel=\"noopener\">comment ajouter l&rsquo;application Announcement Bar \u00e0 Shopify<\/a>.<\/p><p>Si vous rencontrez des probl\u00e8mes, contactez simplement notre \u00e9quipe d&rsquo;assistance client. Nous sommes heureux de vous aider \u00e0 installer et \u00e0 personnaliser votre application Barre d&rsquo;annonces.<\/p><\/div> <h2>FAQ<\/h2><div class=\"faq\" data-component=\"FAQ\"><div class=\"faq-item\">\r\n\t\t\t\t\t<div class=\"faq-item-question\">\r\n\t\t\t\t\t\t<h3 class=\"faq-item-question-text\">L'application Shopify Barre d'annonces est-elle gratuite ?<\/h3>\r\n\r\n\t\t\t\t\t\t<div class=\"faq-item-question-icon\"><\/div>\r\n\t\t\t\t\t<\/div>\r\n\r\n\t\t\t\t\t<div class=\"faq-item-answer\">\r\n\t\t\t\t\t\t<div class=\"faq-item-answer-text\">Oui, il existe une option gratuite disponible qui fournit des outils de base. Il convient aux petits sites Web, aux entreprises aux ressources limit\u00e9es ou aux tests. Les forfaits payants sont disponibles pour seulement 5\u00a0$ par mois et offrent des avantages suppl\u00e9mentaires.<\/div>\r\n\t\t\t\t\t<\/div>\r\n\t\t\t\t<\/div><div class=\"faq-item\">\r\n\t\t\t\t\t<div class=\"faq-item-question\">\r\n\t\t\t\t\t\t<h3 class=\"faq-item-question-text\">Quels types d'applications de barre d'annonce puis-je ajouter \u00e0 mon site ?<\/h3>\r\n\r\n\t\t\t\t\t\t<div class=\"faq-item-question-icon\"><\/div>\r\n\t\t\t\t\t<\/div>\r\n\r\n\t\t\t\t\t<div class=\"faq-item-answer\">\r\n\t\t\t\t\t\t<div class=\"faq-item-answer-text\">Quelques exemples de barres d&rsquo;annonce Shopify incluent des applications qui font la promotion d&rsquo;offres de livraison gratuite, annoncent des mises \u00e0 jour ou indiquent une vente \u00e0 venir. Ces barres peuvent \u00eatre statiques pour un affichage ininterrompu ou avoir des capacit\u00e9s de d\u00e9filement pour rester visibles \u00e0 tout moment.<\/div>\r\n\t\t\t\t\t<\/div>\r\n\t\t\t\t<\/div><div class=\"faq-item\">\r\n\t\t\t\t\t<div class=\"faq-item-question\">\r\n\t\t\t\t\t\t<h3 class=\"faq-item-question-text\">Comment modifier l'application de barre d'annonce sur le site Web Shopify ?<\/h3>\r\n\r\n\t\t\t\t\t\t<div class=\"faq-item-question-icon\"><\/div>\r\n\t\t\t\t\t<\/div>\r\n\r\n\t\t\t\t\t<div class=\"faq-item-answer\">\r\n\t\t\t\t\t\t<div class=\"faq-item-answer-text\">La modification de l&rsquo;application de barre d&rsquo;annonce est intuitive avec l&rsquo;\u00e9diteur accessible d&rsquo;Elfsight. Vous pouvez personnaliser le contenu, la conception et l&#8217;emplacement pour qu&rsquo;ils correspondent \u00e0 l&rsquo;apparence g\u00e9n\u00e9rale de votre site Web. Des fonctionnalit\u00e9s suppl\u00e9mentaires telles que les outils de ciblage vous permettent de personnaliser la barre pour atteindre efficacement votre audience.<\/div>\r\n\t\t\t\t\t<\/div>\r\n\t\t\t\t<\/div><div class=\"faq-item\">\r\n\t\t\t\t\t<div class=\"faq-item-question\">\r\n\t\t\t\t\t\t<h3 class=\"faq-item-question-text\">Quelles autres applications puis-je utiliser pour am\u00e9liorer l'engagement de l'audience ?<\/h3>\r\n\r\n\t\t\t\t\t\t<div class=\"faq-item-question-icon\"><\/div>\r\n\t\t\t\t\t<\/div>\r\n\r\n\t\t\t\t\t<div class=\"faq-item-answer\">\r\n\t\t\t\t\t\t<div class=\"faq-item-answer-text\"><p>Vous pouvez cr\u00e9er un <a href=\"https:\/\/elfsight.com\/sales-notification-widget\/shopify\/\" rel=\"noopener\">Ajoutez une application de notification de ventes<\/a> pour afficher des informations sur les achats r\u00e9cents, ce qui est utile pour renforcer la confiance des clients. L&rsquo;<a href=\"https:\/\/elfsight.com\/popup-widget\/shopify\/\" rel=\"noopener\">application contextuelle<\/a> est id\u00e9ale pour promouvoir des offres et encourager les visiteurs \u00e0 agir. L&rsquo;<a href=\"https:\/\/elfsight.com\/banner-widget\/shopify\/\" rel=\"noopener\">Banner App<\/a> met en \u00e9vidence les \u00e9v\u00e9nements sp\u00e9ciaux, garantissant la visibilit\u00e9 des informations importantes.<\/div>\r\n\t\t\t\t\t<\/div>\r\n\t\t\t\t<\/div><\/div>","protected":false},"excerpt":{"rendered":"FAQ","protected":false},"author":9,"featured_media":0,"parent":7325,"menu_order":0,"comment_status":"closed","ping_status":"closed","template":"templates\/template-application-platform.php","meta":{"publish_to_discourse":"","publish_post_category":"","wpdc_auto_publish_overridden":"","wpdc_topic_tags":"","wpdc_pin_topic":"","wpdc_pin_until":"","discourse_post_id":"","discourse_permalink":"","wpdc_publishing_response":"","wpdc_publishing_error":"","footnotes":""},"class_list":["post-16241","page","type-page","status-publish","hentry"],"yoast_head":"<!-- This site is optimized with the Yoast SEO plugin v25.3.1 - https:\/\/yoast.com\/wordpress\/plugins\/seo\/ -->\n<title>Meilleure application de barre d&#039;annonces pour Shopify \u2013 Ajoutez \u00e0 votre site Web<\/title>\n<meta name=\"description\" content=\"Augmentez l&#039;engagement avec l&#039;application Elfsight Announcement Bar facile \u00e0 utiliser pour Shopify. Mettez en \u00e9vidence les alertes urgentes et motivez les visiteurs \u00e0 agir.\" \/>\n<meta name=\"robots\" content=\"index, follow, max-snippet:-1, max-image-preview:large, max-video-preview:-1\" \/>\n<link rel=\"canonical\" href=\"https:\/\/elfsight.com\/fr\/announcement-bar-widget\/shopify\/\" \/>\n<meta property=\"og:locale\" content=\"fr_FR\" \/>\n<meta property=\"og:type\" content=\"article\" \/>\n<meta property=\"og:title\" content=\"Meilleure application de barre d&#039;annonces pour Shopify \u2013 Ajoutez \u00e0 votre site Web\" \/>\n<meta property=\"og:description\" content=\"Augmentez l&#039;engagement avec l&#039;application Elfsight Announcement Bar facile \u00e0 utiliser pour Shopify. Mettez en \u00e9vidence les alertes urgentes et motivez les visiteurs \u00e0 agir.\" \/>\n<meta property=\"og:url\" content=\"https:\/\/elfsight.com\/fr\/announcement-bar-widget\/shopify\/\" \/>\n<meta property=\"og:site_name\" content=\"Elfsight FR\" \/>\n<meta property=\"article:modified_time\" content=\"2025-09-18T14:12:09+00:00\" \/>\n<meta name=\"twitter:card\" content=\"summary_large_image\" \/>\n<meta name=\"twitter:label1\" content=\"Dur\u00e9e de lecture estim\u00e9e\" \/>\n\t<meta name=\"twitter:data1\" content=\"4 minutes\" \/>\n<!-- \/ Yoast SEO plugin. -->","yoast_head_json":{"title":"Meilleure application de barre d'annonces pour Shopify \u2013 Ajoutez \u00e0 votre site Web","description":"Augmentez l'engagement avec l'application Elfsight Announcement Bar facile \u00e0 utiliser pour Shopify. Mettez en \u00e9vidence les alertes urgentes et motivez les visiteurs \u00e0 agir.","robots":{"index":"index","follow":"follow","max-snippet":"max-snippet:-1","max-image-preview":"max-image-preview:large","max-video-preview":"max-video-preview:-1"},"canonical":"https:\/\/elfsight.com\/fr\/announcement-bar-widget\/shopify\/","og_locale":"fr_FR","og_type":"article","og_title":"Meilleure application de barre d'annonces pour Shopify \u2013 Ajoutez \u00e0 votre site Web","og_description":"Augmentez l'engagement avec l'application Elfsight Announcement Bar facile \u00e0 utiliser pour Shopify. Mettez en \u00e9vidence les alertes urgentes et motivez les visiteurs \u00e0 agir.","og_url":"https:\/\/elfsight.com\/fr\/announcement-bar-widget\/shopify\/","og_site_name":"Elfsight FR","article_modified_time":"2025-09-18T14:12:09+00:00","twitter_card":"summary_large_image","twitter_misc":{"Dur\u00e9e de lecture estim\u00e9e":"4 minutes"},"schema":{"@context":"https:\/\/schema.org","@graph":[{"@type":"WebPage","@id":"https:\/\/elfsight.com\/fr\/announcement-bar-widget\/shopify\/","url":"https:\/\/elfsight.com\/fr\/announcement-bar-widget\/shopify\/","name":"Meilleure application de barre d'annonces pour Shopify \u2013 Ajoutez \u00e0 votre site Web","isPartOf":{"@id":"https:\/\/elfsight.com\/fr\/#website"},"datePublished":"2024-12-19T14:06:12+00:00","dateModified":"2025-09-18T14:12:09+00:00","description":"Augmentez l'engagement avec l'application Elfsight Announcement Bar facile \u00e0 utiliser pour Shopify. Mettez en \u00e9vidence les alertes urgentes et motivez les visiteurs \u00e0 agir.","breadcrumb":{"@id":"https:\/\/elfsight.com\/fr\/announcement-bar-widget\/shopify\/#breadcrumb"},"inLanguage":"fr-FR","potentialAction":[{"@type":"ReadAction","target":["https:\/\/elfsight.com\/fr\/announcement-bar-widget\/shopify\/"]}]},{"@type":"BreadcrumbList","@id":"https:\/\/elfsight.com\/fr\/announcement-bar-widget\/shopify\/#breadcrumb","itemListElement":[{"@type":"ListItem","position":1,"name":"Home","item":"https:\/\/elfsight.com\/fr\/"},{"@type":"ListItem","position":2,"name":"Announcement Bar","item":"https:\/\/elfsight.com\/fr\/announcement-bar-widget\/"},{"@type":"ListItem","position":3,"name":"Announcement Bar &#8211; Shopify"}]},{"@type":"WebSite","@id":"https:\/\/elfsight.com\/fr\/#website","url":"https:\/\/elfsight.com\/fr\/","name":"Elfsight FR","description":"","potentialAction":[{"@type":"SearchAction","target":{"@type":"EntryPoint","urlTemplate":"https:\/\/elfsight.com\/fr\/?s={search_term_string}"},"query-input":{"@type":"PropertyValueSpecification","valueRequired":true,"valueName":"search_term_string"}}],"inLanguage":"fr-FR"}]}},"meta_box":{"industry":"","seo_heading":"","heading":"","description":"","cta_heading":"","cta_description":"","application":"7311","h1":"Application de barre d'annonce Shopify","h1_caption":"Ajoutez l'application Barre d'annonces \u00e0 votre site Shopify pour mettre en \u00e9vidence les mises \u00e0 jour importantes en temps r\u00e9el afin d'augmenter la confiance et l'engagement des clients.","application_category":[],"applications_title":"","applications_request_title":"","applications_request_button_text":"","hero_text":"","hero_video":"","hero_video_schema_markup":"","selling_points_title":"","selling_points_caption":"","selling_points":[],"selling_points_cta_text":"","features_title":"","features":"","ed_cta_examples_text":"","ed_cta_examples_hidden":"","ed_cta_demo_text":"","ed_cta_demo_hidden":"","why_caption":"","why_editor_title":"","why_editor_text":"","why_team_title":"","why_team_text":"","why_service_title":"","why_service_text":"","template_catalog_visible":"0","template_catalog_title":"","template_catalog_text":"","template_catalog_categories_visible":"","demo_title":"Cr\u00e9er une application de barre d'annonces Shopify","demo_caption":"Cr\u00e9ez votre application Barre d'annonces et ajoutez-la gratuitement \u00e0 votre site Web Shopify.","default_faq_hidden":"","app_template_category":[],"platform":"360","template_public_id":"","codecanyon_url":"","codecanyon_item_id":"","codecanyon_price":"","pricing_caption":"","pricing_elfsight_apps_hide_column":"","pricing_elfsight_apps_url":"","pricing_codecanyon_price_caption":"","integration_category":[],"integration_request_title":"","integration_request_cta":"","integration_platform":"","integrations":[],"platform_category":[],"video_schema_markup":"","price":"","trial":"","benefits":[{"text":"Service d'installation gratuit"},{"text":"Service client comp\u00e9tent"},{"text":"Garantie de remboursement de 14 jours"},{"text":"D\u00e9veloppement continu"}],"button_url":"#demo","button_target_blank":"0","button_nofollow":"0","attributes":[{"name":"Install\u00e9","content":"1,000 - 5,000","_state":"expanded"},{"name":"R\u00e9actif","content":"Oui","_state":"expanded"},{"name":"Navigateurs compatibles","content":"Firefox, Safari, Opera, Chrome, Edge","_state":"expanded"}],"tags":[],"tags_disable_links":"0","hide_more_platforms":"0","video_object":"","demo_hide_cta":"0","demo_hide_cloud_options":"0","pricing_title":"","pricing":[{"pricing_icon":"platform","pricing_title":"Elfsight Apps","pricing_title_caption":"Version multiplateforme ","pricing_price":"\u00c0 partir de 0$\/mois","pricing_price_caption":"Commencez avec un forfait gratuit","pricing_button_text":"Ajouter au site Web","pricing_button_url":"#demo"}],"related_apps_title":"","related_apps_hidden":"0","author":"","image":[],"title":"","job":"","social_networks":[]},"_links":{"self":[{"href":"https:\/\/elfsight.com\/fr\/wp-json\/wp\/v2\/pages\/16241","targetHints":{"allow":["GET"]}}],"collection":[{"href":"https:\/\/elfsight.com\/fr\/wp-json\/wp\/v2\/pages"}],"about":[{"href":"https:\/\/elfsight.com\/fr\/wp-json\/wp\/v2\/types\/page"}],"author":[{"embeddable":true,"href":"https:\/\/elfsight.com\/fr\/wp-json\/wp\/v2\/users\/9"}],"replies":[{"embeddable":true,"href":"https:\/\/elfsight.com\/fr\/wp-json\/wp\/v2\/comments?post=16241"}],"version-history":[{"count":4,"href":"https:\/\/elfsight.com\/fr\/wp-json\/wp\/v2\/pages\/16241\/revisions"}],"predecessor-version":[{"id":16706,"href":"https:\/\/elfsight.com\/fr\/wp-json\/wp\/v2\/pages\/16241\/revisions\/16706"}],"up":[{"embeddable":true,"href":"https:\/\/elfsight.com\/fr\/wp-json\/wp\/v2\/pages\/7325"}],"wp:attachment":[{"href":"https:\/\/elfsight.com\/fr\/wp-json\/wp\/v2\/media?parent=16241"}],"curies":[{"name":"wp","href":"https:\/\/api.w.org\/{rel}","templated":true}]}}