{"id":16239,"date":"2024-12-20T08:22:48","date_gmt":"2024-12-20T08:22:48","guid":{"rendered":"https:\/\/elfsight.com\/fr\/?page_id=16239"},"modified":"2025-09-23T09:02:15","modified_gmt":"2025-09-23T09:02:15","slug":"wix","status":"publish","type":"page","link":"https:\/\/elfsight.com\/fr\/announcement-bar-widget\/wix\/","title":{"rendered":"Announcement Bar &#8211; Wix"},"content":{"rendered":"<div class=\"application-platform-content-item-description application-platform-content-item\" id=\"description\" data-nav-section=\"description\"> <p>L&rsquo;application Announcement Bar aide les entreprises \u00e0 partager des notifications importantes avec les visiteurs de mani\u00e8re visible et accrocheuse. C&rsquo;est id\u00e9al pour informer les clients des nouvelles offres, des ventes \u00e0 venir ou des d\u00e9tails urgents tels que l&rsquo;\u00e9tat de l&rsquo;exp\u00e9dition. <\/p><p>Augmentez l&rsquo;engagement en encourageant les visiteurs \u00e0 agir, qu&rsquo;il s&rsquo;agisse d&rsquo;effectuer un achat ou de lire une mise \u00e0 jour. Avec la configuration sans code, l&rsquo;application s&rsquo;int\u00e8gre parfaitement \u00e0 votre site Web. Elle est enti\u00e8rement personnalisable, vous pouvez donc facilement choisir le style qui correspond \u00e0 votre image de marque.<\/p><p><b>Cr\u00e9ez une barre d&rsquo;annonces Wix personnalis\u00e9e pour mieux mettre en \u00e9vidence les notifications importantes de votre entreprise.<\/b><\/p><\/div> <div class=\"application-platform-content-item-features application-platform-content-item\" id=\"features\" data-nav-section=\"features\"> <h2>Fonctionnalit\u00e9s de l&rsquo;application de la barre d&rsquo;annonces<\/h2> <p>La L&rsquo;application Announcement Bar d&rsquo;Elfsight est con\u00e7ue pour augmenter l&rsquo;engagement des utilisateurs en affichant des notifications dynamiques de nouvelles importantes. Cet outil polyvalent renforce non seulement la confiance en affichant des informations importantes, mais encourage \u00e9galement les visiteurs \u00e0 agir avec des alertes cibl\u00e9es. Vous trouverez ci-dessous une liste compl\u00e8te des principales fonctionnalit\u00e9s de l&rsquo;application\u00a0:<\/p><ul><li><b>Configuration rapide et facile.<\/b> Configuration simple et non technique qui permet un d\u00e9ploiement rapide sur votre site Web.<\/li><li><b>Attrayant mais non intrusif.<\/b> Les options de visibilit\u00e9 personnalisables vous permettent de cr\u00e9er des annonces percutantes tout en garantissant une exp\u00e9rience transparente.<\/li><li><b>Augmentez les ventes de produits cl\u00e9s.<\/b> Faites la promotion d&rsquo;offres exclusives directement depuis le site Web. Barre d&rsquo;annonce pour augmenter les conversions dans des cat\u00e9gories de produits sp\u00e9cifiques.<\/li><li><b>Mettez en avant les actualit\u00e9s et les mises \u00e0 jour.<\/b> Annoncez les nouvelles versions ou les mises \u00e0 jour des produits existants et tenez les visiteurs inform\u00e9s avec un contenu r\u00e9cent et pertinent.<\/li><li><b>Coh\u00e9rence de la marque.<\/b> Options de personnalisation compl\u00e8tes pour correspondre parfaitement \u00e0 l&rsquo;apparence de votre site Web et garantir une exp\u00e9rience utilisateur coh\u00e9rente et fluide. assurez-vous.<\/li><li><b>Conception personnalisable.<\/b> Mod\u00e8les, polices et mises en page enti\u00e8rement personnalisables qui correspondent \u00e0 votre identit\u00e9 de marque unique.<\/li><\/ul><p><a href=\"#demo\">D\u00e9couvrez l&rsquo;\u00e9diteur simple pour voir comment fonctionne l&rsquo;application<\/a><\/p><\/div> <div class=\"application-platform-content-item-installation application-platform-content-item\" id=\"installation\" data-nav-section=\"installation\"> <h2>Comment ajouter Comment ajouter une barre d&rsquo;annonces dans Wix\u00a0?<\/h2><div class=\"video-container\">\n<iframe width=\"720\" height=\"405\" src=\"https:\/\/www.youtube.com\/embed\/BolIySu9bo4?si=BiBE5_ztnDgBHMIi\" frameborder=\"0\" allowfullscreen=\"\"><\/iframe>\n<\/div><p>Pour placer l&rsquo;application Barre d&rsquo;annonces sur votre site Web, suivez ces \u00e9tapes rapides\u00a0:<\/p> <ol><li>Lancez l&rsquo;\u00e9diteur d&rsquo;application et s\u00e9lectionnez un mod\u00e8le qui correspond au style de votre site.<\/li><li>Personnalisez l&rsquo;application en modifiant son message, son action et ses visuels, son bouton, sa position sur la page, etc.<\/li><li>Enregistrez vos modifications et copiez l&rsquo;extrait HTML g\u00e9n\u00e9r\u00e9. Collez le code dans l&rsquo;\u00e9diteur de votre site Web et appliquez les modifications.<\/li><\/ol><p>Compris\u00a0! Votre application Wix Announcement Bar est maintenant active\u00a0!<\/p><p>Pour des instructions d\u00e9taill\u00e9es, consultez notre article sur <a href=\"https:\/\/elfsight.com\/blog\/how-to-add-announcement-bar-in-wix\/\" target=\"_blank\" rel=\"noopener\">comment ajouter l&rsquo;application Announcement Bar \u00e0 Wix<\/a>.<\/p><p>Si vous rencontrez des difficult\u00e9s pour int\u00e9grer l&rsquo;application dans un site Web, assurez-vous de le faire. Contactez notre \u00e9quipe de support client. Nous sommes heureux de vous aider \u00e0 ajouter et \u00e0 personnaliser votre barre d&rsquo;annonces.<\/p><\/div> <h2>FAQ<\/h2><div class=\"faq\" data-component=\"FAQ\"><div class=\"faq-item\">\r\n\t\t\t\t\t<div class=\"faq-item-question\">\r\n\t\t\t\t\t\t<h3 class=\"faq-item-question-text\"><\/h3>\r\n\r\n\t\t\t\t\t\t<div class=\"faq-item-question-icon\"><\/div>\r\n\t\t\t\t\t<\/div>\r\n\r\n\t\t\t\t\t<div class=\"faq-item-answer\">\r\n\t\t\t\t\t\t<div class=\"faq-item-answer-text\">Oui, il existe un forfait gratuit disponible qui offre des fonctionnalit\u00e9s de base parfaites pour les sites Web compacts ou les tests. Les forfaits payants commencent \u00e0 5\u00a0$ par mois et offrent des fonctionnalit\u00e9s suppl\u00e9mentaires.<\/div>\r\n\t\t\t\t\t<\/div>\r\n\t\t\t\t<\/div><div class=\"faq-item\">\r\n\t\t\t\t\t<div class=\"faq-item-question\">\r\n\t\t\t\t\t\t<h3 class=\"faq-item-question-text\"><\/h3>\r\n\r\n\t\t\t\t\t\t<div class=\"faq-item-question-icon\"><\/div>\r\n\t\t\t\t\t<\/div>\r\n\r\n\t\t\t\t\t<div class=\"faq-item-answer\">\r\n\t\t\t\t\t\t<div class=\"faq-item-answer-text\">Vous pouvez cr\u00e9er diff\u00e9rentes barres d&rsquo;annonce, telles que\u00a0: B. ceux qui informent sur les offres de livraison gratuite, annoncent des nouveaut\u00e9s ou mettent en avant une vente en cours. Ces barres peuvent \u00eatre statiques pour un affichage ininterrompu ou avoir des capacit\u00e9s de d\u00e9filement pour \u00eatre visibles \u00e0 tout moment.<\/div>\r\n\t\t\t\t\t<\/div>\r\n\t\t\t\t<\/div><div class=\"faq-item\">\r\n\t\t\t\t\t<div class=\"faq-item-question\">\r\n\t\t\t\t\t\t<h3 class=\"faq-item-question-text\"><\/h3>\r\n\r\n\t\t\t\t\t\t<div class=\"faq-item-question-icon\"><\/div>\r\n\t\t\t\t\t<\/div>\r\n\r\n\t\t\t\t\t<div class=\"faq-item-answer\">\r\n\t\t\t\t\t\t<div class=\"faq-item-answer-text\">La modification de l&rsquo;application Barre d&rsquo;annonces est intuitive avec l&rsquo;\u00e9diteur accessible. Vous pouvez personnaliser le contenu, les couleurs et l&#8217;emplacement en fonction de votre th\u00e8me global. Des fonctionnalit\u00e9s suppl\u00e9mentaires telles que les options de visibilit\u00e9 vous permettent de personnaliser la barre pour atteindre votre audience.<\/div>\r\n\t\t\t\t\t<\/div>\r\n\t\t\t\t<\/div><div class=\"faq-item\">\r\n\t\t\t\t\t<div class=\"faq-item-question\">\r\n\t\t\t\t\t\t<h3 class=\"faq-item-question-text\"><\/h3>\r\n\r\n\t\t\t\t\t\t<div class=\"faq-item-question-icon\"><\/div>\r\n\t\t\t\t\t<\/div>\r\n\r\n\t\t\t\t\t<div class=\"faq-item-answer\">\r\n\t\t\t\t\t\t<div class=\"faq-item-answer-text\">Vous pouvez ajouter un <a href=\"https:\/\/elfsight.com\/sales-notification-widget\/wix\/\">Widget de notification des ventes<\/a> pour afficher les achats en temps r\u00e9el. et ainsi accro\u00eetre la cr\u00e9dibilit\u00e9. Le <a href=\"https:\/\/elfsight.com\/popup-widget\/wix\/\" rel=\"noopener\">Popup Widget<\/a> est parfait pour capturer des prospects et encourager les visiteurs \u00e0 explorer vos offres. Le <a href=\"https:\/\/elfsight.com\/banner-widget\/wix\/\">Widget de banni\u00e8re<\/a> met en \u00e9vidence les mises \u00e0 jour importantes, garantissant que les informations importantes sont mises en \u00e9vidence.<\/div>\r\n\t\t\t\t\t<\/div>\r\n\t\t\t\t<\/div><\/div>","protected":false},"excerpt":{"rendered":"FAQ","protected":false},"author":9,"featured_media":0,"parent":7325,"menu_order":0,"comment_status":"closed","ping_status":"closed","template":"templates\/template-application-platform.php","meta":{"publish_to_discourse":"","publish_post_category":"","wpdc_auto_publish_overridden":"","wpdc_topic_tags":"","wpdc_pin_topic":"","wpdc_pin_until":"","discourse_post_id":"","discourse_permalink":"","wpdc_publishing_response":"","wpdc_publishing_error":"","footnotes":""},"class_list":["post-16239","page","type-page","status-publish","hentry"],"yoast_head":"<!-- This site is optimized with the Yoast SEO plugin v25.3.1 - https:\/\/yoast.com\/wordpress\/plugins\/seo\/ -->\n<title>Application Wix Announcement Bar \u2013 Ajoutez des notifications \u00e0 votre site Web<\/title>\n<meta name=\"description\" content=\"Augmentez l&#039;engagement avec l&#039;application Elfsight Announcement Bar sans code. Affichez les mises \u00e0 jour importantes pour attirer l&#039;attention des visiteurs et les inciter \u00e0 agir.\" \/>\n<meta name=\"robots\" content=\"index, follow, max-snippet:-1, max-image-preview:large, max-video-preview:-1\" \/>\n<link rel=\"canonical\" href=\"https:\/\/elfsight.com\/fr\/announcement-bar-widget\/wix\/\" \/>\n<meta property=\"og:locale\" content=\"fr_FR\" \/>\n<meta property=\"og:type\" content=\"article\" \/>\n<meta property=\"og:title\" content=\"Application Wix Announcement Bar \u2013 Ajoutez des notifications \u00e0 votre site Web\" \/>\n<meta property=\"og:description\" content=\"Augmentez l&#039;engagement avec l&#039;application Elfsight Announcement Bar sans code. Affichez les mises \u00e0 jour importantes pour attirer l&#039;attention des visiteurs et les inciter \u00e0 agir.\" \/>\n<meta property=\"og:url\" content=\"https:\/\/elfsight.com\/fr\/announcement-bar-widget\/wix\/\" \/>\n<meta property=\"og:site_name\" content=\"Elfsight FR\" \/>\n<meta property=\"article:modified_time\" content=\"2025-09-23T09:02:15+00:00\" \/>\n<meta name=\"twitter:card\" content=\"summary_large_image\" \/>\n<meta name=\"twitter:label1\" content=\"Dur\u00e9e de lecture estim\u00e9e\" \/>\n\t<meta name=\"twitter:data1\" content=\"4 minutes\" \/>\n<!-- \/ Yoast SEO plugin. -->","yoast_head_json":{"title":"Application Wix Announcement Bar \u2013 Ajoutez des notifications \u00e0 votre site Web","description":"Augmentez l'engagement avec l'application Elfsight Announcement Bar sans code. Affichez les mises \u00e0 jour importantes pour attirer l'attention des visiteurs et les inciter \u00e0 agir.","robots":{"index":"index","follow":"follow","max-snippet":"max-snippet:-1","max-image-preview":"max-image-preview:large","max-video-preview":"max-video-preview:-1"},"canonical":"https:\/\/elfsight.com\/fr\/announcement-bar-widget\/wix\/","og_locale":"fr_FR","og_type":"article","og_title":"Application Wix Announcement Bar \u2013 Ajoutez des notifications \u00e0 votre site Web","og_description":"Augmentez l'engagement avec l'application Elfsight Announcement Bar sans code. Affichez les mises \u00e0 jour importantes pour attirer l'attention des visiteurs et les inciter \u00e0 agir.","og_url":"https:\/\/elfsight.com\/fr\/announcement-bar-widget\/wix\/","og_site_name":"Elfsight FR","article_modified_time":"2025-09-23T09:02:15+00:00","twitter_card":"summary_large_image","twitter_misc":{"Dur\u00e9e de lecture estim\u00e9e":"4 minutes"},"schema":{"@context":"https:\/\/schema.org","@graph":[{"@type":"WebPage","@id":"https:\/\/elfsight.com\/fr\/announcement-bar-widget\/wix\/","url":"https:\/\/elfsight.com\/fr\/announcement-bar-widget\/wix\/","name":"Application Wix Announcement Bar \u2013 Ajoutez des notifications \u00e0 votre site Web","isPartOf":{"@id":"https:\/\/elfsight.com\/fr\/#website"},"datePublished":"2024-12-20T08:22:48+00:00","dateModified":"2025-09-23T09:02:15+00:00","description":"Augmentez l'engagement avec l'application Elfsight Announcement Bar sans code. Affichez les mises \u00e0 jour importantes pour attirer l'attention des visiteurs et les inciter \u00e0 agir.","breadcrumb":{"@id":"https:\/\/elfsight.com\/fr\/announcement-bar-widget\/wix\/#breadcrumb"},"inLanguage":"fr-FR","potentialAction":[{"@type":"ReadAction","target":["https:\/\/elfsight.com\/fr\/announcement-bar-widget\/wix\/"]}]},{"@type":"BreadcrumbList","@id":"https:\/\/elfsight.com\/fr\/announcement-bar-widget\/wix\/#breadcrumb","itemListElement":[{"@type":"ListItem","position":1,"name":"Home","item":"https:\/\/elfsight.com\/fr\/"},{"@type":"ListItem","position":2,"name":"Announcement Bar","item":"https:\/\/elfsight.com\/fr\/announcement-bar-widget\/"},{"@type":"ListItem","position":3,"name":"Announcement Bar &#8211; Wix"}]},{"@type":"WebSite","@id":"https:\/\/elfsight.com\/fr\/#website","url":"https:\/\/elfsight.com\/fr\/","name":"Elfsight FR","description":"","potentialAction":[{"@type":"SearchAction","target":{"@type":"EntryPoint","urlTemplate":"https:\/\/elfsight.com\/fr\/?s={search_term_string}"},"query-input":{"@type":"PropertyValueSpecification","valueRequired":true,"valueName":"search_term_string"}}],"inLanguage":"fr-FR"}]}},"meta_box":{"industry":"","seo_heading":"","heading":"","description":"","cta_heading":"","cta_description":"","application":"7311","h1":"Application de barre d'annonces de Wix","h1_caption":"Ajoutez l'application Barre d'annonces \u00e0 votre site Web Wix pour mettre en \u00e9vidence les mises \u00e0 jour importantes en temps r\u00e9el afin d'augmenter la confiance et l'engagement des clients.","application_category":[],"applications_title":"","applications_request_title":"","applications_request_button_text":"","hero_text":"","hero_video":"","hero_video_schema_markup":"","selling_points_title":"","selling_points_caption":"","selling_points":[],"selling_points_cta_text":"","features_title":"","features":"","ed_cta_examples_text":"","ed_cta_examples_hidden":"","ed_cta_demo_text":"","ed_cta_demo_hidden":"","why_caption":"","why_editor_title":"","why_editor_text":"","why_team_title":"","why_team_text":"","why_service_title":"","why_service_text":"","template_catalog_visible":"0","template_catalog_title":"","template_catalog_text":"","template_catalog_categories_visible":"","demo_title":"Cr\u00e9er une application Wix Annonce Bar","demo_caption":"Concevez gratuitement votre application Barre d'annonces pour votre site Web Wix.","default_faq_hidden":"","app_template_category":[],"platform":"345","template_public_id":"","codecanyon_url":"","codecanyon_item_id":"","codecanyon_price":"","pricing_caption":"","pricing_elfsight_apps_hide_column":"","pricing_elfsight_apps_url":"","pricing_codecanyon_price_caption":"","integration_category":[],"integration_request_title":"","integration_request_cta":"","integration_platform":"","integrations":[],"platform_category":[],"video_schema_markup":"","price":"","trial":"","benefits":[{"text":"Assistance \u00e0 l'installation gratuite"},{"text":"Service client comp\u00e9tent"},{"text":"Garantie de remboursement de 14 jours"},{"text":"Am\u00e9liorations gratuites \u00e0 vie"}],"button_url":"#demo","button_target_blank":"0","button_nofollow":"0","attributes":[{"name":"Install\u00e9","content":"1,000 - 5,000","_state":"expanded"},{"name":"Reaktionsschnell","content":"Ja","_state":"expanded"},{"name":"Navigateurs compatibles","content":"Firefox, Safari, Opera, Chrome, Edge","_state":"expanded"}],"tags":[],"tags_disable_links":"0","hide_more_platforms":"0","video_object":"","demo_hide_cta":"0","demo_hide_cloud_options":"0","pricing_title":"","pricing":[{"pricing_icon":"platform","pricing_title":"Elfsight Apps","pricing_title_caption":"Version multiplateforme","pricing_price":"\u00c0 partir de 0$\/mois","pricing_price_caption":"Commencez avec un forfait gratuit","pricing_button_text":"Ajouter au site Web","pricing_button_url":"#demo"}],"related_apps_title":"","related_apps_hidden":"0","author":"","image":[],"title":"","job":"","social_networks":[]},"_links":{"self":[{"href":"https:\/\/elfsight.com\/fr\/wp-json\/wp\/v2\/pages\/16239","targetHints":{"allow":["GET"]}}],"collection":[{"href":"https:\/\/elfsight.com\/fr\/wp-json\/wp\/v2\/pages"}],"about":[{"href":"https:\/\/elfsight.com\/fr\/wp-json\/wp\/v2\/types\/page"}],"author":[{"embeddable":true,"href":"https:\/\/elfsight.com\/fr\/wp-json\/wp\/v2\/users\/9"}],"replies":[{"embeddable":true,"href":"https:\/\/elfsight.com\/fr\/wp-json\/wp\/v2\/comments?post=16239"}],"version-history":[{"count":2,"href":"https:\/\/elfsight.com\/fr\/wp-json\/wp\/v2\/pages\/16239\/revisions"}],"predecessor-version":[{"id":16708,"href":"https:\/\/elfsight.com\/fr\/wp-json\/wp\/v2\/pages\/16239\/revisions\/16708"}],"up":[{"embeddable":true,"href":"https:\/\/elfsight.com\/fr\/wp-json\/wp\/v2\/pages\/7325"}],"wp:attachment":[{"href":"https:\/\/elfsight.com\/fr\/wp-json\/wp\/v2\/media?parent=16239"}],"curies":[{"name":"wp","href":"https:\/\/api.w.org\/{rel}","templated":true}]}}