{"id":16234,"date":"2024-12-20T08:50:53","date_gmt":"2024-12-20T08:50:53","guid":{"rendered":"https:\/\/elfsight.com\/fr\/?page_id=16234"},"modified":"2025-07-09T09:50:33","modified_gmt":"2025-07-09T09:50:33","slug":"webflow","status":"publish","type":"page","link":"https:\/\/elfsight.com\/fr\/announcement-bar-widget\/webflow\/","title":{"rendered":"Announcement Bar &#8211; Webflow"},"content":{"rendered":"<div class=\"application-platform-content-item-description application-platform-content-item\" id=\"description\" data-nav-section=\"description\"> <p>Le widget Barre d&rsquo;annonce aide les entreprises \u00e0 partager des mises \u00e0 jour importantes avec les visiteurs de mani\u00e8re visible et \u00e9vidente. C&rsquo;est id\u00e9al pour informer les clients sur les nouvelles offres, les lancements de produits ou des informations importantes telles que les d\u00e9tails d&rsquo;exp\u00e9dition. <\/p><p>Augmentez l&rsquo;engagement en encourageant les visiteurs \u00e0 agir, qu&rsquo;il s&rsquo;agisse de passer une commande ou de s&rsquo;inscrire \u00e0 une promotion. Avec la configuration sans code, le widget s&rsquo;int\u00e8gre parfaitement \u00e0 votre site Web. Il est enti\u00e8rement personnalisable, vous pouvez donc facilement choisir le style qui convient \u00e0 votre image de marque.<\/p><p><b>Augmentez la visibilit\u00e9 de vos messages importants pour accro\u00eetre la fiabilit\u00e9 avec la barre d&rsquo;annonce.<\/b><\/p><\/div> <div class=\"application-platform-content-item-features application-platform-content-item\" id=\"features\" data-nav-section=\"features\"> <h2>Fonctionnalit\u00e9s du widget de barre d&rsquo;annonce<\/h2> <p>La Le widget de barre d&rsquo;annonce d&rsquo;Elfsight est con\u00e7u pour augmenter l&rsquo;engagement des clients en affichant des notifications dynamiques des changements importants. Cet outil polyvalent augmente non seulement la confiance en mettant en \u00e9vidence les informations importantes, mais encourage \u00e9galement les visiteurs \u00e0 agir avec des alertes cibl\u00e9es. Vous trouverez ci-dessous une liste d\u00e9taill\u00e9e des principales fonctionnalit\u00e9s du widget\u00a0:<\/p><ul><li><b>Configuration rapide et facile.<\/b> Une configuration sans tracas sans aucune connaissance technique permet un d\u00e9ploiement rapide et facile sur votre site Web.<\/li><li><b>Attrayant mais discret.<\/b> Les options de conception personnalisables vous permettent de cr\u00e9er des annonces percutantes tout en offrant une exp\u00e9rience conviviale.<\/li><li><b>Augmentez les ventes de produits cl\u00e9s.<\/b> Stimulez directement les ventes et les promotions. via la barre d&rsquo;annonce pour augmenter les conversions pour des cat\u00e9gories de produits sp\u00e9cifiques.<\/li><li><b>Mettez en \u00e9vidence les actualit\u00e9s et les mises \u00e0 jour.<\/b> Pr\u00e9sentez les nouvelles offres ou les am\u00e9liorations des produits existants et maintenez l&rsquo;engagement de vos visiteurs avec du contenu actuel et r\u00e9cent.<\/li><li><b>Coh\u00e9rence de la marque.<\/b> Options de personnalisation compl\u00e8tes pour compl\u00e9ter l&rsquo;apparence de votre site Web et garantir une exp\u00e9rience utilisateur transparente et sans faille.<\/li><li><b>Personnalisable. Conception.<\/b> Mod\u00e8les et contenu enti\u00e8rement personnalisables qui refl\u00e8tent parfaitement l&rsquo;identit\u00e9 de votre marque unique.<\/li><\/ul><p><a href=\"#demo\">Utilisez l&rsquo;\u00e9diteur en ligne pour voir comment fonctionne le widget<\/a><\/p><\/div> <div class=\"application-platform-content-item-installation application-platform-content-item\" id=\"installation\" data-nav-section=\"installation\"> <h2>Comment ajouter une banni\u00e8re d&rsquo;annonce dans Webflow Ajouter\u00a0?<\/h2><p>Pour int\u00e9grer le widget Barre d&rsquo;annonce sur votre site Web, suivez ces \u00e9tapes simples\u00a0:<\/p> <ol><li>Ouvrez l&rsquo;\u00e9diteur de widget et s\u00e9lectionnez un mod\u00e8le qui correspond au style de votre site Web.<\/li><li>Personnalisez le widget en modifiant son message, son action et ses \u00e9l\u00e9ments visuels, son bouton, sa position sur la page, etc.<\/li><li>Conservez vos modifications et copiez le code HTML fourni. Collez le code dans le CMS de votre site Web et appliquez les modifications.<\/li><\/ol>Termin\u00e9\u00a0! Votre widget de barre d&rsquo;annonce Webflow est d\u00e9sormais en ligne\u00a0!<p>Si vous rencontrez des probl\u00e8mes lors de l&rsquo;int\u00e9gration du widget dans votre site Web, contactez simplement notre \u00e9quipe d&rsquo;assistance client. Nous serons heureux de vous aider \u00e0 ajouter et \u00e0 modifier votre barre d&rsquo;annonce.<\/p><\/div> <h2>FAQ<\/h2><div class=\"faq\" data-component=\"FAQ\"><div class=\"faq-item\">\r\n\t\t\t\t\t<div class=\"faq-item-question\">\r\n\t\t\t\t\t\t<h3 class=\"faq-item-question-text\"><\/h3>\r\n\r\n\t\t\t\t\t\t<div class=\"faq-item-question-icon\"><\/div>\r\n\t\t\t\t\t<\/div>\r\n\r\n\t\t\t\t\t<div class=\"faq-item-answer\">\r\n\t\t\t\t\t\t<div class=\"faq-item-answer-text\">Oui, il existe une option gratuite disponible qui fournit des fonctionnalit\u00e9s de base, id\u00e9ales pour les petits sites Web ou les tests. Les forfaits payants commencent \u00e0 5\u00a0$ par mois et incluent des fonctionnalit\u00e9s avanc\u00e9es.<\/div>\r\n\t\t\t\t\t<\/div>\r\n\t\t\t\t<\/div><div class=\"faq-item\">\r\n\t\t\t\t\t<div class=\"faq-item-question\">\r\n\t\t\t\t\t\t<h3 class=\"faq-item-question-text\"><\/h3>\r\n\r\n\t\t\t\t\t\t<div class=\"faq-item-question-icon\"><\/div>\r\n\t\t\t\t\t<\/div>\r\n\r\n\t\t\t\t\t<div class=\"faq-item-answer\">\r\n\t\t\t\t\t\t<div class=\"faq-item-answer-text\">Vous pouvez cr\u00e9er diff\u00e9rentes barres d&rsquo;annonce, telles que\u00a0: Par exemple, ceux qui vous informent des offres de livraison gratuite, affichent des mises \u00e0 jour ou mettent en \u00e9vidence une vente \u00e0 venir. Ces barres peuvent \u00eatre statiques pour garantir une visibilit\u00e9 coh\u00e9rente, ou flottantes pour \u00eatre toujours visibles afin d&rsquo;assurer la pro\u00e9minence.<\/div>\r\n\t\t\t\t\t<\/div>\r\n\t\t\t\t<\/div><div class=\"faq-item\">\r\n\t\t\t\t\t<div class=\"faq-item-question\">\r\n\t\t\t\t\t\t<h3 class=\"faq-item-question-text\"><\/h3>\r\n\r\n\t\t\t\t\t\t<div class=\"faq-item-question-icon\"><\/div>\r\n\t\t\t\t\t<\/div>\r\n\r\n\t\t\t\t\t<div class=\"faq-item-answer\">\r\n\t\t\t\t\t\t<div class=\"faq-item-answer-text\">La modification du widget de la barre d&rsquo;annonce est simple gr\u00e2ce \u00e0 l&rsquo;\u00e9diteur accessible d&rsquo;Elfsight. Vous pouvez modifier le contenu, le style et l\u2019alignement pour correspondre \u00e0 la conception de votre site Web. Des fonctionnalit\u00e9s suppl\u00e9mentaires telles que les outils de ciblage vous permettent de personnaliser la barre pour informer votre audience.<\/div>\r\n\t\t\t\t\t<\/div>\r\n\t\t\t\t<\/div><div class=\"faq-item\">\r\n\t\t\t\t\t<div class=\"faq-item-question\">\r\n\t\t\t\t\t\t<h3 class=\"faq-item-question-text\"><\/h3>\r\n\r\n\t\t\t\t\t\t<div class=\"faq-item-question-icon\"><\/div>\r\n\t\t\t\t\t<\/div>\r\n\r\n\t\t\t\t\t<div class=\"faq-item-answer\">\r\n\t\t\t\t\t\t<div class=\"faq-item-answer-text\">Vous pouvez utiliser un <a href=\"https:\/\/elfsight.com\/sales-notification-widget\/webflow\/\" rel=\"noopener\">Ajoutez un widget de notification de vente<\/a> pour mettre en \u00e9vidence les actions des clients afin d&rsquo;\u00e9tablir la confiance. Le <a href=\"https:\/\/elfsight.com\/popup-widget\/webflow\/\" rel=\"noopener\">Popup Widget<\/a> est id\u00e9al pour partager des remises et encourager les visiteurs \u00e0 interagir avec votre contenu. Le <a href=\"https:\/\/elfsight.com\/banner-widget\/webflow\/\" rel=\"noopener\">Banner Widget<\/a> affiche les messages cl\u00e9s, garantissant la visibilit\u00e9 des informations importantes.<\/div>\r\n\t\t\t\t\t<\/div>\r\n\t\t\t\t<\/div><\/div>","protected":false},"excerpt":{"rendered":"FAQ","protected":false},"author":9,"featured_media":0,"parent":7325,"menu_order":0,"comment_status":"closed","ping_status":"closed","template":"templates\/template-application-platform.php","meta":{"publish_to_discourse":"","publish_post_category":"","wpdc_auto_publish_overridden":"","wpdc_topic_tags":"","wpdc_pin_topic":"","wpdc_pin_until":"","discourse_post_id":"","discourse_permalink":"","wpdc_publishing_response":"","wpdc_publishing_error":"","footnotes":""},"class_list":["post-16234","page","type-page","status-publish","hentry"],"yoast_head":"<!-- This site is optimized with the Yoast SEO plugin v25.3.1 - https:\/\/yoast.com\/wordpress\/plugins\/seo\/ -->\n<title>Widget de barre d&#039;annonce Webflow \u2013 Ajouter des notifications \u00e0 un site Web<\/title>\n<meta name=\"description\" content=\"Augmentez l&#039;engagement avec le widget de barre d&#039;annonce Elfsight facile \u00e0 utiliser. Pr\u00e9sentez des alertes urgentes et encouragez les visiteurs \u00e0 agir.\" \/>\n<meta name=\"robots\" content=\"index, follow, max-snippet:-1, max-image-preview:large, max-video-preview:-1\" \/>\n<link rel=\"canonical\" href=\"https:\/\/elfsight.com\/fr\/announcement-bar-widget\/webflow\/\" \/>\n<meta property=\"og:locale\" content=\"fr_FR\" \/>\n<meta property=\"og:type\" content=\"article\" \/>\n<meta property=\"og:title\" content=\"Widget de barre d&#039;annonce Webflow \u2013 Ajouter des notifications \u00e0 un site Web\" \/>\n<meta property=\"og:description\" content=\"Augmentez l&#039;engagement avec le widget de barre d&#039;annonce Elfsight facile \u00e0 utiliser. Pr\u00e9sentez des alertes urgentes et encouragez les visiteurs \u00e0 agir.\" \/>\n<meta property=\"og:url\" content=\"https:\/\/elfsight.com\/fr\/announcement-bar-widget\/webflow\/\" \/>\n<meta property=\"og:site_name\" content=\"Elfsight FR\" \/>\n<meta property=\"article:modified_time\" content=\"2025-07-09T09:50:33+00:00\" \/>\n<meta name=\"twitter:card\" content=\"summary_large_image\" \/>\n<meta name=\"twitter:label1\" content=\"Dur\u00e9e de lecture estim\u00e9e\" \/>\n\t<meta name=\"twitter:data1\" content=\"4 minutes\" \/>\n<!-- \/ Yoast SEO plugin. -->","yoast_head_json":{"title":"Widget de barre d'annonce Webflow \u2013 Ajouter des notifications \u00e0 un site Web","description":"Augmentez l'engagement avec le widget de barre d'annonce Elfsight facile \u00e0 utiliser. Pr\u00e9sentez des alertes urgentes et encouragez les visiteurs \u00e0 agir.","robots":{"index":"index","follow":"follow","max-snippet":"max-snippet:-1","max-image-preview":"max-image-preview:large","max-video-preview":"max-video-preview:-1"},"canonical":"https:\/\/elfsight.com\/fr\/announcement-bar-widget\/webflow\/","og_locale":"fr_FR","og_type":"article","og_title":"Widget de barre d'annonce Webflow \u2013 Ajouter des notifications \u00e0 un site Web","og_description":"Augmentez l'engagement avec le widget de barre d'annonce Elfsight facile \u00e0 utiliser. Pr\u00e9sentez des alertes urgentes et encouragez les visiteurs \u00e0 agir.","og_url":"https:\/\/elfsight.com\/fr\/announcement-bar-widget\/webflow\/","og_site_name":"Elfsight FR","article_modified_time":"2025-07-09T09:50:33+00:00","twitter_card":"summary_large_image","twitter_misc":{"Dur\u00e9e de lecture estim\u00e9e":"4 minutes"},"schema":{"@context":"https:\/\/schema.org","@graph":[{"@type":"WebPage","@id":"https:\/\/elfsight.com\/fr\/announcement-bar-widget\/webflow\/","url":"https:\/\/elfsight.com\/fr\/announcement-bar-widget\/webflow\/","name":"Widget de barre d'annonce Webflow \u2013 Ajouter des notifications \u00e0 un site Web","isPartOf":{"@id":"https:\/\/elfsight.com\/fr\/#website"},"datePublished":"2024-12-20T08:50:53+00:00","dateModified":"2025-07-09T09:50:33+00:00","description":"Augmentez l'engagement avec le widget de barre d'annonce Elfsight facile \u00e0 utiliser. Pr\u00e9sentez des alertes urgentes et encouragez les visiteurs \u00e0 agir.","breadcrumb":{"@id":"https:\/\/elfsight.com\/fr\/announcement-bar-widget\/webflow\/#breadcrumb"},"inLanguage":"fr-FR","potentialAction":[{"@type":"ReadAction","target":["https:\/\/elfsight.com\/fr\/announcement-bar-widget\/webflow\/"]}]},{"@type":"BreadcrumbList","@id":"https:\/\/elfsight.com\/fr\/announcement-bar-widget\/webflow\/#breadcrumb","itemListElement":[{"@type":"ListItem","position":1,"name":"Home","item":"https:\/\/elfsight.com\/fr\/"},{"@type":"ListItem","position":2,"name":"Announcement Bar","item":"https:\/\/elfsight.com\/fr\/announcement-bar-widget\/"},{"@type":"ListItem","position":3,"name":"Announcement Bar &#8211; Webflow"}]},{"@type":"WebSite","@id":"https:\/\/elfsight.com\/fr\/#website","url":"https:\/\/elfsight.com\/fr\/","name":"Elfsight FR","description":"","potentialAction":[{"@type":"SearchAction","target":{"@type":"EntryPoint","urlTemplate":"https:\/\/elfsight.com\/fr\/?s={search_term_string}"},"query-input":{"@type":"PropertyValueSpecification","valueRequired":true,"valueName":"search_term_string"}}],"inLanguage":"fr-FR"}]}},"meta_box":{"industry":"","seo_heading":"","heading":"","description":"","cta_heading":"","cta_description":"","application":"7311","h1":"Widget de barre d'annonce Webflow","h1_caption":"Ajoutez le widget Barre d'annonces \u00e0 votre site Webflow pour mettre en \u00e9vidence les mises \u00e0 jour importantes en temps r\u00e9el afin d'augmenter la confiance et l'engagement des clients.","application_category":[],"applications_title":"","applications_request_title":"","applications_request_button_text":"","hero_text":"","hero_video":"","hero_video_schema_markup":"","selling_points_title":"","selling_points_caption":"","selling_points":[],"selling_points_cta_text":"","features_title":"","features":"","ed_cta_examples_text":"","ed_cta_examples_hidden":"","ed_cta_demo_text":"","ed_cta_demo_hidden":"","why_caption":"","why_editor_title":"","why_editor_text":"","why_team_title":"","why_team_text":"","why_service_title":"","why_service_text":"","template_catalog_visible":"","template_catalog_title":"","template_catalog_text":"","template_catalog_categories_visible":"","demo_title":"Cr\u00e9er un widget de barre d'annonce Webflow","demo_caption":"Concevez gratuitement votre widget de barre d'annonce pour le site Web Webflow.","default_faq_hidden":"","app_template_category":[],"platform":"362","template_public_id":"","codecanyon_url":"","codecanyon_item_id":"","codecanyon_price":"","pricing_caption":"","pricing_elfsight_apps_hide_column":"","pricing_elfsight_apps_url":"","pricing_codecanyon_price_caption":"","integration_category":[],"integration_request_title":"","integration_request_cta":"","integration_platform":"","integrations":[],"platform_category":[],"video_schema_markup":"","price":"","trial":"","benefits":[{"text":"Assistance \u00e0 l'installation gratuite"},{"text":"Service client efficace"},{"text":"Garantie de remboursement de 14 jours"},{"text":"Mise \u00e0 jour constante"}],"button_url":"#demo","button_target_blank":"","button_nofollow":"","attributes":[{"name":"Install\u00e9","content":"1,000 - 5,0000","_state":"expanded"},{"name":"Reaktionsschnell","content":"Ja","_state":"expanded"},{"name":"Navigateurs compatibles","content":"Firefox, Safari, Opera, Chrome, Edge","_state":"expanded"}],"tags":[],"tags_disable_links":"","hide_more_platforms":"","video_object":"","demo_hide_cta":"","demo_hide_cloud_options":"","pricing_title":"","pricing":[{"pricing_title":"Elfsight Apps","pricing_title_caption":"Solution num\u00e9rique multiplateforme","pricing_price":"\u00c0 partir de 0$\/mois","pricing_price_caption":"Commencez avec un forfait gratuit","pricing_benefits":"","pricing_button_text":"Ajouter au site Web","pricing_button_url":"#demo"}],"related_apps_title":"","related_apps_hidden":"","author":"","image":[],"title":"","job":"","social_networks":[]},"_links":{"self":[{"href":"https:\/\/elfsight.com\/fr\/wp-json\/wp\/v2\/pages\/16234","targetHints":{"allow":["GET"]}}],"collection":[{"href":"https:\/\/elfsight.com\/fr\/wp-json\/wp\/v2\/pages"}],"about":[{"href":"https:\/\/elfsight.com\/fr\/wp-json\/wp\/v2\/types\/page"}],"author":[{"embeddable":true,"href":"https:\/\/elfsight.com\/fr\/wp-json\/wp\/v2\/users\/9"}],"replies":[{"embeddable":true,"href":"https:\/\/elfsight.com\/fr\/wp-json\/wp\/v2\/comments?post=16234"}],"version-history":[{"count":1,"href":"https:\/\/elfsight.com\/fr\/wp-json\/wp\/v2\/pages\/16234\/revisions"}],"predecessor-version":[{"id":16238,"href":"https:\/\/elfsight.com\/fr\/wp-json\/wp\/v2\/pages\/16234\/revisions\/16238"}],"up":[{"embeddable":true,"href":"https:\/\/elfsight.com\/fr\/wp-json\/wp\/v2\/pages\/7325"}],"wp:attachment":[{"href":"https:\/\/elfsight.com\/fr\/wp-json\/wp\/v2\/media?parent=16234"}],"curies":[{"name":"wp","href":"https:\/\/api.w.org\/{rel}","templated":true}]}}