{"id":16232,"date":"2024-12-20T11:29:21","date_gmt":"2024-12-20T11:29:21","guid":{"rendered":"https:\/\/elfsight.com\/fr\/?page_id=16232"},"modified":"2025-10-23T14:15:04","modified_gmt":"2025-10-23T14:15:04","slug":"wordpress","status":"publish","type":"page","link":"https:\/\/elfsight.com\/fr\/announcement-bar-widget\/wordpress\/","title":{"rendered":"Announcement Bar &#8211; WordPress"},"content":{"rendered":"<div class=\"application-platform-content-item-description application-platform-content-item\" id=\"description\" data-nav-section=\"description\"> <p>Le plugin Announcement Bar aide les entreprises \u00e0 partager des informations importantes avec les visiteurs de mani\u00e8re claire. C&rsquo;est id\u00e9al pour informer les clients sur de nouvelles offres, des \u00e9v\u00e9nements professionnels ou des d\u00e9tails importants tels que des mises \u00e0 jour sur les exp\u00e9ditions.<\/p><p>Augmentez l&rsquo;engagement en encourageant les visiteurs \u00e0 agir, qu&rsquo;il s&rsquo;agisse d&rsquo;effectuer un achat ou de s&rsquo;abonner \u00e0 une promotion. Avec la configuration sans code, le plugin s&rsquo;int\u00e8gre parfaitement \u00e0 votre site Web. Il est enti\u00e8rement personnalisable, vous pouvez donc facilement choisir le style qui convient \u00e0 votre image de marque.<\/p><p><b>Augmentez la visibilit\u00e9 de vos mises \u00e0 jour et promotions les plus importantes pour fid\u00e9liser votre marque avec la barre d&rsquo;annonce.<\/b><\/p><\/div> <div class=\"application-platform-content-item-features application-platform-content-item\" id=\"features\" data-nav-section=\"features\"> <h2>Fonctionnalit\u00e9s du plugin de barre d&rsquo;annonce<\/h2> <p>Ceci Le plugin WordPress Announcement Bar d&rsquo;Elfsight est con\u00e7u pour am\u00e9liorer l&rsquo;interaction client en affichant des notifications dynamiques sur les mises \u00e0 jour importantes. Cet outil flexible non seulement renforce la confiance en transmettant des informations importantes, mais encourage \u00e9galement les visiteurs \u00e0 agir avec des alertes cibl\u00e9es. Vous trouverez ci-dessous une liste d\u00e9taill\u00e9e des principales fonctionnalit\u00e9s du plugin\u00a0:<\/p><ul><li><b>Installation rapide et facile.<\/b> Configuration sans effort, aucune connaissance technique requise, permettant un d\u00e9ploiement facile et rapide sur votre site Web.<\/li><li><b>Attrayant mais non intrusif.<\/b> Les options de conception personnalisables vous permettent de cr\u00e9er des annonces percutantes tout en garantissant une exp\u00e9rience transparente.<\/li><li><b>Augmentez les ventes de produits cl\u00e9s.<\/b> Pr\u00e9sentez directement des offres sp\u00e9ciales. via la barre d&rsquo;annonce pour attirer l&rsquo;attention et augmenter les conversions pour des produits sp\u00e9cifiques.<\/li><li><b>Mettez en avant les actualit\u00e9s et les mises \u00e0 jour.<\/b> Pr\u00e9sentez les lancements de nouveaux produits ou les ajouts aux offres existantes pour fid\u00e9liser les visiteurs avec un contenu r\u00e9cent et opportun.<\/li><li><b>Coh\u00e9rence de la marque.<\/b> Options de personnalisation compl\u00e8tes pour personnaliser l&rsquo;apparence de votre site Web et offrir une exp\u00e9rience fluide et coh\u00e9rente. assurez-vous.<\/li><li><b>Conception personnalisable.<\/b> Mises en page et styles enti\u00e8rement personnalisables pour que vous puissiez refl\u00e9ter l&rsquo;identit\u00e9 de votre marque de mani\u00e8re transparente.<\/li><\/ul><p><a href=\"#demo\">Essayez l&rsquo;\u00e9diteur facile \u00e0 utiliser pour voir comment fonctionne le plugin<\/a><\/p><\/div> <div class=\"application-platform-content-item-installation application-platform-content-item\" id=\"installation\" data-nav-section=\"installation\"> <h2>Comment ajouter Comment ajouter une barre d&rsquo;annonce dans WordPress\u00a0?<\/h2><div class=\"video-container\">\n<iframe width=\"720\" height=\"405\" src=\"https:\/\/www.youtube.com\/embed\/pGqhUWVLpNM?si=r8fQYbUck2N6mAJQ\" frameborder=\"0\" allowfullscreen=\"\"><\/iframe>\n<\/div><p>Pour int\u00e9grer le plugin Announcement Bar sur votre site Web, suivez ces \u00e9tapes simples\u00a0:<\/p> <ol><li>Lancez l&rsquo;\u00e9diteur de plugin et s\u00e9lectionnez un mod\u00e8le qui correspond au style de votre site Web.<\/li><li>Modifiez le plugin en mettant \u00e0 jour son message, son action et ses \u00e9l\u00e9ments visuels, son bouton, sa position sur la page, etc.<\/li><li>Conservez vos modifications et copiez le extrait HTML fourni. Collez le code dans le CMS de votre site Web et apportez les modifications.<\/li><\/ol><p>Compris\u00a0! Votre plugin Announcement Bar pour WordPress est maintenant actif\u00a0!<\/p><p>Si vous rencontrez des difficult\u00e9s pour int\u00e9grer le plugin dans un site Web, contactez simplement notre support client. Nous sommes heureux de vous aider \u00e0 ajouter et \u00e0 g\u00e9rer votre barre d&rsquo;annonces.<\/p><\/div> <h2>FAQ<\/h2><div class=\"faq\" data-component=\"FAQ\"><div class=\"faq-item\">\r\n\t\t\t\t\t<div class=\"faq-item-question\">\r\n\t\t\t\t\t\t<h3 class=\"faq-item-question-text\"><\/h3>\r\n\r\n\t\t\t\t\t\t<div class=\"faq-item-question-icon\"><\/div>\r\n\t\t\t\t\t<\/div>\r\n\r\n\t\t\t\t\t<div class=\"faq-item-answer\">\r\n\t\t\t\t\t\t<div class=\"faq-item-answer-text\">Oui, il existe une option gratuite disponible qui fournit des fonctionnalit\u00e9s de base parfaites pour les petits sites Web ou les tests. Les forfaits payants sont disponibles pour seulement 5 $ par mois et incluent des fonctionnalit\u00e9s suppl\u00e9mentaires.<\/div>\r\n\t\t\t\t\t<\/div>\r\n\t\t\t\t<\/div><div class=\"faq-item\">\r\n\t\t\t\t\t<div class=\"faq-item-question\">\r\n\t\t\t\t\t\t<h3 class=\"faq-item-question-text\"><\/h3>\r\n\r\n\t\t\t\t\t\t<div class=\"faq-item-question-icon\"><\/div>\r\n\t\t\t\t\t<\/div>\r\n\r\n\t\t\t\t\t<div class=\"faq-item-answer\">\r\n\t\t\t\t\t\t<div class=\"faq-item-answer-text\">Vous pouvez ajouter diff\u00e9rentes barres d&rsquo;annonces \u00e0 WordPress, telles que\u00a0: B. ceux qui informent sur les offres de livraison gratuite, affichent des actualit\u00e9s ou mettent en avant une vente en cours. Ces barres peuvent \u00eatre statiques pour permettre un affichage ininterrompu, ou mobiles pour assurer une visibilit\u00e9 constante.<\/div>\r\n\t\t\t\t\t<\/div>\r\n\t\t\t\t<\/div><div class=\"faq-item\">\r\n\t\t\t\t\t<div class=\"faq-item-question\">\r\n\t\t\t\t\t\t<h3 class=\"faq-item-question-text\"><\/h3>\r\n\r\n\t\t\t\t\t\t<div class=\"faq-item-question-icon\"><\/div>\r\n\t\t\t\t\t<\/div>\r\n\r\n\t\t\t\t\t<div class=\"faq-item-answer\">\r\n\t\t\t\t\t\t<div class=\"faq-item-answer-text\">La modification du plugin de la barre d&rsquo;annonce est intuitive avec l&rsquo;\u00e9diteur accessible d&rsquo;Elfsight. Vous pouvez modifier le message, le style et le positionnement en fonction de votre th\u00e8me g\u00e9n\u00e9ral. Avec des fonctionnalit\u00e9s suppl\u00e9mentaires telles que les param\u00e8tres de planification, vous pouvez optimiser la barre pour informer votre audience.<\/div>\r\n\t\t\t\t\t<\/div>\r\n\t\t\t\t<\/div><div class=\"faq-item\">\r\n\t\t\t\t\t<div class=\"faq-item-question\">\r\n\t\t\t\t\t\t<h3 class=\"faq-item-question-text\"><\/h3>\r\n\r\n\t\t\t\t\t\t<div class=\"faq-item-question-icon\"><\/div>\r\n\t\t\t\t\t<\/div>\r\n\r\n\t\t\t\t\t<div class=\"faq-item-answer\">\r\n\t\t\t\t\t\t<div class=\"faq-item-answer-text\">Vous pouvez cr\u00e9er un <a href=\"https:\/\/elfsight.com\/sales-notification-widget\/wordpress\/\" rel=\"noopener\">Widget de notification des ventes<\/a> Ajoutez pour mettre en \u00e9vidence les actions des clients afin d\u2019instaurer la confiance. Le <a href=\"https:\/\/elfsight.com\/popup-widget\/wordpress\/\" rel=\"noopener\">Popup Widget<\/a> est id\u00e9al pour capturer des prospects et encourager les visiteurs \u00e0 explorer vos offres. Le <a href=\"https:\/\/elfsight.com\/banner-widget\/wordpress\" rel=\"noopener\">widget de banni\u00e8re<\/a> affiche les mises \u00e0 jour importantes, garantissant la visibilit\u00e9 des informations importantes.<\/div>\r\n\t\t\t\t\t<\/div>\r\n\t\t\t\t<\/div><\/div>","protected":false},"excerpt":{"rendered":"FAQ","protected":false},"author":9,"featured_media":0,"parent":7325,"menu_order":0,"comment_status":"closed","ping_status":"closed","template":"templates\/template-application-platform.php","meta":{"publish_to_discourse":"","publish_post_category":"","wpdc_auto_publish_overridden":"","wpdc_topic_tags":"","wpdc_pin_topic":"","wpdc_pin_until":"","discourse_post_id":"","discourse_permalink":"","wpdc_publishing_response":"","wpdc_publishing_error":"","footnotes":""},"class_list":["post-16232","page","type-page","status-publish","hentry"],"yoast_head":"<!-- This site is optimized with the Yoast SEO plugin v25.3.1 - https:\/\/yoast.com\/wordpress\/plugins\/seo\/ -->\n<title>Barre d&#039;annonce du plugin WordPress pour site Web<\/title>\n<meta name=\"description\" content=\"Am\u00e9liorez l&#039;engagement avec le plugin Elfsight Announcement Bar sans code. Mettez en surbrillance les alertes urgentes pour attirer l&#039;attention des visiteurs et les inciter \u00e0 agir.\" \/>\n<meta name=\"robots\" content=\"index, follow, max-snippet:-1, max-image-preview:large, max-video-preview:-1\" \/>\n<link rel=\"canonical\" href=\"https:\/\/elfsight.com\/fr\/announcement-bar-widget\/wordpress\/\" \/>\n<meta property=\"og:locale\" content=\"fr_FR\" \/>\n<meta property=\"og:type\" content=\"article\" \/>\n<meta property=\"og:title\" content=\"Barre d&#039;annonce du plugin WordPress pour site Web\" \/>\n<meta property=\"og:description\" content=\"Am\u00e9liorez l&#039;engagement avec le plugin Elfsight Announcement Bar sans code. Mettez en surbrillance les alertes urgentes pour attirer l&#039;attention des visiteurs et les inciter \u00e0 agir.\" \/>\n<meta property=\"og:url\" content=\"https:\/\/elfsight.com\/fr\/announcement-bar-widget\/wordpress\/\" \/>\n<meta property=\"og:site_name\" content=\"Elfsight FR\" \/>\n<meta property=\"article:modified_time\" content=\"2025-10-23T14:15:04+00:00\" \/>\n<meta name=\"twitter:card\" content=\"summary_large_image\" \/>\n<meta name=\"twitter:label1\" content=\"Dur\u00e9e de lecture estim\u00e9e\" \/>\n\t<meta name=\"twitter:data1\" content=\"4 minutes\" \/>\n<!-- \/ Yoast SEO plugin. -->","yoast_head_json":{"title":"Barre d'annonce du plugin WordPress pour site Web","description":"Am\u00e9liorez l'engagement avec le plugin Elfsight Announcement Bar sans code. Mettez en surbrillance les alertes urgentes pour attirer l'attention des visiteurs et les inciter \u00e0 agir.","robots":{"index":"index","follow":"follow","max-snippet":"max-snippet:-1","max-image-preview":"max-image-preview:large","max-video-preview":"max-video-preview:-1"},"canonical":"https:\/\/elfsight.com\/fr\/announcement-bar-widget\/wordpress\/","og_locale":"fr_FR","og_type":"article","og_title":"Barre d'annonce du plugin WordPress pour site Web","og_description":"Am\u00e9liorez l'engagement avec le plugin Elfsight Announcement Bar sans code. Mettez en surbrillance les alertes urgentes pour attirer l'attention des visiteurs et les inciter \u00e0 agir.","og_url":"https:\/\/elfsight.com\/fr\/announcement-bar-widget\/wordpress\/","og_site_name":"Elfsight FR","article_modified_time":"2025-10-23T14:15:04+00:00","twitter_card":"summary_large_image","twitter_misc":{"Dur\u00e9e de lecture estim\u00e9e":"4 minutes"},"schema":{"@context":"https:\/\/schema.org","@graph":[{"@type":"WebPage","@id":"https:\/\/elfsight.com\/fr\/announcement-bar-widget\/wordpress\/","url":"https:\/\/elfsight.com\/fr\/announcement-bar-widget\/wordpress\/","name":"Barre d'annonce du plugin WordPress pour site Web","isPartOf":{"@id":"https:\/\/elfsight.com\/fr\/#website"},"datePublished":"2024-12-20T11:29:21+00:00","dateModified":"2025-10-23T14:15:04+00:00","description":"Am\u00e9liorez l'engagement avec le plugin Elfsight Announcement Bar sans code. Mettez en surbrillance les alertes urgentes pour attirer l'attention des visiteurs et les inciter \u00e0 agir.","breadcrumb":{"@id":"https:\/\/elfsight.com\/fr\/announcement-bar-widget\/wordpress\/#breadcrumb"},"inLanguage":"fr-FR","potentialAction":[{"@type":"ReadAction","target":["https:\/\/elfsight.com\/fr\/announcement-bar-widget\/wordpress\/"]}]},{"@type":"BreadcrumbList","@id":"https:\/\/elfsight.com\/fr\/announcement-bar-widget\/wordpress\/#breadcrumb","itemListElement":[{"@type":"ListItem","position":1,"name":"Home","item":"https:\/\/elfsight.com\/fr\/"},{"@type":"ListItem","position":2,"name":"Announcement Bar","item":"https:\/\/elfsight.com\/fr\/announcement-bar-widget\/"},{"@type":"ListItem","position":3,"name":"Announcement Bar &#8211; WordPress"}]},{"@type":"WebSite","@id":"https:\/\/elfsight.com\/fr\/#website","url":"https:\/\/elfsight.com\/fr\/","name":"Elfsight FR","description":"","potentialAction":[{"@type":"SearchAction","target":{"@type":"EntryPoint","urlTemplate":"https:\/\/elfsight.com\/fr\/?s={search_term_string}"},"query-input":{"@type":"PropertyValueSpecification","valueRequired":true,"valueName":"search_term_string"}}],"inLanguage":"fr-FR"}]}},"meta_box":{"industry":"","seo_heading":"","heading":"","description":"","cta_heading":"","cta_description":"","application":"7311","h1":"Plugin de barre d'annonce WordPress","h1_caption":"Ajoutez le plugin Announcement Bar \u00e0 votre site WordPress pour mettre en \u00e9vidence les mises \u00e0 jour importantes en temps r\u00e9el, augmentant ainsi la confiance et l'engagement des clients.","application_category":[],"applications_title":"","applications_request_title":"","applications_request_button_text":"","hero_text":"","hero_video":"","hero_video_schema_markup":"","selling_points_title":"","selling_points_caption":"","selling_points":[],"selling_points_cta_text":"","features_title":"","features":"","ed_cta_examples_text":"","ed_cta_examples_hidden":"","ed_cta_demo_text":"","ed_cta_demo_hidden":"","why_caption":"","why_editor_title":"","why_editor_text":"","why_team_title":"","why_team_text":"","why_service_title":"","why_service_text":"","template_catalog_visible":"0","template_catalog_title":"","template_catalog_text":"","template_catalog_categories_visible":"","demo_title":"Cr\u00e9er un plugin de barre d'annonce WordPress","demo_caption":"Concevez gratuitement un plugin de barre d\u2019annonce pour votre site WordPress.","default_faq_hidden":"","app_template_category":[],"platform":"18","template_public_id":"","codecanyon_url":"","codecanyon_item_id":"","codecanyon_price":"","pricing_caption":"","pricing_elfsight_apps_hide_column":"","pricing_elfsight_apps_url":"","pricing_codecanyon_price_caption":"","integration_category":[],"integration_request_title":"","integration_request_cta":"","integration_platform":"","integrations":[],"platform_category":[],"video_schema_markup":"","price":"","trial":"","benefits":[{"text":"Service d'installation gratuit"},{"text":"Un accompagnement exceptionnel"},{"text":"Garantie de remboursement de 14 jours"},{"text":"Mise \u00e0 jour constante"}],"button_url":"#demo","button_target_blank":"0","button_nofollow":"0","attributes":[{"name":"Install\u00e9","content":"1,000 - 5,000","_state":"expanded"},{"name":"Reaktionsschnell","content":"Ja","_state":"expanded"},{"name":"Navigateurs compatibles","content":"Firefox, Safari, Opera, Chrome, Edge","_state":"expanded"}],"tags":[],"tags_disable_links":"0","hide_more_platforms":"0","video_object":"","demo_hide_cta":"0","demo_hide_cloud_options":"0","pricing_title":"","pricing":[{"pricing_icon":"platform","pricing_title":"Elfsight Apps","pricing_title_caption":"Logiciel ind\u00e9pendant de la plateforme","pricing_price":"\u00c0 partir de 0$\/mois","pricing_price_caption":"Commencez avec un forfait gratuit","pricing_button_text":"Ajouter au site Web","pricing_button_url":"#demo"}],"related_apps_title":"","related_apps_hidden":"0","author":"","image":[],"title":"","job":"","social_networks":[]},"_links":{"self":[{"href":"https:\/\/elfsight.com\/fr\/wp-json\/wp\/v2\/pages\/16232","targetHints":{"allow":["GET"]}}],"collection":[{"href":"https:\/\/elfsight.com\/fr\/wp-json\/wp\/v2\/pages"}],"about":[{"href":"https:\/\/elfsight.com\/fr\/wp-json\/wp\/v2\/types\/page"}],"author":[{"embeddable":true,"href":"https:\/\/elfsight.com\/fr\/wp-json\/wp\/v2\/users\/9"}],"replies":[{"embeddable":true,"href":"https:\/\/elfsight.com\/fr\/wp-json\/wp\/v2\/comments?post=16232"}],"version-history":[{"count":2,"href":"https:\/\/elfsight.com\/fr\/wp-json\/wp\/v2\/pages\/16232\/revisions"}],"predecessor-version":[{"id":16730,"href":"https:\/\/elfsight.com\/fr\/wp-json\/wp\/v2\/pages\/16232\/revisions\/16730"}],"up":[{"embeddable":true,"href":"https:\/\/elfsight.com\/fr\/wp-json\/wp\/v2\/pages\/7325"}],"wp:attachment":[{"href":"https:\/\/elfsight.com\/fr\/wp-json\/wp\/v2\/media?parent=16232"}],"curies":[{"name":"wp","href":"https:\/\/api.w.org\/{rel}","templated":true}]}}