{"id":16231,"date":"2024-12-20T11:42:55","date_gmt":"2024-12-20T11:42:55","guid":{"rendered":"https:\/\/elfsight.com\/fr\/?page_id=16231"},"modified":"2025-07-09T09:49:55","modified_gmt":"2025-07-09T09:49:55","slug":"elementor","status":"publish","type":"page","link":"https:\/\/elfsight.com\/fr\/announcement-bar-widget\/elementor\/","title":{"rendered":"Announcement Bar &#8211; Elementor"},"content":{"rendered":"<div class=\"application-platform-content-item-features application-platform-content-item\" id=\"features\" data-nav-section=\"features\"> <h2>Fonctionnalit\u00e9s du widget de barre d&rsquo;annonce<\/h2> <p>Le widget de barre d&rsquo;annonce d&rsquo;Elfsight est con\u00e7u pour augmenter l&rsquo;engagement des clients en affichant des notifications dynamiques de mises \u00e0 jour importantes. Cet outil flexible renforce non seulement la confiance en affichant des informations importantes, mais motive \u00e9galement les visiteurs \u00e0 agir avec des notifications personnalis\u00e9es. Vous trouverez ci-dessous une liste compl\u00e8te des principales fonctionnalit\u00e9s du widget\u00a0:<\/p><ul><li><b>Configuration rapide et facile.<\/b> D\u00e9ploiement sans tracas sans aucune connaissance en codage, permettant une installation rapide et efficace sur votre site Web.<\/li><li><b>Attrayant mais non intrusif.<\/b> Options de conception personnalisables pour cr\u00e9er des annonces percutantes tout en garantissant une exp\u00e9rience utilisateur fluide.<\/li><li><b>Augmentez les ventes de produits cl\u00e9s.<\/b> Pr\u00e9sentez des offres exclusives. directement depuis la barre d&rsquo;annonce Attirez l&rsquo;attention et augmentez les conversions pour des articles sp\u00e9cifiques.<\/li><li><b>Mettez en avant les actualit\u00e9s et les mises \u00e0 jour.<\/b> Pr\u00e9sentez les nouvelles versions ou les mises \u00e0 jour de produits existants pour garantir que les visiteurs restent engag\u00e9s avec un contenu nouveau et pertinent.<\/li><li><b>Coh\u00e9rence de la marque.<\/b> Options de personnalisation compl\u00e8tes pour compl\u00e9ter l&rsquo;apparence de votre site Web et offrir une exp\u00e9rience utilisateur fluide et coh\u00e9rente. assurez-vous.<\/li><li><b>Conception personnalisable.<\/b> Th\u00e8mes et couleurs facilement personnalisables qui s&rsquo;adaptent parfaitement \u00e0 l&rsquo;identit\u00e9 de votre marque.<\/li><\/ul><p><a href=\"#demo\">Essayez l&rsquo;\u00e9diteur intuitif pour d\u00e9couvrir comment fonctionne le widget<\/a><\/p><\/div> <div class=\"application-platform-content-item-installation application-platform-content-item\" id=\"installation\" data-nav-section=\"installation\"> <h2>Comment ins\u00e9rer Ajouter le widget Barre d&rsquo;annonce \u00e0 un site Elementor\u00a0?<\/h2><p>Pour int\u00e9grer le widget Barre d&rsquo;annonce sur votre site Web, suivez ces \u00e9tapes simples\u00a0:<\/p> <ol><li>Ouvrir Ouvrez l&rsquo;\u00e9diteur de widget et s\u00e9lectionnez un mod\u00e8le qui correspond au style de votre site.<\/li><li>Personnalisez le widget en mettant \u00e0 jour son message, son action et ses \u00e9l\u00e9ments visuels, son bouton, sa position sur la page, etc.<\/li><li>Enregistrez vos modifications et copiez le code HTML fourni. Collez le code dans le syst\u00e8me de gestion de contenu de votre site Web et apportez les modifications.<\/li><\/ol><p>C&rsquo;est tout\u00a0! Votre widget de barre d&rsquo;annonce Elementor est maintenant actif\u00a0!<\/p><p>Si vous rencontrez des probl\u00e8mes lors de l&rsquo;int\u00e9gration du widget sur votre site Web, contactez simplement notre \u00e9quipe de support client. Nous sommes heureux de vous aider \u00e0 ajouter et \u00e0 personnaliser votre barre d&rsquo;annonce.<\/p><\/div> <h2>FAQ<\/h2><div class=\"faq\" data-component=\"FAQ\"><div class=\"faq-item\">\r\n\t\t\t\t\t<div class=\"faq-item-question\">\r\n\t\t\t\t\t\t<h3 class=\"faq-item-question-text\"><\/h3>\r\n\r\n\t\t\t\t\t\t<div class=\"faq-item-question-icon\"><\/div>\r\n\t\t\t\t\t<\/div>\r\n\r\n\t\t\t\t\t<div class=\"faq-item-answer\">\r\n\t\t\t\t\t\t<div class=\"faq-item-answer-text\">Oui, il existe une version gratuite disponible qui fournit des fonctionnalit\u00e9s cl\u00e9s adapt\u00e9es aux petits sites Web ou \u00e0 des fins de test. Les abonnements payants commencent \u00e0 seulement 5\u00a0$ par mois et incluent des fonctionnalit\u00e9s suppl\u00e9mentaires.<\/div>\r\n\t\t\t\t\t<\/div>\r\n\t\t\t\t<\/div><div class=\"faq-item\">\r\n\t\t\t\t\t<div class=\"faq-item-question\">\r\n\t\t\t\t\t\t<h3 class=\"faq-item-question-text\"><\/h3>\r\n\r\n\t\t\t\t\t\t<div class=\"faq-item-question-icon\"><\/div>\r\n\t\t\t\t\t<\/div>\r\n\r\n\t\t\t\t\t<div class=\"faq-item-answer\">\r\n\t\t\t\t\t\t<div class=\"faq-item-answer-text\">Vous pouvez int\u00e9grer diff\u00e9rentes barres d&rsquo;annonce, telles que\u00a0: B. ceux qui font la promotion de la livraison gratuite, partagent des mises \u00e0 jour ou annoncent des ventes. Les options incluent des barres statiques en haut de la page et des widgets flottants pour une meilleure visibilit\u00e9.<\/div>\r\n\t\t\t\t\t<\/div>\r\n\t\t\t\t<\/div><div class=\"faq-item\">\r\n\t\t\t\t\t<div class=\"faq-item-question\">\r\n\t\t\t\t\t\t<h3 class=\"faq-item-question-text\"><\/h3>\r\n\r\n\t\t\t\t\t\t<div class=\"faq-item-question-icon\"><\/div>\r\n\t\t\t\t\t<\/div>\r\n\r\n\t\t\t\t\t<div class=\"faq-item-answer\">\r\n\t\t\t\t\t\t<div class=\"faq-item-answer-text\">La modification du widget de la barre d&rsquo;annonce est facile avec l&rsquo;\u00e9diteur facile \u00e0 utiliser d&rsquo;Elfsight. Vous pouvez personnaliser le texte, la conception et l&#8217;emplacement en fonction du style de votre site Web. Des fonctionnalit\u00e9s telles que la planification vous permettent d&rsquo;optimiser l&rsquo;efficacit\u00e9 de la barre dans la diffusion des informations.<\/div>\r\n\t\t\t\t\t<\/div>\r\n\t\t\t\t<\/div><div class=\"faq-item\">\r\n\t\t\t\t\t<div class=\"faq-item-question\">\r\n\t\t\t\t\t\t<h3 class=\"faq-item-question-text\"><\/h3>\r\n\r\n\t\t\t\t\t\t<div class=\"faq-item-question-icon\"><\/div>\r\n\t\t\t\t\t<\/div>\r\n\r\n\t\t\t\t\t<div class=\"faq-item-answer\">\r\n\t\t\t\t\t\t<div class=\"faq-item-answer-text\">Vous pouvez utiliser un <a href=\"https:\/\/elfsight.com\/sales-notification-widget\/elementor\/\" rel=\"noopener\">Widget de notification des ventes<\/a> \u00c0 utiliser pour pr\u00e9senter les activit\u00e9s des clients et renforcer la cr\u00e9dibilit\u00e9. Le <a href=\"https:\/\/elfsight.com\/popup-widget\/elementor\/\" rel=\"noopener\">Popup Widget<\/a> est id\u00e9al pour capturer des prospects et encourager les visiteurs \u00e0 explorer vos offres. Le <a href=\"https:\/\/elfsight.com\/banner-widget\/elementor\/\" rel=\"noopener\">Banner Widget<\/a> vous aide \u00e0 communiquer les mises \u00e0 jour importantes et \u00e0 garantir que les informations importantes sont remarqu\u00e9es.<\/div>\r\n\t\t\t\t\t<\/div>\r\n\t\t\t\t<\/div><\/div>","protected":false},"excerpt":{"rendered":"FAQ","protected":false},"author":9,"featured_media":0,"parent":7325,"menu_order":0,"comment_status":"closed","ping_status":"closed","template":"templates\/template-application-platform.php","meta":{"publish_to_discourse":"","publish_post_category":"","wpdc_auto_publish_overridden":"","wpdc_topic_tags":"","wpdc_pin_topic":"","wpdc_pin_until":"","discourse_post_id":"","discourse_permalink":"","wpdc_publishing_response":"","wpdc_publishing_error":"","footnotes":""},"class_list":["post-16231","page","type-page","status-publish","hentry"],"yoast_head":"<!-- This site is optimized with the Yoast SEO plugin v25.3.1 - https:\/\/yoast.com\/wordpress\/plugins\/seo\/ -->\n<title>Widget de barre d\u2019annonce Elementor \u2013 Ajouter \u00e0 un site Web<\/title>\n<meta name=\"description\" content=\"Augmentez votre notori\u00e9t\u00e9 avec le widget de barre d&#039;annonce Elfsight sans code. Pr\u00e9sentez les mises \u00e0 jour importantes et encouragez les visiteurs \u00e0 agir.\" \/>\n<meta name=\"robots\" content=\"index, follow, max-snippet:-1, max-image-preview:large, max-video-preview:-1\" \/>\n<link rel=\"canonical\" href=\"https:\/\/elfsight.com\/fr\/announcement-bar-widget\/elementor\/\" \/>\n<meta property=\"og:locale\" content=\"fr_FR\" \/>\n<meta property=\"og:type\" content=\"article\" \/>\n<meta property=\"og:title\" content=\"Widget de barre d\u2019annonce Elementor \u2013 Ajouter \u00e0 un site Web\" \/>\n<meta property=\"og:description\" content=\"Augmentez votre notori\u00e9t\u00e9 avec le widget de barre d&#039;annonce Elfsight sans code. Pr\u00e9sentez les mises \u00e0 jour importantes et encouragez les visiteurs \u00e0 agir.\" \/>\n<meta property=\"og:url\" content=\"https:\/\/elfsight.com\/fr\/announcement-bar-widget\/elementor\/\" \/>\n<meta property=\"og:site_name\" content=\"Elfsight FR\" \/>\n<meta property=\"article:modified_time\" content=\"2025-07-09T09:49:55+00:00\" \/>\n<meta name=\"twitter:card\" content=\"summary_large_image\" \/>\n<meta name=\"twitter:label1\" content=\"Dur\u00e9e de lecture estim\u00e9e\" \/>\n\t<meta name=\"twitter:data1\" content=\"3 minutes\" \/>\n<!-- \/ Yoast SEO plugin. -->","yoast_head_json":{"title":"Widget de barre d\u2019annonce Elementor \u2013 Ajouter \u00e0 un site Web","description":"Augmentez votre notori\u00e9t\u00e9 avec le widget de barre d'annonce Elfsight sans code. Pr\u00e9sentez les mises \u00e0 jour importantes et encouragez les visiteurs \u00e0 agir.","robots":{"index":"index","follow":"follow","max-snippet":"max-snippet:-1","max-image-preview":"max-image-preview:large","max-video-preview":"max-video-preview:-1"},"canonical":"https:\/\/elfsight.com\/fr\/announcement-bar-widget\/elementor\/","og_locale":"fr_FR","og_type":"article","og_title":"Widget de barre d\u2019annonce Elementor \u2013 Ajouter \u00e0 un site Web","og_description":"Augmentez votre notori\u00e9t\u00e9 avec le widget de barre d'annonce Elfsight sans code. Pr\u00e9sentez les mises \u00e0 jour importantes et encouragez les visiteurs \u00e0 agir.","og_url":"https:\/\/elfsight.com\/fr\/announcement-bar-widget\/elementor\/","og_site_name":"Elfsight FR","article_modified_time":"2025-07-09T09:49:55+00:00","twitter_card":"summary_large_image","twitter_misc":{"Dur\u00e9e de lecture estim\u00e9e":"3 minutes"},"schema":{"@context":"https:\/\/schema.org","@graph":[{"@type":"WebPage","@id":"https:\/\/elfsight.com\/fr\/announcement-bar-widget\/elementor\/","url":"https:\/\/elfsight.com\/fr\/announcement-bar-widget\/elementor\/","name":"Widget de barre d\u2019annonce Elementor \u2013 Ajouter \u00e0 un site Web","isPartOf":{"@id":"https:\/\/elfsight.com\/fr\/#website"},"datePublished":"2024-12-20T11:42:55+00:00","dateModified":"2025-07-09T09:49:55+00:00","description":"Augmentez votre notori\u00e9t\u00e9 avec le widget de barre d'annonce Elfsight sans code. Pr\u00e9sentez les mises \u00e0 jour importantes et encouragez les visiteurs \u00e0 agir.","breadcrumb":{"@id":"https:\/\/elfsight.com\/fr\/announcement-bar-widget\/elementor\/#breadcrumb"},"inLanguage":"fr-FR","potentialAction":[{"@type":"ReadAction","target":["https:\/\/elfsight.com\/fr\/announcement-bar-widget\/elementor\/"]}]},{"@type":"BreadcrumbList","@id":"https:\/\/elfsight.com\/fr\/announcement-bar-widget\/elementor\/#breadcrumb","itemListElement":[{"@type":"ListItem","position":1,"name":"Home","item":"https:\/\/elfsight.com\/fr\/"},{"@type":"ListItem","position":2,"name":"Announcement Bar","item":"https:\/\/elfsight.com\/fr\/announcement-bar-widget\/"},{"@type":"ListItem","position":3,"name":"Announcement Bar &#8211; Elementor"}]},{"@type":"WebSite","@id":"https:\/\/elfsight.com\/fr\/#website","url":"https:\/\/elfsight.com\/fr\/","name":"Elfsight FR","description":"","potentialAction":[{"@type":"SearchAction","target":{"@type":"EntryPoint","urlTemplate":"https:\/\/elfsight.com\/fr\/?s={search_term_string}"},"query-input":{"@type":"PropertyValueSpecification","valueRequired":true,"valueName":"search_term_string"}}],"inLanguage":"fr-FR"}]}},"meta_box":{"industry":"","seo_heading":"","heading":"","description":"","cta_heading":"","cta_description":"","application":"7311","h1":"Widget de barre d\u2019annonce Elementor","h1_caption":"Ajoutez le widget Barre d'annonces \u00e0 votre site Elementor pour mettre en \u00e9vidence les mises \u00e0 jour importantes en temps r\u00e9el afin d'augmenter la confiance et l'engagement des clients.","application_category":[],"applications_title":"","applications_request_title":"","applications_request_button_text":"","hero_text":"","hero_video":"","hero_video_schema_markup":"","selling_points_title":"","selling_points_caption":"","selling_points":[],"selling_points_cta_text":"","features_title":"","features":"","ed_cta_examples_text":"","ed_cta_examples_hidden":"","ed_cta_demo_text":"","ed_cta_demo_hidden":"","why_caption":"","why_editor_title":"","why_editor_text":"","why_team_title":"","why_team_text":"","why_service_title":"","why_service_text":"","template_catalog_visible":"","template_catalog_title":"","template_catalog_text":"","template_catalog_categories_visible":"","demo_title":"Cr\u00e9er un widget de barre d'annonce Elementor","demo_caption":"D\u00e9veloppez votre widget de barre d'annonce et int\u00e9grez-le gratuitement \u00e0 votre site Web Elementor.","default_faq_hidden":"","app_template_category":[],"platform":"385","template_public_id":"","codecanyon_url":"","codecanyon_item_id":"","codecanyon_price":"","pricing_caption":"","pricing_elfsight_apps_hide_column":"","pricing_elfsight_apps_url":"","pricing_codecanyon_price_caption":"","integration_category":[],"integration_request_title":"","integration_request_cta":"","integration_platform":"","integrations":[],"platform_category":[],"video_schema_markup":"","price":"","trial":"","benefits":[{"text":"Service d'installation gratuit"},{"text":"Service client efficace"},{"text":"Garantie de remboursement de 14 jours"},{"text":"Mises \u00e0 jour futures"}],"button_url":"#demo","button_target_blank":"","button_nofollow":"","attributes":[{"name":"Install\u00e9","content":"1,000 - 5,000","_state":"expanded"},{"name":"Reaktionsschnell","content":"Ja","_state":"expanded"},{"name":"Navigateurs compatibles","content":"Firefox, Safari, Opera, Chrome, Edge","_state":"expanded"}],"tags":[],"tags_disable_links":"","hide_more_platforms":"","video_object":"","demo_hide_cta":"","demo_hide_cloud_options":"","pricing_title":"","pricing":[{"pricing_title":"Elfsight Apps","pricing_title_caption":"Solution ind\u00e9pendante de la plateforme ","pricing_price":"\u00c0 partir de 0$\/mois","pricing_price_caption":"Commencez avec un forfait gratuit","pricing_benefits":"","pricing_button_text":"Ajouter au site Web","pricing_button_url":"#demo"}],"related_apps_title":"","related_apps_hidden":"","author":"","image":[],"title":"","job":"","social_networks":[]},"_links":{"self":[{"href":"https:\/\/elfsight.com\/fr\/wp-json\/wp\/v2\/pages\/16231","targetHints":{"allow":["GET"]}}],"collection":[{"href":"https:\/\/elfsight.com\/fr\/wp-json\/wp\/v2\/pages"}],"about":[{"href":"https:\/\/elfsight.com\/fr\/wp-json\/wp\/v2\/types\/page"}],"author":[{"embeddable":true,"href":"https:\/\/elfsight.com\/fr\/wp-json\/wp\/v2\/users\/9"}],"replies":[{"embeddable":true,"href":"https:\/\/elfsight.com\/fr\/wp-json\/wp\/v2\/comments?post=16231"}],"version-history":[{"count":1,"href":"https:\/\/elfsight.com\/fr\/wp-json\/wp\/v2\/pages\/16231\/revisions"}],"predecessor-version":[{"id":16235,"href":"https:\/\/elfsight.com\/fr\/wp-json\/wp\/v2\/pages\/16231\/revisions\/16235"}],"up":[{"embeddable":true,"href":"https:\/\/elfsight.com\/fr\/wp-json\/wp\/v2\/pages\/7325"}],"wp:attachment":[{"href":"https:\/\/elfsight.com\/fr\/wp-json\/wp\/v2\/media?parent=16231"}],"curies":[{"name":"wp","href":"https:\/\/api.w.org\/{rel}","templated":true}]}}