{"id":16186,"date":"2024-12-28T06:28:35","date_gmt":"2024-12-28T06:28:35","guid":{"rendered":"https:\/\/elfsight.com\/fr\/?page_id=16186"},"modified":"2025-10-23T14:24:40","modified_gmt":"2025-10-23T14:24:40","slug":"squarespace","status":"publish","type":"page","link":"https:\/\/elfsight.com\/fr\/ai-chatbot-widget\/squarespace\/","title":{"rendered":"AI Chatbot &#8211; Squarespace"},"content":{"rendered":"<div class=\"application-platform-content-item-description application-platform-content-item\" id=\"description\" data-nav-section=\"description\"><h2>Int\u00e9grer un chatbot IA sur Squarespace avec le widget Elfsight !<\/h2> <p>Cr\u00e9ez un chatbot IA de premier plan pour votre site Squarespace, sp\u00e9cifiquement form\u00e9 sur votre base de connaissances, ressources de support ou questions fr\u00e9quemment pos\u00e9es. Permettez-lui d&rsquo;apprendre et d&rsquo;\u00e9voluer, d\u00e9livrant des messages personnalis\u00e9s pour mieux servir vos utilisateurs chaque jour.<\/p> <p>Rationalisez facilement les t\u00e2ches de service client, r\u00e9duisez les temps de r\u00e9ponse et capturez efficacement des prospects sans travail manuel. Offrez une assistance 24h\/24, garantissant aux clients d&rsquo;avoir les informations dont ils ont besoin, quand et o\u00f9 ils le souhaitent !<\/p> <p><b>Ajoutez un assistant IA pour r\u00e9pondre aux questions, r\u00e9soudre les probl\u00e8mes et augmenter vos ventes !<\/b><\/p> <\/div><div class=\"application-platform-content-item-features application-platform-content-item\" id=\"features\" data-nav-section=\"features\"> <h2>Nous proposons des fonctionnalit\u00e9s utiles et simples, voici quelques-unes d&rsquo;entre elles :<\/h2> <ul><li><b>Automatisez votre communication client.<\/b> Rationalisez les r\u00e9ponses rapides, offrez un support toute la journ\u00e9e et am\u00e9liorez l&rsquo;efficacit\u00e9 avec une configuration minimale\u2014naviguez sans difficult\u00e9 parmi des chats et des utilisateurs illimit\u00e9s !<\/li><li><b>Offrez une exp\u00e9rience personnalis\u00e9e.<\/b> Aidez chaque client \u00e0 se sentir sp\u00e9cial et cr\u00e9ez la meilleure exp\u00e9rience avec des r\u00e9ponses personnalis\u00e9es, en utilisant leurs noms, un suivi de l&rsquo;historique des chats et des messages de suivi.<\/li><li><b>Formez le chatbot avec des informations commerciales.<\/b> Donnez au chatbot IA votre expertise sp\u00e9cialis\u00e9e en t\u00e9l\u00e9chargeant des fichiers, ajoutant des paires Q&amp;A et utilisant les informations de votre site pour le g\u00e9n\u00e9rateur d&rsquo;instructions, assurant des r\u00e9ponses pr\u00e9cises et adapt\u00e9es \u00e0 votre entreprise.<\/li><li><b>Recevez des informations clients par email.<\/b> Restez \u00e0 jour et obtenez des informations pr\u00e9cieuses en recevant les transcriptions compl\u00e8tes des chats directement dans votre bo\u00eete de r\u00e9ception, comprenant des informations cruciales pour la g\u00e9n\u00e9ration de leads et l&rsquo;am\u00e9lioration des services.<\/li><li><b>Explorez une vaste s\u00e9lection de mod\u00e8les.<\/b> Mettez en place rapidement votre chatbot IA avec notre biblioth\u00e8que de mod\u00e8les pr\u00eats \u00e0 l&#8217;emploi. Ils couvrent divers secteurs et fonctions, chacun disposant d&rsquo;ensembles d&rsquo;instructions personnalis\u00e9es pour des r\u00e9sultats imm\u00e9diats.<\/li><\/ul><p><a href=\"#demo\">Vous pouvez tester si le widget vous convient en utilisant le configurateur<\/a><\/p> <\/div> <div class=\"application-platform-content-item-installation application-platform-content-item\" id=\"installation\" data-nav-section=\"installation\"> <h2>Comment ajouter le plugin AI Chatbot \u00e0 Squarespace ?<\/h2><div class=\"video-container\">\n<iframe width=\"720\" height=\"405\" src=\"https:\/\/www.youtube.com\/embed\/VIlk48x8eXY?si=6EAVNNmOKYkhJmDz\" frameborder=\"0\" allowfullscreen=\"\"><\/iframe>\n<\/div> <p>Si vous voulez int\u00e9grer le chatbot IA \u00e0 votre site Squarespace, suivez ces \u00e9tapes :<\/p> <ol><li><b>Personnalisez le widget.<\/b><br> Commencez par choisir l&rsquo;un des mod\u00e8les pr\u00eats \u00e0 l&#8217;emploi. Ensuite, vous pouvez entra\u00eener votre chatbot, organiser les fonctionnalit\u00e9s et modifier son style visuel pour correspondre \u00e0 vos besoins professionnels.<\/li><li><b>Obtenez le code d&rsquo;int\u00e9gration.<\/b><br> Enregistrez le r\u00e9sultat et copiez le code d&rsquo;int\u00e9gration unique.<\/li><li><b>Ajoutez le code \u00e0 votre \u00e9diteur de site.<\/b><br> Connectez-vous \u00e0 l&rsquo;interface d&rsquo;administration de votre site, placez le code o\u00f9 n\u00e9cessaire et actualisez la page. Succ\u00e8s !<\/li> <\/ol><p>Si vous rencontrez des probl\u00e8mes, n&rsquo;h\u00e9sitez pas \u00e0 faire appel \u00e0 notre support. Nos sp\u00e9cialistes seront heureux de vous aider avec toutes les questions que vous pourriez avoir concernant le plugin.<\/p> <div class=\"faq\" data-component=\"FAQ\"><div class=\"faq-item\">\r\n\t\t\t\t\t<div class=\"faq-item-question\">\r\n\t\t\t\t\t\t<h3 class=\"faq-item-question-text\">Comment ajouter mes informations commerciales au plugin AI Chatbot ?<\/h3>\r\n\r\n\t\t\t\t\t\t<div class=\"faq-item-question-icon\"><\/div>\r\n\t\t\t\t\t<\/div>\r\n\r\n\t\t\t\t\t<div class=\"faq-item-answer\">\r\n\t\t\t\t\t\t<div class=\"faq-item-answer-text\"><p>Pour t\u00e9l\u00e9charger vos donn\u00e9es, rendez-vous dans la section \u00ab\u00a0Formation\u00a0\u00bb et choisissez l&rsquo;un des formats existants : fichiers document, paires Q&amp;A sp\u00e9cifiques ou blocs de texte de base.<\/p> <\/div>\r\n\t\t\t\t\t<\/div>\r\n\t\t\t\t<\/div> <div class=\"faq-item\">\r\n\t\t\t\t\t<div class=\"faq-item-question\">\r\n\t\t\t\t\t\t<h3 class=\"faq-item-question-text\">Comment cr\u00e9er des r\u00e9ponses rapides pour le chatbot IA ?<\/h3>\r\n\r\n\t\t\t\t\t\t<div class=\"faq-item-question-icon\"><\/div>\r\n\t\t\t\t\t<\/div>\r\n\r\n\t\t\t\t\t<div class=\"faq-item-answer\">\r\n\t\t\t\t\t\t<div class=\"faq-item-answer-text\"><p>Vous pouvez les ajouter directement dans le configurateur du chatbot IA en acc\u00e9dant \u00e0 l&rsquo;onglet \u00ab\u00a0Salutation\u00a0\u00bb. Vous trouverez le champ o\u00f9 vous pourrez inclure une phrase d&rsquo;ouverture attrayante ou une question populaire.<\/p> <\/div>\r\n\t\t\t\t\t<\/div>\r\n\t\t\t\t<\/div> <div class=\"faq-item\">\r\n\t\t\t\t\t<div class=\"faq-item-question\">\r\n\t\t\t\t\t\t<h3 class=\"faq-item-question-text\">Qu'est-ce qui rend le plugin Elfsight AI Chatbot le meilleur pour mon site Squarespace ?<\/h3>\r\n\r\n\t\t\t\t\t\t<div class=\"faq-item-question-icon\"><\/div>\r\n\t\t\t\t\t<\/div>\r\n\r\n\t\t\t\t\t<div class=\"faq-item-answer\">\r\n\t\t\t\t\t\t<div class=\"faq-item-answer-text\"> <p>Le plugin AI Chatbot est une solution de chat sans codage soutenue par le dernier mod\u00e8le d&rsquo;IA, pr\u00eat \u00e0 \u00eatre form\u00e9 avec les informations de votre entreprise. Avec une interface accessible et de nombreux \u00e9l\u00e9ments de personnalisation, vous pouvez garantir un support client 24h\/24 avec une exp\u00e9rience personnalis\u00e9e et rester toujours inform\u00e9 avec des rapports continus. D\u00e9couvrez par vous-m\u00eame \u00e0 quel point cela peut \u00eatre simple et rapide avec Elfsight !<\/p> <\/div>\r\n\t\t\t\t\t<\/div>\r\n\t\t\t\t<\/div><\/div><\/div> ","protected":false},"excerpt":{"rendered":"","protected":false},"author":9,"featured_media":0,"parent":16085,"menu_order":0,"comment_status":"closed","ping_status":"closed","template":"templates\/template-application-platform.php","meta":{"publish_to_discourse":"","publish_post_category":"","wpdc_auto_publish_overridden":"","wpdc_topic_tags":"","wpdc_pin_topic":"","wpdc_pin_until":"","discourse_post_id":"","discourse_permalink":"","wpdc_publishing_response":"","wpdc_publishing_error":"","footnotes":""},"class_list":["post-16186","page","type-page","status-publish","hentry"],"yoast_head":"<!-- This site is optimized with the Yoast SEO plugin v25.3.1 - https:\/\/yoast.com\/wordpress\/plugins\/seo\/ -->\n<title>Squarespace AI Chatbot plugin \u2013 Ajouter un chatbot AI \u00e0 Squarespace [GRATUIT]<\/title>\n<meta name=\"description\" content=\"Ajoutez le meilleur plugin de chatbot AI \u00e0 votre site Squarespace sans codage. Optimisez l&#039;assistance client avec une int\u00e9gration facile !\" \/>\n<meta name=\"robots\" content=\"index, follow, max-snippet:-1, max-image-preview:large, max-video-preview:-1\" \/>\n<link rel=\"canonical\" href=\"https:\/\/elfsight.com\/fr\/ai-chatbot-widget\/squarespace\/\" \/>\n<meta property=\"og:locale\" content=\"fr_FR\" \/>\n<meta property=\"og:type\" content=\"article\" \/>\n<meta property=\"og:title\" content=\"Squarespace AI Chatbot plugin \u2013 Ajouter un chatbot AI \u00e0 Squarespace [GRATUIT]\" \/>\n<meta property=\"og:description\" content=\"Ajoutez le meilleur plugin de chatbot AI \u00e0 votre site Squarespace sans codage. Optimisez l&#039;assistance client avec une int\u00e9gration facile !\" \/>\n<meta property=\"og:url\" content=\"https:\/\/elfsight.com\/fr\/ai-chatbot-widget\/squarespace\/\" \/>\n<meta property=\"og:site_name\" content=\"Elfsight FR\" \/>\n<meta property=\"article:modified_time\" content=\"2025-10-23T14:24:40+00:00\" \/>\n<meta name=\"twitter:card\" content=\"summary_large_image\" \/>\n<meta name=\"twitter:label1\" content=\"Dur\u00e9e de lecture estim\u00e9e\" \/>\n\t<meta name=\"twitter:data1\" content=\"4 minutes\" \/>\n<!-- \/ Yoast SEO plugin. -->","yoast_head_json":{"title":"Squarespace AI Chatbot plugin \u2013 Ajouter un chatbot AI \u00e0 Squarespace [GRATUIT]","description":"Ajoutez le meilleur plugin de chatbot AI \u00e0 votre site Squarespace sans codage. Optimisez l'assistance client avec une int\u00e9gration facile !","robots":{"index":"index","follow":"follow","max-snippet":"max-snippet:-1","max-image-preview":"max-image-preview:large","max-video-preview":"max-video-preview:-1"},"canonical":"https:\/\/elfsight.com\/fr\/ai-chatbot-widget\/squarespace\/","og_locale":"fr_FR","og_type":"article","og_title":"Squarespace AI Chatbot plugin \u2013 Ajouter un chatbot AI \u00e0 Squarespace [GRATUIT]","og_description":"Ajoutez le meilleur plugin de chatbot AI \u00e0 votre site Squarespace sans codage. Optimisez l'assistance client avec une int\u00e9gration facile !","og_url":"https:\/\/elfsight.com\/fr\/ai-chatbot-widget\/squarespace\/","og_site_name":"Elfsight FR","article_modified_time":"2025-10-23T14:24:40+00:00","twitter_card":"summary_large_image","twitter_misc":{"Dur\u00e9e de lecture estim\u00e9e":"4 minutes"},"schema":{"@context":"https:\/\/schema.org","@graph":[{"@type":"WebPage","@id":"https:\/\/elfsight.com\/fr\/ai-chatbot-widget\/squarespace\/","url":"https:\/\/elfsight.com\/fr\/ai-chatbot-widget\/squarespace\/","name":"Squarespace AI Chatbot plugin \u2013 Ajouter un chatbot AI \u00e0 Squarespace [GRATUIT]","isPartOf":{"@id":"https:\/\/elfsight.com\/fr\/#website"},"datePublished":"2024-12-28T06:28:35+00:00","dateModified":"2025-10-23T14:24:40+00:00","description":"Ajoutez le meilleur plugin de chatbot AI \u00e0 votre site Squarespace sans codage. Optimisez l'assistance client avec une int\u00e9gration facile !","breadcrumb":{"@id":"https:\/\/elfsight.com\/fr\/ai-chatbot-widget\/squarespace\/#breadcrumb"},"inLanguage":"fr-FR","potentialAction":[{"@type":"ReadAction","target":["https:\/\/elfsight.com\/fr\/ai-chatbot-widget\/squarespace\/"]}]},{"@type":"BreadcrumbList","@id":"https:\/\/elfsight.com\/fr\/ai-chatbot-widget\/squarespace\/#breadcrumb","itemListElement":[{"@type":"ListItem","position":1,"name":"Home","item":"https:\/\/elfsight.com\/fr\/"},{"@type":"ListItem","position":2,"name":"AI Chatbot","item":"https:\/\/elfsight.com\/fr\/ai-chatbot-widget\/"},{"@type":"ListItem","position":3,"name":"AI Chatbot &#8211; Squarespace"}]},{"@type":"WebSite","@id":"https:\/\/elfsight.com\/fr\/#website","url":"https:\/\/elfsight.com\/fr\/","name":"Elfsight FR","description":"","potentialAction":[{"@type":"SearchAction","target":{"@type":"EntryPoint","urlTemplate":"https:\/\/elfsight.com\/fr\/?s={search_term_string}"},"query-input":{"@type":"PropertyValueSpecification","valueRequired":true,"valueName":"search_term_string"}}],"inLanguage":"fr-FR"}]}},"meta_box":{"industry":"","seo_heading":"","heading":"","description":"","cta_heading":"","cta_description":"","application":"16084","h1":"Ajouter un chatbot AI \u00e0 votre site Squarespace","h1_caption":"Cr\u00e9ez le meilleur chatbot AI, sp\u00e9cifiquement form\u00e9 sur les donn\u00e9es de votre entreprise pour automatiser le support client, capturer des prospects et fournir des r\u00e9ponses instantan\u00e9es et pr\u00e9cises sur le site Squarespace\u201424\/7.","application_category":[],"applications_title":"","applications_request_title":"","applications_request_button_text":"","hero_text":"","hero_video":"","hero_video_schema_markup":"","selling_points_title":"","selling_points_caption":"","selling_points":[],"selling_points_cta_text":"","features_title":"","features":"","ed_cta_examples_text":"","ed_cta_examples_hidden":"","ed_cta_demo_text":"","ed_cta_demo_hidden":"","why_caption":"","why_editor_title":"","why_editor_text":"","why_team_title":"","why_team_text":"","why_service_title":"","why_service_text":"","template_catalog_visible":"0","template_catalog_title":"","template_catalog_text":"","template_catalog_categories_visible":"","demo_title":"Cr\u00e9ez votre plugin de chatbot AI","demo_caption":"Configurez le chatbot AI et ajoutez-le gratuitement \u00e0 votre site Squarespace !","default_faq_hidden":"","app_template_category":[],"platform":"361","template_public_id":"","codecanyon_url":"","codecanyon_item_id":"","codecanyon_price":"","pricing_caption":"","pricing_elfsight_apps_hide_column":"","pricing_elfsight_apps_url":"","pricing_codecanyon_price_caption":"","integration_category":[],"integration_request_title":"","integration_request_cta":"","integration_platform":"","integrations":[],"platform_category":[],"video_schema_markup":"","price":"\u00e0 partir de 0 $ \/ mois","trial":"","benefits":[{"text":"Service d'installation gratuit"},{"text":"Support exceptionnel"},{"text":"Garantie de remboursement de 14 jours"},{"text":"Mises \u00e0 jour gratuites continues"}],"button_url":"#demo","button_target_blank":"0","button_nofollow":"0","attributes":[{"name":"Installations","content":"50,000 - 100,000"},{"name":"R\u00e9actif","content":"Oui"},{"name":"Navigateurs compatibles","content":"Firefox, Safari, Opera, Chrome, Edge"}],"tags":[],"tags_disable_links":"0","hide_more_platforms":"0","video_object":"","demo_hide_cta":"0","demo_hide_cloud_options":"0","pricing_title":"","pricing":[{"pricing_icon":"platform","pricing_title":"Elfsight Apps","pricing_title_caption":"Solution num\u00e9rique multiplateforme adapt\u00e9e \u00e0 tout site web","pricing_price":"\u00e0 partir de 0 $ \/ mois","pricing_price_caption":"Commencez avec un plan gratuit","pricing_benefits":[{"text":"Sites web illimit\u00e9s"},{"text":"Support professionnel"},{"text":"Service d'installation gratuite"},{"text":"Design flexible"}],"pricing_button_text":"Ajouter au site web","pricing_button_url":"#demo"}],"related_apps_title":"","related_apps_hidden":"0","author":"","image":[],"title":"","job":"","social_networks":[]},"_links":{"self":[{"href":"https:\/\/elfsight.com\/fr\/wp-json\/wp\/v2\/pages\/16186","targetHints":{"allow":["GET"]}}],"collection":[{"href":"https:\/\/elfsight.com\/fr\/wp-json\/wp\/v2\/pages"}],"about":[{"href":"https:\/\/elfsight.com\/fr\/wp-json\/wp\/v2\/types\/page"}],"author":[{"embeddable":true,"href":"https:\/\/elfsight.com\/fr\/wp-json\/wp\/v2\/users\/9"}],"replies":[{"embeddable":true,"href":"https:\/\/elfsight.com\/fr\/wp-json\/wp\/v2\/comments?post=16186"}],"version-history":[{"count":2,"href":"https:\/\/elfsight.com\/fr\/wp-json\/wp\/v2\/pages\/16186\/revisions"}],"predecessor-version":[{"id":16731,"href":"https:\/\/elfsight.com\/fr\/wp-json\/wp\/v2\/pages\/16186\/revisions\/16731"}],"up":[{"embeddable":true,"href":"https:\/\/elfsight.com\/fr\/wp-json\/wp\/v2\/pages\/16085"}],"wp:attachment":[{"href":"https:\/\/elfsight.com\/fr\/wp-json\/wp\/v2\/media?parent=16186"}],"curies":[{"name":"wp","href":"https:\/\/api.w.org\/{rel}","templated":true}]}}