{"id":16181,"date":"2024-12-28T06:41:40","date_gmt":"2024-12-28T06:41:40","guid":{"rendered":"https:\/\/elfsight.com\/fr\/?page_id=16181"},"modified":"2025-09-23T09:29:46","modified_gmt":"2025-09-23T09:29:46","slug":"wix","status":"publish","type":"page","link":"https:\/\/elfsight.com\/fr\/ai-chatbot-widget\/wix\/","title":{"rendered":"AI Chatbot &#8211; Wix"},"content":{"rendered":"<div class=\"application-platform-content-item-description application-platform-content-item\" id=\"description\" data-nav-section=\"description\"><h2>Int\u00e9grer un chatbot IA sur Wix avec le widget Elfsight !<\/h2> <p>Cr\u00e9ez un chatbot IA de premier ordre pour votre site Wix, sp\u00e9cifiquement form\u00e9 sur votre base de connaissances, fichiers de support ou FAQ courantes. Permettez-lui d&rsquo;apprendre et de s&rsquo;adapter, offrant des messages personnalis\u00e9s pour am\u00e9liorer l&rsquo;exp\u00e9rience utilisateur au quotidien.<\/p> <p>Automatisez les t\u00e2ches de service client, r\u00e9duisez les temps de r\u00e9ponse et g\u00e9n\u00e9rez des prospects avec succ\u00e8s sans travail manuel. Offrez une assistance 24\/7, garantissant aux clients d&rsquo;avoir les r\u00e9ponses dont ils ont besoin, \u00e0 tout moment, n&rsquo;importe o\u00f9 !<\/p> <p><b>Ajoutez un assistant IA pour r\u00e9pondre aux questions, r\u00e9soudre les probl\u00e8mes et booster vos ventes !<\/b><\/p> <\/div><div class=\"application-platform-content-item-features application-platform-content-item\" id=\"features\" data-nav-section=\"features\"> <h2>Les fonctionnalit\u00e9s les plus populaires incluent :<\/h2> <ul><li><b>Automatisez votre communication client.<\/b> Rationalisez les r\u00e9ponses rapides, offrez une disponibilit\u00e9 toute la journ\u00e9e et am\u00e9liorez l&rsquo;efficacit\u00e9 avec un minimum de configuration\u2014g\u00e9rez des chats et des utilisateurs illimit\u00e9s sans effort !<\/li><li><b>Offrez une exp\u00e9rience personnalis\u00e9e.<\/b> Aidez chaque client \u00e0 se sentir sp\u00e9cial et cr\u00e9ez la meilleure exp\u00e9rience avec des r\u00e9ponses personnalis\u00e9es, des salutations, un suivi de l&rsquo;historique des chats et des messages de suivi.<\/li><li><b>Formez le chatbot avec les donn\u00e9es de l&rsquo;entreprise.<\/b> \u00c9quipez le chatbot IA de votre expertise sp\u00e9cialis\u00e9e en t\u00e9l\u00e9chargeant des fichiers, en cr\u00e9ant des ensembles de Q&amp;A et en utilisant les informations de votre site pour g\u00e9n\u00e9rer des r\u00e9ponses pertinentes et adapt\u00e9es \u00e0 votre contexte professionnel.<\/li><li><b>Recevez des informations clients par email.<\/b> Restez inform\u00e9 et obtenez des informations essentielles en recevant les transcriptions compl\u00e8tes des chats directement dans votre bo\u00eete de r\u00e9ception, incluant des d\u00e9tails cruciaux pour la g\u00e9n\u00e9ration de leads et l&rsquo;am\u00e9lioration des services.<\/li><li><b>D\u00e9couvrez une large gamme de mod\u00e8les.<\/b> D\u00e9ployez votre chatbot IA rapidement avec notre biblioth\u00e8que de mod\u00e8les pr\u00e9fabriqu\u00e9s. Ils sont d\u00e9velopp\u00e9s pour divers secteurs et usages, chacun comprenant des ensembles d&rsquo;instructions personnalis\u00e9es pour des r\u00e9sultats imm\u00e9diats.<\/li><\/ul><p><a href=\"#demo\">Vous pouvez sentir que le widget vaut la peine d&rsquo;\u00eatre essay\u00e9 avec le configurateur<\/a><\/p> <\/div> <div class=\"application-platform-content-item-installation application-platform-content-item\" id=\"installation\" data-nav-section=\"installation\"> <h2>Comment ajouter le plugin AI Chatbot \u00e0 Wix ?<\/h2><div class=\"video-container\">\n<iframe width=\"720\" height=\"405\" src=\"https:\/\/www.youtube.com\/embed\/eaCpLVF7PCE?si=rkbhBflQ67OP9oHb\" frameborder=\"0\" allowfullscreen=\"\"><\/iframe>\n<\/div> <p>Si vous souhaitez int\u00e9grer le chatbot IA \u00e0 votre site Wix, suivez les \u00e9tapes ci-dessous :<\/p> <ol><li><b>Personnalisez le widget.<\/b><br> Commencez par choisir l&rsquo;un des mod\u00e8les disponibles. Ensuite, vous pouvez former votre chatbot, configurer les fonctionnalit\u00e9s et modifier son apparence pour r\u00e9pondre \u00e0 vos pr\u00e9f\u00e9rences professionnelles.<\/li><li><b>Obtenez le code d&rsquo;int\u00e9gration.<\/b><br> Enregistrez les personnalisations et copiez le code d&rsquo;installation fourni.<\/li><li><b>Ajoutez le code \u00e0 votre constructeur de site.<\/b><br> Acc\u00e9dez au panneau d&rsquo;administration de votre site, collez le code \u00e0 l&rsquo;endroit choisi et actualisez la page. C&rsquo;est tout !<\/li> <\/ol><p>Si vous rencontrez des difficult\u00e9s, n&rsquo;ayez pas peur de faire appel \u00e0 notre \u00e9quipe de support. Nos collaborateurs seront ravis de vous aider avec toutes les questions que vous pourriez avoir concernant l&rsquo;application.<\/p> <div class=\"faq\" data-component=\"FAQ\"><div class=\"faq-item\">\r\n\t\t\t\t\t<div class=\"faq-item-question\">\r\n\t\t\t\t\t\t<h3 class=\"faq-item-question-text\">Comment ajouter mes informations commerciales \u00e0 l'application AI Chatbot ?<\/h3>\r\n\r\n\t\t\t\t\t\t<div class=\"faq-item-question-icon\"><\/div>\r\n\t\t\t\t\t<\/div>\r\n\r\n\t\t\t\t\t<div class=\"faq-item-answer\">\r\n\t\t\t\t\t\t<div class=\"faq-item-answer-text\"><p>Pour ajouter vos informations, consultez le menu \u00ab\u00a0Formation\u00a0\u00bb et choisissez l&rsquo;un des formats propos\u00e9s : fichiers document, paires Q&amp;A sp\u00e9cifiques ou blocs de texte simples.<\/p> <\/div>\r\n\t\t\t\t\t<\/div>\r\n\t\t\t\t<\/div> <div class=\"faq-item\">\r\n\t\t\t\t\t<div class=\"faq-item-question\">\r\n\t\t\t\t\t\t<h3 class=\"faq-item-question-text\">Comment cr\u00e9er des r\u00e9ponses rapides pour le chatbot IA ?<\/h3>\r\n\r\n\t\t\t\t\t\t<div class=\"faq-item-question-icon\"><\/div>\r\n\t\t\t\t\t<\/div>\r\n\r\n\t\t\t\t\t<div class=\"faq-item-answer\">\r\n\t\t\t\t\t\t<div class=\"faq-item-answer-text\"><p>Vous pouvez les ajouter directement dans l&rsquo;\u00e9diteur du chatbot IA en acc\u00e9dant \u00e0 l&rsquo;onglet \u00ab\u00a0Salutation\u00a0\u00bb. Vous trouverez un champ o\u00f9 vous pourrez saisir une phrase d&rsquo;ouverture int\u00e9ressante ou une question fr\u00e9quemment pos\u00e9e.<\/p> <\/div>\r\n\t\t\t\t\t<\/div>\r\n\t\t\t\t<\/div> <div class=\"faq-item\">\r\n\t\t\t\t\t<div class=\"faq-item-question\">\r\n\t\t\t\t\t\t<h3 class=\"faq-item-question-text\">Qu'est-ce qui rend l'application Elfsight AI Chatbot la meilleure pour mon site Wix ?<\/h3>\r\n\r\n\t\t\t\t\t\t<div class=\"faq-item-question-icon\"><\/div>\r\n\t\t\t\t\t<\/div>\r\n\r\n\t\t\t\t\t<div class=\"faq-item-answer\">\r\n\t\t\t\t\t\t<div class=\"faq-item-answer-text\"> <p>L&rsquo;application AI Chatbot est une solution de chat sans codage, soutenue par la technologie IA la plus avanc\u00e9e, pr\u00eate \u00e0 \u00eatre form\u00e9e avec les informations de votre entreprise. Avec une interface accessible et de nombreuses options de personnalisation, vous pouvez offrir un support client disponible toute la journ\u00e9e avec une exp\u00e9rience personnalis\u00e9e et rester inform\u00e9 avec des rapports constants. D\u00e9couvrez par vous-m\u00eame \u00e0 quel point cela peut \u00eatre pratique et rapide avec Elfsight !<\/p> <\/div>\r\n\t\t\t\t\t<\/div>\r\n\t\t\t\t<\/div><\/div><\/div> ","protected":false},"excerpt":{"rendered":"","protected":false},"author":9,"featured_media":0,"parent":16085,"menu_order":0,"comment_status":"closed","ping_status":"closed","template":"templates\/template-application-platform.php","meta":{"publish_to_discourse":"","publish_post_category":"","wpdc_auto_publish_overridden":"","wpdc_topic_tags":"","wpdc_pin_topic":"","wpdc_pin_until":"","discourse_post_id":"","discourse_permalink":"","wpdc_publishing_response":"","wpdc_publishing_error":"","footnotes":""},"class_list":["post-16181","page","type-page","status-publish","hentry"],"yoast_head":"<!-- This site is optimized with the Yoast SEO plugin v25.3.1 - https:\/\/yoast.com\/wordpress\/plugins\/seo\/ -->\n<title>Wix AI Chatbot app \u2013 Ajouter un chatbot AI \u00e0 Wix [GRATUIT]<\/title>\n<meta name=\"description\" content=\"Ajoutez la meilleure application de chatbot AI \u00e0 votre site Wix sans codage. Rationalisez le support client avec une int\u00e9gration facile !\" \/>\n<meta name=\"robots\" content=\"index, follow, max-snippet:-1, max-image-preview:large, max-video-preview:-1\" \/>\n<link rel=\"canonical\" href=\"https:\/\/elfsight.com\/fr\/ai-chatbot-widget\/wix\/\" \/>\n<meta property=\"og:locale\" content=\"fr_FR\" \/>\n<meta property=\"og:type\" content=\"article\" \/>\n<meta property=\"og:title\" content=\"Wix AI Chatbot app \u2013 Ajouter un chatbot AI \u00e0 Wix [GRATUIT]\" \/>\n<meta property=\"og:description\" content=\"Ajoutez la meilleure application de chatbot AI \u00e0 votre site Wix sans codage. Rationalisez le support client avec une int\u00e9gration facile !\" \/>\n<meta property=\"og:url\" content=\"https:\/\/elfsight.com\/fr\/ai-chatbot-widget\/wix\/\" \/>\n<meta property=\"og:site_name\" content=\"Elfsight FR\" \/>\n<meta property=\"article:modified_time\" content=\"2025-09-23T09:29:46+00:00\" \/>\n<meta name=\"twitter:card\" content=\"summary_large_image\" \/>\n<meta name=\"twitter:label1\" content=\"Dur\u00e9e de lecture estim\u00e9e\" \/>\n\t<meta name=\"twitter:data1\" content=\"4 minutes\" \/>\n<!-- \/ Yoast SEO plugin. -->","yoast_head_json":{"title":"Wix AI Chatbot app \u2013 Ajouter un chatbot AI \u00e0 Wix [GRATUIT]","description":"Ajoutez la meilleure application de chatbot AI \u00e0 votre site Wix sans codage. Rationalisez le support client avec une int\u00e9gration facile !","robots":{"index":"index","follow":"follow","max-snippet":"max-snippet:-1","max-image-preview":"max-image-preview:large","max-video-preview":"max-video-preview:-1"},"canonical":"https:\/\/elfsight.com\/fr\/ai-chatbot-widget\/wix\/","og_locale":"fr_FR","og_type":"article","og_title":"Wix AI Chatbot app \u2013 Ajouter un chatbot AI \u00e0 Wix [GRATUIT]","og_description":"Ajoutez la meilleure application de chatbot AI \u00e0 votre site Wix sans codage. Rationalisez le support client avec une int\u00e9gration facile !","og_url":"https:\/\/elfsight.com\/fr\/ai-chatbot-widget\/wix\/","og_site_name":"Elfsight FR","article_modified_time":"2025-09-23T09:29:46+00:00","twitter_card":"summary_large_image","twitter_misc":{"Dur\u00e9e de lecture estim\u00e9e":"4 minutes"},"schema":{"@context":"https:\/\/schema.org","@graph":[{"@type":"WebPage","@id":"https:\/\/elfsight.com\/fr\/ai-chatbot-widget\/wix\/","url":"https:\/\/elfsight.com\/fr\/ai-chatbot-widget\/wix\/","name":"Wix AI Chatbot app \u2013 Ajouter un chatbot AI \u00e0 Wix [GRATUIT]","isPartOf":{"@id":"https:\/\/elfsight.com\/fr\/#website"},"datePublished":"2024-12-28T06:41:40+00:00","dateModified":"2025-09-23T09:29:46+00:00","description":"Ajoutez la meilleure application de chatbot AI \u00e0 votre site Wix sans codage. Rationalisez le support client avec une int\u00e9gration facile !","breadcrumb":{"@id":"https:\/\/elfsight.com\/fr\/ai-chatbot-widget\/wix\/#breadcrumb"},"inLanguage":"fr-FR","potentialAction":[{"@type":"ReadAction","target":["https:\/\/elfsight.com\/fr\/ai-chatbot-widget\/wix\/"]}]},{"@type":"BreadcrumbList","@id":"https:\/\/elfsight.com\/fr\/ai-chatbot-widget\/wix\/#breadcrumb","itemListElement":[{"@type":"ListItem","position":1,"name":"Home","item":"https:\/\/elfsight.com\/fr\/"},{"@type":"ListItem","position":2,"name":"AI Chatbot","item":"https:\/\/elfsight.com\/fr\/ai-chatbot-widget\/"},{"@type":"ListItem","position":3,"name":"AI Chatbot &#8211; Wix"}]},{"@type":"WebSite","@id":"https:\/\/elfsight.com\/fr\/#website","url":"https:\/\/elfsight.com\/fr\/","name":"Elfsight FR","description":"","potentialAction":[{"@type":"SearchAction","target":{"@type":"EntryPoint","urlTemplate":"https:\/\/elfsight.com\/fr\/?s={search_term_string}"},"query-input":{"@type":"PropertyValueSpecification","valueRequired":true,"valueName":"search_term_string"}}],"inLanguage":"fr-FR"}]}},"meta_box":{"industry":"","seo_heading":"","heading":"","description":"","cta_heading":"","cta_description":"","application":"16084","h1":"Ajouter un chatbot AI \u00e0 votre site Wix","h1_caption":"Cr\u00e9ez le meilleur chatbot AI, sp\u00e9cifiquement form\u00e9 sur les donn\u00e9es de votre entreprise pour automatiser le support client, capturer des prospects et fournir des r\u00e9ponses instantan\u00e9es et pr\u00e9cises sur le site Wix\u201424\/7.","application_category":[],"applications_title":"","applications_request_title":"","applications_request_button_text":"","hero_text":"","hero_video":"","hero_video_schema_markup":"","selling_points_title":"","selling_points_caption":"","selling_points":[],"selling_points_cta_text":"","features_title":"","features":"","ed_cta_examples_text":"","ed_cta_examples_hidden":"","ed_cta_demo_text":"","ed_cta_demo_hidden":"","why_caption":"","why_editor_title":"","why_editor_text":"","why_team_title":"","why_team_text":"","why_service_title":"","why_service_text":"","template_catalog_visible":"0","template_catalog_title":"","template_catalog_text":"","template_catalog_categories_visible":"","demo_title":"Cr\u00e9ez votre application de chatbot AI","demo_caption":"Configurez le chatbot AI et ajoutez-le gratuitement \u00e0 votre site Wix !","default_faq_hidden":"","app_template_category":[],"platform":"345","template_public_id":"","codecanyon_url":"","codecanyon_item_id":"","codecanyon_price":"","pricing_caption":"","pricing_elfsight_apps_hide_column":"","pricing_elfsight_apps_url":"","pricing_codecanyon_price_caption":"","integration_category":[],"integration_request_title":"","integration_request_cta":"","integration_platform":"","integrations":[],"platform_category":[],"video_schema_markup":"","price":"\u00e0 partir de 0 $ \/ mois","trial":"","benefits":[{"text":"Assistance d'installation sans frais"},{"text":"Support premium"},{"text":"Garantie de remboursement de 14 jours"},{"text":"Mises \u00e0 jour gratuites continues"}],"button_url":"#demo","button_target_blank":"0","button_nofollow":"0","attributes":[{"name":"Installations","content":"50,000 - 100,000"},{"name":"R\u00e9actif","content":"Oui"},{"name":"Navigateurs compatibles","content":"Firefox, Safari, Opera, Chrome, Edge"}],"tags":[],"tags_disable_links":"0","hide_more_platforms":"0","video_object":"","demo_hide_cta":"0","demo_hide_cloud_options":"0","pricing_title":"","pricing":[{"pricing_icon":"platform","pricing_title":"Elfsight Apps","pricing_title_caption":"Logiciel ind\u00e9pendant de la plateforme adapt\u00e9 \u00e0 tout site web","pricing_price":"\u00e0 partir de 0 $ \/ mois","pricing_price_caption":"Commencez avec un plan gratuit","pricing_benefits":[{"text":"Sites web illimit\u00e9s"},{"text":"Support premium"},{"text":"Assistance d'installation sans frais"},{"text":"100% personnalisable"}],"pricing_button_text":"Ajouter au site web","pricing_button_url":"#demo"}],"related_apps_title":"","related_apps_hidden":"0","author":"","image":[],"title":"","job":"","social_networks":[]},"_links":{"self":[{"href":"https:\/\/elfsight.com\/fr\/wp-json\/wp\/v2\/pages\/16181","targetHints":{"allow":["GET"]}}],"collection":[{"href":"https:\/\/elfsight.com\/fr\/wp-json\/wp\/v2\/pages"}],"about":[{"href":"https:\/\/elfsight.com\/fr\/wp-json\/wp\/v2\/types\/page"}],"author":[{"embeddable":true,"href":"https:\/\/elfsight.com\/fr\/wp-json\/wp\/v2\/users\/9"}],"replies":[{"embeddable":true,"href":"https:\/\/elfsight.com\/fr\/wp-json\/wp\/v2\/comments?post=16181"}],"version-history":[{"count":2,"href":"https:\/\/elfsight.com\/fr\/wp-json\/wp\/v2\/pages\/16181\/revisions"}],"predecessor-version":[{"id":16709,"href":"https:\/\/elfsight.com\/fr\/wp-json\/wp\/v2\/pages\/16181\/revisions\/16709"}],"up":[{"embeddable":true,"href":"https:\/\/elfsight.com\/fr\/wp-json\/wp\/v2\/pages\/16085"}],"wp:attachment":[{"href":"https:\/\/elfsight.com\/fr\/wp-json\/wp\/v2\/media?parent=16181"}],"curies":[{"name":"wp","href":"https:\/\/api.w.org\/{rel}","templated":true}]}}