{"id":16180,"date":"2024-12-28T06:45:53","date_gmt":"2024-12-28T06:45:53","guid":{"rendered":"https:\/\/elfsight.com\/fr\/?page_id=16180"},"modified":"2025-07-09T09:44:50","modified_gmt":"2025-07-09T09:44:50","slug":"html","status":"publish","type":"page","link":"https:\/\/elfsight.com\/fr\/ai-chatbot-widget\/html\/","title":{"rendered":"AI Chatbot &#8211; HTML"},"content":{"rendered":"<div class=\"application-platform-content-item-description application-platform-content-item\" id=\"description\" data-nav-section=\"description\"><h2>Int\u00e9grez un chatbot IA sur HTML avec le widget Elfsight!<\/h2> <p>Cr\u00e9ez un chatbot IA de premier ordre pour votre site Web HTML, sp\u00e9cifiquement form\u00e9 sur votre base de connaissances, vos fichiers de support ou vos FAQ pour les clients. Permettez-lui d&rsquo;apprendre et d&rsquo;\u00e9voluer, en envoyant des messages personnalis\u00e9s pour am\u00e9liorer l&rsquo;engagement des utilisateurs au quotidien.<\/p> <p>Rationalisez les t\u00e2ches de service client, r\u00e9duisez les d\u00e9lais de r\u00e9ponse et g\u00e9n\u00e9rez efficacement des prospects sans effort manuel. Offrez une assistance 24\/7, afin que vos clients puissent trouver les r\u00e9ponses dont ils ont besoin, \u00e0 toute heure et de n&rsquo;importe quel endroit!<\/p> <p><b>Ajoutez un assistant IA pour fournir des r\u00e9ponses rapides, r\u00e9soudre des probl\u00e8mes et augmenter vos ventes!<\/b><\/p> <\/div><div class=\"application-platform-content-item-features application-platform-content-item\" id=\"features\" data-nav-section=\"features\"> <h2>Voici les fonctionnalit\u00e9s de base du widget:<\/h2> <ul><li><b>Automatisez votre communication avec les clients.<\/b> Rationalisez les r\u00e9ponses, offrez une disponibilit\u00e9 24\/7 et am\u00e9liorez l&rsquo;efficacit\u00e9 avec une configuration minimale \u2013 g\u00e9rez facilement des chats et des utilisateurs illimit\u00e9s!<\/li><li><b>Cr\u00e9ez une exp\u00e9rience personnalis\u00e9e.<\/b> Faites en sorte que chaque client se sente appr\u00e9ci\u00e9 et cr\u00e9ez la meilleure exp\u00e9rience avec des r\u00e9ponses personnalis\u00e9es, des appels par nom, un suivi de l&rsquo;historique des chats et des communications de suivi.<\/li><li><b>Formez le chatbot avec les donn\u00e9es de l&rsquo;entreprise.<\/b> Donnez au chatbot IA votre expertise sp\u00e9cialis\u00e9e en t\u00e9l\u00e9chargeant des documents, en ajoutant des ensembles de Q&amp;A et en utilisant les informations de votre site pour le g\u00e9n\u00e9rateur d&rsquo;instructions, garantissant des r\u00e9ponses pr\u00e9cises et pertinentes adapt\u00e9es \u00e0 votre contexte commercial.<\/li><li><b>Obtenez des informations sur les clients par e-mail.<\/b> Restez inform\u00e9 et collectez des informations importantes en recevant directement les transcriptions compl\u00e8tes des chats dans votre bo\u00eete de r\u00e9ception, comprenant des d\u00e9tails de contact essentiels pour la g\u00e9n\u00e9ration de prospects et l&rsquo;am\u00e9lioration du service.<\/li><li><b>Explorez une large gamme de mod\u00e8les.<\/b> Configurez votre chatbot IA rapidement avec notre collection de mod\u00e8les pr\u00e9configur\u00e9s. Ils sont con\u00e7us pour diverses industries et fonctions, chacun avec des ensembles d&rsquo;instructions personnalis\u00e9s pour des r\u00e9sultats imm\u00e9diats.<\/li><\/ul><p><a href=\"#demo\">Examinez toutes les options de personnalisation dans un configurateur 100% fonctionnel<\/a><\/p> <\/div> <div class=\"application-platform-content-item-installation application-platform-content-item\" id=\"installation\" data-nav-section=\"installation\"> <h2>Comment ajouter le widget Chatbot IA \u00e0 HTML?<\/h2> <p>Si vous souhaitez ajouter le Chatbot IA \u00e0 votre site Web HTML, suivez ces \u00e9tapes:<\/p> <ol><li><b>Personnalisez le widget.<\/b><br> S\u00e9lectionnez un mod\u00e8le pr\u00eat \u00e0 l&#8217;emploi pour commencer. Ensuite, vous pouvez former votre chatbot, configurer la fonctionnalit\u00e9 et modifier son apparence en fonction des besoins de votre entreprise.<\/li><li><b>Obtenez le code d&rsquo;int\u00e9gration.<\/b><br> Enregistrez les r\u00e9sultats finaux et copiez le code d&rsquo;int\u00e9gration fourni.<\/li><li><b>Ajoutez le code \u00e0 votre constructeur de site Web.<\/b><br> Allez dans le tableau de bord d&rsquo;administration de votre site, collez le code court dans la section choisie et rafra\u00eechissez la page. C&rsquo;est tout!<\/li> <\/ol><p>Si vous rencontrez des obstacles, n&rsquo;h\u00e9sitez pas \u00e0 contacter notre \u00e9quipe de service client. Nos collaborateurs sont impatients de vous aider avec tous les probl\u00e8mes que vous pourriez rencontrer avec le widget.<\/p><div class=\"faq\" data-component=\"FAQ\"><div class=\"faq-item\">\r\n\t\t\t\t\t<div class=\"faq-item-question\">\r\n\t\t\t\t\t\t<h3 class=\"faq-item-question-text\">Comment ajouter mes informations commerciales au widget Chatbot IA?<\/h3>\r\n\r\n\t\t\t\t\t\t<div class=\"faq-item-question-icon\"><\/div>\r\n\t\t\t\t\t<\/div>\r\n\r\n\t\t\t\t\t<div class=\"faq-item-answer\">\r\n\t\t\t\t\t\t<div class=\"faq-item-answer-text\"><p>Pour ajouter vos donn\u00e9es, acc\u00e9dez \u00e0 l&rsquo;onglet \u00ab\u00a0Formation\u00a0\u00bb et s\u00e9lectionnez l&rsquo;un des formats disponibles: fichiers de documents, ensembles sp\u00e9cifiques de Q&amp;A ou blocs de texte simples.<\/p> <\/div>\r\n\t\t\t\t\t<\/div>\r\n\t\t\t\t<\/div> <div class=\"faq-item\">\r\n\t\t\t\t\t<div class=\"faq-item-question\">\r\n\t\t\t\t\t\t<h3 class=\"faq-item-question-text\">Comment cr\u00e9er des r\u00e9ponses rapides pour le Chatbot IA?<\/h3>\r\n\r\n\t\t\t\t\t\t<div class=\"faq-item-question-icon\"><\/div>\r\n\t\t\t\t\t<\/div>\r\n\r\n\t\t\t\t\t<div class=\"faq-item-answer\">\r\n\t\t\t\t\t\t<div class=\"faq-item-answer-text\"><p>Vous pouvez les ajouter directement dans l&rsquo;\u00e9diteur du Chatbot IA dans la section \u00ab\u00a0Salutation\u00a0\u00bb. Vous trouverez le champ o\u00f9 vous pourrez saisir un message d&rsquo;ouverture captivant ou une question populaire.<\/p> <\/div>\r\n\t\t\t\t\t<\/div>\r\n\t\t\t\t<\/div> <div class=\"faq-item\">\r\n\t\t\t\t\t<div class=\"faq-item-question\">\r\n\t\t\t\t\t\t<h3 class=\"faq-item-question-text\">Qu'est-ce qui rend le widget Chatbot IA Elfsight le meilleur pour mon site Web HTML?<\/h3>\r\n\r\n\t\t\t\t\t\t<div class=\"faq-item-question-icon\"><\/div>\r\n\t\t\t\t\t<\/div>\r\n\r\n\t\t\t\t\t<div class=\"faq-item-answer\">\r\n\t\t\t\t\t\t<div class=\"faq-item-answer-text\"> <p>Le widget Chatbot IA est une solution de chat sans code aliment\u00e9e par la technologie IA la plus avanc\u00e9e, pr\u00eate \u00e0 \u00eatre form\u00e9e avec les informations de votre entreprise. Avec une interface intuitive et plusieurs param\u00e8tres de personnalisation, vous pouvez garantir un service client 24\/7 avec une exp\u00e9rience personnalis\u00e9e et rester toujours en contr\u00f4le avec des rapports continus. D\u00e9couvrez par vous-m\u00eame combien il est facile et rapide avec Elfsight!<\/p> <\/div>\r\n\t\t\t\t\t<\/div>\r\n\t\t\t\t<\/div><\/div> <\/div> ","protected":false},"excerpt":{"rendered":"","protected":false},"author":9,"featured_media":0,"parent":16085,"menu_order":0,"comment_status":"closed","ping_status":"closed","template":"templates\/template-application-platform.php","meta":{"publish_to_discourse":"","publish_post_category":"","wpdc_auto_publish_overridden":"","wpdc_topic_tags":"","wpdc_pin_topic":"","wpdc_pin_until":"","discourse_post_id":"","discourse_permalink":"","wpdc_publishing_response":"","wpdc_publishing_error":"","footnotes":""},"class_list":["post-16180","page","type-page","status-publish","hentry"],"yoast_head":"<!-- This site is optimized with the Yoast SEO plugin v25.3.1 - https:\/\/yoast.com\/wordpress\/plugins\/seo\/ -->\n<title>HTML AI Chatbot widget \u2013 Ajouter un chatbot AI \u00e0 HTML [GRATUIT]<\/title>\n<meta name=\"description\" content=\"Ajoutez le meilleur widget de chatbot AI \u00e0 votre site HTML sans codage. Rationalisez le service client avec une int\u00e9gration rapide !\" \/>\n<meta name=\"robots\" content=\"index, follow, max-snippet:-1, max-image-preview:large, max-video-preview:-1\" \/>\n<link rel=\"canonical\" href=\"https:\/\/elfsight.com\/fr\/ai-chatbot-widget\/html\/\" \/>\n<meta property=\"og:locale\" content=\"fr_FR\" \/>\n<meta property=\"og:type\" content=\"article\" \/>\n<meta property=\"og:title\" content=\"HTML AI Chatbot widget \u2013 Ajouter un chatbot AI \u00e0 HTML [GRATUIT]\" \/>\n<meta property=\"og:description\" content=\"Ajoutez le meilleur widget de chatbot AI \u00e0 votre site HTML sans codage. Rationalisez le service client avec une int\u00e9gration rapide !\" \/>\n<meta property=\"og:url\" content=\"https:\/\/elfsight.com\/fr\/ai-chatbot-widget\/html\/\" \/>\n<meta property=\"og:site_name\" content=\"Elfsight FR\" \/>\n<meta property=\"article:modified_time\" content=\"2025-07-09T09:44:50+00:00\" \/>\n<meta name=\"twitter:card\" content=\"summary_large_image\" \/>\n<meta name=\"twitter:label1\" content=\"Dur\u00e9e de lecture estim\u00e9e\" \/>\n\t<meta name=\"twitter:data1\" content=\"4 minutes\" \/>\n<!-- \/ Yoast SEO plugin. -->","yoast_head_json":{"title":"HTML AI Chatbot widget \u2013 Ajouter un chatbot AI \u00e0 HTML [GRATUIT]","description":"Ajoutez le meilleur widget de chatbot AI \u00e0 votre site HTML sans codage. Rationalisez le service client avec une int\u00e9gration rapide !","robots":{"index":"index","follow":"follow","max-snippet":"max-snippet:-1","max-image-preview":"max-image-preview:large","max-video-preview":"max-video-preview:-1"},"canonical":"https:\/\/elfsight.com\/fr\/ai-chatbot-widget\/html\/","og_locale":"fr_FR","og_type":"article","og_title":"HTML AI Chatbot widget \u2013 Ajouter un chatbot AI \u00e0 HTML [GRATUIT]","og_description":"Ajoutez le meilleur widget de chatbot AI \u00e0 votre site HTML sans codage. Rationalisez le service client avec une int\u00e9gration rapide !","og_url":"https:\/\/elfsight.com\/fr\/ai-chatbot-widget\/html\/","og_site_name":"Elfsight FR","article_modified_time":"2025-07-09T09:44:50+00:00","twitter_card":"summary_large_image","twitter_misc":{"Dur\u00e9e de lecture estim\u00e9e":"4 minutes"},"schema":{"@context":"https:\/\/schema.org","@graph":[{"@type":"WebPage","@id":"https:\/\/elfsight.com\/fr\/ai-chatbot-widget\/html\/","url":"https:\/\/elfsight.com\/fr\/ai-chatbot-widget\/html\/","name":"HTML AI Chatbot widget \u2013 Ajouter un chatbot AI \u00e0 HTML [GRATUIT]","isPartOf":{"@id":"https:\/\/elfsight.com\/fr\/#website"},"datePublished":"2024-12-28T06:45:53+00:00","dateModified":"2025-07-09T09:44:50+00:00","description":"Ajoutez le meilleur widget de chatbot AI \u00e0 votre site HTML sans codage. Rationalisez le service client avec une int\u00e9gration rapide !","breadcrumb":{"@id":"https:\/\/elfsight.com\/fr\/ai-chatbot-widget\/html\/#breadcrumb"},"inLanguage":"fr-FR","potentialAction":[{"@type":"ReadAction","target":["https:\/\/elfsight.com\/fr\/ai-chatbot-widget\/html\/"]}]},{"@type":"BreadcrumbList","@id":"https:\/\/elfsight.com\/fr\/ai-chatbot-widget\/html\/#breadcrumb","itemListElement":[{"@type":"ListItem","position":1,"name":"Home","item":"https:\/\/elfsight.com\/fr\/"},{"@type":"ListItem","position":2,"name":"AI Chatbot","item":"https:\/\/elfsight.com\/fr\/ai-chatbot-widget\/"},{"@type":"ListItem","position":3,"name":"AI Chatbot &#8211; HTML"}]},{"@type":"WebSite","@id":"https:\/\/elfsight.com\/fr\/#website","url":"https:\/\/elfsight.com\/fr\/","name":"Elfsight FR","description":"","potentialAction":[{"@type":"SearchAction","target":{"@type":"EntryPoint","urlTemplate":"https:\/\/elfsight.com\/fr\/?s={search_term_string}"},"query-input":{"@type":"PropertyValueSpecification","valueRequired":true,"valueName":"search_term_string"}}],"inLanguage":"fr-FR"}]}},"meta_box":{"industry":"","seo_heading":"","heading":"","description":"","cta_heading":"","cta_description":"","application":"16084","h1":"Ajouter un chatbot AI \u00e0 votre site HTML","h1_caption":"Cr\u00e9ez le meilleur chatbot AI, sp\u00e9cifiquement form\u00e9 sur les donn\u00e9es de votre entreprise pour automatiser le support client, capturer des prospects et fournir des r\u00e9ponses instantan\u00e9es et pr\u00e9cises sur le site HTML\u201424\/7.","application_category":[],"applications_title":"","applications_request_title":"","applications_request_button_text":"","hero_text":"","hero_video":"","hero_video_schema_markup":"","selling_points_title":"","selling_points_caption":"","selling_points":[],"selling_points_cta_text":"","features_title":"","features":"","ed_cta_examples_text":"","ed_cta_examples_hidden":"","ed_cta_demo_text":"","ed_cta_demo_hidden":"","why_caption":"","why_editor_title":"","why_editor_text":"","why_team_title":"","why_team_text":"","why_service_title":"","why_service_text":"","template_catalog_visible":"","template_catalog_title":"","template_catalog_text":"","template_catalog_categories_visible":"","demo_title":"Cr\u00e9ez votre widget de chatbot AI","demo_caption":"Configurez le chatbot AI et ajoutez-le gratuitement \u00e0 votre site HTML !","default_faq_hidden":"","app_template_category":[],"platform":"352","template_public_id":"","codecanyon_url":"","codecanyon_item_id":"","codecanyon_price":"","pricing_caption":"","pricing_elfsight_apps_hide_column":"","pricing_elfsight_apps_url":"","pricing_codecanyon_price_caption":"","integration_category":[],"integration_request_title":"","integration_request_cta":"","integration_platform":"","integrations":[],"platform_category":[],"video_schema_markup":"","price":"\u00e0 partir de 0 $ \/ mois","trial":"","benefits":[{"text":"Assistance d'installation gratuite"},{"text":"Support client exp\u00e9riment\u00e9"},{"text":"Garantie de remboursement de 14 jours"},{"text":"D\u00e9veloppement continu"},{"text":""}],"button_url":"#demo","button_target_blank":"","button_nofollow":"","attributes":[{"name":"Installations","content":"50,000 - 100,000"},{"name":"R\u00e9actif","content":"Oui"},{"name":"Navigateurs compatibles","content":"Firefox, Safari, Opera, Chrome, Edge"}],"tags":[],"tags_disable_links":"","hide_more_platforms":"","video_object":"","demo_hide_cta":"","demo_hide_cloud_options":"","pricing_title":"","pricing":[{"pricing_icon":"platform","pricing_title":"Elfsight Apps","pricing_title_caption":"Version multiplateforme adapt\u00e9e \u00e0 tout site web","pricing_price":"\u00e0 partir de 0 $ \/ mois","pricing_price_caption":"Commencez avec un plan gratuit","pricing_benefits":[{"text":"Sites web illimit\u00e9s"},{"text":"Support professionnel"},{"text":"Support d'installation sans frais"},{"text":"Design flexible"}],"pricing_button_text":"Ajouter au site web","pricing_button_url":"#demo"}],"related_apps_title":"","related_apps_hidden":"","author":"","image":[],"title":"","job":"","social_networks":[]},"_links":{"self":[{"href":"https:\/\/elfsight.com\/fr\/wp-json\/wp\/v2\/pages\/16180","targetHints":{"allow":["GET"]}}],"collection":[{"href":"https:\/\/elfsight.com\/fr\/wp-json\/wp\/v2\/pages"}],"about":[{"href":"https:\/\/elfsight.com\/fr\/wp-json\/wp\/v2\/types\/page"}],"author":[{"embeddable":true,"href":"https:\/\/elfsight.com\/fr\/wp-json\/wp\/v2\/users\/9"}],"replies":[{"embeddable":true,"href":"https:\/\/elfsight.com\/fr\/wp-json\/wp\/v2\/comments?post=16180"}],"version-history":[{"count":1,"href":"https:\/\/elfsight.com\/fr\/wp-json\/wp\/v2\/pages\/16180\/revisions"}],"predecessor-version":[{"id":16184,"href":"https:\/\/elfsight.com\/fr\/wp-json\/wp\/v2\/pages\/16180\/revisions\/16184"}],"up":[{"embeddable":true,"href":"https:\/\/elfsight.com\/fr\/wp-json\/wp\/v2\/pages\/16085"}],"wp:attachment":[{"href":"https:\/\/elfsight.com\/fr\/wp-json\/wp\/v2\/media?parent=16180"}],"curies":[{"name":"wp","href":"https:\/\/api.w.org\/{rel}","templated":true}]}}