{"id":16171,"date":"2024-12-28T08:02:33","date_gmt":"2024-12-28T08:02:33","guid":{"rendered":"https:\/\/elfsight.com\/fr\/?page_id=16171"},"modified":"2025-07-09T09:44:40","modified_gmt":"2025-07-09T09:44:40","slug":"google-sites","status":"publish","type":"page","link":"https:\/\/elfsight.com\/fr\/ai-chatbot-widget\/google-sites\/","title":{"rendered":"AI Chatbot &#8211; Google Sites"},"content":{"rendered":"<div class=\"application-platform-content-item-description application-platform-content-item\" id=\"description\" data-nav-section=\"description\"><h2>Int\u00e9grer un chatbot IA sur Google Sites avec le plugin Elfsight !<\/h2><p>Cr\u00e9ez un chatbot IA de premier ordre pour votre site Google Sites, sp\u00e9cifiquement form\u00e9 sur votre base de connaissances, vos ressources de support ou vos FAQ courantes. Permettez-lui d&rsquo;apprendre et de s&rsquo;adapter, en envoyant des messages personnalis\u00e9s pour mieux servir vos utilisateurs chaque jour.<\/p><p>Automatisez sans effort les t\u00e2ches de service client, r\u00e9duisez les d\u00e9lais de r\u00e9ponse et capturez efficacement des prospects sans intervention manuelle. Offrez une assistance ininterrompue, en garantissant aux clients d&rsquo;obtenir les informations dont ils ont besoin, \u00e0 tout moment et de n&rsquo;importe o\u00f9 !<\/p><p><b>Ajoutez un assistant IA pour r\u00e9pondre aux questions, r\u00e9soudre les dilemmes et am\u00e9liorer vos ventes !<\/b><\/p> <\/div><div class=\"application-platform-content-item-features application-platform-content-item\" id=\"features\" data-nav-section=\"features\"><h2>Voici quelques-unes des nombreuses fonctionnalit\u00e9s du plugin :<\/h2><ul><li><b>Automatisez vos interactions avec les clients.<\/b> Simplifiez les r\u00e9ponses, offrez une disponibilit\u00e9 24\/7 et augmentez l&rsquo;efficacit\u00e9 avec une configuration minimale\u2014g\u00e9rez des chats et des utilisateurs illimit\u00e9s en toute transparence !<\/li><li><b>Offrez une exp\u00e9rience personnalis\u00e9e.<\/b> Faites en sorte que chaque client se sente important et cr\u00e9ez la meilleure exp\u00e9rience avec des r\u00e9ponses personnalis\u00e9es, des salutations, le suivi des conversations pr\u00e9c\u00e9dentes et des communications de suivi.<\/li><li><b>Formez le chatbot avec des informations d&rsquo;entreprise.<\/b> Donnez au chatbot IA votre expertise sp\u00e9cifique en t\u00e9l\u00e9chargeant des documents, en cr\u00e9ant des ensembles de questions-r\u00e9ponses et en utilisant les informations de votre site pour le g\u00e9n\u00e9rateur d&rsquo;instructions, garantissant des r\u00e9ponses pr\u00e9cises et adapt\u00e9es \u00e0 votre entreprise.<\/li><li><b>Obtenez des informations clients dans votre e-mail.<\/b> Restez inform\u00e9 et collectez des informations essentielles en recevant directement les transcriptions compl\u00e8tes des chats dans votre bo\u00eete de r\u00e9ception, avec des informations de contact cruciales pour la g\u00e9n\u00e9ration de prospects et l&rsquo;optimisation du service.<\/li><li><b>D\u00e9couvrez une large gamme de mod\u00e8les.<\/b> Lancez votre chatbot IA en un rien de temps avec notre collection de mod\u00e8les pr\u00eats \u00e0 l&#8217;emploi. Ils r\u00e9pondent \u00e0 divers secteurs et fonctions, chacun avec des ensembles d&rsquo;instructions adapt\u00e9s pour des r\u00e9sultats imm\u00e9diats.<\/li><\/ul><p><a href=\"#demo\">Essayez ce configurateur pour voir comment il fonctionne<\/a><\/p> <\/div><div class=\"application-platform-content-item-installation application-platform-content-item\" id=\"installation\" data-nav-section=\"installation\"><h2>Comment ajouter le plugin chatbot IA \u00e0 Google Sites ?<\/h2><p>Si vous souhaitez ajouter le chatbot IA \u00e0 votre site Google Sites, proc\u00e9dez comme suit :<\/p><ol><li><b>Personnalisez le plugin.<\/b><br> Commencez par choisir un mod\u00e8le pr\u00eat \u00e0 l&#8217;emploi. Ensuite, vous pouvez entra\u00eener votre chatbot, configurer les fonctionnalit\u00e9s et modifier son apparence en fonction de vos objectifs commerciaux.<\/li><li><b>Obtenez le code d&rsquo;int\u00e9gration.<\/b><br> Enregistrez votre travail termin\u00e9 et copiez le code d&rsquo;int\u00e9gration fourni.<\/li><li><b>Ajoutez le code \u00e0 l&rsquo;\u00e9diteur de votre site.<\/b><br> Allez dans l&rsquo;interface d&rsquo;administration de votre site, collez le code l\u00e0 o\u00f9 n\u00e9cessaire, et actualisez la page. C&rsquo;est tout !<\/li><\/ol><p>En cas de complications, n&rsquo;h\u00e9sitez pas \u00e0 contacter notre \u00e9quipe de support. Nos sp\u00e9cialistes se feront un plaisir de r\u00e9soudre tous les probl\u00e8mes que vous pourriez rencontrer avec le plugin.<\/p><div class=\"faq\" data-component=\"FAQ\"><div class=\"faq-item\">\r\n\t\t\t\t\t<div class=\"faq-item-question\">\r\n\t\t\t\t\t\t<h3 class=\"faq-item-question-text\">Comment ajouter mes informations professionnelles au plugin chatbot IA ?<\/h3>\r\n\r\n\t\t\t\t\t\t<div class=\"faq-item-question-icon\"><\/div>\r\n\t\t\t\t\t<\/div>\r\n\r\n\t\t\t\t\t<div class=\"faq-item-answer\">\r\n\t\t\t\t\t\t<div class=\"faq-item-answer-text\"><p>Pour t\u00e9l\u00e9charger vos donn\u00e9es, acc\u00e9dez \u00e0 l&rsquo;onglet du menu \u00ab\u00a0Formation\u00a0\u00bb et choisissez l&rsquo;un des formats disponibles : fichiers documents, ensembles de Q&amp;R sp\u00e9cifiques ou blocs de texte simples.<\/p> <\/div>\r\n\t\t\t\t\t<\/div>\r\n\t\t\t\t<\/div><div class=\"faq-item\">\r\n\t\t\t\t\t<div class=\"faq-item-question\">\r\n\t\t\t\t\t\t<h3 class=\"faq-item-question-text\">Comment cr\u00e9er des r\u00e9ponses rapides pour le chatbot IA ?<\/h3>\r\n\r\n\t\t\t\t\t\t<div class=\"faq-item-question-icon\"><\/div>\r\n\t\t\t\t\t<\/div>\r\n\r\n\t\t\t\t\t<div class=\"faq-item-answer\">\r\n\t\t\t\t\t\t<div class=\"faq-item-answer-text\"><p>Vous pouvez les ajouter directement dans le configurateur du chatbot IA dans l&rsquo;onglet \u00ab\u00a0Accueil\u00a0\u00bb. Vous d\u00e9couvrirez le champ o\u00f9 vous pouvez saisir un excellent d\u00e9but de conversation ou une question populaire.<\/p> <\/div>\r\n\t\t\t\t\t<\/div>\r\n\t\t\t\t<\/div><div class=\"faq-item\">\r\n\t\t\t\t\t<div class=\"faq-item-question\">\r\n\t\t\t\t\t\t<h3 class=\"faq-item-question-text\">Qu'est-ce qui rend le plugin chatbot IA Elfsight le meilleur pour mon site Google Sites ?<\/h3>\r\n\r\n\t\t\t\t\t\t<div class=\"faq-item-question-icon\"><\/div>\r\n\t\t\t\t\t<\/div>\r\n\r\n\t\t\t\t\t<div class=\"faq-item-answer\">\r\n\t\t\t\t\t\t<div class=\"faq-item-answer-text\"><p>Le plugin chatbot IA est une solution de chat sans code aliment\u00e9e par la technologie IA la plus avanc\u00e9e, pr\u00eate \u00e0 \u00eatre form\u00e9e avec les informations de votre organisation. Avec une interface intuitive et plusieurs options de personnalisation, vous pouvez garantir une assistance client 24\/7 avec une exp\u00e9rience personnalis\u00e9e et toujours rester inform\u00e9 gr\u00e2ce \u00e0 des rapports continus. D\u00e9couvrez par vous-m\u00eame \u00e0 quel point cela peut \u00eatre simple et rapide avec Elfsight !<\/p> <\/div>\r\n\t\t\t\t\t<\/div>\r\n\t\t\t\t<\/div><\/div> <\/div> ","protected":false},"excerpt":{"rendered":"","protected":false},"author":9,"featured_media":0,"parent":16085,"menu_order":0,"comment_status":"closed","ping_status":"closed","template":"templates\/template-application-platform.php","meta":{"publish_to_discourse":"","publish_post_category":"","wpdc_auto_publish_overridden":"","wpdc_topic_tags":"","wpdc_pin_topic":"","wpdc_pin_until":"","discourse_post_id":"","discourse_permalink":"","wpdc_publishing_response":"","wpdc_publishing_error":"","footnotes":""},"class_list":["post-16171","page","type-page","status-publish","hentry"],"yoast_head":"<!-- This site is optimized with the Yoast SEO plugin v25.3.1 - https:\/\/yoast.com\/wordpress\/plugins\/seo\/ -->\n<title>Google Sites AI Chatbot plugin \u2013 Ajouter un chatbot AI \u00e0 Google Sites [GRATUIT]<\/title>\n<meta name=\"description\" content=\"Ajoutez le meilleur plugin de chatbot AI \u00e0 votre site Google Sites sans codage. Automatisez le support client avec une int\u00e9gration rapide !\" \/>\n<meta name=\"robots\" content=\"index, follow, max-snippet:-1, max-image-preview:large, max-video-preview:-1\" \/>\n<link rel=\"canonical\" href=\"https:\/\/elfsight.com\/fr\/ai-chatbot-widget\/google-sites\/\" \/>\n<meta property=\"og:locale\" content=\"fr_FR\" \/>\n<meta property=\"og:type\" content=\"article\" \/>\n<meta property=\"og:title\" content=\"Google Sites AI Chatbot plugin \u2013 Ajouter un chatbot AI \u00e0 Google Sites [GRATUIT]\" \/>\n<meta property=\"og:description\" content=\"Ajoutez le meilleur plugin de chatbot AI \u00e0 votre site Google Sites sans codage. Automatisez le support client avec une int\u00e9gration rapide !\" \/>\n<meta property=\"og:url\" content=\"https:\/\/elfsight.com\/fr\/ai-chatbot-widget\/google-sites\/\" \/>\n<meta property=\"og:site_name\" content=\"Elfsight FR\" \/>\n<meta property=\"article:modified_time\" content=\"2025-07-09T09:44:40+00:00\" \/>\n<meta name=\"twitter:card\" content=\"summary_large_image\" \/>\n<meta name=\"twitter:label1\" content=\"Dur\u00e9e de lecture estim\u00e9e\" \/>\n\t<meta name=\"twitter:data1\" content=\"4 minutes\" \/>\n<!-- \/ Yoast SEO plugin. -->","yoast_head_json":{"title":"Google Sites AI Chatbot plugin \u2013 Ajouter un chatbot AI \u00e0 Google Sites [GRATUIT]","description":"Ajoutez le meilleur plugin de chatbot AI \u00e0 votre site Google Sites sans codage. Automatisez le support client avec une int\u00e9gration rapide !","robots":{"index":"index","follow":"follow","max-snippet":"max-snippet:-1","max-image-preview":"max-image-preview:large","max-video-preview":"max-video-preview:-1"},"canonical":"https:\/\/elfsight.com\/fr\/ai-chatbot-widget\/google-sites\/","og_locale":"fr_FR","og_type":"article","og_title":"Google Sites AI Chatbot plugin \u2013 Ajouter un chatbot AI \u00e0 Google Sites [GRATUIT]","og_description":"Ajoutez le meilleur plugin de chatbot AI \u00e0 votre site Google Sites sans codage. Automatisez le support client avec une int\u00e9gration rapide !","og_url":"https:\/\/elfsight.com\/fr\/ai-chatbot-widget\/google-sites\/","og_site_name":"Elfsight FR","article_modified_time":"2025-07-09T09:44:40+00:00","twitter_card":"summary_large_image","twitter_misc":{"Dur\u00e9e de lecture estim\u00e9e":"4 minutes"},"schema":{"@context":"https:\/\/schema.org","@graph":[{"@type":"WebPage","@id":"https:\/\/elfsight.com\/fr\/ai-chatbot-widget\/google-sites\/","url":"https:\/\/elfsight.com\/fr\/ai-chatbot-widget\/google-sites\/","name":"Google Sites AI Chatbot plugin \u2013 Ajouter un chatbot AI \u00e0 Google Sites [GRATUIT]","isPartOf":{"@id":"https:\/\/elfsight.com\/fr\/#website"},"datePublished":"2024-12-28T08:02:33+00:00","dateModified":"2025-07-09T09:44:40+00:00","description":"Ajoutez le meilleur plugin de chatbot AI \u00e0 votre site Google Sites sans codage. Automatisez le support client avec une int\u00e9gration rapide !","breadcrumb":{"@id":"https:\/\/elfsight.com\/fr\/ai-chatbot-widget\/google-sites\/#breadcrumb"},"inLanguage":"fr-FR","potentialAction":[{"@type":"ReadAction","target":["https:\/\/elfsight.com\/fr\/ai-chatbot-widget\/google-sites\/"]}]},{"@type":"BreadcrumbList","@id":"https:\/\/elfsight.com\/fr\/ai-chatbot-widget\/google-sites\/#breadcrumb","itemListElement":[{"@type":"ListItem","position":1,"name":"Home","item":"https:\/\/elfsight.com\/fr\/"},{"@type":"ListItem","position":2,"name":"AI Chatbot","item":"https:\/\/elfsight.com\/fr\/ai-chatbot-widget\/"},{"@type":"ListItem","position":3,"name":"AI Chatbot &#8211; Google Sites"}]},{"@type":"WebSite","@id":"https:\/\/elfsight.com\/fr\/#website","url":"https:\/\/elfsight.com\/fr\/","name":"Elfsight FR","description":"","potentialAction":[{"@type":"SearchAction","target":{"@type":"EntryPoint","urlTemplate":"https:\/\/elfsight.com\/fr\/?s={search_term_string}"},"query-input":{"@type":"PropertyValueSpecification","valueRequired":true,"valueName":"search_term_string"}}],"inLanguage":"fr-FR"}]}},"meta_box":{"industry":"","seo_heading":"","heading":"","description":"","cta_heading":"","cta_description":"","application":"16084","h1":"Ajouter un chatbot AI \u00e0 votre site Google Sites","h1_caption":"Cr\u00e9ez le meilleur chatbot AI, sp\u00e9cifiquement form\u00e9 sur les donn\u00e9es de votre entreprise pour automatiser le support client, capturer des prospects et fournir des r\u00e9ponses instantan\u00e9es et pr\u00e9cises sur le site Google Sites\u201424\/7.","application_category":[],"applications_title":"","applications_request_title":"","applications_request_button_text":"","hero_text":"","hero_video":"","hero_video_schema_markup":"","selling_points_title":"","selling_points_caption":"","selling_points":[],"selling_points_cta_text":"","features_title":"","features":"","ed_cta_examples_text":"","ed_cta_examples_hidden":"","ed_cta_demo_text":"","ed_cta_demo_hidden":"","why_caption":"","why_editor_title":"","why_editor_text":"","why_team_title":"","why_team_text":"","why_service_title":"","why_service_text":"","template_catalog_visible":"","template_catalog_title":"","template_catalog_text":"","template_catalog_categories_visible":"","demo_title":"Cr\u00e9ez votre plugin de chatbot AI","demo_caption":"Configurez le chatbot AI et ajoutez-le gratuitement \u00e0 votre site Google Sites !","default_faq_hidden":"","app_template_category":[],"platform":"423","template_public_id":"","codecanyon_url":"","codecanyon_item_id":"","codecanyon_price":"","pricing_caption":"","pricing_elfsight_apps_hide_column":"","pricing_elfsight_apps_url":"","pricing_codecanyon_price_caption":"","integration_category":[],"integration_request_title":"","integration_request_cta":"","integration_platform":"","integrations":[],"platform_category":[],"video_schema_markup":"","price":"\u00e0 partir de 0 $ \/ mois","trial":"","benefits":[{"text":"Service d'installation sans frais"},{"text":"Service client efficace"},{"text":"Garantie de remboursement de 14 jours"},{"text":"Mises \u00e0 jour constantes"},{"text":""}],"button_url":"#demo","button_target_blank":"","button_nofollow":"","attributes":[{"name":"Installations","content":"50,000 - 100,000"},{"name":"R\u00e9actif","content":"Oui"},{"name":"Navigateurs compatibles","content":"Firefox, Safari, Opera, Chrome, Edge"}],"tags":[],"tags_disable_links":"","hide_more_platforms":"","video_object":"","demo_hide_cta":"","demo_hide_cloud_options":"","pricing_title":"","pricing":[{"pricing_icon":"platform","pricing_title":"Elfsight Apps","pricing_title_caption":"Version multiplateforme adapt\u00e9e \u00e0 tout site web","pricing_price":"\u00e0 partir de 0 $ \/ mois","pricing_price_caption":"Commencez avec un plan gratuit","pricing_benefits":[{"text":"Sites web illimit\u00e9s"},{"text":"Support entreprise premium"},{"text":"Service d'installation gratuite"},{"text":"100% personnalisable"}],"pricing_button_text":"Ajouter au site web","pricing_button_url":"#demo"}],"related_apps_title":"","related_apps_hidden":"","author":"","image":[],"title":"","job":"","social_networks":[]},"_links":{"self":[{"href":"https:\/\/elfsight.com\/fr\/wp-json\/wp\/v2\/pages\/16171","targetHints":{"allow":["GET"]}}],"collection":[{"href":"https:\/\/elfsight.com\/fr\/wp-json\/wp\/v2\/pages"}],"about":[{"href":"https:\/\/elfsight.com\/fr\/wp-json\/wp\/v2\/types\/page"}],"author":[{"embeddable":true,"href":"https:\/\/elfsight.com\/fr\/wp-json\/wp\/v2\/users\/9"}],"replies":[{"embeddable":true,"href":"https:\/\/elfsight.com\/fr\/wp-json\/wp\/v2\/comments?post=16171"}],"version-history":[{"count":1,"href":"https:\/\/elfsight.com\/fr\/wp-json\/wp\/v2\/pages\/16171\/revisions"}],"predecessor-version":[{"id":16175,"href":"https:\/\/elfsight.com\/fr\/wp-json\/wp\/v2\/pages\/16171\/revisions\/16175"}],"up":[{"embeddable":true,"href":"https:\/\/elfsight.com\/fr\/wp-json\/wp\/v2\/pages\/16085"}],"wp:attachment":[{"href":"https:\/\/elfsight.com\/fr\/wp-json\/wp\/v2\/media?parent=16171"}],"curies":[{"name":"wp","href":"https:\/\/api.w.org\/{rel}","templated":true}]}}