{"id":16164,"date":"2024-12-28T08:38:35","date_gmt":"2024-12-28T08:38:35","guid":{"rendered":"https:\/\/elfsight.com\/fr\/?page_id=16164"},"modified":"2025-07-09T09:44:34","modified_gmt":"2025-07-09T09:44:34","slug":"godaddy","status":"publish","type":"page","link":"https:\/\/elfsight.com\/fr\/ai-chatbot-widget\/godaddy\/","title":{"rendered":"AI Chatbot &#8211; GoDaddy"},"content":{"rendered":"<div class=\"application-platform-content-item-description application-platform-content-item\" id=\"description\" data-nav-section=\"description\"><h2>Int\u00e9grez un chatbot IA sur GoDaddy avec le widget Elfsight !<\/h2> <p>Cr\u00e9ez un chatbot IA sup\u00e9rieur pour votre site GoDaddy, sp\u00e9cifiquement form\u00e9 sur votre base de connaissances, vos ressources de support ou vos FAQ. Permettez-lui d&rsquo;apprendre et d&rsquo;\u00e9voluer, en envoyant des messages personnalis\u00e9s pour mieux servir vos utilisateurs chaque jour.<\/p> <p>Automatisez les t\u00e2ches de service client, r\u00e9duisez les temps de r\u00e9ponse et g\u00e9n\u00e9rez efficacement des prospects sans travail manuel. Offrez une assistance 24\/7, en garantissant que les clients obtiennent les informations dont ils ont besoin, quand et o\u00f9 qu&rsquo;ils soient !<\/p> <p><b>Ajoutez un assistant IA pour r\u00e9pondre aux questions, r\u00e9soudre les dilemmes et am\u00e9liorer vos ventes !<\/b><\/p> <\/div><div class=\"application-platform-content-item-features application-platform-content-item\" id=\"features\" data-nav-section=\"features\"> <h2>Voici quelques-unes des nombreuses fonctionnalit\u00e9s du widget :<\/h2> <ul><li><b>Automatisez vos interactions avec les clients.<\/b> Rationalisez les r\u00e9ponses rapides, offrez une assistance 24h\/24 et am\u00e9liorez l&rsquo;efficacit\u00e9 avec une configuration minimale \u2013 g\u00e9rez des chats et des utilisateurs illimit\u00e9s sans effort !<\/li><li><b>Cr\u00e9ez une exp\u00e9rience personnalis\u00e9e.<\/b> Faites en sorte que chaque client se sente appr\u00e9ci\u00e9 et cr\u00e9ez la meilleure exp\u00e9rience gr\u00e2ce \u00e0 des r\u00e9ponses personnalis\u00e9es, l&rsquo;utilisation du nom, le suivi de l&rsquo;historique des chats et les messages de suivi.<\/li><li><b>Formez le chatbot avec les donn\u00e9es commerciales.<\/b> Renforcez le chatbot IA avec vos connaissances sp\u00e9cifiques en t\u00e9l\u00e9chargeant des documents, y compris des paires Q&amp;A, et en utilisant le contenu de votre site pour le g\u00e9n\u00e9rateur d&rsquo;instructions, garantissant des r\u00e9ponses pr\u00e9cises et adapt\u00e9es \u00e0 votre contexte commercial.<\/li><li><b>Obtenez des informations clients dans votre email.<\/b> Restez inform\u00e9 et recueillez des informations importantes en recevant des transcriptions compl\u00e8tes des chats dans votre bo\u00eete de r\u00e9ception, comprenant les d\u00e9tails de contact cl\u00e9s pour la g\u00e9n\u00e9ration de prospects et l&rsquo;am\u00e9lioration du service.<\/li><li><b>Explorez une s\u00e9lection \u00e9tendue de mod\u00e8les.<\/b> D\u00e9ployez votre chatbot IA rapidement avec notre biblioth\u00e8que de mod\u00e8les pr\u00eats \u00e0 l&#8217;emploi. Ils sont con\u00e7us pour diff\u00e9rents secteurs et capacit\u00e9s, chacun offrant des ensembles d&rsquo;instructions sp\u00e9cialis\u00e9s pour une mise en \u0153uvre imm\u00e9diate.<\/li><\/ul><p><a href=\"#demo\">Vous pouvez d\u00e9couvrir toutes les fonctionnalit\u00e9s du widget dans le configurateur d\u00e8s maintenant<\/a><\/p> <\/div> <div class=\"application-platform-content-item-installation application-platform-content-item\" id=\"installation\" data-nav-section=\"installation\"> <h2>Comment ajouter le plugin AI Chatbot \u00e0 GoDaddy ?<\/h2> <p>Pour int\u00e9grer le chatbot IA sur votre site GoDaddy, suivez ces \u00e9tapes :<\/p> <ol><li><b>Personnalisez le widget.<\/b><br> S\u00e9lectionnez un mod\u00e8le pr\u00eat \u00e0 l&#8217;emploi pour commencer. Ensuite, vous pouvez former votre chatbot, organiser les fonctionnalit\u00e9s et modifier son style visuel en fonction de vos objectifs commerciaux.<\/li><li><b>G\u00e9n\u00e9rez le code d&rsquo;int\u00e9gration.<\/b><br> Enregistrez le r\u00e9sultat et copiez le code d&rsquo;int\u00e9gration auto-g\u00e9n\u00e9r\u00e9.<\/li><li><b>Ajoutez le code \u00e0 votre constructeur de site.<\/b><br> Connectez-vous au panneau d&rsquo;administration de votre site, placez le code o\u00f9 n\u00e9cessaire et rafra\u00eechissez la page. C&rsquo;est termin\u00e9 !<\/li> <\/ol><p>En cas de questions ou d&rsquo;obstacles, n&rsquo;h\u00e9sitez pas \u00e0 contacter notre \u00e9quipe de service client\u00e8le. Nos consultants sont impatients de r\u00e9soudre toutes les questions que vous pourriez avoir avec le plugin.<\/p> <div class=\"faq\" data-component=\"FAQ\"><div class=\"faq-item\">\r\n\t\t\t\t\t<div class=\"faq-item-question\">\r\n\t\t\t\t\t\t<h3 class=\"faq-item-question-text\">Comment puis-je ajouter les informations de mon entreprise au plugin AI Chatbot ?<\/h3>\r\n\r\n\t\t\t\t\t\t<div class=\"faq-item-question-icon\"><\/div>\r\n\t\t\t\t\t<\/div>\r\n\r\n\t\t\t\t\t<div class=\"faq-item-answer\">\r\n\t\t\t\t\t\t<div class=\"faq-item-answer-text\"><p>Pour ajouter vos donn\u00e9es, ouvrez la section \u00ab\u00a0Formation\u00a0\u00bb et choisissez l&rsquo;un des formats propos\u00e9s : fichiers documents, paires Q&amp;A sp\u00e9cifiques ou blocs de texte simples.<\/p> <\/div>\r\n\t\t\t\t\t<\/div>\r\n\t\t\t\t<\/div> <div class=\"faq-item\">\r\n\t\t\t\t\t<div class=\"faq-item-question\">\r\n\t\t\t\t\t\t<h3 class=\"faq-item-question-text\">Comment cr\u00e9er des r\u00e9ponses rapides pour le chatbot IA ?<\/h3>\r\n\r\n\t\t\t\t\t\t<div class=\"faq-item-question-icon\"><\/div>\r\n\t\t\t\t\t<\/div>\r\n\r\n\t\t\t\t\t<div class=\"faq-item-answer\">\r\n\t\t\t\t\t\t<div class=\"faq-item-answer-text\"><p>Vous pouvez les ajouter directement dans le configurateur du chatbot IA dans la section \u00ab\u00a0Salutations\u00a0\u00bb. Vous d\u00e9couvrirez le champ o\u00f9 vous pouvez saisir un message d&rsquo;ouverture de conversation attrayant ou une question fr\u00e9quemment pos\u00e9e.<\/p> <\/div>\r\n\t\t\t\t\t<\/div>\r\n\t\t\t\t<\/div> <div class=\"faq-item\">\r\n\t\t\t\t\t<div class=\"faq-item-question\">\r\n\t\t\t\t\t\t<h3 class=\"faq-item-question-text\">Qu'est-ce qui rend le plugin AI Chatbot d'Elfsight le meilleur pour mon site GoDaddy ?<\/h3>\r\n\r\n\t\t\t\t\t\t<div class=\"faq-item-question-icon\"><\/div>\r\n\t\t\t\t\t<\/div>\r\n\r\n\t\t\t\t\t<div class=\"faq-item-answer\">\r\n\t\t\t\t\t\t<div class=\"faq-item-answer-text\"> <p>Le plugin AI Chatbot est une solution de chat sans code propuls\u00e9e par le mod\u00e8le IA le plus avanc\u00e9, pr\u00eate \u00e0 \u00eatre form\u00e9e avec les connaissances de votre entreprise. Avec une interface conviviale et de nombreuses options de personnalisation, vous pouvez offrir un service client 24h\/24 et 7j\/7 avec une exp\u00e9rience personnalis\u00e9e et toujours garder le contr\u00f4le avec des rapports r\u00e9guliers. D\u00e9couvrez par vous-m\u00eame combien c&rsquo;est simple et rapide avec Elfsight !<\/p> <\/div>\r\n\t\t\t\t\t<\/div>\r\n\t\t\t\t<\/div><\/div><\/div> ","protected":false},"excerpt":{"rendered":"","protected":false},"author":9,"featured_media":0,"parent":16085,"menu_order":0,"comment_status":"closed","ping_status":"closed","template":"templates\/template-application-platform.php","meta":{"publish_to_discourse":"","publish_post_category":"","wpdc_auto_publish_overridden":"","wpdc_topic_tags":"","wpdc_pin_topic":"","wpdc_pin_until":"","discourse_post_id":"","discourse_permalink":"","wpdc_publishing_response":"","wpdc_publishing_error":"","footnotes":""},"class_list":["post-16164","page","type-page","status-publish","hentry"],"yoast_head":"<!-- This site is optimized with the Yoast SEO plugin v25.3.1 - https:\/\/yoast.com\/wordpress\/plugins\/seo\/ -->\n<title>GoDaddy AI Chatbot plugin \u2013 Ajouter un chatbot AI \u00e0 GoDaddy [GRATUIT]<\/title>\n<meta name=\"description\" content=\"Ajoutez le meilleur plugin de chatbot AI \u00e0 votre site GoDaddy sans codage. Automatisez le support client avec une int\u00e9gration rapide !\" \/>\n<meta name=\"robots\" content=\"index, follow, max-snippet:-1, max-image-preview:large, max-video-preview:-1\" \/>\n<link rel=\"canonical\" href=\"https:\/\/elfsight.com\/fr\/ai-chatbot-widget\/godaddy\/\" \/>\n<meta property=\"og:locale\" content=\"fr_FR\" \/>\n<meta property=\"og:type\" content=\"article\" \/>\n<meta property=\"og:title\" content=\"GoDaddy AI Chatbot plugin \u2013 Ajouter un chatbot AI \u00e0 GoDaddy [GRATUIT]\" \/>\n<meta property=\"og:description\" content=\"Ajoutez le meilleur plugin de chatbot AI \u00e0 votre site GoDaddy sans codage. Automatisez le support client avec une int\u00e9gration rapide !\" \/>\n<meta property=\"og:url\" content=\"https:\/\/elfsight.com\/fr\/ai-chatbot-widget\/godaddy\/\" \/>\n<meta property=\"og:site_name\" content=\"Elfsight FR\" \/>\n<meta property=\"article:modified_time\" content=\"2025-07-09T09:44:34+00:00\" \/>\n<meta name=\"twitter:card\" content=\"summary_large_image\" \/>\n<meta name=\"twitter:label1\" content=\"Dur\u00e9e de lecture estim\u00e9e\" \/>\n\t<meta name=\"twitter:data1\" content=\"4 minutes\" \/>\n<!-- \/ Yoast SEO plugin. -->","yoast_head_json":{"title":"GoDaddy AI Chatbot plugin \u2013 Ajouter un chatbot AI \u00e0 GoDaddy [GRATUIT]","description":"Ajoutez le meilleur plugin de chatbot AI \u00e0 votre site GoDaddy sans codage. Automatisez le support client avec une int\u00e9gration rapide !","robots":{"index":"index","follow":"follow","max-snippet":"max-snippet:-1","max-image-preview":"max-image-preview:large","max-video-preview":"max-video-preview:-1"},"canonical":"https:\/\/elfsight.com\/fr\/ai-chatbot-widget\/godaddy\/","og_locale":"fr_FR","og_type":"article","og_title":"GoDaddy AI Chatbot plugin \u2013 Ajouter un chatbot AI \u00e0 GoDaddy [GRATUIT]","og_description":"Ajoutez le meilleur plugin de chatbot AI \u00e0 votre site GoDaddy sans codage. Automatisez le support client avec une int\u00e9gration rapide !","og_url":"https:\/\/elfsight.com\/fr\/ai-chatbot-widget\/godaddy\/","og_site_name":"Elfsight FR","article_modified_time":"2025-07-09T09:44:34+00:00","twitter_card":"summary_large_image","twitter_misc":{"Dur\u00e9e de lecture estim\u00e9e":"4 minutes"},"schema":{"@context":"https:\/\/schema.org","@graph":[{"@type":"WebPage","@id":"https:\/\/elfsight.com\/fr\/ai-chatbot-widget\/godaddy\/","url":"https:\/\/elfsight.com\/fr\/ai-chatbot-widget\/godaddy\/","name":"GoDaddy AI Chatbot plugin \u2013 Ajouter un chatbot AI \u00e0 GoDaddy [GRATUIT]","isPartOf":{"@id":"https:\/\/elfsight.com\/fr\/#website"},"datePublished":"2024-12-28T08:38:35+00:00","dateModified":"2025-07-09T09:44:34+00:00","description":"Ajoutez le meilleur plugin de chatbot AI \u00e0 votre site GoDaddy sans codage. Automatisez le support client avec une int\u00e9gration rapide !","breadcrumb":{"@id":"https:\/\/elfsight.com\/fr\/ai-chatbot-widget\/godaddy\/#breadcrumb"},"inLanguage":"fr-FR","potentialAction":[{"@type":"ReadAction","target":["https:\/\/elfsight.com\/fr\/ai-chatbot-widget\/godaddy\/"]}]},{"@type":"BreadcrumbList","@id":"https:\/\/elfsight.com\/fr\/ai-chatbot-widget\/godaddy\/#breadcrumb","itemListElement":[{"@type":"ListItem","position":1,"name":"Home","item":"https:\/\/elfsight.com\/fr\/"},{"@type":"ListItem","position":2,"name":"AI Chatbot","item":"https:\/\/elfsight.com\/fr\/ai-chatbot-widget\/"},{"@type":"ListItem","position":3,"name":"AI Chatbot &#8211; GoDaddy"}]},{"@type":"WebSite","@id":"https:\/\/elfsight.com\/fr\/#website","url":"https:\/\/elfsight.com\/fr\/","name":"Elfsight FR","description":"","potentialAction":[{"@type":"SearchAction","target":{"@type":"EntryPoint","urlTemplate":"https:\/\/elfsight.com\/fr\/?s={search_term_string}"},"query-input":{"@type":"PropertyValueSpecification","valueRequired":true,"valueName":"search_term_string"}}],"inLanguage":"fr-FR"}]}},"meta_box":{"industry":"","seo_heading":"","heading":"","description":"","cta_heading":"","cta_description":"","application":"16084","h1":"Ajouter un chatbot AI \u00e0 votre site GoDaddy","h1_caption":"Cr\u00e9ez le meilleur chatbot AI, sp\u00e9cifiquement form\u00e9 sur les donn\u00e9es de votre entreprise pour automatiser le support client, capturer des prospects et fournir des r\u00e9ponses instantan\u00e9es et pr\u00e9cises sur le site GoDaddy\u201424\/7.","application_category":[],"applications_title":"","applications_request_title":"","applications_request_button_text":"","hero_text":"","hero_video":"","hero_video_schema_markup":"","selling_points_title":"","selling_points_caption":"","selling_points":[],"selling_points_cta_text":"","features_title":"","features":"","ed_cta_examples_text":"","ed_cta_examples_hidden":"","ed_cta_demo_text":"","ed_cta_demo_hidden":"","why_caption":"","why_editor_title":"","why_editor_text":"","why_team_title":"","why_team_text":"","why_service_title":"","why_service_text":"","template_catalog_visible":"","template_catalog_title":"","template_catalog_text":"","template_catalog_categories_visible":"","demo_title":"Cr\u00e9ez votre plugin de chatbot AI","demo_caption":"Configurez le chatbot AI et ajoutez-le gratuitement \u00e0 votre site GoDaddy !","default_faq_hidden":"","app_template_category":[],"platform":"370","template_public_id":"","codecanyon_url":"","codecanyon_item_id":"","codecanyon_price":"","pricing_caption":"","pricing_elfsight_apps_hide_column":"","pricing_elfsight_apps_url":"","pricing_codecanyon_price_caption":"","integration_category":[],"integration_request_title":"","integration_request_cta":"","integration_platform":"","integrations":[],"platform_category":[],"video_schema_markup":"","price":"\u00e0 partir de 0 $ \/ mois","trial":"","benefits":[{"text":"Service d'installation sans frais"},{"text":"Service client efficace"},{"text":"Garantie de remboursement de 14 jours"},{"text":"Am\u00e9liorations gratuites \u00e0 vie"},{"text":""}],"button_url":"#demo","button_target_blank":"","button_nofollow":"","attributes":[{"name":"Installations","content":"50,000 - 100,000"},{"name":"R\u00e9actif","content":"Oui"},{"name":"Navigateurs compatibles","content":"Firefox, Safari, Opera, Chrome, Edge"}],"tags":[],"tags_disable_links":"","hide_more_platforms":"","video_object":"","demo_hide_cta":"","demo_hide_cloud_options":"","pricing_title":"","pricing":[{"pricing_icon":"platform","pricing_title":"Elfsight Apps","pricing_title_caption":"Solution multiplateforme adapt\u00e9e \u00e0 tout site web","pricing_price":"\u00e0 partir de 0 $ \/ mois","pricing_price_caption":"Commencez avec un plan gratuit","pricing_benefits":[{"text":"Sites web illimit\u00e9s"},{"text":"Support entreprise professionnel"},{"text":"Aide \u00e0 l'installation sans frais"},{"text":"100% personnalisable"}],"pricing_button_text":"Ajouter au site web","pricing_button_url":"#demo"}],"related_apps_title":"","related_apps_hidden":"","author":"","image":[],"title":"","job":"","social_networks":[]},"_links":{"self":[{"href":"https:\/\/elfsight.com\/fr\/wp-json\/wp\/v2\/pages\/16164","targetHints":{"allow":["GET"]}}],"collection":[{"href":"https:\/\/elfsight.com\/fr\/wp-json\/wp\/v2\/pages"}],"about":[{"href":"https:\/\/elfsight.com\/fr\/wp-json\/wp\/v2\/types\/page"}],"author":[{"embeddable":true,"href":"https:\/\/elfsight.com\/fr\/wp-json\/wp\/v2\/users\/9"}],"replies":[{"embeddable":true,"href":"https:\/\/elfsight.com\/fr\/wp-json\/wp\/v2\/comments?post=16164"}],"version-history":[{"count":1,"href":"https:\/\/elfsight.com\/fr\/wp-json\/wp\/v2\/pages\/16164\/revisions"}],"predecessor-version":[{"id":16168,"href":"https:\/\/elfsight.com\/fr\/wp-json\/wp\/v2\/pages\/16164\/revisions\/16168"}],"up":[{"embeddable":true,"href":"https:\/\/elfsight.com\/fr\/wp-json\/wp\/v2\/pages\/16085"}],"wp:attachment":[{"href":"https:\/\/elfsight.com\/fr\/wp-json\/wp\/v2\/media?parent=16164"}],"curies":[{"name":"wp","href":"https:\/\/api.w.org\/{rel}","templated":true}]}}