{"id":16155,"date":"2024-12-28T09:08:24","date_gmt":"2024-12-28T09:08:24","guid":{"rendered":"https:\/\/elfsight.com\/fr\/?page_id=16155"},"modified":"2025-07-09T09:45:48","modified_gmt":"2025-07-09T09:45:48","slug":"opencart","status":"publish","type":"page","link":"https:\/\/elfsight.com\/fr\/ai-chatbot-widget\/opencart\/","title":{"rendered":"AI Chatbot &#8211; OpenCart"},"content":{"rendered":"<div class=\"application-platform-content-item-description application-platform-content-item\" id=\"description\" data-nav-section=\"description\"><h2>Int\u00e9grer un chatbot IA sur OpenCart avec le widget Elfsight !<\/h2> <p>Cr\u00e9ez un chatbot IA de premier ordre pour votre site OpenCart, sp\u00e9cifiquement form\u00e9 sur votre base de connaissances, vos documents de support ou vos questions fr\u00e9quemment pos\u00e9es. Permettez-lui d&rsquo;apprendre et d&rsquo;\u00e9voluer, en d\u00e9livrant des messages personnalis\u00e9s pour am\u00e9liorer l&rsquo;exp\u00e9rience utilisateur chaque jour.<\/p> <p>Automatisez les t\u00e2ches de service client, r\u00e9duisez les temps de r\u00e9ponse et capturez efficacement les prospects sans effort manuel. Offrez une assistance 24h\/24, garantissant que les clients trouvent les r\u00e9ponses qu&rsquo;ils recherchent, quand et o\u00f9 ils le souhaitent !<\/p> <p><b>Ajoutez un assistant IA pour fournir des r\u00e9ponses rapides, r\u00e9soudre des probl\u00e8mes et am\u00e9liorer vos ventes !<\/b><\/p> <\/div><div class=\"application-platform-content-item-features application-platform-content-item\" id=\"features\" data-nav-section=\"features\"> <h2>Le widget dispose de fonctionnalit\u00e9s pratiques et faciles \u00e0 utiliser, en voici quelques-unes :<\/h2> <ul><li><b>Automatisez votre communication client.<\/b> Rationalisez les r\u00e9ponses, garantissez une disponibilit\u00e9 24h\/24 et am\u00e9liorez l&rsquo;efficacit\u00e9 avec une configuration minimale \u2014 g\u00e9rez facilement des chats et utilisateurs illimit\u00e9s !<\/li><li><b>Offrez une exp\u00e9rience personnalis\u00e9e.<\/b> Aidez chaque client \u00e0 se sentir valoris\u00e9 et cr\u00e9ez la meilleure exp\u00e9rience gr\u00e2ce \u00e0 des r\u00e9ponses personnalis\u00e9es, des salutations, la surveillance de l&rsquo;historique des chats et des messages de suivi.<\/li><li><b>Formez le chatbot avec les donn\u00e9es de l&rsquo;entreprise.<\/b> Donnez \u00e0 votre chatbot IA des connaissances sp\u00e9cifiques en t\u00e9l\u00e9chargeant des fichiers, en ajoutant des ensembles de questions-r\u00e9ponses et en utilisant les informations de votre site pour le g\u00e9n\u00e9rateur d&rsquo;instructions, garantissant des r\u00e9ponses pr\u00e9cises et pertinentes adapt\u00e9es \u00e0 votre contexte professionnel.<\/li><li><b>Obtenez des informations sur les clients dans votre e-mail.<\/b> Restez inform\u00e9 et obtenez des informations essentielles en recevant les transcriptions compl\u00e8tes des chats directement dans votre bo\u00eete de r\u00e9ception, y compris les informations de contact cruciales pour la g\u00e9n\u00e9ration de prospects et l&rsquo;am\u00e9lioration du service.<\/li><li><b>D\u00e9couvrez une large gamme de mod\u00e8les.<\/b> Configurez votre chatbot IA en un rien de temps gr\u00e2ce \u00e0 notre biblioth\u00e8que de mod\u00e8les pr\u00e9-fabriqu\u00e9s. Ils couvrent une vari\u00e9t\u00e9 de secteurs et de fonctionnalit\u00e9s, chacun comportant des ensembles d&rsquo;instructions personnalis\u00e9es pour des r\u00e9sultats instantan\u00e9s.<\/li><\/ul><p><a href=\"#demo\">Essayez ce configurateur pour voir comment cela fonctionne<\/a><\/p> <\/div> <div class=\"application-platform-content-item-installation application-platform-content-item\" id=\"installation\" data-nav-section=\"installation\"> <h2>Comment ajouter le plugin chatbot IA \u00e0 OpenCart ?<\/h2> <p>Pour int\u00e9grer le chatbot IA \u00e0 votre site OpenCart, suivez les \u00e9tapes suivantes :<\/p> <ol><li><b>Personnalisez le widget.<\/b><br> Choisissez un mod\u00e8le pr\u00eat \u00e0 l&#8217;emploi pour commencer. Ensuite, vous pouvez entra\u00eener votre chatbot, configurer les fonctionnalit\u00e9s et modifier son apparence en fonction de vos pr\u00e9f\u00e9rences commerciales.<\/li><li><b>Obtenez le code d&rsquo;int\u00e9gration.<\/b><br> Enregistrez les modifications et copiez le code d&rsquo;installation g\u00e9n\u00e9r\u00e9.<\/li><li><b>Ajoutez le code \u00e0 votre constructeur de site.<\/b><br> Allez dans le tableau de bord d&rsquo;administration de votre site, placez le code \u00e0 l&rsquo;endroit choisi, puis actualisez la page. C&rsquo;est fait !<\/li> <\/ol><p>En cas de questions ou de difficult\u00e9s, n&rsquo;h\u00e9sitez pas \u00e0 contacter notre \u00e9quipe de support. Nos consultants seront ravis de r\u00e9soudre tous les probl\u00e8mes que vous pourriez rencontrer avec l&rsquo;extension.<\/p> <div class=\"faq\" data-component=\"FAQ\"><div class=\"faq-item\">\r\n\t\t\t\t\t<div class=\"faq-item-question\">\r\n\t\t\t\t\t\t<h3 class=\"faq-item-question-text\">Comment puis-je ajouter les informations de mon entreprise \u00e0 l'extension chatbot IA ?<\/h3>\r\n\r\n\t\t\t\t\t\t<div class=\"faq-item-question-icon\"><\/div>\r\n\t\t\t\t\t<\/div>\r\n\r\n\t\t\t\t\t<div class=\"faq-item-answer\">\r\n\t\t\t\t\t\t<div class=\"faq-item-answer-text\"><p>Pour t\u00e9l\u00e9charger vos informations, acc\u00e9dez \u00e0 l&rsquo;onglet \u00ab\u00a0Formation\u00a0\u00bb et choisissez l&rsquo;un des formats disponibles : fichiers de documents, ensembles de questions-r\u00e9ponses sp\u00e9cifiques ou blocs de texte simples.<\/p> <\/div>\r\n\t\t\t\t\t<\/div>\r\n\t\t\t\t<\/div> <div class=\"faq-item\">\r\n\t\t\t\t\t<div class=\"faq-item-question\">\r\n\t\t\t\t\t\t<h3 class=\"faq-item-question-text\">Comment cr\u00e9er des r\u00e9ponses rapides pour le chatbot IA ?<\/h3>\r\n\r\n\t\t\t\t\t\t<div class=\"faq-item-question-icon\"><\/div>\r\n\t\t\t\t\t<\/div>\r\n\r\n\t\t\t\t\t<div class=\"faq-item-answer\">\r\n\t\t\t\t\t\t<div class=\"faq-item-answer-text\"><p>Vous pouvez les ajouter directement dans l&rsquo;\u00e9diteur du chatbot IA en acc\u00e9dant \u00e0 l&rsquo;onglet \u00ab\u00a0Salutations\u00a0\u00bb. Vous trouverez le champ o\u00f9 vous pouvez saisir un message d&rsquo;ouverture engageant ou une question courante.<\/p> <\/div>\r\n\t\t\t\t\t<\/div>\r\n\t\t\t\t<\/div> <div class=\"faq-item\">\r\n\t\t\t\t\t<div class=\"faq-item-question\">\r\n\t\t\t\t\t\t<h3 class=\"faq-item-question-text\">Qu'est-ce qui rend l'extension chatbot IA Elfsight la meilleure pour mon site OpenCart ?<\/h3>\r\n\r\n\t\t\t\t\t\t<div class=\"faq-item-question-icon\"><\/div>\r\n\t\t\t\t\t<\/div>\r\n\r\n\t\t\t\t\t<div class=\"faq-item-answer\">\r\n\t\t\t\t\t\t<div class=\"faq-item-answer-text\"> <p>L&rsquo;extension chatbot IA est une solution de chat sans code, aliment\u00e9e par le dernier mod\u00e8le IA, pr\u00eate \u00e0 \u00eatre form\u00e9e avec les donn\u00e9es de votre entreprise. Avec une interface facile \u00e0 utiliser et plusieurs \u00e9l\u00e9ments de personnalisation, vous pouvez fournir une assistance client toute la journ\u00e9e, avec une exp\u00e9rience personnalis\u00e9e et toujours \u00eatre inform\u00e9 gr\u00e2ce \u00e0 des rapports continus. D\u00e9couvrez par vous-m\u00eame \u00e0 quel point cela peut \u00eatre pratique et rapide avec Elfsight !<\/p> <\/div>\r\n\t\t\t\t\t<\/div>\r\n\t\t\t\t<\/div><\/div><\/div> ","protected":false},"excerpt":{"rendered":"","protected":false},"author":9,"featured_media":0,"parent":16085,"menu_order":0,"comment_status":"closed","ping_status":"closed","template":"templates\/template-application-platform.php","meta":{"publish_to_discourse":"","publish_post_category":"","wpdc_auto_publish_overridden":"","wpdc_topic_tags":"","wpdc_pin_topic":"","wpdc_pin_until":"","discourse_post_id":"","discourse_permalink":"","wpdc_publishing_response":"","wpdc_publishing_error":"","footnotes":""},"class_list":["post-16155","page","type-page","status-publish","hentry"],"yoast_head":"<!-- This site is optimized with the Yoast SEO plugin v25.3.1 - https:\/\/yoast.com\/wordpress\/plugins\/seo\/ -->\n<title>OpenCart AI Chatbot extension \u2013 Ajouter un chatbot AI \u00e0 OpenCart [GRATUIT]<\/title>\n<meta name=\"description\" content=\"Ajoutez la meilleure extension de chatbot AI \u00e0 votre site OpenCart sans codage. Automatisez le support client avec une int\u00e9gration rapide !\" \/>\n<meta name=\"robots\" content=\"index, follow, max-snippet:-1, max-image-preview:large, max-video-preview:-1\" \/>\n<link rel=\"canonical\" href=\"https:\/\/elfsight.com\/fr\/ai-chatbot-widget\/opencart\/\" \/>\n<meta property=\"og:locale\" content=\"fr_FR\" \/>\n<meta property=\"og:type\" content=\"article\" \/>\n<meta property=\"og:title\" content=\"OpenCart AI Chatbot extension \u2013 Ajouter un chatbot AI \u00e0 OpenCart [GRATUIT]\" \/>\n<meta property=\"og:description\" content=\"Ajoutez la meilleure extension de chatbot AI \u00e0 votre site OpenCart sans codage. Automatisez le support client avec une int\u00e9gration rapide !\" \/>\n<meta property=\"og:url\" content=\"https:\/\/elfsight.com\/fr\/ai-chatbot-widget\/opencart\/\" \/>\n<meta property=\"og:site_name\" content=\"Elfsight FR\" \/>\n<meta property=\"article:modified_time\" content=\"2025-07-09T09:45:48+00:00\" \/>\n<meta name=\"twitter:card\" content=\"summary_large_image\" \/>\n<meta name=\"twitter:label1\" content=\"Dur\u00e9e de lecture estim\u00e9e\" \/>\n\t<meta name=\"twitter:data1\" content=\"4 minutes\" \/>\n<!-- \/ Yoast SEO plugin. -->","yoast_head_json":{"title":"OpenCart AI Chatbot extension \u2013 Ajouter un chatbot AI \u00e0 OpenCart [GRATUIT]","description":"Ajoutez la meilleure extension de chatbot AI \u00e0 votre site OpenCart sans codage. Automatisez le support client avec une int\u00e9gration rapide !","robots":{"index":"index","follow":"follow","max-snippet":"max-snippet:-1","max-image-preview":"max-image-preview:large","max-video-preview":"max-video-preview:-1"},"canonical":"https:\/\/elfsight.com\/fr\/ai-chatbot-widget\/opencart\/","og_locale":"fr_FR","og_type":"article","og_title":"OpenCart AI Chatbot extension \u2013 Ajouter un chatbot AI \u00e0 OpenCart [GRATUIT]","og_description":"Ajoutez la meilleure extension de chatbot AI \u00e0 votre site OpenCart sans codage. Automatisez le support client avec une int\u00e9gration rapide !","og_url":"https:\/\/elfsight.com\/fr\/ai-chatbot-widget\/opencart\/","og_site_name":"Elfsight FR","article_modified_time":"2025-07-09T09:45:48+00:00","twitter_card":"summary_large_image","twitter_misc":{"Dur\u00e9e de lecture estim\u00e9e":"4 minutes"},"schema":{"@context":"https:\/\/schema.org","@graph":[{"@type":"WebPage","@id":"https:\/\/elfsight.com\/fr\/ai-chatbot-widget\/opencart\/","url":"https:\/\/elfsight.com\/fr\/ai-chatbot-widget\/opencart\/","name":"OpenCart AI Chatbot extension \u2013 Ajouter un chatbot AI \u00e0 OpenCart [GRATUIT]","isPartOf":{"@id":"https:\/\/elfsight.com\/fr\/#website"},"datePublished":"2024-12-28T09:08:24+00:00","dateModified":"2025-07-09T09:45:48+00:00","description":"Ajoutez la meilleure extension de chatbot AI \u00e0 votre site OpenCart sans codage. Automatisez le support client avec une int\u00e9gration rapide !","breadcrumb":{"@id":"https:\/\/elfsight.com\/fr\/ai-chatbot-widget\/opencart\/#breadcrumb"},"inLanguage":"fr-FR","potentialAction":[{"@type":"ReadAction","target":["https:\/\/elfsight.com\/fr\/ai-chatbot-widget\/opencart\/"]}]},{"@type":"BreadcrumbList","@id":"https:\/\/elfsight.com\/fr\/ai-chatbot-widget\/opencart\/#breadcrumb","itemListElement":[{"@type":"ListItem","position":1,"name":"Home","item":"https:\/\/elfsight.com\/fr\/"},{"@type":"ListItem","position":2,"name":"AI Chatbot","item":"https:\/\/elfsight.com\/fr\/ai-chatbot-widget\/"},{"@type":"ListItem","position":3,"name":"AI Chatbot &#8211; OpenCart"}]},{"@type":"WebSite","@id":"https:\/\/elfsight.com\/fr\/#website","url":"https:\/\/elfsight.com\/fr\/","name":"Elfsight FR","description":"","potentialAction":[{"@type":"SearchAction","target":{"@type":"EntryPoint","urlTemplate":"https:\/\/elfsight.com\/fr\/?s={search_term_string}"},"query-input":{"@type":"PropertyValueSpecification","valueRequired":true,"valueName":"search_term_string"}}],"inLanguage":"fr-FR"}]}},"meta_box":{"industry":"","seo_heading":"","heading":"","description":"","cta_heading":"","cta_description":"","application":"16084","h1":"Ajouter un chatbot AI \u00e0 votre site OpenCart","h1_caption":"Cr\u00e9ez le meilleur chatbot AI, sp\u00e9cifiquement form\u00e9 sur les donn\u00e9es de votre entreprise pour automatiser le support client, capturer des prospects et fournir des r\u00e9ponses instantan\u00e9es et pr\u00e9cises sur le site OpenCart\u201424\/7.","application_category":[],"applications_title":"","applications_request_title":"","applications_request_button_text":"","hero_text":"","hero_video":"","hero_video_schema_markup":"","selling_points_title":"","selling_points_caption":"","selling_points":[],"selling_points_cta_text":"","features_title":"","features":"","ed_cta_examples_text":"","ed_cta_examples_hidden":"","ed_cta_demo_text":"","ed_cta_demo_hidden":"","why_caption":"","why_editor_title":"","why_editor_text":"","why_team_title":"","why_team_text":"","why_service_title":"","why_service_text":"","template_catalog_visible":"","template_catalog_title":"","template_catalog_text":"","template_catalog_categories_visible":"","demo_title":"Cr\u00e9ez votre extension de chatbot AI","demo_caption":"Configurez le chatbot AI et ajoutez-le gratuitement \u00e0 votre site OpenCart !","default_faq_hidden":"","app_template_category":[],"platform":"359","template_public_id":"","codecanyon_url":"","codecanyon_item_id":"","codecanyon_price":"","pricing_caption":"","pricing_elfsight_apps_hide_column":"","pricing_elfsight_apps_url":"","pricing_codecanyon_price_caption":"","integration_category":[],"integration_request_title":"","integration_request_cta":"","integration_platform":"","integrations":[],"platform_category":[],"video_schema_markup":"","price":"\u00e0 partir de 0 $ \/ mois","trial":"","benefits":[{"text":"Assistance d'installation gratuite"},{"text":"Service client efficace"},{"text":"Garantie de remboursement de 14 jours"},{"text":"Mises \u00e0 jour futures gratuites"},{"text":""}],"button_url":"#demo","button_target_blank":"","button_nofollow":"","attributes":[{"name":"Installations","content":"50,000 - 100,000"},{"name":"R\u00e9actif","content":"Oui"},{"name":"Navigateurs compatibles","content":"Firefox, Safari, Opera, Chrome, Edge"}],"tags":[],"tags_disable_links":"","hide_more_platforms":"","video_object":"","demo_hide_cta":"","demo_hide_cloud_options":"","pricing_title":"","pricing":[{"pricing_icon":"platform","pricing_title":"Elfsight Apps","pricing_title_caption":"Version ind\u00e9pendante de la plateforme qui fonctionne sur n'importe quel site web","pricing_price":"\u00e0 partir de 0 $ \/ mois","pricing_price_caption":"Commencez avec un plan gratuit","pricing_benefits":[{"text":"Sites web illimit\u00e9s"},{"text":"Support entreprise rapide"},{"text":"Service d'installation gratuite"},{"text":"100% personnalisable"}],"pricing_button_text":"Ajouter au site web","pricing_button_url":"#demo"}],"related_apps_title":"","related_apps_hidden":"","author":"","image":[],"title":"","job":"","social_networks":[]},"_links":{"self":[{"href":"https:\/\/elfsight.com\/fr\/wp-json\/wp\/v2\/pages\/16155","targetHints":{"allow":["GET"]}}],"collection":[{"href":"https:\/\/elfsight.com\/fr\/wp-json\/wp\/v2\/pages"}],"about":[{"href":"https:\/\/elfsight.com\/fr\/wp-json\/wp\/v2\/types\/page"}],"author":[{"embeddable":true,"href":"https:\/\/elfsight.com\/fr\/wp-json\/wp\/v2\/users\/9"}],"replies":[{"embeddable":true,"href":"https:\/\/elfsight.com\/fr\/wp-json\/wp\/v2\/comments?post=16155"}],"version-history":[{"count":1,"href":"https:\/\/elfsight.com\/fr\/wp-json\/wp\/v2\/pages\/16155\/revisions"}],"predecessor-version":[{"id":16159,"href":"https:\/\/elfsight.com\/fr\/wp-json\/wp\/v2\/pages\/16155\/revisions\/16159"}],"up":[{"embeddable":true,"href":"https:\/\/elfsight.com\/fr\/wp-json\/wp\/v2\/pages\/16085"}],"wp:attachment":[{"href":"https:\/\/elfsight.com\/fr\/wp-json\/wp\/v2\/media?parent=16155"}],"curies":[{"name":"wp","href":"https:\/\/api.w.org\/{rel}","templated":true}]}}