{"id":16154,"date":"2024-12-28T09:15:12","date_gmt":"2024-12-28T09:15:12","guid":{"rendered":"https:\/\/elfsight.com\/fr\/?page_id=16154"},"modified":"2025-07-09T09:45:34","modified_gmt":"2025-07-09T09:45:34","slug":"magento","status":"publish","type":"page","link":"https:\/\/elfsight.com\/fr\/ai-chatbot-widget\/magento\/","title":{"rendered":"AI Chatbot &#8211; Magento"},"content":{"rendered":"<div class=\"application-platform-content-item-description application-platform-content-item\" id=\"description\" data-nav-section=\"description\"><h2>Int\u00e9grez un chatbot IA sur Magento avec le widget Elfsight !<\/h2> <p>Cr\u00e9ez un chatbot IA de premier ordre pour votre site Magento, sp\u00e9cifiquement form\u00e9 sur votre base de connaissances, vos ressources de support ou vos FAQ courantes. Donnez-lui la capacit\u00e9 d&rsquo;apprendre et de s&rsquo;adapter, en envoyant des messages personnalis\u00e9s pour am\u00e9liorer l&rsquo;engagement des utilisateurs au quotidien.<\/p> <p>Automatisez parfaitement les t\u00e2ches de service client, r\u00e9duisez les temps de r\u00e9ponse et g\u00e9n\u00e9rez efficacement des prospects sans travail manuel. Offrez une assistance 24\/7, garantissant que les clients obtiennent les r\u00e9ponses qu&rsquo;ils recherchent, \u00e0 toute heure, de n&rsquo;importe o\u00f9 !<\/p> <p><b>Ajoutez un assistant IA pour fournir des r\u00e9ponses instantan\u00e9es, r\u00e9soudre des probl\u00e8mes et augmenter vos ventes !<\/b><\/p> <\/div><div class=\"application-platform-content-item-features application-platform-content-item\" id=\"features\" data-nav-section=\"features\"> <h2>D\u00e9couvrez la liste des principales fonctionnalit\u00e9s :<\/h2> <ul><li><b>Automatisez vos interactions avec les clients.<\/b> Simplifiez les r\u00e9ponses rapides, assurez une disponibilit\u00e9 24\/7 et am\u00e9liorez l&rsquo;efficacit\u00e9 avec une configuration minimale \u2013 g\u00e9rez des chats et des utilisateurs illimit\u00e9s sans effort !<\/li><li><b>Offrez une exp\u00e9rience personnalis\u00e9e.<\/b> Faites en sorte que chaque client se sente important et cr\u00e9ez la meilleure exp\u00e9rience gr\u00e2ce \u00e0 des r\u00e9ponses personnalis\u00e9es, l&rsquo;utilisation de leur nom, le suivi des conversations pr\u00e9c\u00e9dentes et l&rsquo;envoi de messages de suivi.<\/li><li><b>Formez le chatbot avec des informations d&rsquo;entreprise.<\/b> Donnez au chatbot IA votre expertise sp\u00e9cialis\u00e9e en t\u00e9l\u00e9chargeant des fichiers, en ajoutant des ensembles Q&amp;A et en utilisant le contenu de votre site pour g\u00e9n\u00e9rer des instructions, garantissant des r\u00e9ponses correctes et pertinentes adapt\u00e9es \u00e0 votre entreprise.<\/li><li><b>Recevez des informations sur les clients par e-mail.<\/b> Restez inform\u00e9 et captez des informations importantes en recevant des transcriptions compl\u00e8tes de chats directement dans votre bo\u00eete de r\u00e9ception, y compris les coordonn\u00e9es essentielles pour la g\u00e9n\u00e9ration de prospects et l&rsquo;optimisation des services.<\/li><li><b>Explorez un large \u00e9ventail de mod\u00e8les.<\/b> Lancez votre chatbot IA en un rien de temps avec notre collection de mod\u00e8les pr\u00eats \u00e0 l&#8217;emploi. Ils sont con\u00e7us pour divers secteurs et objectifs, chacun avec des ensembles d&rsquo;instructions sp\u00e9cialis\u00e9s pour des r\u00e9sultats instantan\u00e9s.<\/li><\/ul><p><a href=\"#demo\">Testez ce configurateur pour comprendre la fonctionnalit\u00e9 du widget<\/a><\/p> <\/div> <div class=\"application-platform-content-item-installation application-platform-content-item\" id=\"installation\" data-nav-section=\"installation\"> <h2>Comment ajouter le plugin Chatbot IA \u00e0 Magento ?<\/h2> <p>Pour ajouter le chatbot IA \u00e0 votre site Web Magento, suivez ces \u00e9tapes :<\/p> <ol><li><b>Personnalisez le widget.<\/b><br> Commencez par s\u00e9lectionner l&rsquo;un des mod\u00e8les disponibles. Ensuite, vous pouvez entra\u00eener votre chatbot, organiser ses fonctionnalit\u00e9s et modifier son apparence pour l&rsquo;adapter \u00e0 vos pr\u00e9f\u00e9rences commerciales.<\/li><li><b>Recevez le code d&rsquo;int\u00e9gration.<\/b><br> Sauvegardez les r\u00e9sultats finaux et copiez le code d&rsquo;int\u00e9gration g\u00e9n\u00e9r\u00e9.<\/li><li><b>Ajoutez le code \u00e0 l&rsquo;\u00e9diteur de votre site Web.<\/b><br> Connectez-vous au tableau de bord d&rsquo;administration de votre site Web, collez le code dans la section appropri\u00e9e et mettez \u00e0 jour la page. C&rsquo;est tout !<\/li> <\/ol><p>Si vous rencontrez des difficult\u00e9s, n&rsquo;h\u00e9sitez pas \u00e0 contacter notre \u00e9quipe de service client. Nos consultants seront ravis de r\u00e9soudre toutes les difficult\u00e9s que vous pourriez rencontrer avec l&rsquo;extension.<\/p> <div class=\"faq\" data-component=\"FAQ\"><div class=\"faq-item\">\r\n\t\t\t\t\t<div class=\"faq-item-question\">\r\n\t\t\t\t\t\t<h3 class=\"faq-item-question-text\">Comment puis-je ajouter mes informations commerciales \u00e0 l'extension Chatbot IA ?<\/h3>\r\n\r\n\t\t\t\t\t\t<div class=\"faq-item-question-icon\"><\/div>\r\n\t\t\t\t\t<\/div>\r\n\r\n\t\t\t\t\t<div class=\"faq-item-answer\">\r\n\t\t\t\t\t\t<div class=\"faq-item-answer-text\"><p>Pour ajouter vos donn\u00e9es, ouvrez l&rsquo;onglet \u00ab\u00a0Formation\u00a0\u00bb et choisissez l&rsquo;un des formats fournis : fichiers documents, ensembles Q&amp;A sp\u00e9cifiques ou blocs de texte simples.<\/p> <\/div>\r\n\t\t\t\t\t<\/div>\r\n\t\t\t\t<\/div> <div class=\"faq-item\">\r\n\t\t\t\t\t<div class=\"faq-item-question\">\r\n\t\t\t\t\t\t<h3 class=\"faq-item-question-text\">Comment cr\u00e9er des r\u00e9ponses rapides pour le Chatbot IA ?<\/h3>\r\n\r\n\t\t\t\t\t\t<div class=\"faq-item-question-icon\"><\/div>\r\n\t\t\t\t\t<\/div>\r\n\r\n\t\t\t\t\t<div class=\"faq-item-answer\">\r\n\t\t\t\t\t\t<div class=\"faq-item-answer-text\"><p>Vous pouvez les ajouter directement dans le configurateur du Chatbot IA en v\u00e9rifiant l&rsquo;onglet \u00ab\u00a0Salutation\u00a0\u00bb. Vous trouverez le champ o\u00f9 vous pouvez inclure un message d&rsquo;ouverture captivant ou une question courante.<\/p> <\/div>\r\n\t\t\t\t\t<\/div>\r\n\t\t\t\t<\/div> <div class=\"faq-item\">\r\n\t\t\t\t\t<div class=\"faq-item-question\">\r\n\t\t\t\t\t\t<h3 class=\"faq-item-question-text\">Qu'est-ce qui fait de l'extension Chatbot IA Elfsight la meilleure pour mon site Magento ?<\/h3>\r\n\r\n\t\t\t\t\t\t<div class=\"faq-item-question-icon\"><\/div>\r\n\t\t\t\t\t<\/div>\r\n\r\n\t\t\t\t\t<div class=\"faq-item-answer\">\r\n\t\t\t\t\t\t<div class=\"faq-item-answer-text\"> <p>L&rsquo;extension Chatbot IA est une solution de chat sans codage aliment\u00e9e par la derni\u00e8re technologie d&rsquo;IA, pr\u00eate \u00e0 \u00eatre form\u00e9e avec les donn\u00e9es de votre organisation. Avec une interface intuitive et de nombreuses options de personnalisation, vous pouvez offrir un support client 24\/7 avec une exp\u00e9rience personnalis\u00e9e et rester toujours inform\u00e9 gr\u00e2ce \u00e0 des rapports r\u00e9guliers. D\u00e9couvrez par vous-m\u00eame \u00e0 quel point cela peut \u00eatre pratique et rapide avec Elfsight !<\/p> <\/div>\r\n\t\t\t\t\t<\/div>\r\n\t\t\t\t<\/div><\/div><\/div> ","protected":false},"excerpt":{"rendered":"","protected":false},"author":9,"featured_media":0,"parent":16085,"menu_order":0,"comment_status":"closed","ping_status":"closed","template":"templates\/template-application-platform.php","meta":{"publish_to_discourse":"","publish_post_category":"","wpdc_auto_publish_overridden":"","wpdc_topic_tags":"","wpdc_pin_topic":"","wpdc_pin_until":"","discourse_post_id":"","discourse_permalink":"","wpdc_publishing_response":"","wpdc_publishing_error":"","footnotes":""},"class_list":["post-16154","page","type-page","status-publish","hentry"],"yoast_head":"<!-- This site is optimized with the Yoast SEO plugin v25.3.1 - https:\/\/yoast.com\/wordpress\/plugins\/seo\/ -->\n<title>Magento AI Chatbot extension \u2013 Ajouter un chatbot AI \u00e0 Magento [GRATUIT]<\/title>\n<meta name=\"description\" content=\"Ajoutez la meilleure extension de chatbot AI \u00e0 votre site Magento sans codage. Optimisez le service client avec une int\u00e9gration directe !\" \/>\n<meta name=\"robots\" content=\"index, follow, max-snippet:-1, max-image-preview:large, max-video-preview:-1\" \/>\n<link rel=\"canonical\" href=\"https:\/\/elfsight.com\/fr\/ai-chatbot-widget\/magento\/\" \/>\n<meta property=\"og:locale\" content=\"fr_FR\" \/>\n<meta property=\"og:type\" content=\"article\" \/>\n<meta property=\"og:title\" content=\"Magento AI Chatbot extension \u2013 Ajouter un chatbot AI \u00e0 Magento [GRATUIT]\" \/>\n<meta property=\"og:description\" content=\"Ajoutez la meilleure extension de chatbot AI \u00e0 votre site Magento sans codage. Optimisez le service client avec une int\u00e9gration directe !\" \/>\n<meta property=\"og:url\" content=\"https:\/\/elfsight.com\/fr\/ai-chatbot-widget\/magento\/\" \/>\n<meta property=\"og:site_name\" content=\"Elfsight FR\" \/>\n<meta property=\"article:modified_time\" content=\"2025-07-09T09:45:34+00:00\" \/>\n<meta name=\"twitter:card\" content=\"summary_large_image\" \/>\n<meta name=\"twitter:label1\" content=\"Dur\u00e9e de lecture estim\u00e9e\" \/>\n\t<meta name=\"twitter:data1\" content=\"4 minutes\" \/>\n<!-- \/ Yoast SEO plugin. -->","yoast_head_json":{"title":"Magento AI Chatbot extension \u2013 Ajouter un chatbot AI \u00e0 Magento [GRATUIT]","description":"Ajoutez la meilleure extension de chatbot AI \u00e0 votre site Magento sans codage. Optimisez le service client avec une int\u00e9gration directe !","robots":{"index":"index","follow":"follow","max-snippet":"max-snippet:-1","max-image-preview":"max-image-preview:large","max-video-preview":"max-video-preview:-1"},"canonical":"https:\/\/elfsight.com\/fr\/ai-chatbot-widget\/magento\/","og_locale":"fr_FR","og_type":"article","og_title":"Magento AI Chatbot extension \u2013 Ajouter un chatbot AI \u00e0 Magento [GRATUIT]","og_description":"Ajoutez la meilleure extension de chatbot AI \u00e0 votre site Magento sans codage. Optimisez le service client avec une int\u00e9gration directe !","og_url":"https:\/\/elfsight.com\/fr\/ai-chatbot-widget\/magento\/","og_site_name":"Elfsight FR","article_modified_time":"2025-07-09T09:45:34+00:00","twitter_card":"summary_large_image","twitter_misc":{"Dur\u00e9e de lecture estim\u00e9e":"4 minutes"},"schema":{"@context":"https:\/\/schema.org","@graph":[{"@type":"WebPage","@id":"https:\/\/elfsight.com\/fr\/ai-chatbot-widget\/magento\/","url":"https:\/\/elfsight.com\/fr\/ai-chatbot-widget\/magento\/","name":"Magento AI Chatbot extension \u2013 Ajouter un chatbot AI \u00e0 Magento [GRATUIT]","isPartOf":{"@id":"https:\/\/elfsight.com\/fr\/#website"},"datePublished":"2024-12-28T09:15:12+00:00","dateModified":"2025-07-09T09:45:34+00:00","description":"Ajoutez la meilleure extension de chatbot AI \u00e0 votre site Magento sans codage. Optimisez le service client avec une int\u00e9gration directe !","breadcrumb":{"@id":"https:\/\/elfsight.com\/fr\/ai-chatbot-widget\/magento\/#breadcrumb"},"inLanguage":"fr-FR","potentialAction":[{"@type":"ReadAction","target":["https:\/\/elfsight.com\/fr\/ai-chatbot-widget\/magento\/"]}]},{"@type":"BreadcrumbList","@id":"https:\/\/elfsight.com\/fr\/ai-chatbot-widget\/magento\/#breadcrumb","itemListElement":[{"@type":"ListItem","position":1,"name":"Home","item":"https:\/\/elfsight.com\/fr\/"},{"@type":"ListItem","position":2,"name":"AI Chatbot","item":"https:\/\/elfsight.com\/fr\/ai-chatbot-widget\/"},{"@type":"ListItem","position":3,"name":"AI Chatbot &#8211; Magento"}]},{"@type":"WebSite","@id":"https:\/\/elfsight.com\/fr\/#website","url":"https:\/\/elfsight.com\/fr\/","name":"Elfsight FR","description":"","potentialAction":[{"@type":"SearchAction","target":{"@type":"EntryPoint","urlTemplate":"https:\/\/elfsight.com\/fr\/?s={search_term_string}"},"query-input":{"@type":"PropertyValueSpecification","valueRequired":true,"valueName":"search_term_string"}}],"inLanguage":"fr-FR"}]}},"meta_box":{"industry":"","seo_heading":"","heading":"","description":"","cta_heading":"","cta_description":"","application":"16084","h1":"Ajouter un chatbot AI \u00e0 votre site Magento","h1_caption":"Cr\u00e9ez le meilleur chatbot AI, sp\u00e9cifiquement form\u00e9 sur les donn\u00e9es de votre entreprise pour automatiser le support client, capturer des prospects et fournir des r\u00e9ponses instantan\u00e9es et pr\u00e9cises sur le site Magento\u201424\/7.","application_category":[],"applications_title":"","applications_request_title":"","applications_request_button_text":"","hero_text":"","hero_video":"","hero_video_schema_markup":"","selling_points_title":"","selling_points_caption":"","selling_points":[],"selling_points_cta_text":"","features_title":"","features":"","ed_cta_examples_text":"","ed_cta_examples_hidden":"","ed_cta_demo_text":"","ed_cta_demo_hidden":"","why_caption":"","why_editor_title":"","why_editor_text":"","why_team_title":"","why_team_text":"","why_service_title":"","why_service_text":"","template_catalog_visible":"","template_catalog_title":"","template_catalog_text":"","template_catalog_categories_visible":"","demo_title":"Cr\u00e9ez votre extension de chatbot AI","demo_caption":"Configurez le chatbot AI et ajoutez-le gratuitement \u00e0 votre site Magento !","default_faq_hidden":"","app_template_category":[],"platform":"357","template_public_id":"","codecanyon_url":"","codecanyon_item_id":"","codecanyon_price":"","pricing_caption":"","pricing_elfsight_apps_hide_column":"","pricing_elfsight_apps_url":"","pricing_codecanyon_price_caption":"","integration_category":[],"integration_request_title":"","integration_request_cta":"","integration_platform":"","integrations":[],"platform_category":[],"video_schema_markup":"","price":"\u00e0 partir de 0 $ \/ mois","trial":"","benefits":[{"text":"Assistance d'installation sans frais"},{"text":"Support exceptionnel"},{"text":"Garantie de remboursement de 14 jours"},{"text":"D\u00e9veloppement continu"},{"text":""}],"button_url":"#demo","button_target_blank":"","button_nofollow":"","attributes":[{"name":"Installations","content":"50,000 - 100,000"},{"name":"R\u00e9actif","content":"Oui"},{"name":"Navigateurs compatibles","content":"Firefox, Safari, Opera, Chrome, Edge"}],"tags":[],"tags_disable_links":"","hide_more_platforms":"","video_object":"","demo_hide_cta":"","demo_hide_cloud_options":"","pricing_title":"","pricing":[{"pricing_icon":"platform","pricing_title":"Elfsight Apps","pricing_title_caption":"Version multiplateforme qui fonctionne sur n'importe quel site web","pricing_price":"\u00e0 partir de 0 $ \/ mois","pricing_price_caption":"Commencez avec un plan gratuit","pricing_benefits":[{"text":"Sites web illimit\u00e9s"},{"text":"Support gratuit et ponctuel"},{"text":"Assistance d'installation sans frais"},{"text":"100% personnalisable"}],"pricing_button_text":"Ajouter au site web","pricing_button_url":"#demo"}],"related_apps_title":"","related_apps_hidden":"","author":"","image":[],"title":"","job":"","social_networks":[]},"_links":{"self":[{"href":"https:\/\/elfsight.com\/fr\/wp-json\/wp\/v2\/pages\/16154","targetHints":{"allow":["GET"]}}],"collection":[{"href":"https:\/\/elfsight.com\/fr\/wp-json\/wp\/v2\/pages"}],"about":[{"href":"https:\/\/elfsight.com\/fr\/wp-json\/wp\/v2\/types\/page"}],"author":[{"embeddable":true,"href":"https:\/\/elfsight.com\/fr\/wp-json\/wp\/v2\/users\/9"}],"replies":[{"embeddable":true,"href":"https:\/\/elfsight.com\/fr\/wp-json\/wp\/v2\/comments?post=16154"}],"version-history":[{"count":1,"href":"https:\/\/elfsight.com\/fr\/wp-json\/wp\/v2\/pages\/16154\/revisions"}],"predecessor-version":[{"id":16158,"href":"https:\/\/elfsight.com\/fr\/wp-json\/wp\/v2\/pages\/16154\/revisions\/16158"}],"up":[{"embeddable":true,"href":"https:\/\/elfsight.com\/fr\/wp-json\/wp\/v2\/pages\/16085"}],"wp:attachment":[{"href":"https:\/\/elfsight.com\/fr\/wp-json\/wp\/v2\/media?parent=16154"}],"curies":[{"name":"wp","href":"https:\/\/api.w.org\/{rel}","templated":true}]}}