{"id":16149,"date":"2024-12-28T09:19:19","date_gmt":"2024-12-28T09:19:19","guid":{"rendered":"https:\/\/elfsight.com\/fr\/?page_id=16149"},"modified":"2025-07-09T09:44:00","modified_gmt":"2025-07-09T09:44:00","slug":"blogger","status":"publish","type":"page","link":"https:\/\/elfsight.com\/fr\/ai-chatbot-widget\/blogger\/","title":{"rendered":"AI Chatbot &#8211; Blogger"},"content":{"rendered":"<div class=\"application-platform-content-item-description application-platform-content-item\" id=\"description\" data-nav-section=\"description\"><h2>Int\u00e9grez un chatbot IA sur Blogger avec le widget Elfsight !<\/h2> <p>Cr\u00e9ez un chatbot IA avanc\u00e9 pour votre site Blogger, sp\u00e9cifiquement form\u00e9 sur votre base de connaissances, vos documents de support ou les questions des clients. Donnez-lui la capacit\u00e9 d&rsquo;apprendre et d&rsquo;\u00e9voluer, en envoyant des messages personnalis\u00e9s pour am\u00e9liorer l&rsquo;exp\u00e9rience utilisateur chaque jour.<\/p> <p>Simplifiez les t\u00e2ches de service client, r\u00e9duisez les temps de r\u00e9ponse et capturez efficacement des prospects sans intervention manuelle. Offrez une assistance 24\/7, garantissant que les clients obtiennent les informations qu&rsquo;ils recherchent, \u00e0 tout moment, en tout lieu !<\/p> <p><b>Ajoutez un assistant IA pour r\u00e9pondre aux questions, r\u00e9soudre les pr\u00e9occupations et augmenter vos ventes !<\/b><\/p> <\/div><div class=\"application-platform-content-item-features application-platform-content-item\" id=\"features\" data-nav-section=\"features\"> <h2>Nous proposons des fonctionnalit\u00e9s pratiques et rapides, voici quelques-unes :<\/h2> <ul><li><b>Automatisez vos interactions avec les clients.<\/b> Simplifiez les r\u00e9ponses rapides, offrez un support toute la journ\u00e9e, et augmentez l&rsquo;efficacit\u00e9 avec une configuration minimale \u2013 g\u00e9rez des chats et des utilisateurs illimit\u00e9s sans effort !<\/li><li><b>Offrez une exp\u00e9rience personnalis\u00e9e.<\/b> Aidez chaque client \u00e0 se sentir valoris\u00e9 et cr\u00e9ez la meilleure exp\u00e9rience gr\u00e2ce \u00e0 des r\u00e9ponses personnalis\u00e9es, l&rsquo;utilisation de leur nom, l&rsquo;enregistrement de l&rsquo;historique des chats et l&rsquo;envoi de messages de suivi.<\/li><li><b>Formez le chatbot avec des informations commerciales.<\/b> Donnez au chatbot IA vos connaissances sp\u00e9cialis\u00e9es en t\u00e9l\u00e9chargeant des documents, en cr\u00e9ant des ensembles de questions-r\u00e9ponses et en utilisant le contenu de votre site pour g\u00e9n\u00e9rer des instructions, garantissant des r\u00e9ponses pr\u00e9cises et adapt\u00e9es \u00e0 votre entreprise.<\/li><li><b>Recevez les informations des clients par e-mail.<\/b> Restez \u00e0 jour et collectez des informations importantes en recevant des transcriptions compl\u00e8tes des chats directement dans votre bo\u00eete de r\u00e9ception, incluant les informations de contact essentielles pour la g\u00e9n\u00e9ration de prospects et l&rsquo;am\u00e9lioration des services.<\/li><li><b>Explorez une large gamme de mod\u00e8les.<\/b> Configurez rapidement votre chatbot IA avec notre collection de mod\u00e8les pr\u00eats \u00e0 l&#8217;emploi. Ils sont con\u00e7us pour divers secteurs et capacit\u00e9s, chacun avec des ensembles d&rsquo;instructions sp\u00e9cialis\u00e9s pour des r\u00e9sultats instantan\u00e9s.<\/li><\/ul><p><a href=\"#demo\">Testez les fonctionnalit\u00e9s compl\u00e8tes du widget dans le configurateur ici<\/a><\/p> <\/div> <div class=\"application-platform-content-item-installation application-platform-content-item\" id=\"installation\" data-nav-section=\"installation\"> <h2>Comment ajouter le plugin Chatbot IA \u00e0 Blogger ?<\/h2> <p>Si vous souhaitez int\u00e9grer le chatbot IA sur votre site Blogger, suivez ces instructions :<\/p> <ol><li><b>Personnalisez le widget.<\/b><br> Choisissez un mod\u00e8le pr\u00eat \u00e0 l&#8217;emploi pour commencer. Ensuite, vous pouvez entra\u00eener votre chatbot, configurer ses fonctionnalit\u00e9s et ajuster son apparence en fonction de vos pr\u00e9f\u00e9rences commerciales.<\/li><li><b>Obtenez le code d&rsquo;int\u00e9gration.<\/b><br> Sauvegardez le r\u00e9sultat et copiez le code d&rsquo;int\u00e9gration g\u00e9n\u00e9r\u00e9.<\/li><li><b>Ajoutez le code \u00e0 votre constructeur de site Web.<\/b><br> Allez dans le tableau de bord d&rsquo;administration de votre site, ins\u00e9rez le code dans l&#8217;emplacement souhait\u00e9 et mettez \u00e0 jour la page. C&rsquo;est aussi simple que \u00e7a !<\/li> <\/ol><p>En cas de questions ou de difficult\u00e9s, veuillez contacter notre \u00e9quipe de support. Nos collaborateurs seront ravis de r\u00e9soudre toutes les difficult\u00e9s que vous pourriez rencontrer avec le widget.<\/p> <div class=\"faq\" data-component=\"FAQ\"><div class=\"faq-item\">\r\n\t\t\t\t\t<div class=\"faq-item-question\">\r\n\t\t\t\t\t\t<h3 class=\"faq-item-question-text\">Comment puis-je ajouter mes informations commerciales au widget Chatbot IA ?<\/h3>\r\n\r\n\t\t\t\t\t\t<div class=\"faq-item-question-icon\"><\/div>\r\n\t\t\t\t\t<\/div>\r\n\r\n\t\t\t\t\t<div class=\"faq-item-answer\">\r\n\t\t\t\t\t\t<div class=\"faq-item-answer-text\"><p>Pour t\u00e9l\u00e9charger vos informations, acc\u00e9dez \u00e0 la section \u00ab\u00a0Formation\u00a0\u00bb et choisissez l&rsquo;un des formats disponibles : fichiers documents, ensembles Q&amp;A sp\u00e9cifiques ou blocs de texte simples.<\/p> <\/div>\r\n\t\t\t\t\t<\/div>\r\n\t\t\t\t<\/div> <div class=\"faq-item\">\r\n\t\t\t\t\t<div class=\"faq-item-question\">\r\n\t\t\t\t\t\t<h3 class=\"faq-item-question-text\">Comment cr\u00e9er des r\u00e9ponses rapides pour le Chatbot IA ?<\/h3>\r\n\r\n\t\t\t\t\t\t<div class=\"faq-item-question-icon\"><\/div>\r\n\t\t\t\t\t<\/div>\r\n\r\n\t\t\t\t\t<div class=\"faq-item-answer\">\r\n\t\t\t\t\t\t<div class=\"faq-item-answer-text\"><p>Vous pouvez les ajouter directement dans l&rsquo;\u00e9diteur du Chatbot IA en explorant l&rsquo;onglet \u00ab\u00a0Salutation\u00a0\u00bb. Vous trouverez le champ o\u00f9 vous pouvez saisir un excellent message d&rsquo;ouverture de conversation ou une question fr\u00e9quente.<\/p> <\/div>\r\n\t\t\t\t\t<\/div>\r\n\t\t\t\t<\/div> <div class=\"faq-item\">\r\n\t\t\t\t\t<div class=\"faq-item-question\">\r\n\t\t\t\t\t\t<h3 class=\"faq-item-question-text\">Qu'est-ce qui fait du widget Chatbot IA Elfsight le meilleur pour mon site Blogger ?<\/h3>\r\n\r\n\t\t\t\t\t\t<div class=\"faq-item-question-icon\"><\/div>\r\n\t\t\t\t\t<\/div>\r\n\r\n\t\t\t\t\t<div class=\"faq-item-answer\">\r\n\t\t\t\t\t\t<div class=\"faq-item-answer-text\"> <p>Le widget Chatbot IA est une solution de chat sans codage, aliment\u00e9e par le dernier mod\u00e8le d&rsquo;IA, pr\u00eate \u00e0 \u00eatre form\u00e9e avec les informations de votre entreprise. Avec une interface facile \u00e0 utiliser et plusieurs options de personnalisation, vous pouvez offrir un support client 24\/7 avec une exp\u00e9rience personnalis\u00e9e et rester toujours inform\u00e9 gr\u00e2ce \u00e0 des rapports r\u00e9guliers. D\u00e9couvrez par vous-m\u00eame \u00e0 quel point cela peut \u00eatre simple et rapide avec Elfsight !<\/p> <\/div>\r\n\t\t\t\t\t<\/div>\r\n\t\t\t\t<\/div><\/div><\/div> ","protected":false},"excerpt":{"rendered":"","protected":false},"author":9,"featured_media":0,"parent":16085,"menu_order":0,"comment_status":"closed","ping_status":"closed","template":"templates\/template-application-platform.php","meta":{"publish_to_discourse":"","publish_post_category":"","wpdc_auto_publish_overridden":"","wpdc_topic_tags":"","wpdc_pin_topic":"","wpdc_pin_until":"","discourse_post_id":"","discourse_permalink":"","wpdc_publishing_response":"","wpdc_publishing_error":"","footnotes":""},"class_list":["post-16149","page","type-page","status-publish","hentry"],"yoast_head":"<!-- This site is optimized with the Yoast SEO plugin v25.3.1 - https:\/\/yoast.com\/wordpress\/plugins\/seo\/ -->\n<title>Blogger AI Chatbot widget \u2013 Ajouter un chatbot AI \u00e0 Blogger [GRATUIT]<\/title>\n<meta name=\"description\" content=\"Ajoutez le meilleur widget de chatbot AI \u00e0 votre site Blogger sans codage. Rationalisez le service client avec une int\u00e9gration rapide !\" \/>\n<meta name=\"robots\" content=\"index, follow, max-snippet:-1, max-image-preview:large, max-video-preview:-1\" \/>\n<link rel=\"canonical\" href=\"https:\/\/elfsight.com\/fr\/ai-chatbot-widget\/blogger\/\" \/>\n<meta property=\"og:locale\" content=\"fr_FR\" \/>\n<meta property=\"og:type\" content=\"article\" \/>\n<meta property=\"og:title\" content=\"Blogger AI Chatbot widget \u2013 Ajouter un chatbot AI \u00e0 Blogger [GRATUIT]\" \/>\n<meta property=\"og:description\" content=\"Ajoutez le meilleur widget de chatbot AI \u00e0 votre site Blogger sans codage. Rationalisez le service client avec une int\u00e9gration rapide !\" \/>\n<meta property=\"og:url\" content=\"https:\/\/elfsight.com\/fr\/ai-chatbot-widget\/blogger\/\" \/>\n<meta property=\"og:site_name\" content=\"Elfsight FR\" \/>\n<meta property=\"article:modified_time\" content=\"2025-07-09T09:44:00+00:00\" \/>\n<meta name=\"twitter:card\" content=\"summary_large_image\" \/>\n<meta name=\"twitter:label1\" content=\"Dur\u00e9e de lecture estim\u00e9e\" \/>\n\t<meta name=\"twitter:data1\" content=\"4 minutes\" \/>\n<!-- \/ Yoast SEO plugin. -->","yoast_head_json":{"title":"Blogger AI Chatbot widget \u2013 Ajouter un chatbot AI \u00e0 Blogger [GRATUIT]","description":"Ajoutez le meilleur widget de chatbot AI \u00e0 votre site Blogger sans codage. Rationalisez le service client avec une int\u00e9gration rapide !","robots":{"index":"index","follow":"follow","max-snippet":"max-snippet:-1","max-image-preview":"max-image-preview:large","max-video-preview":"max-video-preview:-1"},"canonical":"https:\/\/elfsight.com\/fr\/ai-chatbot-widget\/blogger\/","og_locale":"fr_FR","og_type":"article","og_title":"Blogger AI Chatbot widget \u2013 Ajouter un chatbot AI \u00e0 Blogger [GRATUIT]","og_description":"Ajoutez le meilleur widget de chatbot AI \u00e0 votre site Blogger sans codage. Rationalisez le service client avec une int\u00e9gration rapide !","og_url":"https:\/\/elfsight.com\/fr\/ai-chatbot-widget\/blogger\/","og_site_name":"Elfsight FR","article_modified_time":"2025-07-09T09:44:00+00:00","twitter_card":"summary_large_image","twitter_misc":{"Dur\u00e9e de lecture estim\u00e9e":"4 minutes"},"schema":{"@context":"https:\/\/schema.org","@graph":[{"@type":"WebPage","@id":"https:\/\/elfsight.com\/fr\/ai-chatbot-widget\/blogger\/","url":"https:\/\/elfsight.com\/fr\/ai-chatbot-widget\/blogger\/","name":"Blogger AI Chatbot widget \u2013 Ajouter un chatbot AI \u00e0 Blogger [GRATUIT]","isPartOf":{"@id":"https:\/\/elfsight.com\/fr\/#website"},"datePublished":"2024-12-28T09:19:19+00:00","dateModified":"2025-07-09T09:44:00+00:00","description":"Ajoutez le meilleur widget de chatbot AI \u00e0 votre site Blogger sans codage. Rationalisez le service client avec une int\u00e9gration rapide !","breadcrumb":{"@id":"https:\/\/elfsight.com\/fr\/ai-chatbot-widget\/blogger\/#breadcrumb"},"inLanguage":"fr-FR","potentialAction":[{"@type":"ReadAction","target":["https:\/\/elfsight.com\/fr\/ai-chatbot-widget\/blogger\/"]}]},{"@type":"BreadcrumbList","@id":"https:\/\/elfsight.com\/fr\/ai-chatbot-widget\/blogger\/#breadcrumb","itemListElement":[{"@type":"ListItem","position":1,"name":"Home","item":"https:\/\/elfsight.com\/fr\/"},{"@type":"ListItem","position":2,"name":"AI Chatbot","item":"https:\/\/elfsight.com\/fr\/ai-chatbot-widget\/"},{"@type":"ListItem","position":3,"name":"AI Chatbot &#8211; Blogger"}]},{"@type":"WebSite","@id":"https:\/\/elfsight.com\/fr\/#website","url":"https:\/\/elfsight.com\/fr\/","name":"Elfsight FR","description":"","potentialAction":[{"@type":"SearchAction","target":{"@type":"EntryPoint","urlTemplate":"https:\/\/elfsight.com\/fr\/?s={search_term_string}"},"query-input":{"@type":"PropertyValueSpecification","valueRequired":true,"valueName":"search_term_string"}}],"inLanguage":"fr-FR"}]}},"meta_box":{"industry":"","seo_heading":"","heading":"","description":"","cta_heading":"","cta_description":"","application":"16084","h1":"Ajouter un chatbot AI \u00e0 votre site Blogger","h1_caption":"Cr\u00e9ez le meilleur chatbot AI, sp\u00e9cifiquement form\u00e9 sur les donn\u00e9es de votre entreprise pour automatiser le support client, capturer des prospects et fournir des r\u00e9ponses instantan\u00e9es et pr\u00e9cises sur le site Blogger\u201424\/7.","application_category":[],"applications_title":"","applications_request_title":"","applications_request_button_text":"","hero_text":"","hero_video":"","hero_video_schema_markup":"","selling_points_title":"","selling_points_caption":"","selling_points":[],"selling_points_cta_text":"","features_title":"","features":"","ed_cta_examples_text":"","ed_cta_examples_hidden":"","ed_cta_demo_text":"","ed_cta_demo_hidden":"","why_caption":"","why_editor_title":"","why_editor_text":"","why_team_title":"","why_team_text":"","why_service_title":"","why_service_text":"","template_catalog_visible":"","template_catalog_title":"","template_catalog_text":"","template_catalog_categories_visible":"","demo_title":"Cr\u00e9ez votre widget de chatbot AI","demo_caption":"Configurez le chatbot AI et ajoutez-le gratuitement \u00e0 votre site Blogger !","default_faq_hidden":"","app_template_category":[],"platform":"348","template_public_id":"","codecanyon_url":"","codecanyon_item_id":"","codecanyon_price":"","pricing_caption":"","pricing_elfsight_apps_hide_column":"","pricing_elfsight_apps_url":"","pricing_codecanyon_price_caption":"","integration_category":[],"integration_request_title":"","integration_request_cta":"","integration_platform":"","integrations":[],"platform_category":[],"video_schema_markup":"","price":"\u00e0 partir de 0 $ \/ mois","trial":"","benefits":[{"text":"Service d'installation gratuit"},{"text":"Support premium"},{"text":"Garantie de remboursement de 14 jours"},{"text":"D\u00e9veloppement continu"},{"text":""}],"button_url":"#demo","button_target_blank":"","button_nofollow":"","attributes":[{"name":"Installations","content":"50,000 - 100,000"},{"name":"R\u00e9actif","content":"Oui"},{"name":"Navigateurs compatibles","content":"Firefox, Safari, Opera, Chrome, Edge"}],"tags":[],"tags_disable_links":"","hide_more_platforms":"","video_object":"","demo_hide_cta":"","demo_hide_cloud_options":"","pricing_title":"","pricing":[{"pricing_icon":"platform","pricing_title":"Elfsight Apps","pricing_title_caption":"Version multiplateforme adapt\u00e9e \u00e0 tout site web","pricing_price":"\u00e0 partir de 0 $ \/ mois","pricing_price_caption":"Commencez avec un plan gratuit","pricing_benefits":[{"text":"Sites web illimit\u00e9s"},{"text":"Support rapide et ponctuel"},{"text":"Service d'installation sans frais"},{"text":"Enti\u00e8rement personnalisable"}],"pricing_button_text":"Ajouter au site web","pricing_button_url":"#demo"}],"related_apps_title":"","related_apps_hidden":"","author":"","image":[],"title":"","job":"","social_networks":[]},"_links":{"self":[{"href":"https:\/\/elfsight.com\/fr\/wp-json\/wp\/v2\/pages\/16149","targetHints":{"allow":["GET"]}}],"collection":[{"href":"https:\/\/elfsight.com\/fr\/wp-json\/wp\/v2\/pages"}],"about":[{"href":"https:\/\/elfsight.com\/fr\/wp-json\/wp\/v2\/types\/page"}],"author":[{"embeddable":true,"href":"https:\/\/elfsight.com\/fr\/wp-json\/wp\/v2\/users\/9"}],"replies":[{"embeddable":true,"href":"https:\/\/elfsight.com\/fr\/wp-json\/wp\/v2\/comments?post=16149"}],"version-history":[{"count":1,"href":"https:\/\/elfsight.com\/fr\/wp-json\/wp\/v2\/pages\/16149\/revisions"}],"predecessor-version":[{"id":16153,"href":"https:\/\/elfsight.com\/fr\/wp-json\/wp\/v2\/pages\/16149\/revisions\/16153"}],"up":[{"embeddable":true,"href":"https:\/\/elfsight.com\/fr\/wp-json\/wp\/v2\/pages\/16085"}],"wp:attachment":[{"href":"https:\/\/elfsight.com\/fr\/wp-json\/wp\/v2\/media?parent=16149"}],"curies":[{"name":"wp","href":"https:\/\/api.w.org\/{rel}","templated":true}]}}