{"id":16147,"date":"2024-12-28T09:29:43","date_gmt":"2024-12-28T09:29:43","guid":{"rendered":"https:\/\/elfsight.com\/fr\/?page_id=16147"},"modified":"2025-07-09T09:46:28","modified_gmt":"2025-07-09T09:46:28","slug":"webnode","status":"publish","type":"page","link":"https:\/\/elfsight.com\/fr\/ai-chatbot-widget\/webnode\/","title":{"rendered":"AI Chatbot &#8211; Webnode"},"content":{"rendered":"<div class=\"application-platform-content-item-description application-platform-content-item\" id=\"description\" data-nav-section=\"description\"><h2>Int\u00e9grer un chatbot IA sur Webnode avec le widget Elfsight !<\/h2> <p>Cr\u00e9ez un chatbot IA avanc\u00e9 pour votre site Webnode, sp\u00e9cifiquement form\u00e9 sur votre base de connaissances, ressources de support, ou questions des clients. Permettez-lui d&rsquo;apprendre et d&rsquo;\u00e9voluer, en envoyant des messages personnalis\u00e9s pour am\u00e9liorer l&rsquo;exp\u00e9rience utilisateur chaque jour.<\/p> <p>Automatisez les t\u00e2ches de service client, raccourcissez les temps de r\u00e9ponse, et g\u00e9n\u00e9rez des prospects avec z\u00e9ro intervention manuelle. Offrez une assistance sans arr\u00eat, de sorte que les clients puissent obtenir les r\u00e9ponses qu&rsquo;ils d\u00e9sirent\u2014quand et o\u00f9 ils le souhaitent !<\/p> <p><b>Ajoutez un assistant IA pour fournir des r\u00e9ponses rapides, r\u00e9soudre des probl\u00e8mes, et augmenter vos ventes !<\/b><\/p> <\/div><div class=\"application-platform-content-item-features application-platform-content-item\" id=\"features\" data-nav-section=\"features\"> <h2>Nous proposons des fonctionnalit\u00e9s puissantes et simples, en voici quelques-unes :<\/h2> <ul><li><b>Automatisez vos interactions avec les clients.<\/b> Simplifiez les r\u00e9ponses, offrez un support 24\/7, et am\u00e9liorez l&rsquo;efficacit\u00e9 avec une configuration minimale\u2014g\u00e9rez des chats et des utilisateurs illimit\u00e9s sans effort !<\/li><li><b>Cr\u00e9ez une exp\u00e9rience personnalis\u00e9e.<\/b> Aidez chaque client \u00e0 se sentir valoris\u00e9 et cr\u00e9ez la meilleure exp\u00e9rience avec des r\u00e9ponses personnalis\u00e9es, les appelant par leur nom, en suivant l&rsquo;historique des chats, et en envoyant des communications de suivi.<\/li><li><b>Entra\u00eenez le chatbot avec des donn\u00e9es d&rsquo;entreprise.<\/b> Dotez le chatbot IA de votre expertise sp\u00e9cialis\u00e9e en t\u00e9l\u00e9chargeant des mat\u00e9riaux, cr\u00e9ant des paires de questions-r\u00e9ponses, et utilisant les informations de votre site pour le g\u00e9n\u00e9rateur d&rsquo;instructions, garantissant des r\u00e9ponses exactes et pertinentes adapt\u00e9es \u00e0 votre contexte commercial.<\/li><li><b>Recevez des informations client dans votre email.<\/b> Restez \u00e0 jour et collectez des informations essentielles en recevant les transcriptions compl\u00e8tes des chats directement dans votre bo\u00eete de r\u00e9ception, incluant des informations de contact vitales pour la g\u00e9n\u00e9ration de prospects et l&rsquo;am\u00e9lioration du service.<\/li><li><b>Explorez une large s\u00e9lection de mod\u00e8les.<\/b> D\u00e9ployez votre chatbot IA rapidement avec notre biblioth\u00e8que de mod\u00e8les pr\u00eats \u00e0 l&#8217;emploi. Ils sont con\u00e7us pour divers secteurs et fonctionnalit\u00e9s, chacun avec des ensembles d&rsquo;instructions sur mesure pour un succ\u00e8s imm\u00e9diat.<\/li><\/ul><p><a href=\"#demo\">Examinez toutes les fonctionnalit\u00e9s de personnalisation dans le configurateur enti\u00e8rement fonctionnel<\/a><\/p> <\/div> <div class=\"application-platform-content-item-installation application-platform-content-item\" id=\"installation\" data-nav-section=\"installation\"> <h2>Comment ajouter le plugin Chatbot IA \u00e0 Webnode ?<\/h2> <p>Si vous souhaitez ajouter le Chatbot IA \u00e0 votre site Webnode, suivez les \u00e9tapes ci-dessous :<\/p> <ol><li><b>Personnalisez le widget.<\/b><br> Commencez par choisir l&rsquo;un des mod\u00e8les pr\u00eats \u00e0 l&#8217;emploi. Ensuite, vous pouvez entra\u00eener votre chatbot, configurer les fonctionnalit\u00e9s, et changer son apparence pour correspondre \u00e0 vos pr\u00e9f\u00e9rences commerciales.<\/li><li><b>G\u00e9n\u00e9rez le code d&rsquo;int\u00e9gration.<\/b><br> Sauvegardez les r\u00e9sultats finaux et copiez le code d&rsquo;installation auto-g\u00e9n\u00e9r\u00e9.<\/li><li><b>Ajoutez le code \u00e0 votre \u00e9diteur de site web.<\/b><br> Acc\u00e9dez au tableau de bord d&rsquo;administration de votre site, ins\u00e9rez le shortcode \u00e0 l&rsquo;endroit choisi, et rafra\u00eechissez la page. C&rsquo;est tout !<\/li> <\/ol><p>En cas de questions ou d&rsquo;obstacles, n&rsquo;h\u00e9sitez pas \u00e0 demander de l&rsquo;aide \u00e0 notre \u00e9quipe de service client. Nos collaborateurs seront ravis de vous aider avec toutes les difficult\u00e9s que vous pourriez rencontrer avec le widget.<\/p> <div class=\"faq\" data-component=\"FAQ\"><div class=\"faq-item\">\r\n\t\t\t\t\t<div class=\"faq-item-question\">\r\n\t\t\t\t\t\t<h3 class=\"faq-item-question-text\">Comment puis-je ajouter mes informations d'entreprise au widget Chatbot IA ?<\/h3>\r\n\r\n\t\t\t\t\t\t<div class=\"faq-item-question-icon\"><\/div>\r\n\t\t\t\t\t<\/div>\r\n\r\n\t\t\t\t\t<div class=\"faq-item-answer\">\r\n\t\t\t\t\t\t<div class=\"faq-item-answer-text\"><p>Pour ajouter vos informations, acc\u00e9dez \u00e0 l&rsquo;onglet \u00ab\u00a0Formation\u00a0\u00bb et s\u00e9lectionnez l&rsquo;un des formats fournis : fichiers documentaires, ensembles de questions-r\u00e9ponses sp\u00e9cifiques, ou blocs de texte simples.<\/p> <\/div>\r\n\t\t\t\t\t<\/div>\r\n\t\t\t\t<\/div> <div class=\"faq-item\">\r\n\t\t\t\t\t<div class=\"faq-item-question\">\r\n\t\t\t\t\t\t<h3 class=\"faq-item-question-text\">Comment cr\u00e9er des r\u00e9ponses rapides pour le Chatbot IA ?<\/h3>\r\n\r\n\t\t\t\t\t\t<div class=\"faq-item-question-icon\"><\/div>\r\n\t\t\t\t\t<\/div>\r\n\r\n\t\t\t\t\t<div class=\"faq-item-answer\">\r\n\t\t\t\t\t\t<div class=\"faq-item-answer-text\"><p>Vous pouvez les ajouter directement dans le configurateur du Chatbot IA en allant dans la section \u00ab\u00a0Salutation\u00a0\u00bb. Vous y d\u00e9couvrirez le champ o\u00f9 vous pouvez entrer un d\u00e9marrage de conversation int\u00e9ressant ou une question populaire.<\/p> <\/div>\r\n\t\t\t\t\t<\/div>\r\n\t\t\t\t<\/div> <div class=\"faq-item\">\r\n\t\t\t\t\t<div class=\"faq-item-question\">\r\n\t\t\t\t\t\t<h3 class=\"faq-item-question-text\">Qu'est-ce qui fait du widget Chatbot IA d'Elfsight le meilleur pour mon site Webnode ?<\/h3>\r\n\r\n\t\t\t\t\t\t<div class=\"faq-item-question-icon\"><\/div>\r\n\t\t\t\t\t<\/div>\r\n\r\n\t\t\t\t\t<div class=\"faq-item-answer\">\r\n\t\t\t\t\t\t<div class=\"faq-item-answer-text\"> <p>Le widget Chatbot IA est une solution de chat sans codage propuls\u00e9e par le mod\u00e8le IA le plus r\u00e9cent, pr\u00eate \u00e0 \u00eatre form\u00e9e avec les informations de votre entreprise. Avec une interface conviviale et plusieurs param\u00e8tres de personnalisation, vous pouvez garantir un support client 24h\/24 avec une exp\u00e9rience personnalis\u00e9e et rester toujours inform\u00e9 avec des rapports continus. D\u00e9couvrez par vous-m\u00eame \u00e0 quel point cela peut \u00eatre pratique et rapide avec Elfsight !<\/p> <\/div>\r\n\t\t\t\t\t<\/div>\r\n\t\t\t\t<\/div><\/div><\/div> ","protected":false},"excerpt":{"rendered":"","protected":false},"author":9,"featured_media":0,"parent":16085,"menu_order":0,"comment_status":"closed","ping_status":"closed","template":"templates\/template-application-platform.php","meta":{"publish_to_discourse":"","publish_post_category":"","wpdc_auto_publish_overridden":"","wpdc_topic_tags":"","wpdc_pin_topic":"","wpdc_pin_until":"","discourse_post_id":"","discourse_permalink":"","wpdc_publishing_response":"","wpdc_publishing_error":"","footnotes":""},"class_list":["post-16147","page","type-page","status-publish","hentry"],"yoast_head":"<!-- This site is optimized with the Yoast SEO plugin v25.3.1 - https:\/\/yoast.com\/wordpress\/plugins\/seo\/ -->\n<title>Webnode AI Chatbot widget \u2013 Ajouter un chatbot AI \u00e0 Webnode [GRATUIT]<\/title>\n<meta name=\"description\" content=\"Ajoutez le meilleur widget de chatbot AI \u00e0 votre site Webnode sans codage. Optimisez l&#039;assistance client avec une int\u00e9gration facile !\" \/>\n<meta name=\"robots\" content=\"index, follow, max-snippet:-1, max-image-preview:large, max-video-preview:-1\" \/>\n<link rel=\"canonical\" href=\"https:\/\/elfsight.com\/fr\/ai-chatbot-widget\/webnode\/\" \/>\n<meta property=\"og:locale\" content=\"fr_FR\" \/>\n<meta property=\"og:type\" content=\"article\" \/>\n<meta property=\"og:title\" content=\"Webnode AI Chatbot widget \u2013 Ajouter un chatbot AI \u00e0 Webnode [GRATUIT]\" \/>\n<meta property=\"og:description\" content=\"Ajoutez le meilleur widget de chatbot AI \u00e0 votre site Webnode sans codage. Optimisez l&#039;assistance client avec une int\u00e9gration facile !\" \/>\n<meta property=\"og:url\" content=\"https:\/\/elfsight.com\/fr\/ai-chatbot-widget\/webnode\/\" \/>\n<meta property=\"og:site_name\" content=\"Elfsight FR\" \/>\n<meta property=\"article:modified_time\" content=\"2025-07-09T09:46:28+00:00\" \/>\n<meta name=\"twitter:card\" content=\"summary_large_image\" \/>\n<meta name=\"twitter:label1\" content=\"Dur\u00e9e de lecture estim\u00e9e\" \/>\n\t<meta name=\"twitter:data1\" content=\"4 minutes\" \/>\n<!-- \/ Yoast SEO plugin. -->","yoast_head_json":{"title":"Webnode AI Chatbot widget \u2013 Ajouter un chatbot AI \u00e0 Webnode [GRATUIT]","description":"Ajoutez le meilleur widget de chatbot AI \u00e0 votre site Webnode sans codage. Optimisez l'assistance client avec une int\u00e9gration facile !","robots":{"index":"index","follow":"follow","max-snippet":"max-snippet:-1","max-image-preview":"max-image-preview:large","max-video-preview":"max-video-preview:-1"},"canonical":"https:\/\/elfsight.com\/fr\/ai-chatbot-widget\/webnode\/","og_locale":"fr_FR","og_type":"article","og_title":"Webnode AI Chatbot widget \u2013 Ajouter un chatbot AI \u00e0 Webnode [GRATUIT]","og_description":"Ajoutez le meilleur widget de chatbot AI \u00e0 votre site Webnode sans codage. Optimisez l'assistance client avec une int\u00e9gration facile !","og_url":"https:\/\/elfsight.com\/fr\/ai-chatbot-widget\/webnode\/","og_site_name":"Elfsight FR","article_modified_time":"2025-07-09T09:46:28+00:00","twitter_card":"summary_large_image","twitter_misc":{"Dur\u00e9e de lecture estim\u00e9e":"4 minutes"},"schema":{"@context":"https:\/\/schema.org","@graph":[{"@type":"WebPage","@id":"https:\/\/elfsight.com\/fr\/ai-chatbot-widget\/webnode\/","url":"https:\/\/elfsight.com\/fr\/ai-chatbot-widget\/webnode\/","name":"Webnode AI Chatbot widget \u2013 Ajouter un chatbot AI \u00e0 Webnode [GRATUIT]","isPartOf":{"@id":"https:\/\/elfsight.com\/fr\/#website"},"datePublished":"2024-12-28T09:29:43+00:00","dateModified":"2025-07-09T09:46:28+00:00","description":"Ajoutez le meilleur widget de chatbot AI \u00e0 votre site Webnode sans codage. Optimisez l'assistance client avec une int\u00e9gration facile !","breadcrumb":{"@id":"https:\/\/elfsight.com\/fr\/ai-chatbot-widget\/webnode\/#breadcrumb"},"inLanguage":"fr-FR","potentialAction":[{"@type":"ReadAction","target":["https:\/\/elfsight.com\/fr\/ai-chatbot-widget\/webnode\/"]}]},{"@type":"BreadcrumbList","@id":"https:\/\/elfsight.com\/fr\/ai-chatbot-widget\/webnode\/#breadcrumb","itemListElement":[{"@type":"ListItem","position":1,"name":"Home","item":"https:\/\/elfsight.com\/fr\/"},{"@type":"ListItem","position":2,"name":"AI Chatbot","item":"https:\/\/elfsight.com\/fr\/ai-chatbot-widget\/"},{"@type":"ListItem","position":3,"name":"AI Chatbot &#8211; Webnode"}]},{"@type":"WebSite","@id":"https:\/\/elfsight.com\/fr\/#website","url":"https:\/\/elfsight.com\/fr\/","name":"Elfsight FR","description":"","potentialAction":[{"@type":"SearchAction","target":{"@type":"EntryPoint","urlTemplate":"https:\/\/elfsight.com\/fr\/?s={search_term_string}"},"query-input":{"@type":"PropertyValueSpecification","valueRequired":true,"valueName":"search_term_string"}}],"inLanguage":"fr-FR"}]}},"meta_box":{"industry":"","seo_heading":"","heading":"","description":"","cta_heading":"","cta_description":"","application":"16084","h1":"Ajouter un chatbot AI \u00e0 votre site Webnode","h1_caption":"Cr\u00e9ez le meilleur chatbot AI, sp\u00e9cifiquement form\u00e9 sur les donn\u00e9es de votre entreprise pour automatiser le support client, capturer des prospects et fournir des r\u00e9ponses instantan\u00e9es et pr\u00e9cises sur le site Webnode\u201424\/7.","application_category":[],"applications_title":"","applications_request_title":"","applications_request_button_text":"","hero_text":"","hero_video":"","hero_video_schema_markup":"","selling_points_title":"","selling_points_caption":"","selling_points":[],"selling_points_cta_text":"","features_title":"","features":"","ed_cta_examples_text":"","ed_cta_examples_hidden":"","ed_cta_demo_text":"","ed_cta_demo_hidden":"","why_caption":"","why_editor_title":"","why_editor_text":"","why_team_title":"","why_team_text":"","why_service_title":"","why_service_text":"","template_catalog_visible":"","template_catalog_title":"","template_catalog_text":"","template_catalog_categories_visible":"","demo_title":"Cr\u00e9ez votre plugin de chatbot AI","demo_caption":"Configurez le chatbot AI et ajoutez-le gratuitement \u00e0 votre site Webnode !","default_faq_hidden":"","app_template_category":[],"platform":"364","template_public_id":"","codecanyon_url":"","codecanyon_item_id":"","codecanyon_price":"","pricing_caption":"","pricing_elfsight_apps_hide_column":"","pricing_elfsight_apps_url":"","pricing_codecanyon_price_caption":"","integration_category":[],"integration_request_title":"","integration_request_cta":"","integration_platform":"","integrations":[],"platform_category":[],"video_schema_markup":"","price":"\u00e0 partir de 0 $ \/ mois","trial":"","benefits":[{"text":"Aide \u00e0 l'installation gratuite"},{"text":"Support client exp\u00e9riment\u00e9"},{"text":"Garantie de remboursement de 14 jours"},{"text":"Am\u00e9liorations gratuites continues"},{"text":""}],"button_url":"#demo","button_target_blank":"","button_nofollow":"","attributes":[{"name":"Installations","content":"50,000 - 100,000"},{"name":"R\u00e9actif","content":"Oui"},{"name":"Navigateurs compatibles","content":"Firefox, Safari, Opera, Chrome, Edge"}],"tags":[],"tags_disable_links":"","hide_more_platforms":"","video_object":"","demo_hide_cta":"","demo_hide_cloud_options":"","pricing_title":"","pricing":[{"pricing_icon":"platform","pricing_title":"Elfsight Apps","pricing_title_caption":"Logiciel multiplateforme adapt\u00e9 \u00e0 tout site web","pricing_price":"\u00e0 partir de 0 $ \/ mois","pricing_price_caption":"Commencez avec un plan gratuit","pricing_benefits":[{"text":"Sites web illimit\u00e9s"},{"text":"Support client d\u00e9di\u00e9"},{"text":"Service d'installation sans frais"},{"text":"100% personnalisable"}],"pricing_button_text":"Ajouter au site web","pricing_button_url":"#demo"}],"related_apps_title":"","related_apps_hidden":"","author":"","image":[],"title":"","job":"","social_networks":[]},"_links":{"self":[{"href":"https:\/\/elfsight.com\/fr\/wp-json\/wp\/v2\/pages\/16147","targetHints":{"allow":["GET"]}}],"collection":[{"href":"https:\/\/elfsight.com\/fr\/wp-json\/wp\/v2\/pages"}],"about":[{"href":"https:\/\/elfsight.com\/fr\/wp-json\/wp\/v2\/types\/page"}],"author":[{"embeddable":true,"href":"https:\/\/elfsight.com\/fr\/wp-json\/wp\/v2\/users\/9"}],"replies":[{"embeddable":true,"href":"https:\/\/elfsight.com\/fr\/wp-json\/wp\/v2\/comments?post=16147"}],"version-history":[{"count":1,"href":"https:\/\/elfsight.com\/fr\/wp-json\/wp\/v2\/pages\/16147\/revisions"}],"predecessor-version":[{"id":16151,"href":"https:\/\/elfsight.com\/fr\/wp-json\/wp\/v2\/pages\/16147\/revisions\/16151"}],"up":[{"embeddable":true,"href":"https:\/\/elfsight.com\/fr\/wp-json\/wp\/v2\/pages\/16085"}],"wp:attachment":[{"href":"https:\/\/elfsight.com\/fr\/wp-json\/wp\/v2\/media?parent=16147"}],"curies":[{"name":"wp","href":"https:\/\/api.w.org\/{rel}","templated":true}]}}