{"id":16141,"date":"2024-12-28T09:37:22","date_gmt":"2024-12-28T09:37:22","guid":{"rendered":"https:\/\/elfsight.com\/fr\/?page_id=16141"},"modified":"2025-07-09T09:44:20","modified_gmt":"2025-07-09T09:44:20","slug":"facebook","status":"publish","type":"page","link":"https:\/\/elfsight.com\/fr\/ai-chatbot-widget\/facebook\/","title":{"rendered":"AI Chatbot &#8211; Facebook Page"},"content":{"rendered":"<div class=\"application-platform-content-item-description application-platform-content-item\" id=\"description\" data-nav-section=\"description\"><h2>Int\u00e9grer un chatbot IA sur la page Facebook avec le widget Elfsight !<\/h2> <p>Cr\u00e9ez un chatbot IA de premier ordre pour votre site de page Facebook, sp\u00e9cifiquement form\u00e9 sur votre base de connaissances, documents de support ou FAQ client. Permettez-lui d&rsquo;apprendre et de s&rsquo;adapter, envoyant des messages personnalis\u00e9s pour am\u00e9liorer l&rsquo;engagement des utilisateurs quotidiennement.<\/p> <p>Rationalisez les t\u00e2ches de service client, r\u00e9duisez les temps de r\u00e9ponse et capturez efficacement des prospects sans intervention manuelle. Offrez une assistance 24h\/24 et 7j\/7, garantissant aux clients d&rsquo;obtenir les r\u00e9ponses dont ils ont besoin\u2014\u00e0 toute heure, de n&rsquo;importe o\u00f9 !<\/p> <p><b>Ajoutez un assistant IA pour r\u00e9pondre aux questions, r\u00e9soudre des probl\u00e8mes, et augmenter vos ventes !<\/b><\/p> <\/div><div class=\"application-platform-content-item-features application-platform-content-item\" id=\"features\" data-nav-section=\"features\"> <h2>Le widget offre des fonctionnalit\u00e9s pratiques et simples, en voici quelques-unes :<\/h2> <ul><li><b>Automatisez votre communication client.<\/b> Simplifiez les r\u00e9ponses rapides, offrez un support toute la journ\u00e9e, et am\u00e9liorez l&rsquo;efficacit\u00e9 avec une configuration minimale\u2014g\u00e9rez des chats et des utilisateurs illimit\u00e9s sans effort !<\/li><li><b>Fournissez une exp\u00e9rience personnalis\u00e9e.<\/b> Faites en sorte que chaque client se sente appr\u00e9ci\u00e9 et cr\u00e9ez la meilleure exp\u00e9rience avec des r\u00e9ponses personnalis\u00e9es, en les appelant par leur nom, en suivant les conversations pr\u00e9c\u00e9dentes, et en envoyant des messages de suivi.<\/li><li><b>Entra\u00eenez le chatbot avec des donn\u00e9es d&rsquo;entreprise.<\/b> Renforcez le chatbot IA avec vos connaissances sp\u00e9cialis\u00e9es en t\u00e9l\u00e9chargeant des fichiers, y compris des paires de questions et r\u00e9ponses, et en utilisant le contenu de votre site pour le g\u00e9n\u00e9rateur d&rsquo;instructions, garantissant des r\u00e9ponses pr\u00e9cises et pertinentes adapt\u00e9es \u00e0 votre contexte d&rsquo;affaires.<\/li><li><b>Recevez des informations client dans votre email.<\/b> Restez \u00e0 jour et saisissez des informations importantes en recevant des transcriptions compl\u00e8tes des chats dans votre bo\u00eete de r\u00e9ception, y compris les informations de contact cl\u00e9s pour la g\u00e9n\u00e9ration de prospects et l&rsquo;optimisation du service.<\/li><li><b>D\u00e9couvrez une large gamme de mod\u00e8les.<\/b> Configurez rapidement votre chatbot IA avec notre collection de mod\u00e8les pr\u00eats \u00e0 l&#8217;emploi. Ils s&rsquo;adaptent \u00e0 divers secteurs et fonctionnalit\u00e9s, chacun pr\u00e9sentant des ensembles d&rsquo;instructions personnalis\u00e9es pour des r\u00e9sultats imm\u00e9diats.<\/li><\/ul><p><a href=\"#demo\">D\u00e9couvrez toutes les fonctionnalit\u00e9s du widget dans le configurateur sur cette page<\/a><\/p> <\/div> <div class=\"application-platform-content-item-installation application-platform-content-item\" id=\"installation\" data-nav-section=\"installation\"> <h2>Comment ajouter le plugin Chatbot IA \u00e0 votre page Facebook ?<\/h2> <p>Pour ajouter le Chatbot IA \u00e0 votre page Facebook, proc\u00e9dez comme suit :<\/p> <ol><li><b>Personnalisez le widget.<\/b><br> Commencez par choisir l&rsquo;un des mod\u00e8les pr\u00e9fabriqu\u00e9s. Ensuite, n&rsquo;h\u00e9sitez pas \u00e0 entra\u00eener votre chatbot, organiser les fonctionnalit\u00e9s et ajuster son design selon vos pr\u00e9f\u00e9rences commerciales.<\/li><li><b>Obtenez le code d&rsquo;int\u00e9gration.<\/b><br> Sauvegardez les personnalisations et copiez le code d&rsquo;int\u00e9gration g\u00e9n\u00e9r\u00e9.<\/li><li><b>Ajoutez le code \u00e0 l&rsquo;\u00e9diteur de votre site web.<\/b><br> Acc\u00e9dez au panneau d&rsquo;administration de votre site, placez le code \u00e0 l&rsquo;endroit appropri\u00e9, et mettez \u00e0 jour la page. C&rsquo;est aussi simple que cela !<\/li> <\/ol><p>Si vous avez des questions ou rencontrez des obstacles, n&rsquo;h\u00e9sitez pas \u00e0 faire appel \u00e0 notre \u00e9quipe de support. Nos consultants seront heureux de r\u00e9soudre toutes les difficult\u00e9s que vous pourriez avoir avec le widget.<\/p> <div class=\"faq\" data-component=\"FAQ\"><div class=\"faq-item\">\r\n\t\t\t\t\t<div class=\"faq-item-question\">\r\n\t\t\t\t\t\t<h3 class=\"faq-item-question-text\">Comment puis-je ajouter mes informations d'entreprise au widget Chatbot IA ?<\/h3>\r\n\r\n\t\t\t\t\t\t<div class=\"faq-item-question-icon\"><\/div>\r\n\t\t\t\t\t<\/div>\r\n\r\n\t\t\t\t\t<div class=\"faq-item-answer\">\r\n\t\t\t\t\t\t<div class=\"faq-item-answer-text\"><p>Pour ajouter vos informations, ouvrez l&rsquo;onglet \u00ab\u00a0Formation\u00a0\u00bb et choisissez l&rsquo;un des formats existants : fichiers documentaires, paires de questions et r\u00e9ponses sp\u00e9cifiques, ou blocs de texte simples.<\/p> <\/div>\r\n\t\t\t\t\t<\/div>\r\n\t\t\t\t<\/div> <div class=\"faq-item\">\r\n\t\t\t\t\t<div class=\"faq-item-question\">\r\n\t\t\t\t\t\t<h3 class=\"faq-item-question-text\">Comment cr\u00e9er des r\u00e9ponses rapides pour le Chatbot IA ?<\/h3>\r\n\r\n\t\t\t\t\t\t<div class=\"faq-item-question-icon\"><\/div>\r\n\t\t\t\t\t<\/div>\r\n\r\n\t\t\t\t\t<div class=\"faq-item-answer\">\r\n\t\t\t\t\t\t<div class=\"faq-item-answer-text\"><p>Vous pouvez les ajouter directement dans l&rsquo;\u00e9diteur du Chatbot IA dans la section \u00ab\u00a0Salutation\u00a0\u00bb. Vous y trouverez le champ o\u00f9 vous pouvez inclure un d\u00e9marrage de conversation attrayant ou une question populaire.<\/p> <\/div>\r\n\t\t\t\t\t<\/div>\r\n\t\t\t\t<\/div> <div class=\"faq-item\">\r\n\t\t\t\t\t<div class=\"faq-item-question\">\r\n\t\t\t\t\t\t<h3 class=\"faq-item-question-text\">Qu'est-ce qui fait du widget Chatbot IA d'Elfsight le meilleur pour ma page Facebook ?<\/h3>\r\n\r\n\t\t\t\t\t\t<div class=\"faq-item-question-icon\"><\/div>\r\n\t\t\t\t\t<\/div>\r\n\r\n\t\t\t\t\t<div class=\"faq-item-answer\">\r\n\t\t\t\t\t\t<div class=\"faq-item-answer-text\"> <p>Le widget Chatbot IA est une solution de chat sans code aliment\u00e9e par le mod\u00e8le IA le plus avanc\u00e9, pr\u00eate \u00e0 \u00eatre form\u00e9e avec les informations de votre entreprise. Avec une interface facile \u00e0 naviguer et diverses options de personnalisation, vous pouvez offrir un service client 24h\/24 et 7j\/7 avec une exp\u00e9rience personnalis\u00e9e et rester toujours inform\u00e9 avec des rapports r\u00e9guliers. D\u00e9couvrez par vous-m\u00eame \u00e0 quel point cela peut \u00eatre simple et rapide avec Elfsight !<\/p> <\/div>\r\n\t\t\t\t\t<\/div>\r\n\t\t\t\t<\/div><\/div><\/div> ","protected":false},"excerpt":{"rendered":"","protected":false},"author":9,"featured_media":0,"parent":16085,"menu_order":0,"comment_status":"closed","ping_status":"closed","template":"templates\/template-application-platform.php","meta":{"publish_to_discourse":"","publish_post_category":"","wpdc_auto_publish_overridden":"","wpdc_topic_tags":"","wpdc_pin_topic":"","wpdc_pin_until":"","discourse_post_id":"","discourse_permalink":"","wpdc_publishing_response":"","wpdc_publishing_error":"","footnotes":""},"class_list":["post-16141","page","type-page","status-publish","hentry"],"yoast_head":"<!-- This site is optimized with the Yoast SEO plugin v25.3.1 - https:\/\/yoast.com\/wordpress\/plugins\/seo\/ -->\n<title>Facebook Page AI Chatbot widget \u2013 Ajouter un chatbot AI \u00e0 une page Facebook [GRATUIT]<\/title>\n<meta name=\"description\" content=\"Ajoutez le meilleur widget de chatbot AI \u00e0 votre page Facebook sans codage. Automatisez le service client avec une int\u00e9gration simple !\" \/>\n<meta name=\"robots\" content=\"index, follow, max-snippet:-1, max-image-preview:large, max-video-preview:-1\" \/>\n<link rel=\"canonical\" href=\"https:\/\/elfsight.com\/fr\/ai-chatbot-widget\/facebook\/\" \/>\n<meta property=\"og:locale\" content=\"fr_FR\" \/>\n<meta property=\"og:type\" content=\"article\" \/>\n<meta property=\"og:title\" content=\"Facebook Page AI Chatbot widget \u2013 Ajouter un chatbot AI \u00e0 une page Facebook [GRATUIT]\" \/>\n<meta property=\"og:description\" content=\"Ajoutez le meilleur widget de chatbot AI \u00e0 votre page Facebook sans codage. Automatisez le service client avec une int\u00e9gration simple !\" \/>\n<meta property=\"og:url\" content=\"https:\/\/elfsight.com\/fr\/ai-chatbot-widget\/facebook\/\" \/>\n<meta property=\"og:site_name\" content=\"Elfsight FR\" \/>\n<meta property=\"article:modified_time\" content=\"2025-07-09T09:44:20+00:00\" \/>\n<meta name=\"twitter:card\" content=\"summary_large_image\" \/>\n<meta name=\"twitter:label1\" content=\"Dur\u00e9e de lecture estim\u00e9e\" \/>\n\t<meta name=\"twitter:data1\" content=\"4 minutes\" \/>\n<!-- \/ Yoast SEO plugin. -->","yoast_head_json":{"title":"Facebook Page AI Chatbot widget \u2013 Ajouter un chatbot AI \u00e0 une page Facebook [GRATUIT]","description":"Ajoutez le meilleur widget de chatbot AI \u00e0 votre page Facebook sans codage. Automatisez le service client avec une int\u00e9gration simple !","robots":{"index":"index","follow":"follow","max-snippet":"max-snippet:-1","max-image-preview":"max-image-preview:large","max-video-preview":"max-video-preview:-1"},"canonical":"https:\/\/elfsight.com\/fr\/ai-chatbot-widget\/facebook\/","og_locale":"fr_FR","og_type":"article","og_title":"Facebook Page AI Chatbot widget \u2013 Ajouter un chatbot AI \u00e0 une page Facebook [GRATUIT]","og_description":"Ajoutez le meilleur widget de chatbot AI \u00e0 votre page Facebook sans codage. Automatisez le service client avec une int\u00e9gration simple !","og_url":"https:\/\/elfsight.com\/fr\/ai-chatbot-widget\/facebook\/","og_site_name":"Elfsight FR","article_modified_time":"2025-07-09T09:44:20+00:00","twitter_card":"summary_large_image","twitter_misc":{"Dur\u00e9e de lecture estim\u00e9e":"4 minutes"},"schema":{"@context":"https:\/\/schema.org","@graph":[{"@type":"WebPage","@id":"https:\/\/elfsight.com\/fr\/ai-chatbot-widget\/facebook\/","url":"https:\/\/elfsight.com\/fr\/ai-chatbot-widget\/facebook\/","name":"Facebook Page AI Chatbot widget \u2013 Ajouter un chatbot AI \u00e0 une page Facebook [GRATUIT]","isPartOf":{"@id":"https:\/\/elfsight.com\/fr\/#website"},"datePublished":"2024-12-28T09:37:22+00:00","dateModified":"2025-07-09T09:44:20+00:00","description":"Ajoutez le meilleur widget de chatbot AI \u00e0 votre page Facebook sans codage. Automatisez le service client avec une int\u00e9gration simple !","breadcrumb":{"@id":"https:\/\/elfsight.com\/fr\/ai-chatbot-widget\/facebook\/#breadcrumb"},"inLanguage":"fr-FR","potentialAction":[{"@type":"ReadAction","target":["https:\/\/elfsight.com\/fr\/ai-chatbot-widget\/facebook\/"]}]},{"@type":"BreadcrumbList","@id":"https:\/\/elfsight.com\/fr\/ai-chatbot-widget\/facebook\/#breadcrumb","itemListElement":[{"@type":"ListItem","position":1,"name":"Home","item":"https:\/\/elfsight.com\/fr\/"},{"@type":"ListItem","position":2,"name":"AI Chatbot","item":"https:\/\/elfsight.com\/fr\/ai-chatbot-widget\/"},{"@type":"ListItem","position":3,"name":"AI Chatbot &#8211; Facebook Page"}]},{"@type":"WebSite","@id":"https:\/\/elfsight.com\/fr\/#website","url":"https:\/\/elfsight.com\/fr\/","name":"Elfsight FR","description":"","potentialAction":[{"@type":"SearchAction","target":{"@type":"EntryPoint","urlTemplate":"https:\/\/elfsight.com\/fr\/?s={search_term_string}"},"query-input":{"@type":"PropertyValueSpecification","valueRequired":true,"valueName":"search_term_string"}}],"inLanguage":"fr-FR"}]}},"meta_box":{"industry":"","seo_heading":"","heading":"","description":"","cta_heading":"","cta_description":"","application":"16084","h1":"Ajouter un chatbot AI \u00e0 votre page Facebook","h1_caption":"Cr\u00e9ez le meilleur chatbot AI, sp\u00e9cifiquement form\u00e9 sur les donn\u00e9es de votre entreprise pour automatiser le support client, capturer des prospects et fournir des r\u00e9ponses instantan\u00e9es et pr\u00e9cises sur la page Facebook\u201424\/7.","application_category":[],"applications_title":"","applications_request_title":"","applications_request_button_text":"","hero_text":"","hero_video":"","hero_video_schema_markup":"","selling_points_title":"","selling_points_caption":"","selling_points":[],"selling_points_cta_text":"","features_title":"","features":"","ed_cta_examples_text":"","ed_cta_examples_hidden":"","ed_cta_demo_text":"","ed_cta_demo_hidden":"","why_caption":"","why_editor_title":"","why_editor_text":"","why_team_title":"","why_team_text":"","why_service_title":"","why_service_text":"","template_catalog_visible":"","template_catalog_title":"","template_catalog_text":"","template_catalog_categories_visible":"","demo_title":"Cr\u00e9ez votre widget de chatbot AI","demo_caption":"Configurez le chatbot AI et ajoutez-le gratuitement \u00e0 votre page Facebook !","default_faq_hidden":"","app_template_category":[],"platform":"394","template_public_id":"","codecanyon_url":"","codecanyon_item_id":"","codecanyon_price":"","pricing_caption":"","pricing_elfsight_apps_hide_column":"","pricing_elfsight_apps_url":"","pricing_codecanyon_price_caption":"","integration_category":[],"integration_request_title":"","integration_request_cta":"","integration_platform":"","integrations":[],"platform_category":[],"video_schema_markup":"","price":"\u00e0 partir de 0 $ \/ mois","trial":"","benefits":[{"text":"Service d'installation sans frais"},{"text":"Support premium"},{"text":"Garantie de remboursement de 14 jours"},{"text":"D\u00e9veloppement continu"},{"text":""}],"button_url":"#demo","button_target_blank":"","button_nofollow":"","attributes":[{"name":"Installations","content":"50,000 - 100,000"},{"name":"R\u00e9actif","content":"Oui"},{"name":"Navigateurs compatibles","content":"Firefox, Safari, Opera, Chrome, Edge"}],"tags":[],"tags_disable_links":"","hide_more_platforms":"","video_object":"","demo_hide_cta":"","demo_hide_cloud_options":"","pricing_title":"","pricing":[{"pricing_icon":"platform","pricing_title":"Elfsight Apps","pricing_title_caption":"Version ind\u00e9pendante de la plateforme adapt\u00e9e \u00e0 tout site web","pricing_price":"\u00e0 partir de 0 $ \/ mois","pricing_price_caption":"Commencez avec un plan gratuit","pricing_benefits":[{"text":"Sites web illimit\u00e9s"},{"text":"Support gratuit et ponctuel"},{"text":"Assistance d'installation gratuite"},{"text":"Design flexible"}],"pricing_button_text":"Ajouter au site web","pricing_button_url":"#demo"}],"related_apps_title":"","related_apps_hidden":"","author":"","image":[],"title":"","job":"","social_networks":[]},"_links":{"self":[{"href":"https:\/\/elfsight.com\/fr\/wp-json\/wp\/v2\/pages\/16141","targetHints":{"allow":["GET"]}}],"collection":[{"href":"https:\/\/elfsight.com\/fr\/wp-json\/wp\/v2\/pages"}],"about":[{"href":"https:\/\/elfsight.com\/fr\/wp-json\/wp\/v2\/types\/page"}],"author":[{"embeddable":true,"href":"https:\/\/elfsight.com\/fr\/wp-json\/wp\/v2\/users\/9"}],"replies":[{"embeddable":true,"href":"https:\/\/elfsight.com\/fr\/wp-json\/wp\/v2\/comments?post=16141"}],"version-history":[{"count":1,"href":"https:\/\/elfsight.com\/fr\/wp-json\/wp\/v2\/pages\/16141\/revisions"}],"predecessor-version":[{"id":16145,"href":"https:\/\/elfsight.com\/fr\/wp-json\/wp\/v2\/pages\/16141\/revisions\/16145"}],"up":[{"embeddable":true,"href":"https:\/\/elfsight.com\/fr\/wp-json\/wp\/v2\/pages\/16085"}],"wp:attachment":[{"href":"https:\/\/elfsight.com\/fr\/wp-json\/wp\/v2\/media?parent=16141"}],"curies":[{"name":"wp","href":"https:\/\/api.w.org\/{rel}","templated":true}]}}