{"id":16138,"date":"2024-12-28T09:51:56","date_gmt":"2024-12-28T09:51:56","guid":{"rendered":"https:\/\/elfsight.com\/fr\/?page_id=16138"},"modified":"2025-07-09T09:45:55","modified_gmt":"2025-07-09T09:45:55","slug":"prestashop","status":"publish","type":"page","link":"https:\/\/elfsight.com\/fr\/ai-chatbot-widget\/prestashop\/","title":{"rendered":"AI Chatbot &#8211; PrestaShop"},"content":{"rendered":"<div class=\"application-platform-content-item-description application-platform-content-item\" id=\"description\" data-nav-section=\"description\"><h2>Int\u00e9grez le chatbot IA sur PrestaShop avec le widget Elfsight !<\/h2> <p>Cr\u00e9ez un chatbot IA de premier ordre pour votre site Web PrestaShop, sp\u00e9cifiquement form\u00e9 sur votre base de connaissances, vos ressources de support ou vos questions fr\u00e9quemment pos\u00e9es. Permettez-lui d&rsquo;apprendre et d&rsquo;\u00e9voluer, en offrant des messages personnalis\u00e9s pour am\u00e9liorer l&rsquo;exp\u00e9rience utilisateur chaque jour.<\/p> <p>Automatisez facilement les t\u00e2ches de service client, r\u00e9duisez les temps de r\u00e9ponse et capturez efficacement des prospects sans travail manuel. Offrez une assistance 24\/7, afin que vos clients puissent trouver les informations qu&rsquo;ils d\u00e9sirent, \u00e0 tout moment et en tout lieu !<\/p> <p><b>Ajoutez un assistant IA pour fournir des r\u00e9ponses rapides, r\u00e9soudre des probl\u00e8mes et d\u00e9velopper vos ventes !<\/b><\/p> <\/div><div class=\"application-platform-content-item-features application-platform-content-item\" id=\"features\" data-nav-section=\"features\"> <h2>Explorez la liste des fonctionnalit\u00e9s les plus puissantes :<\/h2> <ul><li><b>Automatisez vos interactions avec les clients.<\/b> Simplifiez les r\u00e9ponses rapides, fournissez un support 24h\/24 et augmentez l&rsquo;efficacit\u00e9 avec une configuration minimale\u2014g\u00e9rez facilement un nombre illimit\u00e9 de chats et d&rsquo;utilisateurs !<\/li><li><b>Offrez une exp\u00e9rience personnalis\u00e9e.<\/b> Faites en sorte que chaque client se sente important et cr\u00e9ez la meilleure exp\u00e9rience avec des r\u00e9ponses personnalis\u00e9es, en utilisant leurs noms, en suivant les conversations pr\u00e9c\u00e9dentes et en envoyant des messages de suivi.<\/li><li><b>Entra\u00eenez le chatbot avec des donn\u00e9es commerciales.<\/b> Donnez au chatbot IA vos connaissances sp\u00e9cialis\u00e9es en t\u00e9l\u00e9chargeant des documents, en cr\u00e9ant des paires de questions\/r\u00e9ponses et en utilisant les informations de votre site pour le g\u00e9n\u00e9rateur d&rsquo;instructions, assurant des r\u00e9ponses pr\u00e9cises et applicables adapt\u00e9es \u00e0 votre entreprise.<\/li><li><b>Recevez des informations sur les clients dans votre e-mail.<\/b> Restez \u00e0 jour et collectez des informations pr\u00e9cieuses en recevant des transcriptions compl\u00e8tes des chats directement dans votre bo\u00eete de r\u00e9ception, y compris des informations de contact cruciales pour la g\u00e9n\u00e9ration de prospects et l&rsquo;optimisation du service.<\/li><li><b>Explorez un large choix de mod\u00e8les.<\/b> Mettez rapidement en place votre chatbot IA avec notre biblioth\u00e8que de mod\u00e8les pr\u00eats \u00e0 l&#8217;emploi. Ils sont cr\u00e9\u00e9s pour diverses industries et fonctions, chacun disposant de jeux d&rsquo;instructions adapt\u00e9s pour un succ\u00e8s imm\u00e9diat.<\/li><\/ul><p><a href=\"#demo\">Vous pouvez ressentir comment le widget fonctionne en utilisant le configurateur<\/a><\/p> <\/div> <div class=\"application-platform-content-item-installation application-platform-content-item\" id=\"installation\" data-nav-section=\"installation\"> <h2>Comment ajouter le plugin Chatbot IA \u00e0 PrestaShop ?<\/h2> <p>Pour int\u00e9grer le chatbot IA sur votre site PrestaShop, suivez ces \u00e9tapes :<\/p> <ol><li><b>Personnalisez le widget.<\/b><br> Commencez par s\u00e9lectionner l&rsquo;un des mod\u00e8les disponibles. Ensuite, n&rsquo;h\u00e9sitez pas \u00e0 entra\u00eener votre chatbot, configurer les fonctionnalit\u00e9s et modifier son apparence pour r\u00e9pondre \u00e0 vos besoins commerciaux.<\/li><li><b>Recevez le code d&rsquo;int\u00e9gration.<\/b><br> Enregistrez votre travail termin\u00e9 et copiez le code d&rsquo;installation unique.<\/li><li><b>Ajoutez le code \u00e0 l&rsquo;\u00e9diteur de votre site Web.<\/b><br> Allez dans le panneau d&rsquo;administration de votre site, ins\u00e9rez le shortcode o\u00f9 n\u00e9cessaire, puis actualisez la page. C&rsquo;est tout !<\/li> <\/ol><p>En cas de questions ou de difficult\u00e9s, n&rsquo;h\u00e9sitez pas \u00e0 contacter notre \u00e9quipe de support client. Nos sp\u00e9cialistes se feront un plaisir de vous aider avec tous les probl\u00e8mes que vous pourriez rencontrer avec l&rsquo;extension.<\/p> <div class=\"faq\" data-component=\"FAQ\"><div class=\"faq-item\">\r\n\t\t\t\t\t<div class=\"faq-item-question\">\r\n\t\t\t\t\t\t<h3 class=\"faq-item-question-text\">Comment puis-je ajouter mes informations commerciales \u00e0 l'addon Chatbot IA ?<\/h3>\r\n\r\n\t\t\t\t\t\t<div class=\"faq-item-question-icon\"><\/div>\r\n\t\t\t\t\t<\/div>\r\n\r\n\t\t\t\t\t<div class=\"faq-item-answer\">\r\n\t\t\t\t\t\t<div class=\"faq-item-answer-text\"><p>Pour t\u00e9l\u00e9charger vos donn\u00e9es, visitez le menu \u00ab\u00a0Entra\u00eenement\u00a0\u00bb et choisissez l&rsquo;un des formats disponibles : fichiers documents, ensembles sp\u00e9cifiques de questions\/r\u00e9ponses ou blocs de texte simples.<\/p> <\/div>\r\n\t\t\t\t\t<\/div>\r\n\t\t\t\t<\/div> <div class=\"faq-item\">\r\n\t\t\t\t\t<div class=\"faq-item-question\">\r\n\t\t\t\t\t\t<h3 class=\"faq-item-question-text\">Comment cr\u00e9er des r\u00e9ponses rapides pour le chatbot IA ?<\/h3>\r\n\r\n\t\t\t\t\t\t<div class=\"faq-item-question-icon\"><\/div>\r\n\t\t\t\t\t<\/div>\r\n\r\n\t\t\t\t\t<div class=\"faq-item-answer\">\r\n\t\t\t\t\t\t<div class=\"faq-item-answer-text\"><p>Vous pouvez les ajouter directement dans l&rsquo;\u00e9diteur du chatbot IA en acc\u00e9dant \u00e0 l&rsquo;onglet \u00ab\u00a0Salutation\u00a0\u00bb. Vous trouverez le champ o\u00f9 vous pouvez entrer une introduction \u00e0 la conversation ou une question fr\u00e9quemment pos\u00e9e.<\/p> <\/div>\r\n\t\t\t\t\t<\/div>\r\n\t\t\t\t<\/div> <div class=\"faq-item\">\r\n\t\t\t\t\t<div class=\"faq-item-question\">\r\n\t\t\t\t\t\t<h3 class=\"faq-item-question-text\">Qu'est-ce qui rend l'addon Chatbot IA d'Elfsight le meilleur pour mon site PrestaShop ?<\/h3>\r\n\r\n\t\t\t\t\t\t<div class=\"faq-item-question-icon\"><\/div>\r\n\t\t\t\t\t<\/div>\r\n\r\n\t\t\t\t\t<div class=\"faq-item-answer\">\r\n\t\t\t\t\t\t<div class=\"faq-item-answer-text\"> <p>L&rsquo;addon Chatbot IA est une solution de chat sans codage aliment\u00e9e par le mod\u00e8le IA le plus avanc\u00e9, pr\u00eat \u00e0 \u00eatre form\u00e9 avec vos connaissances organisationnelles. Avec une interface facile \u00e0 utiliser et de nombreuses options de personnalisation, vous pouvez offrir un support client 24\/7 avec une exp\u00e9rience personnalis\u00e9e et rester inform\u00e9 en permanence gr\u00e2ce \u00e0 des rapports continus. D\u00e9couvrez par vous-m\u00eame \u00e0 quel point cela peut \u00eatre facile et rapide avec Elfsight !<\/p> <\/div>\r\n\t\t\t\t\t<\/div>\r\n\t\t\t\t<\/div><\/div><\/div>","protected":false},"excerpt":{"rendered":"","protected":false},"author":9,"featured_media":0,"parent":16085,"menu_order":0,"comment_status":"closed","ping_status":"closed","template":"templates\/template-application-platform.php","meta":{"publish_to_discourse":"","publish_post_category":"","wpdc_auto_publish_overridden":"","wpdc_topic_tags":"","wpdc_pin_topic":"","wpdc_pin_until":"","discourse_post_id":"","discourse_permalink":"","wpdc_publishing_response":"","wpdc_publishing_error":"","footnotes":""},"class_list":["post-16138","page","type-page","status-publish","hentry"],"yoast_head":"<!-- This site is optimized with the Yoast SEO plugin v25.3.1 - https:\/\/yoast.com\/wordpress\/plugins\/seo\/ -->\n<title>PrestaShop AI Chatbot addon \u2013 Ajouter un chatbot AI \u00e0 PrestaShop [GRATUIT]<\/title>\n<meta name=\"description\" content=\"Ajoutez le meilleur addon de chatbot AI \u00e0 votre site PrestaShop sans codage. Optimisez l&#039;assistance client avec une int\u00e9gration rapide !\" \/>\n<meta name=\"robots\" content=\"index, follow, max-snippet:-1, max-image-preview:large, max-video-preview:-1\" \/>\n<link rel=\"canonical\" href=\"https:\/\/elfsight.com\/fr\/ai-chatbot-widget\/prestashop\/\" \/>\n<meta property=\"og:locale\" content=\"fr_FR\" \/>\n<meta property=\"og:type\" content=\"article\" \/>\n<meta property=\"og:title\" content=\"PrestaShop AI Chatbot addon \u2013 Ajouter un chatbot AI \u00e0 PrestaShop [GRATUIT]\" \/>\n<meta property=\"og:description\" content=\"Ajoutez le meilleur addon de chatbot AI \u00e0 votre site PrestaShop sans codage. Optimisez l&#039;assistance client avec une int\u00e9gration rapide !\" \/>\n<meta property=\"og:url\" content=\"https:\/\/elfsight.com\/fr\/ai-chatbot-widget\/prestashop\/\" \/>\n<meta property=\"og:site_name\" content=\"Elfsight FR\" \/>\n<meta property=\"article:modified_time\" content=\"2025-07-09T09:45:55+00:00\" \/>\n<meta name=\"twitter:card\" content=\"summary_large_image\" \/>\n<meta name=\"twitter:label1\" content=\"Dur\u00e9e de lecture estim\u00e9e\" \/>\n\t<meta name=\"twitter:data1\" content=\"4 minutes\" \/>\n<!-- \/ Yoast SEO plugin. -->","yoast_head_json":{"title":"PrestaShop AI Chatbot addon \u2013 Ajouter un chatbot AI \u00e0 PrestaShop [GRATUIT]","description":"Ajoutez le meilleur addon de chatbot AI \u00e0 votre site PrestaShop sans codage. Optimisez l'assistance client avec une int\u00e9gration rapide !","robots":{"index":"index","follow":"follow","max-snippet":"max-snippet:-1","max-image-preview":"max-image-preview:large","max-video-preview":"max-video-preview:-1"},"canonical":"https:\/\/elfsight.com\/fr\/ai-chatbot-widget\/prestashop\/","og_locale":"fr_FR","og_type":"article","og_title":"PrestaShop AI Chatbot addon \u2013 Ajouter un chatbot AI \u00e0 PrestaShop [GRATUIT]","og_description":"Ajoutez le meilleur addon de chatbot AI \u00e0 votre site PrestaShop sans codage. Optimisez l'assistance client avec une int\u00e9gration rapide !","og_url":"https:\/\/elfsight.com\/fr\/ai-chatbot-widget\/prestashop\/","og_site_name":"Elfsight FR","article_modified_time":"2025-07-09T09:45:55+00:00","twitter_card":"summary_large_image","twitter_misc":{"Dur\u00e9e de lecture estim\u00e9e":"4 minutes"},"schema":{"@context":"https:\/\/schema.org","@graph":[{"@type":"WebPage","@id":"https:\/\/elfsight.com\/fr\/ai-chatbot-widget\/prestashop\/","url":"https:\/\/elfsight.com\/fr\/ai-chatbot-widget\/prestashop\/","name":"PrestaShop AI Chatbot addon \u2013 Ajouter un chatbot AI \u00e0 PrestaShop [GRATUIT]","isPartOf":{"@id":"https:\/\/elfsight.com\/fr\/#website"},"datePublished":"2024-12-28T09:51:56+00:00","dateModified":"2025-07-09T09:45:55+00:00","description":"Ajoutez le meilleur addon de chatbot AI \u00e0 votre site PrestaShop sans codage. Optimisez l'assistance client avec une int\u00e9gration rapide !","breadcrumb":{"@id":"https:\/\/elfsight.com\/fr\/ai-chatbot-widget\/prestashop\/#breadcrumb"},"inLanguage":"fr-FR","potentialAction":[{"@type":"ReadAction","target":["https:\/\/elfsight.com\/fr\/ai-chatbot-widget\/prestashop\/"]}]},{"@type":"BreadcrumbList","@id":"https:\/\/elfsight.com\/fr\/ai-chatbot-widget\/prestashop\/#breadcrumb","itemListElement":[{"@type":"ListItem","position":1,"name":"Home","item":"https:\/\/elfsight.com\/fr\/"},{"@type":"ListItem","position":2,"name":"AI Chatbot","item":"https:\/\/elfsight.com\/fr\/ai-chatbot-widget\/"},{"@type":"ListItem","position":3,"name":"AI Chatbot &#8211; PrestaShop"}]},{"@type":"WebSite","@id":"https:\/\/elfsight.com\/fr\/#website","url":"https:\/\/elfsight.com\/fr\/","name":"Elfsight FR","description":"","potentialAction":[{"@type":"SearchAction","target":{"@type":"EntryPoint","urlTemplate":"https:\/\/elfsight.com\/fr\/?s={search_term_string}"},"query-input":{"@type":"PropertyValueSpecification","valueRequired":true,"valueName":"search_term_string"}}],"inLanguage":"fr-FR"}]}},"meta_box":{"industry":"","seo_heading":"","heading":"","description":"","cta_heading":"","cta_description":"","application":"16084","h1":"Ajouter un chatbot AI \u00e0 votre site PrestaShop","h1_caption":"Cr\u00e9ez le meilleur chatbot AI, sp\u00e9cifiquement form\u00e9 sur les donn\u00e9es de votre entreprise pour automatiser le support client, capturer des prospects et fournir des r\u00e9ponses instantan\u00e9es et pr\u00e9cises sur le site PrestaShop\u201424\/7.","application_category":[],"applications_title":"","applications_request_title":"","applications_request_button_text":"","hero_text":"","hero_video":"","hero_video_schema_markup":"","selling_points_title":"","selling_points_caption":"","selling_points":[],"selling_points_cta_text":"","features_title":"","features":"","ed_cta_examples_text":"","ed_cta_examples_hidden":"","ed_cta_demo_text":"","ed_cta_demo_hidden":"","why_caption":"","why_editor_title":"","why_editor_text":"","why_team_title":"","why_team_text":"","why_service_title":"","why_service_text":"","template_catalog_visible":"","template_catalog_title":"","template_catalog_text":"","template_catalog_categories_visible":"","demo_title":"Cr\u00e9ez votre addon de chatbot AI","demo_caption":"Configurez le chatbot AI et ajoutez-le gratuitement \u00e0 votre site PrestaShop !","default_faq_hidden":"","app_template_category":[],"platform":"3190","template_public_id":"","codecanyon_url":"","codecanyon_item_id":"","codecanyon_price":"","pricing_caption":"","pricing_elfsight_apps_hide_column":"","pricing_elfsight_apps_url":"","pricing_codecanyon_price_caption":"","integration_category":[],"integration_request_title":"","integration_request_cta":"","integration_platform":"","integrations":[],"platform_category":[],"video_schema_markup":"","price":"\u00e0 partir de 0 $ \/ mois","trial":"","benefits":[{"text":"Service d'installation gratuit"},{"text":"Service client comp\u00e9tent"},{"text":"Garantie de remboursement de 14 jours"},{"text":"Mise \u00e0 jour constante"},{"text":""}],"button_url":"#demo","button_target_blank":"","button_nofollow":"","attributes":[{"name":"Installations","content":"50,000 - 100,000"},{"name":"R\u00e9actif","content":"Oui"},{"name":"Navigateurs compatibles","content":"Firefox, Safari, Opera, Chrome, Edge"}],"tags":[],"tags_disable_links":"","hide_more_platforms":"","video_object":"","demo_hide_cta":"","demo_hide_cloud_options":"","pricing_title":"","pricing":[{"pricing_icon":"platform","pricing_title":"Elfsight Apps","pricing_title_caption":"Logiciel multiplateforme qui fonctionne sur n'importe quel site web","pricing_price":"\u00e0 partir de 0 $ \/ mois","pricing_price_caption":"Commencez avec un plan gratuit","pricing_benefits":[{"text":"Sites web illimit\u00e9s"},{"text":"Support client premium"},{"text":"Aide \u00e0 l'installation gratuite"},{"text":"Design flexible"}],"pricing_button_text":"Ajouter au site web","pricing_button_url":"#demo"}],"related_apps_title":"","related_apps_hidden":"","author":"","image":[],"title":"","job":"","social_networks":[]},"_links":{"self":[{"href":"https:\/\/elfsight.com\/fr\/wp-json\/wp\/v2\/pages\/16138","targetHints":{"allow":["GET"]}}],"collection":[{"href":"https:\/\/elfsight.com\/fr\/wp-json\/wp\/v2\/pages"}],"about":[{"href":"https:\/\/elfsight.com\/fr\/wp-json\/wp\/v2\/types\/page"}],"author":[{"embeddable":true,"href":"https:\/\/elfsight.com\/fr\/wp-json\/wp\/v2\/users\/9"}],"replies":[{"embeddable":true,"href":"https:\/\/elfsight.com\/fr\/wp-json\/wp\/v2\/comments?post=16138"}],"version-history":[{"count":1,"href":"https:\/\/elfsight.com\/fr\/wp-json\/wp\/v2\/pages\/16138\/revisions"}],"predecessor-version":[{"id":16142,"href":"https:\/\/elfsight.com\/fr\/wp-json\/wp\/v2\/pages\/16138\/revisions\/16142"}],"up":[{"embeddable":true,"href":"https:\/\/elfsight.com\/fr\/wp-json\/wp\/v2\/pages\/16085"}],"wp:attachment":[{"href":"https:\/\/elfsight.com\/fr\/wp-json\/wp\/v2\/media?parent=16138"}],"curies":[{"name":"wp","href":"https:\/\/api.w.org\/{rel}","templated":true}]}}