{"id":15869,"date":"2024-12-17T13:47:46","date_gmt":"2024-12-17T13:47:46","guid":{"rendered":"https:\/\/elfsight.com\/fr\/?page_id=15869"},"modified":"2025-07-10T08:14:45","modified_gmt":"2025-07-10T08:14:45","slug":"webnode","status":"publish","type":"page","link":"https:\/\/elfsight.com\/fr\/linkedin-feed-widget\/webnode\/","title":{"rendered":"LinkedIn Feed &#8211; Webnode"},"content":{"rendered":"\n<div class=\"application-platform-content-item-description application-platform-content-item\" id=\"description\" data-nav-section=\"description\">\n\n<h2>Comment int\u00e9grer le flux LinkedIn sur Webnode gratuitement !<\/h2> <p>Le widget LinkedIn Feed offre une excellente opportunit\u00e9 aux entreprises de pr\u00e9senter et de promouvoir leur contenu LinkedIn sur les sites Web Webnode : afficher des publications, des visuels, des clips, etc. L&rsquo;installation du widget prend quelques secondes\u2014aucune connaissance en codage ou en programmation n&rsquo;est requise.<\/p> <p>Cr\u00e9ez un design qui refl\u00e8te l&rsquo;esth\u00e9tique de votre site web et exp\u00e9rimentez en combinant les attributs du flux personnalis\u00e9s, les mod\u00e8les, les mises en page et les styles de publication. Utilisez un mode popup comme action apr\u00e8s le clic pour capter l&rsquo;attention des utilisateurs. Enfin, profitez de la confiance accrue et d&rsquo;un meilleur taux d&rsquo;engagement.<\/p> <ul> <li><strong>Renforcez votre port\u00e9e r\u00e9seau avec la page entreprise LinkedIn.<\/strong><br> Cr\u00e9ez de nouvelles relations dans le monde des affaires et augmentez le nombre de prospects en utilisant le contenu de votre profil LinkedIn.<\/li> <li><strong>\u00c9largissez votre base d&rsquo;audience LinkedIn.<\/strong><br> Attirez l&rsquo;attention sur votre LinkedIn au sein de la communaut\u00e9 Webnode et g\u00e9n\u00e9rez un int\u00e9r\u00eat fort pour vos offres.<\/li> <li><strong>\u00c9levez la cr\u00e9dibilit\u00e9 de votre entreprise.<\/strong> <br> Ajoutez une couche suppl\u00e9mentaire de cr\u00e9dibilit\u00e9 et de confiance \u00e0 votre marque en partageant les derni\u00e8res activit\u00e9s LinkedIn directement sur la page de votre site web.<\/li> <\/ul> <p><b>Ajoutez le flux LinkedIn \u00e0 votre site Web Webnode pour renforcer la cr\u00e9dibilit\u00e9, diffuser l&rsquo;authenticit\u00e9 et \u00e9tendre votre r\u00e9seau en tirant parti de preuves sociales solides.<\/b><\/p>\n<div class=\"faq\" data-component=\"FAQ\"> <div class=\"faq-item\">\r\n\t\t\t\t\t<div class=\"faq-item-question\">\r\n\t\t\t\t\t\t<h3 class=\"faq-item-question-text\">Y a-t-il d'autres outils pour Webnode que je peux utiliser sur mon site web ?<\/h3>\r\n\r\n\t\t\t\t\t\t<div class=\"faq-item-question-icon\"><\/div>\r\n\t\t\t\t\t<\/div>\r\n\r\n\t\t\t\t\t<div class=\"faq-item-answer\">\r\n\t\t\t\t\t\t<div class=\"faq-item-answer-text\">\n\n<p>Oui, absolument ! En tant qu&rsquo;utilisateur de Webnode, Elfsight vous offre un large choix d&rsquo;outils sans code, et le plugin LinkedIn Feed est l&rsquo;une de ces offres. Quel que soit le type d&rsquo;entreprise que vous avez et la niche dans laquelle vous vous trouvez, vous pouvez toujours chercher des opportunit\u00e9s pour afficher vos points forts. Voici quelques options :<\/p> <ul> <li>Pour cr\u00e9er d&rsquo;autres applications de r\u00e9seaux sociaux pour votre site Web Webnode, envisagez d&rsquo;utiliser le <a href=\"https:\/\/elfsight.com\/pinterest-feed-widget\/\">widget Pinterest Feed<\/a> ou le <a href=\"https:\/\/elfsight.com\/instagram-feed-instashow\/\">widget Instagram Feed<\/a> en compl\u00e9ment du LinkedIn Feed.<\/li> <li>Procurez-vous le plugin <a href=\"https:\/\/elfsight.com\/all-in-one-reviews-widget\/\">All-in-One Reviews<\/a> ou <a href=\"https:\/\/elfsight.com\/google-reviews-widget\/\">Google Reviews<\/a> pour afficher les avis pr\u00e9cieux de vos clients.<\/li> <li>Int\u00e9grez le <a href=\"https:\/\/elfsight.com\/online-form-builder\/\">Form Builder<\/a> pour simplifier la collecte des r\u00e9ponses et faciliter la communication avec vos utilisateurs Webnode.<\/li> <li>Ajoutez le <a href=\"https:\/\/elfsight.com\/countdown-timer-widget\/\">Countdown Timer<\/a> pour g\u00e9n\u00e9rer de l&rsquo;anticipation et cr\u00e9er un sentiment d&rsquo;urgence parmi votre public.<\/li> <\/ul> <p>Ces exemples ne sont qu&rsquo;un aper\u00e7u d&rsquo;une longue liste d&rsquo;ajouts qui peuvent r\u00e9pondre aux besoins de votre entreprise. Commencez par LinkedIn Feed et explorez notre catalogue pour plus de solutions de widgets !<\/p>\n<\/div>\r\n\t\t\t\t\t<\/div>\r\n\t\t\t\t<\/div>\n\n<div class=\"faq-item\">\r\n\t\t\t\t\t<div class=\"faq-item-question\">\r\n\t\t\t\t\t\t<h3 class=\"faq-item-question-text\">Comment int\u00e9grer le flux LinkedIn gratuitement sur Webnode ?<\/h3>\r\n\r\n\t\t\t\t\t\t<div class=\"faq-item-question-icon\"><\/div>\r\n\t\t\t\t\t<\/div>\r\n\r\n\t\t\t\t\t<div class=\"faq-item-answer\">\r\n\t\t\t\t\t\t<div class=\"faq-item-answer-text\">\n\n<p>Pour int\u00e9grer le flux LinkedIn sur votre site Web Webnode gratuitement, suivez les \u00e9tapes ci-dessous :<\/p> <ol> <li>Personnalisez l&rsquo;apparence du widget LinkedIn Feed pour l&rsquo;adapter au design de votre site web.<\/li> <li>Connectez-vous \u00e0 votre panneau d&rsquo;administration Elfsight ou inscrivez-vous pour un profil gratuit.<\/li> <li>Obtenez le code d&rsquo;int\u00e9gration g\u00e9n\u00e9r\u00e9 automatiquement.<\/li> <li>Acc\u00e9dez \u00e0 votre site Web Webnode.<\/li> <li>Ins\u00e9rez le code dans l&rsquo;\u00e9diteur de votre site Web Webnode pour ajouter le widget Feed. Vous avez termin\u00e9 !<\/li> <\/ol> <p>Comme vous pouvez le voir, il n&rsquo;est pas n\u00e9cessaire d&rsquo;avoir des comp\u00e9tences en codage pour int\u00e9grer ce plugin. Cr\u00e9ez un widget LinkedIn Feed pour un site Web Webnode facilement et profitez de tous les avantages associ\u00e9s \u00e0 l&rsquo;extension de votre port\u00e9e.<\/p> <\/div>\r\n\t\t\t\t\t<\/div>\r\n\t\t\t\t<\/div>\n<div class=\"faq-item\">\r\n\t\t\t\t\t<div class=\"faq-item-question\">\r\n\t\t\t\t\t\t<h3 class=\"faq-item-question-text\">Ai-je besoin de savoir coder ou d'avoir des comp\u00e9tences en programmation pour int\u00e9grer le flux LinkedIn sur Webnode ?<\/h3>\r\n\r\n\t\t\t\t\t\t<div class=\"faq-item-question-icon\"><\/div>\r\n\t\t\t\t\t<\/div>\r\n\r\n\t\t\t\t\t<div class=\"faq-item-answer\">\r\n\t\t\t\t\t\t<div class=\"faq-item-answer-text\">\n\n<p>Pas du tout. Aucune comp\u00e9tence pr\u00e9alable en codage n&rsquo;est requise. Vous pouvez facilement cr\u00e9er et ajouter le flux LinkedIn \u00e0 votre site Web Webnode, quel que soit votre niveau de comp\u00e9tence ou vos connaissances ant\u00e9rieures.<\/p> <\/div>\r\n\t\t\t\t\t<\/div>\r\n\t\t\t\t<\/div> <\/div>\n<\/div>\n\n<div class=\"application-platform-content-item-features application-platform-content-item\" id=\"features\" data-nav-section=\"features\">\n\n<h2>Nous offrons des fonctionnalit\u00e9s pr\u00e9cieuses et faciles \u00e0 utiliser, en voici quelques-unes :<\/h2> <ul> <li>Affichez tous types de contenu : articles de blog, photos, vid\u00e9os, etc.<\/li> <li>Filtrez les publications du flux par mots-cl\u00e9s, hashtags ou URLs.<\/li> <li>Boutons d&rsquo;appel \u00e0 l&rsquo;action pour am\u00e9liorer le taux d&rsquo;engagement sur le flux LinkedIn de votre entreprise.<\/li> <li>Mode popup accrocheur pour attirer l&rsquo;attention sur votre contenu LinkedIn.<\/li> <li>Personnalisation sans code avec des r\u00e9glages de design avanc\u00e9s : mod\u00e8les pr\u00eats \u00e0 l&#8217;emploi, g\u00e9n\u00e9rateur de palettes de couleurs, multiples mises en page, styles de publication, CSS personnalis\u00e9, et plus encore.<\/li> <\/ul> <p><a href=\"#demo\">Vous pouvez tester la valeur du widget avec la d\u00e9mo<\/a><\/p> <\/div>\n<div class=\"application-platform-content-item-installation application-platform-content-item\" id=\"installation\" data-nav-section=\"installation\">\n\n<h2>Comment ajouter le flux LinkedIn \u00e0 mon site Web Webnode ?<\/h2> <p>Pour ajouter le flux LinkedIn \u00e0 votre site Web Webnode, suivez les \u00e9tapes ci-dessous :<\/p> <ol> <li><b>Utilisez notre configurateur gratuit pour commencer \u00e0 personnaliser votre widget LinkedIn Feed.<\/b><br> Choisissez l&rsquo;interface et les fonctionnalit\u00e9s personnalis\u00e9es du plugin et enregistrez les modifications.<\/li> <li><b>Copiez le code unique qui s&rsquo;affiche dans la bo\u00eete sur Elfsight Apps.<\/b><br> Lorsque la cr\u00e9ation de votre widget personnalis\u00e9 est termin\u00e9e, copiez le code personnel dans la fen\u00eatre qui s&rsquo;ouvre et enregistrez-le pour une utilisation ult\u00e9rieure.<\/li> <li><b>Commencez \u00e0 utiliser le widget sur votre site Web Webnode.<\/b><br> Placez le code copi\u00e9 auparavant sur votre site et enregistrez les ajustements.<\/li> <li><b>La configuration est termin\u00e9e avec succ\u00e8s.<\/b><br> Allez sur votre site pour voir comment l&rsquo;outil fonctionne.<\/li> <\/ol> <p>En cas de questions ou de difficult\u00e9s, n&rsquo;h\u00e9sitez pas \u00e0 contacter notre \u00e9quipe de support client. Nos consultants sont pr\u00eats \u00e0 r\u00e9soudre toutes les questions que vous pourriez avoir concernant le produit.<\/p> <\/div>\n","protected":false},"excerpt":{"rendered":"","protected":false},"author":9,"featured_media":0,"parent":7326,"menu_order":0,"comment_status":"closed","ping_status":"closed","template":"templates\/template-application-platform.php","meta":{"publish_to_discourse":"","publish_post_category":"","wpdc_auto_publish_overridden":"","wpdc_topic_tags":"","wpdc_pin_topic":"","wpdc_pin_until":"","discourse_post_id":"","discourse_permalink":"","wpdc_publishing_response":"","wpdc_publishing_error":"","footnotes":""},"class_list":["post-15869","page","type-page","status-publish","hentry"],"yoast_head":"<!-- This site is optimized with the Yoast SEO plugin v25.3.1 - https:\/\/yoast.com\/wordpress\/plugins\/seo\/ -->\n<title>Flux LinkedIn - Ajoutez l&#039;application Feed \u00e0 Webnode [gratuitement\u00a0!]<\/title>\n<meta name=\"description\" content=\"Int\u00e9grez l&#039;application LinkedIn Feed sans codage sur votre site Web Webnode. Cr\u00e9ez votre widget \u00e0 l&#039;aide d&#039;une d\u00e9mo en direct et de mod\u00e8les pr\u00e9d\u00e9finis pour disposer d&#039;une solide preuve sociale.\" \/>\n<meta name=\"robots\" content=\"index, follow, max-snippet:-1, max-image-preview:large, max-video-preview:-1\" \/>\n<link rel=\"canonical\" href=\"https:\/\/elfsight.com\/fr\/linkedin-feed-widget\/webnode\/\" \/>\n<meta property=\"og:locale\" content=\"fr_FR\" \/>\n<meta property=\"og:type\" content=\"article\" \/>\n<meta property=\"og:title\" content=\"Flux LinkedIn - Ajoutez l&#039;application Feed \u00e0 Webnode [gratuitement\u00a0!]\" \/>\n<meta property=\"og:description\" content=\"Int\u00e9grez l&#039;application LinkedIn Feed sans codage sur votre site Web Webnode. Cr\u00e9ez votre widget \u00e0 l&#039;aide d&#039;une d\u00e9mo en direct et de mod\u00e8les pr\u00e9d\u00e9finis pour disposer d&#039;une solide preuve sociale.\" \/>\n<meta property=\"og:url\" content=\"https:\/\/elfsight.com\/fr\/linkedin-feed-widget\/webnode\/\" \/>\n<meta property=\"og:site_name\" content=\"Elfsight FR\" \/>\n<meta property=\"article:modified_time\" content=\"2025-07-10T08:14:45+00:00\" \/>\n<meta name=\"twitter:card\" content=\"summary_large_image\" \/>\n<meta name=\"twitter:label1\" content=\"Dur\u00e9e de lecture estim\u00e9e\" \/>\n\t<meta name=\"twitter:data1\" content=\"5 minutes\" \/>\n<!-- \/ Yoast SEO plugin. -->","yoast_head_json":{"title":"Flux LinkedIn - Ajoutez l'application Feed \u00e0 Webnode [gratuitement\u00a0!]","description":"Int\u00e9grez l'application LinkedIn Feed sans codage sur votre site Web Webnode. Cr\u00e9ez votre widget \u00e0 l'aide d'une d\u00e9mo en direct et de mod\u00e8les pr\u00e9d\u00e9finis pour disposer d'une solide preuve sociale.","robots":{"index":"index","follow":"follow","max-snippet":"max-snippet:-1","max-image-preview":"max-image-preview:large","max-video-preview":"max-video-preview:-1"},"canonical":"https:\/\/elfsight.com\/fr\/linkedin-feed-widget\/webnode\/","og_locale":"fr_FR","og_type":"article","og_title":"Flux LinkedIn - Ajoutez l'application Feed \u00e0 Webnode [gratuitement\u00a0!]","og_description":"Int\u00e9grez l'application LinkedIn Feed sans codage sur votre site Web Webnode. Cr\u00e9ez votre widget \u00e0 l'aide d'une d\u00e9mo en direct et de mod\u00e8les pr\u00e9d\u00e9finis pour disposer d'une solide preuve sociale.","og_url":"https:\/\/elfsight.com\/fr\/linkedin-feed-widget\/webnode\/","og_site_name":"Elfsight FR","article_modified_time":"2025-07-10T08:14:45+00:00","twitter_card":"summary_large_image","twitter_misc":{"Dur\u00e9e de lecture estim\u00e9e":"5 minutes"},"schema":{"@context":"https:\/\/schema.org","@graph":[{"@type":"WebPage","@id":"https:\/\/elfsight.com\/fr\/linkedin-feed-widget\/webnode\/","url":"https:\/\/elfsight.com\/fr\/linkedin-feed-widget\/webnode\/","name":"Flux LinkedIn - Ajoutez l'application Feed \u00e0 Webnode [gratuitement\u00a0!]","isPartOf":{"@id":"https:\/\/elfsight.com\/fr\/#website"},"datePublished":"2024-12-17T13:47:46+00:00","dateModified":"2025-07-10T08:14:45+00:00","description":"Int\u00e9grez l'application LinkedIn Feed sans codage sur votre site Web Webnode. Cr\u00e9ez votre widget \u00e0 l'aide d'une d\u00e9mo en direct et de mod\u00e8les pr\u00e9d\u00e9finis pour disposer d'une solide preuve sociale.","breadcrumb":{"@id":"https:\/\/elfsight.com\/fr\/linkedin-feed-widget\/webnode\/#breadcrumb"},"inLanguage":"fr-FR","potentialAction":[{"@type":"ReadAction","target":["https:\/\/elfsight.com\/fr\/linkedin-feed-widget\/webnode\/"]}]},{"@type":"BreadcrumbList","@id":"https:\/\/elfsight.com\/fr\/linkedin-feed-widget\/webnode\/#breadcrumb","itemListElement":[{"@type":"ListItem","position":1,"name":"Home","item":"https:\/\/elfsight.com\/fr\/"},{"@type":"ListItem","position":2,"name":"LinkedIn Feed","item":"https:\/\/elfsight.com\/fr\/linkedin-feed-widget\/"},{"@type":"ListItem","position":3,"name":"LinkedIn Feed &#8211; Webnode"}]},{"@type":"WebSite","@id":"https:\/\/elfsight.com\/fr\/#website","url":"https:\/\/elfsight.com\/fr\/","name":"Elfsight FR","description":"","potentialAction":[{"@type":"SearchAction","target":{"@type":"EntryPoint","urlTemplate":"https:\/\/elfsight.com\/fr\/?s={search_term_string}"},"query-input":{"@type":"PropertyValueSpecification","valueRequired":true,"valueName":"search_term_string"}}],"inLanguage":"fr-FR"}]}},"meta_box":{"industry":"","seo_heading":"","heading":"","description":"","cta_heading":"","cta_description":"","application":"7313","h1":"Comment int\u00e9grer gratuitement le flux LinkedIn sur Webnode\u00a0!","h1_caption":"Affichez les publications de votre profil LinkedIn ou de votre page d'entreprise sur votre site Web, am\u00e9liorant ainsi votre pr\u00e9sence professionnelle en ligne sur votre site Web Webnode sans effort.","application_category":[],"applications_title":"","applications_request_title":"","applications_request_button_text":"","hero_text":"","hero_video":"","hero_video_schema_markup":"","selling_points_title":"","selling_points_caption":"","selling_points":[],"selling_points_cta_text":"","features_title":"","features":"","ed_cta_examples_text":"","ed_cta_examples_hidden":"","ed_cta_demo_text":"","ed_cta_demo_hidden":"","why_caption":"","why_editor_title":"","why_editor_text":"","why_team_title":"","why_team_text":"","why_service_title":"","why_service_text":"","template_catalog_visible":"0","template_catalog_title":"","template_catalog_text":"","template_catalog_categories_visible":"","demo_title":"Cr\u00e9ez votre application de flux LinkedIn","demo_caption":"Configurez votre flux LinkedIn et ajoutez-le \u00e0 votre site Web Webnode gratuitement !","default_faq_hidden":"","app_template_category":[],"platform":"364","template_public_id":"","codecanyon_url":"","codecanyon_item_id":"","codecanyon_price":"","pricing_caption":"","pricing_elfsight_apps_hide_column":"","pricing_elfsight_apps_url":"","pricing_codecanyon_price_caption":"","integration_category":[],"integration_request_title":"","integration_request_cta":"","integration_platform":"","integrations":[],"platform_category":[],"video_schema_markup":"","price":"\u00e0 partir de 0$ \/ mois","trial":"","benefits":[{"text":"Assistance \u00e0 l'installation gratuite"},{"text":"Support client exp\u00e9riment\u00e9"},{"text":"Garantie de remboursement de 14 jours"},{"text":"Mise \u00e0 jour constante"}],"button_url":"#demo","button_target_blank":"0","button_nofollow":"0","attributes":[{"name":"Installations","content":"10,000 - 100,000"},{"name":"Sensible","content":"Oui"},{"name":"Navigateurs compatibles","content":"Firefox, Safari, Opera, Chrome, Edge"}],"tags":[],"tags_disable_links":"0","hide_more_platforms":"","video_object":"","demo_hide_cta":"0","demo_hide_cloud_options":"0","pricing_title":"","pricing":[{"pricing_icon":"platform","pricing_title":"Elfsight Apps","pricing_title_caption":"Version ind\u00e9pendante de la plate-forme qui fonctionne sur n'importe quel site Web","pricing_price":"from $0 \/ month","pricing_price_caption":"commencez avec un forfait gratuit","pricing_benefits":[{"text":"Sites Web illimit\u00e9s"},{"text":"Assistance professionnelle, ponctuelle et bien document\u00e9e"},{"text":"Assistance \u00e0 l'installation gratuite"},{"text":"Enti\u00e8rement personnalisable"}],"pricing_button_text":"Ajouter au site Web","pricing_button_url":"#demo"}],"related_apps_title":"","related_apps_hidden":"0","author":"","image":[],"title":"","job":"","social_networks":[]},"_links":{"self":[{"href":"https:\/\/elfsight.com\/fr\/wp-json\/wp\/v2\/pages\/15869","targetHints":{"allow":["GET"]}}],"collection":[{"href":"https:\/\/elfsight.com\/fr\/wp-json\/wp\/v2\/pages"}],"about":[{"href":"https:\/\/elfsight.com\/fr\/wp-json\/wp\/v2\/types\/page"}],"author":[{"embeddable":true,"href":"https:\/\/elfsight.com\/fr\/wp-json\/wp\/v2\/users\/9"}],"replies":[{"embeddable":true,"href":"https:\/\/elfsight.com\/fr\/wp-json\/wp\/v2\/comments?post=15869"}],"version-history":[{"count":2,"href":"https:\/\/elfsight.com\/fr\/wp-json\/wp\/v2\/pages\/15869\/revisions"}],"predecessor-version":[{"id":15871,"href":"https:\/\/elfsight.com\/fr\/wp-json\/wp\/v2\/pages\/15869\/revisions\/15871"}],"up":[{"embeddable":true,"href":"https:\/\/elfsight.com\/fr\/wp-json\/wp\/v2\/pages\/7326"}],"wp:attachment":[{"href":"https:\/\/elfsight.com\/fr\/wp-json\/wp\/v2\/media?parent=15869"}],"curies":[{"name":"wp","href":"https:\/\/api.w.org\/{rel}","templated":true}]}}