{"id":15615,"date":"2024-09-30T18:27:29","date_gmt":"2024-09-30T18:27:29","guid":{"rendered":"https:\/\/elfsight.com\/fr\/?page_id=15615"},"modified":"2025-07-09T17:02:57","modified_gmt":"2025-07-09T17:02:57","slug":"wordpress","status":"publish","type":"page","link":"https:\/\/elfsight.com\/fr\/calculator-form-widget\/wordpress\/","title":{"rendered":"Calculator &#8211; WordPress"},"content":{"rendered":"<div class=\"application-platform-content-item-description application-platform-content-item\" id=\"description\" data-nav-section=\"description\"> <h2>Int\u00e9grer la calculatrice dans WordPress avec un plugin Elfsight<\/h2> <p>Le widget Calculatrice donne \u00e0 vos clients la possibilit\u00e9 de planifier leur budget et leur parcours. itin\u00e9raires, proportions de cuisson et bien plus encore selon votre domaine d&rsquo;activit\u00e9. Vous pouvez ajouter des champs sp\u00e9cifiques et des options suppl\u00e9mentaires \u00e0 ce widget int\u00e9gr\u00e9, afin que les visiteurs puissent analyser les avantages sans quitter la page du site Web. La logique conditionnelle vous permet de cr\u00e9er des solutions universelles pour votre sc\u00e9nario et chaque utilisateur.<\/p><p>Les \u00e9l\u00e9ments r\u00e9glables tels que les cases \u00e0 cocher, les curseurs et les menus d\u00e9roulants vous permettent d&rsquo;inclure n&rsquo;importe quel aspect de la tarification des produits. Par exemple, utilisez-le pour calculer des pr\u00eats \u00e0 un int\u00e9r\u00eat d\u00e9clar\u00e9 pour une dur\u00e9e convenable. Vous pouvez proposer une location de voiture avec de nombreux services suppl\u00e9mentaires parmi lesquels choisir. De plus, le calculateur est capable de planifier le voyage de vos r\u00eaves \u00e0 condition de prendre en compte les transports, l\u2019h\u00e9bergement et les activit\u00e9s. <\/p><p><b>Permettez aux visiteurs de votre site Web de vivre une exp\u00e9rience de calcul conviviale, en int\u00e9grant le puissant widget de comptage\u00a0! <\/b><\/p> <\/div> <div class=\"application-platform-content-item-features application-platform-content-item\" id=\"features\" data-nav-section=\"features\"> <h2>D\u00e9couvrez la liste des fonctionnalit\u00e9s les plus puissantes\u00a0:<\/h2> <ul><li>Outil avec une interface claire qui permet tous les calculs<\/li><li>De nombreuses solutions de champ d&rsquo;op\u00e9ration pour vos id\u00e9es<\/li><li>Logique conditionnelle pour travailler m\u00eame avec des calculs en plusieurs \u00e9tapes<\/li><li>Mod\u00e8les g\u00e9rables pour commencer facilement<\/li> <li>Outil int\u00e9gr\u00e9 qui inspire la prise de d\u00e9cision<\/li><\/ul><p><a href=\"#demo\">Examinez tous les param\u00e8tres dans une d\u00e9mo compl\u00e8te<\/a><\/p><\/div> <div class=\"application-platform-content-item-installation application-platform-content-item\" id=\"installation\" data-nav-section=\"installation\"> <h2>Comment int\u00e9grer la calculatrice dans ma page Web WordPress\u00a0?<\/h2> <p>Suivez simplement plusieurs \u00e9tapes ci-dessous pour activer le plugin.<\/p> <ol><li><b> Profitez de notre d\u00e9mo gratuite et commencez \u00e0 cr\u00e9er votre instrument personnalis\u00e9. <\/b><br> Recherchez l&rsquo;apparence et les caract\u00e9ristiques s\u00e9lectionn\u00e9es de l&rsquo;outil et appliquez les corrections. <\/li> <li><b>Copiez votre code unique qui appara\u00eet dans la case sur les applications Elfsight. <\/b><br> D\u00e8s que la personnalisation de votre widget est termin\u00e9e, copiez le code individuel dans la fen\u00eatre contextuelle qui appara\u00eet et enregistrez-le pour une utilisation ult\u00e9rieure. <\/li> <li><b>Commencez \u00e0 utiliser l&rsquo;outil sur le site Web WordPress. <\/b><br> Int\u00e9grez le code que vous avez enregistr\u00e9 auparavant dans votre page Web et enregistrez les modifications. <\/li> <li><b>Fait\u00a0! L&rsquo;int\u00e9gration est effectu\u00e9e avec succ\u00e8s. <\/b><br> Acc\u00e9dez \u00e0 votre site Web pour v\u00e9rifier le fonctionnement du plugin. <\/li><\/ol> <p>Si vous rencontrez des difficult\u00e9s, n&rsquo;h\u00e9sitez pas \u00e0 faire appel \u00e0 notre service client. Nos sp\u00e9cialistes ont h\u00e2te de r\u00e9soudre tous les probl\u00e8mes que vous pourriez rencontrer avec le widget. <\/p><\/div>","protected":false},"excerpt":{"rendered":"","protected":false},"author":9,"featured_media":0,"parent":14325,"menu_order":0,"comment_status":"closed","ping_status":"closed","template":"templates\/template-application-platform.php","meta":{"publish_to_discourse":"","publish_post_category":"","wpdc_auto_publish_overridden":"","wpdc_topic_tags":"","wpdc_pin_topic":"","wpdc_pin_until":"","discourse_post_id":"","discourse_permalink":"","wpdc_publishing_response":"","wpdc_publishing_error":"","footnotes":""},"class_list":["post-15615","page","type-page","status-publish","hentry"],"yoast_head":"<!-- This site is optimized with the Yoast SEO plugin v25.3.1 - https:\/\/yoast.com\/wordpress\/plugins\/seo\/ -->\n<title>Int\u00e9grer la calculatrice dans WordPress - Am\u00e9liorez les calculs sur site<\/title>\n<meta name=\"description\" content=\"Simplifiez les comptages m\u00eame complexes avec le plugin WordPress Calculator. Utilisez un calculateur de co\u00fbts et de prix directement sur votre site Web WordPress.\" \/>\n<meta name=\"robots\" content=\"index, follow, max-snippet:-1, max-image-preview:large, max-video-preview:-1\" \/>\n<link rel=\"canonical\" href=\"https:\/\/elfsight.com\/fr\/calculator-form-widget\/wordpress\/\" \/>\n<meta property=\"og:locale\" content=\"fr_FR\" \/>\n<meta property=\"og:type\" content=\"article\" \/>\n<meta property=\"og:title\" content=\"Int\u00e9grer la calculatrice dans WordPress - Am\u00e9liorez les calculs sur site\" \/>\n<meta property=\"og:description\" content=\"Simplifiez les comptages m\u00eame complexes avec le plugin WordPress Calculator. Utilisez un calculateur de co\u00fbts et de prix directement sur votre site Web WordPress.\" \/>\n<meta property=\"og:url\" content=\"https:\/\/elfsight.com\/fr\/calculator-form-widget\/wordpress\/\" \/>\n<meta property=\"og:site_name\" content=\"Elfsight FR\" \/>\n<meta property=\"article:modified_time\" content=\"2025-07-09T17:02:57+00:00\" \/>\n<meta name=\"twitter:card\" content=\"summary_large_image\" \/>\n<meta name=\"twitter:label1\" content=\"Dur\u00e9e de lecture estim\u00e9e\" \/>\n\t<meta name=\"twitter:data1\" content=\"2 minutes\" \/>\n<!-- \/ Yoast SEO plugin. -->","yoast_head_json":{"title":"Int\u00e9grer la calculatrice dans WordPress - Am\u00e9liorez les calculs sur site","description":"Simplifiez les comptages m\u00eame complexes avec le plugin WordPress Calculator. Utilisez un calculateur de co\u00fbts et de prix directement sur votre site Web WordPress.","robots":{"index":"index","follow":"follow","max-snippet":"max-snippet:-1","max-image-preview":"max-image-preview:large","max-video-preview":"max-video-preview:-1"},"canonical":"https:\/\/elfsight.com\/fr\/calculator-form-widget\/wordpress\/","og_locale":"fr_FR","og_type":"article","og_title":"Int\u00e9grer la calculatrice dans WordPress - Am\u00e9liorez les calculs sur site","og_description":"Simplifiez les comptages m\u00eame complexes avec le plugin WordPress Calculator. Utilisez un calculateur de co\u00fbts et de prix directement sur votre site Web WordPress.","og_url":"https:\/\/elfsight.com\/fr\/calculator-form-widget\/wordpress\/","og_site_name":"Elfsight FR","article_modified_time":"2025-07-09T17:02:57+00:00","twitter_card":"summary_large_image","twitter_misc":{"Dur\u00e9e de lecture estim\u00e9e":"2 minutes"},"schema":{"@context":"https:\/\/schema.org","@graph":[{"@type":"WebPage","@id":"https:\/\/elfsight.com\/fr\/calculator-form-widget\/wordpress\/","url":"https:\/\/elfsight.com\/fr\/calculator-form-widget\/wordpress\/","name":"Int\u00e9grer la calculatrice dans WordPress - Am\u00e9liorez les calculs sur site","isPartOf":{"@id":"https:\/\/elfsight.com\/fr\/#website"},"datePublished":"2024-09-30T18:27:29+00:00","dateModified":"2025-07-09T17:02:57+00:00","description":"Simplifiez les comptages m\u00eame complexes avec le plugin WordPress Calculator. Utilisez un calculateur de co\u00fbts et de prix directement sur votre site Web WordPress.","breadcrumb":{"@id":"https:\/\/elfsight.com\/fr\/calculator-form-widget\/wordpress\/#breadcrumb"},"inLanguage":"fr-FR","potentialAction":[{"@type":"ReadAction","target":["https:\/\/elfsight.com\/fr\/calculator-form-widget\/wordpress\/"]}]},{"@type":"BreadcrumbList","@id":"https:\/\/elfsight.com\/fr\/calculator-form-widget\/wordpress\/#breadcrumb","itemListElement":[{"@type":"ListItem","position":1,"name":"Home","item":"https:\/\/elfsight.com\/fr\/"},{"@type":"ListItem","position":2,"name":"Calculator","item":"https:\/\/elfsight.com\/fr\/calculator-form-widget\/"},{"@type":"ListItem","position":3,"name":"Calculator &#8211; WordPress"}]},{"@type":"WebSite","@id":"https:\/\/elfsight.com\/fr\/#website","url":"https:\/\/elfsight.com\/fr\/","name":"Elfsight FR","description":"","potentialAction":[{"@type":"SearchAction","target":{"@type":"EntryPoint","urlTemplate":"https:\/\/elfsight.com\/fr\/?s={search_term_string}"},"query-input":{"@type":"PropertyValueSpecification","valueRequired":true,"valueName":"search_term_string"}}],"inLanguage":"fr-FR"}]}},"meta_box":{"industry":"","seo_heading":"","heading":"","description":"","cta_heading":"","cta_description":"","application":"14318","h1":"Plugin de calculatrice WordPress","h1_caption":"Fournissez une calculatrice personnalis\u00e9e \u00e0 vos visiteurs, offrant des solutions rapides pour des \u00e9l\u00e9ments tels que les prix, les remises ou les calculs du retour sur investissement sur votre site Web WordPress sans effort.","application_category":[],"applications_title":"","applications_request_title":"","applications_request_button_text":"","hero_text":"","hero_video":"","hero_video_schema_markup":"","selling_points_title":"","selling_points_caption":"","selling_points":[],"selling_points_cta_text":"","features_title":"","features":"","ed_cta_examples_text":"","ed_cta_examples_hidden":"","ed_cta_demo_text":"","ed_cta_demo_hidden":"","why_caption":"","why_editor_title":"","why_editor_text":"","why_team_title":"","why_team_text":"","why_service_title":"","why_service_text":"","template_catalog_visible":"","template_catalog_title":"","template_catalog_text":"","template_catalog_categories_visible":"","demo_title":"Cr\u00e9ez votre plugin Calculatrice","demo_caption":"Configurez votre calculatrice et ajoutez-la \u00e0 votre site WordPress gratuitement !","default_faq_hidden":"","app_template_category":[],"platform":"18","template_public_id":"","codecanyon_url":"","codecanyon_item_id":"","codecanyon_price":"","pricing_caption":"","pricing_elfsight_apps_hide_column":"","pricing_elfsight_apps_url":"","pricing_codecanyon_price_caption":"","integration_category":[],"integration_request_title":"","integration_request_cta":"","integration_platform":"","integrations":[],"platform_category":[],"video_schema_markup":"","price":"\u00e0 partir de 0$ \/ mois","trial":"","benefits":[{"text":"Service d'installation gratuit"},{"text":"Service client efficace"},{"text":"Garantie de remboursement de 14 jours"},{"text":"Mises \u00e0 jour gratuites r\u00e9guli\u00e8res"}],"button_url":"#demo","button_target_blank":"","button_nofollow":"","attributes":[{"name":"Installations","content":""},{"name":"#VALUE!","content":"#VALUE!"},{"name":"#VALUE!","content":""}],"tags":[],"tags_disable_links":"","hide_more_platforms":"","video_object":"","demo_hide_cta":"","demo_hide_cloud_options":"","pricing_title":"","pricing":[{"pricing_icon":"platform","pricing_title":"Elfsight Apps","pricing_title_caption":"Solution ind\u00e9pendante de la plateforme","pricing_price":"\u00e0 partir de 0$ \/ mois","pricing_price_caption":"commencez avec un forfait gratuit","pricing_benefits":[{"text":"Domaines illimit\u00e9s"},{"text":"Assistance d\u00e9di\u00e9e, ponctuelle et bien document\u00e9e"},{"text":"Aide \u00e0 l'installation gratuite"}],"pricing_button_text":"Ajouter au site Web","pricing_button_url":"#demo"}],"related_apps_title":"","related_apps_hidden":"","author":"","image":[],"title":"","job":"","social_networks":[]},"_links":{"self":[{"href":"https:\/\/elfsight.com\/fr\/wp-json\/wp\/v2\/pages\/15615","targetHints":{"allow":["GET"]}}],"collection":[{"href":"https:\/\/elfsight.com\/fr\/wp-json\/wp\/v2\/pages"}],"about":[{"href":"https:\/\/elfsight.com\/fr\/wp-json\/wp\/v2\/types\/page"}],"author":[{"embeddable":true,"href":"https:\/\/elfsight.com\/fr\/wp-json\/wp\/v2\/users\/9"}],"replies":[{"embeddable":true,"href":"https:\/\/elfsight.com\/fr\/wp-json\/wp\/v2\/comments?post=15615"}],"version-history":[{"count":1,"href":"https:\/\/elfsight.com\/fr\/wp-json\/wp\/v2\/pages\/15615\/revisions"}],"predecessor-version":[{"id":15619,"href":"https:\/\/elfsight.com\/fr\/wp-json\/wp\/v2\/pages\/15615\/revisions\/15619"}],"up":[{"embeddable":true,"href":"https:\/\/elfsight.com\/fr\/wp-json\/wp\/v2\/pages\/14325"}],"wp:attachment":[{"href":"https:\/\/elfsight.com\/fr\/wp-json\/wp\/v2\/media?parent=15615"}],"curies":[{"name":"wp","href":"https:\/\/api.w.org\/{rel}","templated":true}]}}