{"id":15604,"date":"2024-09-30T18:27:29","date_gmt":"2024-09-30T18:27:29","guid":{"rendered":"https:\/\/elfsight.com\/fr\/?page_id=15604"},"modified":"2025-07-09T17:00:34","modified_gmt":"2025-07-09T17:00:34","slug":"drupal","status":"publish","type":"page","link":"https:\/\/elfsight.com\/fr\/calculator-form-widget\/drupal\/","title":{"rendered":"Calculator &#8211; Drupal"},"content":{"rendered":"<div class=\"application-platform-content-item-description application-platform-content-item\" id=\"description\" data-nav-section=\"description\"> <h2>Int\u00e9grer la calculatrice dans Drupal avec un module Elfsight<\/h2> <p>Le widget Calculatrice donne aux utilisateurs de votre site Web la possibilit\u00e9 de planifier leurs co\u00fbts, itin\u00e9raires de voyage, proportions de cuisson et bien plus encore selon votre domaine d&rsquo;activit\u00e9. Vous pouvez ajouter des champs obligatoires et des options suppl\u00e9mentaires \u00e0 ce widget int\u00e9gr\u00e9, afin que les utilisateurs puissent voir les avantages sans quitter la page du site Web. La fonctionnalit\u00e9 de logique conditionnelle permet d&rsquo;inventer des mod\u00e8les universels pour votre sc\u00e9nario et pour chaque client.<\/p><p>Les \u00e9l\u00e9ments r\u00e9glables tels que les cases \u00e0 cocher, les curseurs et les listes d\u00e9roulantes vous permettent d&rsquo;inclure n&rsquo;importe quel aspect de la tarification pour diverses offres. Par exemple, vous pouvez calculer des pr\u00eats avec un int\u00e9r\u00eat d\u00e9clar\u00e9 pour une dur\u00e9e requise. Vous pouvez proposer une location de voiture avec de nombreux ajustements suppl\u00e9mentaires parmi lesquels choisir. De plus, la calculatrice peut projeter un voyage de r\u00eave o\u00f9 sont pris en compte le vol, le s\u00e9jour et les meilleurs \u00e9v\u00e9nements. <\/p><p><b>Les visiteurs de votre site Web appr\u00e9cieront une exp\u00e9rience de calcul parfaite, en int\u00e9grant le puissant widget de comptage\u00a0! <\/b><\/p><\/div> <div class=\"application-platform-content-item-features application-platform-content-item\" id=\"features\" data-nav-section=\"features\"> <h2>Voici les principales fonctionnalit\u00e9s du widget\u00a0:<\/h2> <ul><li>Solution avec une interface claire qui fonctionne avec n&rsquo;importe quel type de comptage<\/li><li>Solutions de champs de calcul multiples pour diverses id\u00e9es<\/li><li>Fonctionnalit\u00e9 de logique conditionnelle pour travailler avec un comptage m\u00eame d\u00e9taill\u00e9<\/li><li>Mod\u00e8les personnalisables pour un comptage simple d\u00e9butant<\/li><li>Solution int\u00e9gr\u00e9e pour am\u00e9liorer la prise de d\u00e9cision<\/li><\/ul><p><a href=\"#demo\">Vous pouvez explorer toutes les capacit\u00e9s du widget dans la d\u00e9mo juste ici<\/a><\/p><\/div> <div class=\"application-platform-content-item-installation application-platform-content-item\" id=\"installation\" data-nav-section=\"installation\"> <h2>Comment int\u00e9grer la calculatrice dans ma page Web Drupal\u00a0?<\/h2> <p>Suivez simplement les instructions ci-dessous pour commencer \u00e0 utiliser le widget.<\/p> <ol><li><b>G\u00e9rez notre \u00e9diteur gratuit et commencez \u00e0 cr\u00e9er votre instrument personnalis\u00e9. <\/b><br> Choisissez le design personnalis\u00e9 et les aspects du plugin et enregistrez les modifications. <\/li> <li><b>Obtenez le code unique expos\u00e9 dans la fen\u00eatre des applications Elfsight. <\/b><br> Une fois la configuration de votre widget personnel termin\u00e9e, copiez le code individuel dans la case apparue et enregistrez-le pour une utilisation ult\u00e9rieure. <\/li> <li><b>Commencez \u00e0 utiliser l&rsquo;outil sur votre page d&rsquo;accueil Drupal. <\/b><br> Saisissez le code que vous avez enregistr\u00e9 auparavant sur votre site Web et appliquez les am\u00e9liorations. <\/li> <li><b>L&rsquo;installation est termin\u00e9e avec succ\u00e8s. <\/b><br> Rendez-vous sur votre site pour voir le fonctionnement du plugin. <\/li><\/ol> <p>Si vous rencontrez des complications, n&rsquo;h\u00e9sitez pas \u00e0 contacter notre \u00e9quipe d&rsquo;assistance. Nos consultants sont impatients de vous aider avec toutes les questions que vous pourriez avoir avec le plugin. <\/p><\/div> ","protected":false},"excerpt":{"rendered":"","protected":false},"author":9,"featured_media":0,"parent":14325,"menu_order":0,"comment_status":"closed","ping_status":"closed","template":"templates\/template-application-platform.php","meta":{"publish_to_discourse":"","publish_post_category":"","wpdc_auto_publish_overridden":"","wpdc_topic_tags":"","wpdc_pin_topic":"","wpdc_pin_until":"","discourse_post_id":"","discourse_permalink":"","wpdc_publishing_response":"","wpdc_publishing_error":"","footnotes":""},"class_list":["post-15604","page","type-page","status-publish","hentry"],"yoast_head":"<!-- This site is optimized with the Yoast SEO plugin v25.3.1 - https:\/\/yoast.com\/wordpress\/plugins\/seo\/ -->\n<title>Int\u00e9grez la calculatrice \u00e0 Drupal - Am\u00e9liorez le processus de comptage en ligne<\/title>\n<meta name=\"description\" content=\"G\u00e9rez m\u00eame le comptage en plusieurs \u00e9tapes \u00e0 l&#039;aide de la calculatrice orient\u00e9e utilisateur. Explorez une d\u00e9mo claire d&#039;Elfsight pour cr\u00e9er le puissant widget.\" \/>\n<meta name=\"robots\" content=\"index, follow, max-snippet:-1, max-image-preview:large, max-video-preview:-1\" \/>\n<link rel=\"canonical\" href=\"https:\/\/elfsight.com\/fr\/calculator-form-widget\/drupal\/\" \/>\n<meta property=\"og:locale\" content=\"fr_FR\" \/>\n<meta property=\"og:type\" content=\"article\" \/>\n<meta property=\"og:title\" content=\"Int\u00e9grez la calculatrice \u00e0 Drupal - Am\u00e9liorez le processus de comptage en ligne\" \/>\n<meta property=\"og:description\" content=\"G\u00e9rez m\u00eame le comptage en plusieurs \u00e9tapes \u00e0 l&#039;aide de la calculatrice orient\u00e9e utilisateur. Explorez une d\u00e9mo claire d&#039;Elfsight pour cr\u00e9er le puissant widget.\" \/>\n<meta property=\"og:url\" content=\"https:\/\/elfsight.com\/fr\/calculator-form-widget\/drupal\/\" \/>\n<meta property=\"og:site_name\" content=\"Elfsight FR\" \/>\n<meta property=\"article:modified_time\" content=\"2025-07-09T17:00:34+00:00\" \/>\n<meta name=\"twitter:card\" content=\"summary_large_image\" \/>\n<meta name=\"twitter:label1\" content=\"Dur\u00e9e de lecture estim\u00e9e\" \/>\n\t<meta name=\"twitter:data1\" content=\"2 minutes\" \/>\n<!-- \/ Yoast SEO plugin. -->","yoast_head_json":{"title":"Int\u00e9grez la calculatrice \u00e0 Drupal - Am\u00e9liorez le processus de comptage en ligne","description":"G\u00e9rez m\u00eame le comptage en plusieurs \u00e9tapes \u00e0 l'aide de la calculatrice orient\u00e9e utilisateur. Explorez une d\u00e9mo claire d'Elfsight pour cr\u00e9er le puissant widget.","robots":{"index":"index","follow":"follow","max-snippet":"max-snippet:-1","max-image-preview":"max-image-preview:large","max-video-preview":"max-video-preview:-1"},"canonical":"https:\/\/elfsight.com\/fr\/calculator-form-widget\/drupal\/","og_locale":"fr_FR","og_type":"article","og_title":"Int\u00e9grez la calculatrice \u00e0 Drupal - Am\u00e9liorez le processus de comptage en ligne","og_description":"G\u00e9rez m\u00eame le comptage en plusieurs \u00e9tapes \u00e0 l'aide de la calculatrice orient\u00e9e utilisateur. Explorez une d\u00e9mo claire d'Elfsight pour cr\u00e9er le puissant widget.","og_url":"https:\/\/elfsight.com\/fr\/calculator-form-widget\/drupal\/","og_site_name":"Elfsight FR","article_modified_time":"2025-07-09T17:00:34+00:00","twitter_card":"summary_large_image","twitter_misc":{"Dur\u00e9e de lecture estim\u00e9e":"2 minutes"},"schema":{"@context":"https:\/\/schema.org","@graph":[{"@type":"WebPage","@id":"https:\/\/elfsight.com\/fr\/calculator-form-widget\/drupal\/","url":"https:\/\/elfsight.com\/fr\/calculator-form-widget\/drupal\/","name":"Int\u00e9grez la calculatrice \u00e0 Drupal - Am\u00e9liorez le processus de comptage en ligne","isPartOf":{"@id":"https:\/\/elfsight.com\/fr\/#website"},"datePublished":"2024-09-30T18:27:29+00:00","dateModified":"2025-07-09T17:00:34+00:00","description":"G\u00e9rez m\u00eame le comptage en plusieurs \u00e9tapes \u00e0 l'aide de la calculatrice orient\u00e9e utilisateur. Explorez une d\u00e9mo claire d'Elfsight pour cr\u00e9er le puissant widget.","breadcrumb":{"@id":"https:\/\/elfsight.com\/fr\/calculator-form-widget\/drupal\/#breadcrumb"},"inLanguage":"fr-FR","potentialAction":[{"@type":"ReadAction","target":["https:\/\/elfsight.com\/fr\/calculator-form-widget\/drupal\/"]}]},{"@type":"BreadcrumbList","@id":"https:\/\/elfsight.com\/fr\/calculator-form-widget\/drupal\/#breadcrumb","itemListElement":[{"@type":"ListItem","position":1,"name":"Home","item":"https:\/\/elfsight.com\/fr\/"},{"@type":"ListItem","position":2,"name":"Calculator","item":"https:\/\/elfsight.com\/fr\/calculator-form-widget\/"},{"@type":"ListItem","position":3,"name":"Calculator &#8211; Drupal"}]},{"@type":"WebSite","@id":"https:\/\/elfsight.com\/fr\/#website","url":"https:\/\/elfsight.com\/fr\/","name":"Elfsight FR","description":"","potentialAction":[{"@type":"SearchAction","target":{"@type":"EntryPoint","urlTemplate":"https:\/\/elfsight.com\/fr\/?s={search_term_string}"},"query-input":{"@type":"PropertyValueSpecification","valueRequired":true,"valueName":"search_term_string"}}],"inLanguage":"fr-FR"}]}},"meta_box":{"industry":"","seo_heading":"","heading":"","description":"","cta_heading":"","cta_description":"","application":"14318","h1":"Module Calculatrice Drupal","h1_caption":"Fournissez une calculatrice personnalis\u00e9e \u00e0 vos visiteurs, offrant des solutions rapides pour des \u00e9l\u00e9ments tels que les prix, les remises ou les calculs du retour sur investissement sur votre site Web Drupal sans effort.","application_category":[],"applications_title":"","applications_request_title":"","applications_request_button_text":"","hero_text":"","hero_video":"","hero_video_schema_markup":"","selling_points_title":"","selling_points_caption":"","selling_points":[],"selling_points_cta_text":"","features_title":"","features":"","ed_cta_examples_text":"","ed_cta_examples_hidden":"","ed_cta_demo_text":"","ed_cta_demo_hidden":"","why_caption":"","why_editor_title":"","why_editor_text":"","why_team_title":"","why_team_text":"","why_service_title":"","why_service_text":"","template_catalog_visible":"","template_catalog_title":"","template_catalog_text":"","template_catalog_categories_visible":"","demo_title":"Cr\u00e9ez votre module Calculatrice","demo_caption":"Configurez votre calculatrice et ajoutez-la gratuitement \u00e0 votre site Drupal\u00a0!","default_faq_hidden":"","app_template_category":[],"platform":"351","template_public_id":"","codecanyon_url":"","codecanyon_item_id":"","codecanyon_price":"","pricing_caption":"","pricing_elfsight_apps_hide_column":"","pricing_elfsight_apps_url":"","pricing_codecanyon_price_caption":"","integration_category":[],"integration_request_title":"","integration_request_cta":"","integration_platform":"","integrations":[],"platform_category":[],"video_schema_markup":"","price":"\u00e0 partir de 0$ \/ mois","trial":"","benefits":[{"text":"Aide \u00e0 l'installation gratuite"},{"text":"Service client professionnel"},{"text":"Garantie de remboursement de 14 jours"},{"text":"Am\u00e9liorations r\u00e9guli\u00e8res"}],"button_url":"#demo","button_target_blank":"","button_nofollow":"","attributes":[{"name":"Installations","content":"50,000 - 100,000"},{"name":"Sensible","content":"Oui"},{"name":"Navigateurs compatibles","content":"Firefox, Safari, Opera, Chrome, Edge"}],"tags":[],"tags_disable_links":"","hide_more_platforms":"","video_object":"","demo_hide_cta":"","demo_hide_cloud_options":"","pricing_title":"","pricing":[{"pricing_icon":"platform","pricing_title":"Elfsight Apps","pricing_title_caption":"Version multiplateforme qui fonctionne sur n'importe quel site","pricing_price":"\u00e0 partir de 0$ \/ mois","pricing_price_caption":"commencez avec un forfait gratuit","pricing_benefits":[{"text":"Domaines illimit\u00e9s"},{"text":"Support premium et ponctuel et bien document\u00e9"},{"text":"Aide \u00e0 l'installation gratuite"}],"pricing_button_text":"Ajouter au site Web","pricing_button_url":"#demo"}],"related_apps_title":"","related_apps_hidden":"","author":"","image":[],"title":"","job":"","social_networks":[]},"_links":{"self":[{"href":"https:\/\/elfsight.com\/fr\/wp-json\/wp\/v2\/pages\/15604","targetHints":{"allow":["GET"]}}],"collection":[{"href":"https:\/\/elfsight.com\/fr\/wp-json\/wp\/v2\/pages"}],"about":[{"href":"https:\/\/elfsight.com\/fr\/wp-json\/wp\/v2\/types\/page"}],"author":[{"embeddable":true,"href":"https:\/\/elfsight.com\/fr\/wp-json\/wp\/v2\/users\/9"}],"replies":[{"embeddable":true,"href":"https:\/\/elfsight.com\/fr\/wp-json\/wp\/v2\/comments?post=15604"}],"version-history":[{"count":1,"href":"https:\/\/elfsight.com\/fr\/wp-json\/wp\/v2\/pages\/15604\/revisions"}],"predecessor-version":[{"id":15608,"href":"https:\/\/elfsight.com\/fr\/wp-json\/wp\/v2\/pages\/15604\/revisions\/15608"}],"up":[{"embeddable":true,"href":"https:\/\/elfsight.com\/fr\/wp-json\/wp\/v2\/pages\/14325"}],"wp:attachment":[{"href":"https:\/\/elfsight.com\/fr\/wp-json\/wp\/v2\/media?parent=15604"}],"curies":[{"name":"wp","href":"https:\/\/api.w.org\/{rel}","templated":true}]}}